{"id":9995,"date":"2024-01-03T14:52:28","date_gmt":"2024-01-03T14:52:28","guid":{"rendered":"https:\/\/abaa.mx\/tienda\/?post_type=product&#038;p=9995"},"modified":"2024-01-03T14:52:28","modified_gmt":"2024-01-03T14:52:28","slug":"n72a-amperimetro-analogo-digital-3-120aca-alimentacion-precision-2-73-x73-x-52mm-perforacion-67-x-67mm","status":"publish","type":"product","link":"https:\/\/abaa.mx\/tienda\/n72a-amperimetro-analogo-digital-3-120aca-alimentacion-precision-2-73-x73-x-52mm-perforacion-67-x-67mm\/","title":{"rendered":"N72a-amperimetro an\u00e1logo-digital 3-120aca, alimentaci\u00f3n &#8211; precisi\u00f3n 2%, 73 x73 x 52mm, perforaci\u00f3n 67 x 67mm"},"content":{"rendered":"<p><strong>Caracter\u00edsticas:<\/strong><\/p>\n<ul>\n<li><span class=\"text-900\">Precisi\u00f3n:<\/span><span class=\"text-900\"> 2%.<\/span><\/li>\n<li><span class=\"text-900\">Dimensiones:\u00a0<\/span><span class=\"text-900\">73 X73 X 52mm.<\/span><\/li>\n<li><span class=\"text-900\">Perforaci\u00f3n:\u00a0<\/span><span class=\"text-900\">67 X 67mm.<\/span><\/li>\n<li><span class=\"text-900\">Rango de Medici\u00f3n de energ\u00eda:<\/span><span class=\"text-900\"> 3-120A.<\/span><\/li>\n<li><span class=\"text-900\">Rango de Medici\u00f3n de Voltaje:<\/span><span class=\"text-900\"> AC 50-500V.<\/span><\/li>\n<li><span class=\"text-900\">Resoluci\u00f3n de Pantalla:\u00a0<\/span><span class=\"text-900\">1A.<\/span><\/li>\n<\/ul>\n","protected":false},"excerpt":{"rendered":"<p>N72a-amperimetro an\u00e1logo-digital 3-120aca, alimentaci\u00f3n &#8211; precisi\u00f3n 2%, 73 x73 x 52mm, perforaci\u00f3n 67 x 67mm<\/p>\n","protected":false},"featured_media":9997,"comment_status":"open","ping_status":"closed","template":"","meta":{"_joinchat":[]},"product_brand":[],"product_cat":[15],"product_tag":[],"class_list":{"0":"post-9995","1":"product","2":"type-product","3":"status-publish","4":"has-post-thumbnail","6":"product_cat-sin-categorizar","8":"first","9":"instock","10":"shipping-taxable","11":"product-type-simple"},"yoast_head":"<!-- This site is optimized with the Yoast SEO plugin v26.4 - https:\/\/yoast.com\/wordpress\/plugins\/seo\/ -->\n<title>N72a-amperimetro an\u00e1logo-digital 3-120aca, alimentaci\u00f3n - precisi\u00f3n 2%, 73 x73 x 52mm, perforaci\u00f3n 67 x 67mm - Abaa tienda online<\/title>\n<meta name=\"robots\" content=\"index, follow, max-snippet:-1, max-image-preview:large, max-video-preview:-1\" \/>\n<link rel=\"canonical\" href=\"https:\/\/abaa.mx\/tienda\/n72a-amperimetro-analogo-digital-3-120aca-alimentacion-precision-2-73-x73-x-52mm-perforacion-67-x-67mm\/\" \/>\n<meta property=\"og:locale\" content=\"es_MX\" \/>\n<meta property=\"og:type\" content=\"article\" \/>\n<meta property=\"og:title\" content=\"N72a-amperimetro an\u00e1logo-digital 3-120aca, alimentaci\u00f3n - precisi\u00f3n 2%, 73 x73 x 52mm, perforaci\u00f3n 67 x 67mm - Abaa tienda online\" \/>\n<meta property=\"og:description\" content=\"N72a-amperimetro an\u00e1logo-digital 3-120aca, alimentaci\u00f3n - precisi\u00f3n 2%, 73 x73 x 52mm, perforaci\u00f3n 67 x 67mm\" \/>\n<meta property=\"og:url\" content=\"https:\/\/abaa.mx\/tienda\/n72a-amperimetro-analogo-digital-3-120aca-alimentacion-precision-2-73-x73-x-52mm-perforacion-67-x-67mm\/\" \/>\n<meta property=\"og:site_name\" content=\"Abaa tienda online\" \/>\n<meta property=\"og:image\" content=\"https:\/\/abaa.mx\/tienda\/wp-content\/uploads\/2024\/01\/N72a-amperimetro.jpg\" \/>\n\t<meta property=\"og:image:width\" content=\"1024\" \/>\n\t<meta property=\"og:image:height\" content=\"1024\" \/>\n\t<meta property=\"og:image:type\" content=\"image\/jpeg\" \/>\n<meta name=\"twitter:card\" content=\"summary_large_image\" \/>\n<meta name=\"twitter:label1\" content=\"Tiempo de lectura\" \/>\n\t<meta name=\"twitter:data1\" content=\"1 minuto\" \/>\n<script type=\"application\/ld+json\" class=\"yoast-schema-graph\">{\"@context\":\"https:\/\/schema.org\",\"@graph\":[{\"@type\":\"WebPage\",\"@id\":\"https:\/\/abaa.mx\/tienda\/n72a-amperimetro-analogo-digital-3-120aca-alimentacion-precision-2-73-x73-x-52mm-perforacion-67-x-67mm\/\",\"url\":\"https:\/\/abaa.mx\/tienda\/n72a-amperimetro-analogo-digital-3-120aca-alimentacion-precision-2-73-x73-x-52mm-perforacion-67-x-67mm\/\",\"name\":\"N72a-amperimetro an\u00e1logo-digital 3-120aca, alimentaci\u00f3n - precisi\u00f3n 2%, 73 x73 x 52mm, perforaci\u00f3n 67 x 67mm - Abaa tienda online\",\"isPartOf\":{\"@id\":\"https:\/\/abaa.mx\/tienda\/#website\"},\"primaryImageOfPage\":{\"@id\":\"https:\/\/abaa.mx\/tienda\/n72a-amperimetro-analogo-digital-3-120aca-alimentacion-precision-2-73-x73-x-52mm-perforacion-67-x-67mm\/#primaryimage\"},\"image\":{\"@id\":\"https:\/\/abaa.mx\/tienda\/n72a-amperimetro-analogo-digital-3-120aca-alimentacion-precision-2-73-x73-x-52mm-perforacion-67-x-67mm\/#primaryimage\"},\"thumbnailUrl\":\"https:\/\/abaa.mx\/tienda\/wp-content\/uploads\/2024\/01\/N72a-amperimetro.jpg\",\"datePublished\":\"2024-01-03T14:52:28+00:00\",\"breadcrumb\":{\"@id\":\"https:\/\/abaa.mx\/tienda\/n72a-amperimetro-analogo-digital-3-120aca-alimentacion-precision-2-73-x73-x-52mm-perforacion-67-x-67mm\/#breadcrumb\"},\"inLanguage\":\"es\",\"potentialAction\":[{\"@type\":\"ReadAction\",\"target\":[\"https:\/\/abaa.mx\/tienda\/n72a-amperimetro-analogo-digital-3-120aca-alimentacion-precision-2-73-x73-x-52mm-perforacion-67-x-67mm\/\"]}]},{\"@type\":\"ImageObject\",\"inLanguage\":\"es\",\"@id\":\"https:\/\/abaa.mx\/tienda\/n72a-amperimetro-analogo-digital-3-120aca-alimentacion-precision-2-73-x73-x-52mm-perforacion-67-x-67mm\/#primaryimage\",\"url\":\"https:\/\/abaa.mx\/tienda\/wp-content\/uploads\/2024\/01\/N72a-amperimetro.jpg\",\"contentUrl\":\"https:\/\/abaa.mx\/tienda\/wp-content\/uploads\/2024\/01\/N72a-amperimetro.jpg\",\"width\":1024,\"height\":1024,\"caption\":\"N72a-amperimetro\"},{\"@type\":\"BreadcrumbList\",\"@id\":\"https:\/\/abaa.mx\/tienda\/n72a-amperimetro-analogo-digital-3-120aca-alimentacion-precision-2-73-x73-x-52mm-perforacion-67-x-67mm\/#breadcrumb\",\"itemListElement\":[{\"@type\":\"ListItem\",\"position\":1,\"name\":\"Inicio\",\"item\":\"https:\/\/abaa.mx\/tienda\/\"},{\"@type\":\"ListItem\",\"position\":2,\"name\":\"Tienda\",\"item\":\"https:\/\/abaa.mx\/tienda\/\"},{\"@type\":\"ListItem\",\"position\":3,\"name\":\"N72a-amperimetro an\u00e1logo-digital 3-120aca, alimentaci\u00f3n &#8211; precisi\u00f3n 2%, 73 x73 x 52mm, perforaci\u00f3n 67 x 67mm\"}]},{\"@type\":\"WebSite\",\"@id\":\"https:\/\/abaa.mx\/tienda\/#website\",\"url\":\"https:\/\/abaa.mx\/tienda\/\",\"name\":\"Abaa tienda online\",\"description\":\"Instrumentos de medici\u00f3n\",\"publisher\":{\"@id\":\"https:\/\/abaa.mx\/tienda\/#organization\"},\"potentialAction\":[{\"@type\":\"SearchAction\",\"target\":{\"@type\":\"EntryPoint\",\"urlTemplate\":\"https:\/\/abaa.mx\/tienda\/?s={search_term_string}\"},\"query-input\":{\"@type\":\"PropertyValueSpecification\",\"valueRequired\":true,\"valueName\":\"search_term_string\"}}],\"inLanguage\":\"es\"},{\"@type\":\"Organization\",\"@id\":\"https:\/\/abaa.mx\/tienda\/#organization\",\"name\":\"Abaa tienda online\",\"url\":\"https:\/\/abaa.mx\/tienda\/\",\"logo\":{\"@type\":\"ImageObject\",\"inLanguage\":\"es\",\"@id\":\"https:\/\/abaa.mx\/tienda\/#\/schema\/logo\/image\/\",\"url\":\"https:\/\/abaa.mx\/tienda\/wp-content\/uploads\/2024\/01\/abaa-metrologia-tienda.png\",\"contentUrl\":\"https:\/\/abaa.mx\/tienda\/wp-content\/uploads\/2024\/01\/abaa-metrologia-tienda.png\",\"width\":300,\"height\":141,\"caption\":\"Abaa tienda online\"},\"image\":{\"@id\":\"https:\/\/abaa.mx\/tienda\/#\/schema\/logo\/image\/\"}}]}<\/script>\n<!-- \/ Yoast SEO plugin. -->","yoast_head_json":{"title":"N72a-amperimetro an\u00e1logo-digital 3-120aca, alimentaci\u00f3n - precisi\u00f3n 2%, 73 x73 x 52mm, perforaci\u00f3n 67 x 67mm - Abaa tienda online","robots":{"index":"index","follow":"follow","max-snippet":"max-snippet:-1","max-image-preview":"max-image-preview:large","max-video-preview":"max-video-preview:-1"},"canonical":"https:\/\/abaa.mx\/tienda\/n72a-amperimetro-analogo-digital-3-120aca-alimentacion-precision-2-73-x73-x-52mm-perforacion-67-x-67mm\/","og_locale":"es_MX","og_type":"article","og_title":"N72a-amperimetro an\u00e1logo-digital 3-120aca, alimentaci\u00f3n - precisi\u00f3n 2%, 73 x73 x 52mm, perforaci\u00f3n 67 x 67mm - Abaa tienda online","og_description":"N72a-amperimetro an\u00e1logo-digital 3-120aca, alimentaci\u00f3n - precisi\u00f3n 2%, 73 x73 x 52mm, perforaci\u00f3n 67 x 67mm","og_url":"https:\/\/abaa.mx\/tienda\/n72a-amperimetro-analogo-digital-3-120aca-alimentacion-precision-2-73-x73-x-52mm-perforacion-67-x-67mm\/","og_site_name":"Abaa tienda online","og_image":[{"width":1024,"height":1024,"url":"https:\/\/abaa.mx\/tienda\/wp-content\/uploads\/2024\/01\/N72a-amperimetro.jpg","type":"image\/jpeg"}],"twitter_card":"summary_large_image","twitter_misc":{"Tiempo de lectura":"1 minuto"},"schema":{"@context":"https:\/\/schema.org","@graph":[{"@type":"WebPage","@id":"https:\/\/abaa.mx\/tienda\/n72a-amperimetro-analogo-digital-3-120aca-alimentacion-precision-2-73-x73-x-52mm-perforacion-67-x-67mm\/","url":"https:\/\/abaa.mx\/tienda\/n72a-amperimetro-analogo-digital-3-120aca-alimentacion-precision-2-73-x73-x-52mm-perforacion-67-x-67mm\/","name":"N72a-amperimetro an\u00e1logo-digital 3-120aca, alimentaci\u00f3n - precisi\u00f3n 2%, 73 x73 x 52mm, perforaci\u00f3n 67 x 67mm - Abaa tienda online","isPartOf":{"@id":"https:\/\/abaa.mx\/tienda\/#website"},"primaryImageOfPage":{"@id":"https:\/\/abaa.mx\/tienda\/n72a-amperimetro-analogo-digital-3-120aca-alimentacion-precision-2-73-x73-x-52mm-perforacion-67-x-67mm\/#primaryimage"},"image":{"@id":"https:\/\/abaa.mx\/tienda\/n72a-amperimetro-analogo-digital-3-120aca-alimentacion-precision-2-73-x73-x-52mm-perforacion-67-x-67mm\/#primaryimage"},"thumbnailUrl":"https:\/\/abaa.mx\/tienda\/wp-content\/uploads\/2024\/01\/N72a-amperimetro.jpg","datePublished":"2024-01-03T14:52:28+00:00","breadcrumb":{"@id":"https:\/\/abaa.mx\/tienda\/n72a-amperimetro-analogo-digital-3-120aca-alimentacion-precision-2-73-x73-x-52mm-perforacion-67-x-67mm\/#breadcrumb"},"inLanguage":"es","potentialAction":[{"@type":"ReadAction","target":["https:\/\/abaa.mx\/tienda\/n72a-amperimetro-analogo-digital-3-120aca-alimentacion-precision-2-73-x73-x-52mm-perforacion-67-x-67mm\/"]}]},{"@type":"ImageObject","inLanguage":"es","@id":"https:\/\/abaa.mx\/tienda\/n72a-amperimetro-analogo-digital-3-120aca-alimentacion-precision-2-73-x73-x-52mm-perforacion-67-x-67mm\/#primaryimage","url":"https:\/\/abaa.mx\/tienda\/wp-content\/uploads\/2024\/01\/N72a-amperimetro.jpg","contentUrl":"https:\/\/abaa.mx\/tienda\/wp-content\/uploads\/2024\/01\/N72a-amperimetro.jpg","width":1024,"height":1024,"caption":"N72a-amperimetro"},{"@type":"BreadcrumbList","@id":"https:\/\/abaa.mx\/tienda\/n72a-amperimetro-analogo-digital-3-120aca-alimentacion-precision-2-73-x73-x-52mm-perforacion-67-x-67mm\/#breadcrumb","itemListElement":[{"@type":"ListItem","position":1,"name":"Inicio","item":"https:\/\/abaa.mx\/tienda\/"},{"@type":"ListItem","position":2,"name":"Tienda","item":"https:\/\/abaa.mx\/tienda\/"},{"@type":"ListItem","position":3,"name":"N72a-amperimetro an\u00e1logo-digital 3-120aca, alimentaci\u00f3n &#8211; precisi\u00f3n 2%, 73 x73 x 52mm, perforaci\u00f3n 67 x 67mm"}]},{"@type":"WebSite","@id":"https:\/\/abaa.mx\/tienda\/#website","url":"https:\/\/abaa.mx\/tienda\/","name":"Abaa tienda online","description":"Instrumentos de medici\u00f3n","publisher":{"@id":"https:\/\/abaa.mx\/tienda\/#organization"},"potentialAction":[{"@type":"SearchAction","target":{"@type":"EntryPoint","urlTemplate":"https:\/\/abaa.mx\/tienda\/?s={search_term_string}"},"query-input":{"@type":"PropertyValueSpecification","valueRequired":true,"valueName":"search_term_string"}}],"inLanguage":"es"},{"@type":"Organization","@id":"https:\/\/abaa.mx\/tienda\/#organization","name":"Abaa tienda online","url":"https:\/\/abaa.mx\/tienda\/","logo":{"@type":"ImageObject","inLanguage":"es","@id":"https:\/\/abaa.mx\/tienda\/#\/schema\/logo\/image\/","url":"https:\/\/abaa.mx\/tienda\/wp-content\/uploads\/2024\/01\/abaa-metrologia-tienda.png","contentUrl":"https:\/\/abaa.mx\/tienda\/wp-content\/uploads\/2024\/01\/abaa-metrologia-tienda.png","width":300,"height":141,"caption":"Abaa tienda online"},"image":{"@id":"https:\/\/abaa.mx\/tienda\/#\/schema\/logo\/image\/"}}]}},"_links":{"self":[{"href":"https:\/\/abaa.mx\/tienda\/wp-json\/wp\/v2\/product\/9995","targetHints":{"allow":["GET"]}}],"collection":[{"href":"https:\/\/abaa.mx\/tienda\/wp-json\/wp\/v2\/product"}],"about":[{"href":"https:\/\/abaa.mx\/tienda\/wp-json\/wp\/v2\/types\/product"}],"replies":[{"embeddable":true,"href":"https:\/\/abaa.mx\/tienda\/wp-json\/wp\/v2\/comments?post=9995"}],"wp:featuredmedia":[{"embeddable":true,"href":"https:\/\/abaa.mx\/tienda\/wp-json\/wp\/v2\/media\/9997"}],"wp:attachment":[{"href":"https:\/\/abaa.mx\/tienda\/wp-json\/wp\/v2\/media?parent=9995"}],"wp:term":[{"taxonomy":"product_brand","embeddable":true,"href":"https:\/\/abaa.mx\/tienda\/wp-json\/wp\/v2\/product_brand?post=9995"},{"taxonomy":"product_cat","embeddable":true,"href":"https:\/\/abaa.mx\/tienda\/wp-json\/wp\/v2\/product_cat?post=9995"},{"taxonomy":"product_tag","embeddable":true,"href":"https:\/\/abaa.mx\/tienda\/wp-json\/wp\/v2\/product_tag?post=9995"}],"curies":[{"name":"wp","href":"https:\/\/api.w.org\/{rel}","templated":true}]}}