{"id":9994,"date":"2024-01-08T17:02:43","date_gmt":"2024-01-08T17:02:43","guid":{"rendered":"https:\/\/abaa.mx\/tienda\/?post_type=product&#038;p=9994"},"modified":"2024-01-08T17:02:43","modified_gmt":"2024-01-08T17:02:43","slug":"ma260-multiamperimetro-de-gancho-abierto-200aca","status":"publish","type":"product","link":"https:\/\/abaa.mx\/tienda\/ma260-multiamperimetro-de-gancho-abierto-200aca\/","title":{"rendered":"Ma260 &#8211; multiamperimetro de gancho abierto 200aca."},"content":{"rendered":"<p>Ma260 &#8211; multiamperimetro de gancho abierto 200aca.<\/p>\n","protected":false},"excerpt":{"rendered":"<h5><strong>Caracter\u00edsticas:<\/strong><\/h5>\n<ul>\n<li>La tecnolog\u00eda Smart Auto Sensing permite que el medidor reconozca la entrada y cambie autom\u00e1ticamente al modo de operaci\u00f3n correcto.<\/li>\n<li>Para el voltaje de CA, la funci\u00f3n de detecci\u00f3n autom\u00e1tica eval\u00faa la se\u00f1al de entrada y ajusta la impedancia de entrada para eliminar los efectos de los voltajes fantasma.<\/li>\n<li>Tama\u00f1o de mordaza abierta de 0,6&#8243; (16 mm).<\/li>\n<li>True RMS para lecturas precisas de formas de onda ruidosas, distorsionadas o no sinusoidales.<\/li>\n<li>Detector de voltaje sin contacto incorporado con indicador LED.<\/li>\n<li>Pantalla LCD retroiluminada de 10,000 cuentas.<\/li>\n<li>Smart Data Hold congela la lectura en la pantalla y cambia autom\u00e1ticamente si una nueva lectura supera los 50 conteos.<\/li>\n<li>Apagado autom\u00e1tico con deshabilitar.<\/li>\n<li>Construcci\u00f3n de carcasa delgada con soportes para cables de prueba incorporados.<\/li>\n<li>Completo con cables de prueba y dos bater\u00edas AAA.<\/li>\n<\/ul>\n","protected":false},"featured_media":10098,"comment_status":"open","ping_status":"closed","template":"","meta":{"_joinchat":[]},"product_brand":[],"product_cat":[15],"product_tag":[],"class_list":{"0":"post-9994","1":"product","2":"type-product","3":"status-publish","4":"has-post-thumbnail","6":"product_cat-sin-categorizar","8":"first","9":"instock","10":"shipping-taxable","11":"product-type-simple"},"yoast_head":"<!-- This site is optimized with the Yoast SEO plugin v26.4 - https:\/\/yoast.com\/wordpress\/plugins\/seo\/ -->\n<title>Ma260 - multiamperimetro de gancho abierto 200aca. - Abaa tienda online<\/title>\n<meta name=\"robots\" content=\"index, follow, max-snippet:-1, max-image-preview:large, max-video-preview:-1\" \/>\n<link rel=\"canonical\" href=\"https:\/\/abaa.mx\/tienda\/ma260-multiamperimetro-de-gancho-abierto-200aca\/\" \/>\n<meta property=\"og:locale\" content=\"es_MX\" \/>\n<meta property=\"og:type\" content=\"article\" \/>\n<meta property=\"og:title\" content=\"Ma260 - multiamperimetro de gancho abierto 200aca. - Abaa tienda online\" \/>\n<meta property=\"og:description\" content=\"Caracter\u00edsticas:   La tecnolog\u00eda Smart Auto Sensing permite que el medidor reconozca la entrada y cambie autom\u00e1ticamente al modo de operaci\u00f3n correcto.  Para el voltaje de CA, la funci\u00f3n de detecci\u00f3n autom\u00e1tica eval\u00faa la se\u00f1al de entrada y ajusta la impedancia de entrada para eliminar los efectos de los voltajes fantasma.  Tama\u00f1o de mordaza abierta de 0,6&quot; (16 mm).  True RMS para lecturas precisas de formas de onda ruidosas, distorsionadas o no sinusoidales.  Detector de voltaje sin contacto incorporado con indicador LED.  Pantalla LCD retroiluminada de 10,000 cuentas.  Smart Data Hold congela la lectura en la pantalla y cambia autom\u00e1ticamente si una nueva lectura supera los 50 conteos.  Apagado autom\u00e1tico con deshabilitar.  Construcci\u00f3n de carcasa delgada con soportes para cables de prueba incorporados.  Completo con cables de prueba y dos bater\u00edas AAA.\" \/>\n<meta property=\"og:url\" content=\"https:\/\/abaa.mx\/tienda\/ma260-multiamperimetro-de-gancho-abierto-200aca\/\" \/>\n<meta property=\"og:site_name\" content=\"Abaa tienda online\" \/>\n<meta property=\"og:image\" content=\"https:\/\/abaa.mx\/tienda\/wp-content\/uploads\/2024\/01\/MA260-\u2014-MULTIAMPERIMETRO.jpg\" \/>\n\t<meta property=\"og:image:width\" content=\"1024\" \/>\n\t<meta property=\"og:image:height\" content=\"1024\" \/>\n\t<meta property=\"og:image:type\" content=\"image\/jpeg\" \/>\n<meta name=\"twitter:card\" content=\"summary_large_image\" \/>\n<meta name=\"twitter:label1\" content=\"Tiempo de lectura\" \/>\n\t<meta name=\"twitter:data1\" content=\"1 minuto\" \/>\n<script type=\"application\/ld+json\" class=\"yoast-schema-graph\">{\"@context\":\"https:\/\/schema.org\",\"@graph\":[{\"@type\":\"WebPage\",\"@id\":\"https:\/\/abaa.mx\/tienda\/ma260-multiamperimetro-de-gancho-abierto-200aca\/\",\"url\":\"https:\/\/abaa.mx\/tienda\/ma260-multiamperimetro-de-gancho-abierto-200aca\/\",\"name\":\"Ma260 - multiamperimetro de gancho abierto 200aca. - Abaa tienda online\",\"isPartOf\":{\"@id\":\"https:\/\/abaa.mx\/tienda\/#website\"},\"primaryImageOfPage\":{\"@id\":\"https:\/\/abaa.mx\/tienda\/ma260-multiamperimetro-de-gancho-abierto-200aca\/#primaryimage\"},\"image\":{\"@id\":\"https:\/\/abaa.mx\/tienda\/ma260-multiamperimetro-de-gancho-abierto-200aca\/#primaryimage\"},\"thumbnailUrl\":\"https:\/\/abaa.mx\/tienda\/wp-content\/uploads\/2024\/01\/MA260-\u2014-MULTIAMPERIMETRO.jpg\",\"datePublished\":\"2024-01-08T17:02:43+00:00\",\"breadcrumb\":{\"@id\":\"https:\/\/abaa.mx\/tienda\/ma260-multiamperimetro-de-gancho-abierto-200aca\/#breadcrumb\"},\"inLanguage\":\"es\",\"potentialAction\":[{\"@type\":\"ReadAction\",\"target\":[\"https:\/\/abaa.mx\/tienda\/ma260-multiamperimetro-de-gancho-abierto-200aca\/\"]}]},{\"@type\":\"ImageObject\",\"inLanguage\":\"es\",\"@id\":\"https:\/\/abaa.mx\/tienda\/ma260-multiamperimetro-de-gancho-abierto-200aca\/#primaryimage\",\"url\":\"https:\/\/abaa.mx\/tienda\/wp-content\/uploads\/2024\/01\/MA260-\u2014-MULTIAMPERIMETRO.jpg\",\"contentUrl\":\"https:\/\/abaa.mx\/tienda\/wp-content\/uploads\/2024\/01\/MA260-\u2014-MULTIAMPERIMETRO.jpg\",\"width\":1024,\"height\":1024,\"caption\":\"MA260 \u2014 MULTIAMPERIMETRO\"},{\"@type\":\"BreadcrumbList\",\"@id\":\"https:\/\/abaa.mx\/tienda\/ma260-multiamperimetro-de-gancho-abierto-200aca\/#breadcrumb\",\"itemListElement\":[{\"@type\":\"ListItem\",\"position\":1,\"name\":\"Inicio\",\"item\":\"https:\/\/abaa.mx\/tienda\/\"},{\"@type\":\"ListItem\",\"position\":2,\"name\":\"Tienda\",\"item\":\"https:\/\/abaa.mx\/tienda\/\"},{\"@type\":\"ListItem\",\"position\":3,\"name\":\"Ma260 &#8211; multiamperimetro de gancho abierto 200aca.\"}]},{\"@type\":\"WebSite\",\"@id\":\"https:\/\/abaa.mx\/tienda\/#website\",\"url\":\"https:\/\/abaa.mx\/tienda\/\",\"name\":\"Abaa tienda online\",\"description\":\"Instrumentos de medici\u00f3n\",\"publisher\":{\"@id\":\"https:\/\/abaa.mx\/tienda\/#organization\"},\"potentialAction\":[{\"@type\":\"SearchAction\",\"target\":{\"@type\":\"EntryPoint\",\"urlTemplate\":\"https:\/\/abaa.mx\/tienda\/?s={search_term_string}\"},\"query-input\":{\"@type\":\"PropertyValueSpecification\",\"valueRequired\":true,\"valueName\":\"search_term_string\"}}],\"inLanguage\":\"es\"},{\"@type\":\"Organization\",\"@id\":\"https:\/\/abaa.mx\/tienda\/#organization\",\"name\":\"Abaa tienda online\",\"url\":\"https:\/\/abaa.mx\/tienda\/\",\"logo\":{\"@type\":\"ImageObject\",\"inLanguage\":\"es\",\"@id\":\"https:\/\/abaa.mx\/tienda\/#\/schema\/logo\/image\/\",\"url\":\"https:\/\/abaa.mx\/tienda\/wp-content\/uploads\/2024\/01\/abaa-metrologia-tienda.png\",\"contentUrl\":\"https:\/\/abaa.mx\/tienda\/wp-content\/uploads\/2024\/01\/abaa-metrologia-tienda.png\",\"width\":300,\"height\":141,\"caption\":\"Abaa tienda online\"},\"image\":{\"@id\":\"https:\/\/abaa.mx\/tienda\/#\/schema\/logo\/image\/\"}}]}<\/script>\n<!-- \/ Yoast SEO plugin. -->","yoast_head_json":{"title":"Ma260 - multiamperimetro de gancho abierto 200aca. - Abaa tienda online","robots":{"index":"index","follow":"follow","max-snippet":"max-snippet:-1","max-image-preview":"max-image-preview:large","max-video-preview":"max-video-preview:-1"},"canonical":"https:\/\/abaa.mx\/tienda\/ma260-multiamperimetro-de-gancho-abierto-200aca\/","og_locale":"es_MX","og_type":"article","og_title":"Ma260 - multiamperimetro de gancho abierto 200aca. - Abaa tienda online","og_description":"Caracter\u00edsticas:   La tecnolog\u00eda Smart Auto Sensing permite que el medidor reconozca la entrada y cambie autom\u00e1ticamente al modo de operaci\u00f3n correcto.  Para el voltaje de CA, la funci\u00f3n de detecci\u00f3n autom\u00e1tica eval\u00faa la se\u00f1al de entrada y ajusta la impedancia de entrada para eliminar los efectos de los voltajes fantasma.  Tama\u00f1o de mordaza abierta de 0,6\" (16 mm).  True RMS para lecturas precisas de formas de onda ruidosas, distorsionadas o no sinusoidales.  Detector de voltaje sin contacto incorporado con indicador LED.  Pantalla LCD retroiluminada de 10,000 cuentas.  Smart Data Hold congela la lectura en la pantalla y cambia autom\u00e1ticamente si una nueva lectura supera los 50 conteos.  Apagado autom\u00e1tico con deshabilitar.  Construcci\u00f3n de carcasa delgada con soportes para cables de prueba incorporados.  Completo con cables de prueba y dos bater\u00edas AAA.","og_url":"https:\/\/abaa.mx\/tienda\/ma260-multiamperimetro-de-gancho-abierto-200aca\/","og_site_name":"Abaa tienda online","og_image":[{"width":1024,"height":1024,"url":"https:\/\/abaa.mx\/tienda\/wp-content\/uploads\/2024\/01\/MA260-\u2014-MULTIAMPERIMETRO.jpg","type":"image\/jpeg"}],"twitter_card":"summary_large_image","twitter_misc":{"Tiempo de lectura":"1 minuto"},"schema":{"@context":"https:\/\/schema.org","@graph":[{"@type":"WebPage","@id":"https:\/\/abaa.mx\/tienda\/ma260-multiamperimetro-de-gancho-abierto-200aca\/","url":"https:\/\/abaa.mx\/tienda\/ma260-multiamperimetro-de-gancho-abierto-200aca\/","name":"Ma260 - multiamperimetro de gancho abierto 200aca. - Abaa tienda online","isPartOf":{"@id":"https:\/\/abaa.mx\/tienda\/#website"},"primaryImageOfPage":{"@id":"https:\/\/abaa.mx\/tienda\/ma260-multiamperimetro-de-gancho-abierto-200aca\/#primaryimage"},"image":{"@id":"https:\/\/abaa.mx\/tienda\/ma260-multiamperimetro-de-gancho-abierto-200aca\/#primaryimage"},"thumbnailUrl":"https:\/\/abaa.mx\/tienda\/wp-content\/uploads\/2024\/01\/MA260-\u2014-MULTIAMPERIMETRO.jpg","datePublished":"2024-01-08T17:02:43+00:00","breadcrumb":{"@id":"https:\/\/abaa.mx\/tienda\/ma260-multiamperimetro-de-gancho-abierto-200aca\/#breadcrumb"},"inLanguage":"es","potentialAction":[{"@type":"ReadAction","target":["https:\/\/abaa.mx\/tienda\/ma260-multiamperimetro-de-gancho-abierto-200aca\/"]}]},{"@type":"ImageObject","inLanguage":"es","@id":"https:\/\/abaa.mx\/tienda\/ma260-multiamperimetro-de-gancho-abierto-200aca\/#primaryimage","url":"https:\/\/abaa.mx\/tienda\/wp-content\/uploads\/2024\/01\/MA260-\u2014-MULTIAMPERIMETRO.jpg","contentUrl":"https:\/\/abaa.mx\/tienda\/wp-content\/uploads\/2024\/01\/MA260-\u2014-MULTIAMPERIMETRO.jpg","width":1024,"height":1024,"caption":"MA260 \u2014 MULTIAMPERIMETRO"},{"@type":"BreadcrumbList","@id":"https:\/\/abaa.mx\/tienda\/ma260-multiamperimetro-de-gancho-abierto-200aca\/#breadcrumb","itemListElement":[{"@type":"ListItem","position":1,"name":"Inicio","item":"https:\/\/abaa.mx\/tienda\/"},{"@type":"ListItem","position":2,"name":"Tienda","item":"https:\/\/abaa.mx\/tienda\/"},{"@type":"ListItem","position":3,"name":"Ma260 &#8211; multiamperimetro de gancho abierto 200aca."}]},{"@type":"WebSite","@id":"https:\/\/abaa.mx\/tienda\/#website","url":"https:\/\/abaa.mx\/tienda\/","name":"Abaa tienda online","description":"Instrumentos de medici\u00f3n","publisher":{"@id":"https:\/\/abaa.mx\/tienda\/#organization"},"potentialAction":[{"@type":"SearchAction","target":{"@type":"EntryPoint","urlTemplate":"https:\/\/abaa.mx\/tienda\/?s={search_term_string}"},"query-input":{"@type":"PropertyValueSpecification","valueRequired":true,"valueName":"search_term_string"}}],"inLanguage":"es"},{"@type":"Organization","@id":"https:\/\/abaa.mx\/tienda\/#organization","name":"Abaa tienda online","url":"https:\/\/abaa.mx\/tienda\/","logo":{"@type":"ImageObject","inLanguage":"es","@id":"https:\/\/abaa.mx\/tienda\/#\/schema\/logo\/image\/","url":"https:\/\/abaa.mx\/tienda\/wp-content\/uploads\/2024\/01\/abaa-metrologia-tienda.png","contentUrl":"https:\/\/abaa.mx\/tienda\/wp-content\/uploads\/2024\/01\/abaa-metrologia-tienda.png","width":300,"height":141,"caption":"Abaa tienda online"},"image":{"@id":"https:\/\/abaa.mx\/tienda\/#\/schema\/logo\/image\/"}}]}},"_links":{"self":[{"href":"https:\/\/abaa.mx\/tienda\/wp-json\/wp\/v2\/product\/9994","targetHints":{"allow":["GET"]}}],"collection":[{"href":"https:\/\/abaa.mx\/tienda\/wp-json\/wp\/v2\/product"}],"about":[{"href":"https:\/\/abaa.mx\/tienda\/wp-json\/wp\/v2\/types\/product"}],"replies":[{"embeddable":true,"href":"https:\/\/abaa.mx\/tienda\/wp-json\/wp\/v2\/comments?post=9994"}],"wp:featuredmedia":[{"embeddable":true,"href":"https:\/\/abaa.mx\/tienda\/wp-json\/wp\/v2\/media\/10098"}],"wp:attachment":[{"href":"https:\/\/abaa.mx\/tienda\/wp-json\/wp\/v2\/media?parent=9994"}],"wp:term":[{"taxonomy":"product_brand","embeddable":true,"href":"https:\/\/abaa.mx\/tienda\/wp-json\/wp\/v2\/product_brand?post=9994"},{"taxonomy":"product_cat","embeddable":true,"href":"https:\/\/abaa.mx\/tienda\/wp-json\/wp\/v2\/product_cat?post=9994"},{"taxonomy":"product_tag","embeddable":true,"href":"https:\/\/abaa.mx\/tienda\/wp-json\/wp\/v2\/product_tag?post=9994"}],"curies":[{"name":"wp","href":"https:\/\/api.w.org\/{rel}","templated":true}]}}