{"id":9989,"date":"2024-01-02T19:33:56","date_gmt":"2024-01-02T19:33:56","guid":{"rendered":"https:\/\/abaa.mx\/tienda\/?post_type=product&#038;p=9989"},"modified":"2024-01-05T16:44:24","modified_gmt":"2024-01-05T16:44:24","slug":"bp21wp-termometro-infrarrojo-sin-contacto-rango-de-medicion-30-c-y-250-c-app-celular-multimeasure","status":"publish","type":"product","link":"https:\/\/abaa.mx\/tienda\/bp21wp-termometro-infrarrojo-sin-contacto-rango-de-medicion-30-c-y-250-c-app-celular-multimeasure\/","title":{"rendered":"Bp21wp \u2014 termometro infrarrojo sin contacto, rango de medicion -30 \u00b0c y +250 \u00b0c, app celular (multimeasure)"},"content":{"rendered":"<p>Bp21wp \u2014 termometro infrarrojo sin contacto, rango de medicion -30 \u00b0c y +250 \u00b0c, app celular (multimeasure).<\/p>\n","protected":false},"excerpt":{"rendered":"<p><strong>Caracter\u00edsticas:<\/strong><\/p>\n<ul>\n<li>\n<ul>\n<li>Medici\u00f3n de la temperatura superficial sin contacto de -30 \u00b0C a +250 \u00b0C.<\/li>\n<li>L\u00e1ser de punto m\u00faltiple.<\/li>\n<li>\u00d3ptica de medici\u00f3n 10:1.<\/li>\n<li>Sensores de alta calidad y numerosas funciones de medici\u00f3n.<\/li>\n<li>Combinaci\u00f3n inteligente de appSensor con la aplicaci\u00f3n Multimeasure Mobile.<\/li>\n<li>Desconexi\u00f3n autom\u00e1tica.<\/li>\n<\/ul>\n<p>El appSensor BP21WP es un term\u00f3metro por radiaci\u00f3n que, en combinaci\u00f3n con la aplicaci\u00f3n MultiMeasure Mobile, permite determinar las temperaturas superficiales sin contacto y mediante medici\u00f3n infrarroja.<\/p>\n<p>El equipamiento de este pir\u00f3metro ha sido concebido para abarcar un espectro de uso universal y una definici\u00f3n sencilla del valor de medici\u00f3n. As\u00ed, el BP21WP destaca, adem\u00e1s de por una resoluci\u00f3n \u00f3ptica de 10:1 y un rango de medici\u00f3n de la temperatura de -30 \u00b0C a +250 \u00b0C, tambi\u00e9n por el \u00fatil l\u00e1ser de punto m\u00faltiple que visualiza autom\u00e1ticamente el tama\u00f1o del \u00e1rea zona de medici\u00f3n.<\/p>\n<p>Frente a los pir\u00f3metros no compatibles con aplicaciones, como usuario del BP21WP disfrutar\u00e1, gracias a la inteligente combinaci\u00f3n del appSensor y la aplicaci\u00f3n gratuita correspondiente MultiMeasure Mobile de incontables ventajas en cuanto a flexibilidad, funciones de an\u00e1lisis, control de datos y documentaci\u00f3n que de otro modo solo encontrar\u00e1 en medidores mucho m\u00e1s caros. Por ejemplo, tiene la posibilidad de representar en varios colores y de manera gr\u00e1fica las curvas de temperatura o la distribuci\u00f3n de la temperatura sobre una pared mediante una medici\u00f3n matricial.<\/p>\n<p>&nbsp;<\/li>\n<\/ul>\n","protected":false},"featured_media":9990,"comment_status":"open","ping_status":"closed","template":"","meta":{"_joinchat":[]},"product_brand":[],"product_cat":[15],"product_tag":[],"class_list":{"0":"post-9989","1":"product","2":"type-product","3":"status-publish","4":"has-post-thumbnail","6":"product_cat-sin-categorizar","8":"first","9":"instock","10":"shipping-taxable","11":"product-type-simple"},"yoast_head":"<!-- This site is optimized with the Yoast SEO plugin v26.4 - https:\/\/yoast.com\/wordpress\/plugins\/seo\/ -->\n<title>Bp21wp \u2014 termometro infrarrojo sin contacto, rango de medicion -30 \u00b0c y +250 \u00b0c, app celular (multimeasure) - Abaa tienda online<\/title>\n<meta name=\"robots\" content=\"index, follow, max-snippet:-1, max-image-preview:large, max-video-preview:-1\" \/>\n<link rel=\"canonical\" href=\"https:\/\/abaa.mx\/tienda\/bp21wp-termometro-infrarrojo-sin-contacto-rango-de-medicion-30-c-y-250-c-app-celular-multimeasure\/\" \/>\n<meta property=\"og:locale\" content=\"es_MX\" \/>\n<meta property=\"og:type\" content=\"article\" \/>\n<meta property=\"og:title\" content=\"Bp21wp \u2014 termometro infrarrojo sin contacto, rango de medicion -30 \u00b0c y +250 \u00b0c, app celular (multimeasure) - Abaa tienda online\" \/>\n<meta property=\"og:description\" content=\"Caracter\u00edsticas:      Medici\u00f3n de la temperatura superficial sin contacto de -30 \u00b0C a +250 \u00b0C.  L\u00e1ser de punto m\u00faltiple.  \u00d3ptica de medici\u00f3n 10:1.  Sensores de alta calidad y numerosas funciones de medici\u00f3n.  Combinaci\u00f3n inteligente de appSensor con la aplicaci\u00f3n Multimeasure Mobile.  Desconexi\u00f3n autom\u00e1tica.  El appSensor BP21WP es un term\u00f3metro por radiaci\u00f3n que, en combinaci\u00f3n con la aplicaci\u00f3n MultiMeasure Mobile, permite determinar las temperaturas superficiales sin contacto y mediante medici\u00f3n infrarroja.  El equipamiento de este pir\u00f3metro ha sido concebido para abarcar un espectro de uso universal y una definici\u00f3n sencilla del valor de medici\u00f3n. As\u00ed, el BP21WP destaca, adem\u00e1s de por una resoluci\u00f3n \u00f3ptica de 10:1 y un rango de medici\u00f3n de la temperatura de -30 \u00b0C a +250 \u00b0C, tambi\u00e9n por el \u00fatil l\u00e1ser de punto m\u00faltiple que visualiza autom\u00e1ticamente el tama\u00f1o del \u00e1rea zona de medici\u00f3n.  Frente a los pir\u00f3metros no compatibles con aplicaciones, como usuario del BP21WP disfrutar\u00e1, gracias a la inteligente combinaci\u00f3n del appSensor y la aplicaci\u00f3n gratuita correspondiente MultiMeasure Mobile de incontables ventajas en cuanto a flexibilidad, funciones de an\u00e1lisis, control de datos y documentaci\u00f3n que de otro modo solo encontrar\u00e1 en medidores mucho m\u00e1s caros. Por ejemplo, tiene la posibilidad de representar en varios colores y de manera gr\u00e1fica las curvas de temperatura o la distribuci\u00f3n de la temperatura sobre una pared mediante una medici\u00f3n matricial.  &nbsp;\" \/>\n<meta property=\"og:url\" content=\"https:\/\/abaa.mx\/tienda\/bp21wp-termometro-infrarrojo-sin-contacto-rango-de-medicion-30-c-y-250-c-app-celular-multimeasure\/\" \/>\n<meta property=\"og:site_name\" content=\"Abaa tienda online\" \/>\n<meta property=\"article:modified_time\" content=\"2024-01-05T16:44:24+00:00\" \/>\n<meta property=\"og:image\" content=\"https:\/\/abaa.mx\/tienda\/wp-content\/uploads\/2024\/01\/TROTEC-BP21WP.jpg\" \/>\n\t<meta property=\"og:image:width\" content=\"260\" \/>\n\t<meta property=\"og:image:height\" content=\"510\" \/>\n\t<meta property=\"og:image:type\" content=\"image\/jpeg\" \/>\n<meta name=\"twitter:card\" content=\"summary_large_image\" \/>\n<meta name=\"twitter:label1\" content=\"Tiempo de lectura\" \/>\n\t<meta name=\"twitter:data1\" content=\"1 minuto\" \/>\n<script type=\"application\/ld+json\" class=\"yoast-schema-graph\">{\"@context\":\"https:\/\/schema.org\",\"@graph\":[{\"@type\":\"WebPage\",\"@id\":\"https:\/\/abaa.mx\/tienda\/bp21wp-termometro-infrarrojo-sin-contacto-rango-de-medicion-30-c-y-250-c-app-celular-multimeasure\/\",\"url\":\"https:\/\/abaa.mx\/tienda\/bp21wp-termometro-infrarrojo-sin-contacto-rango-de-medicion-30-c-y-250-c-app-celular-multimeasure\/\",\"name\":\"Bp21wp \u2014 termometro infrarrojo sin contacto, rango de medicion -30 \u00b0c y +250 \u00b0c, app celular (multimeasure) - Abaa tienda online\",\"isPartOf\":{\"@id\":\"https:\/\/abaa.mx\/tienda\/#website\"},\"primaryImageOfPage\":{\"@id\":\"https:\/\/abaa.mx\/tienda\/bp21wp-termometro-infrarrojo-sin-contacto-rango-de-medicion-30-c-y-250-c-app-celular-multimeasure\/#primaryimage\"},\"image\":{\"@id\":\"https:\/\/abaa.mx\/tienda\/bp21wp-termometro-infrarrojo-sin-contacto-rango-de-medicion-30-c-y-250-c-app-celular-multimeasure\/#primaryimage\"},\"thumbnailUrl\":\"https:\/\/abaa.mx\/tienda\/wp-content\/uploads\/2024\/01\/TROTEC-BP21WP.jpg\",\"datePublished\":\"2024-01-02T19:33:56+00:00\",\"dateModified\":\"2024-01-05T16:44:24+00:00\",\"breadcrumb\":{\"@id\":\"https:\/\/abaa.mx\/tienda\/bp21wp-termometro-infrarrojo-sin-contacto-rango-de-medicion-30-c-y-250-c-app-celular-multimeasure\/#breadcrumb\"},\"inLanguage\":\"es\",\"potentialAction\":[{\"@type\":\"ReadAction\",\"target\":[\"https:\/\/abaa.mx\/tienda\/bp21wp-termometro-infrarrojo-sin-contacto-rango-de-medicion-30-c-y-250-c-app-celular-multimeasure\/\"]}]},{\"@type\":\"ImageObject\",\"inLanguage\":\"es\",\"@id\":\"https:\/\/abaa.mx\/tienda\/bp21wp-termometro-infrarrojo-sin-contacto-rango-de-medicion-30-c-y-250-c-app-celular-multimeasure\/#primaryimage\",\"url\":\"https:\/\/abaa.mx\/tienda\/wp-content\/uploads\/2024\/01\/TROTEC-BP21WP.jpg\",\"contentUrl\":\"https:\/\/abaa.mx\/tienda\/wp-content\/uploads\/2024\/01\/TROTEC-BP21WP.jpg\",\"width\":260,\"height\":510,\"caption\":\"TROTEC-BP21WP\"},{\"@type\":\"BreadcrumbList\",\"@id\":\"https:\/\/abaa.mx\/tienda\/bp21wp-termometro-infrarrojo-sin-contacto-rango-de-medicion-30-c-y-250-c-app-celular-multimeasure\/#breadcrumb\",\"itemListElement\":[{\"@type\":\"ListItem\",\"position\":1,\"name\":\"Inicio\",\"item\":\"https:\/\/abaa.mx\/tienda\/\"},{\"@type\":\"ListItem\",\"position\":2,\"name\":\"Tienda\",\"item\":\"https:\/\/abaa.mx\/tienda\/\"},{\"@type\":\"ListItem\",\"position\":3,\"name\":\"Bp21wp \u2014 termometro infrarrojo sin contacto, rango de medicion -30 \u00b0c y +250 \u00b0c, app celular (multimeasure)\"}]},{\"@type\":\"WebSite\",\"@id\":\"https:\/\/abaa.mx\/tienda\/#website\",\"url\":\"https:\/\/abaa.mx\/tienda\/\",\"name\":\"Abaa tienda online\",\"description\":\"Instrumentos de medici\u00f3n\",\"publisher\":{\"@id\":\"https:\/\/abaa.mx\/tienda\/#organization\"},\"potentialAction\":[{\"@type\":\"SearchAction\",\"target\":{\"@type\":\"EntryPoint\",\"urlTemplate\":\"https:\/\/abaa.mx\/tienda\/?s={search_term_string}\"},\"query-input\":{\"@type\":\"PropertyValueSpecification\",\"valueRequired\":true,\"valueName\":\"search_term_string\"}}],\"inLanguage\":\"es\"},{\"@type\":\"Organization\",\"@id\":\"https:\/\/abaa.mx\/tienda\/#organization\",\"name\":\"Abaa tienda online\",\"url\":\"https:\/\/abaa.mx\/tienda\/\",\"logo\":{\"@type\":\"ImageObject\",\"inLanguage\":\"es\",\"@id\":\"https:\/\/abaa.mx\/tienda\/#\/schema\/logo\/image\/\",\"url\":\"https:\/\/abaa.mx\/tienda\/wp-content\/uploads\/2024\/01\/abaa-metrologia-tienda.png\",\"contentUrl\":\"https:\/\/abaa.mx\/tienda\/wp-content\/uploads\/2024\/01\/abaa-metrologia-tienda.png\",\"width\":300,\"height\":141,\"caption\":\"Abaa tienda online\"},\"image\":{\"@id\":\"https:\/\/abaa.mx\/tienda\/#\/schema\/logo\/image\/\"}}]}<\/script>\n<!-- \/ Yoast SEO plugin. -->","yoast_head_json":{"title":"Bp21wp \u2014 termometro infrarrojo sin contacto, rango de medicion -30 \u00b0c y +250 \u00b0c, app celular (multimeasure) - Abaa tienda online","robots":{"index":"index","follow":"follow","max-snippet":"max-snippet:-1","max-image-preview":"max-image-preview:large","max-video-preview":"max-video-preview:-1"},"canonical":"https:\/\/abaa.mx\/tienda\/bp21wp-termometro-infrarrojo-sin-contacto-rango-de-medicion-30-c-y-250-c-app-celular-multimeasure\/","og_locale":"es_MX","og_type":"article","og_title":"Bp21wp \u2014 termometro infrarrojo sin contacto, rango de medicion -30 \u00b0c y +250 \u00b0c, app celular (multimeasure) - Abaa tienda online","og_description":"Caracter\u00edsticas:      Medici\u00f3n de la temperatura superficial sin contacto de -30 \u00b0C a +250 \u00b0C.  L\u00e1ser de punto m\u00faltiple.  \u00d3ptica de medici\u00f3n 10:1.  Sensores de alta calidad y numerosas funciones de medici\u00f3n.  Combinaci\u00f3n inteligente de appSensor con la aplicaci\u00f3n Multimeasure Mobile.  Desconexi\u00f3n autom\u00e1tica.  El appSensor BP21WP es un term\u00f3metro por radiaci\u00f3n que, en combinaci\u00f3n con la aplicaci\u00f3n MultiMeasure Mobile, permite determinar las temperaturas superficiales sin contacto y mediante medici\u00f3n infrarroja.  El equipamiento de este pir\u00f3metro ha sido concebido para abarcar un espectro de uso universal y una definici\u00f3n sencilla del valor de medici\u00f3n. As\u00ed, el BP21WP destaca, adem\u00e1s de por una resoluci\u00f3n \u00f3ptica de 10:1 y un rango de medici\u00f3n de la temperatura de -30 \u00b0C a +250 \u00b0C, tambi\u00e9n por el \u00fatil l\u00e1ser de punto m\u00faltiple que visualiza autom\u00e1ticamente el tama\u00f1o del \u00e1rea zona de medici\u00f3n.  Frente a los pir\u00f3metros no compatibles con aplicaciones, como usuario del BP21WP disfrutar\u00e1, gracias a la inteligente combinaci\u00f3n del appSensor y la aplicaci\u00f3n gratuita correspondiente MultiMeasure Mobile de incontables ventajas en cuanto a flexibilidad, funciones de an\u00e1lisis, control de datos y documentaci\u00f3n que de otro modo solo encontrar\u00e1 en medidores mucho m\u00e1s caros. Por ejemplo, tiene la posibilidad de representar en varios colores y de manera gr\u00e1fica las curvas de temperatura o la distribuci\u00f3n de la temperatura sobre una pared mediante una medici\u00f3n matricial.  &nbsp;","og_url":"https:\/\/abaa.mx\/tienda\/bp21wp-termometro-infrarrojo-sin-contacto-rango-de-medicion-30-c-y-250-c-app-celular-multimeasure\/","og_site_name":"Abaa tienda online","article_modified_time":"2024-01-05T16:44:24+00:00","og_image":[{"width":260,"height":510,"url":"https:\/\/abaa.mx\/tienda\/wp-content\/uploads\/2024\/01\/TROTEC-BP21WP.jpg","type":"image\/jpeg"}],"twitter_card":"summary_large_image","twitter_misc":{"Tiempo de lectura":"1 minuto"},"schema":{"@context":"https:\/\/schema.org","@graph":[{"@type":"WebPage","@id":"https:\/\/abaa.mx\/tienda\/bp21wp-termometro-infrarrojo-sin-contacto-rango-de-medicion-30-c-y-250-c-app-celular-multimeasure\/","url":"https:\/\/abaa.mx\/tienda\/bp21wp-termometro-infrarrojo-sin-contacto-rango-de-medicion-30-c-y-250-c-app-celular-multimeasure\/","name":"Bp21wp \u2014 termometro infrarrojo sin contacto, rango de medicion -30 \u00b0c y +250 \u00b0c, app celular (multimeasure) - Abaa tienda online","isPartOf":{"@id":"https:\/\/abaa.mx\/tienda\/#website"},"primaryImageOfPage":{"@id":"https:\/\/abaa.mx\/tienda\/bp21wp-termometro-infrarrojo-sin-contacto-rango-de-medicion-30-c-y-250-c-app-celular-multimeasure\/#primaryimage"},"image":{"@id":"https:\/\/abaa.mx\/tienda\/bp21wp-termometro-infrarrojo-sin-contacto-rango-de-medicion-30-c-y-250-c-app-celular-multimeasure\/#primaryimage"},"thumbnailUrl":"https:\/\/abaa.mx\/tienda\/wp-content\/uploads\/2024\/01\/TROTEC-BP21WP.jpg","datePublished":"2024-01-02T19:33:56+00:00","dateModified":"2024-01-05T16:44:24+00:00","breadcrumb":{"@id":"https:\/\/abaa.mx\/tienda\/bp21wp-termometro-infrarrojo-sin-contacto-rango-de-medicion-30-c-y-250-c-app-celular-multimeasure\/#breadcrumb"},"inLanguage":"es","potentialAction":[{"@type":"ReadAction","target":["https:\/\/abaa.mx\/tienda\/bp21wp-termometro-infrarrojo-sin-contacto-rango-de-medicion-30-c-y-250-c-app-celular-multimeasure\/"]}]},{"@type":"ImageObject","inLanguage":"es","@id":"https:\/\/abaa.mx\/tienda\/bp21wp-termometro-infrarrojo-sin-contacto-rango-de-medicion-30-c-y-250-c-app-celular-multimeasure\/#primaryimage","url":"https:\/\/abaa.mx\/tienda\/wp-content\/uploads\/2024\/01\/TROTEC-BP21WP.jpg","contentUrl":"https:\/\/abaa.mx\/tienda\/wp-content\/uploads\/2024\/01\/TROTEC-BP21WP.jpg","width":260,"height":510,"caption":"TROTEC-BP21WP"},{"@type":"BreadcrumbList","@id":"https:\/\/abaa.mx\/tienda\/bp21wp-termometro-infrarrojo-sin-contacto-rango-de-medicion-30-c-y-250-c-app-celular-multimeasure\/#breadcrumb","itemListElement":[{"@type":"ListItem","position":1,"name":"Inicio","item":"https:\/\/abaa.mx\/tienda\/"},{"@type":"ListItem","position":2,"name":"Tienda","item":"https:\/\/abaa.mx\/tienda\/"},{"@type":"ListItem","position":3,"name":"Bp21wp \u2014 termometro infrarrojo sin contacto, rango de medicion -30 \u00b0c y +250 \u00b0c, app celular (multimeasure)"}]},{"@type":"WebSite","@id":"https:\/\/abaa.mx\/tienda\/#website","url":"https:\/\/abaa.mx\/tienda\/","name":"Abaa tienda online","description":"Instrumentos de medici\u00f3n","publisher":{"@id":"https:\/\/abaa.mx\/tienda\/#organization"},"potentialAction":[{"@type":"SearchAction","target":{"@type":"EntryPoint","urlTemplate":"https:\/\/abaa.mx\/tienda\/?s={search_term_string}"},"query-input":{"@type":"PropertyValueSpecification","valueRequired":true,"valueName":"search_term_string"}}],"inLanguage":"es"},{"@type":"Organization","@id":"https:\/\/abaa.mx\/tienda\/#organization","name":"Abaa tienda online","url":"https:\/\/abaa.mx\/tienda\/","logo":{"@type":"ImageObject","inLanguage":"es","@id":"https:\/\/abaa.mx\/tienda\/#\/schema\/logo\/image\/","url":"https:\/\/abaa.mx\/tienda\/wp-content\/uploads\/2024\/01\/abaa-metrologia-tienda.png","contentUrl":"https:\/\/abaa.mx\/tienda\/wp-content\/uploads\/2024\/01\/abaa-metrologia-tienda.png","width":300,"height":141,"caption":"Abaa tienda online"},"image":{"@id":"https:\/\/abaa.mx\/tienda\/#\/schema\/logo\/image\/"}}]}},"_links":{"self":[{"href":"https:\/\/abaa.mx\/tienda\/wp-json\/wp\/v2\/product\/9989","targetHints":{"allow":["GET"]}}],"collection":[{"href":"https:\/\/abaa.mx\/tienda\/wp-json\/wp\/v2\/product"}],"about":[{"href":"https:\/\/abaa.mx\/tienda\/wp-json\/wp\/v2\/types\/product"}],"replies":[{"embeddable":true,"href":"https:\/\/abaa.mx\/tienda\/wp-json\/wp\/v2\/comments?post=9989"}],"wp:featuredmedia":[{"embeddable":true,"href":"https:\/\/abaa.mx\/tienda\/wp-json\/wp\/v2\/media\/9990"}],"wp:attachment":[{"href":"https:\/\/abaa.mx\/tienda\/wp-json\/wp\/v2\/media?parent=9989"}],"wp:term":[{"taxonomy":"product_brand","embeddable":true,"href":"https:\/\/abaa.mx\/tienda\/wp-json\/wp\/v2\/product_brand?post=9989"},{"taxonomy":"product_cat","embeddable":true,"href":"https:\/\/abaa.mx\/tienda\/wp-json\/wp\/v2\/product_cat?post=9989"},{"taxonomy":"product_tag","embeddable":true,"href":"https:\/\/abaa.mx\/tienda\/wp-json\/wp\/v2\/product_tag?post=9989"}],"curies":[{"name":"wp","href":"https:\/\/api.w.org\/{rel}","templated":true}]}}