{"id":9987,"date":"2024-01-02T19:19:34","date_gmt":"2024-01-02T19:19:34","guid":{"rendered":"https:\/\/abaa.mx\/tienda\/?post_type=product&#038;p=9987"},"modified":"2024-01-02T19:20:01","modified_gmt":"2024-01-02T19:20:01","slug":"be50-multimetro-digital-cat-iii-1000-v-cativ-600-v","status":"publish","type":"product","link":"https:\/\/abaa.mx\/tienda\/be50-multimetro-digital-cat-iii-1000-v-cativ-600-v\/","title":{"rendered":"Be50 \u2014 multimetro digital cat iii 1000 v &#8211; cativ 600 v"},"content":{"rendered":"<p>Be50 \u2014 multimetro digital cat iii 1000 v &#8211; cativ 600 v.<\/p>\n","protected":false},"excerpt":{"rendered":"<h4>Ventajas en la pr\u00e1ctica:<\/h4>\n<ul class=\"csc-bulletlist csc-bulletlist-1\">\n<li>Aparato multifunci\u00f3n con once funciones de medici\u00f3n.<\/li>\n<li>Especialmente resistente y eficiente.<\/li>\n<li>Selecci\u00f3n autom\u00e1tica del rango.<\/li>\n<li>CAT III 1.000 V \/ CAT IV 600 V.<\/li>\n<li>Carcasa a prueba de golpes.<\/li>\n<li>Tipo de protecci\u00f3n IP67 \u2013 resistente al polvo y al agua.<\/li>\n<li>Funci\u00f3n de verificaci\u00f3n de voltaje sin contacto.<\/li>\n<li>Aislamiento protector de clase II para el medidor y los cables de medici\u00f3n.<\/li>\n<li>Medici\u00f3n de la temperatura con sensor de contacto tipo K.<\/li>\n<li>Funci\u00f3n Hold.<\/li>\n<li>Iluminaci\u00f3n de pantalla.<\/li>\n<li>Apagado autom\u00e1tico.<\/li>\n<li>Relaci\u00f3n calidad-precio \u00f3ptima.<\/li>\n<\/ul>\n","protected":false},"featured_media":9988,"comment_status":"open","ping_status":"closed","template":"","meta":{"_joinchat":[]},"product_brand":[],"product_cat":[15],"product_tag":[],"class_list":{"0":"post-9987","1":"product","2":"type-product","3":"status-publish","4":"has-post-thumbnail","6":"product_cat-sin-categorizar","8":"first","9":"instock","10":"shipping-taxable","11":"product-type-simple"},"yoast_head":"<!-- This site is optimized with the Yoast SEO plugin v26.4 - https:\/\/yoast.com\/wordpress\/plugins\/seo\/ -->\n<title>Be50 \u2014 multimetro digital cat iii 1000 v - cativ 600 v - Abaa tienda online<\/title>\n<meta name=\"robots\" content=\"index, follow, max-snippet:-1, max-image-preview:large, max-video-preview:-1\" \/>\n<link rel=\"canonical\" href=\"https:\/\/abaa.mx\/tienda\/be50-multimetro-digital-cat-iii-1000-v-cativ-600-v\/\" \/>\n<meta property=\"og:locale\" content=\"es_MX\" \/>\n<meta property=\"og:type\" content=\"article\" \/>\n<meta property=\"og:title\" content=\"Be50 \u2014 multimetro digital cat iii 1000 v - cativ 600 v - Abaa tienda online\" \/>\n<meta property=\"og:description\" content=\"Ventajas en la pr\u00e1ctica:   Aparato multifunci\u00f3n con once funciones de medici\u00f3n.  Especialmente resistente y eficiente.  Selecci\u00f3n autom\u00e1tica del rango.  CAT III 1.000 V \/ CAT IV 600 V.  Carcasa a prueba de golpes.  Tipo de protecci\u00f3n IP67 \u2013 resistente al polvo y al agua.  Funci\u00f3n de verificaci\u00f3n de voltaje sin contacto.  Aislamiento protector de clase II para el medidor y los cables de medici\u00f3n.  Medici\u00f3n de la temperatura con sensor de contacto tipo K.  Funci\u00f3n Hold.  Iluminaci\u00f3n de pantalla.  Apagado autom\u00e1tico.  Relaci\u00f3n calidad-precio \u00f3ptima.\" \/>\n<meta property=\"og:url\" content=\"https:\/\/abaa.mx\/tienda\/be50-multimetro-digital-cat-iii-1000-v-cativ-600-v\/\" \/>\n<meta property=\"og:site_name\" content=\"Abaa tienda online\" \/>\n<meta property=\"article:modified_time\" content=\"2024-01-02T19:20:01+00:00\" \/>\n<meta property=\"og:image\" content=\"https:\/\/abaa.mx\/tienda\/wp-content\/uploads\/2024\/01\/TROTEC-BE50-MULTIMETRO.jpg\" \/>\n\t<meta property=\"og:image:width\" content=\"299\" \/>\n\t<meta property=\"og:image:height\" content=\"494\" \/>\n\t<meta property=\"og:image:type\" content=\"image\/jpeg\" \/>\n<meta name=\"twitter:card\" content=\"summary_large_image\" \/>\n<meta name=\"twitter:label1\" content=\"Tiempo de lectura\" \/>\n\t<meta name=\"twitter:data1\" content=\"1 minuto\" \/>\n<script type=\"application\/ld+json\" class=\"yoast-schema-graph\">{\"@context\":\"https:\/\/schema.org\",\"@graph\":[{\"@type\":\"WebPage\",\"@id\":\"https:\/\/abaa.mx\/tienda\/be50-multimetro-digital-cat-iii-1000-v-cativ-600-v\/\",\"url\":\"https:\/\/abaa.mx\/tienda\/be50-multimetro-digital-cat-iii-1000-v-cativ-600-v\/\",\"name\":\"Be50 \u2014 multimetro digital cat iii 1000 v - cativ 600 v - Abaa tienda online\",\"isPartOf\":{\"@id\":\"https:\/\/abaa.mx\/tienda\/#website\"},\"primaryImageOfPage\":{\"@id\":\"https:\/\/abaa.mx\/tienda\/be50-multimetro-digital-cat-iii-1000-v-cativ-600-v\/#primaryimage\"},\"image\":{\"@id\":\"https:\/\/abaa.mx\/tienda\/be50-multimetro-digital-cat-iii-1000-v-cativ-600-v\/#primaryimage\"},\"thumbnailUrl\":\"https:\/\/abaa.mx\/tienda\/wp-content\/uploads\/2024\/01\/TROTEC-BE50-MULTIMETRO.jpg\",\"datePublished\":\"2024-01-02T19:19:34+00:00\",\"dateModified\":\"2024-01-02T19:20:01+00:00\",\"breadcrumb\":{\"@id\":\"https:\/\/abaa.mx\/tienda\/be50-multimetro-digital-cat-iii-1000-v-cativ-600-v\/#breadcrumb\"},\"inLanguage\":\"es\",\"potentialAction\":[{\"@type\":\"ReadAction\",\"target\":[\"https:\/\/abaa.mx\/tienda\/be50-multimetro-digital-cat-iii-1000-v-cativ-600-v\/\"]}]},{\"@type\":\"ImageObject\",\"inLanguage\":\"es\",\"@id\":\"https:\/\/abaa.mx\/tienda\/be50-multimetro-digital-cat-iii-1000-v-cativ-600-v\/#primaryimage\",\"url\":\"https:\/\/abaa.mx\/tienda\/wp-content\/uploads\/2024\/01\/TROTEC-BE50-MULTIMETRO.jpg\",\"contentUrl\":\"https:\/\/abaa.mx\/tienda\/wp-content\/uploads\/2024\/01\/TROTEC-BE50-MULTIMETRO.jpg\",\"width\":299,\"height\":494,\"caption\":\"TROTEC-BE50-MULTIMETRO\"},{\"@type\":\"BreadcrumbList\",\"@id\":\"https:\/\/abaa.mx\/tienda\/be50-multimetro-digital-cat-iii-1000-v-cativ-600-v\/#breadcrumb\",\"itemListElement\":[{\"@type\":\"ListItem\",\"position\":1,\"name\":\"Inicio\",\"item\":\"https:\/\/abaa.mx\/tienda\/\"},{\"@type\":\"ListItem\",\"position\":2,\"name\":\"Tienda\",\"item\":\"https:\/\/abaa.mx\/tienda\/\"},{\"@type\":\"ListItem\",\"position\":3,\"name\":\"Be50 \u2014 multimetro digital cat iii 1000 v &#8211; cativ 600 v\"}]},{\"@type\":\"WebSite\",\"@id\":\"https:\/\/abaa.mx\/tienda\/#website\",\"url\":\"https:\/\/abaa.mx\/tienda\/\",\"name\":\"Abaa tienda online\",\"description\":\"Instrumentos de medici\u00f3n\",\"publisher\":{\"@id\":\"https:\/\/abaa.mx\/tienda\/#organization\"},\"potentialAction\":[{\"@type\":\"SearchAction\",\"target\":{\"@type\":\"EntryPoint\",\"urlTemplate\":\"https:\/\/abaa.mx\/tienda\/?s={search_term_string}\"},\"query-input\":{\"@type\":\"PropertyValueSpecification\",\"valueRequired\":true,\"valueName\":\"search_term_string\"}}],\"inLanguage\":\"es\"},{\"@type\":\"Organization\",\"@id\":\"https:\/\/abaa.mx\/tienda\/#organization\",\"name\":\"Abaa tienda online\",\"url\":\"https:\/\/abaa.mx\/tienda\/\",\"logo\":{\"@type\":\"ImageObject\",\"inLanguage\":\"es\",\"@id\":\"https:\/\/abaa.mx\/tienda\/#\/schema\/logo\/image\/\",\"url\":\"https:\/\/abaa.mx\/tienda\/wp-content\/uploads\/2024\/01\/abaa-metrologia-tienda.png\",\"contentUrl\":\"https:\/\/abaa.mx\/tienda\/wp-content\/uploads\/2024\/01\/abaa-metrologia-tienda.png\",\"width\":300,\"height\":141,\"caption\":\"Abaa tienda online\"},\"image\":{\"@id\":\"https:\/\/abaa.mx\/tienda\/#\/schema\/logo\/image\/\"}}]}<\/script>\n<!-- \/ Yoast SEO plugin. -->","yoast_head_json":{"title":"Be50 \u2014 multimetro digital cat iii 1000 v - cativ 600 v - Abaa tienda online","robots":{"index":"index","follow":"follow","max-snippet":"max-snippet:-1","max-image-preview":"max-image-preview:large","max-video-preview":"max-video-preview:-1"},"canonical":"https:\/\/abaa.mx\/tienda\/be50-multimetro-digital-cat-iii-1000-v-cativ-600-v\/","og_locale":"es_MX","og_type":"article","og_title":"Be50 \u2014 multimetro digital cat iii 1000 v - cativ 600 v - Abaa tienda online","og_description":"Ventajas en la pr\u00e1ctica:   Aparato multifunci\u00f3n con once funciones de medici\u00f3n.  Especialmente resistente y eficiente.  Selecci\u00f3n autom\u00e1tica del rango.  CAT III 1.000 V \/ CAT IV 600 V.  Carcasa a prueba de golpes.  Tipo de protecci\u00f3n IP67 \u2013 resistente al polvo y al agua.  Funci\u00f3n de verificaci\u00f3n de voltaje sin contacto.  Aislamiento protector de clase II para el medidor y los cables de medici\u00f3n.  Medici\u00f3n de la temperatura con sensor de contacto tipo K.  Funci\u00f3n Hold.  Iluminaci\u00f3n de pantalla.  Apagado autom\u00e1tico.  Relaci\u00f3n calidad-precio \u00f3ptima.","og_url":"https:\/\/abaa.mx\/tienda\/be50-multimetro-digital-cat-iii-1000-v-cativ-600-v\/","og_site_name":"Abaa tienda online","article_modified_time":"2024-01-02T19:20:01+00:00","og_image":[{"width":299,"height":494,"url":"https:\/\/abaa.mx\/tienda\/wp-content\/uploads\/2024\/01\/TROTEC-BE50-MULTIMETRO.jpg","type":"image\/jpeg"}],"twitter_card":"summary_large_image","twitter_misc":{"Tiempo de lectura":"1 minuto"},"schema":{"@context":"https:\/\/schema.org","@graph":[{"@type":"WebPage","@id":"https:\/\/abaa.mx\/tienda\/be50-multimetro-digital-cat-iii-1000-v-cativ-600-v\/","url":"https:\/\/abaa.mx\/tienda\/be50-multimetro-digital-cat-iii-1000-v-cativ-600-v\/","name":"Be50 \u2014 multimetro digital cat iii 1000 v - cativ 600 v - Abaa tienda online","isPartOf":{"@id":"https:\/\/abaa.mx\/tienda\/#website"},"primaryImageOfPage":{"@id":"https:\/\/abaa.mx\/tienda\/be50-multimetro-digital-cat-iii-1000-v-cativ-600-v\/#primaryimage"},"image":{"@id":"https:\/\/abaa.mx\/tienda\/be50-multimetro-digital-cat-iii-1000-v-cativ-600-v\/#primaryimage"},"thumbnailUrl":"https:\/\/abaa.mx\/tienda\/wp-content\/uploads\/2024\/01\/TROTEC-BE50-MULTIMETRO.jpg","datePublished":"2024-01-02T19:19:34+00:00","dateModified":"2024-01-02T19:20:01+00:00","breadcrumb":{"@id":"https:\/\/abaa.mx\/tienda\/be50-multimetro-digital-cat-iii-1000-v-cativ-600-v\/#breadcrumb"},"inLanguage":"es","potentialAction":[{"@type":"ReadAction","target":["https:\/\/abaa.mx\/tienda\/be50-multimetro-digital-cat-iii-1000-v-cativ-600-v\/"]}]},{"@type":"ImageObject","inLanguage":"es","@id":"https:\/\/abaa.mx\/tienda\/be50-multimetro-digital-cat-iii-1000-v-cativ-600-v\/#primaryimage","url":"https:\/\/abaa.mx\/tienda\/wp-content\/uploads\/2024\/01\/TROTEC-BE50-MULTIMETRO.jpg","contentUrl":"https:\/\/abaa.mx\/tienda\/wp-content\/uploads\/2024\/01\/TROTEC-BE50-MULTIMETRO.jpg","width":299,"height":494,"caption":"TROTEC-BE50-MULTIMETRO"},{"@type":"BreadcrumbList","@id":"https:\/\/abaa.mx\/tienda\/be50-multimetro-digital-cat-iii-1000-v-cativ-600-v\/#breadcrumb","itemListElement":[{"@type":"ListItem","position":1,"name":"Inicio","item":"https:\/\/abaa.mx\/tienda\/"},{"@type":"ListItem","position":2,"name":"Tienda","item":"https:\/\/abaa.mx\/tienda\/"},{"@type":"ListItem","position":3,"name":"Be50 \u2014 multimetro digital cat iii 1000 v &#8211; cativ 600 v"}]},{"@type":"WebSite","@id":"https:\/\/abaa.mx\/tienda\/#website","url":"https:\/\/abaa.mx\/tienda\/","name":"Abaa tienda online","description":"Instrumentos de medici\u00f3n","publisher":{"@id":"https:\/\/abaa.mx\/tienda\/#organization"},"potentialAction":[{"@type":"SearchAction","target":{"@type":"EntryPoint","urlTemplate":"https:\/\/abaa.mx\/tienda\/?s={search_term_string}"},"query-input":{"@type":"PropertyValueSpecification","valueRequired":true,"valueName":"search_term_string"}}],"inLanguage":"es"},{"@type":"Organization","@id":"https:\/\/abaa.mx\/tienda\/#organization","name":"Abaa tienda online","url":"https:\/\/abaa.mx\/tienda\/","logo":{"@type":"ImageObject","inLanguage":"es","@id":"https:\/\/abaa.mx\/tienda\/#\/schema\/logo\/image\/","url":"https:\/\/abaa.mx\/tienda\/wp-content\/uploads\/2024\/01\/abaa-metrologia-tienda.png","contentUrl":"https:\/\/abaa.mx\/tienda\/wp-content\/uploads\/2024\/01\/abaa-metrologia-tienda.png","width":300,"height":141,"caption":"Abaa tienda online"},"image":{"@id":"https:\/\/abaa.mx\/tienda\/#\/schema\/logo\/image\/"}}]}},"_links":{"self":[{"href":"https:\/\/abaa.mx\/tienda\/wp-json\/wp\/v2\/product\/9987","targetHints":{"allow":["GET"]}}],"collection":[{"href":"https:\/\/abaa.mx\/tienda\/wp-json\/wp\/v2\/product"}],"about":[{"href":"https:\/\/abaa.mx\/tienda\/wp-json\/wp\/v2\/types\/product"}],"replies":[{"embeddable":true,"href":"https:\/\/abaa.mx\/tienda\/wp-json\/wp\/v2\/comments?post=9987"}],"wp:featuredmedia":[{"embeddable":true,"href":"https:\/\/abaa.mx\/tienda\/wp-json\/wp\/v2\/media\/9988"}],"wp:attachment":[{"href":"https:\/\/abaa.mx\/tienda\/wp-json\/wp\/v2\/media?parent=9987"}],"wp:term":[{"taxonomy":"product_brand","embeddable":true,"href":"https:\/\/abaa.mx\/tienda\/wp-json\/wp\/v2\/product_brand?post=9987"},{"taxonomy":"product_cat","embeddable":true,"href":"https:\/\/abaa.mx\/tienda\/wp-json\/wp\/v2\/product_cat?post=9987"},{"taxonomy":"product_tag","embeddable":true,"href":"https:\/\/abaa.mx\/tienda\/wp-json\/wp\/v2\/product_tag?post=9987"}],"curies":[{"name":"wp","href":"https:\/\/api.w.org\/{rel}","templated":true}]}}