{"id":9981,"date":"2024-01-02T17:50:14","date_gmt":"2024-01-02T17:50:14","guid":{"rendered":"https:\/\/abaa.mx\/tienda\/?post_type=product&#038;p=9981"},"modified":"2024-01-05T16:23:52","modified_gmt":"2024-01-05T16:23:52","slug":"mm750w-multimetro-trms","status":"publish","type":"product","link":"https:\/\/abaa.mx\/tienda\/mm750w-multimetro-trms\/","title":{"rendered":"Mm750w \u2014 multimetro trms"},"content":{"rendered":"<p>Mm750w \u2014 multimetro trms.<\/p>\n","protected":false},"excerpt":{"rendered":"<h4>Caracter\u00edsticas:<\/h4>\n<p>Mult\u00edmetro MM750W:<\/p>\n<ul>\n<li style=\"list-style-type: none;\">\n<ul>\n<li>La funci\u00f3n DMM inal\u00e1mbrica con m\u00f3dulo de registro de datos Bluetooth transmite lecturas a dispositivos iOS y Android\u00a0 para visualizaci\u00f3n remota usando la aplicaci\u00f3n gratuita.<\/li>\n<li>Verdadero valor eficaz para mediciones de CA precisas.<\/li>\n<li>Funci\u00f3n de temperatura tipo K.<\/li>\n<li>Pantalla LCD retroiluminada de 6000 cuentas.<\/li>\n<li>\u00b1 0.6% de precisi\u00f3n DCV b\u00e1sica.<\/li>\n<li>Detector de voltaje CA sin contacto integrado (NCV).<\/li>\n<li>Funci\u00f3n AC \u03bcA ideal para medici\u00f3n de corriente de varilla de llama HVAC.<\/li>\n<li>Entrada de adaptador de abrazadera externa (1 mV = 1 A; 600 A CA \/ CC m\u00e1x.)<\/li>\n<li>MIN \/ MAX \/ DIF captura las lecturas m\u00e1s alta y m\u00e1s baja y la diferencia entre ellas.<\/li>\n<li>Modo relativo para capacitancia cero y ajuste de compensaci\u00f3n.<\/li>\n<li>Retenci\u00f3n de datos congela la lectura en la pantalla.<\/li>\n<li>Apagado autom\u00e1tico con indicador de bater\u00eda baja y deshabilitado.<\/li>\n<\/ul>\n<\/li>\n<\/ul>\n<p>M\u00f3dulo de registro de datos Bluetooth DAT12:<\/p>\n<ul>\n<li style=\"list-style-type: none;\">\n<ul>\n<li style=\"list-style-type: none;\">\n<ul>\n<li>Registre m\u00e1s de 15.000 lecturas y transm\u00edtalas a un dispositivo inteligente.<\/li>\n<li>La aplicaci\u00f3n gratuita ExView W-Series proporciona transmisi\u00f3n inal\u00e1mbrica de datos con visualizaci\u00f3n remota en tiempo real de las lecturas.<\/li>\n<li>La frecuencia de muestreo y el tama\u00f1o de archivo ajustables son compatibles con la mayor\u00eda de las necesidades de las aplicaciones.<\/li>\n<li>Grabe datos directamente en el tel\u00e9fono o tableta.<\/li>\n<li>Alarmas audibles programables altas \/ bajas.<\/li>\n<li>Exportar datos en formato Excel.<\/li>\n<li>Comparta archivos de datos e instant\u00e1neas directamente desde la aplicaci\u00f3n.<\/li>\n<li>Tome instant\u00e1neas del \u00e1rea de medici\u00f3n con la c\u00e1mara de su tel\u00e9fono inteligente o tableta conectada para capturar im\u00e1genes relacionadas con la medici\u00f3n y documentar marcas de fecha \/ hora y datos de medici\u00f3n.<\/li>\n<\/ul>\n<\/li>\n<\/ul>\n<\/li>\n<\/ul>\n<p>Completo con cables de prueba, sonda de temperatura de alambre de perla tipo K de uso general, m\u00f3dulo de registro de datos inal\u00e1mbrico (DAT12), bater\u00eda de 9 V y estuche blando.<\/p>\n","protected":false},"featured_media":9982,"comment_status":"open","ping_status":"closed","template":"","meta":{"_joinchat":[]},"product_brand":[],"product_cat":[15],"product_tag":[],"class_list":{"0":"post-9981","1":"product","2":"type-product","3":"status-publish","4":"has-post-thumbnail","6":"product_cat-sin-categorizar","8":"first","9":"instock","10":"shipping-taxable","11":"product-type-simple"},"yoast_head":"<!-- This site is optimized with the Yoast SEO plugin v26.4 - https:\/\/yoast.com\/wordpress\/plugins\/seo\/ -->\n<title>Mm750w \u2014 multimetro trms - Abaa tienda online<\/title>\n<meta name=\"robots\" content=\"index, follow, max-snippet:-1, max-image-preview:large, max-video-preview:-1\" \/>\n<link rel=\"canonical\" href=\"https:\/\/abaa.mx\/tienda\/mm750w-multimetro-trms\/\" \/>\n<meta property=\"og:locale\" content=\"es_MX\" \/>\n<meta property=\"og:type\" content=\"article\" \/>\n<meta property=\"og:title\" content=\"Mm750w \u2014 multimetro trms - Abaa tienda online\" \/>\n<meta property=\"og:description\" content=\"Caracter\u00edsticas: Mult\u00edmetro MM750W:      La funci\u00f3n DMM inal\u00e1mbrica con m\u00f3dulo de registro de datos Bluetooth transmite lecturas a dispositivos iOS y Android\u00a0 para visualizaci\u00f3n remota usando la aplicaci\u00f3n gratuita.  Verdadero valor eficaz para mediciones de CA precisas.  Funci\u00f3n de temperatura tipo K.  Pantalla LCD retroiluminada de 6000 cuentas.  \u00b1 0.6% de precisi\u00f3n DCV b\u00e1sica.  Detector de voltaje CA sin contacto integrado (NCV).  Funci\u00f3n AC \u03bcA ideal para medici\u00f3n de corriente de varilla de llama HVAC.  Entrada de adaptador de abrazadera externa (1 mV = 1 A; 600 A CA \/ CC m\u00e1x.)  MIN \/ MAX \/ DIF captura las lecturas m\u00e1s alta y m\u00e1s baja y la diferencia entre ellas.  Modo relativo para capacitancia cero y ajuste de compensaci\u00f3n.  Retenci\u00f3n de datos congela la lectura en la pantalla.  Apagado autom\u00e1tico con indicador de bater\u00eda baja y deshabilitado.    M\u00f3dulo de registro de datos Bluetooth DAT12:         Registre m\u00e1s de 15.000 lecturas y transm\u00edtalas a un dispositivo inteligente.  La aplicaci\u00f3n gratuita ExView W-Series proporciona transmisi\u00f3n inal\u00e1mbrica de datos con visualizaci\u00f3n remota en tiempo real de las lecturas.  La frecuencia de muestreo y el tama\u00f1o de archivo ajustables son compatibles con la mayor\u00eda de las necesidades de las aplicaciones.  Grabe datos directamente en el tel\u00e9fono o tableta.  Alarmas audibles programables altas \/ bajas.  Exportar datos en formato Excel.  Comparta archivos de datos e instant\u00e1neas directamente desde la aplicaci\u00f3n.  Tome instant\u00e1neas del \u00e1rea de medici\u00f3n con la c\u00e1mara de su tel\u00e9fono inteligente o tableta conectada para capturar im\u00e1genes relacionadas con la medici\u00f3n y documentar marcas de fecha \/ hora y datos de medici\u00f3n.      Completo con cables de prueba, sonda de temperatura de alambre de perla tipo K de uso general, m\u00f3dulo de registro de datos inal\u00e1mbrico (DAT12), bater\u00eda de 9 V y estuche blando.\" \/>\n<meta property=\"og:url\" content=\"https:\/\/abaa.mx\/tienda\/mm750w-multimetro-trms\/\" \/>\n<meta property=\"og:site_name\" content=\"Abaa tienda online\" \/>\n<meta property=\"article:modified_time\" content=\"2024-01-05T16:23:52+00:00\" \/>\n<meta property=\"og:image\" content=\"https:\/\/abaa.mx\/tienda\/wp-content\/uploads\/2024\/01\/EXTECH-MM750W.jpg\" \/>\n\t<meta property=\"og:image:width\" content=\"387\" \/>\n\t<meta property=\"og:image:height\" content=\"609\" \/>\n\t<meta property=\"og:image:type\" content=\"image\/jpeg\" \/>\n<meta name=\"twitter:card\" content=\"summary_large_image\" \/>\n<meta name=\"twitter:label1\" content=\"Tiempo de lectura\" \/>\n\t<meta name=\"twitter:data1\" content=\"1 minuto\" \/>\n<script type=\"application\/ld+json\" class=\"yoast-schema-graph\">{\"@context\":\"https:\/\/schema.org\",\"@graph\":[{\"@type\":\"WebPage\",\"@id\":\"https:\/\/abaa.mx\/tienda\/mm750w-multimetro-trms\/\",\"url\":\"https:\/\/abaa.mx\/tienda\/mm750w-multimetro-trms\/\",\"name\":\"Mm750w \u2014 multimetro trms - Abaa tienda online\",\"isPartOf\":{\"@id\":\"https:\/\/abaa.mx\/tienda\/#website\"},\"primaryImageOfPage\":{\"@id\":\"https:\/\/abaa.mx\/tienda\/mm750w-multimetro-trms\/#primaryimage\"},\"image\":{\"@id\":\"https:\/\/abaa.mx\/tienda\/mm750w-multimetro-trms\/#primaryimage\"},\"thumbnailUrl\":\"https:\/\/abaa.mx\/tienda\/wp-content\/uploads\/2024\/01\/EXTECH-MM750W.jpg\",\"datePublished\":\"2024-01-02T17:50:14+00:00\",\"dateModified\":\"2024-01-05T16:23:52+00:00\",\"breadcrumb\":{\"@id\":\"https:\/\/abaa.mx\/tienda\/mm750w-multimetro-trms\/#breadcrumb\"},\"inLanguage\":\"es\",\"potentialAction\":[{\"@type\":\"ReadAction\",\"target\":[\"https:\/\/abaa.mx\/tienda\/mm750w-multimetro-trms\/\"]}]},{\"@type\":\"ImageObject\",\"inLanguage\":\"es\",\"@id\":\"https:\/\/abaa.mx\/tienda\/mm750w-multimetro-trms\/#primaryimage\",\"url\":\"https:\/\/abaa.mx\/tienda\/wp-content\/uploads\/2024\/01\/EXTECH-MM750W.jpg\",\"contentUrl\":\"https:\/\/abaa.mx\/tienda\/wp-content\/uploads\/2024\/01\/EXTECH-MM750W.jpg\",\"width\":387,\"height\":609,\"caption\":\"EXTECH-MM750W\"},{\"@type\":\"BreadcrumbList\",\"@id\":\"https:\/\/abaa.mx\/tienda\/mm750w-multimetro-trms\/#breadcrumb\",\"itemListElement\":[{\"@type\":\"ListItem\",\"position\":1,\"name\":\"Inicio\",\"item\":\"https:\/\/abaa.mx\/tienda\/\"},{\"@type\":\"ListItem\",\"position\":2,\"name\":\"Tienda\",\"item\":\"https:\/\/abaa.mx\/tienda\/\"},{\"@type\":\"ListItem\",\"position\":3,\"name\":\"Mm750w \u2014 multimetro trms\"}]},{\"@type\":\"WebSite\",\"@id\":\"https:\/\/abaa.mx\/tienda\/#website\",\"url\":\"https:\/\/abaa.mx\/tienda\/\",\"name\":\"Abaa tienda online\",\"description\":\"Instrumentos de medici\u00f3n\",\"publisher\":{\"@id\":\"https:\/\/abaa.mx\/tienda\/#organization\"},\"potentialAction\":[{\"@type\":\"SearchAction\",\"target\":{\"@type\":\"EntryPoint\",\"urlTemplate\":\"https:\/\/abaa.mx\/tienda\/?s={search_term_string}\"},\"query-input\":{\"@type\":\"PropertyValueSpecification\",\"valueRequired\":true,\"valueName\":\"search_term_string\"}}],\"inLanguage\":\"es\"},{\"@type\":\"Organization\",\"@id\":\"https:\/\/abaa.mx\/tienda\/#organization\",\"name\":\"Abaa tienda online\",\"url\":\"https:\/\/abaa.mx\/tienda\/\",\"logo\":{\"@type\":\"ImageObject\",\"inLanguage\":\"es\",\"@id\":\"https:\/\/abaa.mx\/tienda\/#\/schema\/logo\/image\/\",\"url\":\"https:\/\/abaa.mx\/tienda\/wp-content\/uploads\/2024\/01\/abaa-metrologia-tienda.png\",\"contentUrl\":\"https:\/\/abaa.mx\/tienda\/wp-content\/uploads\/2024\/01\/abaa-metrologia-tienda.png\",\"width\":300,\"height\":141,\"caption\":\"Abaa tienda online\"},\"image\":{\"@id\":\"https:\/\/abaa.mx\/tienda\/#\/schema\/logo\/image\/\"}}]}<\/script>\n<!-- \/ Yoast SEO plugin. -->","yoast_head_json":{"title":"Mm750w \u2014 multimetro trms - Abaa tienda online","robots":{"index":"index","follow":"follow","max-snippet":"max-snippet:-1","max-image-preview":"max-image-preview:large","max-video-preview":"max-video-preview:-1"},"canonical":"https:\/\/abaa.mx\/tienda\/mm750w-multimetro-trms\/","og_locale":"es_MX","og_type":"article","og_title":"Mm750w \u2014 multimetro trms - Abaa tienda online","og_description":"Caracter\u00edsticas: Mult\u00edmetro MM750W:      La funci\u00f3n DMM inal\u00e1mbrica con m\u00f3dulo de registro de datos Bluetooth transmite lecturas a dispositivos iOS y Android\u00a0 para visualizaci\u00f3n remota usando la aplicaci\u00f3n gratuita.  Verdadero valor eficaz para mediciones de CA precisas.  Funci\u00f3n de temperatura tipo K.  Pantalla LCD retroiluminada de 6000 cuentas.  \u00b1 0.6% de precisi\u00f3n DCV b\u00e1sica.  Detector de voltaje CA sin contacto integrado (NCV).  Funci\u00f3n AC \u03bcA ideal para medici\u00f3n de corriente de varilla de llama HVAC.  Entrada de adaptador de abrazadera externa (1 mV = 1 A; 600 A CA \/ CC m\u00e1x.)  MIN \/ MAX \/ DIF captura las lecturas m\u00e1s alta y m\u00e1s baja y la diferencia entre ellas.  Modo relativo para capacitancia cero y ajuste de compensaci\u00f3n.  Retenci\u00f3n de datos congela la lectura en la pantalla.  Apagado autom\u00e1tico con indicador de bater\u00eda baja y deshabilitado.    M\u00f3dulo de registro de datos Bluetooth DAT12:         Registre m\u00e1s de 15.000 lecturas y transm\u00edtalas a un dispositivo inteligente.  La aplicaci\u00f3n gratuita ExView W-Series proporciona transmisi\u00f3n inal\u00e1mbrica de datos con visualizaci\u00f3n remota en tiempo real de las lecturas.  La frecuencia de muestreo y el tama\u00f1o de archivo ajustables son compatibles con la mayor\u00eda de las necesidades de las aplicaciones.  Grabe datos directamente en el tel\u00e9fono o tableta.  Alarmas audibles programables altas \/ bajas.  Exportar datos en formato Excel.  Comparta archivos de datos e instant\u00e1neas directamente desde la aplicaci\u00f3n.  Tome instant\u00e1neas del \u00e1rea de medici\u00f3n con la c\u00e1mara de su tel\u00e9fono inteligente o tableta conectada para capturar im\u00e1genes relacionadas con la medici\u00f3n y documentar marcas de fecha \/ hora y datos de medici\u00f3n.      Completo con cables de prueba, sonda de temperatura de alambre de perla tipo K de uso general, m\u00f3dulo de registro de datos inal\u00e1mbrico (DAT12), bater\u00eda de 9 V y estuche blando.","og_url":"https:\/\/abaa.mx\/tienda\/mm750w-multimetro-trms\/","og_site_name":"Abaa tienda online","article_modified_time":"2024-01-05T16:23:52+00:00","og_image":[{"width":387,"height":609,"url":"https:\/\/abaa.mx\/tienda\/wp-content\/uploads\/2024\/01\/EXTECH-MM750W.jpg","type":"image\/jpeg"}],"twitter_card":"summary_large_image","twitter_misc":{"Tiempo de lectura":"1 minuto"},"schema":{"@context":"https:\/\/schema.org","@graph":[{"@type":"WebPage","@id":"https:\/\/abaa.mx\/tienda\/mm750w-multimetro-trms\/","url":"https:\/\/abaa.mx\/tienda\/mm750w-multimetro-trms\/","name":"Mm750w \u2014 multimetro trms - Abaa tienda online","isPartOf":{"@id":"https:\/\/abaa.mx\/tienda\/#website"},"primaryImageOfPage":{"@id":"https:\/\/abaa.mx\/tienda\/mm750w-multimetro-trms\/#primaryimage"},"image":{"@id":"https:\/\/abaa.mx\/tienda\/mm750w-multimetro-trms\/#primaryimage"},"thumbnailUrl":"https:\/\/abaa.mx\/tienda\/wp-content\/uploads\/2024\/01\/EXTECH-MM750W.jpg","datePublished":"2024-01-02T17:50:14+00:00","dateModified":"2024-01-05T16:23:52+00:00","breadcrumb":{"@id":"https:\/\/abaa.mx\/tienda\/mm750w-multimetro-trms\/#breadcrumb"},"inLanguage":"es","potentialAction":[{"@type":"ReadAction","target":["https:\/\/abaa.mx\/tienda\/mm750w-multimetro-trms\/"]}]},{"@type":"ImageObject","inLanguage":"es","@id":"https:\/\/abaa.mx\/tienda\/mm750w-multimetro-trms\/#primaryimage","url":"https:\/\/abaa.mx\/tienda\/wp-content\/uploads\/2024\/01\/EXTECH-MM750W.jpg","contentUrl":"https:\/\/abaa.mx\/tienda\/wp-content\/uploads\/2024\/01\/EXTECH-MM750W.jpg","width":387,"height":609,"caption":"EXTECH-MM750W"},{"@type":"BreadcrumbList","@id":"https:\/\/abaa.mx\/tienda\/mm750w-multimetro-trms\/#breadcrumb","itemListElement":[{"@type":"ListItem","position":1,"name":"Inicio","item":"https:\/\/abaa.mx\/tienda\/"},{"@type":"ListItem","position":2,"name":"Tienda","item":"https:\/\/abaa.mx\/tienda\/"},{"@type":"ListItem","position":3,"name":"Mm750w \u2014 multimetro trms"}]},{"@type":"WebSite","@id":"https:\/\/abaa.mx\/tienda\/#website","url":"https:\/\/abaa.mx\/tienda\/","name":"Abaa tienda online","description":"Instrumentos de medici\u00f3n","publisher":{"@id":"https:\/\/abaa.mx\/tienda\/#organization"},"potentialAction":[{"@type":"SearchAction","target":{"@type":"EntryPoint","urlTemplate":"https:\/\/abaa.mx\/tienda\/?s={search_term_string}"},"query-input":{"@type":"PropertyValueSpecification","valueRequired":true,"valueName":"search_term_string"}}],"inLanguage":"es"},{"@type":"Organization","@id":"https:\/\/abaa.mx\/tienda\/#organization","name":"Abaa tienda online","url":"https:\/\/abaa.mx\/tienda\/","logo":{"@type":"ImageObject","inLanguage":"es","@id":"https:\/\/abaa.mx\/tienda\/#\/schema\/logo\/image\/","url":"https:\/\/abaa.mx\/tienda\/wp-content\/uploads\/2024\/01\/abaa-metrologia-tienda.png","contentUrl":"https:\/\/abaa.mx\/tienda\/wp-content\/uploads\/2024\/01\/abaa-metrologia-tienda.png","width":300,"height":141,"caption":"Abaa tienda online"},"image":{"@id":"https:\/\/abaa.mx\/tienda\/#\/schema\/logo\/image\/"}}]}},"_links":{"self":[{"href":"https:\/\/abaa.mx\/tienda\/wp-json\/wp\/v2\/product\/9981","targetHints":{"allow":["GET"]}}],"collection":[{"href":"https:\/\/abaa.mx\/tienda\/wp-json\/wp\/v2\/product"}],"about":[{"href":"https:\/\/abaa.mx\/tienda\/wp-json\/wp\/v2\/types\/product"}],"replies":[{"embeddable":true,"href":"https:\/\/abaa.mx\/tienda\/wp-json\/wp\/v2\/comments?post=9981"}],"wp:featuredmedia":[{"embeddable":true,"href":"https:\/\/abaa.mx\/tienda\/wp-json\/wp\/v2\/media\/9982"}],"wp:attachment":[{"href":"https:\/\/abaa.mx\/tienda\/wp-json\/wp\/v2\/media?parent=9981"}],"wp:term":[{"taxonomy":"product_brand","embeddable":true,"href":"https:\/\/abaa.mx\/tienda\/wp-json\/wp\/v2\/product_brand?post=9981"},{"taxonomy":"product_cat","embeddable":true,"href":"https:\/\/abaa.mx\/tienda\/wp-json\/wp\/v2\/product_cat?post=9981"},{"taxonomy":"product_tag","embeddable":true,"href":"https:\/\/abaa.mx\/tienda\/wp-json\/wp\/v2\/product_tag?post=9981"}],"curies":[{"name":"wp","href":"https:\/\/api.w.org\/{rel}","templated":true}]}}