{"id":9979,"date":"2024-01-02T17:45:08","date_gmt":"2024-01-02T17:45:08","guid":{"rendered":"https:\/\/abaa.mx\/tienda\/?post_type=product&#038;p=9979"},"modified":"2024-01-02T17:45:08","modified_gmt":"2024-01-02T17:45:08","slug":"381277-adaptador-de-temperatura-k-para-multimetro-20-1370c-1mv-c","status":"publish","type":"product","link":"https:\/\/abaa.mx\/tienda\/381277-adaptador-de-temperatura-k-para-multimetro-20-1370c-1mv-c\/","title":{"rendered":"381277 \u2014 adaptador de temperatura k para multimetro (-20, 1370\u00b0c) , 1mv-\u00b0c"},"content":{"rendered":"<p>381277 \u2014 adaptador de temperatura k para multimetro (-20, 1370\u00b0c) , 1mv-\u00b0c.<\/p>\n","protected":false},"excerpt":{"rendered":"<p><strong>Caracter\u00edsticas:<\/strong><\/p>\n<table style=\"height: 1043px;\" width=\"1278\">\n<tbody>\n<tr>\n<td colspan=\"2\"><strong>Informaci\u00f3n general<\/strong><\/td>\n<\/tr>\n<tr>\n<td width=\"432\">Fabricante<\/td>\n<td width=\"741\">Extech<\/td>\n<\/tr>\n<tr>\n<td width=\"432\">N\u00famero de pieza del fabricante<\/td>\n<td width=\"741\">381277<\/td>\n<\/tr>\n<tr>\n<td width=\"432\">L\u00ednea de productos<\/td>\n<td width=\"741\">Mult\u00edmetros Accesorios<\/td>\n<\/tr>\n<tr>\n<td width=\"432\">Nombre del producto<\/td>\n<td width=\"741\">381277 Adaptador de temperatura tipo K<\/td>\n<\/tr>\n<tr>\n<td colspan=\"2\"><strong>Marketing Informaci\u00f3n<\/strong><\/td>\n<\/tr>\n<tr>\n<td colspan=\"2\">Capaz de realizar amplias lecturas de temperatura para 2000\u00b0F. El uso cuidadoso de este dispositivo proporcionar\u00e1 a\u00f1os de servicio confiable.<\/td>\n<\/tr>\n<tr>\n<td colspan=\"2\"><strong>Funciones<\/strong><\/td>\n<\/tr>\n<tr>\n<td colspan=\"2\">\n<ul>\n<li>El adaptador tipo K es conmutable a \u00b0C\/\u00b0F con salida de 1 mVper 1\u00b0<\/li>\n<li>Utilice el rango de 200 mV de CC de DMM para obtener lecturas de 0 a 2000 \u00b0F y de -20 a 1370 \u00b0C<\/li>\n<li>Precisi\u00f3n del 3 % hasta 223 \u00b0F y del 5 % Precisi\u00f3n para rangos m\u00e1s altos<\/li>\n<li>Completo con alambre de tal\u00f3n de respuesta r\u00e1pida sonda (m\u00e1x. 650 \u00b0F). Mult\u00edmetro no incluido.<\/li>\n<\/ul>\n<\/td>\n<\/tr>\n<tr>\n<td colspan=\"2\"><strong>Caracter\u00edsticas t\u00e9cnicas<\/strong><\/td>\n<\/tr>\n<tr>\n<td>Rango de temperatura<\/td>\n<td>0 a 2000 \u00b0F (-20 a 1370 \u00b0C)<\/td>\n<\/tr>\n<tr>\n<td>Salida del adaptador de resoluci\u00f3n de salida<\/td>\n<td>1 mV por grado C o F<\/td>\n<\/tr>\n<tr>\n<td>Exactitud<\/td>\n<td>+3 % a 233 \u00b0F (112 \u00b0C) (+5 % por encima de 233 \u00b0F)<\/td>\n<\/tr>\n<tr>\n<td>Fuente de alimentaci\u00f3n<\/td>\n<td>Bater\u00eda de CC de 9 V (tipo de servicio pesado).<\/td>\n<\/tr>\n<tr>\n<td>Accesorios suministrados<\/td>\n<td>Bater\u00eda de 9 V y termopar tipo K<\/td>\n<\/tr>\n<tr>\n<td>Peso<\/td>\n<td>5 onzas (142 g)<\/td>\n<\/tr>\n<tr>\n<td>Dimensiones<\/td>\n<td>3 x 2 x 1&#8243; (76 x 51 x 25 mm)<\/td>\n<\/tr>\n<\/tbody>\n<\/table>\n<p>&nbsp;<\/p>\n","protected":false},"featured_media":9980,"comment_status":"open","ping_status":"closed","template":"","meta":{"_joinchat":[]},"product_brand":[],"product_cat":[15],"product_tag":[],"class_list":{"0":"post-9979","1":"product","2":"type-product","3":"status-publish","4":"has-post-thumbnail","6":"product_cat-sin-categorizar","8":"first","9":"instock","10":"shipping-taxable","11":"product-type-simple"},"yoast_head":"<!-- This site is optimized with the Yoast SEO plugin v26.4 - https:\/\/yoast.com\/wordpress\/plugins\/seo\/ -->\n<title>381277 \u2014 adaptador de temperatura k para multimetro (-20, 1370\u00b0c) , 1mv-\u00b0c - Abaa tienda online<\/title>\n<meta name=\"robots\" content=\"index, follow, max-snippet:-1, max-image-preview:large, max-video-preview:-1\" \/>\n<link rel=\"canonical\" href=\"https:\/\/abaa.mx\/tienda\/381277-adaptador-de-temperatura-k-para-multimetro-20-1370c-1mv-c\/\" \/>\n<meta property=\"og:locale\" content=\"es_MX\" \/>\n<meta property=\"og:type\" content=\"article\" \/>\n<meta property=\"og:title\" content=\"381277 \u2014 adaptador de temperatura k para multimetro (-20, 1370\u00b0c) , 1mv-\u00b0c - Abaa tienda online\" \/>\n<meta property=\"og:description\" content=\"Caracter\u00edsticas:    Informaci\u00f3n general   Fabricante Extech   N\u00famero de pieza del fabricante 381277   L\u00ednea de productos Mult\u00edmetros Accesorios   Nombre del producto 381277 Adaptador de temperatura tipo K   Marketing Informaci\u00f3n   Capaz de realizar amplias lecturas de temperatura para 2000\u00b0F. El uso cuidadoso de este dispositivo proporcionar\u00e1 a\u00f1os de servicio confiable.   Funciones      El adaptador tipo K es conmutable a \u00b0C\/\u00b0F con salida de 1 mVper 1\u00b0  Utilice el rango de 200 mV de CC de DMM para obtener lecturas de 0 a 2000 \u00b0F y de -20 a 1370 \u00b0C  Precisi\u00f3n del 3 % hasta 223 \u00b0F y del 5 % Precisi\u00f3n para rangos m\u00e1s altos  Completo con alambre de tal\u00f3n de respuesta r\u00e1pida sonda (m\u00e1x. 650 \u00b0F). Mult\u00edmetro no incluido.     Caracter\u00edsticas t\u00e9cnicas   Rango de temperatura 0 a 2000 \u00b0F (-20 a 1370 \u00b0C)   Salida del adaptador de resoluci\u00f3n de salida 1 mV por grado C o F   Exactitud +3 % a 233 \u00b0F (112 \u00b0C) (+5 % por encima de 233 \u00b0F)   Fuente de alimentaci\u00f3n Bater\u00eda de CC de 9 V (tipo de servicio pesado).   Accesorios suministrados Bater\u00eda de 9 V y termopar tipo K   Peso 5 onzas (142 g)   Dimensiones 3 x 2 x 1&quot; (76 x 51 x 25 mm)    &nbsp;\" \/>\n<meta property=\"og:url\" content=\"https:\/\/abaa.mx\/tienda\/381277-adaptador-de-temperatura-k-para-multimetro-20-1370c-1mv-c\/\" \/>\n<meta property=\"og:site_name\" content=\"Abaa tienda online\" \/>\n<meta property=\"og:image\" content=\"https:\/\/abaa.mx\/tienda\/wp-content\/uploads\/2024\/01\/EXTECH-381277-ADAPTADOR.jpg\" \/>\n\t<meta property=\"og:image:width\" content=\"370\" \/>\n\t<meta property=\"og:image:height\" content=\"533\" \/>\n\t<meta property=\"og:image:type\" content=\"image\/jpeg\" \/>\n<meta name=\"twitter:card\" content=\"summary_large_image\" \/>\n<meta name=\"twitter:label1\" content=\"Tiempo de lectura\" \/>\n\t<meta name=\"twitter:data1\" content=\"1 minuto\" \/>\n<script type=\"application\/ld+json\" class=\"yoast-schema-graph\">{\"@context\":\"https:\/\/schema.org\",\"@graph\":[{\"@type\":\"WebPage\",\"@id\":\"https:\/\/abaa.mx\/tienda\/381277-adaptador-de-temperatura-k-para-multimetro-20-1370c-1mv-c\/\",\"url\":\"https:\/\/abaa.mx\/tienda\/381277-adaptador-de-temperatura-k-para-multimetro-20-1370c-1mv-c\/\",\"name\":\"381277 \u2014 adaptador de temperatura k para multimetro (-20, 1370\u00b0c) , 1mv-\u00b0c - Abaa tienda online\",\"isPartOf\":{\"@id\":\"https:\/\/abaa.mx\/tienda\/#website\"},\"primaryImageOfPage\":{\"@id\":\"https:\/\/abaa.mx\/tienda\/381277-adaptador-de-temperatura-k-para-multimetro-20-1370c-1mv-c\/#primaryimage\"},\"image\":{\"@id\":\"https:\/\/abaa.mx\/tienda\/381277-adaptador-de-temperatura-k-para-multimetro-20-1370c-1mv-c\/#primaryimage\"},\"thumbnailUrl\":\"https:\/\/abaa.mx\/tienda\/wp-content\/uploads\/2024\/01\/EXTECH-381277-ADAPTADOR.jpg\",\"datePublished\":\"2024-01-02T17:45:08+00:00\",\"breadcrumb\":{\"@id\":\"https:\/\/abaa.mx\/tienda\/381277-adaptador-de-temperatura-k-para-multimetro-20-1370c-1mv-c\/#breadcrumb\"},\"inLanguage\":\"es\",\"potentialAction\":[{\"@type\":\"ReadAction\",\"target\":[\"https:\/\/abaa.mx\/tienda\/381277-adaptador-de-temperatura-k-para-multimetro-20-1370c-1mv-c\/\"]}]},{\"@type\":\"ImageObject\",\"inLanguage\":\"es\",\"@id\":\"https:\/\/abaa.mx\/tienda\/381277-adaptador-de-temperatura-k-para-multimetro-20-1370c-1mv-c\/#primaryimage\",\"url\":\"https:\/\/abaa.mx\/tienda\/wp-content\/uploads\/2024\/01\/EXTECH-381277-ADAPTADOR.jpg\",\"contentUrl\":\"https:\/\/abaa.mx\/tienda\/wp-content\/uploads\/2024\/01\/EXTECH-381277-ADAPTADOR.jpg\",\"width\":370,\"height\":533,\"caption\":\"EXTECH-381277-ADAPTADOR\"},{\"@type\":\"BreadcrumbList\",\"@id\":\"https:\/\/abaa.mx\/tienda\/381277-adaptador-de-temperatura-k-para-multimetro-20-1370c-1mv-c\/#breadcrumb\",\"itemListElement\":[{\"@type\":\"ListItem\",\"position\":1,\"name\":\"Inicio\",\"item\":\"https:\/\/abaa.mx\/tienda\/\"},{\"@type\":\"ListItem\",\"position\":2,\"name\":\"Tienda\",\"item\":\"https:\/\/abaa.mx\/tienda\/\"},{\"@type\":\"ListItem\",\"position\":3,\"name\":\"381277 \u2014 adaptador de temperatura k para multimetro (-20, 1370\u00b0c) , 1mv-\u00b0c\"}]},{\"@type\":\"WebSite\",\"@id\":\"https:\/\/abaa.mx\/tienda\/#website\",\"url\":\"https:\/\/abaa.mx\/tienda\/\",\"name\":\"Abaa tienda online\",\"description\":\"Instrumentos de medici\u00f3n\",\"publisher\":{\"@id\":\"https:\/\/abaa.mx\/tienda\/#organization\"},\"potentialAction\":[{\"@type\":\"SearchAction\",\"target\":{\"@type\":\"EntryPoint\",\"urlTemplate\":\"https:\/\/abaa.mx\/tienda\/?s={search_term_string}\"},\"query-input\":{\"@type\":\"PropertyValueSpecification\",\"valueRequired\":true,\"valueName\":\"search_term_string\"}}],\"inLanguage\":\"es\"},{\"@type\":\"Organization\",\"@id\":\"https:\/\/abaa.mx\/tienda\/#organization\",\"name\":\"Abaa tienda online\",\"url\":\"https:\/\/abaa.mx\/tienda\/\",\"logo\":{\"@type\":\"ImageObject\",\"inLanguage\":\"es\",\"@id\":\"https:\/\/abaa.mx\/tienda\/#\/schema\/logo\/image\/\",\"url\":\"https:\/\/abaa.mx\/tienda\/wp-content\/uploads\/2024\/01\/abaa-metrologia-tienda.png\",\"contentUrl\":\"https:\/\/abaa.mx\/tienda\/wp-content\/uploads\/2024\/01\/abaa-metrologia-tienda.png\",\"width\":300,\"height\":141,\"caption\":\"Abaa tienda online\"},\"image\":{\"@id\":\"https:\/\/abaa.mx\/tienda\/#\/schema\/logo\/image\/\"}}]}<\/script>\n<!-- \/ Yoast SEO plugin. -->","yoast_head_json":{"title":"381277 \u2014 adaptador de temperatura k para multimetro (-20, 1370\u00b0c) , 1mv-\u00b0c - Abaa tienda online","robots":{"index":"index","follow":"follow","max-snippet":"max-snippet:-1","max-image-preview":"max-image-preview:large","max-video-preview":"max-video-preview:-1"},"canonical":"https:\/\/abaa.mx\/tienda\/381277-adaptador-de-temperatura-k-para-multimetro-20-1370c-1mv-c\/","og_locale":"es_MX","og_type":"article","og_title":"381277 \u2014 adaptador de temperatura k para multimetro (-20, 1370\u00b0c) , 1mv-\u00b0c - Abaa tienda online","og_description":"Caracter\u00edsticas:    Informaci\u00f3n general   Fabricante Extech   N\u00famero de pieza del fabricante 381277   L\u00ednea de productos Mult\u00edmetros Accesorios   Nombre del producto 381277 Adaptador de temperatura tipo K   Marketing Informaci\u00f3n   Capaz de realizar amplias lecturas de temperatura para 2000\u00b0F. El uso cuidadoso de este dispositivo proporcionar\u00e1 a\u00f1os de servicio confiable.   Funciones      El adaptador tipo K es conmutable a \u00b0C\/\u00b0F con salida de 1 mVper 1\u00b0  Utilice el rango de 200 mV de CC de DMM para obtener lecturas de 0 a 2000 \u00b0F y de -20 a 1370 \u00b0C  Precisi\u00f3n del 3 % hasta 223 \u00b0F y del 5 % Precisi\u00f3n para rangos m\u00e1s altos  Completo con alambre de tal\u00f3n de respuesta r\u00e1pida sonda (m\u00e1x. 650 \u00b0F). Mult\u00edmetro no incluido.     Caracter\u00edsticas t\u00e9cnicas   Rango de temperatura 0 a 2000 \u00b0F (-20 a 1370 \u00b0C)   Salida del adaptador de resoluci\u00f3n de salida 1 mV por grado C o F   Exactitud +3 % a 233 \u00b0F (112 \u00b0C) (+5 % por encima de 233 \u00b0F)   Fuente de alimentaci\u00f3n Bater\u00eda de CC de 9 V (tipo de servicio pesado).   Accesorios suministrados Bater\u00eda de 9 V y termopar tipo K   Peso 5 onzas (142 g)   Dimensiones 3 x 2 x 1\" (76 x 51 x 25 mm)    &nbsp;","og_url":"https:\/\/abaa.mx\/tienda\/381277-adaptador-de-temperatura-k-para-multimetro-20-1370c-1mv-c\/","og_site_name":"Abaa tienda online","og_image":[{"width":370,"height":533,"url":"https:\/\/abaa.mx\/tienda\/wp-content\/uploads\/2024\/01\/EXTECH-381277-ADAPTADOR.jpg","type":"image\/jpeg"}],"twitter_card":"summary_large_image","twitter_misc":{"Tiempo de lectura":"1 minuto"},"schema":{"@context":"https:\/\/schema.org","@graph":[{"@type":"WebPage","@id":"https:\/\/abaa.mx\/tienda\/381277-adaptador-de-temperatura-k-para-multimetro-20-1370c-1mv-c\/","url":"https:\/\/abaa.mx\/tienda\/381277-adaptador-de-temperatura-k-para-multimetro-20-1370c-1mv-c\/","name":"381277 \u2014 adaptador de temperatura k para multimetro (-20, 1370\u00b0c) , 1mv-\u00b0c - Abaa tienda online","isPartOf":{"@id":"https:\/\/abaa.mx\/tienda\/#website"},"primaryImageOfPage":{"@id":"https:\/\/abaa.mx\/tienda\/381277-adaptador-de-temperatura-k-para-multimetro-20-1370c-1mv-c\/#primaryimage"},"image":{"@id":"https:\/\/abaa.mx\/tienda\/381277-adaptador-de-temperatura-k-para-multimetro-20-1370c-1mv-c\/#primaryimage"},"thumbnailUrl":"https:\/\/abaa.mx\/tienda\/wp-content\/uploads\/2024\/01\/EXTECH-381277-ADAPTADOR.jpg","datePublished":"2024-01-02T17:45:08+00:00","breadcrumb":{"@id":"https:\/\/abaa.mx\/tienda\/381277-adaptador-de-temperatura-k-para-multimetro-20-1370c-1mv-c\/#breadcrumb"},"inLanguage":"es","potentialAction":[{"@type":"ReadAction","target":["https:\/\/abaa.mx\/tienda\/381277-adaptador-de-temperatura-k-para-multimetro-20-1370c-1mv-c\/"]}]},{"@type":"ImageObject","inLanguage":"es","@id":"https:\/\/abaa.mx\/tienda\/381277-adaptador-de-temperatura-k-para-multimetro-20-1370c-1mv-c\/#primaryimage","url":"https:\/\/abaa.mx\/tienda\/wp-content\/uploads\/2024\/01\/EXTECH-381277-ADAPTADOR.jpg","contentUrl":"https:\/\/abaa.mx\/tienda\/wp-content\/uploads\/2024\/01\/EXTECH-381277-ADAPTADOR.jpg","width":370,"height":533,"caption":"EXTECH-381277-ADAPTADOR"},{"@type":"BreadcrumbList","@id":"https:\/\/abaa.mx\/tienda\/381277-adaptador-de-temperatura-k-para-multimetro-20-1370c-1mv-c\/#breadcrumb","itemListElement":[{"@type":"ListItem","position":1,"name":"Inicio","item":"https:\/\/abaa.mx\/tienda\/"},{"@type":"ListItem","position":2,"name":"Tienda","item":"https:\/\/abaa.mx\/tienda\/"},{"@type":"ListItem","position":3,"name":"381277 \u2014 adaptador de temperatura k para multimetro (-20, 1370\u00b0c) , 1mv-\u00b0c"}]},{"@type":"WebSite","@id":"https:\/\/abaa.mx\/tienda\/#website","url":"https:\/\/abaa.mx\/tienda\/","name":"Abaa tienda online","description":"Instrumentos de medici\u00f3n","publisher":{"@id":"https:\/\/abaa.mx\/tienda\/#organization"},"potentialAction":[{"@type":"SearchAction","target":{"@type":"EntryPoint","urlTemplate":"https:\/\/abaa.mx\/tienda\/?s={search_term_string}"},"query-input":{"@type":"PropertyValueSpecification","valueRequired":true,"valueName":"search_term_string"}}],"inLanguage":"es"},{"@type":"Organization","@id":"https:\/\/abaa.mx\/tienda\/#organization","name":"Abaa tienda online","url":"https:\/\/abaa.mx\/tienda\/","logo":{"@type":"ImageObject","inLanguage":"es","@id":"https:\/\/abaa.mx\/tienda\/#\/schema\/logo\/image\/","url":"https:\/\/abaa.mx\/tienda\/wp-content\/uploads\/2024\/01\/abaa-metrologia-tienda.png","contentUrl":"https:\/\/abaa.mx\/tienda\/wp-content\/uploads\/2024\/01\/abaa-metrologia-tienda.png","width":300,"height":141,"caption":"Abaa tienda online"},"image":{"@id":"https:\/\/abaa.mx\/tienda\/#\/schema\/logo\/image\/"}}]}},"_links":{"self":[{"href":"https:\/\/abaa.mx\/tienda\/wp-json\/wp\/v2\/product\/9979","targetHints":{"allow":["GET"]}}],"collection":[{"href":"https:\/\/abaa.mx\/tienda\/wp-json\/wp\/v2\/product"}],"about":[{"href":"https:\/\/abaa.mx\/tienda\/wp-json\/wp\/v2\/types\/product"}],"replies":[{"embeddable":true,"href":"https:\/\/abaa.mx\/tienda\/wp-json\/wp\/v2\/comments?post=9979"}],"wp:featuredmedia":[{"embeddable":true,"href":"https:\/\/abaa.mx\/tienda\/wp-json\/wp\/v2\/media\/9980"}],"wp:attachment":[{"href":"https:\/\/abaa.mx\/tienda\/wp-json\/wp\/v2\/media?parent=9979"}],"wp:term":[{"taxonomy":"product_brand","embeddable":true,"href":"https:\/\/abaa.mx\/tienda\/wp-json\/wp\/v2\/product_brand?post=9979"},{"taxonomy":"product_cat","embeddable":true,"href":"https:\/\/abaa.mx\/tienda\/wp-json\/wp\/v2\/product_cat?post=9979"},{"taxonomy":"product_tag","embeddable":true,"href":"https:\/\/abaa.mx\/tienda\/wp-json\/wp\/v2\/product_tag?post=9979"}],"curies":[{"name":"wp","href":"https:\/\/api.w.org\/{rel}","templated":true}]}}