{"id":9976,"date":"2024-01-02T15:24:06","date_gmt":"2024-01-02T15:24:06","guid":{"rendered":"https:\/\/abaa.mx\/tienda\/?post_type=product&#038;p=9976"},"modified":"2024-01-05T15:58:49","modified_gmt":"2024-01-05T15:58:49","slug":"ex505-k-juego-d-multimetro-industrial-c-8-piezas","status":"publish","type":"product","link":"https:\/\/abaa.mx\/tienda\/ex505-k-juego-d-multimetro-industrial-c-8-piezas\/","title":{"rendered":"Ex505-k \u2014 juego d-multimetro industrial c-8 piezas"},"content":{"rendered":"<p>Ex505-k \u2014 juego d-multimetro industrial c-8 piezas.<\/p>\n","protected":false},"excerpt":{"rendered":"<h4 style=\"font-weight: 500;\"><strong>Caracter\u00edsticas:<\/strong><\/h4>\n<p style=\"font-weight: 400;\">El EX505-K es un kit de mult\u00edmetro industrial de alta resistencia. El kit incluye los productos EX505, DV25 y TL808 de Extech. El kit le proporciona un medidor confiable y todos los accesorios necesarios para la resoluci\u00f3n de problemas el\u00e9ctricos industriales. Los productos se suministran en un estuche de transporte blando que brinda protecci\u00f3n y organizaci\u00f3n a los medidores siempre que se necesiten.<\/p>\n<p>El kit incluye:<\/p>\n<ul>\n<li style=\"list-style-type: none;\">\n<ul>\n<li><b>EX505<\/b>\u00a0&#8211; Mult\u00edmetro resistente a prueba de ca\u00eddas a prueba de agua con pantalla de 4000\u00a0<b>cuentas<\/b> CAT IV-600V de grado industrial con funciones de verdadero valor eficaz.<\/li>\n<li><b>DV25<\/b> &#8211; Detector de voltaje de CA de rango doble (24 a 1000 VCA \/ 100 a 1000 VCA) + linterna con indicador audible \/ visual, carcasa de doble molde y clasificaci\u00f3n de seguridad CAT IV-1000V.<\/li>\n<li><b>TL808<\/b>\u00a0&#8211;\u00a0<b>Juego de cables<\/b> de prueba profesionales de 8 piezas con clasificaci\u00f3n de seguridad CAT III-1000V.<\/li>\n<li>Juego de cables de prueba profesionales de doble moldeado.<\/li>\n<li>Sonda de termopar tipo K y adaptador de entrada tipo K a banana.<\/li>\n<\/ul>\n<\/li>\n<\/ul>\n<p>Se suministra en un estuche de transporte blando que brinda protecci\u00f3n y organizaci\u00f3n a los medidores siempre que se necesiten.<\/p>\n","protected":false},"featured_media":9977,"comment_status":"open","ping_status":"closed","template":"","meta":{"_joinchat":[]},"product_brand":[],"product_cat":[15],"product_tag":[],"class_list":{"0":"post-9976","1":"product","2":"type-product","3":"status-publish","4":"has-post-thumbnail","6":"product_cat-sin-categorizar","8":"first","9":"instock","10":"shipping-taxable","11":"product-type-simple"},"yoast_head":"<!-- This site is optimized with the Yoast SEO plugin v26.4 - https:\/\/yoast.com\/wordpress\/plugins\/seo\/ -->\n<title>Ex505-k \u2014 juego d-multimetro industrial c-8 piezas - Abaa tienda online<\/title>\n<meta name=\"robots\" content=\"index, follow, max-snippet:-1, max-image-preview:large, max-video-preview:-1\" \/>\n<link rel=\"canonical\" href=\"https:\/\/abaa.mx\/tienda\/ex505-k-juego-d-multimetro-industrial-c-8-piezas\/\" \/>\n<meta property=\"og:locale\" content=\"es_MX\" \/>\n<meta property=\"og:type\" content=\"article\" \/>\n<meta property=\"og:title\" content=\"Ex505-k \u2014 juego d-multimetro industrial c-8 piezas - Abaa tienda online\" \/>\n<meta property=\"og:description\" content=\"Caracter\u00edsticas: El EX505-K es un kit de mult\u00edmetro industrial de alta resistencia. El kit incluye los productos EX505, DV25 y TL808 de Extech. El kit le proporciona un medidor confiable y todos los accesorios necesarios para la resoluci\u00f3n de problemas el\u00e9ctricos industriales. Los productos se suministran en un estuche de transporte blando que brinda protecci\u00f3n y organizaci\u00f3n a los medidores siempre que se necesiten. El kit incluye:      EX505\u00a0- Mult\u00edmetro resistente a prueba de ca\u00eddas a prueba de agua con pantalla de 4000\u00a0cuentas CAT IV-600V de grado industrial con funciones de verdadero valor eficaz.  DV25 - Detector de voltaje de CA de rango doble (24 a 1000 VCA \/ 100 a 1000 VCA) + linterna con indicador audible \/ visual, carcasa de doble molde y clasificaci\u00f3n de seguridad CAT IV-1000V.  TL808\u00a0-\u00a0Juego de cables de prueba profesionales de 8 piezas con clasificaci\u00f3n de seguridad CAT III-1000V.  Juego de cables de prueba profesionales de doble moldeado.  Sonda de termopar tipo K y adaptador de entrada tipo K a banana.    Se suministra en un estuche de transporte blando que brinda protecci\u00f3n y organizaci\u00f3n a los medidores siempre que se necesiten.\" \/>\n<meta property=\"og:url\" content=\"https:\/\/abaa.mx\/tienda\/ex505-k-juego-d-multimetro-industrial-c-8-piezas\/\" \/>\n<meta property=\"og:site_name\" content=\"Abaa tienda online\" \/>\n<meta property=\"article:modified_time\" content=\"2024-01-05T15:58:49+00:00\" \/>\n<meta property=\"og:image\" content=\"https:\/\/abaa.mx\/tienda\/wp-content\/uploads\/2024\/01\/EXTECH-EX505-K-JUEGO.jpg\" \/>\n\t<meta property=\"og:image:width\" content=\"558\" \/>\n\t<meta property=\"og:image:height\" content=\"560\" \/>\n\t<meta property=\"og:image:type\" content=\"image\/jpeg\" \/>\n<meta name=\"twitter:card\" content=\"summary_large_image\" \/>\n<meta name=\"twitter:label1\" content=\"Tiempo de lectura\" \/>\n\t<meta name=\"twitter:data1\" content=\"1 minuto\" \/>\n<script type=\"application\/ld+json\" class=\"yoast-schema-graph\">{\"@context\":\"https:\/\/schema.org\",\"@graph\":[{\"@type\":\"WebPage\",\"@id\":\"https:\/\/abaa.mx\/tienda\/ex505-k-juego-d-multimetro-industrial-c-8-piezas\/\",\"url\":\"https:\/\/abaa.mx\/tienda\/ex505-k-juego-d-multimetro-industrial-c-8-piezas\/\",\"name\":\"Ex505-k \u2014 juego d-multimetro industrial c-8 piezas - Abaa tienda online\",\"isPartOf\":{\"@id\":\"https:\/\/abaa.mx\/tienda\/#website\"},\"primaryImageOfPage\":{\"@id\":\"https:\/\/abaa.mx\/tienda\/ex505-k-juego-d-multimetro-industrial-c-8-piezas\/#primaryimage\"},\"image\":{\"@id\":\"https:\/\/abaa.mx\/tienda\/ex505-k-juego-d-multimetro-industrial-c-8-piezas\/#primaryimage\"},\"thumbnailUrl\":\"https:\/\/abaa.mx\/tienda\/wp-content\/uploads\/2024\/01\/EXTECH-EX505-K-JUEGO.jpg\",\"datePublished\":\"2024-01-02T15:24:06+00:00\",\"dateModified\":\"2024-01-05T15:58:49+00:00\",\"breadcrumb\":{\"@id\":\"https:\/\/abaa.mx\/tienda\/ex505-k-juego-d-multimetro-industrial-c-8-piezas\/#breadcrumb\"},\"inLanguage\":\"es\",\"potentialAction\":[{\"@type\":\"ReadAction\",\"target\":[\"https:\/\/abaa.mx\/tienda\/ex505-k-juego-d-multimetro-industrial-c-8-piezas\/\"]}]},{\"@type\":\"ImageObject\",\"inLanguage\":\"es\",\"@id\":\"https:\/\/abaa.mx\/tienda\/ex505-k-juego-d-multimetro-industrial-c-8-piezas\/#primaryimage\",\"url\":\"https:\/\/abaa.mx\/tienda\/wp-content\/uploads\/2024\/01\/EXTECH-EX505-K-JUEGO.jpg\",\"contentUrl\":\"https:\/\/abaa.mx\/tienda\/wp-content\/uploads\/2024\/01\/EXTECH-EX505-K-JUEGO.jpg\",\"width\":558,\"height\":560,\"caption\":\"EXTECH-EX505-K-JUEGO\"},{\"@type\":\"BreadcrumbList\",\"@id\":\"https:\/\/abaa.mx\/tienda\/ex505-k-juego-d-multimetro-industrial-c-8-piezas\/#breadcrumb\",\"itemListElement\":[{\"@type\":\"ListItem\",\"position\":1,\"name\":\"Inicio\",\"item\":\"https:\/\/abaa.mx\/tienda\/\"},{\"@type\":\"ListItem\",\"position\":2,\"name\":\"Tienda\",\"item\":\"https:\/\/abaa.mx\/tienda\/\"},{\"@type\":\"ListItem\",\"position\":3,\"name\":\"Ex505-k \u2014 juego d-multimetro industrial c-8 piezas\"}]},{\"@type\":\"WebSite\",\"@id\":\"https:\/\/abaa.mx\/tienda\/#website\",\"url\":\"https:\/\/abaa.mx\/tienda\/\",\"name\":\"Abaa tienda online\",\"description\":\"Instrumentos de medici\u00f3n\",\"publisher\":{\"@id\":\"https:\/\/abaa.mx\/tienda\/#organization\"},\"potentialAction\":[{\"@type\":\"SearchAction\",\"target\":{\"@type\":\"EntryPoint\",\"urlTemplate\":\"https:\/\/abaa.mx\/tienda\/?s={search_term_string}\"},\"query-input\":{\"@type\":\"PropertyValueSpecification\",\"valueRequired\":true,\"valueName\":\"search_term_string\"}}],\"inLanguage\":\"es\"},{\"@type\":\"Organization\",\"@id\":\"https:\/\/abaa.mx\/tienda\/#organization\",\"name\":\"Abaa tienda online\",\"url\":\"https:\/\/abaa.mx\/tienda\/\",\"logo\":{\"@type\":\"ImageObject\",\"inLanguage\":\"es\",\"@id\":\"https:\/\/abaa.mx\/tienda\/#\/schema\/logo\/image\/\",\"url\":\"https:\/\/abaa.mx\/tienda\/wp-content\/uploads\/2024\/01\/abaa-metrologia-tienda.png\",\"contentUrl\":\"https:\/\/abaa.mx\/tienda\/wp-content\/uploads\/2024\/01\/abaa-metrologia-tienda.png\",\"width\":300,\"height\":141,\"caption\":\"Abaa tienda online\"},\"image\":{\"@id\":\"https:\/\/abaa.mx\/tienda\/#\/schema\/logo\/image\/\"}}]}<\/script>\n<!-- \/ Yoast SEO plugin. -->","yoast_head_json":{"title":"Ex505-k \u2014 juego d-multimetro industrial c-8 piezas - Abaa tienda online","robots":{"index":"index","follow":"follow","max-snippet":"max-snippet:-1","max-image-preview":"max-image-preview:large","max-video-preview":"max-video-preview:-1"},"canonical":"https:\/\/abaa.mx\/tienda\/ex505-k-juego-d-multimetro-industrial-c-8-piezas\/","og_locale":"es_MX","og_type":"article","og_title":"Ex505-k \u2014 juego d-multimetro industrial c-8 piezas - Abaa tienda online","og_description":"Caracter\u00edsticas: El EX505-K es un kit de mult\u00edmetro industrial de alta resistencia. El kit incluye los productos EX505, DV25 y TL808 de Extech. El kit le proporciona un medidor confiable y todos los accesorios necesarios para la resoluci\u00f3n de problemas el\u00e9ctricos industriales. Los productos se suministran en un estuche de transporte blando que brinda protecci\u00f3n y organizaci\u00f3n a los medidores siempre que se necesiten. El kit incluye:      EX505\u00a0- Mult\u00edmetro resistente a prueba de ca\u00eddas a prueba de agua con pantalla de 4000\u00a0cuentas CAT IV-600V de grado industrial con funciones de verdadero valor eficaz.  DV25 - Detector de voltaje de CA de rango doble (24 a 1000 VCA \/ 100 a 1000 VCA) + linterna con indicador audible \/ visual, carcasa de doble molde y clasificaci\u00f3n de seguridad CAT IV-1000V.  TL808\u00a0-\u00a0Juego de cables de prueba profesionales de 8 piezas con clasificaci\u00f3n de seguridad CAT III-1000V.  Juego de cables de prueba profesionales de doble moldeado.  Sonda de termopar tipo K y adaptador de entrada tipo K a banana.    Se suministra en un estuche de transporte blando que brinda protecci\u00f3n y organizaci\u00f3n a los medidores siempre que se necesiten.","og_url":"https:\/\/abaa.mx\/tienda\/ex505-k-juego-d-multimetro-industrial-c-8-piezas\/","og_site_name":"Abaa tienda online","article_modified_time":"2024-01-05T15:58:49+00:00","og_image":[{"width":558,"height":560,"url":"https:\/\/abaa.mx\/tienda\/wp-content\/uploads\/2024\/01\/EXTECH-EX505-K-JUEGO.jpg","type":"image\/jpeg"}],"twitter_card":"summary_large_image","twitter_misc":{"Tiempo de lectura":"1 minuto"},"schema":{"@context":"https:\/\/schema.org","@graph":[{"@type":"WebPage","@id":"https:\/\/abaa.mx\/tienda\/ex505-k-juego-d-multimetro-industrial-c-8-piezas\/","url":"https:\/\/abaa.mx\/tienda\/ex505-k-juego-d-multimetro-industrial-c-8-piezas\/","name":"Ex505-k \u2014 juego d-multimetro industrial c-8 piezas - Abaa tienda online","isPartOf":{"@id":"https:\/\/abaa.mx\/tienda\/#website"},"primaryImageOfPage":{"@id":"https:\/\/abaa.mx\/tienda\/ex505-k-juego-d-multimetro-industrial-c-8-piezas\/#primaryimage"},"image":{"@id":"https:\/\/abaa.mx\/tienda\/ex505-k-juego-d-multimetro-industrial-c-8-piezas\/#primaryimage"},"thumbnailUrl":"https:\/\/abaa.mx\/tienda\/wp-content\/uploads\/2024\/01\/EXTECH-EX505-K-JUEGO.jpg","datePublished":"2024-01-02T15:24:06+00:00","dateModified":"2024-01-05T15:58:49+00:00","breadcrumb":{"@id":"https:\/\/abaa.mx\/tienda\/ex505-k-juego-d-multimetro-industrial-c-8-piezas\/#breadcrumb"},"inLanguage":"es","potentialAction":[{"@type":"ReadAction","target":["https:\/\/abaa.mx\/tienda\/ex505-k-juego-d-multimetro-industrial-c-8-piezas\/"]}]},{"@type":"ImageObject","inLanguage":"es","@id":"https:\/\/abaa.mx\/tienda\/ex505-k-juego-d-multimetro-industrial-c-8-piezas\/#primaryimage","url":"https:\/\/abaa.mx\/tienda\/wp-content\/uploads\/2024\/01\/EXTECH-EX505-K-JUEGO.jpg","contentUrl":"https:\/\/abaa.mx\/tienda\/wp-content\/uploads\/2024\/01\/EXTECH-EX505-K-JUEGO.jpg","width":558,"height":560,"caption":"EXTECH-EX505-K-JUEGO"},{"@type":"BreadcrumbList","@id":"https:\/\/abaa.mx\/tienda\/ex505-k-juego-d-multimetro-industrial-c-8-piezas\/#breadcrumb","itemListElement":[{"@type":"ListItem","position":1,"name":"Inicio","item":"https:\/\/abaa.mx\/tienda\/"},{"@type":"ListItem","position":2,"name":"Tienda","item":"https:\/\/abaa.mx\/tienda\/"},{"@type":"ListItem","position":3,"name":"Ex505-k \u2014 juego d-multimetro industrial c-8 piezas"}]},{"@type":"WebSite","@id":"https:\/\/abaa.mx\/tienda\/#website","url":"https:\/\/abaa.mx\/tienda\/","name":"Abaa tienda online","description":"Instrumentos de medici\u00f3n","publisher":{"@id":"https:\/\/abaa.mx\/tienda\/#organization"},"potentialAction":[{"@type":"SearchAction","target":{"@type":"EntryPoint","urlTemplate":"https:\/\/abaa.mx\/tienda\/?s={search_term_string}"},"query-input":{"@type":"PropertyValueSpecification","valueRequired":true,"valueName":"search_term_string"}}],"inLanguage":"es"},{"@type":"Organization","@id":"https:\/\/abaa.mx\/tienda\/#organization","name":"Abaa tienda online","url":"https:\/\/abaa.mx\/tienda\/","logo":{"@type":"ImageObject","inLanguage":"es","@id":"https:\/\/abaa.mx\/tienda\/#\/schema\/logo\/image\/","url":"https:\/\/abaa.mx\/tienda\/wp-content\/uploads\/2024\/01\/abaa-metrologia-tienda.png","contentUrl":"https:\/\/abaa.mx\/tienda\/wp-content\/uploads\/2024\/01\/abaa-metrologia-tienda.png","width":300,"height":141,"caption":"Abaa tienda online"},"image":{"@id":"https:\/\/abaa.mx\/tienda\/#\/schema\/logo\/image\/"}}]}},"_links":{"self":[{"href":"https:\/\/abaa.mx\/tienda\/wp-json\/wp\/v2\/product\/9976","targetHints":{"allow":["GET"]}}],"collection":[{"href":"https:\/\/abaa.mx\/tienda\/wp-json\/wp\/v2\/product"}],"about":[{"href":"https:\/\/abaa.mx\/tienda\/wp-json\/wp\/v2\/types\/product"}],"replies":[{"embeddable":true,"href":"https:\/\/abaa.mx\/tienda\/wp-json\/wp\/v2\/comments?post=9976"}],"wp:featuredmedia":[{"embeddable":true,"href":"https:\/\/abaa.mx\/tienda\/wp-json\/wp\/v2\/media\/9977"}],"wp:attachment":[{"href":"https:\/\/abaa.mx\/tienda\/wp-json\/wp\/v2\/media?parent=9976"}],"wp:term":[{"taxonomy":"product_brand","embeddable":true,"href":"https:\/\/abaa.mx\/tienda\/wp-json\/wp\/v2\/product_brand?post=9976"},{"taxonomy":"product_cat","embeddable":true,"href":"https:\/\/abaa.mx\/tienda\/wp-json\/wp\/v2\/product_cat?post=9976"},{"taxonomy":"product_tag","embeddable":true,"href":"https:\/\/abaa.mx\/tienda\/wp-json\/wp\/v2\/product_tag?post=9976"}],"curies":[{"name":"wp","href":"https:\/\/api.w.org\/{rel}","templated":true}]}}