{"id":9972,"date":"2024-01-02T14:47:21","date_gmt":"2024-01-02T14:47:21","guid":{"rendered":"https:\/\/abaa.mx\/tienda\/?post_type=product&#038;p=9972"},"modified":"2024-01-05T15:32:12","modified_gmt":"2024-01-05T15:32:12","slug":"etk35-juego-de-multimetro-ex205t-multiamperimetro-de-gancho-ma435t","status":"publish","type":"product","link":"https:\/\/abaa.mx\/tienda\/etk35-juego-de-multimetro-ex205t-multiamperimetro-de-gancho-ma435t\/","title":{"rendered":"Etk35 \u2014 juego de multimetro ex205t, multiamperimetro de gancho ma435t"},"content":{"rendered":"<p>Etk35 \u2014 juego de multimetro ex205t, multiamperimetro de gancho ma435t.<\/p>\n","protected":false},"excerpt":{"rendered":"<h4 style=\"font-weight: 500;\"><strong>Caracter\u00edsticas:<\/strong><\/h4>\n<p style=\"font-weight: 400;\">El kit incluye:<\/p>\n<ul style=\"font-weight: 400;\">\n<li>EX205T &#8211; Mult\u00edmetro digital de rango autom\u00e1tico TrueRMS con 7 funciones.<\/li>\n<li>MA435T &#8211; Pinza amperim\u00e9trica de CA\/CC de verdadero valor eficaz de 400 A con detector de tensi\u00f3n sin contacto integrado.<\/li>\n<li>El kit se suministra con cables de prueba, bater\u00edas y un atractivo estuche de almacenamiento que brinda protecci\u00f3n y organizaci\u00f3n para los medidores y accesorios.<\/li>\n<\/ul>\n","protected":false},"featured_media":9973,"comment_status":"open","ping_status":"closed","template":"","meta":{"_joinchat":[]},"product_brand":[],"product_cat":[15],"product_tag":[],"class_list":{"0":"post-9972","1":"product","2":"type-product","3":"status-publish","4":"has-post-thumbnail","6":"product_cat-sin-categorizar","8":"first","9":"instock","10":"shipping-taxable","11":"product-type-simple"},"yoast_head":"<!-- This site is optimized with the Yoast SEO plugin v26.4 - https:\/\/yoast.com\/wordpress\/plugins\/seo\/ -->\n<title>Etk35 \u2014 juego de multimetro ex205t, multiamperimetro de gancho ma435t - Abaa tienda online<\/title>\n<meta name=\"robots\" content=\"index, follow, max-snippet:-1, max-image-preview:large, max-video-preview:-1\" \/>\n<link rel=\"canonical\" href=\"https:\/\/abaa.mx\/tienda\/etk35-juego-de-multimetro-ex205t-multiamperimetro-de-gancho-ma435t\/\" \/>\n<meta property=\"og:locale\" content=\"es_MX\" \/>\n<meta property=\"og:type\" content=\"article\" \/>\n<meta property=\"og:title\" content=\"Etk35 \u2014 juego de multimetro ex205t, multiamperimetro de gancho ma435t - Abaa tienda online\" \/>\n<meta property=\"og:description\" content=\"Caracter\u00edsticas: El kit incluye:    EX205T - Mult\u00edmetro digital de rango autom\u00e1tico TrueRMS con 7 funciones.  MA435T - Pinza amperim\u00e9trica de CA\/CC de verdadero valor eficaz de 400 A con detector de tensi\u00f3n sin contacto integrado.  El kit se suministra con cables de prueba, bater\u00edas y un atractivo estuche de almacenamiento que brinda protecci\u00f3n y organizaci\u00f3n para los medidores y accesorios.\" \/>\n<meta property=\"og:url\" content=\"https:\/\/abaa.mx\/tienda\/etk35-juego-de-multimetro-ex205t-multiamperimetro-de-gancho-ma435t\/\" \/>\n<meta property=\"og:site_name\" content=\"Abaa tienda online\" \/>\n<meta property=\"article:modified_time\" content=\"2024-01-05T15:32:12+00:00\" \/>\n<meta property=\"og:image\" content=\"https:\/\/abaa.mx\/tienda\/wp-content\/uploads\/2024\/01\/EXTECH-KIT-ETK35.jpg\" \/>\n\t<meta property=\"og:image:width\" content=\"523\" \/>\n\t<meta property=\"og:image:height\" content=\"584\" \/>\n\t<meta property=\"og:image:type\" content=\"image\/jpeg\" \/>\n<meta name=\"twitter:card\" content=\"summary_large_image\" \/>\n<meta name=\"twitter:label1\" content=\"Tiempo de lectura\" \/>\n\t<meta name=\"twitter:data1\" content=\"1 minuto\" \/>\n<script type=\"application\/ld+json\" class=\"yoast-schema-graph\">{\"@context\":\"https:\/\/schema.org\",\"@graph\":[{\"@type\":\"WebPage\",\"@id\":\"https:\/\/abaa.mx\/tienda\/etk35-juego-de-multimetro-ex205t-multiamperimetro-de-gancho-ma435t\/\",\"url\":\"https:\/\/abaa.mx\/tienda\/etk35-juego-de-multimetro-ex205t-multiamperimetro-de-gancho-ma435t\/\",\"name\":\"Etk35 \u2014 juego de multimetro ex205t, multiamperimetro de gancho ma435t - Abaa tienda online\",\"isPartOf\":{\"@id\":\"https:\/\/abaa.mx\/tienda\/#website\"},\"primaryImageOfPage\":{\"@id\":\"https:\/\/abaa.mx\/tienda\/etk35-juego-de-multimetro-ex205t-multiamperimetro-de-gancho-ma435t\/#primaryimage\"},\"image\":{\"@id\":\"https:\/\/abaa.mx\/tienda\/etk35-juego-de-multimetro-ex205t-multiamperimetro-de-gancho-ma435t\/#primaryimage\"},\"thumbnailUrl\":\"https:\/\/abaa.mx\/tienda\/wp-content\/uploads\/2024\/01\/EXTECH-KIT-ETK35.jpg\",\"datePublished\":\"2024-01-02T14:47:21+00:00\",\"dateModified\":\"2024-01-05T15:32:12+00:00\",\"breadcrumb\":{\"@id\":\"https:\/\/abaa.mx\/tienda\/etk35-juego-de-multimetro-ex205t-multiamperimetro-de-gancho-ma435t\/#breadcrumb\"},\"inLanguage\":\"es\",\"potentialAction\":[{\"@type\":\"ReadAction\",\"target\":[\"https:\/\/abaa.mx\/tienda\/etk35-juego-de-multimetro-ex205t-multiamperimetro-de-gancho-ma435t\/\"]}]},{\"@type\":\"ImageObject\",\"inLanguage\":\"es\",\"@id\":\"https:\/\/abaa.mx\/tienda\/etk35-juego-de-multimetro-ex205t-multiamperimetro-de-gancho-ma435t\/#primaryimage\",\"url\":\"https:\/\/abaa.mx\/tienda\/wp-content\/uploads\/2024\/01\/EXTECH-KIT-ETK35.jpg\",\"contentUrl\":\"https:\/\/abaa.mx\/tienda\/wp-content\/uploads\/2024\/01\/EXTECH-KIT-ETK35.jpg\",\"width\":523,\"height\":584,\"caption\":\"EXTECH-KIT ETK35\"},{\"@type\":\"BreadcrumbList\",\"@id\":\"https:\/\/abaa.mx\/tienda\/etk35-juego-de-multimetro-ex205t-multiamperimetro-de-gancho-ma435t\/#breadcrumb\",\"itemListElement\":[{\"@type\":\"ListItem\",\"position\":1,\"name\":\"Inicio\",\"item\":\"https:\/\/abaa.mx\/tienda\/\"},{\"@type\":\"ListItem\",\"position\":2,\"name\":\"Tienda\",\"item\":\"https:\/\/abaa.mx\/tienda\/\"},{\"@type\":\"ListItem\",\"position\":3,\"name\":\"Etk35 \u2014 juego de multimetro ex205t, multiamperimetro de gancho ma435t\"}]},{\"@type\":\"WebSite\",\"@id\":\"https:\/\/abaa.mx\/tienda\/#website\",\"url\":\"https:\/\/abaa.mx\/tienda\/\",\"name\":\"Abaa tienda online\",\"description\":\"Instrumentos de medici\u00f3n\",\"publisher\":{\"@id\":\"https:\/\/abaa.mx\/tienda\/#organization\"},\"potentialAction\":[{\"@type\":\"SearchAction\",\"target\":{\"@type\":\"EntryPoint\",\"urlTemplate\":\"https:\/\/abaa.mx\/tienda\/?s={search_term_string}\"},\"query-input\":{\"@type\":\"PropertyValueSpecification\",\"valueRequired\":true,\"valueName\":\"search_term_string\"}}],\"inLanguage\":\"es\"},{\"@type\":\"Organization\",\"@id\":\"https:\/\/abaa.mx\/tienda\/#organization\",\"name\":\"Abaa tienda online\",\"url\":\"https:\/\/abaa.mx\/tienda\/\",\"logo\":{\"@type\":\"ImageObject\",\"inLanguage\":\"es\",\"@id\":\"https:\/\/abaa.mx\/tienda\/#\/schema\/logo\/image\/\",\"url\":\"https:\/\/abaa.mx\/tienda\/wp-content\/uploads\/2024\/01\/abaa-metrologia-tienda.png\",\"contentUrl\":\"https:\/\/abaa.mx\/tienda\/wp-content\/uploads\/2024\/01\/abaa-metrologia-tienda.png\",\"width\":300,\"height\":141,\"caption\":\"Abaa tienda online\"},\"image\":{\"@id\":\"https:\/\/abaa.mx\/tienda\/#\/schema\/logo\/image\/\"}}]}<\/script>\n<!-- \/ Yoast SEO plugin. -->","yoast_head_json":{"title":"Etk35 \u2014 juego de multimetro ex205t, multiamperimetro de gancho ma435t - Abaa tienda online","robots":{"index":"index","follow":"follow","max-snippet":"max-snippet:-1","max-image-preview":"max-image-preview:large","max-video-preview":"max-video-preview:-1"},"canonical":"https:\/\/abaa.mx\/tienda\/etk35-juego-de-multimetro-ex205t-multiamperimetro-de-gancho-ma435t\/","og_locale":"es_MX","og_type":"article","og_title":"Etk35 \u2014 juego de multimetro ex205t, multiamperimetro de gancho ma435t - Abaa tienda online","og_description":"Caracter\u00edsticas: El kit incluye:    EX205T - Mult\u00edmetro digital de rango autom\u00e1tico TrueRMS con 7 funciones.  MA435T - Pinza amperim\u00e9trica de CA\/CC de verdadero valor eficaz de 400 A con detector de tensi\u00f3n sin contacto integrado.  El kit se suministra con cables de prueba, bater\u00edas y un atractivo estuche de almacenamiento que brinda protecci\u00f3n y organizaci\u00f3n para los medidores y accesorios.","og_url":"https:\/\/abaa.mx\/tienda\/etk35-juego-de-multimetro-ex205t-multiamperimetro-de-gancho-ma435t\/","og_site_name":"Abaa tienda online","article_modified_time":"2024-01-05T15:32:12+00:00","og_image":[{"width":523,"height":584,"url":"https:\/\/abaa.mx\/tienda\/wp-content\/uploads\/2024\/01\/EXTECH-KIT-ETK35.jpg","type":"image\/jpeg"}],"twitter_card":"summary_large_image","twitter_misc":{"Tiempo de lectura":"1 minuto"},"schema":{"@context":"https:\/\/schema.org","@graph":[{"@type":"WebPage","@id":"https:\/\/abaa.mx\/tienda\/etk35-juego-de-multimetro-ex205t-multiamperimetro-de-gancho-ma435t\/","url":"https:\/\/abaa.mx\/tienda\/etk35-juego-de-multimetro-ex205t-multiamperimetro-de-gancho-ma435t\/","name":"Etk35 \u2014 juego de multimetro ex205t, multiamperimetro de gancho ma435t - Abaa tienda online","isPartOf":{"@id":"https:\/\/abaa.mx\/tienda\/#website"},"primaryImageOfPage":{"@id":"https:\/\/abaa.mx\/tienda\/etk35-juego-de-multimetro-ex205t-multiamperimetro-de-gancho-ma435t\/#primaryimage"},"image":{"@id":"https:\/\/abaa.mx\/tienda\/etk35-juego-de-multimetro-ex205t-multiamperimetro-de-gancho-ma435t\/#primaryimage"},"thumbnailUrl":"https:\/\/abaa.mx\/tienda\/wp-content\/uploads\/2024\/01\/EXTECH-KIT-ETK35.jpg","datePublished":"2024-01-02T14:47:21+00:00","dateModified":"2024-01-05T15:32:12+00:00","breadcrumb":{"@id":"https:\/\/abaa.mx\/tienda\/etk35-juego-de-multimetro-ex205t-multiamperimetro-de-gancho-ma435t\/#breadcrumb"},"inLanguage":"es","potentialAction":[{"@type":"ReadAction","target":["https:\/\/abaa.mx\/tienda\/etk35-juego-de-multimetro-ex205t-multiamperimetro-de-gancho-ma435t\/"]}]},{"@type":"ImageObject","inLanguage":"es","@id":"https:\/\/abaa.mx\/tienda\/etk35-juego-de-multimetro-ex205t-multiamperimetro-de-gancho-ma435t\/#primaryimage","url":"https:\/\/abaa.mx\/tienda\/wp-content\/uploads\/2024\/01\/EXTECH-KIT-ETK35.jpg","contentUrl":"https:\/\/abaa.mx\/tienda\/wp-content\/uploads\/2024\/01\/EXTECH-KIT-ETK35.jpg","width":523,"height":584,"caption":"EXTECH-KIT ETK35"},{"@type":"BreadcrumbList","@id":"https:\/\/abaa.mx\/tienda\/etk35-juego-de-multimetro-ex205t-multiamperimetro-de-gancho-ma435t\/#breadcrumb","itemListElement":[{"@type":"ListItem","position":1,"name":"Inicio","item":"https:\/\/abaa.mx\/tienda\/"},{"@type":"ListItem","position":2,"name":"Tienda","item":"https:\/\/abaa.mx\/tienda\/"},{"@type":"ListItem","position":3,"name":"Etk35 \u2014 juego de multimetro ex205t, multiamperimetro de gancho ma435t"}]},{"@type":"WebSite","@id":"https:\/\/abaa.mx\/tienda\/#website","url":"https:\/\/abaa.mx\/tienda\/","name":"Abaa tienda online","description":"Instrumentos de medici\u00f3n","publisher":{"@id":"https:\/\/abaa.mx\/tienda\/#organization"},"potentialAction":[{"@type":"SearchAction","target":{"@type":"EntryPoint","urlTemplate":"https:\/\/abaa.mx\/tienda\/?s={search_term_string}"},"query-input":{"@type":"PropertyValueSpecification","valueRequired":true,"valueName":"search_term_string"}}],"inLanguage":"es"},{"@type":"Organization","@id":"https:\/\/abaa.mx\/tienda\/#organization","name":"Abaa tienda online","url":"https:\/\/abaa.mx\/tienda\/","logo":{"@type":"ImageObject","inLanguage":"es","@id":"https:\/\/abaa.mx\/tienda\/#\/schema\/logo\/image\/","url":"https:\/\/abaa.mx\/tienda\/wp-content\/uploads\/2024\/01\/abaa-metrologia-tienda.png","contentUrl":"https:\/\/abaa.mx\/tienda\/wp-content\/uploads\/2024\/01\/abaa-metrologia-tienda.png","width":300,"height":141,"caption":"Abaa tienda online"},"image":{"@id":"https:\/\/abaa.mx\/tienda\/#\/schema\/logo\/image\/"}}]}},"_links":{"self":[{"href":"https:\/\/abaa.mx\/tienda\/wp-json\/wp\/v2\/product\/9972","targetHints":{"allow":["GET"]}}],"collection":[{"href":"https:\/\/abaa.mx\/tienda\/wp-json\/wp\/v2\/product"}],"about":[{"href":"https:\/\/abaa.mx\/tienda\/wp-json\/wp\/v2\/types\/product"}],"replies":[{"embeddable":true,"href":"https:\/\/abaa.mx\/tienda\/wp-json\/wp\/v2\/comments?post=9972"}],"wp:featuredmedia":[{"embeddable":true,"href":"https:\/\/abaa.mx\/tienda\/wp-json\/wp\/v2\/media\/9973"}],"wp:attachment":[{"href":"https:\/\/abaa.mx\/tienda\/wp-json\/wp\/v2\/media?parent=9972"}],"wp:term":[{"taxonomy":"product_brand","embeddable":true,"href":"https:\/\/abaa.mx\/tienda\/wp-json\/wp\/v2\/product_brand?post=9972"},{"taxonomy":"product_cat","embeddable":true,"href":"https:\/\/abaa.mx\/tienda\/wp-json\/wp\/v2\/product_cat?post=9972"},{"taxonomy":"product_tag","embeddable":true,"href":"https:\/\/abaa.mx\/tienda\/wp-json\/wp\/v2\/product_tag?post=9972"}],"curies":[{"name":"wp","href":"https:\/\/api.w.org\/{rel}","templated":true}]}}