{"id":9877,"date":"2023-12-14T17:37:48","date_gmt":"2023-12-14T17:37:48","guid":{"rendered":"https:\/\/abaa.mx\/tienda\/?post_type=product&#038;p=9877"},"modified":"2024-01-29T16:16:08","modified_gmt":"2024-01-29T16:16:08","slug":"bl30-datalogger-climaticos-con-alarma-valor-maximo-y-minimo-fecha-hora-4070-c","status":"publish","type":"product","link":"https:\/\/abaa.mx\/tienda\/bl30-datalogger-climaticos-con-alarma-valor-maximo-y-minimo-fecha-hora-4070-c\/","title":{"rendered":"Bl30-Datalogger clim\u00e1ticos con alarma, valor m\u00e1ximo y m\u00ednimo, fecha hora -40+70 \u00b0c"},"content":{"rendered":"<p style=\"font-weight: 400;\">El BL30 es un registrador de datos ultra-compacto para registrar a largo plazo la temperatura del aire y la humedad relativa del aire en espacios habitables, oficinas o almacenes. Para el empleo estacionario se incluye en el suministro un soporte de pared con cierre.<\/p>\n<p style=\"font-weight: 400;\">La combinaci\u00f3n de una memoria grande para 32.000 valores de medici\u00f3n, un intervalo de almacenamiento ajustable libremente entre 1 segundo y 24 horas para el registro de valores y una funci\u00f3n de alarma con documentaci\u00f3n de los l\u00edmites superiores e inferiores de alarma libremente definibles, abre al BL30 incontables posibilidades de uso \u2013 por ejemplo para que los artesanos certifiquen las pruebas obligatorias, para determinar la causa de da\u00f1os producto de la humedad o el moho en pisos de alquiler o para documentar la uniformidad de los datos clim\u00e1ticos en archivos y almacenes.<\/p>\n<p style=\"font-weight: 400;\">El software de an\u00e1lisis para PC incluido proporciona funciones de evaluaci\u00f3n y documentaci\u00f3n de todos los valores de medici\u00f3n, incluyendo la hora y fecha, as\u00ed como las incidencias que hayan activado la alarma.<\/p>\n<p>El registrador de datos clim\u00e1ticos BL30 tambi\u00e9n se puede utilizar y configurar mediante el software gratuito MultiMeasure Studio (en su versi\u00f3n est\u00e1ndar). Adem\u00e1s, la versi\u00f3n profesional de MultiMeasure Studio permite, entre otras cosas, exportar los datos en formato de tabla de Excel o crear informes autom\u00e1ticos para despu\u00e9s realizar las valoraciones correspondientes.<\/p>\n<p><strong>Mayor Seguridad:<\/strong><\/p>\n<p>Como el BL30 puede ser configurado exclusivamente a trav\u00e9s de un PC, es imposible la manipulaci\u00f3n de la configuraci\u00f3n, directamente en el aparato, por parte de personas no autorizadas. En dependencia del intervalo de registro y las condiciones del entorno, la bater\u00eda de larga duraci\u00f3n del BL30 permite una autonom\u00eda de funcionamiento de varios meses.<\/p>\n","protected":false},"excerpt":{"rendered":"<p><strong>Ventajas:<\/strong><\/p>\n<ul class=\"list-grid grid-md-2 csc-default csc-bulletlist-1-a\">\n<li class=\"column\">Documentaci\u00f3n aut\u00f3noma a largo plazo de los datos clim\u00e1ticos.<\/li>\n<li class=\"column\">Memoria para 32.000 valores de medici\u00f3n.<\/li>\n<li class=\"column\">Intervalo de almacenamiento definible libremente entre 1 segundo y 24 horas.<\/li>\n<li class=\"column\">Funci\u00f3n de alarma.<\/li>\n<li class=\"column\">Indicaci\u00f3n de los valores m\u00ednimos y m\u00e1ximos incl. la fecha y la hora.<\/li>\n<li class=\"column\">Puerto USB para la transferencia de los datos de medici\u00f3n<\/li>\n<li class=\"column\">Software de an\u00e1lisis para PC.<\/li>\n<li class=\"column\">Plenamente compatible con el software MultiMeasure-Studio.<\/li>\n<li class=\"column\">Soporte de pared con cerradura de combinaci\u00f3n bajo llave.<\/li>\n<li class=\"column\">\u00d3ptima relaci\u00f3n precio-calidad.<\/li>\n<\/ul>\n","protected":false},"featured_media":9878,"comment_status":"open","ping_status":"closed","template":"","meta":{"_joinchat":[]},"product_brand":[],"product_cat":[15],"product_tag":[],"class_list":{"0":"post-9877","1":"product","2":"type-product","3":"status-publish","4":"has-post-thumbnail","6":"product_cat-sin-categorizar","8":"first","9":"instock","10":"shipping-taxable","11":"product-type-simple"},"yoast_head":"<!-- This site is optimized with the Yoast SEO plugin v26.4 - https:\/\/yoast.com\/wordpress\/plugins\/seo\/ -->\n<title>Bl30-Datalogger clim\u00e1ticos con alarma, valor m\u00e1ximo y m\u00ednimo, fecha hora -40+70 \u00b0c - Abaa tienda online<\/title>\n<meta name=\"robots\" content=\"index, follow, max-snippet:-1, max-image-preview:large, max-video-preview:-1\" \/>\n<link rel=\"canonical\" href=\"https:\/\/abaa.mx\/tienda\/bl30-datalogger-climaticos-con-alarma-valor-maximo-y-minimo-fecha-hora-4070-c\/\" \/>\n<meta property=\"og:locale\" content=\"es_MX\" \/>\n<meta property=\"og:type\" content=\"article\" \/>\n<meta property=\"og:title\" content=\"Bl30-Datalogger clim\u00e1ticos con alarma, valor m\u00e1ximo y m\u00ednimo, fecha hora -40+70 \u00b0c - Abaa tienda online\" \/>\n<meta property=\"og:description\" content=\"Ventajas:   Documentaci\u00f3n aut\u00f3noma a largo plazo de los datos clim\u00e1ticos.  Memoria para 32.000 valores de medici\u00f3n.  Intervalo de almacenamiento definible libremente entre 1 segundo y 24 horas.  Funci\u00f3n de alarma.  Indicaci\u00f3n de los valores m\u00ednimos y m\u00e1ximos incl. la fecha y la hora.  Puerto USB para la transferencia de los datos de medici\u00f3n  Software de an\u00e1lisis para PC.  Plenamente compatible con el software MultiMeasure-Studio.  Soporte de pared con cerradura de combinaci\u00f3n bajo llave.  \u00d3ptima relaci\u00f3n precio-calidad.\" \/>\n<meta property=\"og:url\" content=\"https:\/\/abaa.mx\/tienda\/bl30-datalogger-climaticos-con-alarma-valor-maximo-y-minimo-fecha-hora-4070-c\/\" \/>\n<meta property=\"og:site_name\" content=\"Abaa tienda online\" \/>\n<meta property=\"article:modified_time\" content=\"2024-01-29T16:16:08+00:00\" \/>\n<meta property=\"og:image\" content=\"https:\/\/abaa.mx\/tienda\/wp-content\/uploads\/2023\/12\/Datalogger-BI30.jpg\" \/>\n\t<meta property=\"og:image:width\" content=\"474\" \/>\n\t<meta property=\"og:image:height\" content=\"474\" \/>\n\t<meta property=\"og:image:type\" content=\"image\/jpeg\" \/>\n<meta name=\"twitter:card\" content=\"summary_large_image\" \/>\n<meta name=\"twitter:label1\" content=\"Tiempo de lectura\" \/>\n\t<meta name=\"twitter:data1\" content=\"2 minutos\" \/>\n<script type=\"application\/ld+json\" class=\"yoast-schema-graph\">{\"@context\":\"https:\/\/schema.org\",\"@graph\":[{\"@type\":\"WebPage\",\"@id\":\"https:\/\/abaa.mx\/tienda\/bl30-datalogger-climaticos-con-alarma-valor-maximo-y-minimo-fecha-hora-4070-c\/\",\"url\":\"https:\/\/abaa.mx\/tienda\/bl30-datalogger-climaticos-con-alarma-valor-maximo-y-minimo-fecha-hora-4070-c\/\",\"name\":\"Bl30-Datalogger clim\u00e1ticos con alarma, valor m\u00e1ximo y m\u00ednimo, fecha hora -40+70 \u00b0c - Abaa tienda online\",\"isPartOf\":{\"@id\":\"https:\/\/abaa.mx\/tienda\/#website\"},\"primaryImageOfPage\":{\"@id\":\"https:\/\/abaa.mx\/tienda\/bl30-datalogger-climaticos-con-alarma-valor-maximo-y-minimo-fecha-hora-4070-c\/#primaryimage\"},\"image\":{\"@id\":\"https:\/\/abaa.mx\/tienda\/bl30-datalogger-climaticos-con-alarma-valor-maximo-y-minimo-fecha-hora-4070-c\/#primaryimage\"},\"thumbnailUrl\":\"https:\/\/abaa.mx\/tienda\/wp-content\/uploads\/2023\/12\/Datalogger-BI30.jpg\",\"datePublished\":\"2023-12-14T17:37:48+00:00\",\"dateModified\":\"2024-01-29T16:16:08+00:00\",\"breadcrumb\":{\"@id\":\"https:\/\/abaa.mx\/tienda\/bl30-datalogger-climaticos-con-alarma-valor-maximo-y-minimo-fecha-hora-4070-c\/#breadcrumb\"},\"inLanguage\":\"es\",\"potentialAction\":[{\"@type\":\"ReadAction\",\"target\":[\"https:\/\/abaa.mx\/tienda\/bl30-datalogger-climaticos-con-alarma-valor-maximo-y-minimo-fecha-hora-4070-c\/\"]}]},{\"@type\":\"ImageObject\",\"inLanguage\":\"es\",\"@id\":\"https:\/\/abaa.mx\/tienda\/bl30-datalogger-climaticos-con-alarma-valor-maximo-y-minimo-fecha-hora-4070-c\/#primaryimage\",\"url\":\"https:\/\/abaa.mx\/tienda\/wp-content\/uploads\/2023\/12\/Datalogger-BI30.jpg\",\"contentUrl\":\"https:\/\/abaa.mx\/tienda\/wp-content\/uploads\/2023\/12\/Datalogger-BI30.jpg\",\"width\":474,\"height\":474,\"caption\":\"Datalogger BI30\"},{\"@type\":\"BreadcrumbList\",\"@id\":\"https:\/\/abaa.mx\/tienda\/bl30-datalogger-climaticos-con-alarma-valor-maximo-y-minimo-fecha-hora-4070-c\/#breadcrumb\",\"itemListElement\":[{\"@type\":\"ListItem\",\"position\":1,\"name\":\"Inicio\",\"item\":\"https:\/\/abaa.mx\/tienda\/\"},{\"@type\":\"ListItem\",\"position\":2,\"name\":\"Tienda\",\"item\":\"https:\/\/abaa.mx\/tienda\/\"},{\"@type\":\"ListItem\",\"position\":3,\"name\":\"Bl30-Datalogger clim\u00e1ticos con alarma, valor m\u00e1ximo y m\u00ednimo, fecha hora -40+70 \u00b0c\"}]},{\"@type\":\"WebSite\",\"@id\":\"https:\/\/abaa.mx\/tienda\/#website\",\"url\":\"https:\/\/abaa.mx\/tienda\/\",\"name\":\"Abaa tienda online\",\"description\":\"Instrumentos de medici\u00f3n\",\"publisher\":{\"@id\":\"https:\/\/abaa.mx\/tienda\/#organization\"},\"potentialAction\":[{\"@type\":\"SearchAction\",\"target\":{\"@type\":\"EntryPoint\",\"urlTemplate\":\"https:\/\/abaa.mx\/tienda\/?s={search_term_string}\"},\"query-input\":{\"@type\":\"PropertyValueSpecification\",\"valueRequired\":true,\"valueName\":\"search_term_string\"}}],\"inLanguage\":\"es\"},{\"@type\":\"Organization\",\"@id\":\"https:\/\/abaa.mx\/tienda\/#organization\",\"name\":\"Abaa tienda online\",\"url\":\"https:\/\/abaa.mx\/tienda\/\",\"logo\":{\"@type\":\"ImageObject\",\"inLanguage\":\"es\",\"@id\":\"https:\/\/abaa.mx\/tienda\/#\/schema\/logo\/image\/\",\"url\":\"https:\/\/abaa.mx\/tienda\/wp-content\/uploads\/2024\/01\/abaa-metrologia-tienda.png\",\"contentUrl\":\"https:\/\/abaa.mx\/tienda\/wp-content\/uploads\/2024\/01\/abaa-metrologia-tienda.png\",\"width\":300,\"height\":141,\"caption\":\"Abaa tienda online\"},\"image\":{\"@id\":\"https:\/\/abaa.mx\/tienda\/#\/schema\/logo\/image\/\"}}]}<\/script>\n<!-- \/ Yoast SEO plugin. -->","yoast_head_json":{"title":"Bl30-Datalogger clim\u00e1ticos con alarma, valor m\u00e1ximo y m\u00ednimo, fecha hora -40+70 \u00b0c - Abaa tienda online","robots":{"index":"index","follow":"follow","max-snippet":"max-snippet:-1","max-image-preview":"max-image-preview:large","max-video-preview":"max-video-preview:-1"},"canonical":"https:\/\/abaa.mx\/tienda\/bl30-datalogger-climaticos-con-alarma-valor-maximo-y-minimo-fecha-hora-4070-c\/","og_locale":"es_MX","og_type":"article","og_title":"Bl30-Datalogger clim\u00e1ticos con alarma, valor m\u00e1ximo y m\u00ednimo, fecha hora -40+70 \u00b0c - Abaa tienda online","og_description":"Ventajas:   Documentaci\u00f3n aut\u00f3noma a largo plazo de los datos clim\u00e1ticos.  Memoria para 32.000 valores de medici\u00f3n.  Intervalo de almacenamiento definible libremente entre 1 segundo y 24 horas.  Funci\u00f3n de alarma.  Indicaci\u00f3n de los valores m\u00ednimos y m\u00e1ximos incl. la fecha y la hora.  Puerto USB para la transferencia de los datos de medici\u00f3n  Software de an\u00e1lisis para PC.  Plenamente compatible con el software MultiMeasure-Studio.  Soporte de pared con cerradura de combinaci\u00f3n bajo llave.  \u00d3ptima relaci\u00f3n precio-calidad.","og_url":"https:\/\/abaa.mx\/tienda\/bl30-datalogger-climaticos-con-alarma-valor-maximo-y-minimo-fecha-hora-4070-c\/","og_site_name":"Abaa tienda online","article_modified_time":"2024-01-29T16:16:08+00:00","og_image":[{"width":474,"height":474,"url":"https:\/\/abaa.mx\/tienda\/wp-content\/uploads\/2023\/12\/Datalogger-BI30.jpg","type":"image\/jpeg"}],"twitter_card":"summary_large_image","twitter_misc":{"Tiempo de lectura":"2 minutos"},"schema":{"@context":"https:\/\/schema.org","@graph":[{"@type":"WebPage","@id":"https:\/\/abaa.mx\/tienda\/bl30-datalogger-climaticos-con-alarma-valor-maximo-y-minimo-fecha-hora-4070-c\/","url":"https:\/\/abaa.mx\/tienda\/bl30-datalogger-climaticos-con-alarma-valor-maximo-y-minimo-fecha-hora-4070-c\/","name":"Bl30-Datalogger clim\u00e1ticos con alarma, valor m\u00e1ximo y m\u00ednimo, fecha hora -40+70 \u00b0c - Abaa tienda online","isPartOf":{"@id":"https:\/\/abaa.mx\/tienda\/#website"},"primaryImageOfPage":{"@id":"https:\/\/abaa.mx\/tienda\/bl30-datalogger-climaticos-con-alarma-valor-maximo-y-minimo-fecha-hora-4070-c\/#primaryimage"},"image":{"@id":"https:\/\/abaa.mx\/tienda\/bl30-datalogger-climaticos-con-alarma-valor-maximo-y-minimo-fecha-hora-4070-c\/#primaryimage"},"thumbnailUrl":"https:\/\/abaa.mx\/tienda\/wp-content\/uploads\/2023\/12\/Datalogger-BI30.jpg","datePublished":"2023-12-14T17:37:48+00:00","dateModified":"2024-01-29T16:16:08+00:00","breadcrumb":{"@id":"https:\/\/abaa.mx\/tienda\/bl30-datalogger-climaticos-con-alarma-valor-maximo-y-minimo-fecha-hora-4070-c\/#breadcrumb"},"inLanguage":"es","potentialAction":[{"@type":"ReadAction","target":["https:\/\/abaa.mx\/tienda\/bl30-datalogger-climaticos-con-alarma-valor-maximo-y-minimo-fecha-hora-4070-c\/"]}]},{"@type":"ImageObject","inLanguage":"es","@id":"https:\/\/abaa.mx\/tienda\/bl30-datalogger-climaticos-con-alarma-valor-maximo-y-minimo-fecha-hora-4070-c\/#primaryimage","url":"https:\/\/abaa.mx\/tienda\/wp-content\/uploads\/2023\/12\/Datalogger-BI30.jpg","contentUrl":"https:\/\/abaa.mx\/tienda\/wp-content\/uploads\/2023\/12\/Datalogger-BI30.jpg","width":474,"height":474,"caption":"Datalogger BI30"},{"@type":"BreadcrumbList","@id":"https:\/\/abaa.mx\/tienda\/bl30-datalogger-climaticos-con-alarma-valor-maximo-y-minimo-fecha-hora-4070-c\/#breadcrumb","itemListElement":[{"@type":"ListItem","position":1,"name":"Inicio","item":"https:\/\/abaa.mx\/tienda\/"},{"@type":"ListItem","position":2,"name":"Tienda","item":"https:\/\/abaa.mx\/tienda\/"},{"@type":"ListItem","position":3,"name":"Bl30-Datalogger clim\u00e1ticos con alarma, valor m\u00e1ximo y m\u00ednimo, fecha hora -40+70 \u00b0c"}]},{"@type":"WebSite","@id":"https:\/\/abaa.mx\/tienda\/#website","url":"https:\/\/abaa.mx\/tienda\/","name":"Abaa tienda online","description":"Instrumentos de medici\u00f3n","publisher":{"@id":"https:\/\/abaa.mx\/tienda\/#organization"},"potentialAction":[{"@type":"SearchAction","target":{"@type":"EntryPoint","urlTemplate":"https:\/\/abaa.mx\/tienda\/?s={search_term_string}"},"query-input":{"@type":"PropertyValueSpecification","valueRequired":true,"valueName":"search_term_string"}}],"inLanguage":"es"},{"@type":"Organization","@id":"https:\/\/abaa.mx\/tienda\/#organization","name":"Abaa tienda online","url":"https:\/\/abaa.mx\/tienda\/","logo":{"@type":"ImageObject","inLanguage":"es","@id":"https:\/\/abaa.mx\/tienda\/#\/schema\/logo\/image\/","url":"https:\/\/abaa.mx\/tienda\/wp-content\/uploads\/2024\/01\/abaa-metrologia-tienda.png","contentUrl":"https:\/\/abaa.mx\/tienda\/wp-content\/uploads\/2024\/01\/abaa-metrologia-tienda.png","width":300,"height":141,"caption":"Abaa tienda online"},"image":{"@id":"https:\/\/abaa.mx\/tienda\/#\/schema\/logo\/image\/"}}]}},"_links":{"self":[{"href":"https:\/\/abaa.mx\/tienda\/wp-json\/wp\/v2\/product\/9877","targetHints":{"allow":["GET"]}}],"collection":[{"href":"https:\/\/abaa.mx\/tienda\/wp-json\/wp\/v2\/product"}],"about":[{"href":"https:\/\/abaa.mx\/tienda\/wp-json\/wp\/v2\/types\/product"}],"replies":[{"embeddable":true,"href":"https:\/\/abaa.mx\/tienda\/wp-json\/wp\/v2\/comments?post=9877"}],"wp:featuredmedia":[{"embeddable":true,"href":"https:\/\/abaa.mx\/tienda\/wp-json\/wp\/v2\/media\/9878"}],"wp:attachment":[{"href":"https:\/\/abaa.mx\/tienda\/wp-json\/wp\/v2\/media?parent=9877"}],"wp:term":[{"taxonomy":"product_brand","embeddable":true,"href":"https:\/\/abaa.mx\/tienda\/wp-json\/wp\/v2\/product_brand?post=9877"},{"taxonomy":"product_cat","embeddable":true,"href":"https:\/\/abaa.mx\/tienda\/wp-json\/wp\/v2\/product_cat?post=9877"},{"taxonomy":"product_tag","embeddable":true,"href":"https:\/\/abaa.mx\/tienda\/wp-json\/wp\/v2\/product_tag?post=9877"}],"curies":[{"name":"wp","href":"https:\/\/api.w.org\/{rel}","templated":true}]}}