{"id":9875,"date":"2023-12-14T17:29:41","date_gmt":"2023-12-14T17:29:41","guid":{"rendered":"https:\/\/abaa.mx\/tienda\/?post_type=product&#038;p=9875"},"modified":"2023-12-14T17:29:42","modified_gmt":"2023-12-14T17:29:42","slug":"co260-datalogger-de-co-co2","status":"publish","type":"product","link":"https:\/\/abaa.mx\/tienda\/co260-datalogger-de-co-co2\/","title":{"rendered":"Co260 &#8211; Datalogger de co-co2"},"content":{"rendered":"<p>Co260 &#8211; Datalogger de co-co2<\/p>\n","protected":false},"excerpt":{"rendered":"<p>&nbsp;<\/p>\n<p><strong>Caracter\u00edsticas:<\/strong><\/p>\n<ul id=\"features\">\n<li><span>Pase manualmente a trav\u00e9s de lecturas de CO, CO\u2082, punto de roc\u00edo, bulbo h\u00famedo, temperatura del aire y humedad relativa en una gran pantalla LCD retroiluminada con reloj en tiempo real.<\/span><\/li>\n<li><span>Sensor de CO\u2082 integrado sin necesidad de mantenimiento NDIR (infrarrojo no dispersivo).<\/span><\/li>\n<li><span>Nivel de advertencia de CO programable con alarma audible.<\/span><\/li>\n<li><span>Calcula promedios estad\u00edsticos ponderados de TWA (promedio ponderado de tiempo de 8 horas) y STEL (l\u00edmite de exposici\u00f3n a corto plazo de 15 minutos).<\/span><\/li>\n<li><span>Ajuste de compensaci\u00f3n de presi\u00f3n para medir CO\u2082 en altitudes distintas al nivel del mar.<\/span><\/li>\n<li><span>Almacene \/ recupere manualmente 99 lecturas.<\/span><\/li>\n<li><span>Registro de datos continuo hasta 32K lecturas.<\/span><\/li>\n<li><span>Interfaz USB con software para PC para an\u00e1lisis de datos adicionales.<\/span><\/li>\n<li><span>Retenci\u00f3n de datos y m\u00edn. \/ M\u00e1x.<\/span><\/li>\n<li><span>Apagado autom\u00e1tico con deshabilitar.<\/span><\/li>\n<li><span>Completo con 4 pilas AA, cable USB, software para PC y estuche r\u00edgido.<\/span><\/li>\n<\/ul>\n","protected":false},"featured_media":9876,"comment_status":"open","ping_status":"closed","template":"","meta":{"_joinchat":[]},"product_brand":[],"product_cat":[15],"product_tag":[],"class_list":{"0":"post-9875","1":"product","2":"type-product","3":"status-publish","4":"has-post-thumbnail","6":"product_cat-sin-categorizar","8":"first","9":"instock","10":"shipping-taxable","11":"product-type-simple"},"yoast_head":"<!-- This site is optimized with the Yoast SEO plugin v26.4 - https:\/\/yoast.com\/wordpress\/plugins\/seo\/ -->\n<title>Co260 - Datalogger de co-co2 - Abaa tienda online<\/title>\n<meta name=\"robots\" content=\"index, follow, max-snippet:-1, max-image-preview:large, max-video-preview:-1\" \/>\n<link rel=\"canonical\" href=\"https:\/\/abaa.mx\/tienda\/co260-datalogger-de-co-co2\/\" \/>\n<meta property=\"og:locale\" content=\"es_MX\" \/>\n<meta property=\"og:type\" content=\"article\" \/>\n<meta property=\"og:title\" content=\"Co260 - Datalogger de co-co2 - Abaa tienda online\" \/>\n<meta property=\"og:description\" content=\"&nbsp;  Caracter\u00edsticas:   Pase manualmente a trav\u00e9s de lecturas de CO, CO\u2082, punto de roc\u00edo, bulbo h\u00famedo, temperatura del aire y humedad relativa en una gran pantalla LCD retroiluminada con reloj en tiempo real.  Sensor de CO\u2082 integrado sin necesidad de mantenimiento NDIR (infrarrojo no dispersivo).  Nivel de advertencia de CO programable con alarma audible.  Calcula promedios estad\u00edsticos ponderados de TWA (promedio ponderado de tiempo de 8 horas) y STEL (l\u00edmite de exposici\u00f3n a corto plazo de 15 minutos).  Ajuste de compensaci\u00f3n de presi\u00f3n para medir CO\u2082 en altitudes distintas al nivel del mar.  Almacene \/ recupere manualmente 99 lecturas.  Registro de datos continuo hasta 32K lecturas.  Interfaz USB con software para PC para an\u00e1lisis de datos adicionales.  Retenci\u00f3n de datos y m\u00edn. \/ M\u00e1x.  Apagado autom\u00e1tico con deshabilitar.  Completo con 4 pilas AA, cable USB, software para PC y estuche r\u00edgido.\" \/>\n<meta property=\"og:url\" content=\"https:\/\/abaa.mx\/tienda\/co260-datalogger-de-co-co2\/\" \/>\n<meta property=\"og:site_name\" content=\"Abaa tienda online\" \/>\n<meta property=\"article:modified_time\" content=\"2023-12-14T17:29:42+00:00\" \/>\n<meta property=\"og:image\" content=\"https:\/\/abaa.mx\/tienda\/wp-content\/uploads\/2023\/12\/Datalogger-CO260.jpg\" \/>\n\t<meta property=\"og:image:width\" content=\"1024\" \/>\n\t<meta property=\"og:image:height\" content=\"1024\" \/>\n\t<meta property=\"og:image:type\" content=\"image\/jpeg\" \/>\n<meta name=\"twitter:card\" content=\"summary_large_image\" \/>\n<meta name=\"twitter:label1\" content=\"Tiempo de lectura\" \/>\n\t<meta name=\"twitter:data1\" content=\"1 minuto\" \/>\n<script type=\"application\/ld+json\" class=\"yoast-schema-graph\">{\"@context\":\"https:\/\/schema.org\",\"@graph\":[{\"@type\":\"WebPage\",\"@id\":\"https:\/\/abaa.mx\/tienda\/co260-datalogger-de-co-co2\/\",\"url\":\"https:\/\/abaa.mx\/tienda\/co260-datalogger-de-co-co2\/\",\"name\":\"Co260 - Datalogger de co-co2 - Abaa tienda online\",\"isPartOf\":{\"@id\":\"https:\/\/abaa.mx\/tienda\/#website\"},\"primaryImageOfPage\":{\"@id\":\"https:\/\/abaa.mx\/tienda\/co260-datalogger-de-co-co2\/#primaryimage\"},\"image\":{\"@id\":\"https:\/\/abaa.mx\/tienda\/co260-datalogger-de-co-co2\/#primaryimage\"},\"thumbnailUrl\":\"https:\/\/abaa.mx\/tienda\/wp-content\/uploads\/2023\/12\/Datalogger-CO260.jpg\",\"datePublished\":\"2023-12-14T17:29:41+00:00\",\"dateModified\":\"2023-12-14T17:29:42+00:00\",\"breadcrumb\":{\"@id\":\"https:\/\/abaa.mx\/tienda\/co260-datalogger-de-co-co2\/#breadcrumb\"},\"inLanguage\":\"es\",\"potentialAction\":[{\"@type\":\"ReadAction\",\"target\":[\"https:\/\/abaa.mx\/tienda\/co260-datalogger-de-co-co2\/\"]}]},{\"@type\":\"ImageObject\",\"inLanguage\":\"es\",\"@id\":\"https:\/\/abaa.mx\/tienda\/co260-datalogger-de-co-co2\/#primaryimage\",\"url\":\"https:\/\/abaa.mx\/tienda\/wp-content\/uploads\/2023\/12\/Datalogger-CO260.jpg\",\"contentUrl\":\"https:\/\/abaa.mx\/tienda\/wp-content\/uploads\/2023\/12\/Datalogger-CO260.jpg\",\"width\":1024,\"height\":1024,\"caption\":\"Datalogger CO260\"},{\"@type\":\"BreadcrumbList\",\"@id\":\"https:\/\/abaa.mx\/tienda\/co260-datalogger-de-co-co2\/#breadcrumb\",\"itemListElement\":[{\"@type\":\"ListItem\",\"position\":1,\"name\":\"Inicio\",\"item\":\"https:\/\/abaa.mx\/tienda\/\"},{\"@type\":\"ListItem\",\"position\":2,\"name\":\"Tienda\",\"item\":\"https:\/\/abaa.mx\/tienda\/\"},{\"@type\":\"ListItem\",\"position\":3,\"name\":\"Co260 &#8211; Datalogger de co-co2\"}]},{\"@type\":\"WebSite\",\"@id\":\"https:\/\/abaa.mx\/tienda\/#website\",\"url\":\"https:\/\/abaa.mx\/tienda\/\",\"name\":\"Abaa tienda online\",\"description\":\"Instrumentos de medici\u00f3n\",\"publisher\":{\"@id\":\"https:\/\/abaa.mx\/tienda\/#organization\"},\"potentialAction\":[{\"@type\":\"SearchAction\",\"target\":{\"@type\":\"EntryPoint\",\"urlTemplate\":\"https:\/\/abaa.mx\/tienda\/?s={search_term_string}\"},\"query-input\":{\"@type\":\"PropertyValueSpecification\",\"valueRequired\":true,\"valueName\":\"search_term_string\"}}],\"inLanguage\":\"es\"},{\"@type\":\"Organization\",\"@id\":\"https:\/\/abaa.mx\/tienda\/#organization\",\"name\":\"Abaa tienda online\",\"url\":\"https:\/\/abaa.mx\/tienda\/\",\"logo\":{\"@type\":\"ImageObject\",\"inLanguage\":\"es\",\"@id\":\"https:\/\/abaa.mx\/tienda\/#\/schema\/logo\/image\/\",\"url\":\"https:\/\/abaa.mx\/tienda\/wp-content\/uploads\/2024\/01\/abaa-metrologia-tienda.png\",\"contentUrl\":\"https:\/\/abaa.mx\/tienda\/wp-content\/uploads\/2024\/01\/abaa-metrologia-tienda.png\",\"width\":300,\"height\":141,\"caption\":\"Abaa tienda online\"},\"image\":{\"@id\":\"https:\/\/abaa.mx\/tienda\/#\/schema\/logo\/image\/\"}}]}<\/script>\n<!-- \/ Yoast SEO plugin. -->","yoast_head_json":{"title":"Co260 - Datalogger de co-co2 - Abaa tienda online","robots":{"index":"index","follow":"follow","max-snippet":"max-snippet:-1","max-image-preview":"max-image-preview:large","max-video-preview":"max-video-preview:-1"},"canonical":"https:\/\/abaa.mx\/tienda\/co260-datalogger-de-co-co2\/","og_locale":"es_MX","og_type":"article","og_title":"Co260 - Datalogger de co-co2 - Abaa tienda online","og_description":"&nbsp;  Caracter\u00edsticas:   Pase manualmente a trav\u00e9s de lecturas de CO, CO\u2082, punto de roc\u00edo, bulbo h\u00famedo, temperatura del aire y humedad relativa en una gran pantalla LCD retroiluminada con reloj en tiempo real.  Sensor de CO\u2082 integrado sin necesidad de mantenimiento NDIR (infrarrojo no dispersivo).  Nivel de advertencia de CO programable con alarma audible.  Calcula promedios estad\u00edsticos ponderados de TWA (promedio ponderado de tiempo de 8 horas) y STEL (l\u00edmite de exposici\u00f3n a corto plazo de 15 minutos).  Ajuste de compensaci\u00f3n de presi\u00f3n para medir CO\u2082 en altitudes distintas al nivel del mar.  Almacene \/ recupere manualmente 99 lecturas.  Registro de datos continuo hasta 32K lecturas.  Interfaz USB con software para PC para an\u00e1lisis de datos adicionales.  Retenci\u00f3n de datos y m\u00edn. \/ M\u00e1x.  Apagado autom\u00e1tico con deshabilitar.  Completo con 4 pilas AA, cable USB, software para PC y estuche r\u00edgido.","og_url":"https:\/\/abaa.mx\/tienda\/co260-datalogger-de-co-co2\/","og_site_name":"Abaa tienda online","article_modified_time":"2023-12-14T17:29:42+00:00","og_image":[{"width":1024,"height":1024,"url":"https:\/\/abaa.mx\/tienda\/wp-content\/uploads\/2023\/12\/Datalogger-CO260.jpg","type":"image\/jpeg"}],"twitter_card":"summary_large_image","twitter_misc":{"Tiempo de lectura":"1 minuto"},"schema":{"@context":"https:\/\/schema.org","@graph":[{"@type":"WebPage","@id":"https:\/\/abaa.mx\/tienda\/co260-datalogger-de-co-co2\/","url":"https:\/\/abaa.mx\/tienda\/co260-datalogger-de-co-co2\/","name":"Co260 - Datalogger de co-co2 - Abaa tienda online","isPartOf":{"@id":"https:\/\/abaa.mx\/tienda\/#website"},"primaryImageOfPage":{"@id":"https:\/\/abaa.mx\/tienda\/co260-datalogger-de-co-co2\/#primaryimage"},"image":{"@id":"https:\/\/abaa.mx\/tienda\/co260-datalogger-de-co-co2\/#primaryimage"},"thumbnailUrl":"https:\/\/abaa.mx\/tienda\/wp-content\/uploads\/2023\/12\/Datalogger-CO260.jpg","datePublished":"2023-12-14T17:29:41+00:00","dateModified":"2023-12-14T17:29:42+00:00","breadcrumb":{"@id":"https:\/\/abaa.mx\/tienda\/co260-datalogger-de-co-co2\/#breadcrumb"},"inLanguage":"es","potentialAction":[{"@type":"ReadAction","target":["https:\/\/abaa.mx\/tienda\/co260-datalogger-de-co-co2\/"]}]},{"@type":"ImageObject","inLanguage":"es","@id":"https:\/\/abaa.mx\/tienda\/co260-datalogger-de-co-co2\/#primaryimage","url":"https:\/\/abaa.mx\/tienda\/wp-content\/uploads\/2023\/12\/Datalogger-CO260.jpg","contentUrl":"https:\/\/abaa.mx\/tienda\/wp-content\/uploads\/2023\/12\/Datalogger-CO260.jpg","width":1024,"height":1024,"caption":"Datalogger CO260"},{"@type":"BreadcrumbList","@id":"https:\/\/abaa.mx\/tienda\/co260-datalogger-de-co-co2\/#breadcrumb","itemListElement":[{"@type":"ListItem","position":1,"name":"Inicio","item":"https:\/\/abaa.mx\/tienda\/"},{"@type":"ListItem","position":2,"name":"Tienda","item":"https:\/\/abaa.mx\/tienda\/"},{"@type":"ListItem","position":3,"name":"Co260 &#8211; Datalogger de co-co2"}]},{"@type":"WebSite","@id":"https:\/\/abaa.mx\/tienda\/#website","url":"https:\/\/abaa.mx\/tienda\/","name":"Abaa tienda online","description":"Instrumentos de medici\u00f3n","publisher":{"@id":"https:\/\/abaa.mx\/tienda\/#organization"},"potentialAction":[{"@type":"SearchAction","target":{"@type":"EntryPoint","urlTemplate":"https:\/\/abaa.mx\/tienda\/?s={search_term_string}"},"query-input":{"@type":"PropertyValueSpecification","valueRequired":true,"valueName":"search_term_string"}}],"inLanguage":"es"},{"@type":"Organization","@id":"https:\/\/abaa.mx\/tienda\/#organization","name":"Abaa tienda online","url":"https:\/\/abaa.mx\/tienda\/","logo":{"@type":"ImageObject","inLanguage":"es","@id":"https:\/\/abaa.mx\/tienda\/#\/schema\/logo\/image\/","url":"https:\/\/abaa.mx\/tienda\/wp-content\/uploads\/2024\/01\/abaa-metrologia-tienda.png","contentUrl":"https:\/\/abaa.mx\/tienda\/wp-content\/uploads\/2024\/01\/abaa-metrologia-tienda.png","width":300,"height":141,"caption":"Abaa tienda online"},"image":{"@id":"https:\/\/abaa.mx\/tienda\/#\/schema\/logo\/image\/"}}]}},"_links":{"self":[{"href":"https:\/\/abaa.mx\/tienda\/wp-json\/wp\/v2\/product\/9875","targetHints":{"allow":["GET"]}}],"collection":[{"href":"https:\/\/abaa.mx\/tienda\/wp-json\/wp\/v2\/product"}],"about":[{"href":"https:\/\/abaa.mx\/tienda\/wp-json\/wp\/v2\/types\/product"}],"replies":[{"embeddable":true,"href":"https:\/\/abaa.mx\/tienda\/wp-json\/wp\/v2\/comments?post=9875"}],"wp:featuredmedia":[{"embeddable":true,"href":"https:\/\/abaa.mx\/tienda\/wp-json\/wp\/v2\/media\/9876"}],"wp:attachment":[{"href":"https:\/\/abaa.mx\/tienda\/wp-json\/wp\/v2\/media?parent=9875"}],"wp:term":[{"taxonomy":"product_brand","embeddable":true,"href":"https:\/\/abaa.mx\/tienda\/wp-json\/wp\/v2\/product_brand?post=9875"},{"taxonomy":"product_cat","embeddable":true,"href":"https:\/\/abaa.mx\/tienda\/wp-json\/wp\/v2\/product_cat?post=9875"},{"taxonomy":"product_tag","embeddable":true,"href":"https:\/\/abaa.mx\/tienda\/wp-json\/wp\/v2\/product_tag?post=9875"}],"curies":[{"name":"wp","href":"https:\/\/api.w.org\/{rel}","templated":true}]}}