{"id":9868,"date":"2023-12-14T17:04:04","date_gmt":"2023-12-14T17:04:04","guid":{"rendered":"https:\/\/abaa.mx\/tienda\/?post_type=product&#038;p=9868"},"modified":"2023-12-14T17:04:05","modified_gmt":"2023-12-14T17:04:05","slug":"pq3210-analizador-de-energia-trifasico-asico-registrador-datalogger-1200a","status":"publish","type":"product","link":"https:\/\/abaa.mx\/tienda\/pq3210-analizador-de-energia-trifasico-asico-registrador-datalogger-1200a\/","title":{"rendered":"Pq3210-Analizador de energia trifasico asico registrador (datalogger) 1200a"},"content":{"rendered":"<p>Pq3210-Analizador de energia trifasico asico registrador (datalogger) 1200a<\/p>\n","protected":false},"excerpt":{"rendered":"<p>El Extech PQ3450 es un registrador de datos\/analizador de energ\u00eda trif\u00e1sico capaz de registrar hasta 30 000 conjuntos de mediciones en formato Excel en una tarjeta de memoria SD extra\u00edble.<\/p>\n<p>El producto es f\u00e1cil de sujetar con una carcasa resistente sobre moldeada.<\/p>\n<p>Cuenta con un reloj y calendario incorporados, 35 par\u00e1metros y una clasificaci\u00f3n de seguridad CAT III 600V.<\/p>\n","protected":false},"featured_media":9871,"comment_status":"open","ping_status":"closed","template":"","meta":{"_joinchat":[]},"product_brand":[],"product_cat":[15],"product_tag":[],"class_list":{"0":"post-9868","1":"product","2":"type-product","3":"status-publish","4":"has-post-thumbnail","6":"product_cat-sin-categorizar","8":"first","9":"instock","10":"shipping-taxable","11":"product-type-simple"},"yoast_head":"<!-- This site is optimized with the Yoast SEO plugin v26.4 - https:\/\/yoast.com\/wordpress\/plugins\/seo\/ -->\n<title>Pq3210-Analizador de energia trifasico asico registrador (datalogger) 1200a - Abaa tienda online<\/title>\n<meta name=\"robots\" content=\"index, follow, max-snippet:-1, max-image-preview:large, max-video-preview:-1\" \/>\n<link rel=\"canonical\" href=\"https:\/\/abaa.mx\/tienda\/pq3210-analizador-de-energia-trifasico-asico-registrador-datalogger-1200a\/\" \/>\n<meta property=\"og:locale\" content=\"es_MX\" \/>\n<meta property=\"og:type\" content=\"article\" \/>\n<meta property=\"og:title\" content=\"Pq3210-Analizador de energia trifasico asico registrador (datalogger) 1200a - Abaa tienda online\" \/>\n<meta property=\"og:description\" content=\"El Extech PQ3450 es un registrador de datos\/analizador de energ\u00eda trif\u00e1sico capaz de registrar hasta 30 000 conjuntos de mediciones en formato Excel en una tarjeta de memoria SD extra\u00edble.  El producto es f\u00e1cil de sujetar con una carcasa resistente sobre moldeada.  Cuenta con un reloj y calendario incorporados, 35 par\u00e1metros y una clasificaci\u00f3n de seguridad CAT III 600V.\" \/>\n<meta property=\"og:url\" content=\"https:\/\/abaa.mx\/tienda\/pq3210-analizador-de-energia-trifasico-asico-registrador-datalogger-1200a\/\" \/>\n<meta property=\"og:site_name\" content=\"Abaa tienda online\" \/>\n<meta property=\"article:modified_time\" content=\"2023-12-14T17:04:05+00:00\" \/>\n<meta property=\"og:image\" content=\"https:\/\/abaa.mx\/tienda\/wp-content\/uploads\/2023\/12\/Datalogger-PQ3210.jpg\" \/>\n\t<meta property=\"og:image:width\" content=\"500\" \/>\n\t<meta property=\"og:image:height\" content=\"500\" \/>\n\t<meta property=\"og:image:type\" content=\"image\/jpeg\" \/>\n<meta name=\"twitter:card\" content=\"summary_large_image\" \/>\n<meta name=\"twitter:label1\" content=\"Tiempo de lectura\" \/>\n\t<meta name=\"twitter:data1\" content=\"1 minuto\" \/>\n<script type=\"application\/ld+json\" class=\"yoast-schema-graph\">{\"@context\":\"https:\/\/schema.org\",\"@graph\":[{\"@type\":\"WebPage\",\"@id\":\"https:\/\/abaa.mx\/tienda\/pq3210-analizador-de-energia-trifasico-asico-registrador-datalogger-1200a\/\",\"url\":\"https:\/\/abaa.mx\/tienda\/pq3210-analizador-de-energia-trifasico-asico-registrador-datalogger-1200a\/\",\"name\":\"Pq3210-Analizador de energia trifasico asico registrador (datalogger) 1200a - Abaa tienda online\",\"isPartOf\":{\"@id\":\"https:\/\/abaa.mx\/tienda\/#website\"},\"primaryImageOfPage\":{\"@id\":\"https:\/\/abaa.mx\/tienda\/pq3210-analizador-de-energia-trifasico-asico-registrador-datalogger-1200a\/#primaryimage\"},\"image\":{\"@id\":\"https:\/\/abaa.mx\/tienda\/pq3210-analizador-de-energia-trifasico-asico-registrador-datalogger-1200a\/#primaryimage\"},\"thumbnailUrl\":\"https:\/\/abaa.mx\/tienda\/wp-content\/uploads\/2023\/12\/Datalogger-PQ3210.jpg\",\"datePublished\":\"2023-12-14T17:04:04+00:00\",\"dateModified\":\"2023-12-14T17:04:05+00:00\",\"breadcrumb\":{\"@id\":\"https:\/\/abaa.mx\/tienda\/pq3210-analizador-de-energia-trifasico-asico-registrador-datalogger-1200a\/#breadcrumb\"},\"inLanguage\":\"es\",\"potentialAction\":[{\"@type\":\"ReadAction\",\"target\":[\"https:\/\/abaa.mx\/tienda\/pq3210-analizador-de-energia-trifasico-asico-registrador-datalogger-1200a\/\"]}]},{\"@type\":\"ImageObject\",\"inLanguage\":\"es\",\"@id\":\"https:\/\/abaa.mx\/tienda\/pq3210-analizador-de-energia-trifasico-asico-registrador-datalogger-1200a\/#primaryimage\",\"url\":\"https:\/\/abaa.mx\/tienda\/wp-content\/uploads\/2023\/12\/Datalogger-PQ3210.jpg\",\"contentUrl\":\"https:\/\/abaa.mx\/tienda\/wp-content\/uploads\/2023\/12\/Datalogger-PQ3210.jpg\",\"width\":500,\"height\":500,\"caption\":\"Datalogger PQ3210\"},{\"@type\":\"BreadcrumbList\",\"@id\":\"https:\/\/abaa.mx\/tienda\/pq3210-analizador-de-energia-trifasico-asico-registrador-datalogger-1200a\/#breadcrumb\",\"itemListElement\":[{\"@type\":\"ListItem\",\"position\":1,\"name\":\"Inicio\",\"item\":\"https:\/\/abaa.mx\/tienda\/\"},{\"@type\":\"ListItem\",\"position\":2,\"name\":\"Tienda\",\"item\":\"https:\/\/abaa.mx\/tienda\/\"},{\"@type\":\"ListItem\",\"position\":3,\"name\":\"Pq3210-Analizador de energia trifasico asico registrador (datalogger) 1200a\"}]},{\"@type\":\"WebSite\",\"@id\":\"https:\/\/abaa.mx\/tienda\/#website\",\"url\":\"https:\/\/abaa.mx\/tienda\/\",\"name\":\"Abaa tienda online\",\"description\":\"Instrumentos de medici\u00f3n\",\"publisher\":{\"@id\":\"https:\/\/abaa.mx\/tienda\/#organization\"},\"potentialAction\":[{\"@type\":\"SearchAction\",\"target\":{\"@type\":\"EntryPoint\",\"urlTemplate\":\"https:\/\/abaa.mx\/tienda\/?s={search_term_string}\"},\"query-input\":{\"@type\":\"PropertyValueSpecification\",\"valueRequired\":true,\"valueName\":\"search_term_string\"}}],\"inLanguage\":\"es\"},{\"@type\":\"Organization\",\"@id\":\"https:\/\/abaa.mx\/tienda\/#organization\",\"name\":\"Abaa tienda online\",\"url\":\"https:\/\/abaa.mx\/tienda\/\",\"logo\":{\"@type\":\"ImageObject\",\"inLanguage\":\"es\",\"@id\":\"https:\/\/abaa.mx\/tienda\/#\/schema\/logo\/image\/\",\"url\":\"https:\/\/abaa.mx\/tienda\/wp-content\/uploads\/2024\/01\/abaa-metrologia-tienda.png\",\"contentUrl\":\"https:\/\/abaa.mx\/tienda\/wp-content\/uploads\/2024\/01\/abaa-metrologia-tienda.png\",\"width\":300,\"height\":141,\"caption\":\"Abaa tienda online\"},\"image\":{\"@id\":\"https:\/\/abaa.mx\/tienda\/#\/schema\/logo\/image\/\"}}]}<\/script>\n<!-- \/ Yoast SEO plugin. -->","yoast_head_json":{"title":"Pq3210-Analizador de energia trifasico asico registrador (datalogger) 1200a - Abaa tienda online","robots":{"index":"index","follow":"follow","max-snippet":"max-snippet:-1","max-image-preview":"max-image-preview:large","max-video-preview":"max-video-preview:-1"},"canonical":"https:\/\/abaa.mx\/tienda\/pq3210-analizador-de-energia-trifasico-asico-registrador-datalogger-1200a\/","og_locale":"es_MX","og_type":"article","og_title":"Pq3210-Analizador de energia trifasico asico registrador (datalogger) 1200a - Abaa tienda online","og_description":"El Extech PQ3450 es un registrador de datos\/analizador de energ\u00eda trif\u00e1sico capaz de registrar hasta 30 000 conjuntos de mediciones en formato Excel en una tarjeta de memoria SD extra\u00edble.  El producto es f\u00e1cil de sujetar con una carcasa resistente sobre moldeada.  Cuenta con un reloj y calendario incorporados, 35 par\u00e1metros y una clasificaci\u00f3n de seguridad CAT III 600V.","og_url":"https:\/\/abaa.mx\/tienda\/pq3210-analizador-de-energia-trifasico-asico-registrador-datalogger-1200a\/","og_site_name":"Abaa tienda online","article_modified_time":"2023-12-14T17:04:05+00:00","og_image":[{"width":500,"height":500,"url":"https:\/\/abaa.mx\/tienda\/wp-content\/uploads\/2023\/12\/Datalogger-PQ3210.jpg","type":"image\/jpeg"}],"twitter_card":"summary_large_image","twitter_misc":{"Tiempo de lectura":"1 minuto"},"schema":{"@context":"https:\/\/schema.org","@graph":[{"@type":"WebPage","@id":"https:\/\/abaa.mx\/tienda\/pq3210-analizador-de-energia-trifasico-asico-registrador-datalogger-1200a\/","url":"https:\/\/abaa.mx\/tienda\/pq3210-analizador-de-energia-trifasico-asico-registrador-datalogger-1200a\/","name":"Pq3210-Analizador de energia trifasico asico registrador (datalogger) 1200a - Abaa tienda online","isPartOf":{"@id":"https:\/\/abaa.mx\/tienda\/#website"},"primaryImageOfPage":{"@id":"https:\/\/abaa.mx\/tienda\/pq3210-analizador-de-energia-trifasico-asico-registrador-datalogger-1200a\/#primaryimage"},"image":{"@id":"https:\/\/abaa.mx\/tienda\/pq3210-analizador-de-energia-trifasico-asico-registrador-datalogger-1200a\/#primaryimage"},"thumbnailUrl":"https:\/\/abaa.mx\/tienda\/wp-content\/uploads\/2023\/12\/Datalogger-PQ3210.jpg","datePublished":"2023-12-14T17:04:04+00:00","dateModified":"2023-12-14T17:04:05+00:00","breadcrumb":{"@id":"https:\/\/abaa.mx\/tienda\/pq3210-analizador-de-energia-trifasico-asico-registrador-datalogger-1200a\/#breadcrumb"},"inLanguage":"es","potentialAction":[{"@type":"ReadAction","target":["https:\/\/abaa.mx\/tienda\/pq3210-analizador-de-energia-trifasico-asico-registrador-datalogger-1200a\/"]}]},{"@type":"ImageObject","inLanguage":"es","@id":"https:\/\/abaa.mx\/tienda\/pq3210-analizador-de-energia-trifasico-asico-registrador-datalogger-1200a\/#primaryimage","url":"https:\/\/abaa.mx\/tienda\/wp-content\/uploads\/2023\/12\/Datalogger-PQ3210.jpg","contentUrl":"https:\/\/abaa.mx\/tienda\/wp-content\/uploads\/2023\/12\/Datalogger-PQ3210.jpg","width":500,"height":500,"caption":"Datalogger PQ3210"},{"@type":"BreadcrumbList","@id":"https:\/\/abaa.mx\/tienda\/pq3210-analizador-de-energia-trifasico-asico-registrador-datalogger-1200a\/#breadcrumb","itemListElement":[{"@type":"ListItem","position":1,"name":"Inicio","item":"https:\/\/abaa.mx\/tienda\/"},{"@type":"ListItem","position":2,"name":"Tienda","item":"https:\/\/abaa.mx\/tienda\/"},{"@type":"ListItem","position":3,"name":"Pq3210-Analizador de energia trifasico asico registrador (datalogger) 1200a"}]},{"@type":"WebSite","@id":"https:\/\/abaa.mx\/tienda\/#website","url":"https:\/\/abaa.mx\/tienda\/","name":"Abaa tienda online","description":"Instrumentos de medici\u00f3n","publisher":{"@id":"https:\/\/abaa.mx\/tienda\/#organization"},"potentialAction":[{"@type":"SearchAction","target":{"@type":"EntryPoint","urlTemplate":"https:\/\/abaa.mx\/tienda\/?s={search_term_string}"},"query-input":{"@type":"PropertyValueSpecification","valueRequired":true,"valueName":"search_term_string"}}],"inLanguage":"es"},{"@type":"Organization","@id":"https:\/\/abaa.mx\/tienda\/#organization","name":"Abaa tienda online","url":"https:\/\/abaa.mx\/tienda\/","logo":{"@type":"ImageObject","inLanguage":"es","@id":"https:\/\/abaa.mx\/tienda\/#\/schema\/logo\/image\/","url":"https:\/\/abaa.mx\/tienda\/wp-content\/uploads\/2024\/01\/abaa-metrologia-tienda.png","contentUrl":"https:\/\/abaa.mx\/tienda\/wp-content\/uploads\/2024\/01\/abaa-metrologia-tienda.png","width":300,"height":141,"caption":"Abaa tienda online"},"image":{"@id":"https:\/\/abaa.mx\/tienda\/#\/schema\/logo\/image\/"}}]}},"_links":{"self":[{"href":"https:\/\/abaa.mx\/tienda\/wp-json\/wp\/v2\/product\/9868","targetHints":{"allow":["GET"]}}],"collection":[{"href":"https:\/\/abaa.mx\/tienda\/wp-json\/wp\/v2\/product"}],"about":[{"href":"https:\/\/abaa.mx\/tienda\/wp-json\/wp\/v2\/types\/product"}],"replies":[{"embeddable":true,"href":"https:\/\/abaa.mx\/tienda\/wp-json\/wp\/v2\/comments?post=9868"}],"wp:featuredmedia":[{"embeddable":true,"href":"https:\/\/abaa.mx\/tienda\/wp-json\/wp\/v2\/media\/9871"}],"wp:attachment":[{"href":"https:\/\/abaa.mx\/tienda\/wp-json\/wp\/v2\/media?parent=9868"}],"wp:term":[{"taxonomy":"product_brand","embeddable":true,"href":"https:\/\/abaa.mx\/tienda\/wp-json\/wp\/v2\/product_brand?post=9868"},{"taxonomy":"product_cat","embeddable":true,"href":"https:\/\/abaa.mx\/tienda\/wp-json\/wp\/v2\/product_cat?post=9868"},{"taxonomy":"product_tag","embeddable":true,"href":"https:\/\/abaa.mx\/tienda\/wp-json\/wp\/v2\/product_tag?post=9868"}],"curies":[{"name":"wp","href":"https:\/\/api.w.org\/{rel}","templated":true}]}}