{"id":9725,"date":"2023-12-11T15:40:59","date_gmt":"2023-12-11T15:40:59","guid":{"rendered":"https:\/\/abaa.mx\/tienda\/?post_type=product&#038;p=9725"},"modified":"2023-12-11T16:18:06","modified_gmt":"2023-12-11T16:18:06","slug":"amperimetro-de-gancho-be38-trotec","status":"publish","type":"product","link":"https:\/\/abaa.mx\/tienda\/amperimetro-de-gancho-be38-trotec\/","title":{"rendered":"Amper\u00edmetro de gancho be38 trotec"},"content":{"rendered":"<p>El dise\u00f1o compacto de la pinza amperim\u00e9trica simplifica el uso en espacios reducidos tales como armarios estrechos de cableado. Otra ventaja de su dise\u00f1o es la posibilidad de operar el dispositivo con una sola mano sin dificultad.<\/p>\n<p>&nbsp;<\/p>\n<p><strong>Ventajas en la pr\u00e1ctica:<\/strong><\/p>\n<ul>\n<li>Display LCD de 3 1\/2 d\u00edgitos (visualizaci\u00f3n m\u00e1x. 1999).<\/li>\n<li>CAT III 300 V.<\/li>\n<li>Medici\u00f3n de corriente AC hasta 400 A.<\/li>\n<li>Medici\u00f3n de tensi\u00f3n hasta 300 V (AC\/DC).<\/li>\n<li>Medici\u00f3n de la resistencia y prueba de diodos.<\/li>\n<li>Prueba ac\u00fastica de continuidad.<\/li>\n<li>Hold-Funci\u00f3n.<\/li>\n<li>Adecuado para cables de hasta 25 mm de di\u00e1metro.<\/li>\n<\/ul>\n<p>&nbsp;<\/p>\n<p><strong>Detalles t\u00e9cnicos:<\/strong><\/p>\n<ul>\n<li>Rango de medici\u00f3n de voltaje DC: 0 &#8211; 300 V\/DC.<\/li>\n<li>Precisi\u00f3n de voltaje DC: \u00b1(1,0 % + 2 D\u00edgitos).<\/li>\n<li>Rango de medici\u00f3n de voltaje AC: 0 &#8211; 300 V\/AC.<\/li>\n<li>Precisi\u00f3n de voltaje AC: \u00b1(1,2 % + 3 D\u00edgitos).<\/li>\n<li>Rango de medici\u00f3n de corriente AC: 0 &#8211; 400 A\/AC.<\/li>\n<li>Precisi\u00f3n de corriente AC: \u00b1(3 % + 2 D\u00edgitos).<\/li>\n<li>Rango de medici\u00f3n de resistencia: 0 &#8211; 200 k\u2126.<\/li>\n<li>Precisi\u00f3n de resistencia: \u00b1(1,2 % + 2 D\u00edgitos).<\/li>\n<li>Tipo de bater\u00eda: 3&#215;3 V, CR2032.<\/li>\n<li>Entradas para 2 conectores de seguridad de 4 mm.<\/li>\n<li>Categor\u00eda de circuito de medici\u00f3n: CAT III 600 V.<\/li>\n<li>Temperatura operacional:0 \u00b0C hasta 40\u00b0C.<\/li>\n<li>Funciones: funci\u00f3n de retenci\u00f3n de valor de medici\u00f3n, prueba de diodos, prueba de continuidad, indicaci\u00f3n audible de continuidad, protecci\u00f3n contra sobrecarga, indicador de estado de la bater\u00eda.<\/li>\n<li>Dimensiones (largo x ancho x alto): 148 x 60 x 27\u00a0mm<\/li>\n<li>Peso: 155 g.<\/li>\n<\/ul>\n","protected":false},"excerpt":{"rendered":"<p>La pinza amperim\u00e9trica BE 38 permite mediciones de corriente sin contacto en instalaciones en funcionamiento por el principio de inducci\u00f3n, sin tener que desconectar los cables.<\/p>\n","protected":false},"featured_media":9727,"comment_status":"open","ping_status":"closed","template":"","meta":{"_joinchat":[]},"product_brand":[],"product_cat":[15],"product_tag":[],"class_list":{"0":"post-9725","1":"product","2":"type-product","3":"status-publish","4":"has-post-thumbnail","6":"product_cat-sin-categorizar","8":"first","9":"instock","10":"shipping-taxable","11":"product-type-simple"},"yoast_head":"<!-- This site is optimized with the Yoast SEO plugin v26.4 - https:\/\/yoast.com\/wordpress\/plugins\/seo\/ -->\n<title>Amper\u00edmetro de gancho be38 trotec - Abaa tienda online<\/title>\n<meta name=\"robots\" content=\"index, follow, max-snippet:-1, max-image-preview:large, max-video-preview:-1\" \/>\n<link rel=\"canonical\" href=\"https:\/\/abaa.mx\/tienda\/amperimetro-de-gancho-be38-trotec\/\" \/>\n<meta property=\"og:locale\" content=\"es_MX\" \/>\n<meta property=\"og:type\" content=\"article\" \/>\n<meta property=\"og:title\" content=\"Amper\u00edmetro de gancho be38 trotec - Abaa tienda online\" \/>\n<meta property=\"og:description\" content=\"La pinza amperim\u00e9trica BE 38 permite mediciones de corriente sin contacto en instalaciones en funcionamiento por el principio de inducci\u00f3n, sin tener que desconectar los cables.\" \/>\n<meta property=\"og:url\" content=\"https:\/\/abaa.mx\/tienda\/amperimetro-de-gancho-be38-trotec\/\" \/>\n<meta property=\"og:site_name\" content=\"Abaa tienda online\" \/>\n<meta property=\"article:modified_time\" content=\"2023-12-11T16:18:06+00:00\" \/>\n<meta property=\"og:image\" content=\"https:\/\/abaa.mx\/tienda\/wp-content\/uploads\/2023\/12\/Amperimetro-de-gancho-be38-trotec.jpg\" \/>\n\t<meta property=\"og:image:width\" content=\"950\" \/>\n\t<meta property=\"og:image:height\" content=\"950\" \/>\n\t<meta property=\"og:image:type\" content=\"image\/jpeg\" \/>\n<meta name=\"twitter:card\" content=\"summary_large_image\" \/>\n<meta name=\"twitter:label1\" content=\"Tiempo de lectura\" \/>\n\t<meta name=\"twitter:data1\" content=\"2 minutos\" \/>\n<script type=\"application\/ld+json\" class=\"yoast-schema-graph\">{\"@context\":\"https:\/\/schema.org\",\"@graph\":[{\"@type\":\"WebPage\",\"@id\":\"https:\/\/abaa.mx\/tienda\/amperimetro-de-gancho-be38-trotec\/\",\"url\":\"https:\/\/abaa.mx\/tienda\/amperimetro-de-gancho-be38-trotec\/\",\"name\":\"Amper\u00edmetro de gancho be38 trotec - Abaa tienda online\",\"isPartOf\":{\"@id\":\"https:\/\/abaa.mx\/tienda\/#website\"},\"primaryImageOfPage\":{\"@id\":\"https:\/\/abaa.mx\/tienda\/amperimetro-de-gancho-be38-trotec\/#primaryimage\"},\"image\":{\"@id\":\"https:\/\/abaa.mx\/tienda\/amperimetro-de-gancho-be38-trotec\/#primaryimage\"},\"thumbnailUrl\":\"https:\/\/abaa.mx\/tienda\/wp-content\/uploads\/2023\/12\/Amperimetro-de-gancho-be38-trotec.jpg\",\"datePublished\":\"2023-12-11T15:40:59+00:00\",\"dateModified\":\"2023-12-11T16:18:06+00:00\",\"breadcrumb\":{\"@id\":\"https:\/\/abaa.mx\/tienda\/amperimetro-de-gancho-be38-trotec\/#breadcrumb\"},\"inLanguage\":\"es\",\"potentialAction\":[{\"@type\":\"ReadAction\",\"target\":[\"https:\/\/abaa.mx\/tienda\/amperimetro-de-gancho-be38-trotec\/\"]}]},{\"@type\":\"ImageObject\",\"inLanguage\":\"es\",\"@id\":\"https:\/\/abaa.mx\/tienda\/amperimetro-de-gancho-be38-trotec\/#primaryimage\",\"url\":\"https:\/\/abaa.mx\/tienda\/wp-content\/uploads\/2023\/12\/Amperimetro-de-gancho-be38-trotec.jpg\",\"contentUrl\":\"https:\/\/abaa.mx\/tienda\/wp-content\/uploads\/2023\/12\/Amperimetro-de-gancho-be38-trotec.jpg\",\"width\":950,\"height\":950,\"caption\":\"Amperimetro de gancho be38 trotec\"},{\"@type\":\"BreadcrumbList\",\"@id\":\"https:\/\/abaa.mx\/tienda\/amperimetro-de-gancho-be38-trotec\/#breadcrumb\",\"itemListElement\":[{\"@type\":\"ListItem\",\"position\":1,\"name\":\"Inicio\",\"item\":\"https:\/\/abaa.mx\/tienda\/\"},{\"@type\":\"ListItem\",\"position\":2,\"name\":\"Tienda\",\"item\":\"https:\/\/abaa.mx\/tienda\/\"},{\"@type\":\"ListItem\",\"position\":3,\"name\":\"Amper\u00edmetro de gancho be38 trotec\"}]},{\"@type\":\"WebSite\",\"@id\":\"https:\/\/abaa.mx\/tienda\/#website\",\"url\":\"https:\/\/abaa.mx\/tienda\/\",\"name\":\"Abaa tienda online\",\"description\":\"Instrumentos de medici\u00f3n\",\"publisher\":{\"@id\":\"https:\/\/abaa.mx\/tienda\/#organization\"},\"potentialAction\":[{\"@type\":\"SearchAction\",\"target\":{\"@type\":\"EntryPoint\",\"urlTemplate\":\"https:\/\/abaa.mx\/tienda\/?s={search_term_string}\"},\"query-input\":{\"@type\":\"PropertyValueSpecification\",\"valueRequired\":true,\"valueName\":\"search_term_string\"}}],\"inLanguage\":\"es\"},{\"@type\":\"Organization\",\"@id\":\"https:\/\/abaa.mx\/tienda\/#organization\",\"name\":\"Abaa tienda online\",\"url\":\"https:\/\/abaa.mx\/tienda\/\",\"logo\":{\"@type\":\"ImageObject\",\"inLanguage\":\"es\",\"@id\":\"https:\/\/abaa.mx\/tienda\/#\/schema\/logo\/image\/\",\"url\":\"https:\/\/abaa.mx\/tienda\/wp-content\/uploads\/2024\/01\/abaa-metrologia-tienda.png\",\"contentUrl\":\"https:\/\/abaa.mx\/tienda\/wp-content\/uploads\/2024\/01\/abaa-metrologia-tienda.png\",\"width\":300,\"height\":141,\"caption\":\"Abaa tienda online\"},\"image\":{\"@id\":\"https:\/\/abaa.mx\/tienda\/#\/schema\/logo\/image\/\"}}]}<\/script>\n<!-- \/ Yoast SEO plugin. -->","yoast_head_json":{"title":"Amper\u00edmetro de gancho be38 trotec - Abaa tienda online","robots":{"index":"index","follow":"follow","max-snippet":"max-snippet:-1","max-image-preview":"max-image-preview:large","max-video-preview":"max-video-preview:-1"},"canonical":"https:\/\/abaa.mx\/tienda\/amperimetro-de-gancho-be38-trotec\/","og_locale":"es_MX","og_type":"article","og_title":"Amper\u00edmetro de gancho be38 trotec - Abaa tienda online","og_description":"La pinza amperim\u00e9trica BE 38 permite mediciones de corriente sin contacto en instalaciones en funcionamiento por el principio de inducci\u00f3n, sin tener que desconectar los cables.","og_url":"https:\/\/abaa.mx\/tienda\/amperimetro-de-gancho-be38-trotec\/","og_site_name":"Abaa tienda online","article_modified_time":"2023-12-11T16:18:06+00:00","og_image":[{"width":950,"height":950,"url":"https:\/\/abaa.mx\/tienda\/wp-content\/uploads\/2023\/12\/Amperimetro-de-gancho-be38-trotec.jpg","type":"image\/jpeg"}],"twitter_card":"summary_large_image","twitter_misc":{"Tiempo de lectura":"2 minutos"},"schema":{"@context":"https:\/\/schema.org","@graph":[{"@type":"WebPage","@id":"https:\/\/abaa.mx\/tienda\/amperimetro-de-gancho-be38-trotec\/","url":"https:\/\/abaa.mx\/tienda\/amperimetro-de-gancho-be38-trotec\/","name":"Amper\u00edmetro de gancho be38 trotec - Abaa tienda online","isPartOf":{"@id":"https:\/\/abaa.mx\/tienda\/#website"},"primaryImageOfPage":{"@id":"https:\/\/abaa.mx\/tienda\/amperimetro-de-gancho-be38-trotec\/#primaryimage"},"image":{"@id":"https:\/\/abaa.mx\/tienda\/amperimetro-de-gancho-be38-trotec\/#primaryimage"},"thumbnailUrl":"https:\/\/abaa.mx\/tienda\/wp-content\/uploads\/2023\/12\/Amperimetro-de-gancho-be38-trotec.jpg","datePublished":"2023-12-11T15:40:59+00:00","dateModified":"2023-12-11T16:18:06+00:00","breadcrumb":{"@id":"https:\/\/abaa.mx\/tienda\/amperimetro-de-gancho-be38-trotec\/#breadcrumb"},"inLanguage":"es","potentialAction":[{"@type":"ReadAction","target":["https:\/\/abaa.mx\/tienda\/amperimetro-de-gancho-be38-trotec\/"]}]},{"@type":"ImageObject","inLanguage":"es","@id":"https:\/\/abaa.mx\/tienda\/amperimetro-de-gancho-be38-trotec\/#primaryimage","url":"https:\/\/abaa.mx\/tienda\/wp-content\/uploads\/2023\/12\/Amperimetro-de-gancho-be38-trotec.jpg","contentUrl":"https:\/\/abaa.mx\/tienda\/wp-content\/uploads\/2023\/12\/Amperimetro-de-gancho-be38-trotec.jpg","width":950,"height":950,"caption":"Amperimetro de gancho be38 trotec"},{"@type":"BreadcrumbList","@id":"https:\/\/abaa.mx\/tienda\/amperimetro-de-gancho-be38-trotec\/#breadcrumb","itemListElement":[{"@type":"ListItem","position":1,"name":"Inicio","item":"https:\/\/abaa.mx\/tienda\/"},{"@type":"ListItem","position":2,"name":"Tienda","item":"https:\/\/abaa.mx\/tienda\/"},{"@type":"ListItem","position":3,"name":"Amper\u00edmetro de gancho be38 trotec"}]},{"@type":"WebSite","@id":"https:\/\/abaa.mx\/tienda\/#website","url":"https:\/\/abaa.mx\/tienda\/","name":"Abaa tienda online","description":"Instrumentos de medici\u00f3n","publisher":{"@id":"https:\/\/abaa.mx\/tienda\/#organization"},"potentialAction":[{"@type":"SearchAction","target":{"@type":"EntryPoint","urlTemplate":"https:\/\/abaa.mx\/tienda\/?s={search_term_string}"},"query-input":{"@type":"PropertyValueSpecification","valueRequired":true,"valueName":"search_term_string"}}],"inLanguage":"es"},{"@type":"Organization","@id":"https:\/\/abaa.mx\/tienda\/#organization","name":"Abaa tienda online","url":"https:\/\/abaa.mx\/tienda\/","logo":{"@type":"ImageObject","inLanguage":"es","@id":"https:\/\/abaa.mx\/tienda\/#\/schema\/logo\/image\/","url":"https:\/\/abaa.mx\/tienda\/wp-content\/uploads\/2024\/01\/abaa-metrologia-tienda.png","contentUrl":"https:\/\/abaa.mx\/tienda\/wp-content\/uploads\/2024\/01\/abaa-metrologia-tienda.png","width":300,"height":141,"caption":"Abaa tienda online"},"image":{"@id":"https:\/\/abaa.mx\/tienda\/#\/schema\/logo\/image\/"}}]}},"_links":{"self":[{"href":"https:\/\/abaa.mx\/tienda\/wp-json\/wp\/v2\/product\/9725","targetHints":{"allow":["GET"]}}],"collection":[{"href":"https:\/\/abaa.mx\/tienda\/wp-json\/wp\/v2\/product"}],"about":[{"href":"https:\/\/abaa.mx\/tienda\/wp-json\/wp\/v2\/types\/product"}],"replies":[{"embeddable":true,"href":"https:\/\/abaa.mx\/tienda\/wp-json\/wp\/v2\/comments?post=9725"}],"wp:featuredmedia":[{"embeddable":true,"href":"https:\/\/abaa.mx\/tienda\/wp-json\/wp\/v2\/media\/9727"}],"wp:attachment":[{"href":"https:\/\/abaa.mx\/tienda\/wp-json\/wp\/v2\/media?parent=9725"}],"wp:term":[{"taxonomy":"product_brand","embeddable":true,"href":"https:\/\/abaa.mx\/tienda\/wp-json\/wp\/v2\/product_brand?post=9725"},{"taxonomy":"product_cat","embeddable":true,"href":"https:\/\/abaa.mx\/tienda\/wp-json\/wp\/v2\/product_cat?post=9725"},{"taxonomy":"product_tag","embeddable":true,"href":"https:\/\/abaa.mx\/tienda\/wp-json\/wp\/v2\/product_tag?post=9725"}],"curies":[{"name":"wp","href":"https:\/\/api.w.org\/{rel}","templated":true}]}}