{"id":9719,"date":"2023-12-11T15:14:22","date_gmt":"2023-12-11T15:14:22","guid":{"rendered":"https:\/\/abaa.mx\/tienda\/?post_type=product&#038;p=9719"},"modified":"2023-12-12T14:43:33","modified_gmt":"2023-12-12T14:43:33","slug":"detector-de-voltaje-be16-trotec","status":"publish","type":"product","link":"https:\/\/abaa.mx\/tienda\/detector-de-voltaje-be16-trotec\/","title":{"rendered":"Detector de voltaje be16 trotec"},"content":{"rendered":"<p><strong>Comprobaci\u00f3n de tensi\u00f3n r\u00e1pida y fiable, tambi\u00e9n en \u00e1reas oscuras:<\/strong><\/p>\n<p>Gracias al proceso de medici\u00f3n capacitativo basta con acercar el detector de tensi\u00f3n al conductor. Sin entrar en contacto con el elemento, el BE16 avisa r\u00e1pidamente de la tensi\u00f3n mediante el parpadeo de una luz LED roja en toda la punta de detecci\u00f3n. Adem\u00e1s se escucha una se\u00f1al ac\u00fastica de alerta.<br \/>\nEste compacto detector de tensi\u00f3n en forma de bol\u00edgrafo cuenta con con un cabezal de medici\u00f3n integrado e iluminaci\u00f3n LED de activaci\u00f3n opcional que le garantiza un trabajo preciso y seguro incluso en condiciones de poca luminosidad.<br \/>\nEnganchado con un clip al bolsillo de la camisa, la chaqueta o el pantal\u00f3n, con el manejable BE16 tendr\u00e1 siempre a mano un comprobador fiable para la detecci\u00f3n r\u00e1pida de tensi\u00f3n.<\/p>\n<p>&nbsp;<\/p>\n<p><span style=\"font-size: 21px;\"><b>Caracter\u00edsticas<\/b><\/span><strong>:<\/strong><\/p>\n<ul>\n<li>Detecci\u00f3n r\u00e1pida y sin contacto de tensi\u00f3n alterna<\/li>\n<li>Rango de tensi\u00f3n 5 V \u2013 1.000\u00a0V CA \/ 50 Hz \u2013 400 Hz<\/li>\n<li>Tipo de protecci\u00f3n CAT IV 1.000\u00a0V<\/li>\n<li>Alarma \u00f3ptica y ac\u00fastica cuando hay tensi\u00f3n<\/li>\n<li>Ajuste gradual de la sensibilidad de medici\u00f3n<\/li>\n<li>Dise\u00f1o compacto en forma de bol\u00edgrafo con clip para bolsillo<\/li>\n<li>L\u00e1mpara LED integrada para trabajar incluso bajo condiciones de luminosidad desfavorables<\/li>\n<li>\u00d3ptima relaci\u00f3n calidad-precio<\/li>\n<\/ul>\n<p>&nbsp;<\/p>\n<p><strong> Especificaciones:<\/strong><\/p>\n<ul>\n<li>Categor\u00eda de circuito de medici\u00f3n: CAT IV (1.000V).<\/li>\n<li>Rango de medici\u00f3n V\/AC: 5 a 1.000 V.<\/li>\n<li>Microambiente: grado de contaminaci\u00f3n 2.<\/li>\n<li>Tipo de prueba: sin contacto.<\/li>\n<li>Clase de protecci\u00f3n: IP20.<\/li>\n<li>Indicador de tensi\u00f3n: LED.<\/li>\n<li>Funciones: detecci\u00f3n de tensi\u00f3n AC sin contacto (sin contacto galv\u00e1nico), alarma ac\u00fastica, alarma \u00f3ptica, linterna integrada.<\/li>\n<li>Condiciones ambientales (humedad): m\u00e1x. 85 % h.r..<\/li>\n<li>Condiciones ambientales (temperatura): 0 \u00b0C a 40 \u00b0C.<\/li>\n<li>Seguridad: EN 61610-1:2010, EN 61610-2-033:2012, EN 61326-1:2013, EN 61326-2-2:2013.<\/li>\n<li>Alimentaci\u00f3n: 2 x 1,5 V, AAA.<\/li>\n<li>Dimensiones: 154 x 32 x 28 mm.<\/li>\n<li>Peso: 50 g.<\/li>\n<li>Volumen de suministro: instrumento de medici\u00f3n, pilas, manual de instrucciones.<\/li>\n<\/ul>\n","protected":false},"excerpt":{"rendered":"<p>El detector de tensi\u00f3n sin contacto BE16 forma parte del equipamiento b\u00e1sico de todo profesional y aficionado al bricolaje. Este pr\u00e1ctico medidor r\u00e1pido detecta con fiabilidad fuentes de tensi\u00f3n de entre s\u00f3lo 5 y hasta 1.000 voltios o, lo que es lo mismo, entre 50 y 400 Hz.<\/p>\n","protected":false},"featured_media":9720,"comment_status":"open","ping_status":"closed","template":"","meta":{"_joinchat":[]},"product_brand":[],"product_cat":[15],"product_tag":[],"class_list":{"0":"post-9719","1":"product","2":"type-product","3":"status-publish","4":"has-post-thumbnail","6":"product_cat-sin-categorizar","8":"first","9":"instock","10":"shipping-taxable","11":"product-type-simple"},"yoast_head":"<!-- This site is optimized with the Yoast SEO plugin v26.4 - https:\/\/yoast.com\/wordpress\/plugins\/seo\/ -->\n<title>Detector de voltaje be16 trotec - Abaa tienda online<\/title>\n<meta name=\"robots\" content=\"index, follow, max-snippet:-1, max-image-preview:large, max-video-preview:-1\" \/>\n<link rel=\"canonical\" href=\"https:\/\/abaa.mx\/tienda\/detector-de-voltaje-be16-trotec\/\" \/>\n<meta property=\"og:locale\" content=\"es_MX\" \/>\n<meta property=\"og:type\" content=\"article\" \/>\n<meta property=\"og:title\" content=\"Detector de voltaje be16 trotec - Abaa tienda online\" \/>\n<meta property=\"og:description\" content=\"El detector de tensi\u00f3n sin contacto BE16 forma parte del equipamiento b\u00e1sico de todo profesional y aficionado al bricolaje. Este pr\u00e1ctico medidor r\u00e1pido detecta con fiabilidad fuentes de tensi\u00f3n de entre s\u00f3lo 5 y hasta 1.000 voltios o, lo que es lo mismo, entre 50 y 400 Hz.\" \/>\n<meta property=\"og:url\" content=\"https:\/\/abaa.mx\/tienda\/detector-de-voltaje-be16-trotec\/\" \/>\n<meta property=\"og:site_name\" content=\"Abaa tienda online\" \/>\n<meta property=\"article:modified_time\" content=\"2023-12-12T14:43:33+00:00\" \/>\n<meta property=\"og:image\" content=\"https:\/\/abaa.mx\/tienda\/wp-content\/uploads\/2023\/12\/Detector-de-voltaje-be16-trotec.jpg\" \/>\n\t<meta property=\"og:image:width\" content=\"950\" \/>\n\t<meta property=\"og:image:height\" content=\"950\" \/>\n\t<meta property=\"og:image:type\" content=\"image\/jpeg\" \/>\n<meta name=\"twitter:card\" content=\"summary_large_image\" \/>\n<meta name=\"twitter:label1\" content=\"Tiempo de lectura\" \/>\n\t<meta name=\"twitter:data1\" content=\"2 minutos\" \/>\n<script type=\"application\/ld+json\" class=\"yoast-schema-graph\">{\"@context\":\"https:\/\/schema.org\",\"@graph\":[{\"@type\":\"WebPage\",\"@id\":\"https:\/\/abaa.mx\/tienda\/detector-de-voltaje-be16-trotec\/\",\"url\":\"https:\/\/abaa.mx\/tienda\/detector-de-voltaje-be16-trotec\/\",\"name\":\"Detector de voltaje be16 trotec - Abaa tienda online\",\"isPartOf\":{\"@id\":\"https:\/\/abaa.mx\/tienda\/#website\"},\"primaryImageOfPage\":{\"@id\":\"https:\/\/abaa.mx\/tienda\/detector-de-voltaje-be16-trotec\/#primaryimage\"},\"image\":{\"@id\":\"https:\/\/abaa.mx\/tienda\/detector-de-voltaje-be16-trotec\/#primaryimage\"},\"thumbnailUrl\":\"https:\/\/abaa.mx\/tienda\/wp-content\/uploads\/2023\/12\/Detector-de-voltaje-be16-trotec.jpg\",\"datePublished\":\"2023-12-11T15:14:22+00:00\",\"dateModified\":\"2023-12-12T14:43:33+00:00\",\"breadcrumb\":{\"@id\":\"https:\/\/abaa.mx\/tienda\/detector-de-voltaje-be16-trotec\/#breadcrumb\"},\"inLanguage\":\"es\",\"potentialAction\":[{\"@type\":\"ReadAction\",\"target\":[\"https:\/\/abaa.mx\/tienda\/detector-de-voltaje-be16-trotec\/\"]}]},{\"@type\":\"ImageObject\",\"inLanguage\":\"es\",\"@id\":\"https:\/\/abaa.mx\/tienda\/detector-de-voltaje-be16-trotec\/#primaryimage\",\"url\":\"https:\/\/abaa.mx\/tienda\/wp-content\/uploads\/2023\/12\/Detector-de-voltaje-be16-trotec.jpg\",\"contentUrl\":\"https:\/\/abaa.mx\/tienda\/wp-content\/uploads\/2023\/12\/Detector-de-voltaje-be16-trotec.jpg\",\"width\":950,\"height\":950,\"caption\":\"Detector de voltaje be16 trotec\"},{\"@type\":\"BreadcrumbList\",\"@id\":\"https:\/\/abaa.mx\/tienda\/detector-de-voltaje-be16-trotec\/#breadcrumb\",\"itemListElement\":[{\"@type\":\"ListItem\",\"position\":1,\"name\":\"Inicio\",\"item\":\"https:\/\/abaa.mx\/tienda\/\"},{\"@type\":\"ListItem\",\"position\":2,\"name\":\"Tienda\",\"item\":\"https:\/\/abaa.mx\/tienda\/\"},{\"@type\":\"ListItem\",\"position\":3,\"name\":\"Detector de voltaje be16 trotec\"}]},{\"@type\":\"WebSite\",\"@id\":\"https:\/\/abaa.mx\/tienda\/#website\",\"url\":\"https:\/\/abaa.mx\/tienda\/\",\"name\":\"Abaa tienda online\",\"description\":\"Instrumentos de medici\u00f3n\",\"publisher\":{\"@id\":\"https:\/\/abaa.mx\/tienda\/#organization\"},\"potentialAction\":[{\"@type\":\"SearchAction\",\"target\":{\"@type\":\"EntryPoint\",\"urlTemplate\":\"https:\/\/abaa.mx\/tienda\/?s={search_term_string}\"},\"query-input\":{\"@type\":\"PropertyValueSpecification\",\"valueRequired\":true,\"valueName\":\"search_term_string\"}}],\"inLanguage\":\"es\"},{\"@type\":\"Organization\",\"@id\":\"https:\/\/abaa.mx\/tienda\/#organization\",\"name\":\"Abaa tienda online\",\"url\":\"https:\/\/abaa.mx\/tienda\/\",\"logo\":{\"@type\":\"ImageObject\",\"inLanguage\":\"es\",\"@id\":\"https:\/\/abaa.mx\/tienda\/#\/schema\/logo\/image\/\",\"url\":\"https:\/\/abaa.mx\/tienda\/wp-content\/uploads\/2024\/01\/abaa-metrologia-tienda.png\",\"contentUrl\":\"https:\/\/abaa.mx\/tienda\/wp-content\/uploads\/2024\/01\/abaa-metrologia-tienda.png\",\"width\":300,\"height\":141,\"caption\":\"Abaa tienda online\"},\"image\":{\"@id\":\"https:\/\/abaa.mx\/tienda\/#\/schema\/logo\/image\/\"}}]}<\/script>\n<!-- \/ Yoast SEO plugin. -->","yoast_head_json":{"title":"Detector de voltaje be16 trotec - Abaa tienda online","robots":{"index":"index","follow":"follow","max-snippet":"max-snippet:-1","max-image-preview":"max-image-preview:large","max-video-preview":"max-video-preview:-1"},"canonical":"https:\/\/abaa.mx\/tienda\/detector-de-voltaje-be16-trotec\/","og_locale":"es_MX","og_type":"article","og_title":"Detector de voltaje be16 trotec - Abaa tienda online","og_description":"El detector de tensi\u00f3n sin contacto BE16 forma parte del equipamiento b\u00e1sico de todo profesional y aficionado al bricolaje. Este pr\u00e1ctico medidor r\u00e1pido detecta con fiabilidad fuentes de tensi\u00f3n de entre s\u00f3lo 5 y hasta 1.000 voltios o, lo que es lo mismo, entre 50 y 400 Hz.","og_url":"https:\/\/abaa.mx\/tienda\/detector-de-voltaje-be16-trotec\/","og_site_name":"Abaa tienda online","article_modified_time":"2023-12-12T14:43:33+00:00","og_image":[{"width":950,"height":950,"url":"https:\/\/abaa.mx\/tienda\/wp-content\/uploads\/2023\/12\/Detector-de-voltaje-be16-trotec.jpg","type":"image\/jpeg"}],"twitter_card":"summary_large_image","twitter_misc":{"Tiempo de lectura":"2 minutos"},"schema":{"@context":"https:\/\/schema.org","@graph":[{"@type":"WebPage","@id":"https:\/\/abaa.mx\/tienda\/detector-de-voltaje-be16-trotec\/","url":"https:\/\/abaa.mx\/tienda\/detector-de-voltaje-be16-trotec\/","name":"Detector de voltaje be16 trotec - Abaa tienda online","isPartOf":{"@id":"https:\/\/abaa.mx\/tienda\/#website"},"primaryImageOfPage":{"@id":"https:\/\/abaa.mx\/tienda\/detector-de-voltaje-be16-trotec\/#primaryimage"},"image":{"@id":"https:\/\/abaa.mx\/tienda\/detector-de-voltaje-be16-trotec\/#primaryimage"},"thumbnailUrl":"https:\/\/abaa.mx\/tienda\/wp-content\/uploads\/2023\/12\/Detector-de-voltaje-be16-trotec.jpg","datePublished":"2023-12-11T15:14:22+00:00","dateModified":"2023-12-12T14:43:33+00:00","breadcrumb":{"@id":"https:\/\/abaa.mx\/tienda\/detector-de-voltaje-be16-trotec\/#breadcrumb"},"inLanguage":"es","potentialAction":[{"@type":"ReadAction","target":["https:\/\/abaa.mx\/tienda\/detector-de-voltaje-be16-trotec\/"]}]},{"@type":"ImageObject","inLanguage":"es","@id":"https:\/\/abaa.mx\/tienda\/detector-de-voltaje-be16-trotec\/#primaryimage","url":"https:\/\/abaa.mx\/tienda\/wp-content\/uploads\/2023\/12\/Detector-de-voltaje-be16-trotec.jpg","contentUrl":"https:\/\/abaa.mx\/tienda\/wp-content\/uploads\/2023\/12\/Detector-de-voltaje-be16-trotec.jpg","width":950,"height":950,"caption":"Detector de voltaje be16 trotec"},{"@type":"BreadcrumbList","@id":"https:\/\/abaa.mx\/tienda\/detector-de-voltaje-be16-trotec\/#breadcrumb","itemListElement":[{"@type":"ListItem","position":1,"name":"Inicio","item":"https:\/\/abaa.mx\/tienda\/"},{"@type":"ListItem","position":2,"name":"Tienda","item":"https:\/\/abaa.mx\/tienda\/"},{"@type":"ListItem","position":3,"name":"Detector de voltaje be16 trotec"}]},{"@type":"WebSite","@id":"https:\/\/abaa.mx\/tienda\/#website","url":"https:\/\/abaa.mx\/tienda\/","name":"Abaa tienda online","description":"Instrumentos de medici\u00f3n","publisher":{"@id":"https:\/\/abaa.mx\/tienda\/#organization"},"potentialAction":[{"@type":"SearchAction","target":{"@type":"EntryPoint","urlTemplate":"https:\/\/abaa.mx\/tienda\/?s={search_term_string}"},"query-input":{"@type":"PropertyValueSpecification","valueRequired":true,"valueName":"search_term_string"}}],"inLanguage":"es"},{"@type":"Organization","@id":"https:\/\/abaa.mx\/tienda\/#organization","name":"Abaa tienda online","url":"https:\/\/abaa.mx\/tienda\/","logo":{"@type":"ImageObject","inLanguage":"es","@id":"https:\/\/abaa.mx\/tienda\/#\/schema\/logo\/image\/","url":"https:\/\/abaa.mx\/tienda\/wp-content\/uploads\/2024\/01\/abaa-metrologia-tienda.png","contentUrl":"https:\/\/abaa.mx\/tienda\/wp-content\/uploads\/2024\/01\/abaa-metrologia-tienda.png","width":300,"height":141,"caption":"Abaa tienda online"},"image":{"@id":"https:\/\/abaa.mx\/tienda\/#\/schema\/logo\/image\/"}}]}},"_links":{"self":[{"href":"https:\/\/abaa.mx\/tienda\/wp-json\/wp\/v2\/product\/9719","targetHints":{"allow":["GET"]}}],"collection":[{"href":"https:\/\/abaa.mx\/tienda\/wp-json\/wp\/v2\/product"}],"about":[{"href":"https:\/\/abaa.mx\/tienda\/wp-json\/wp\/v2\/types\/product"}],"replies":[{"embeddable":true,"href":"https:\/\/abaa.mx\/tienda\/wp-json\/wp\/v2\/comments?post=9719"}],"wp:featuredmedia":[{"embeddable":true,"href":"https:\/\/abaa.mx\/tienda\/wp-json\/wp\/v2\/media\/9720"}],"wp:attachment":[{"href":"https:\/\/abaa.mx\/tienda\/wp-json\/wp\/v2\/media?parent=9719"}],"wp:term":[{"taxonomy":"product_brand","embeddable":true,"href":"https:\/\/abaa.mx\/tienda\/wp-json\/wp\/v2\/product_brand?post=9719"},{"taxonomy":"product_cat","embeddable":true,"href":"https:\/\/abaa.mx\/tienda\/wp-json\/wp\/v2\/product_cat?post=9719"},{"taxonomy":"product_tag","embeddable":true,"href":"https:\/\/abaa.mx\/tienda\/wp-json\/wp\/v2\/product_tag?post=9719"}],"curies":[{"name":"wp","href":"https:\/\/api.w.org\/{rel}","templated":true}]}}