{"id":9713,"date":"2023-12-11T14:45:46","date_gmt":"2023-12-11T14:45:46","guid":{"rendered":"https:\/\/abaa.mx\/tienda\/?post_type=product&#038;p=9713"},"modified":"2023-12-11T14:45:46","modified_gmt":"2023-12-11T14:45:46","slug":"flexometro-3-en-1-bd8m-trotec","status":"publish","type":"product","link":"https:\/\/abaa.mx\/tienda\/flexometro-3-en-1-bd8m-trotec\/","title":{"rendered":"Flex\u00f3metro 3 en 1 bd8m trotec"},"content":{"rendered":"<p>&nbsp;<\/p>\n<p><strong>Tel\u00e9metro, cinta m\u00e9trica y l\u00e1ser de l\u00edneas cruzadas en un solo aparato:<\/strong><\/p>\n<p>El compacto aparato de medici\u00f3n multifuncional BD8M combina la funcionalidad de tres \u00fatiles herramientas de medici\u00f3n (tel\u00e9metro l\u00e1ser, l\u00e1ser de l\u00edneas cruzadas, cinta m\u00e9trica), por lo que se recomienda como equipo imprescindible para los ambiciosos aficionados al bricolaje, as\u00ed como para los usuarios comerciales (por ejemplo, arquitectos, ingenieros, dise\u00f1adores de interiores, artesanos).<\/p>\n<p>&nbsp;<\/p>\n<p><strong>Mediciones de distancia, \u00e1rea y circunferencia sin complicaciones:<\/strong><\/p>\n<p>Como distanci\u00f3metro l\u00e1ser cl\u00e1sico, el BD8M mide f\u00e1cilmente distancias de hasta 40\u00a0m, \u00e1reas y vol\u00famenes en interiores. Para aprovechar al m\u00e1ximo los materiales en los trabajos de renovaci\u00f3n, el c\u00e1lculo preciso de las superficies de suelo, techo o pared es, por tanto, uno de los ejercicios m\u00e1s sencillos del tel\u00e9metro l\u00e1ser. Para realizar mediciones l\u00e1ser indirectas (por ejemplo, mediciones de altura de paredes o muebles), tambi\u00e9n se ha integrado una funci\u00f3n Pit\u00e1goras.<\/p>\n<p>&nbsp;<\/p>\n<p><strong>L\u00e1ser de l\u00ednea cruzada y cinta m\u00e9trica incluidos:<\/strong><\/p>\n<p>Con esta funcionalidad, que ya es el colmo de muchos distanci\u00f3metros l\u00e1ser, el potencial del BD8M est\u00e1 lejos de agotarse. En caso necesario, un l\u00e1ser de l\u00edneas cruzadas integrado proyecta l\u00edneas l\u00e1ser brillantes sobre las superficies para alinear de forma \u00f3ptima los orificios de perforaci\u00f3n, los cuadros, los azulejos, las tiras de papel pintado, los armarios de pared o las estanter\u00edas, por ejemplo. Una cinta m\u00e9trica integrada (5\u00a0m) con un pr\u00e1ctico bot\u00f3n de retorno, ideal para realizar mediciones manuales en lugares de dif\u00edcil acceso, convierten al BD8M en el profesional de la topograf\u00eda invicto en el sector de la mano y el bricolaje.<\/p>\n<p>Las excelentes caracter\u00edsticas del instrumento de medici\u00f3n, que s\u00f3lo pesa 295 g, se completan con una pr\u00e1ctica correa de mano y un clip para el cintur\u00f3n integrados en la carcasa del instrumento.<\/p>\n<p>&nbsp;<\/p>\n<p><strong>Tecnolog\u00eda de medici\u00f3n profesional multifuncional a un precio de bricolaje:<\/strong><\/p>\n<p>Gracias a su largo alcance de medici\u00f3n de 40\u00a0m (medici\u00f3n l\u00e1ser) y a la cinta m\u00e9trica integrada de 5\u00a0metros, el aparato de medici\u00f3n multifuncional BD8M 3 en 1 se recomienda para casi todos los trabajos de topograf\u00eda en el hogar, el hobby y el comercio.<\/p>\n<p>&nbsp;<\/p>\n<p><strong>Dise\u00f1ado para un uso rudo en obras de construcci\u00f3n:<\/strong><\/p>\n<p>Gracias a su robusta carcasa, la BD8M desaf\u00eda las condiciones adversas de la obra. Un revestimiento de goma circunferencial en forma de inserciones antideslizantes de agarre suave proporciona un agarre seguro en todas las posiciones de medici\u00f3n y una mayor protecci\u00f3n contra las ca\u00eddas.<\/p>\n<p>&nbsp;<\/p>\n<p><strong>Visi\u00f3n clara de los resultados precisos de las mediciones:<\/strong><\/p>\n<p>Los datos obtenidos por la medici\u00f3n l\u00e1ser se muestran claramente en la pantalla multil\u00ednea retroiluminada y tambi\u00e9n se almacenan en la memoria de datos interna (m\u00e1x. 20\u00a0mediciones). Es posible sumar y restar los datos de medici\u00f3n, as\u00ed como realizar mediciones continuas con la funci\u00f3n MIN\/MAX (funci\u00f3n de replanteo).<\/p>\n<p>&nbsp;<\/p>\n<p><strong>Piensa por s\u00ed mismo y se apaga autom\u00e1ticamente cuando no est\u00e1 en uso:<\/strong><\/p>\n<p>Para obtener el m\u00e1ximo tiempo de funcionamiento, la BD8M cuenta con una funci\u00f3n de desconexi\u00f3n autom\u00e1tica inteligente que apaga autom\u00e1ticamente el l\u00e1ser despu\u00e9s de 30 segundos y toda la unidad despu\u00e9s de 2\u00a0minutos cuando no se utiliza. Esta funci\u00f3n inteligente de ahorro de energ\u00eda es especialmente \u00fatil en el ajetreado d\u00eda a d\u00eda de las obras y convierte al BD8M en un corredor de resistencia entre los aparatos de medici\u00f3n de distancia. Las pilas necesarias para el funcionamiento (2 pilas AAA de 1,5 V) ya est\u00e1n incluidas en el suministro.<\/p>\n<p>&nbsp;<\/p>\n<p><span style=\"font-size: 21px;\"><b>Caracter\u00edsticas<\/b><\/span><b>:<\/b><\/p>\n<ul>\n<li>Medici\u00f3n de distancia por l\u00e1ser de 0,05 m a 40 m.<\/li>\n<li>C\u00e1lculo indirecto de la distancia y la altura o de la altura parcial (funciones Pit\u00e1goras de 3 puntos).<\/li>\n<li>Medici\u00f3n precisa de distancias, \u00e1reas y vol\u00famenes en segundos.<\/li>\n<li>L\u00e1ser de l\u00ednea cruzada integrado (alcance de 10 m).<\/li>\n<li>Cinta m\u00e9trica integrada (5 m de longitud).<\/li>\n<li>Pantalla multil\u00ednea retroiluminada.<\/li>\n<li>Modo de medici\u00f3n continua con funci\u00f3n MIN \/ MAX.<\/li>\n<li>Suma y resta de resultados de medici\u00f3n.<\/li>\n<li>Almacenamiento autom\u00e1tico de los \u00faltimos 20 valores medidos.<\/li>\n<li>Construcci\u00f3n robusta para un uso rudo en la obra.<\/li>\n<li>Visualizaci\u00f3n del estado de la bater\u00eda.<\/li>\n<li>Desconexi\u00f3n autom\u00e1tica de ahorro de energ\u00eda.<\/li>\n<\/ul>\n","protected":false},"excerpt":{"rendered":"<p>El BD8M facilita especialmente la medici\u00f3n y el c\u00e1lculo de las superficies de suelo y pared y de los vol\u00famenes de las habitaciones. Adem\u00e1s, un l\u00e1ser de l\u00edneas cruzadas integrado facilita la alineaci\u00f3n de objetos y taladros.<\/p>\n","protected":false},"featured_media":9716,"comment_status":"open","ping_status":"closed","template":"","meta":{"_joinchat":[]},"product_brand":[],"product_cat":[15],"product_tag":[],"class_list":{"0":"post-9713","1":"product","2":"type-product","3":"status-publish","4":"has-post-thumbnail","6":"product_cat-sin-categorizar","8":"first","9":"instock","10":"shipping-taxable","11":"product-type-simple"},"yoast_head":"<!-- This site is optimized with the Yoast SEO plugin v26.4 - https:\/\/yoast.com\/wordpress\/plugins\/seo\/ -->\n<title>Flex\u00f3metro 3 en 1 bd8m trotec - Abaa tienda online<\/title>\n<meta name=\"robots\" content=\"index, follow, max-snippet:-1, max-image-preview:large, max-video-preview:-1\" \/>\n<link rel=\"canonical\" href=\"https:\/\/abaa.mx\/tienda\/flexometro-3-en-1-bd8m-trotec\/\" \/>\n<meta property=\"og:locale\" content=\"es_MX\" \/>\n<meta property=\"og:type\" content=\"article\" \/>\n<meta property=\"og:title\" content=\"Flex\u00f3metro 3 en 1 bd8m trotec - Abaa tienda online\" \/>\n<meta property=\"og:description\" content=\"El BD8M facilita especialmente la medici\u00f3n y el c\u00e1lculo de las superficies de suelo y pared y de los vol\u00famenes de las habitaciones. Adem\u00e1s, un l\u00e1ser de l\u00edneas cruzadas integrado facilita la alineaci\u00f3n de objetos y taladros.\" \/>\n<meta property=\"og:url\" content=\"https:\/\/abaa.mx\/tienda\/flexometro-3-en-1-bd8m-trotec\/\" \/>\n<meta property=\"og:site_name\" content=\"Abaa tienda online\" \/>\n<meta property=\"og:image\" content=\"https:\/\/abaa.mx\/tienda\/wp-content\/uploads\/2023\/12\/Flexometro-3-en-1-bd8m-trotec.jpg\" \/>\n\t<meta property=\"og:image:width\" content=\"1500\" \/>\n\t<meta property=\"og:image:height\" content=\"1500\" \/>\n\t<meta property=\"og:image:type\" content=\"image\/jpeg\" \/>\n<meta name=\"twitter:card\" content=\"summary_large_image\" \/>\n<meta name=\"twitter:label1\" content=\"Tiempo de lectura\" \/>\n\t<meta name=\"twitter:data1\" content=\"4 minutos\" \/>\n<script type=\"application\/ld+json\" class=\"yoast-schema-graph\">{\"@context\":\"https:\/\/schema.org\",\"@graph\":[{\"@type\":\"WebPage\",\"@id\":\"https:\/\/abaa.mx\/tienda\/flexometro-3-en-1-bd8m-trotec\/\",\"url\":\"https:\/\/abaa.mx\/tienda\/flexometro-3-en-1-bd8m-trotec\/\",\"name\":\"Flex\u00f3metro 3 en 1 bd8m trotec - Abaa tienda online\",\"isPartOf\":{\"@id\":\"https:\/\/abaa.mx\/tienda\/#website\"},\"primaryImageOfPage\":{\"@id\":\"https:\/\/abaa.mx\/tienda\/flexometro-3-en-1-bd8m-trotec\/#primaryimage\"},\"image\":{\"@id\":\"https:\/\/abaa.mx\/tienda\/flexometro-3-en-1-bd8m-trotec\/#primaryimage\"},\"thumbnailUrl\":\"https:\/\/abaa.mx\/tienda\/wp-content\/uploads\/2023\/12\/Flexometro-3-en-1-bd8m-trotec.jpg\",\"datePublished\":\"2023-12-11T14:45:46+00:00\",\"breadcrumb\":{\"@id\":\"https:\/\/abaa.mx\/tienda\/flexometro-3-en-1-bd8m-trotec\/#breadcrumb\"},\"inLanguage\":\"es\",\"potentialAction\":[{\"@type\":\"ReadAction\",\"target\":[\"https:\/\/abaa.mx\/tienda\/flexometro-3-en-1-bd8m-trotec\/\"]}]},{\"@type\":\"ImageObject\",\"inLanguage\":\"es\",\"@id\":\"https:\/\/abaa.mx\/tienda\/flexometro-3-en-1-bd8m-trotec\/#primaryimage\",\"url\":\"https:\/\/abaa.mx\/tienda\/wp-content\/uploads\/2023\/12\/Flexometro-3-en-1-bd8m-trotec.jpg\",\"contentUrl\":\"https:\/\/abaa.mx\/tienda\/wp-content\/uploads\/2023\/12\/Flexometro-3-en-1-bd8m-trotec.jpg\",\"width\":1500,\"height\":1500,\"caption\":\"Flexometro 3 en 1 bd8m trotec\"},{\"@type\":\"BreadcrumbList\",\"@id\":\"https:\/\/abaa.mx\/tienda\/flexometro-3-en-1-bd8m-trotec\/#breadcrumb\",\"itemListElement\":[{\"@type\":\"ListItem\",\"position\":1,\"name\":\"Inicio\",\"item\":\"https:\/\/abaa.mx\/tienda\/\"},{\"@type\":\"ListItem\",\"position\":2,\"name\":\"Tienda\",\"item\":\"https:\/\/abaa.mx\/tienda\/\"},{\"@type\":\"ListItem\",\"position\":3,\"name\":\"Flex\u00f3metro 3 en 1 bd8m trotec\"}]},{\"@type\":\"WebSite\",\"@id\":\"https:\/\/abaa.mx\/tienda\/#website\",\"url\":\"https:\/\/abaa.mx\/tienda\/\",\"name\":\"Abaa tienda online\",\"description\":\"Instrumentos de medici\u00f3n\",\"publisher\":{\"@id\":\"https:\/\/abaa.mx\/tienda\/#organization\"},\"potentialAction\":[{\"@type\":\"SearchAction\",\"target\":{\"@type\":\"EntryPoint\",\"urlTemplate\":\"https:\/\/abaa.mx\/tienda\/?s={search_term_string}\"},\"query-input\":{\"@type\":\"PropertyValueSpecification\",\"valueRequired\":true,\"valueName\":\"search_term_string\"}}],\"inLanguage\":\"es\"},{\"@type\":\"Organization\",\"@id\":\"https:\/\/abaa.mx\/tienda\/#organization\",\"name\":\"Abaa tienda online\",\"url\":\"https:\/\/abaa.mx\/tienda\/\",\"logo\":{\"@type\":\"ImageObject\",\"inLanguage\":\"es\",\"@id\":\"https:\/\/abaa.mx\/tienda\/#\/schema\/logo\/image\/\",\"url\":\"https:\/\/abaa.mx\/tienda\/wp-content\/uploads\/2024\/01\/abaa-metrologia-tienda.png\",\"contentUrl\":\"https:\/\/abaa.mx\/tienda\/wp-content\/uploads\/2024\/01\/abaa-metrologia-tienda.png\",\"width\":300,\"height\":141,\"caption\":\"Abaa tienda online\"},\"image\":{\"@id\":\"https:\/\/abaa.mx\/tienda\/#\/schema\/logo\/image\/\"}}]}<\/script>\n<!-- \/ Yoast SEO plugin. -->","yoast_head_json":{"title":"Flex\u00f3metro 3 en 1 bd8m trotec - Abaa tienda online","robots":{"index":"index","follow":"follow","max-snippet":"max-snippet:-1","max-image-preview":"max-image-preview:large","max-video-preview":"max-video-preview:-1"},"canonical":"https:\/\/abaa.mx\/tienda\/flexometro-3-en-1-bd8m-trotec\/","og_locale":"es_MX","og_type":"article","og_title":"Flex\u00f3metro 3 en 1 bd8m trotec - Abaa tienda online","og_description":"El BD8M facilita especialmente la medici\u00f3n y el c\u00e1lculo de las superficies de suelo y pared y de los vol\u00famenes de las habitaciones. Adem\u00e1s, un l\u00e1ser de l\u00edneas cruzadas integrado facilita la alineaci\u00f3n de objetos y taladros.","og_url":"https:\/\/abaa.mx\/tienda\/flexometro-3-en-1-bd8m-trotec\/","og_site_name":"Abaa tienda online","og_image":[{"width":1500,"height":1500,"url":"https:\/\/abaa.mx\/tienda\/wp-content\/uploads\/2023\/12\/Flexometro-3-en-1-bd8m-trotec.jpg","type":"image\/jpeg"}],"twitter_card":"summary_large_image","twitter_misc":{"Tiempo de lectura":"4 minutos"},"schema":{"@context":"https:\/\/schema.org","@graph":[{"@type":"WebPage","@id":"https:\/\/abaa.mx\/tienda\/flexometro-3-en-1-bd8m-trotec\/","url":"https:\/\/abaa.mx\/tienda\/flexometro-3-en-1-bd8m-trotec\/","name":"Flex\u00f3metro 3 en 1 bd8m trotec - Abaa tienda online","isPartOf":{"@id":"https:\/\/abaa.mx\/tienda\/#website"},"primaryImageOfPage":{"@id":"https:\/\/abaa.mx\/tienda\/flexometro-3-en-1-bd8m-trotec\/#primaryimage"},"image":{"@id":"https:\/\/abaa.mx\/tienda\/flexometro-3-en-1-bd8m-trotec\/#primaryimage"},"thumbnailUrl":"https:\/\/abaa.mx\/tienda\/wp-content\/uploads\/2023\/12\/Flexometro-3-en-1-bd8m-trotec.jpg","datePublished":"2023-12-11T14:45:46+00:00","breadcrumb":{"@id":"https:\/\/abaa.mx\/tienda\/flexometro-3-en-1-bd8m-trotec\/#breadcrumb"},"inLanguage":"es","potentialAction":[{"@type":"ReadAction","target":["https:\/\/abaa.mx\/tienda\/flexometro-3-en-1-bd8m-trotec\/"]}]},{"@type":"ImageObject","inLanguage":"es","@id":"https:\/\/abaa.mx\/tienda\/flexometro-3-en-1-bd8m-trotec\/#primaryimage","url":"https:\/\/abaa.mx\/tienda\/wp-content\/uploads\/2023\/12\/Flexometro-3-en-1-bd8m-trotec.jpg","contentUrl":"https:\/\/abaa.mx\/tienda\/wp-content\/uploads\/2023\/12\/Flexometro-3-en-1-bd8m-trotec.jpg","width":1500,"height":1500,"caption":"Flexometro 3 en 1 bd8m trotec"},{"@type":"BreadcrumbList","@id":"https:\/\/abaa.mx\/tienda\/flexometro-3-en-1-bd8m-trotec\/#breadcrumb","itemListElement":[{"@type":"ListItem","position":1,"name":"Inicio","item":"https:\/\/abaa.mx\/tienda\/"},{"@type":"ListItem","position":2,"name":"Tienda","item":"https:\/\/abaa.mx\/tienda\/"},{"@type":"ListItem","position":3,"name":"Flex\u00f3metro 3 en 1 bd8m trotec"}]},{"@type":"WebSite","@id":"https:\/\/abaa.mx\/tienda\/#website","url":"https:\/\/abaa.mx\/tienda\/","name":"Abaa tienda online","description":"Instrumentos de medici\u00f3n","publisher":{"@id":"https:\/\/abaa.mx\/tienda\/#organization"},"potentialAction":[{"@type":"SearchAction","target":{"@type":"EntryPoint","urlTemplate":"https:\/\/abaa.mx\/tienda\/?s={search_term_string}"},"query-input":{"@type":"PropertyValueSpecification","valueRequired":true,"valueName":"search_term_string"}}],"inLanguage":"es"},{"@type":"Organization","@id":"https:\/\/abaa.mx\/tienda\/#organization","name":"Abaa tienda online","url":"https:\/\/abaa.mx\/tienda\/","logo":{"@type":"ImageObject","inLanguage":"es","@id":"https:\/\/abaa.mx\/tienda\/#\/schema\/logo\/image\/","url":"https:\/\/abaa.mx\/tienda\/wp-content\/uploads\/2024\/01\/abaa-metrologia-tienda.png","contentUrl":"https:\/\/abaa.mx\/tienda\/wp-content\/uploads\/2024\/01\/abaa-metrologia-tienda.png","width":300,"height":141,"caption":"Abaa tienda online"},"image":{"@id":"https:\/\/abaa.mx\/tienda\/#\/schema\/logo\/image\/"}}]}},"_links":{"self":[{"href":"https:\/\/abaa.mx\/tienda\/wp-json\/wp\/v2\/product\/9713","targetHints":{"allow":["GET"]}}],"collection":[{"href":"https:\/\/abaa.mx\/tienda\/wp-json\/wp\/v2\/product"}],"about":[{"href":"https:\/\/abaa.mx\/tienda\/wp-json\/wp\/v2\/types\/product"}],"replies":[{"embeddable":true,"href":"https:\/\/abaa.mx\/tienda\/wp-json\/wp\/v2\/comments?post=9713"}],"wp:featuredmedia":[{"embeddable":true,"href":"https:\/\/abaa.mx\/tienda\/wp-json\/wp\/v2\/media\/9716"}],"wp:attachment":[{"href":"https:\/\/abaa.mx\/tienda\/wp-json\/wp\/v2\/media?parent=9713"}],"wp:term":[{"taxonomy":"product_brand","embeddable":true,"href":"https:\/\/abaa.mx\/tienda\/wp-json\/wp\/v2\/product_brand?post=9713"},{"taxonomy":"product_cat","embeddable":true,"href":"https:\/\/abaa.mx\/tienda\/wp-json\/wp\/v2\/product_cat?post=9713"},{"taxonomy":"product_tag","embeddable":true,"href":"https:\/\/abaa.mx\/tienda\/wp-json\/wp\/v2\/product_tag?post=9713"}],"curies":[{"name":"wp","href":"https:\/\/api.w.org\/{rel}","templated":true}]}}