{"id":968,"date":"2021-01-14T20:49:19","date_gmt":"2021-01-14T20:49:19","guid":{"rendered":"https:\/\/abaa.mx\/tienda\/?post_type=product&#038;p=968"},"modified":"2021-01-15T20:36:39","modified_gmt":"2021-01-15T20:36:39","slug":"termohigrometro-imedk-p47","status":"publish","type":"product","link":"https:\/\/abaa.mx\/tienda\/termohigrometro-imedk-p47\/","title":{"rendered":"Termohigr\u00f3metro imedk p47"},"content":{"rendered":"<p>Termohigr\u00f3metro imedk p47, es un instrumento que mide temperatura y humedad relativa, es un termohigr\u00f3metro para farmacias ideal por su dise\u00f1o y pantalla de gran tama\u00f1o, las caracter\u00edsticas de este termohigr\u00f3metro son perfectas para almacenes de medicamentos as\u00ed como peque\u00f1as farmacias.<\/p>\n","protected":false},"excerpt":{"rendered":"<table>\n<tbody>\n<tr>\n<td width=\"221\">Tama\u00f1o<\/td>\n<td width=\"221\">150x88x25 mm<\/td>\n<\/tr>\n<tr>\n<td width=\"221\">Pantalla grande<\/td>\n<td width=\"221\">65 x 92 mm<\/td>\n<\/tr>\n<tr>\n<td width=\"221\">Funciones:<\/td>\n<td width=\"221\">Alarma, calendario<\/td>\n<\/tr>\n<tr>\n<td width=\"221\">Temperatura<\/td>\n<td width=\"221\"><em>Es posible cambiar \u00b0C y \u00b0F<\/em><\/td>\n<\/tr>\n<tr>\n<td width=\"221\">Capacidad<\/td>\n<td width=\"221\">-10~+50 Deg.C(14~122 Deg.F)<\/td>\n<\/tr>\n<tr>\n<td width=\"221\">Resoluci\u00f3n<\/td>\n<td width=\"221\">0.1 Deg. C \/ 0.1 Deg. F<\/td>\n<\/tr>\n<tr>\n<td width=\"221\">Humedad<\/td>\n<td width=\"221\">20% ~ 99% \u00b15%<\/td>\n<\/tr>\n<\/tbody>\n<\/table>\n<p><em>Caracter\u00edsticas del termohigr\u00f3metro imedk p47<\/em><\/p>\n","protected":false},"featured_media":969,"comment_status":"open","ping_status":"closed","template":"","meta":{"_joinchat":[]},"product_brand":[],"product_cat":[58],"product_tag":[69,70],"class_list":{"0":"post-968","1":"product","2":"type-product","3":"status-publish","4":"has-post-thumbnail","6":"product_cat-termohigrometros","7":"product_tag-imedk","8":"product_tag-p47","10":"first","11":"instock","12":"shipping-taxable","13":"purchasable","14":"product-type-simple"},"yoast_head":"<!-- This site is optimized with the Yoast SEO plugin v26.4 - https:\/\/yoast.com\/wordpress\/plugins\/seo\/ -->\n<title>Termohigr\u00f3metro imedk p47 - Abaa tienda online<\/title>\n<meta name=\"description\" content=\"Instrumento de medici\u00f3n imedk modelo p47 para farmacia o almac\u00e9n \u00b0C y \u00b0F, solicite este termohigr\u00f3metro con certificado de calibraci\u00f3n\" \/>\n<meta name=\"robots\" content=\"index, follow, max-snippet:-1, max-image-preview:large, max-video-preview:-1\" \/>\n<link rel=\"canonical\" href=\"https:\/\/abaa.mx\/tienda\/termohigrometro-imedk-p47\/\" \/>\n<meta property=\"og:locale\" content=\"es_MX\" \/>\n<meta property=\"og:type\" content=\"article\" \/>\n<meta property=\"og:title\" content=\"Termohigr\u00f3metro imedk p47 - Abaa tienda online\" \/>\n<meta property=\"og:description\" content=\"Instrumento de medici\u00f3n imedk modelo p47 para farmacia o almac\u00e9n \u00b0C y \u00b0F, solicite este termohigr\u00f3metro con certificado de calibraci\u00f3n\" \/>\n<meta property=\"og:url\" content=\"https:\/\/abaa.mx\/tienda\/termohigrometro-imedk-p47\/\" \/>\n<meta property=\"og:site_name\" content=\"Abaa tienda online\" \/>\n<meta property=\"article:modified_time\" content=\"2021-01-15T20:36:39+00:00\" \/>\n<meta property=\"og:image\" content=\"https:\/\/abaa.mx\/tienda\/wp-content\/uploads\/2021\/01\/termohigrometro-imedk-p47.gif\" \/>\n\t<meta property=\"og:image:width\" content=\"207\" \/>\n\t<meta property=\"og:image:height\" content=\"343\" \/>\n\t<meta property=\"og:image:type\" content=\"image\/gif\" \/>\n<meta name=\"twitter:card\" content=\"summary_large_image\" \/>\n<script type=\"application\/ld+json\" class=\"yoast-schema-graph\">{\"@context\":\"https:\/\/schema.org\",\"@graph\":[{\"@type\":\"WebPage\",\"@id\":\"https:\/\/abaa.mx\/tienda\/termohigrometro-imedk-p47\/\",\"url\":\"https:\/\/abaa.mx\/tienda\/termohigrometro-imedk-p47\/\",\"name\":\"Termohigr\u00f3metro imedk p47 - Abaa tienda online\",\"isPartOf\":{\"@id\":\"https:\/\/abaa.mx\/tienda\/#website\"},\"primaryImageOfPage\":{\"@id\":\"https:\/\/abaa.mx\/tienda\/termohigrometro-imedk-p47\/#primaryimage\"},\"image\":{\"@id\":\"https:\/\/abaa.mx\/tienda\/termohigrometro-imedk-p47\/#primaryimage\"},\"thumbnailUrl\":\"https:\/\/abaa.mx\/tienda\/wp-content\/uploads\/2021\/01\/termohigrometro-imedk-p47.gif\",\"datePublished\":\"2021-01-14T20:49:19+00:00\",\"dateModified\":\"2021-01-15T20:36:39+00:00\",\"description\":\"Instrumento de medici\u00f3n imedk modelo p47 para farmacia o almac\u00e9n \u00b0C y \u00b0F, solicite este termohigr\u00f3metro con certificado de calibraci\u00f3n\",\"breadcrumb\":{\"@id\":\"https:\/\/abaa.mx\/tienda\/termohigrometro-imedk-p47\/#breadcrumb\"},\"inLanguage\":\"es\",\"potentialAction\":[{\"@type\":\"ReadAction\",\"target\":[\"https:\/\/abaa.mx\/tienda\/termohigrometro-imedk-p47\/\"]}]},{\"@type\":\"ImageObject\",\"inLanguage\":\"es\",\"@id\":\"https:\/\/abaa.mx\/tienda\/termohigrometro-imedk-p47\/#primaryimage\",\"url\":\"https:\/\/abaa.mx\/tienda\/wp-content\/uploads\/2021\/01\/termohigrometro-imedk-p47.gif\",\"contentUrl\":\"https:\/\/abaa.mx\/tienda\/wp-content\/uploads\/2021\/01\/termohigrometro-imedk-p47.gif\",\"width\":207,\"height\":343,\"caption\":\"termohigrometro imedk p47\"},{\"@type\":\"BreadcrumbList\",\"@id\":\"https:\/\/abaa.mx\/tienda\/termohigrometro-imedk-p47\/#breadcrumb\",\"itemListElement\":[{\"@type\":\"ListItem\",\"position\":1,\"name\":\"Inicio\",\"item\":\"https:\/\/abaa.mx\/tienda\/\"},{\"@type\":\"ListItem\",\"position\":2,\"name\":\"Tienda\",\"item\":\"https:\/\/abaa.mx\/tienda\/\"},{\"@type\":\"ListItem\",\"position\":3,\"name\":\"Termohigr\u00f3metro imedk p47\"}]},{\"@type\":\"WebSite\",\"@id\":\"https:\/\/abaa.mx\/tienda\/#website\",\"url\":\"https:\/\/abaa.mx\/tienda\/\",\"name\":\"Abaa tienda online\",\"description\":\"Instrumentos de medici\u00f3n\",\"publisher\":{\"@id\":\"https:\/\/abaa.mx\/tienda\/#organization\"},\"potentialAction\":[{\"@type\":\"SearchAction\",\"target\":{\"@type\":\"EntryPoint\",\"urlTemplate\":\"https:\/\/abaa.mx\/tienda\/?s={search_term_string}\"},\"query-input\":{\"@type\":\"PropertyValueSpecification\",\"valueRequired\":true,\"valueName\":\"search_term_string\"}}],\"inLanguage\":\"es\"},{\"@type\":\"Organization\",\"@id\":\"https:\/\/abaa.mx\/tienda\/#organization\",\"name\":\"Abaa tienda online\",\"url\":\"https:\/\/abaa.mx\/tienda\/\",\"logo\":{\"@type\":\"ImageObject\",\"inLanguage\":\"es\",\"@id\":\"https:\/\/abaa.mx\/tienda\/#\/schema\/logo\/image\/\",\"url\":\"https:\/\/abaa.mx\/tienda\/wp-content\/uploads\/2024\/01\/abaa-metrologia-tienda.png\",\"contentUrl\":\"https:\/\/abaa.mx\/tienda\/wp-content\/uploads\/2024\/01\/abaa-metrologia-tienda.png\",\"width\":300,\"height\":141,\"caption\":\"Abaa tienda online\"},\"image\":{\"@id\":\"https:\/\/abaa.mx\/tienda\/#\/schema\/logo\/image\/\"}}]}<\/script>\n<!-- \/ Yoast SEO plugin. -->","yoast_head_json":{"title":"Termohigr\u00f3metro imedk p47 - Abaa tienda online","description":"Instrumento de medici\u00f3n imedk modelo p47 para farmacia o almac\u00e9n \u00b0C y \u00b0F, solicite este termohigr\u00f3metro con certificado de calibraci\u00f3n","robots":{"index":"index","follow":"follow","max-snippet":"max-snippet:-1","max-image-preview":"max-image-preview:large","max-video-preview":"max-video-preview:-1"},"canonical":"https:\/\/abaa.mx\/tienda\/termohigrometro-imedk-p47\/","og_locale":"es_MX","og_type":"article","og_title":"Termohigr\u00f3metro imedk p47 - Abaa tienda online","og_description":"Instrumento de medici\u00f3n imedk modelo p47 para farmacia o almac\u00e9n \u00b0C y \u00b0F, solicite este termohigr\u00f3metro con certificado de calibraci\u00f3n","og_url":"https:\/\/abaa.mx\/tienda\/termohigrometro-imedk-p47\/","og_site_name":"Abaa tienda online","article_modified_time":"2021-01-15T20:36:39+00:00","og_image":[{"width":207,"height":343,"url":"https:\/\/abaa.mx\/tienda\/wp-content\/uploads\/2021\/01\/termohigrometro-imedk-p47.gif","type":"image\/gif"}],"twitter_card":"summary_large_image","schema":{"@context":"https:\/\/schema.org","@graph":[{"@type":"WebPage","@id":"https:\/\/abaa.mx\/tienda\/termohigrometro-imedk-p47\/","url":"https:\/\/abaa.mx\/tienda\/termohigrometro-imedk-p47\/","name":"Termohigr\u00f3metro imedk p47 - Abaa tienda online","isPartOf":{"@id":"https:\/\/abaa.mx\/tienda\/#website"},"primaryImageOfPage":{"@id":"https:\/\/abaa.mx\/tienda\/termohigrometro-imedk-p47\/#primaryimage"},"image":{"@id":"https:\/\/abaa.mx\/tienda\/termohigrometro-imedk-p47\/#primaryimage"},"thumbnailUrl":"https:\/\/abaa.mx\/tienda\/wp-content\/uploads\/2021\/01\/termohigrometro-imedk-p47.gif","datePublished":"2021-01-14T20:49:19+00:00","dateModified":"2021-01-15T20:36:39+00:00","description":"Instrumento de medici\u00f3n imedk modelo p47 para farmacia o almac\u00e9n \u00b0C y \u00b0F, solicite este termohigr\u00f3metro con certificado de calibraci\u00f3n","breadcrumb":{"@id":"https:\/\/abaa.mx\/tienda\/termohigrometro-imedk-p47\/#breadcrumb"},"inLanguage":"es","potentialAction":[{"@type":"ReadAction","target":["https:\/\/abaa.mx\/tienda\/termohigrometro-imedk-p47\/"]}]},{"@type":"ImageObject","inLanguage":"es","@id":"https:\/\/abaa.mx\/tienda\/termohigrometro-imedk-p47\/#primaryimage","url":"https:\/\/abaa.mx\/tienda\/wp-content\/uploads\/2021\/01\/termohigrometro-imedk-p47.gif","contentUrl":"https:\/\/abaa.mx\/tienda\/wp-content\/uploads\/2021\/01\/termohigrometro-imedk-p47.gif","width":207,"height":343,"caption":"termohigrometro imedk p47"},{"@type":"BreadcrumbList","@id":"https:\/\/abaa.mx\/tienda\/termohigrometro-imedk-p47\/#breadcrumb","itemListElement":[{"@type":"ListItem","position":1,"name":"Inicio","item":"https:\/\/abaa.mx\/tienda\/"},{"@type":"ListItem","position":2,"name":"Tienda","item":"https:\/\/abaa.mx\/tienda\/"},{"@type":"ListItem","position":3,"name":"Termohigr\u00f3metro imedk p47"}]},{"@type":"WebSite","@id":"https:\/\/abaa.mx\/tienda\/#website","url":"https:\/\/abaa.mx\/tienda\/","name":"Abaa tienda online","description":"Instrumentos de medici\u00f3n","publisher":{"@id":"https:\/\/abaa.mx\/tienda\/#organization"},"potentialAction":[{"@type":"SearchAction","target":{"@type":"EntryPoint","urlTemplate":"https:\/\/abaa.mx\/tienda\/?s={search_term_string}"},"query-input":{"@type":"PropertyValueSpecification","valueRequired":true,"valueName":"search_term_string"}}],"inLanguage":"es"},{"@type":"Organization","@id":"https:\/\/abaa.mx\/tienda\/#organization","name":"Abaa tienda online","url":"https:\/\/abaa.mx\/tienda\/","logo":{"@type":"ImageObject","inLanguage":"es","@id":"https:\/\/abaa.mx\/tienda\/#\/schema\/logo\/image\/","url":"https:\/\/abaa.mx\/tienda\/wp-content\/uploads\/2024\/01\/abaa-metrologia-tienda.png","contentUrl":"https:\/\/abaa.mx\/tienda\/wp-content\/uploads\/2024\/01\/abaa-metrologia-tienda.png","width":300,"height":141,"caption":"Abaa tienda online"},"image":{"@id":"https:\/\/abaa.mx\/tienda\/#\/schema\/logo\/image\/"}}]}},"_links":{"self":[{"href":"https:\/\/abaa.mx\/tienda\/wp-json\/wp\/v2\/product\/968","targetHints":{"allow":["GET"]}}],"collection":[{"href":"https:\/\/abaa.mx\/tienda\/wp-json\/wp\/v2\/product"}],"about":[{"href":"https:\/\/abaa.mx\/tienda\/wp-json\/wp\/v2\/types\/product"}],"replies":[{"embeddable":true,"href":"https:\/\/abaa.mx\/tienda\/wp-json\/wp\/v2\/comments?post=968"}],"wp:featuredmedia":[{"embeddable":true,"href":"https:\/\/abaa.mx\/tienda\/wp-json\/wp\/v2\/media\/969"}],"wp:attachment":[{"href":"https:\/\/abaa.mx\/tienda\/wp-json\/wp\/v2\/media?parent=968"}],"wp:term":[{"taxonomy":"product_brand","embeddable":true,"href":"https:\/\/abaa.mx\/tienda\/wp-json\/wp\/v2\/product_brand?post=968"},{"taxonomy":"product_cat","embeddable":true,"href":"https:\/\/abaa.mx\/tienda\/wp-json\/wp\/v2\/product_cat?post=968"},{"taxonomy":"product_tag","embeddable":true,"href":"https:\/\/abaa.mx\/tienda\/wp-json\/wp\/v2\/product_tag?post=968"}],"curies":[{"name":"wp","href":"https:\/\/api.w.org\/{rel}","templated":true}]}}