{"id":9600,"date":"2023-12-04T17:56:38","date_gmt":"2023-12-04T17:56:38","guid":{"rendered":"https:\/\/abaa.mx\/tienda\/?post_type=product&#038;p=9600"},"modified":"2023-12-04T17:59:09","modified_gmt":"2023-12-04T17:59:09","slug":"exposimetro-bw-clip4-o2-lel-h2s-co-2-anos-carcaza-amarillo-bw-technologies-bwc4yn","status":"publish","type":"product","link":"https:\/\/abaa.mx\/tienda\/exposimetro-bw-clip4-o2-lel-h2s-co-2-anos-carcaza-amarillo-bw-technologies-bwc4yn\/","title":{"rendered":"Expos\u00edmetro BW Clip4, O2, LEL, H2S, CO, 2 A\u00f1os, Carcaza Amarillo BW Technologies &#8211; BWC4YN"},"content":{"rendered":"<p>Expos\u00edmetro BW Clip4, O2, LEL, H2S, CO, 2 A\u00f1os, Carcaza Amarillo BW Technologies &#8211; BWC4YN.<\/p>\n","protected":false},"excerpt":{"rendered":"<p>BW Clip4 Detector de gas port\u00e1til multi-gas La serie BW Clip revolucion\u00f3 la detecci\u00f3n de un solo gas port\u00e1til con el seguridad de la simplicidad siempre y en todo momento activa. Y ahora lo hicimos nuevamente : mostramos el nuevo descubridor de m\u00faltiples gases BW Clip4 de bajo cuidado de Honeywell. Sin carga, sin bater\u00eda ni servicio del sensor, sin problemas. Solo enganche y hacer el trabajo. Porque a lo largo de dos a\u00f1os , ya conoces , est\u00e1 en marcha.<\/p>\n<p><b>Especificaciones Generales:<\/b><\/p>\n<ul>\n<li>Garant\u00eda completa de dos a\u00f1os que incluye todos los sensores.<\/li>\n<li>Temperatura de Funcionamiento: -4 a + 131 \u00b0 F \/ -20 a + 50 \u00b0 C.<\/li>\n<li>Tama\u00f1o: 4.7 x 2.7 x 1.3 in. \/ 12.0 x 6.8 x 3.2 cm.<\/li>\n<li>Peso: 8.2 oz \/ 233 g.<\/li>\n<li>Protecci\u00f3n de Ingreso IP68.<\/li>\n<\/ul>\n","protected":false},"featured_media":9602,"comment_status":"open","ping_status":"closed","template":"","meta":{"_joinchat":[]},"product_brand":[],"product_cat":[15],"product_tag":[],"class_list":{"0":"post-9600","1":"product","2":"type-product","3":"status-publish","4":"has-post-thumbnail","6":"product_cat-sin-categorizar","8":"first","9":"instock","10":"shipping-taxable","11":"product-type-simple"},"yoast_head":"<!-- This site is optimized with the Yoast SEO plugin v26.4 - https:\/\/yoast.com\/wordpress\/plugins\/seo\/ -->\n<title>Expos\u00edmetro BW Clip4, O2, LEL, H2S, CO, 2 A\u00f1os, Carcaza Amarillo BW Technologies - BWC4YN - Abaa tienda online<\/title>\n<meta name=\"robots\" content=\"index, follow, max-snippet:-1, max-image-preview:large, max-video-preview:-1\" \/>\n<link rel=\"canonical\" href=\"https:\/\/abaa.mx\/tienda\/exposimetro-bw-clip4-o2-lel-h2s-co-2-anos-carcaza-amarillo-bw-technologies-bwc4yn\/\" \/>\n<meta property=\"og:locale\" content=\"es_MX\" \/>\n<meta property=\"og:type\" content=\"article\" \/>\n<meta property=\"og:title\" content=\"Expos\u00edmetro BW Clip4, O2, LEL, H2S, CO, 2 A\u00f1os, Carcaza Amarillo BW Technologies - BWC4YN - Abaa tienda online\" \/>\n<meta property=\"og:description\" content=\"BW Clip4 Detector de gas port\u00e1til multi-gas La serie BW Clip revolucion\u00f3 la detecci\u00f3n de un solo gas port\u00e1til con el seguridad de la simplicidad siempre y en todo momento activa. Y ahora lo hicimos nuevamente : mostramos el nuevo descubridor de m\u00faltiples gases BW Clip4 de bajo cuidado de Honeywell. Sin carga, sin bater\u00eda ni servicio del sensor, sin problemas. Solo enganche y hacer el trabajo. Porque a lo largo de dos a\u00f1os , ya conoces , est\u00e1 en marcha.  Especificaciones Generales:   Garant\u00eda completa de dos a\u00f1os que incluye todos los sensores.  Temperatura de Funcionamiento: -4 a + 131 \u00b0 F \/ -20 a + 50 \u00b0 C.  Tama\u00f1o: 4.7 x 2.7 x 1.3 in. \/ 12.0 x 6.8 x 3.2 cm.  Peso: 8.2 oz \/ 233 g.  Protecci\u00f3n de Ingreso IP68.\" \/>\n<meta property=\"og:url\" content=\"https:\/\/abaa.mx\/tienda\/exposimetro-bw-clip4-o2-lel-h2s-co-2-anos-carcaza-amarillo-bw-technologies-bwc4yn\/\" \/>\n<meta property=\"og:site_name\" content=\"Abaa tienda online\" \/>\n<meta property=\"article:modified_time\" content=\"2023-12-04T17:59:09+00:00\" \/>\n<meta property=\"og:image\" content=\"https:\/\/abaa.mx\/tienda\/wp-content\/uploads\/2023\/12\/BW-TECHNOLOGIES-BWC4YN.jpg\" \/>\n\t<meta property=\"og:image:width\" content=\"310\" \/>\n\t<meta property=\"og:image:height\" content=\"429\" \/>\n\t<meta property=\"og:image:type\" content=\"image\/jpeg\" \/>\n<meta name=\"twitter:card\" content=\"summary_large_image\" \/>\n<meta name=\"twitter:label1\" content=\"Tiempo de lectura\" \/>\n\t<meta name=\"twitter:data1\" content=\"1 minuto\" \/>\n<script type=\"application\/ld+json\" class=\"yoast-schema-graph\">{\"@context\":\"https:\/\/schema.org\",\"@graph\":[{\"@type\":\"WebPage\",\"@id\":\"https:\/\/abaa.mx\/tienda\/exposimetro-bw-clip4-o2-lel-h2s-co-2-anos-carcaza-amarillo-bw-technologies-bwc4yn\/\",\"url\":\"https:\/\/abaa.mx\/tienda\/exposimetro-bw-clip4-o2-lel-h2s-co-2-anos-carcaza-amarillo-bw-technologies-bwc4yn\/\",\"name\":\"Expos\u00edmetro BW Clip4, O2, LEL, H2S, CO, 2 A\u00f1os, Carcaza Amarillo BW Technologies - BWC4YN - Abaa tienda online\",\"isPartOf\":{\"@id\":\"https:\/\/abaa.mx\/tienda\/#website\"},\"primaryImageOfPage\":{\"@id\":\"https:\/\/abaa.mx\/tienda\/exposimetro-bw-clip4-o2-lel-h2s-co-2-anos-carcaza-amarillo-bw-technologies-bwc4yn\/#primaryimage\"},\"image\":{\"@id\":\"https:\/\/abaa.mx\/tienda\/exposimetro-bw-clip4-o2-lel-h2s-co-2-anos-carcaza-amarillo-bw-technologies-bwc4yn\/#primaryimage\"},\"thumbnailUrl\":\"https:\/\/abaa.mx\/tienda\/wp-content\/uploads\/2023\/12\/BW-TECHNOLOGIES-BWC4YN.jpg\",\"datePublished\":\"2023-12-04T17:56:38+00:00\",\"dateModified\":\"2023-12-04T17:59:09+00:00\",\"breadcrumb\":{\"@id\":\"https:\/\/abaa.mx\/tienda\/exposimetro-bw-clip4-o2-lel-h2s-co-2-anos-carcaza-amarillo-bw-technologies-bwc4yn\/#breadcrumb\"},\"inLanguage\":\"es\",\"potentialAction\":[{\"@type\":\"ReadAction\",\"target\":[\"https:\/\/abaa.mx\/tienda\/exposimetro-bw-clip4-o2-lel-h2s-co-2-anos-carcaza-amarillo-bw-technologies-bwc4yn\/\"]}]},{\"@type\":\"ImageObject\",\"inLanguage\":\"es\",\"@id\":\"https:\/\/abaa.mx\/tienda\/exposimetro-bw-clip4-o2-lel-h2s-co-2-anos-carcaza-amarillo-bw-technologies-bwc4yn\/#primaryimage\",\"url\":\"https:\/\/abaa.mx\/tienda\/wp-content\/uploads\/2023\/12\/BW-TECHNOLOGIES-BWC4YN.jpg\",\"contentUrl\":\"https:\/\/abaa.mx\/tienda\/wp-content\/uploads\/2023\/12\/BW-TECHNOLOGIES-BWC4YN.jpg\",\"width\":310,\"height\":429,\"caption\":\"BW TECHNOLOGIES-BWC4YN\"},{\"@type\":\"BreadcrumbList\",\"@id\":\"https:\/\/abaa.mx\/tienda\/exposimetro-bw-clip4-o2-lel-h2s-co-2-anos-carcaza-amarillo-bw-technologies-bwc4yn\/#breadcrumb\",\"itemListElement\":[{\"@type\":\"ListItem\",\"position\":1,\"name\":\"Inicio\",\"item\":\"https:\/\/abaa.mx\/tienda\/\"},{\"@type\":\"ListItem\",\"position\":2,\"name\":\"Tienda\",\"item\":\"https:\/\/abaa.mx\/tienda\/\"},{\"@type\":\"ListItem\",\"position\":3,\"name\":\"Expos\u00edmetro BW Clip4, O2, LEL, H2S, CO, 2 A\u00f1os, Carcaza Amarillo BW Technologies &#8211; BWC4YN\"}]},{\"@type\":\"WebSite\",\"@id\":\"https:\/\/abaa.mx\/tienda\/#website\",\"url\":\"https:\/\/abaa.mx\/tienda\/\",\"name\":\"Abaa tienda online\",\"description\":\"Instrumentos de medici\u00f3n\",\"publisher\":{\"@id\":\"https:\/\/abaa.mx\/tienda\/#organization\"},\"potentialAction\":[{\"@type\":\"SearchAction\",\"target\":{\"@type\":\"EntryPoint\",\"urlTemplate\":\"https:\/\/abaa.mx\/tienda\/?s={search_term_string}\"},\"query-input\":{\"@type\":\"PropertyValueSpecification\",\"valueRequired\":true,\"valueName\":\"search_term_string\"}}],\"inLanguage\":\"es\"},{\"@type\":\"Organization\",\"@id\":\"https:\/\/abaa.mx\/tienda\/#organization\",\"name\":\"Abaa tienda online\",\"url\":\"https:\/\/abaa.mx\/tienda\/\",\"logo\":{\"@type\":\"ImageObject\",\"inLanguage\":\"es\",\"@id\":\"https:\/\/abaa.mx\/tienda\/#\/schema\/logo\/image\/\",\"url\":\"https:\/\/abaa.mx\/tienda\/wp-content\/uploads\/2024\/01\/abaa-metrologia-tienda.png\",\"contentUrl\":\"https:\/\/abaa.mx\/tienda\/wp-content\/uploads\/2024\/01\/abaa-metrologia-tienda.png\",\"width\":300,\"height\":141,\"caption\":\"Abaa tienda online\"},\"image\":{\"@id\":\"https:\/\/abaa.mx\/tienda\/#\/schema\/logo\/image\/\"}}]}<\/script>\n<!-- \/ Yoast SEO plugin. -->","yoast_head_json":{"title":"Expos\u00edmetro BW Clip4, O2, LEL, H2S, CO, 2 A\u00f1os, Carcaza Amarillo BW Technologies - BWC4YN - Abaa tienda online","robots":{"index":"index","follow":"follow","max-snippet":"max-snippet:-1","max-image-preview":"max-image-preview:large","max-video-preview":"max-video-preview:-1"},"canonical":"https:\/\/abaa.mx\/tienda\/exposimetro-bw-clip4-o2-lel-h2s-co-2-anos-carcaza-amarillo-bw-technologies-bwc4yn\/","og_locale":"es_MX","og_type":"article","og_title":"Expos\u00edmetro BW Clip4, O2, LEL, H2S, CO, 2 A\u00f1os, Carcaza Amarillo BW Technologies - BWC4YN - Abaa tienda online","og_description":"BW Clip4 Detector de gas port\u00e1til multi-gas La serie BW Clip revolucion\u00f3 la detecci\u00f3n de un solo gas port\u00e1til con el seguridad de la simplicidad siempre y en todo momento activa. Y ahora lo hicimos nuevamente : mostramos el nuevo descubridor de m\u00faltiples gases BW Clip4 de bajo cuidado de Honeywell. Sin carga, sin bater\u00eda ni servicio del sensor, sin problemas. Solo enganche y hacer el trabajo. Porque a lo largo de dos a\u00f1os , ya conoces , est\u00e1 en marcha.  Especificaciones Generales:   Garant\u00eda completa de dos a\u00f1os que incluye todos los sensores.  Temperatura de Funcionamiento: -4 a + 131 \u00b0 F \/ -20 a + 50 \u00b0 C.  Tama\u00f1o: 4.7 x 2.7 x 1.3 in. \/ 12.0 x 6.8 x 3.2 cm.  Peso: 8.2 oz \/ 233 g.  Protecci\u00f3n de Ingreso IP68.","og_url":"https:\/\/abaa.mx\/tienda\/exposimetro-bw-clip4-o2-lel-h2s-co-2-anos-carcaza-amarillo-bw-technologies-bwc4yn\/","og_site_name":"Abaa tienda online","article_modified_time":"2023-12-04T17:59:09+00:00","og_image":[{"width":310,"height":429,"url":"https:\/\/abaa.mx\/tienda\/wp-content\/uploads\/2023\/12\/BW-TECHNOLOGIES-BWC4YN.jpg","type":"image\/jpeg"}],"twitter_card":"summary_large_image","twitter_misc":{"Tiempo de lectura":"1 minuto"},"schema":{"@context":"https:\/\/schema.org","@graph":[{"@type":"WebPage","@id":"https:\/\/abaa.mx\/tienda\/exposimetro-bw-clip4-o2-lel-h2s-co-2-anos-carcaza-amarillo-bw-technologies-bwc4yn\/","url":"https:\/\/abaa.mx\/tienda\/exposimetro-bw-clip4-o2-lel-h2s-co-2-anos-carcaza-amarillo-bw-technologies-bwc4yn\/","name":"Expos\u00edmetro BW Clip4, O2, LEL, H2S, CO, 2 A\u00f1os, Carcaza Amarillo BW Technologies - BWC4YN - Abaa tienda online","isPartOf":{"@id":"https:\/\/abaa.mx\/tienda\/#website"},"primaryImageOfPage":{"@id":"https:\/\/abaa.mx\/tienda\/exposimetro-bw-clip4-o2-lel-h2s-co-2-anos-carcaza-amarillo-bw-technologies-bwc4yn\/#primaryimage"},"image":{"@id":"https:\/\/abaa.mx\/tienda\/exposimetro-bw-clip4-o2-lel-h2s-co-2-anos-carcaza-amarillo-bw-technologies-bwc4yn\/#primaryimage"},"thumbnailUrl":"https:\/\/abaa.mx\/tienda\/wp-content\/uploads\/2023\/12\/BW-TECHNOLOGIES-BWC4YN.jpg","datePublished":"2023-12-04T17:56:38+00:00","dateModified":"2023-12-04T17:59:09+00:00","breadcrumb":{"@id":"https:\/\/abaa.mx\/tienda\/exposimetro-bw-clip4-o2-lel-h2s-co-2-anos-carcaza-amarillo-bw-technologies-bwc4yn\/#breadcrumb"},"inLanguage":"es","potentialAction":[{"@type":"ReadAction","target":["https:\/\/abaa.mx\/tienda\/exposimetro-bw-clip4-o2-lel-h2s-co-2-anos-carcaza-amarillo-bw-technologies-bwc4yn\/"]}]},{"@type":"ImageObject","inLanguage":"es","@id":"https:\/\/abaa.mx\/tienda\/exposimetro-bw-clip4-o2-lel-h2s-co-2-anos-carcaza-amarillo-bw-technologies-bwc4yn\/#primaryimage","url":"https:\/\/abaa.mx\/tienda\/wp-content\/uploads\/2023\/12\/BW-TECHNOLOGIES-BWC4YN.jpg","contentUrl":"https:\/\/abaa.mx\/tienda\/wp-content\/uploads\/2023\/12\/BW-TECHNOLOGIES-BWC4YN.jpg","width":310,"height":429,"caption":"BW TECHNOLOGIES-BWC4YN"},{"@type":"BreadcrumbList","@id":"https:\/\/abaa.mx\/tienda\/exposimetro-bw-clip4-o2-lel-h2s-co-2-anos-carcaza-amarillo-bw-technologies-bwc4yn\/#breadcrumb","itemListElement":[{"@type":"ListItem","position":1,"name":"Inicio","item":"https:\/\/abaa.mx\/tienda\/"},{"@type":"ListItem","position":2,"name":"Tienda","item":"https:\/\/abaa.mx\/tienda\/"},{"@type":"ListItem","position":3,"name":"Expos\u00edmetro BW Clip4, O2, LEL, H2S, CO, 2 A\u00f1os, Carcaza Amarillo BW Technologies &#8211; BWC4YN"}]},{"@type":"WebSite","@id":"https:\/\/abaa.mx\/tienda\/#website","url":"https:\/\/abaa.mx\/tienda\/","name":"Abaa tienda online","description":"Instrumentos de medici\u00f3n","publisher":{"@id":"https:\/\/abaa.mx\/tienda\/#organization"},"potentialAction":[{"@type":"SearchAction","target":{"@type":"EntryPoint","urlTemplate":"https:\/\/abaa.mx\/tienda\/?s={search_term_string}"},"query-input":{"@type":"PropertyValueSpecification","valueRequired":true,"valueName":"search_term_string"}}],"inLanguage":"es"},{"@type":"Organization","@id":"https:\/\/abaa.mx\/tienda\/#organization","name":"Abaa tienda online","url":"https:\/\/abaa.mx\/tienda\/","logo":{"@type":"ImageObject","inLanguage":"es","@id":"https:\/\/abaa.mx\/tienda\/#\/schema\/logo\/image\/","url":"https:\/\/abaa.mx\/tienda\/wp-content\/uploads\/2024\/01\/abaa-metrologia-tienda.png","contentUrl":"https:\/\/abaa.mx\/tienda\/wp-content\/uploads\/2024\/01\/abaa-metrologia-tienda.png","width":300,"height":141,"caption":"Abaa tienda online"},"image":{"@id":"https:\/\/abaa.mx\/tienda\/#\/schema\/logo\/image\/"}}]}},"_links":{"self":[{"href":"https:\/\/abaa.mx\/tienda\/wp-json\/wp\/v2\/product\/9600","targetHints":{"allow":["GET"]}}],"collection":[{"href":"https:\/\/abaa.mx\/tienda\/wp-json\/wp\/v2\/product"}],"about":[{"href":"https:\/\/abaa.mx\/tienda\/wp-json\/wp\/v2\/types\/product"}],"replies":[{"embeddable":true,"href":"https:\/\/abaa.mx\/tienda\/wp-json\/wp\/v2\/comments?post=9600"}],"wp:featuredmedia":[{"embeddable":true,"href":"https:\/\/abaa.mx\/tienda\/wp-json\/wp\/v2\/media\/9602"}],"wp:attachment":[{"href":"https:\/\/abaa.mx\/tienda\/wp-json\/wp\/v2\/media?parent=9600"}],"wp:term":[{"taxonomy":"product_brand","embeddable":true,"href":"https:\/\/abaa.mx\/tienda\/wp-json\/wp\/v2\/product_brand?post=9600"},{"taxonomy":"product_cat","embeddable":true,"href":"https:\/\/abaa.mx\/tienda\/wp-json\/wp\/v2\/product_cat?post=9600"},{"taxonomy":"product_tag","embeddable":true,"href":"https:\/\/abaa.mx\/tienda\/wp-json\/wp\/v2\/product_tag?post=9600"}],"curies":[{"name":"wp","href":"https:\/\/api.w.org\/{rel}","templated":true}]}}