{"id":9598,"date":"2023-12-04T17:46:26","date_gmt":"2023-12-04T17:46:26","guid":{"rendered":"https:\/\/abaa.mx\/tienda\/?post_type=product&#038;p=9598"},"modified":"2023-12-04T17:46:27","modified_gmt":"2023-12-04T17:46:27","slug":"gas-alert-max-xt-ii-gamaxxtii","status":"publish","type":"product","link":"https:\/\/abaa.mx\/tienda\/gas-alert-max-xt-ii-gamaxxtii\/","title":{"rendered":"Gas Alert Max XT II &#8211; GAMAXXTII"},"content":{"rendered":"<p>Gas Alert Max XT II &#8211; GAMAXXTII.<\/p>\n","protected":false},"excerpt":{"rendered":"<p><b>Funciones:<\/b><\/p>\n<p>Tiene una bomba de muestreo dentro con sensor de diafragma y tecnolog\u00eda confiable. La mejor detecci\u00f3n de bloqueos de l\u00ednea con su sensor de presi\u00f3n tipo semiconductor. Administre y configure el equipo de forma conveniente con el programa opcional Fleet Manager II (se vende por separado , consulte nuestro equipo de ventas). Art\u00edculo en m\u00faltiples idiomas : ingl\u00e9s, franc\u00e9s, alem\u00e1n, espa\u00f1ol y portugu\u00e9s. Pertrechado con registro de eventos y registro de datos est\u00e1ndar (funci\u00f3n data logger). La pantalla LCD exhibe a tiempo real las cuatro concentraciones de gas simult\u00e1neamente. El dise\u00f1o compacto y ligero hace que resulte c\u00f3modo de llevar. Es fuerte al agua. Cuenta con la funci\u00f3n de autodiagn\u00f3stico de todas las funciones verifica el sensor, el estado de la bater\u00eda, la integridad de los circuitos y las alarmas sonoras\/visuales en el momento del arranque. Despliega en pantalla barras de alarma visual refulgentes y de gran \u00e1ngulo de visi\u00f3n. Funda protectora incluida a prueba de golpes.<\/p>\n","protected":false},"featured_media":9599,"comment_status":"open","ping_status":"closed","template":"","meta":{"_joinchat":[]},"product_brand":[],"product_cat":[15],"product_tag":[],"class_list":{"0":"post-9598","1":"product","2":"type-product","3":"status-publish","4":"has-post-thumbnail","6":"product_cat-sin-categorizar","8":"first","9":"instock","10":"shipping-taxable","11":"product-type-simple"},"yoast_head":"<!-- This site is optimized with the Yoast SEO plugin v26.4 - https:\/\/yoast.com\/wordpress\/plugins\/seo\/ -->\n<title>Gas Alert Max XT II - GAMAXXTII - Abaa tienda online<\/title>\n<meta name=\"robots\" content=\"index, follow, max-snippet:-1, max-image-preview:large, max-video-preview:-1\" \/>\n<link rel=\"canonical\" href=\"https:\/\/abaa.mx\/tienda\/gas-alert-max-xt-ii-gamaxxtii\/\" \/>\n<meta property=\"og:locale\" content=\"es_MX\" \/>\n<meta property=\"og:type\" content=\"article\" \/>\n<meta property=\"og:title\" content=\"Gas Alert Max XT II - GAMAXXTII - Abaa tienda online\" \/>\n<meta property=\"og:description\" content=\"Funciones:  Tiene una bomba de muestreo dentro con sensor de diafragma y tecnolog\u00eda confiable. La mejor detecci\u00f3n de bloqueos de l\u00ednea con su sensor de presi\u00f3n tipo semiconductor. Administre y configure el equipo de forma conveniente con el programa opcional Fleet Manager II (se vende por separado , consulte nuestro equipo de ventas). Art\u00edculo en m\u00faltiples idiomas : ingl\u00e9s, franc\u00e9s, alem\u00e1n, espa\u00f1ol y portugu\u00e9s. Pertrechado con registro de eventos y registro de datos est\u00e1ndar (funci\u00f3n data logger). La pantalla LCD exhibe a tiempo real las cuatro concentraciones de gas simult\u00e1neamente. El dise\u00f1o compacto y ligero hace que resulte c\u00f3modo de llevar. Es fuerte al agua. Cuenta con la funci\u00f3n de autodiagn\u00f3stico de todas las funciones verifica el sensor, el estado de la bater\u00eda, la integridad de los circuitos y las alarmas sonoras\/visuales en el momento del arranque. Despliega en pantalla barras de alarma visual refulgentes y de gran \u00e1ngulo de visi\u00f3n. Funda protectora incluida a prueba de golpes.\" \/>\n<meta property=\"og:url\" content=\"https:\/\/abaa.mx\/tienda\/gas-alert-max-xt-ii-gamaxxtii\/\" \/>\n<meta property=\"og:site_name\" content=\"Abaa tienda online\" \/>\n<meta property=\"article:modified_time\" content=\"2023-12-04T17:46:27+00:00\" \/>\n<meta property=\"og:image\" content=\"https:\/\/abaa.mx\/tienda\/wp-content\/uploads\/2023\/12\/HONEYWELL-BW-GAMAXXTII.jpg\" \/>\n\t<meta property=\"og:image:width\" content=\"1000\" \/>\n\t<meta property=\"og:image:height\" content=\"1000\" \/>\n\t<meta property=\"og:image:type\" content=\"image\/jpeg\" \/>\n<meta name=\"twitter:card\" content=\"summary_large_image\" \/>\n<meta name=\"twitter:label1\" content=\"Tiempo de lectura\" \/>\n\t<meta name=\"twitter:data1\" content=\"1 minuto\" \/>\n<script type=\"application\/ld+json\" class=\"yoast-schema-graph\">{\"@context\":\"https:\/\/schema.org\",\"@graph\":[{\"@type\":\"WebPage\",\"@id\":\"https:\/\/abaa.mx\/tienda\/gas-alert-max-xt-ii-gamaxxtii\/\",\"url\":\"https:\/\/abaa.mx\/tienda\/gas-alert-max-xt-ii-gamaxxtii\/\",\"name\":\"Gas Alert Max XT II - GAMAXXTII - Abaa tienda online\",\"isPartOf\":{\"@id\":\"https:\/\/abaa.mx\/tienda\/#website\"},\"primaryImageOfPage\":{\"@id\":\"https:\/\/abaa.mx\/tienda\/gas-alert-max-xt-ii-gamaxxtii\/#primaryimage\"},\"image\":{\"@id\":\"https:\/\/abaa.mx\/tienda\/gas-alert-max-xt-ii-gamaxxtii\/#primaryimage\"},\"thumbnailUrl\":\"https:\/\/abaa.mx\/tienda\/wp-content\/uploads\/2023\/12\/HONEYWELL-BW-GAMAXXTII.jpg\",\"datePublished\":\"2023-12-04T17:46:26+00:00\",\"dateModified\":\"2023-12-04T17:46:27+00:00\",\"breadcrumb\":{\"@id\":\"https:\/\/abaa.mx\/tienda\/gas-alert-max-xt-ii-gamaxxtii\/#breadcrumb\"},\"inLanguage\":\"es\",\"potentialAction\":[{\"@type\":\"ReadAction\",\"target\":[\"https:\/\/abaa.mx\/tienda\/gas-alert-max-xt-ii-gamaxxtii\/\"]}]},{\"@type\":\"ImageObject\",\"inLanguage\":\"es\",\"@id\":\"https:\/\/abaa.mx\/tienda\/gas-alert-max-xt-ii-gamaxxtii\/#primaryimage\",\"url\":\"https:\/\/abaa.mx\/tienda\/wp-content\/uploads\/2023\/12\/HONEYWELL-BW-GAMAXXTII.jpg\",\"contentUrl\":\"https:\/\/abaa.mx\/tienda\/wp-content\/uploads\/2023\/12\/HONEYWELL-BW-GAMAXXTII.jpg\",\"width\":1000,\"height\":1000,\"caption\":\"HONEYWELL BW- GAMAXXTII\"},{\"@type\":\"BreadcrumbList\",\"@id\":\"https:\/\/abaa.mx\/tienda\/gas-alert-max-xt-ii-gamaxxtii\/#breadcrumb\",\"itemListElement\":[{\"@type\":\"ListItem\",\"position\":1,\"name\":\"Inicio\",\"item\":\"https:\/\/abaa.mx\/tienda\/\"},{\"@type\":\"ListItem\",\"position\":2,\"name\":\"Tienda\",\"item\":\"https:\/\/abaa.mx\/tienda\/\"},{\"@type\":\"ListItem\",\"position\":3,\"name\":\"Gas Alert Max XT II &#8211; GAMAXXTII\"}]},{\"@type\":\"WebSite\",\"@id\":\"https:\/\/abaa.mx\/tienda\/#website\",\"url\":\"https:\/\/abaa.mx\/tienda\/\",\"name\":\"Abaa tienda online\",\"description\":\"Instrumentos de medici\u00f3n\",\"publisher\":{\"@id\":\"https:\/\/abaa.mx\/tienda\/#organization\"},\"potentialAction\":[{\"@type\":\"SearchAction\",\"target\":{\"@type\":\"EntryPoint\",\"urlTemplate\":\"https:\/\/abaa.mx\/tienda\/?s={search_term_string}\"},\"query-input\":{\"@type\":\"PropertyValueSpecification\",\"valueRequired\":true,\"valueName\":\"search_term_string\"}}],\"inLanguage\":\"es\"},{\"@type\":\"Organization\",\"@id\":\"https:\/\/abaa.mx\/tienda\/#organization\",\"name\":\"Abaa tienda online\",\"url\":\"https:\/\/abaa.mx\/tienda\/\",\"logo\":{\"@type\":\"ImageObject\",\"inLanguage\":\"es\",\"@id\":\"https:\/\/abaa.mx\/tienda\/#\/schema\/logo\/image\/\",\"url\":\"https:\/\/abaa.mx\/tienda\/wp-content\/uploads\/2024\/01\/abaa-metrologia-tienda.png\",\"contentUrl\":\"https:\/\/abaa.mx\/tienda\/wp-content\/uploads\/2024\/01\/abaa-metrologia-tienda.png\",\"width\":300,\"height\":141,\"caption\":\"Abaa tienda online\"},\"image\":{\"@id\":\"https:\/\/abaa.mx\/tienda\/#\/schema\/logo\/image\/\"}}]}<\/script>\n<!-- \/ Yoast SEO plugin. -->","yoast_head_json":{"title":"Gas Alert Max XT II - GAMAXXTII - Abaa tienda online","robots":{"index":"index","follow":"follow","max-snippet":"max-snippet:-1","max-image-preview":"max-image-preview:large","max-video-preview":"max-video-preview:-1"},"canonical":"https:\/\/abaa.mx\/tienda\/gas-alert-max-xt-ii-gamaxxtii\/","og_locale":"es_MX","og_type":"article","og_title":"Gas Alert Max XT II - GAMAXXTII - Abaa tienda online","og_description":"Funciones:  Tiene una bomba de muestreo dentro con sensor de diafragma y tecnolog\u00eda confiable. La mejor detecci\u00f3n de bloqueos de l\u00ednea con su sensor de presi\u00f3n tipo semiconductor. Administre y configure el equipo de forma conveniente con el programa opcional Fleet Manager II (se vende por separado , consulte nuestro equipo de ventas). Art\u00edculo en m\u00faltiples idiomas : ingl\u00e9s, franc\u00e9s, alem\u00e1n, espa\u00f1ol y portugu\u00e9s. Pertrechado con registro de eventos y registro de datos est\u00e1ndar (funci\u00f3n data logger). La pantalla LCD exhibe a tiempo real las cuatro concentraciones de gas simult\u00e1neamente. El dise\u00f1o compacto y ligero hace que resulte c\u00f3modo de llevar. Es fuerte al agua. Cuenta con la funci\u00f3n de autodiagn\u00f3stico de todas las funciones verifica el sensor, el estado de la bater\u00eda, la integridad de los circuitos y las alarmas sonoras\/visuales en el momento del arranque. Despliega en pantalla barras de alarma visual refulgentes y de gran \u00e1ngulo de visi\u00f3n. Funda protectora incluida a prueba de golpes.","og_url":"https:\/\/abaa.mx\/tienda\/gas-alert-max-xt-ii-gamaxxtii\/","og_site_name":"Abaa tienda online","article_modified_time":"2023-12-04T17:46:27+00:00","og_image":[{"width":1000,"height":1000,"url":"https:\/\/abaa.mx\/tienda\/wp-content\/uploads\/2023\/12\/HONEYWELL-BW-GAMAXXTII.jpg","type":"image\/jpeg"}],"twitter_card":"summary_large_image","twitter_misc":{"Tiempo de lectura":"1 minuto"},"schema":{"@context":"https:\/\/schema.org","@graph":[{"@type":"WebPage","@id":"https:\/\/abaa.mx\/tienda\/gas-alert-max-xt-ii-gamaxxtii\/","url":"https:\/\/abaa.mx\/tienda\/gas-alert-max-xt-ii-gamaxxtii\/","name":"Gas Alert Max XT II - GAMAXXTII - Abaa tienda online","isPartOf":{"@id":"https:\/\/abaa.mx\/tienda\/#website"},"primaryImageOfPage":{"@id":"https:\/\/abaa.mx\/tienda\/gas-alert-max-xt-ii-gamaxxtii\/#primaryimage"},"image":{"@id":"https:\/\/abaa.mx\/tienda\/gas-alert-max-xt-ii-gamaxxtii\/#primaryimage"},"thumbnailUrl":"https:\/\/abaa.mx\/tienda\/wp-content\/uploads\/2023\/12\/HONEYWELL-BW-GAMAXXTII.jpg","datePublished":"2023-12-04T17:46:26+00:00","dateModified":"2023-12-04T17:46:27+00:00","breadcrumb":{"@id":"https:\/\/abaa.mx\/tienda\/gas-alert-max-xt-ii-gamaxxtii\/#breadcrumb"},"inLanguage":"es","potentialAction":[{"@type":"ReadAction","target":["https:\/\/abaa.mx\/tienda\/gas-alert-max-xt-ii-gamaxxtii\/"]}]},{"@type":"ImageObject","inLanguage":"es","@id":"https:\/\/abaa.mx\/tienda\/gas-alert-max-xt-ii-gamaxxtii\/#primaryimage","url":"https:\/\/abaa.mx\/tienda\/wp-content\/uploads\/2023\/12\/HONEYWELL-BW-GAMAXXTII.jpg","contentUrl":"https:\/\/abaa.mx\/tienda\/wp-content\/uploads\/2023\/12\/HONEYWELL-BW-GAMAXXTII.jpg","width":1000,"height":1000,"caption":"HONEYWELL BW- GAMAXXTII"},{"@type":"BreadcrumbList","@id":"https:\/\/abaa.mx\/tienda\/gas-alert-max-xt-ii-gamaxxtii\/#breadcrumb","itemListElement":[{"@type":"ListItem","position":1,"name":"Inicio","item":"https:\/\/abaa.mx\/tienda\/"},{"@type":"ListItem","position":2,"name":"Tienda","item":"https:\/\/abaa.mx\/tienda\/"},{"@type":"ListItem","position":3,"name":"Gas Alert Max XT II &#8211; GAMAXXTII"}]},{"@type":"WebSite","@id":"https:\/\/abaa.mx\/tienda\/#website","url":"https:\/\/abaa.mx\/tienda\/","name":"Abaa tienda online","description":"Instrumentos de medici\u00f3n","publisher":{"@id":"https:\/\/abaa.mx\/tienda\/#organization"},"potentialAction":[{"@type":"SearchAction","target":{"@type":"EntryPoint","urlTemplate":"https:\/\/abaa.mx\/tienda\/?s={search_term_string}"},"query-input":{"@type":"PropertyValueSpecification","valueRequired":true,"valueName":"search_term_string"}}],"inLanguage":"es"},{"@type":"Organization","@id":"https:\/\/abaa.mx\/tienda\/#organization","name":"Abaa tienda online","url":"https:\/\/abaa.mx\/tienda\/","logo":{"@type":"ImageObject","inLanguage":"es","@id":"https:\/\/abaa.mx\/tienda\/#\/schema\/logo\/image\/","url":"https:\/\/abaa.mx\/tienda\/wp-content\/uploads\/2024\/01\/abaa-metrologia-tienda.png","contentUrl":"https:\/\/abaa.mx\/tienda\/wp-content\/uploads\/2024\/01\/abaa-metrologia-tienda.png","width":300,"height":141,"caption":"Abaa tienda online"},"image":{"@id":"https:\/\/abaa.mx\/tienda\/#\/schema\/logo\/image\/"}}]}},"_links":{"self":[{"href":"https:\/\/abaa.mx\/tienda\/wp-json\/wp\/v2\/product\/9598","targetHints":{"allow":["GET"]}}],"collection":[{"href":"https:\/\/abaa.mx\/tienda\/wp-json\/wp\/v2\/product"}],"about":[{"href":"https:\/\/abaa.mx\/tienda\/wp-json\/wp\/v2\/types\/product"}],"replies":[{"embeddable":true,"href":"https:\/\/abaa.mx\/tienda\/wp-json\/wp\/v2\/comments?post=9598"}],"wp:featuredmedia":[{"embeddable":true,"href":"https:\/\/abaa.mx\/tienda\/wp-json\/wp\/v2\/media\/9599"}],"wp:attachment":[{"href":"https:\/\/abaa.mx\/tienda\/wp-json\/wp\/v2\/media?parent=9598"}],"wp:term":[{"taxonomy":"product_brand","embeddable":true,"href":"https:\/\/abaa.mx\/tienda\/wp-json\/wp\/v2\/product_brand?post=9598"},{"taxonomy":"product_cat","embeddable":true,"href":"https:\/\/abaa.mx\/tienda\/wp-json\/wp\/v2\/product_cat?post=9598"},{"taxonomy":"product_tag","embeddable":true,"href":"https:\/\/abaa.mx\/tienda\/wp-json\/wp\/v2\/product_tag?post=9598"}],"curies":[{"name":"wp","href":"https:\/\/api.w.org\/{rel}","templated":true}]}}