{"id":9592,"date":"2023-12-04T17:18:43","date_gmt":"2023-12-04T17:18:43","guid":{"rendered":"https:\/\/abaa.mx\/tienda\/?post_type=product&#038;p=9592"},"modified":"2023-12-04T17:18:44","modified_gmt":"2023-12-04T17:18:44","slug":"bw-clip-h2s-bwc2h","status":"publish","type":"product","link":"https:\/\/abaa.mx\/tienda\/bw-clip-h2s-bwc2h\/","title":{"rendered":"BW Clip, H2S &#8211; BWC2H"},"content":{"rendered":"<p>BW Clip, H2S &#8211; BWC2H.<\/p>\n","protected":false},"excerpt":{"rendered":"<p><b>Descripci\u00f3n General:<\/b><\/p>\n<ul>\n<li>Detector con sensor especificado, pinza de acero inoxidable y carcasa a prueba de golpes.<\/li>\n<li>Tapa de prueba.<\/li>\n<li>S\u00f3lo encienda el dispositivo y se ejecuta continuamente, sin necesidad de calibraci\u00f3n, de reemplazo del sensor, cambio de pila o cargo de la bater\u00eda.<\/li>\n<li>Contenido del paquete est\u00e1ndar.<\/li>\n<li>El detector de gas individual BW Clip es su acompa\u00f1ante diario para entornos peligrosos.<\/li>\n<li>Compatible con ambos sistemas de gesti\u00f3n el MicroDock II y el instrumento IntelliDoX, el BW Clip est\u00e1 dise\u00f1ado para los m\u00e1s altos est\u00e1ndares de calidad y fiabilidad, manteni\u00e9ndote seguro y compatible.<\/li>\n<li>En un estado de hibernaci\u00f3n cuando no lo este usando por una semana o m\u00e1s y extender su vida por ese periodo de tiempo.<\/li>\n<li>Esto significa gran fiabilidad y sin tiempo de inactividad.<\/li>\n<li>Opera hasta tres a\u00f1os sin necesidad de mantenimiento.<\/li>\n<li>Adem\u00e1s, con el BW Clip de dos a\u00f1os para H2S o CO, puede poner el dispositivo.<\/li>\n<\/ul>\n<p><b>Especificaciones Generales:<\/b><\/p>\n<ul>\n<li>Vida de bater\u00eda 2 a\u00f1os (H2S, CO, SO2 o O2) o 3 a\u00f1os (H2S o CO).<\/li>\n<li>Clase I, Zona 0, Grupo IIC.<\/li>\n<li>Tama\u00f1o 1.6 x 2.0 x 3.4 in \/ 4.1 x 5.0 x 8.7 cm.<\/li>\n<li>Clase I, Div. 1, Gr. A, B, C, D.<\/li>\n<li>Peso 3.2 oz. \/ 92 g.<\/li>\n<li>Certificaciones y aprobaciones.<\/li>\n<\/ul>\n","protected":false},"featured_media":9593,"comment_status":"open","ping_status":"closed","template":"","meta":{"_joinchat":[]},"product_brand":[],"product_cat":[15],"product_tag":[],"class_list":{"0":"post-9592","1":"product","2":"type-product","3":"status-publish","4":"has-post-thumbnail","6":"product_cat-sin-categorizar","8":"first","9":"instock","10":"shipping-taxable","11":"product-type-simple"},"yoast_head":"<!-- This site is optimized with the Yoast SEO plugin v26.4 - https:\/\/yoast.com\/wordpress\/plugins\/seo\/ -->\n<title>BW Clip, H2S - BWC2H - Abaa tienda online<\/title>\n<meta name=\"robots\" content=\"index, follow, max-snippet:-1, max-image-preview:large, max-video-preview:-1\" \/>\n<link rel=\"canonical\" href=\"https:\/\/abaa.mx\/tienda\/bw-clip-h2s-bwc2h\/\" \/>\n<meta property=\"og:locale\" content=\"es_MX\" \/>\n<meta property=\"og:type\" content=\"article\" \/>\n<meta property=\"og:title\" content=\"BW Clip, H2S - BWC2H - Abaa tienda online\" \/>\n<meta property=\"og:description\" content=\"Descripci\u00f3n General:   Detector con sensor especificado, pinza de acero inoxidable y carcasa a prueba de golpes.  Tapa de prueba.  S\u00f3lo encienda el dispositivo y se ejecuta continuamente, sin necesidad de calibraci\u00f3n, de reemplazo del sensor, cambio de pila o cargo de la bater\u00eda.  Contenido del paquete est\u00e1ndar.  El detector de gas individual BW Clip es su acompa\u00f1ante diario para entornos peligrosos.  Compatible con ambos sistemas de gesti\u00f3n el MicroDock II y el instrumento IntelliDoX, el BW Clip est\u00e1 dise\u00f1ado para los m\u00e1s altos est\u00e1ndares de calidad y fiabilidad, manteni\u00e9ndote seguro y compatible.  En un estado de hibernaci\u00f3n cuando no lo este usando por una semana o m\u00e1s y extender su vida por ese periodo de tiempo.  Esto significa gran fiabilidad y sin tiempo de inactividad.  Opera hasta tres a\u00f1os sin necesidad de mantenimiento.  Adem\u00e1s, con el BW Clip de dos a\u00f1os para H2S o CO, puede poner el dispositivo.  Especificaciones Generales:   Vida de bater\u00eda 2 a\u00f1os (H2S, CO, SO2 o O2) o 3 a\u00f1os (H2S o CO).  Clase I, Zona 0, Grupo IIC.  Tama\u00f1o 1.6 x 2.0 x 3.4 in \/ 4.1 x 5.0 x 8.7 cm.  Clase I, Div. 1, Gr. A, B, C, D.  Peso 3.2 oz. \/ 92 g.  Certificaciones y aprobaciones.\" \/>\n<meta property=\"og:url\" content=\"https:\/\/abaa.mx\/tienda\/bw-clip-h2s-bwc2h\/\" \/>\n<meta property=\"og:site_name\" content=\"Abaa tienda online\" \/>\n<meta property=\"article:modified_time\" content=\"2023-12-04T17:18:44+00:00\" \/>\n<meta property=\"og:image\" content=\"https:\/\/abaa.mx\/tienda\/wp-content\/uploads\/2023\/12\/HONEYWELL-BW-BWC2H.jpg\" \/>\n\t<meta property=\"og:image:width\" content=\"244\" \/>\n\t<meta property=\"og:image:height\" content=\"304\" \/>\n\t<meta property=\"og:image:type\" content=\"image\/jpeg\" \/>\n<meta name=\"twitter:card\" content=\"summary_large_image\" \/>\n<meta name=\"twitter:label1\" content=\"Tiempo de lectura\" \/>\n\t<meta name=\"twitter:data1\" content=\"1 minuto\" \/>\n<script type=\"application\/ld+json\" class=\"yoast-schema-graph\">{\"@context\":\"https:\/\/schema.org\",\"@graph\":[{\"@type\":\"WebPage\",\"@id\":\"https:\/\/abaa.mx\/tienda\/bw-clip-h2s-bwc2h\/\",\"url\":\"https:\/\/abaa.mx\/tienda\/bw-clip-h2s-bwc2h\/\",\"name\":\"BW Clip, H2S - BWC2H - Abaa tienda online\",\"isPartOf\":{\"@id\":\"https:\/\/abaa.mx\/tienda\/#website\"},\"primaryImageOfPage\":{\"@id\":\"https:\/\/abaa.mx\/tienda\/bw-clip-h2s-bwc2h\/#primaryimage\"},\"image\":{\"@id\":\"https:\/\/abaa.mx\/tienda\/bw-clip-h2s-bwc2h\/#primaryimage\"},\"thumbnailUrl\":\"https:\/\/abaa.mx\/tienda\/wp-content\/uploads\/2023\/12\/HONEYWELL-BW-BWC2H.jpg\",\"datePublished\":\"2023-12-04T17:18:43+00:00\",\"dateModified\":\"2023-12-04T17:18:44+00:00\",\"breadcrumb\":{\"@id\":\"https:\/\/abaa.mx\/tienda\/bw-clip-h2s-bwc2h\/#breadcrumb\"},\"inLanguage\":\"es\",\"potentialAction\":[{\"@type\":\"ReadAction\",\"target\":[\"https:\/\/abaa.mx\/tienda\/bw-clip-h2s-bwc2h\/\"]}]},{\"@type\":\"ImageObject\",\"inLanguage\":\"es\",\"@id\":\"https:\/\/abaa.mx\/tienda\/bw-clip-h2s-bwc2h\/#primaryimage\",\"url\":\"https:\/\/abaa.mx\/tienda\/wp-content\/uploads\/2023\/12\/HONEYWELL-BW-BWC2H.jpg\",\"contentUrl\":\"https:\/\/abaa.mx\/tienda\/wp-content\/uploads\/2023\/12\/HONEYWELL-BW-BWC2H.jpg\",\"width\":244,\"height\":304,\"caption\":\"HONEYWELL BW- BWC2H\"},{\"@type\":\"BreadcrumbList\",\"@id\":\"https:\/\/abaa.mx\/tienda\/bw-clip-h2s-bwc2h\/#breadcrumb\",\"itemListElement\":[{\"@type\":\"ListItem\",\"position\":1,\"name\":\"Inicio\",\"item\":\"https:\/\/abaa.mx\/tienda\/\"},{\"@type\":\"ListItem\",\"position\":2,\"name\":\"Tienda\",\"item\":\"https:\/\/abaa.mx\/tienda\/\"},{\"@type\":\"ListItem\",\"position\":3,\"name\":\"BW Clip, H2S &#8211; BWC2H\"}]},{\"@type\":\"WebSite\",\"@id\":\"https:\/\/abaa.mx\/tienda\/#website\",\"url\":\"https:\/\/abaa.mx\/tienda\/\",\"name\":\"Abaa tienda online\",\"description\":\"Instrumentos de medici\u00f3n\",\"publisher\":{\"@id\":\"https:\/\/abaa.mx\/tienda\/#organization\"},\"potentialAction\":[{\"@type\":\"SearchAction\",\"target\":{\"@type\":\"EntryPoint\",\"urlTemplate\":\"https:\/\/abaa.mx\/tienda\/?s={search_term_string}\"},\"query-input\":{\"@type\":\"PropertyValueSpecification\",\"valueRequired\":true,\"valueName\":\"search_term_string\"}}],\"inLanguage\":\"es\"},{\"@type\":\"Organization\",\"@id\":\"https:\/\/abaa.mx\/tienda\/#organization\",\"name\":\"Abaa tienda online\",\"url\":\"https:\/\/abaa.mx\/tienda\/\",\"logo\":{\"@type\":\"ImageObject\",\"inLanguage\":\"es\",\"@id\":\"https:\/\/abaa.mx\/tienda\/#\/schema\/logo\/image\/\",\"url\":\"https:\/\/abaa.mx\/tienda\/wp-content\/uploads\/2024\/01\/abaa-metrologia-tienda.png\",\"contentUrl\":\"https:\/\/abaa.mx\/tienda\/wp-content\/uploads\/2024\/01\/abaa-metrologia-tienda.png\",\"width\":300,\"height\":141,\"caption\":\"Abaa tienda online\"},\"image\":{\"@id\":\"https:\/\/abaa.mx\/tienda\/#\/schema\/logo\/image\/\"}}]}<\/script>\n<!-- \/ Yoast SEO plugin. -->","yoast_head_json":{"title":"BW Clip, H2S - BWC2H - Abaa tienda online","robots":{"index":"index","follow":"follow","max-snippet":"max-snippet:-1","max-image-preview":"max-image-preview:large","max-video-preview":"max-video-preview:-1"},"canonical":"https:\/\/abaa.mx\/tienda\/bw-clip-h2s-bwc2h\/","og_locale":"es_MX","og_type":"article","og_title":"BW Clip, H2S - BWC2H - Abaa tienda online","og_description":"Descripci\u00f3n General:   Detector con sensor especificado, pinza de acero inoxidable y carcasa a prueba de golpes.  Tapa de prueba.  S\u00f3lo encienda el dispositivo y se ejecuta continuamente, sin necesidad de calibraci\u00f3n, de reemplazo del sensor, cambio de pila o cargo de la bater\u00eda.  Contenido del paquete est\u00e1ndar.  El detector de gas individual BW Clip es su acompa\u00f1ante diario para entornos peligrosos.  Compatible con ambos sistemas de gesti\u00f3n el MicroDock II y el instrumento IntelliDoX, el BW Clip est\u00e1 dise\u00f1ado para los m\u00e1s altos est\u00e1ndares de calidad y fiabilidad, manteni\u00e9ndote seguro y compatible.  En un estado de hibernaci\u00f3n cuando no lo este usando por una semana o m\u00e1s y extender su vida por ese periodo de tiempo.  Esto significa gran fiabilidad y sin tiempo de inactividad.  Opera hasta tres a\u00f1os sin necesidad de mantenimiento.  Adem\u00e1s, con el BW Clip de dos a\u00f1os para H2S o CO, puede poner el dispositivo.  Especificaciones Generales:   Vida de bater\u00eda 2 a\u00f1os (H2S, CO, SO2 o O2) o 3 a\u00f1os (H2S o CO).  Clase I, Zona 0, Grupo IIC.  Tama\u00f1o 1.6 x 2.0 x 3.4 in \/ 4.1 x 5.0 x 8.7 cm.  Clase I, Div. 1, Gr. A, B, C, D.  Peso 3.2 oz. \/ 92 g.  Certificaciones y aprobaciones.","og_url":"https:\/\/abaa.mx\/tienda\/bw-clip-h2s-bwc2h\/","og_site_name":"Abaa tienda online","article_modified_time":"2023-12-04T17:18:44+00:00","og_image":[{"width":244,"height":304,"url":"https:\/\/abaa.mx\/tienda\/wp-content\/uploads\/2023\/12\/HONEYWELL-BW-BWC2H.jpg","type":"image\/jpeg"}],"twitter_card":"summary_large_image","twitter_misc":{"Tiempo de lectura":"1 minuto"},"schema":{"@context":"https:\/\/schema.org","@graph":[{"@type":"WebPage","@id":"https:\/\/abaa.mx\/tienda\/bw-clip-h2s-bwc2h\/","url":"https:\/\/abaa.mx\/tienda\/bw-clip-h2s-bwc2h\/","name":"BW Clip, H2S - BWC2H - Abaa tienda online","isPartOf":{"@id":"https:\/\/abaa.mx\/tienda\/#website"},"primaryImageOfPage":{"@id":"https:\/\/abaa.mx\/tienda\/bw-clip-h2s-bwc2h\/#primaryimage"},"image":{"@id":"https:\/\/abaa.mx\/tienda\/bw-clip-h2s-bwc2h\/#primaryimage"},"thumbnailUrl":"https:\/\/abaa.mx\/tienda\/wp-content\/uploads\/2023\/12\/HONEYWELL-BW-BWC2H.jpg","datePublished":"2023-12-04T17:18:43+00:00","dateModified":"2023-12-04T17:18:44+00:00","breadcrumb":{"@id":"https:\/\/abaa.mx\/tienda\/bw-clip-h2s-bwc2h\/#breadcrumb"},"inLanguage":"es","potentialAction":[{"@type":"ReadAction","target":["https:\/\/abaa.mx\/tienda\/bw-clip-h2s-bwc2h\/"]}]},{"@type":"ImageObject","inLanguage":"es","@id":"https:\/\/abaa.mx\/tienda\/bw-clip-h2s-bwc2h\/#primaryimage","url":"https:\/\/abaa.mx\/tienda\/wp-content\/uploads\/2023\/12\/HONEYWELL-BW-BWC2H.jpg","contentUrl":"https:\/\/abaa.mx\/tienda\/wp-content\/uploads\/2023\/12\/HONEYWELL-BW-BWC2H.jpg","width":244,"height":304,"caption":"HONEYWELL BW- BWC2H"},{"@type":"BreadcrumbList","@id":"https:\/\/abaa.mx\/tienda\/bw-clip-h2s-bwc2h\/#breadcrumb","itemListElement":[{"@type":"ListItem","position":1,"name":"Inicio","item":"https:\/\/abaa.mx\/tienda\/"},{"@type":"ListItem","position":2,"name":"Tienda","item":"https:\/\/abaa.mx\/tienda\/"},{"@type":"ListItem","position":3,"name":"BW Clip, H2S &#8211; BWC2H"}]},{"@type":"WebSite","@id":"https:\/\/abaa.mx\/tienda\/#website","url":"https:\/\/abaa.mx\/tienda\/","name":"Abaa tienda online","description":"Instrumentos de medici\u00f3n","publisher":{"@id":"https:\/\/abaa.mx\/tienda\/#organization"},"potentialAction":[{"@type":"SearchAction","target":{"@type":"EntryPoint","urlTemplate":"https:\/\/abaa.mx\/tienda\/?s={search_term_string}"},"query-input":{"@type":"PropertyValueSpecification","valueRequired":true,"valueName":"search_term_string"}}],"inLanguage":"es"},{"@type":"Organization","@id":"https:\/\/abaa.mx\/tienda\/#organization","name":"Abaa tienda online","url":"https:\/\/abaa.mx\/tienda\/","logo":{"@type":"ImageObject","inLanguage":"es","@id":"https:\/\/abaa.mx\/tienda\/#\/schema\/logo\/image\/","url":"https:\/\/abaa.mx\/tienda\/wp-content\/uploads\/2024\/01\/abaa-metrologia-tienda.png","contentUrl":"https:\/\/abaa.mx\/tienda\/wp-content\/uploads\/2024\/01\/abaa-metrologia-tienda.png","width":300,"height":141,"caption":"Abaa tienda online"},"image":{"@id":"https:\/\/abaa.mx\/tienda\/#\/schema\/logo\/image\/"}}]}},"_links":{"self":[{"href":"https:\/\/abaa.mx\/tienda\/wp-json\/wp\/v2\/product\/9592","targetHints":{"allow":["GET"]}}],"collection":[{"href":"https:\/\/abaa.mx\/tienda\/wp-json\/wp\/v2\/product"}],"about":[{"href":"https:\/\/abaa.mx\/tienda\/wp-json\/wp\/v2\/types\/product"}],"replies":[{"embeddable":true,"href":"https:\/\/abaa.mx\/tienda\/wp-json\/wp\/v2\/comments?post=9592"}],"wp:featuredmedia":[{"embeddable":true,"href":"https:\/\/abaa.mx\/tienda\/wp-json\/wp\/v2\/media\/9593"}],"wp:attachment":[{"href":"https:\/\/abaa.mx\/tienda\/wp-json\/wp\/v2\/media?parent=9592"}],"wp:term":[{"taxonomy":"product_brand","embeddable":true,"href":"https:\/\/abaa.mx\/tienda\/wp-json\/wp\/v2\/product_brand?post=9592"},{"taxonomy":"product_cat","embeddable":true,"href":"https:\/\/abaa.mx\/tienda\/wp-json\/wp\/v2\/product_cat?post=9592"},{"taxonomy":"product_tag","embeddable":true,"href":"https:\/\/abaa.mx\/tienda\/wp-json\/wp\/v2\/product_tag?post=9592"}],"curies":[{"name":"wp","href":"https:\/\/api.w.org\/{rel}","templated":true}]}}