{"id":9590,"date":"2023-12-04T17:10:56","date_gmt":"2023-12-04T17:10:56","guid":{"rendered":"https:\/\/abaa.mx\/tienda\/?post_type=product&#038;p=9590"},"modified":"2023-12-04T17:10:56","modified_gmt":"2023-12-04T17:10:56","slug":"gas-alert-micro-clip-xl-mcxlxw00yna","status":"publish","type":"product","link":"https:\/\/abaa.mx\/tienda\/gas-alert-micro-clip-xl-mcxlxw00yna\/","title":{"rendered":"Gas Alert Micro Clip XL &#8211; MCXLXW00YNA"},"content":{"rendered":"<p>Gas Alert Micro Clip XL &#8211; MCXLXW00YNA.<\/p>\n","protected":false},"excerpt":{"rendered":"<p><b>Multi-gas hecho simple:<\/b><\/p>\n<ul>\n<li>Duraci\u00f3n de la bater\u00eda, especialmente en tiempo fr\u00edo.<\/li>\n<li>El GasAlertMicroClip cuenta con el cumplimiento visual de un vistazo con el intermitente, verde IntelliFlash.<\/li>\n<li>Cumple con las recomendaciones ACGIH 1 ppm H2S TWA.<\/li>\n<li>Calibraci\u00f3n y pruebas de choque, elija la prueba autom\u00e1tica MicroDock II de BW y el sistema de calibraci\u00f3n y el software Fleet Manager II.<\/li>\n<li>El f\u00e1cil de usar, delgado y compacto GasAlertMicroClip proporciona.<\/li>\n<li>La operaci\u00f3n sencilla de un solo bot\u00f3n reduce el tiempo de entrenamiento y permite a los trabajadores concentrarse el trabajo a mano. Para una gesti\u00f3n sencilla y rentable de sus registros.<\/li>\n<li>Protecci\u00f3n de los riesgos atmosf\u00e9ricos contra el gas.<\/li>\n<\/ul>\n<p><b>Contenido del paquete est\u00e1ndar:<\/b><\/p>\n<ul>\n<li>Bater\u00eda recargable.<\/li>\n<li>Calibraci\u00f3n \/ tapa de prueba y manguera manual.<\/li>\n<li>Adaptador de carga para salida de pared.<\/li>\n<li>Manual de CD multiling\u00fce.<\/li>\n<li>Detector completo con sensor especificado, clip de cocodrilo de acero inoxidable y caja a prueba de choques.<\/li>\n<\/ul>\n","protected":false},"featured_media":9591,"comment_status":"open","ping_status":"closed","template":"","meta":{"_joinchat":[]},"product_brand":[],"product_cat":[15],"product_tag":[],"class_list":{"0":"post-9590","1":"product","2":"type-product","3":"status-publish","4":"has-post-thumbnail","6":"product_cat-sin-categorizar","8":"first","9":"instock","10":"shipping-taxable","11":"product-type-simple"},"yoast_head":"<!-- This site is optimized with the Yoast SEO plugin v26.4 - https:\/\/yoast.com\/wordpress\/plugins\/seo\/ -->\n<title>Gas Alert Micro Clip XL - MCXLXW00YNA - Abaa tienda online<\/title>\n<meta name=\"robots\" content=\"index, follow, max-snippet:-1, max-image-preview:large, max-video-preview:-1\" \/>\n<link rel=\"canonical\" href=\"https:\/\/abaa.mx\/tienda\/gas-alert-micro-clip-xl-mcxlxw00yna\/\" \/>\n<meta property=\"og:locale\" content=\"es_MX\" \/>\n<meta property=\"og:type\" content=\"article\" \/>\n<meta property=\"og:title\" content=\"Gas Alert Micro Clip XL - MCXLXW00YNA - Abaa tienda online\" \/>\n<meta property=\"og:description\" content=\"Multi-gas hecho simple:   Duraci\u00f3n de la bater\u00eda, especialmente en tiempo fr\u00edo.  El GasAlertMicroClip cuenta con el cumplimiento visual de un vistazo con el intermitente, verde IntelliFlash.  Cumple con las recomendaciones ACGIH 1 ppm H2S TWA.  Calibraci\u00f3n y pruebas de choque, elija la prueba autom\u00e1tica MicroDock II de BW y el sistema de calibraci\u00f3n y el software Fleet Manager II.  El f\u00e1cil de usar, delgado y compacto GasAlertMicroClip proporciona.  La operaci\u00f3n sencilla de un solo bot\u00f3n reduce el tiempo de entrenamiento y permite a los trabajadores concentrarse el trabajo a mano. Para una gesti\u00f3n sencilla y rentable de sus registros.  Protecci\u00f3n de los riesgos atmosf\u00e9ricos contra el gas.  Contenido del paquete est\u00e1ndar:   Bater\u00eda recargable.  Calibraci\u00f3n \/ tapa de prueba y manguera manual.  Adaptador de carga para salida de pared.  Manual de CD multiling\u00fce.  Detector completo con sensor especificado, clip de cocodrilo de acero inoxidable y caja a prueba de choques.\" \/>\n<meta property=\"og:url\" content=\"https:\/\/abaa.mx\/tienda\/gas-alert-micro-clip-xl-mcxlxw00yna\/\" \/>\n<meta property=\"og:site_name\" content=\"Abaa tienda online\" \/>\n<meta property=\"og:image\" content=\"https:\/\/abaa.mx\/tienda\/wp-content\/uploads\/2023\/12\/HONEYWELL-BW-MCXLXW00YNA.jpg\" \/>\n\t<meta property=\"og:image:width\" content=\"397\" \/>\n\t<meta property=\"og:image:height\" content=\"506\" \/>\n\t<meta property=\"og:image:type\" content=\"image\/jpeg\" \/>\n<meta name=\"twitter:card\" content=\"summary_large_image\" \/>\n<meta name=\"twitter:label1\" content=\"Tiempo de lectura\" \/>\n\t<meta name=\"twitter:data1\" content=\"1 minuto\" \/>\n<script type=\"application\/ld+json\" class=\"yoast-schema-graph\">{\"@context\":\"https:\/\/schema.org\",\"@graph\":[{\"@type\":\"WebPage\",\"@id\":\"https:\/\/abaa.mx\/tienda\/gas-alert-micro-clip-xl-mcxlxw00yna\/\",\"url\":\"https:\/\/abaa.mx\/tienda\/gas-alert-micro-clip-xl-mcxlxw00yna\/\",\"name\":\"Gas Alert Micro Clip XL - MCXLXW00YNA - Abaa tienda online\",\"isPartOf\":{\"@id\":\"https:\/\/abaa.mx\/tienda\/#website\"},\"primaryImageOfPage\":{\"@id\":\"https:\/\/abaa.mx\/tienda\/gas-alert-micro-clip-xl-mcxlxw00yna\/#primaryimage\"},\"image\":{\"@id\":\"https:\/\/abaa.mx\/tienda\/gas-alert-micro-clip-xl-mcxlxw00yna\/#primaryimage\"},\"thumbnailUrl\":\"https:\/\/abaa.mx\/tienda\/wp-content\/uploads\/2023\/12\/HONEYWELL-BW-MCXLXW00YNA.jpg\",\"datePublished\":\"2023-12-04T17:10:56+00:00\",\"breadcrumb\":{\"@id\":\"https:\/\/abaa.mx\/tienda\/gas-alert-micro-clip-xl-mcxlxw00yna\/#breadcrumb\"},\"inLanguage\":\"es\",\"potentialAction\":[{\"@type\":\"ReadAction\",\"target\":[\"https:\/\/abaa.mx\/tienda\/gas-alert-micro-clip-xl-mcxlxw00yna\/\"]}]},{\"@type\":\"ImageObject\",\"inLanguage\":\"es\",\"@id\":\"https:\/\/abaa.mx\/tienda\/gas-alert-micro-clip-xl-mcxlxw00yna\/#primaryimage\",\"url\":\"https:\/\/abaa.mx\/tienda\/wp-content\/uploads\/2023\/12\/HONEYWELL-BW-MCXLXW00YNA.jpg\",\"contentUrl\":\"https:\/\/abaa.mx\/tienda\/wp-content\/uploads\/2023\/12\/HONEYWELL-BW-MCXLXW00YNA.jpg\",\"width\":397,\"height\":506,\"caption\":\"HONEYWELL BW-MCXLXW00YNA\"},{\"@type\":\"BreadcrumbList\",\"@id\":\"https:\/\/abaa.mx\/tienda\/gas-alert-micro-clip-xl-mcxlxw00yna\/#breadcrumb\",\"itemListElement\":[{\"@type\":\"ListItem\",\"position\":1,\"name\":\"Inicio\",\"item\":\"https:\/\/abaa.mx\/tienda\/\"},{\"@type\":\"ListItem\",\"position\":2,\"name\":\"Tienda\",\"item\":\"https:\/\/abaa.mx\/tienda\/\"},{\"@type\":\"ListItem\",\"position\":3,\"name\":\"Gas Alert Micro Clip XL &#8211; MCXLXW00YNA\"}]},{\"@type\":\"WebSite\",\"@id\":\"https:\/\/abaa.mx\/tienda\/#website\",\"url\":\"https:\/\/abaa.mx\/tienda\/\",\"name\":\"Abaa tienda online\",\"description\":\"Instrumentos de medici\u00f3n\",\"publisher\":{\"@id\":\"https:\/\/abaa.mx\/tienda\/#organization\"},\"potentialAction\":[{\"@type\":\"SearchAction\",\"target\":{\"@type\":\"EntryPoint\",\"urlTemplate\":\"https:\/\/abaa.mx\/tienda\/?s={search_term_string}\"},\"query-input\":{\"@type\":\"PropertyValueSpecification\",\"valueRequired\":true,\"valueName\":\"search_term_string\"}}],\"inLanguage\":\"es\"},{\"@type\":\"Organization\",\"@id\":\"https:\/\/abaa.mx\/tienda\/#organization\",\"name\":\"Abaa tienda online\",\"url\":\"https:\/\/abaa.mx\/tienda\/\",\"logo\":{\"@type\":\"ImageObject\",\"inLanguage\":\"es\",\"@id\":\"https:\/\/abaa.mx\/tienda\/#\/schema\/logo\/image\/\",\"url\":\"https:\/\/abaa.mx\/tienda\/wp-content\/uploads\/2024\/01\/abaa-metrologia-tienda.png\",\"contentUrl\":\"https:\/\/abaa.mx\/tienda\/wp-content\/uploads\/2024\/01\/abaa-metrologia-tienda.png\",\"width\":300,\"height\":141,\"caption\":\"Abaa tienda online\"},\"image\":{\"@id\":\"https:\/\/abaa.mx\/tienda\/#\/schema\/logo\/image\/\"}}]}<\/script>\n<!-- \/ Yoast SEO plugin. -->","yoast_head_json":{"title":"Gas Alert Micro Clip XL - MCXLXW00YNA - Abaa tienda online","robots":{"index":"index","follow":"follow","max-snippet":"max-snippet:-1","max-image-preview":"max-image-preview:large","max-video-preview":"max-video-preview:-1"},"canonical":"https:\/\/abaa.mx\/tienda\/gas-alert-micro-clip-xl-mcxlxw00yna\/","og_locale":"es_MX","og_type":"article","og_title":"Gas Alert Micro Clip XL - MCXLXW00YNA - Abaa tienda online","og_description":"Multi-gas hecho simple:   Duraci\u00f3n de la bater\u00eda, especialmente en tiempo fr\u00edo.  El GasAlertMicroClip cuenta con el cumplimiento visual de un vistazo con el intermitente, verde IntelliFlash.  Cumple con las recomendaciones ACGIH 1 ppm H2S TWA.  Calibraci\u00f3n y pruebas de choque, elija la prueba autom\u00e1tica MicroDock II de BW y el sistema de calibraci\u00f3n y el software Fleet Manager II.  El f\u00e1cil de usar, delgado y compacto GasAlertMicroClip proporciona.  La operaci\u00f3n sencilla de un solo bot\u00f3n reduce el tiempo de entrenamiento y permite a los trabajadores concentrarse el trabajo a mano. Para una gesti\u00f3n sencilla y rentable de sus registros.  Protecci\u00f3n de los riesgos atmosf\u00e9ricos contra el gas.  Contenido del paquete est\u00e1ndar:   Bater\u00eda recargable.  Calibraci\u00f3n \/ tapa de prueba y manguera manual.  Adaptador de carga para salida de pared.  Manual de CD multiling\u00fce.  Detector completo con sensor especificado, clip de cocodrilo de acero inoxidable y caja a prueba de choques.","og_url":"https:\/\/abaa.mx\/tienda\/gas-alert-micro-clip-xl-mcxlxw00yna\/","og_site_name":"Abaa tienda online","og_image":[{"width":397,"height":506,"url":"https:\/\/abaa.mx\/tienda\/wp-content\/uploads\/2023\/12\/HONEYWELL-BW-MCXLXW00YNA.jpg","type":"image\/jpeg"}],"twitter_card":"summary_large_image","twitter_misc":{"Tiempo de lectura":"1 minuto"},"schema":{"@context":"https:\/\/schema.org","@graph":[{"@type":"WebPage","@id":"https:\/\/abaa.mx\/tienda\/gas-alert-micro-clip-xl-mcxlxw00yna\/","url":"https:\/\/abaa.mx\/tienda\/gas-alert-micro-clip-xl-mcxlxw00yna\/","name":"Gas Alert Micro Clip XL - MCXLXW00YNA - Abaa tienda online","isPartOf":{"@id":"https:\/\/abaa.mx\/tienda\/#website"},"primaryImageOfPage":{"@id":"https:\/\/abaa.mx\/tienda\/gas-alert-micro-clip-xl-mcxlxw00yna\/#primaryimage"},"image":{"@id":"https:\/\/abaa.mx\/tienda\/gas-alert-micro-clip-xl-mcxlxw00yna\/#primaryimage"},"thumbnailUrl":"https:\/\/abaa.mx\/tienda\/wp-content\/uploads\/2023\/12\/HONEYWELL-BW-MCXLXW00YNA.jpg","datePublished":"2023-12-04T17:10:56+00:00","breadcrumb":{"@id":"https:\/\/abaa.mx\/tienda\/gas-alert-micro-clip-xl-mcxlxw00yna\/#breadcrumb"},"inLanguage":"es","potentialAction":[{"@type":"ReadAction","target":["https:\/\/abaa.mx\/tienda\/gas-alert-micro-clip-xl-mcxlxw00yna\/"]}]},{"@type":"ImageObject","inLanguage":"es","@id":"https:\/\/abaa.mx\/tienda\/gas-alert-micro-clip-xl-mcxlxw00yna\/#primaryimage","url":"https:\/\/abaa.mx\/tienda\/wp-content\/uploads\/2023\/12\/HONEYWELL-BW-MCXLXW00YNA.jpg","contentUrl":"https:\/\/abaa.mx\/tienda\/wp-content\/uploads\/2023\/12\/HONEYWELL-BW-MCXLXW00YNA.jpg","width":397,"height":506,"caption":"HONEYWELL BW-MCXLXW00YNA"},{"@type":"BreadcrumbList","@id":"https:\/\/abaa.mx\/tienda\/gas-alert-micro-clip-xl-mcxlxw00yna\/#breadcrumb","itemListElement":[{"@type":"ListItem","position":1,"name":"Inicio","item":"https:\/\/abaa.mx\/tienda\/"},{"@type":"ListItem","position":2,"name":"Tienda","item":"https:\/\/abaa.mx\/tienda\/"},{"@type":"ListItem","position":3,"name":"Gas Alert Micro Clip XL &#8211; MCXLXW00YNA"}]},{"@type":"WebSite","@id":"https:\/\/abaa.mx\/tienda\/#website","url":"https:\/\/abaa.mx\/tienda\/","name":"Abaa tienda online","description":"Instrumentos de medici\u00f3n","publisher":{"@id":"https:\/\/abaa.mx\/tienda\/#organization"},"potentialAction":[{"@type":"SearchAction","target":{"@type":"EntryPoint","urlTemplate":"https:\/\/abaa.mx\/tienda\/?s={search_term_string}"},"query-input":{"@type":"PropertyValueSpecification","valueRequired":true,"valueName":"search_term_string"}}],"inLanguage":"es"},{"@type":"Organization","@id":"https:\/\/abaa.mx\/tienda\/#organization","name":"Abaa tienda online","url":"https:\/\/abaa.mx\/tienda\/","logo":{"@type":"ImageObject","inLanguage":"es","@id":"https:\/\/abaa.mx\/tienda\/#\/schema\/logo\/image\/","url":"https:\/\/abaa.mx\/tienda\/wp-content\/uploads\/2024\/01\/abaa-metrologia-tienda.png","contentUrl":"https:\/\/abaa.mx\/tienda\/wp-content\/uploads\/2024\/01\/abaa-metrologia-tienda.png","width":300,"height":141,"caption":"Abaa tienda online"},"image":{"@id":"https:\/\/abaa.mx\/tienda\/#\/schema\/logo\/image\/"}}]}},"_links":{"self":[{"href":"https:\/\/abaa.mx\/tienda\/wp-json\/wp\/v2\/product\/9590","targetHints":{"allow":["GET"]}}],"collection":[{"href":"https:\/\/abaa.mx\/tienda\/wp-json\/wp\/v2\/product"}],"about":[{"href":"https:\/\/abaa.mx\/tienda\/wp-json\/wp\/v2\/types\/product"}],"replies":[{"embeddable":true,"href":"https:\/\/abaa.mx\/tienda\/wp-json\/wp\/v2\/comments?post=9590"}],"wp:featuredmedia":[{"embeddable":true,"href":"https:\/\/abaa.mx\/tienda\/wp-json\/wp\/v2\/media\/9591"}],"wp:attachment":[{"href":"https:\/\/abaa.mx\/tienda\/wp-json\/wp\/v2\/media?parent=9590"}],"wp:term":[{"taxonomy":"product_brand","embeddable":true,"href":"https:\/\/abaa.mx\/tienda\/wp-json\/wp\/v2\/product_brand?post=9590"},{"taxonomy":"product_cat","embeddable":true,"href":"https:\/\/abaa.mx\/tienda\/wp-json\/wp\/v2\/product_cat?post=9590"},{"taxonomy":"product_tag","embeddable":true,"href":"https:\/\/abaa.mx\/tienda\/wp-json\/wp\/v2\/product_tag?post=9590"}],"curies":[{"name":"wp","href":"https:\/\/api.w.org\/{rel}","templated":true}]}}