{"id":9584,"date":"2023-12-04T16:48:52","date_gmt":"2023-12-04T16:48:52","guid":{"rendered":"https:\/\/abaa.mx\/tienda\/?post_type=product&#038;p=9584"},"modified":"2023-12-04T16:48:52","modified_gmt":"2023-12-04T16:48:52","slug":"gas-alert-quattro-qtxwhmryna","status":"publish","type":"product","link":"https:\/\/abaa.mx\/tienda\/gas-alert-quattro-qtxwhmryna\/","title":{"rendered":"Gas Alert Quattro &#8211; QTXWHMRYNA"},"content":{"rendered":"<p>Gas Alert Quattro &#8211; QTXWHMRYNA.<\/p>\n","protected":false},"excerpt":{"rendered":"<p><strong>Caracter\u00edsticas principales: <\/strong>Pila de extendida duraci\u00f3n (hasta 12 horas continuas) Alarmas para limites bajo\/prominente y niveles de exposici\u00f3n STEL, TWA. La lectura en pantalla muestra a tiempo los escenarios de los gases. Trabaja en temperaturas extremas, protecci\u00f3n IP68.<\/p>\n<p><strong>Aplicaciones: <\/strong>Trabajos a campo abierto o en espacios reclu\u00eddos en la industria petroqu\u00edmica, en operaciones de cuidado , limpieza de tanques, pipas y ca\u00f1er\u00edas.<\/p>\n<p><strong>Dimensiones y peso:<\/strong>\u00a0145 x 74 x 38 mm, 370 g.<\/p>\n<p><strong>Contenido de la Caja:<\/strong>\u00a0Explos\u00edmetro BW Micro 5 SO2, Test Cap (capuch\u00f3n de prueba), Manual de Operaci\u00f3n, cup\u00f3n de verificaci\u00f3n de calidad.<\/p>\n<p><strong>Condiciones de Operaci\u00f3n:<\/strong>\u00a0Temperatura \u00e1mbito de -10 a +50 \u00b0C, Humedad relativa 15% al 90% (sin condensaci\u00f3n).<\/p>\n<p><strong>Unidades de medici\u00f3n: <\/strong>CO y H2S se manifiestan en partes por mill\u00f3n (PPM), Explosividad (LEL) y Oxigeno (O2) se expresan en % por vol.<\/p>\n","protected":false},"featured_media":9585,"comment_status":"open","ping_status":"closed","template":"","meta":{"_joinchat":[]},"product_brand":[],"product_cat":[15],"product_tag":[],"class_list":{"0":"post-9584","1":"product","2":"type-product","3":"status-publish","4":"has-post-thumbnail","6":"product_cat-sin-categorizar","8":"first","9":"instock","10":"shipping-taxable","11":"product-type-simple"},"yoast_head":"<!-- This site is optimized with the Yoast SEO plugin v26.4 - https:\/\/yoast.com\/wordpress\/plugins\/seo\/ -->\n<title>Gas Alert Quattro - QTXWHMRYNA - Abaa tienda online<\/title>\n<meta name=\"robots\" content=\"index, follow, max-snippet:-1, max-image-preview:large, max-video-preview:-1\" \/>\n<link rel=\"canonical\" href=\"https:\/\/abaa.mx\/tienda\/gas-alert-quattro-qtxwhmryna\/\" \/>\n<meta property=\"og:locale\" content=\"es_MX\" \/>\n<meta property=\"og:type\" content=\"article\" \/>\n<meta property=\"og:title\" content=\"Gas Alert Quattro - QTXWHMRYNA - Abaa tienda online\" \/>\n<meta property=\"og:description\" content=\"Caracter\u00edsticas principales: Pila de extendida duraci\u00f3n (hasta 12 horas continuas) Alarmas para limites bajo\/prominente y niveles de exposici\u00f3n STEL, TWA. La lectura en pantalla muestra a tiempo los escenarios de los gases. Trabaja en temperaturas extremas, protecci\u00f3n IP68.  Aplicaciones: Trabajos a campo abierto o en espacios reclu\u00eddos en la industria petroqu\u00edmica, en operaciones de cuidado , limpieza de tanques, pipas y ca\u00f1er\u00edas.  Dimensiones y peso:\u00a0145 x 74 x 38 mm, 370 g.  Contenido de la Caja:\u00a0Explos\u00edmetro BW Micro 5 SO2, Test Cap (capuch\u00f3n de prueba), Manual de Operaci\u00f3n, cup\u00f3n de verificaci\u00f3n de calidad.  Condiciones de Operaci\u00f3n:\u00a0Temperatura \u00e1mbito de -10 a +50 \u00b0C, Humedad relativa 15% al 90% (sin condensaci\u00f3n).  Unidades de medici\u00f3n: CO y H2S se manifiestan en partes por mill\u00f3n (PPM), Explosividad (LEL) y Oxigeno (O2) se expresan en % por vol.\" \/>\n<meta property=\"og:url\" content=\"https:\/\/abaa.mx\/tienda\/gas-alert-quattro-qtxwhmryna\/\" \/>\n<meta property=\"og:site_name\" content=\"Abaa tienda online\" \/>\n<meta property=\"og:image\" content=\"https:\/\/abaa.mx\/tienda\/wp-content\/uploads\/2023\/12\/HONEYWELL-BW-QTXWHMRYNA.jpg\" \/>\n\t<meta property=\"og:image:width\" content=\"335\" \/>\n\t<meta property=\"og:image:height\" content=\"364\" \/>\n\t<meta property=\"og:image:type\" content=\"image\/jpeg\" \/>\n<meta name=\"twitter:card\" content=\"summary_large_image\" \/>\n<meta name=\"twitter:label1\" content=\"Tiempo de lectura\" \/>\n\t<meta name=\"twitter:data1\" content=\"1 minuto\" \/>\n<script type=\"application\/ld+json\" class=\"yoast-schema-graph\">{\"@context\":\"https:\/\/schema.org\",\"@graph\":[{\"@type\":\"WebPage\",\"@id\":\"https:\/\/abaa.mx\/tienda\/gas-alert-quattro-qtxwhmryna\/\",\"url\":\"https:\/\/abaa.mx\/tienda\/gas-alert-quattro-qtxwhmryna\/\",\"name\":\"Gas Alert Quattro - QTXWHMRYNA - Abaa tienda online\",\"isPartOf\":{\"@id\":\"https:\/\/abaa.mx\/tienda\/#website\"},\"primaryImageOfPage\":{\"@id\":\"https:\/\/abaa.mx\/tienda\/gas-alert-quattro-qtxwhmryna\/#primaryimage\"},\"image\":{\"@id\":\"https:\/\/abaa.mx\/tienda\/gas-alert-quattro-qtxwhmryna\/#primaryimage\"},\"thumbnailUrl\":\"https:\/\/abaa.mx\/tienda\/wp-content\/uploads\/2023\/12\/HONEYWELL-BW-QTXWHMRYNA.jpg\",\"datePublished\":\"2023-12-04T16:48:52+00:00\",\"breadcrumb\":{\"@id\":\"https:\/\/abaa.mx\/tienda\/gas-alert-quattro-qtxwhmryna\/#breadcrumb\"},\"inLanguage\":\"es\",\"potentialAction\":[{\"@type\":\"ReadAction\",\"target\":[\"https:\/\/abaa.mx\/tienda\/gas-alert-quattro-qtxwhmryna\/\"]}]},{\"@type\":\"ImageObject\",\"inLanguage\":\"es\",\"@id\":\"https:\/\/abaa.mx\/tienda\/gas-alert-quattro-qtxwhmryna\/#primaryimage\",\"url\":\"https:\/\/abaa.mx\/tienda\/wp-content\/uploads\/2023\/12\/HONEYWELL-BW-QTXWHMRYNA.jpg\",\"contentUrl\":\"https:\/\/abaa.mx\/tienda\/wp-content\/uploads\/2023\/12\/HONEYWELL-BW-QTXWHMRYNA.jpg\",\"width\":335,\"height\":364,\"caption\":\"HONEYWELL BW-QTXWHMRYNA\"},{\"@type\":\"BreadcrumbList\",\"@id\":\"https:\/\/abaa.mx\/tienda\/gas-alert-quattro-qtxwhmryna\/#breadcrumb\",\"itemListElement\":[{\"@type\":\"ListItem\",\"position\":1,\"name\":\"Inicio\",\"item\":\"https:\/\/abaa.mx\/tienda\/\"},{\"@type\":\"ListItem\",\"position\":2,\"name\":\"Tienda\",\"item\":\"https:\/\/abaa.mx\/tienda\/\"},{\"@type\":\"ListItem\",\"position\":3,\"name\":\"Gas Alert Quattro &#8211; QTXWHMRYNA\"}]},{\"@type\":\"WebSite\",\"@id\":\"https:\/\/abaa.mx\/tienda\/#website\",\"url\":\"https:\/\/abaa.mx\/tienda\/\",\"name\":\"Abaa tienda online\",\"description\":\"Instrumentos de medici\u00f3n\",\"publisher\":{\"@id\":\"https:\/\/abaa.mx\/tienda\/#organization\"},\"potentialAction\":[{\"@type\":\"SearchAction\",\"target\":{\"@type\":\"EntryPoint\",\"urlTemplate\":\"https:\/\/abaa.mx\/tienda\/?s={search_term_string}\"},\"query-input\":{\"@type\":\"PropertyValueSpecification\",\"valueRequired\":true,\"valueName\":\"search_term_string\"}}],\"inLanguage\":\"es\"},{\"@type\":\"Organization\",\"@id\":\"https:\/\/abaa.mx\/tienda\/#organization\",\"name\":\"Abaa tienda online\",\"url\":\"https:\/\/abaa.mx\/tienda\/\",\"logo\":{\"@type\":\"ImageObject\",\"inLanguage\":\"es\",\"@id\":\"https:\/\/abaa.mx\/tienda\/#\/schema\/logo\/image\/\",\"url\":\"https:\/\/abaa.mx\/tienda\/wp-content\/uploads\/2024\/01\/abaa-metrologia-tienda.png\",\"contentUrl\":\"https:\/\/abaa.mx\/tienda\/wp-content\/uploads\/2024\/01\/abaa-metrologia-tienda.png\",\"width\":300,\"height\":141,\"caption\":\"Abaa tienda online\"},\"image\":{\"@id\":\"https:\/\/abaa.mx\/tienda\/#\/schema\/logo\/image\/\"}}]}<\/script>\n<!-- \/ Yoast SEO plugin. -->","yoast_head_json":{"title":"Gas Alert Quattro - QTXWHMRYNA - Abaa tienda online","robots":{"index":"index","follow":"follow","max-snippet":"max-snippet:-1","max-image-preview":"max-image-preview:large","max-video-preview":"max-video-preview:-1"},"canonical":"https:\/\/abaa.mx\/tienda\/gas-alert-quattro-qtxwhmryna\/","og_locale":"es_MX","og_type":"article","og_title":"Gas Alert Quattro - QTXWHMRYNA - Abaa tienda online","og_description":"Caracter\u00edsticas principales: Pila de extendida duraci\u00f3n (hasta 12 horas continuas) Alarmas para limites bajo\/prominente y niveles de exposici\u00f3n STEL, TWA. La lectura en pantalla muestra a tiempo los escenarios de los gases. Trabaja en temperaturas extremas, protecci\u00f3n IP68.  Aplicaciones: Trabajos a campo abierto o en espacios reclu\u00eddos en la industria petroqu\u00edmica, en operaciones de cuidado , limpieza de tanques, pipas y ca\u00f1er\u00edas.  Dimensiones y peso:\u00a0145 x 74 x 38 mm, 370 g.  Contenido de la Caja:\u00a0Explos\u00edmetro BW Micro 5 SO2, Test Cap (capuch\u00f3n de prueba), Manual de Operaci\u00f3n, cup\u00f3n de verificaci\u00f3n de calidad.  Condiciones de Operaci\u00f3n:\u00a0Temperatura \u00e1mbito de -10 a +50 \u00b0C, Humedad relativa 15% al 90% (sin condensaci\u00f3n).  Unidades de medici\u00f3n: CO y H2S se manifiestan en partes por mill\u00f3n (PPM), Explosividad (LEL) y Oxigeno (O2) se expresan en % por vol.","og_url":"https:\/\/abaa.mx\/tienda\/gas-alert-quattro-qtxwhmryna\/","og_site_name":"Abaa tienda online","og_image":[{"width":335,"height":364,"url":"https:\/\/abaa.mx\/tienda\/wp-content\/uploads\/2023\/12\/HONEYWELL-BW-QTXWHMRYNA.jpg","type":"image\/jpeg"}],"twitter_card":"summary_large_image","twitter_misc":{"Tiempo de lectura":"1 minuto"},"schema":{"@context":"https:\/\/schema.org","@graph":[{"@type":"WebPage","@id":"https:\/\/abaa.mx\/tienda\/gas-alert-quattro-qtxwhmryna\/","url":"https:\/\/abaa.mx\/tienda\/gas-alert-quattro-qtxwhmryna\/","name":"Gas Alert Quattro - QTXWHMRYNA - Abaa tienda online","isPartOf":{"@id":"https:\/\/abaa.mx\/tienda\/#website"},"primaryImageOfPage":{"@id":"https:\/\/abaa.mx\/tienda\/gas-alert-quattro-qtxwhmryna\/#primaryimage"},"image":{"@id":"https:\/\/abaa.mx\/tienda\/gas-alert-quattro-qtxwhmryna\/#primaryimage"},"thumbnailUrl":"https:\/\/abaa.mx\/tienda\/wp-content\/uploads\/2023\/12\/HONEYWELL-BW-QTXWHMRYNA.jpg","datePublished":"2023-12-04T16:48:52+00:00","breadcrumb":{"@id":"https:\/\/abaa.mx\/tienda\/gas-alert-quattro-qtxwhmryna\/#breadcrumb"},"inLanguage":"es","potentialAction":[{"@type":"ReadAction","target":["https:\/\/abaa.mx\/tienda\/gas-alert-quattro-qtxwhmryna\/"]}]},{"@type":"ImageObject","inLanguage":"es","@id":"https:\/\/abaa.mx\/tienda\/gas-alert-quattro-qtxwhmryna\/#primaryimage","url":"https:\/\/abaa.mx\/tienda\/wp-content\/uploads\/2023\/12\/HONEYWELL-BW-QTXWHMRYNA.jpg","contentUrl":"https:\/\/abaa.mx\/tienda\/wp-content\/uploads\/2023\/12\/HONEYWELL-BW-QTXWHMRYNA.jpg","width":335,"height":364,"caption":"HONEYWELL BW-QTXWHMRYNA"},{"@type":"BreadcrumbList","@id":"https:\/\/abaa.mx\/tienda\/gas-alert-quattro-qtxwhmryna\/#breadcrumb","itemListElement":[{"@type":"ListItem","position":1,"name":"Inicio","item":"https:\/\/abaa.mx\/tienda\/"},{"@type":"ListItem","position":2,"name":"Tienda","item":"https:\/\/abaa.mx\/tienda\/"},{"@type":"ListItem","position":3,"name":"Gas Alert Quattro &#8211; QTXWHMRYNA"}]},{"@type":"WebSite","@id":"https:\/\/abaa.mx\/tienda\/#website","url":"https:\/\/abaa.mx\/tienda\/","name":"Abaa tienda online","description":"Instrumentos de medici\u00f3n","publisher":{"@id":"https:\/\/abaa.mx\/tienda\/#organization"},"potentialAction":[{"@type":"SearchAction","target":{"@type":"EntryPoint","urlTemplate":"https:\/\/abaa.mx\/tienda\/?s={search_term_string}"},"query-input":{"@type":"PropertyValueSpecification","valueRequired":true,"valueName":"search_term_string"}}],"inLanguage":"es"},{"@type":"Organization","@id":"https:\/\/abaa.mx\/tienda\/#organization","name":"Abaa tienda online","url":"https:\/\/abaa.mx\/tienda\/","logo":{"@type":"ImageObject","inLanguage":"es","@id":"https:\/\/abaa.mx\/tienda\/#\/schema\/logo\/image\/","url":"https:\/\/abaa.mx\/tienda\/wp-content\/uploads\/2024\/01\/abaa-metrologia-tienda.png","contentUrl":"https:\/\/abaa.mx\/tienda\/wp-content\/uploads\/2024\/01\/abaa-metrologia-tienda.png","width":300,"height":141,"caption":"Abaa tienda online"},"image":{"@id":"https:\/\/abaa.mx\/tienda\/#\/schema\/logo\/image\/"}}]}},"_links":{"self":[{"href":"https:\/\/abaa.mx\/tienda\/wp-json\/wp\/v2\/product\/9584","targetHints":{"allow":["GET"]}}],"collection":[{"href":"https:\/\/abaa.mx\/tienda\/wp-json\/wp\/v2\/product"}],"about":[{"href":"https:\/\/abaa.mx\/tienda\/wp-json\/wp\/v2\/types\/product"}],"replies":[{"embeddable":true,"href":"https:\/\/abaa.mx\/tienda\/wp-json\/wp\/v2\/comments?post=9584"}],"wp:featuredmedia":[{"embeddable":true,"href":"https:\/\/abaa.mx\/tienda\/wp-json\/wp\/v2\/media\/9585"}],"wp:attachment":[{"href":"https:\/\/abaa.mx\/tienda\/wp-json\/wp\/v2\/media?parent=9584"}],"wp:term":[{"taxonomy":"product_brand","embeddable":true,"href":"https:\/\/abaa.mx\/tienda\/wp-json\/wp\/v2\/product_brand?post=9584"},{"taxonomy":"product_cat","embeddable":true,"href":"https:\/\/abaa.mx\/tienda\/wp-json\/wp\/v2\/product_cat?post=9584"},{"taxonomy":"product_tag","embeddable":true,"href":"https:\/\/abaa.mx\/tienda\/wp-json\/wp\/v2\/product_tag?post=9584"}],"curies":[{"name":"wp","href":"https:\/\/api.w.org\/{rel}","templated":true}]}}