{"id":9578,"date":"2023-12-04T16:29:26","date_gmt":"2023-12-04T16:29:26","guid":{"rendered":"https:\/\/abaa.mx\/tienda\/?post_type=product&#038;p=9578"},"modified":"2023-12-04T16:29:27","modified_gmt":"2023-12-04T16:29:27","slug":"detector-de-fugas-de-gas-combustible-50ppm-gd3300","status":"publish","type":"product","link":"https:\/\/abaa.mx\/tienda\/detector-de-fugas-de-gas-combustible-50ppm-gd3300\/","title":{"rendered":"Detector de Fugas de Gas Combustible 50ppm &#8211; GD3300"},"content":{"rendered":"<p>Detector de Fugas de Gas Combustible 50ppm &#8211; GD3300.<\/p>\n","protected":false},"excerpt":{"rendered":"<p><b>Aplica para los siguientes gases:<\/b><\/p>\n<ul>\n<li>Mon\u00f3xido de carbono (detecci\u00f3n solamente, no para cuantificar).<\/li>\n<li>Gas Natural.<\/li>\n<li>Gas Licuado.<\/li>\n<li>Sulfuro de hidr\u00f3geno (H2S).<\/li>\n<li>Solventes industriales.<\/li>\n<li>Propano (LP).<\/li>\n<li>Adelgazador para laca (Thinner).<\/li>\n<\/ul>\n<p><b>Caracter\u00edsticas:<\/b><\/p>\n<ul>\n<li>Puede conectar un aud\u00edfono en el CM-GD3300 para operarlo en \u00e1reas con altos niveles de ruido ambiental.<\/li>\n<li>F\u00e1cil de usar, operaci\u00f3n con una sola mano le permite usar el pulgar para seleccionar la sensibilidad en el indicador.<\/li>\n<li>Opera con una bomba ajustable.<\/li>\n<li>Se puede ajustar para diferentes concentraciones o gases.<\/li>\n<li>Detecta todas las fugas de gas combustible, incluso fugas peque\u00f1as.<\/li>\n<li>La frecuencia del pulso sonoro en el instrumento se acelera cuando la punta del sensor se acerca a una fuga.<\/li>\n<li>Sensor de estado s\u00f3lido.<\/li>\n<li>Altamente sensible y confiable.<\/li>\n<li>Alarma visible y audible a 10% LEL.<\/li>\n<\/ul>\n","protected":false},"featured_media":9579,"comment_status":"open","ping_status":"closed","template":"","meta":{"_joinchat":[]},"product_brand":[],"product_cat":[15],"product_tag":[],"class_list":{"0":"post-9578","1":"product","2":"type-product","3":"status-publish","4":"has-post-thumbnail","6":"product_cat-sin-categorizar","8":"first","9":"instock","10":"shipping-taxable","11":"product-type-simple"},"yoast_head":"<!-- This site is optimized with the Yoast SEO plugin v26.4 - https:\/\/yoast.com\/wordpress\/plugins\/seo\/ -->\n<title>Detector de Fugas de Gas Combustible 50ppm - GD3300 - Abaa tienda online<\/title>\n<meta name=\"robots\" content=\"index, follow, max-snippet:-1, max-image-preview:large, max-video-preview:-1\" \/>\n<link rel=\"canonical\" href=\"https:\/\/abaa.mx\/tienda\/detector-de-fugas-de-gas-combustible-50ppm-gd3300\/\" \/>\n<meta property=\"og:locale\" content=\"es_MX\" \/>\n<meta property=\"og:type\" content=\"article\" \/>\n<meta property=\"og:title\" content=\"Detector de Fugas de Gas Combustible 50ppm - GD3300 - Abaa tienda online\" \/>\n<meta property=\"og:description\" content=\"Aplica para los siguientes gases:   Mon\u00f3xido de carbono (detecci\u00f3n solamente, no para cuantificar).  Gas Natural.  Gas Licuado.  Sulfuro de hidr\u00f3geno (H2S).  Solventes industriales.  Propano (LP).  Adelgazador para laca (Thinner).  Caracter\u00edsticas:   Puede conectar un aud\u00edfono en el CM-GD3300 para operarlo en \u00e1reas con altos niveles de ruido ambiental.  F\u00e1cil de usar, operaci\u00f3n con una sola mano le permite usar el pulgar para seleccionar la sensibilidad en el indicador.  Opera con una bomba ajustable.  Se puede ajustar para diferentes concentraciones o gases.  Detecta todas las fugas de gas combustible, incluso fugas peque\u00f1as.  La frecuencia del pulso sonoro en el instrumento se acelera cuando la punta del sensor se acerca a una fuga.  Sensor de estado s\u00f3lido.  Altamente sensible y confiable.  Alarma visible y audible a 10% LEL.\" \/>\n<meta property=\"og:url\" content=\"https:\/\/abaa.mx\/tienda\/detector-de-fugas-de-gas-combustible-50ppm-gd3300\/\" \/>\n<meta property=\"og:site_name\" content=\"Abaa tienda online\" \/>\n<meta property=\"article:modified_time\" content=\"2023-12-04T16:29:27+00:00\" \/>\n<meta property=\"og:image\" content=\"https:\/\/abaa.mx\/tienda\/wp-content\/uploads\/2023\/12\/CEM-METERS-GD3300.jpg\" \/>\n\t<meta property=\"og:image:width\" content=\"282\" \/>\n\t<meta property=\"og:image:height\" content=\"437\" \/>\n\t<meta property=\"og:image:type\" content=\"image\/jpeg\" \/>\n<meta name=\"twitter:card\" content=\"summary_large_image\" \/>\n<meta name=\"twitter:label1\" content=\"Tiempo de lectura\" \/>\n\t<meta name=\"twitter:data1\" content=\"1 minuto\" \/>\n<script type=\"application\/ld+json\" class=\"yoast-schema-graph\">{\"@context\":\"https:\/\/schema.org\",\"@graph\":[{\"@type\":\"WebPage\",\"@id\":\"https:\/\/abaa.mx\/tienda\/detector-de-fugas-de-gas-combustible-50ppm-gd3300\/\",\"url\":\"https:\/\/abaa.mx\/tienda\/detector-de-fugas-de-gas-combustible-50ppm-gd3300\/\",\"name\":\"Detector de Fugas de Gas Combustible 50ppm - GD3300 - Abaa tienda online\",\"isPartOf\":{\"@id\":\"https:\/\/abaa.mx\/tienda\/#website\"},\"primaryImageOfPage\":{\"@id\":\"https:\/\/abaa.mx\/tienda\/detector-de-fugas-de-gas-combustible-50ppm-gd3300\/#primaryimage\"},\"image\":{\"@id\":\"https:\/\/abaa.mx\/tienda\/detector-de-fugas-de-gas-combustible-50ppm-gd3300\/#primaryimage\"},\"thumbnailUrl\":\"https:\/\/abaa.mx\/tienda\/wp-content\/uploads\/2023\/12\/CEM-METERS-GD3300.jpg\",\"datePublished\":\"2023-12-04T16:29:26+00:00\",\"dateModified\":\"2023-12-04T16:29:27+00:00\",\"breadcrumb\":{\"@id\":\"https:\/\/abaa.mx\/tienda\/detector-de-fugas-de-gas-combustible-50ppm-gd3300\/#breadcrumb\"},\"inLanguage\":\"es\",\"potentialAction\":[{\"@type\":\"ReadAction\",\"target\":[\"https:\/\/abaa.mx\/tienda\/detector-de-fugas-de-gas-combustible-50ppm-gd3300\/\"]}]},{\"@type\":\"ImageObject\",\"inLanguage\":\"es\",\"@id\":\"https:\/\/abaa.mx\/tienda\/detector-de-fugas-de-gas-combustible-50ppm-gd3300\/#primaryimage\",\"url\":\"https:\/\/abaa.mx\/tienda\/wp-content\/uploads\/2023\/12\/CEM-METERS-GD3300.jpg\",\"contentUrl\":\"https:\/\/abaa.mx\/tienda\/wp-content\/uploads\/2023\/12\/CEM-METERS-GD3300.jpg\",\"width\":282,\"height\":437,\"caption\":\"CEM METERS-GD3300\"},{\"@type\":\"BreadcrumbList\",\"@id\":\"https:\/\/abaa.mx\/tienda\/detector-de-fugas-de-gas-combustible-50ppm-gd3300\/#breadcrumb\",\"itemListElement\":[{\"@type\":\"ListItem\",\"position\":1,\"name\":\"Inicio\",\"item\":\"https:\/\/abaa.mx\/tienda\/\"},{\"@type\":\"ListItem\",\"position\":2,\"name\":\"Tienda\",\"item\":\"https:\/\/abaa.mx\/tienda\/\"},{\"@type\":\"ListItem\",\"position\":3,\"name\":\"Detector de Fugas de Gas Combustible 50ppm &#8211; GD3300\"}]},{\"@type\":\"WebSite\",\"@id\":\"https:\/\/abaa.mx\/tienda\/#website\",\"url\":\"https:\/\/abaa.mx\/tienda\/\",\"name\":\"Abaa tienda online\",\"description\":\"Instrumentos de medici\u00f3n\",\"publisher\":{\"@id\":\"https:\/\/abaa.mx\/tienda\/#organization\"},\"potentialAction\":[{\"@type\":\"SearchAction\",\"target\":{\"@type\":\"EntryPoint\",\"urlTemplate\":\"https:\/\/abaa.mx\/tienda\/?s={search_term_string}\"},\"query-input\":{\"@type\":\"PropertyValueSpecification\",\"valueRequired\":true,\"valueName\":\"search_term_string\"}}],\"inLanguage\":\"es\"},{\"@type\":\"Organization\",\"@id\":\"https:\/\/abaa.mx\/tienda\/#organization\",\"name\":\"Abaa tienda online\",\"url\":\"https:\/\/abaa.mx\/tienda\/\",\"logo\":{\"@type\":\"ImageObject\",\"inLanguage\":\"es\",\"@id\":\"https:\/\/abaa.mx\/tienda\/#\/schema\/logo\/image\/\",\"url\":\"https:\/\/abaa.mx\/tienda\/wp-content\/uploads\/2024\/01\/abaa-metrologia-tienda.png\",\"contentUrl\":\"https:\/\/abaa.mx\/tienda\/wp-content\/uploads\/2024\/01\/abaa-metrologia-tienda.png\",\"width\":300,\"height\":141,\"caption\":\"Abaa tienda online\"},\"image\":{\"@id\":\"https:\/\/abaa.mx\/tienda\/#\/schema\/logo\/image\/\"}}]}<\/script>\n<!-- \/ Yoast SEO plugin. -->","yoast_head_json":{"title":"Detector de Fugas de Gas Combustible 50ppm - GD3300 - Abaa tienda online","robots":{"index":"index","follow":"follow","max-snippet":"max-snippet:-1","max-image-preview":"max-image-preview:large","max-video-preview":"max-video-preview:-1"},"canonical":"https:\/\/abaa.mx\/tienda\/detector-de-fugas-de-gas-combustible-50ppm-gd3300\/","og_locale":"es_MX","og_type":"article","og_title":"Detector de Fugas de Gas Combustible 50ppm - GD3300 - Abaa tienda online","og_description":"Aplica para los siguientes gases:   Mon\u00f3xido de carbono (detecci\u00f3n solamente, no para cuantificar).  Gas Natural.  Gas Licuado.  Sulfuro de hidr\u00f3geno (H2S).  Solventes industriales.  Propano (LP).  Adelgazador para laca (Thinner).  Caracter\u00edsticas:   Puede conectar un aud\u00edfono en el CM-GD3300 para operarlo en \u00e1reas con altos niveles de ruido ambiental.  F\u00e1cil de usar, operaci\u00f3n con una sola mano le permite usar el pulgar para seleccionar la sensibilidad en el indicador.  Opera con una bomba ajustable.  Se puede ajustar para diferentes concentraciones o gases.  Detecta todas las fugas de gas combustible, incluso fugas peque\u00f1as.  La frecuencia del pulso sonoro en el instrumento se acelera cuando la punta del sensor se acerca a una fuga.  Sensor de estado s\u00f3lido.  Altamente sensible y confiable.  Alarma visible y audible a 10% LEL.","og_url":"https:\/\/abaa.mx\/tienda\/detector-de-fugas-de-gas-combustible-50ppm-gd3300\/","og_site_name":"Abaa tienda online","article_modified_time":"2023-12-04T16:29:27+00:00","og_image":[{"width":282,"height":437,"url":"https:\/\/abaa.mx\/tienda\/wp-content\/uploads\/2023\/12\/CEM-METERS-GD3300.jpg","type":"image\/jpeg"}],"twitter_card":"summary_large_image","twitter_misc":{"Tiempo de lectura":"1 minuto"},"schema":{"@context":"https:\/\/schema.org","@graph":[{"@type":"WebPage","@id":"https:\/\/abaa.mx\/tienda\/detector-de-fugas-de-gas-combustible-50ppm-gd3300\/","url":"https:\/\/abaa.mx\/tienda\/detector-de-fugas-de-gas-combustible-50ppm-gd3300\/","name":"Detector de Fugas de Gas Combustible 50ppm - GD3300 - Abaa tienda online","isPartOf":{"@id":"https:\/\/abaa.mx\/tienda\/#website"},"primaryImageOfPage":{"@id":"https:\/\/abaa.mx\/tienda\/detector-de-fugas-de-gas-combustible-50ppm-gd3300\/#primaryimage"},"image":{"@id":"https:\/\/abaa.mx\/tienda\/detector-de-fugas-de-gas-combustible-50ppm-gd3300\/#primaryimage"},"thumbnailUrl":"https:\/\/abaa.mx\/tienda\/wp-content\/uploads\/2023\/12\/CEM-METERS-GD3300.jpg","datePublished":"2023-12-04T16:29:26+00:00","dateModified":"2023-12-04T16:29:27+00:00","breadcrumb":{"@id":"https:\/\/abaa.mx\/tienda\/detector-de-fugas-de-gas-combustible-50ppm-gd3300\/#breadcrumb"},"inLanguage":"es","potentialAction":[{"@type":"ReadAction","target":["https:\/\/abaa.mx\/tienda\/detector-de-fugas-de-gas-combustible-50ppm-gd3300\/"]}]},{"@type":"ImageObject","inLanguage":"es","@id":"https:\/\/abaa.mx\/tienda\/detector-de-fugas-de-gas-combustible-50ppm-gd3300\/#primaryimage","url":"https:\/\/abaa.mx\/tienda\/wp-content\/uploads\/2023\/12\/CEM-METERS-GD3300.jpg","contentUrl":"https:\/\/abaa.mx\/tienda\/wp-content\/uploads\/2023\/12\/CEM-METERS-GD3300.jpg","width":282,"height":437,"caption":"CEM METERS-GD3300"},{"@type":"BreadcrumbList","@id":"https:\/\/abaa.mx\/tienda\/detector-de-fugas-de-gas-combustible-50ppm-gd3300\/#breadcrumb","itemListElement":[{"@type":"ListItem","position":1,"name":"Inicio","item":"https:\/\/abaa.mx\/tienda\/"},{"@type":"ListItem","position":2,"name":"Tienda","item":"https:\/\/abaa.mx\/tienda\/"},{"@type":"ListItem","position":3,"name":"Detector de Fugas de Gas Combustible 50ppm &#8211; GD3300"}]},{"@type":"WebSite","@id":"https:\/\/abaa.mx\/tienda\/#website","url":"https:\/\/abaa.mx\/tienda\/","name":"Abaa tienda online","description":"Instrumentos de medici\u00f3n","publisher":{"@id":"https:\/\/abaa.mx\/tienda\/#organization"},"potentialAction":[{"@type":"SearchAction","target":{"@type":"EntryPoint","urlTemplate":"https:\/\/abaa.mx\/tienda\/?s={search_term_string}"},"query-input":{"@type":"PropertyValueSpecification","valueRequired":true,"valueName":"search_term_string"}}],"inLanguage":"es"},{"@type":"Organization","@id":"https:\/\/abaa.mx\/tienda\/#organization","name":"Abaa tienda online","url":"https:\/\/abaa.mx\/tienda\/","logo":{"@type":"ImageObject","inLanguage":"es","@id":"https:\/\/abaa.mx\/tienda\/#\/schema\/logo\/image\/","url":"https:\/\/abaa.mx\/tienda\/wp-content\/uploads\/2024\/01\/abaa-metrologia-tienda.png","contentUrl":"https:\/\/abaa.mx\/tienda\/wp-content\/uploads\/2024\/01\/abaa-metrologia-tienda.png","width":300,"height":141,"caption":"Abaa tienda online"},"image":{"@id":"https:\/\/abaa.mx\/tienda\/#\/schema\/logo\/image\/"}}]}},"_links":{"self":[{"href":"https:\/\/abaa.mx\/tienda\/wp-json\/wp\/v2\/product\/9578","targetHints":{"allow":["GET"]}}],"collection":[{"href":"https:\/\/abaa.mx\/tienda\/wp-json\/wp\/v2\/product"}],"about":[{"href":"https:\/\/abaa.mx\/tienda\/wp-json\/wp\/v2\/types\/product"}],"replies":[{"embeddable":true,"href":"https:\/\/abaa.mx\/tienda\/wp-json\/wp\/v2\/comments?post=9578"}],"wp:featuredmedia":[{"embeddable":true,"href":"https:\/\/abaa.mx\/tienda\/wp-json\/wp\/v2\/media\/9579"}],"wp:attachment":[{"href":"https:\/\/abaa.mx\/tienda\/wp-json\/wp\/v2\/media?parent=9578"}],"wp:term":[{"taxonomy":"product_brand","embeddable":true,"href":"https:\/\/abaa.mx\/tienda\/wp-json\/wp\/v2\/product_brand?post=9578"},{"taxonomy":"product_cat","embeddable":true,"href":"https:\/\/abaa.mx\/tienda\/wp-json\/wp\/v2\/product_cat?post=9578"},{"taxonomy":"product_tag","embeddable":true,"href":"https:\/\/abaa.mx\/tienda\/wp-json\/wp\/v2\/product_tag?post=9578"}],"curies":[{"name":"wp","href":"https:\/\/api.w.org\/{rel}","templated":true}]}}