{"id":9567,"date":"2023-12-04T14:48:24","date_gmt":"2023-12-04T14:48:24","guid":{"rendered":"https:\/\/abaa.mx\/tienda\/?post_type=product&#038;p=9567"},"modified":"2025-08-08T18:21:11","modified_gmt":"2025-08-08T18:21:11","slug":"kit-de-inspeccion-positector-6000-f3","status":"publish","type":"product","link":"https:\/\/abaa.mx\/tienda\/kit-de-inspeccion-positector-6000-f3\/","title":{"rendered":"Kit de Inspecci\u00f3n Positector 6000 F3"},"content":{"rendered":"<p>Kit de Inspecci\u00f3n Positector 6000 F3.<\/p>\n","protected":false},"excerpt":{"rendered":"<p><strong><b>Contenido est\u00e1ndar de los Kits:<\/b><\/strong><\/p>\n<ul>\n<li>Placas de calibraci\u00f3n para perfil de anclaje: 1 pza. Placa de vidrio (zero plate) y 1 pza. placa met\u00e1lica.<\/li>\n<li>Malet\u00edn de Pl\u00e1stico R\u00edgido, pl\u00e1stico protector de pantalla.<\/li>\n<li>Unidad procesadora (body) Est\u00e1ndar o Avanzado 1, pieza (a elegir).<\/li>\n<li>Funda protectora de hule (1pza.), Clip para cintur\u00f3n (1pza.) y correa de mano (1pza.)<\/li>\n<li>Certificados de Calibraci\u00f3n Trazables ante el NIST.<\/li>\n<li>Sonda para medir Espesor de Recubrimiento en pel\u00edcula seca (1 pieza a elegir).<\/li>\n<li>Sonda para medir Perfil de Anclaje (DF-SPG, 1 pza.)<\/li>\n<li>Laminillas de Pl\u00e1stico de Precisi\u00f3n (no certificadas, 1 juego de 5 lainas).<\/li>\n<li>Cable USB y garant\u00eda de 2 a\u00f1os (para cada una de las sondas y el procesador).<\/li>\n<li>Sonda para medir Punto de Roc\u00edo (DF-DPMS, 1 pza.)<\/li>\n<li>Instructivos (3 piezas, Positector 6000, PosiTector DPM, Positector SPG).<\/li>\n<li>Pilas Alcalinas tipo \u201cAAA de 1.5V\u201d (3 piezas.)<\/li>\n<\/ul>\n","protected":false},"featured_media":9568,"comment_status":"open","ping_status":"closed","template":"","meta":{"_joinchat":[]},"product_brand":[],"product_cat":[15],"product_tag":[],"class_list":{"0":"post-9567","1":"product","2":"type-product","3":"status-publish","4":"has-post-thumbnail","6":"product_cat-sin-categorizar","8":"first","9":"instock","10":"shipping-taxable","11":"product-type-simple"},"yoast_head":"<!-- This site is optimized with the Yoast SEO plugin v26.4 - https:\/\/yoast.com\/wordpress\/plugins\/seo\/ -->\n<title>Kit de Inspecci\u00f3n Positector 6000 F3 - Abaa tienda online<\/title>\n<meta name=\"robots\" content=\"index, follow, max-snippet:-1, max-image-preview:large, max-video-preview:-1\" \/>\n<link rel=\"canonical\" href=\"https:\/\/abaa.mx\/tienda\/kit-de-inspeccion-positector-6000-f3\/\" \/>\n<meta property=\"og:locale\" content=\"es_MX\" \/>\n<meta property=\"og:type\" content=\"article\" \/>\n<meta property=\"og:title\" content=\"Kit de Inspecci\u00f3n Positector 6000 F3 - Abaa tienda online\" \/>\n<meta property=\"og:description\" content=\"Contenido est\u00e1ndar de los Kits:   Placas de calibraci\u00f3n para perfil de anclaje: 1 pza. Placa de vidrio (zero plate) y 1 pza. placa met\u00e1lica.  Malet\u00edn de Pl\u00e1stico R\u00edgido, pl\u00e1stico protector de pantalla.  Unidad procesadora (body) Est\u00e1ndar o Avanzado 1, pieza (a elegir).  Funda protectora de hule (1pza.), Clip para cintur\u00f3n (1pza.) y correa de mano (1pza.)  Certificados de Calibraci\u00f3n Trazables ante el NIST.  Sonda para medir Espesor de Recubrimiento en pel\u00edcula seca (1 pieza a elegir).  Sonda para medir Perfil de Anclaje (DF-SPG, 1 pza.)  Laminillas de Pl\u00e1stico de Precisi\u00f3n (no certificadas, 1 juego de 5 lainas).  Cable USB y garant\u00eda de 2 a\u00f1os (para cada una de las sondas y el procesador).  Sonda para medir Punto de Roc\u00edo (DF-DPMS, 1 pza.)  Instructivos (3 piezas, Positector 6000, PosiTector DPM, Positector SPG).  Pilas Alcalinas tipo \u201cAAA de 1.5V\u201d (3 piezas.)\" \/>\n<meta property=\"og:url\" content=\"https:\/\/abaa.mx\/tienda\/kit-de-inspeccion-positector-6000-f3\/\" \/>\n<meta property=\"og:site_name\" content=\"Abaa tienda online\" \/>\n<meta property=\"article:modified_time\" content=\"2025-08-08T18:21:11+00:00\" \/>\n<meta property=\"og:image\" content=\"https:\/\/abaa.mx\/tienda\/wp-content\/uploads\/2023\/12\/POSITECTOR-6000-F3.jpg\" \/>\n\t<meta property=\"og:image:width\" content=\"472\" \/>\n\t<meta property=\"og:image:height\" content=\"300\" \/>\n\t<meta property=\"og:image:type\" content=\"image\/jpeg\" \/>\n<meta name=\"twitter:card\" content=\"summary_large_image\" \/>\n<meta name=\"twitter:label1\" content=\"Tiempo de lectura\" \/>\n\t<meta name=\"twitter:data1\" content=\"1 minuto\" \/>\n<script type=\"application\/ld+json\" class=\"yoast-schema-graph\">{\"@context\":\"https:\/\/schema.org\",\"@graph\":[{\"@type\":\"WebPage\",\"@id\":\"https:\/\/abaa.mx\/tienda\/kit-de-inspeccion-positector-6000-f3\/\",\"url\":\"https:\/\/abaa.mx\/tienda\/kit-de-inspeccion-positector-6000-f3\/\",\"name\":\"Kit de Inspecci\u00f3n Positector 6000 F3 - Abaa tienda online\",\"isPartOf\":{\"@id\":\"https:\/\/abaa.mx\/tienda\/#website\"},\"primaryImageOfPage\":{\"@id\":\"https:\/\/abaa.mx\/tienda\/kit-de-inspeccion-positector-6000-f3\/#primaryimage\"},\"image\":{\"@id\":\"https:\/\/abaa.mx\/tienda\/kit-de-inspeccion-positector-6000-f3\/#primaryimage\"},\"thumbnailUrl\":\"https:\/\/abaa.mx\/tienda\/wp-content\/uploads\/2023\/12\/POSITECTOR-6000-F3.jpg\",\"datePublished\":\"2023-12-04T14:48:24+00:00\",\"dateModified\":\"2025-08-08T18:21:11+00:00\",\"breadcrumb\":{\"@id\":\"https:\/\/abaa.mx\/tienda\/kit-de-inspeccion-positector-6000-f3\/#breadcrumb\"},\"inLanguage\":\"es\",\"potentialAction\":[{\"@type\":\"ReadAction\",\"target\":[\"https:\/\/abaa.mx\/tienda\/kit-de-inspeccion-positector-6000-f3\/\"]}]},{\"@type\":\"ImageObject\",\"inLanguage\":\"es\",\"@id\":\"https:\/\/abaa.mx\/tienda\/kit-de-inspeccion-positector-6000-f3\/#primaryimage\",\"url\":\"https:\/\/abaa.mx\/tienda\/wp-content\/uploads\/2023\/12\/POSITECTOR-6000-F3.jpg\",\"contentUrl\":\"https:\/\/abaa.mx\/tienda\/wp-content\/uploads\/2023\/12\/POSITECTOR-6000-F3.jpg\",\"width\":472,\"height\":300,\"caption\":\"POSITECTOR-6000 F3\"},{\"@type\":\"BreadcrumbList\",\"@id\":\"https:\/\/abaa.mx\/tienda\/kit-de-inspeccion-positector-6000-f3\/#breadcrumb\",\"itemListElement\":[{\"@type\":\"ListItem\",\"position\":1,\"name\":\"Inicio\",\"item\":\"https:\/\/abaa.mx\/tienda\/\"},{\"@type\":\"ListItem\",\"position\":2,\"name\":\"Tienda\",\"item\":\"https:\/\/abaa.mx\/tienda\/\"},{\"@type\":\"ListItem\",\"position\":3,\"name\":\"Kit de Inspecci\u00f3n Positector 6000 F3\"}]},{\"@type\":\"WebSite\",\"@id\":\"https:\/\/abaa.mx\/tienda\/#website\",\"url\":\"https:\/\/abaa.mx\/tienda\/\",\"name\":\"Abaa tienda online\",\"description\":\"Instrumentos de medici\u00f3n\",\"publisher\":{\"@id\":\"https:\/\/abaa.mx\/tienda\/#organization\"},\"potentialAction\":[{\"@type\":\"SearchAction\",\"target\":{\"@type\":\"EntryPoint\",\"urlTemplate\":\"https:\/\/abaa.mx\/tienda\/?s={search_term_string}\"},\"query-input\":{\"@type\":\"PropertyValueSpecification\",\"valueRequired\":true,\"valueName\":\"search_term_string\"}}],\"inLanguage\":\"es\"},{\"@type\":\"Organization\",\"@id\":\"https:\/\/abaa.mx\/tienda\/#organization\",\"name\":\"Abaa tienda online\",\"url\":\"https:\/\/abaa.mx\/tienda\/\",\"logo\":{\"@type\":\"ImageObject\",\"inLanguage\":\"es\",\"@id\":\"https:\/\/abaa.mx\/tienda\/#\/schema\/logo\/image\/\",\"url\":\"https:\/\/abaa.mx\/tienda\/wp-content\/uploads\/2024\/01\/abaa-metrologia-tienda.png\",\"contentUrl\":\"https:\/\/abaa.mx\/tienda\/wp-content\/uploads\/2024\/01\/abaa-metrologia-tienda.png\",\"width\":300,\"height\":141,\"caption\":\"Abaa tienda online\"},\"image\":{\"@id\":\"https:\/\/abaa.mx\/tienda\/#\/schema\/logo\/image\/\"}}]}<\/script>\n<!-- \/ Yoast SEO plugin. -->","yoast_head_json":{"title":"Kit de Inspecci\u00f3n Positector 6000 F3 - Abaa tienda online","robots":{"index":"index","follow":"follow","max-snippet":"max-snippet:-1","max-image-preview":"max-image-preview:large","max-video-preview":"max-video-preview:-1"},"canonical":"https:\/\/abaa.mx\/tienda\/kit-de-inspeccion-positector-6000-f3\/","og_locale":"es_MX","og_type":"article","og_title":"Kit de Inspecci\u00f3n Positector 6000 F3 - Abaa tienda online","og_description":"Contenido est\u00e1ndar de los Kits:   Placas de calibraci\u00f3n para perfil de anclaje: 1 pza. Placa de vidrio (zero plate) y 1 pza. placa met\u00e1lica.  Malet\u00edn de Pl\u00e1stico R\u00edgido, pl\u00e1stico protector de pantalla.  Unidad procesadora (body) Est\u00e1ndar o Avanzado 1, pieza (a elegir).  Funda protectora de hule (1pza.), Clip para cintur\u00f3n (1pza.) y correa de mano (1pza.)  Certificados de Calibraci\u00f3n Trazables ante el NIST.  Sonda para medir Espesor de Recubrimiento en pel\u00edcula seca (1 pieza a elegir).  Sonda para medir Perfil de Anclaje (DF-SPG, 1 pza.)  Laminillas de Pl\u00e1stico de Precisi\u00f3n (no certificadas, 1 juego de 5 lainas).  Cable USB y garant\u00eda de 2 a\u00f1os (para cada una de las sondas y el procesador).  Sonda para medir Punto de Roc\u00edo (DF-DPMS, 1 pza.)  Instructivos (3 piezas, Positector 6000, PosiTector DPM, Positector SPG).  Pilas Alcalinas tipo \u201cAAA de 1.5V\u201d (3 piezas.)","og_url":"https:\/\/abaa.mx\/tienda\/kit-de-inspeccion-positector-6000-f3\/","og_site_name":"Abaa tienda online","article_modified_time":"2025-08-08T18:21:11+00:00","og_image":[{"width":472,"height":300,"url":"https:\/\/abaa.mx\/tienda\/wp-content\/uploads\/2023\/12\/POSITECTOR-6000-F3.jpg","type":"image\/jpeg"}],"twitter_card":"summary_large_image","twitter_misc":{"Tiempo de lectura":"1 minuto"},"schema":{"@context":"https:\/\/schema.org","@graph":[{"@type":"WebPage","@id":"https:\/\/abaa.mx\/tienda\/kit-de-inspeccion-positector-6000-f3\/","url":"https:\/\/abaa.mx\/tienda\/kit-de-inspeccion-positector-6000-f3\/","name":"Kit de Inspecci\u00f3n Positector 6000 F3 - Abaa tienda online","isPartOf":{"@id":"https:\/\/abaa.mx\/tienda\/#website"},"primaryImageOfPage":{"@id":"https:\/\/abaa.mx\/tienda\/kit-de-inspeccion-positector-6000-f3\/#primaryimage"},"image":{"@id":"https:\/\/abaa.mx\/tienda\/kit-de-inspeccion-positector-6000-f3\/#primaryimage"},"thumbnailUrl":"https:\/\/abaa.mx\/tienda\/wp-content\/uploads\/2023\/12\/POSITECTOR-6000-F3.jpg","datePublished":"2023-12-04T14:48:24+00:00","dateModified":"2025-08-08T18:21:11+00:00","breadcrumb":{"@id":"https:\/\/abaa.mx\/tienda\/kit-de-inspeccion-positector-6000-f3\/#breadcrumb"},"inLanguage":"es","potentialAction":[{"@type":"ReadAction","target":["https:\/\/abaa.mx\/tienda\/kit-de-inspeccion-positector-6000-f3\/"]}]},{"@type":"ImageObject","inLanguage":"es","@id":"https:\/\/abaa.mx\/tienda\/kit-de-inspeccion-positector-6000-f3\/#primaryimage","url":"https:\/\/abaa.mx\/tienda\/wp-content\/uploads\/2023\/12\/POSITECTOR-6000-F3.jpg","contentUrl":"https:\/\/abaa.mx\/tienda\/wp-content\/uploads\/2023\/12\/POSITECTOR-6000-F3.jpg","width":472,"height":300,"caption":"POSITECTOR-6000 F3"},{"@type":"BreadcrumbList","@id":"https:\/\/abaa.mx\/tienda\/kit-de-inspeccion-positector-6000-f3\/#breadcrumb","itemListElement":[{"@type":"ListItem","position":1,"name":"Inicio","item":"https:\/\/abaa.mx\/tienda\/"},{"@type":"ListItem","position":2,"name":"Tienda","item":"https:\/\/abaa.mx\/tienda\/"},{"@type":"ListItem","position":3,"name":"Kit de Inspecci\u00f3n Positector 6000 F3"}]},{"@type":"WebSite","@id":"https:\/\/abaa.mx\/tienda\/#website","url":"https:\/\/abaa.mx\/tienda\/","name":"Abaa tienda online","description":"Instrumentos de medici\u00f3n","publisher":{"@id":"https:\/\/abaa.mx\/tienda\/#organization"},"potentialAction":[{"@type":"SearchAction","target":{"@type":"EntryPoint","urlTemplate":"https:\/\/abaa.mx\/tienda\/?s={search_term_string}"},"query-input":{"@type":"PropertyValueSpecification","valueRequired":true,"valueName":"search_term_string"}}],"inLanguage":"es"},{"@type":"Organization","@id":"https:\/\/abaa.mx\/tienda\/#organization","name":"Abaa tienda online","url":"https:\/\/abaa.mx\/tienda\/","logo":{"@type":"ImageObject","inLanguage":"es","@id":"https:\/\/abaa.mx\/tienda\/#\/schema\/logo\/image\/","url":"https:\/\/abaa.mx\/tienda\/wp-content\/uploads\/2024\/01\/abaa-metrologia-tienda.png","contentUrl":"https:\/\/abaa.mx\/tienda\/wp-content\/uploads\/2024\/01\/abaa-metrologia-tienda.png","width":300,"height":141,"caption":"Abaa tienda online"},"image":{"@id":"https:\/\/abaa.mx\/tienda\/#\/schema\/logo\/image\/"}}]}},"_links":{"self":[{"href":"https:\/\/abaa.mx\/tienda\/wp-json\/wp\/v2\/product\/9567","targetHints":{"allow":["GET"]}}],"collection":[{"href":"https:\/\/abaa.mx\/tienda\/wp-json\/wp\/v2\/product"}],"about":[{"href":"https:\/\/abaa.mx\/tienda\/wp-json\/wp\/v2\/types\/product"}],"replies":[{"embeddable":true,"href":"https:\/\/abaa.mx\/tienda\/wp-json\/wp\/v2\/comments?post=9567"}],"wp:featuredmedia":[{"embeddable":true,"href":"https:\/\/abaa.mx\/tienda\/wp-json\/wp\/v2\/media\/9568"}],"wp:attachment":[{"href":"https:\/\/abaa.mx\/tienda\/wp-json\/wp\/v2\/media?parent=9567"}],"wp:term":[{"taxonomy":"product_brand","embeddable":true,"href":"https:\/\/abaa.mx\/tienda\/wp-json\/wp\/v2\/product_brand?post=9567"},{"taxonomy":"product_cat","embeddable":true,"href":"https:\/\/abaa.mx\/tienda\/wp-json\/wp\/v2\/product_cat?post=9567"},{"taxonomy":"product_tag","embeddable":true,"href":"https:\/\/abaa.mx\/tienda\/wp-json\/wp\/v2\/product_tag?post=9567"}],"curies":[{"name":"wp","href":"https:\/\/api.w.org\/{rel}","templated":true}]}}