{"id":9562,"date":"2023-12-01T20:57:03","date_gmt":"2023-12-01T20:57:03","guid":{"rendered":"https:\/\/abaa.mx\/tienda\/?post_type=product&#038;p=9562"},"modified":"2023-12-01T20:57:03","modified_gmt":"2023-12-01T20:57:03","slug":"kit-inspeccion-de-pintura","status":"publish","type":"product","link":"https:\/\/abaa.mx\/tienda\/kit-inspeccion-de-pintura\/","title":{"rendered":"Kit Inspecci\u00f3n de pintura"},"content":{"rendered":"<p>Kit Inspecci\u00f3n de pintura.<\/p>\n","protected":false},"excerpt":{"rendered":"<p><b>Kit para Inspecci\u00f3n de Pintura:<\/b><\/p>\n<p>El kit avanzado de inspeccion de pintura TWI-KA es una selecci\u00f2n de equipos de medicion dirigidos a los trabajos de inspeccion de revestimientos. Con estos instrumentos se puede inspeccionar el perfil de anclaje, las condiciones ambientales , el espesor del revestimiento , la adherencia y porosidad del recubrimiento.<\/p>\n<p><b>Incluye los siguientes equipos:<\/b><\/p>\n<ul>\n<li>DF-ATM:PosiTest AT Hidr\u00e1ulico, Dolly 20, M\u00e9todo Pull-Off de Adherencia, DeFelsko.<\/li>\n<li>DF-DPM1E: Positector Dew Point Meter, Estandar, Temp. Aire y Superficie -40 a 80\u00baC, Humedad 0 a 100%, DeFelsk.<\/li>\n<li>DF-F1: PosiTector 6000 F1 Ferroso, Estandar, 0-60mils, DeFelsko.<\/li>\n<li>DF-NWFG20: Nordson en Acero Inoxidable, 0.5 a 20 mils, Nordson.<\/li>\n<li>PT-AR8603: Kit de Adherencia con Navaja 2 mm, Precision Gage and Tools.<\/li>\n<li>PW-789: Medidor de Porosidad, Metodo Esponja Mojada, PCWI.<\/li>\n<li>TX-COARSE: Cinta Press-o-Film, Coarse 0.8 a 2.5 mils, Testex.<\/li>\n<li>TX-TX: Medidor de Perfil de Superficie, sin cintas, Testex.<\/li>\n<li>TX-XCoarse: Cinta Press-o-Film, X-Coarse 1.5 to 4.5 mils, Testex.<\/li>\n<\/ul>\n<p>&nbsp;<\/p>\n<p>&nbsp;<\/p>\n","protected":false},"featured_media":9563,"comment_status":"open","ping_status":"closed","template":"","meta":{"_joinchat":[]},"product_brand":[],"product_cat":[15],"product_tag":[],"class_list":{"0":"post-9562","1":"product","2":"type-product","3":"status-publish","4":"has-post-thumbnail","6":"product_cat-sin-categorizar","8":"first","9":"instock","10":"shipping-taxable","11":"product-type-simple"},"yoast_head":"<!-- This site is optimized with the Yoast SEO plugin v26.4 - https:\/\/yoast.com\/wordpress\/plugins\/seo\/ -->\n<title>Kit Inspecci\u00f3n de pintura - Abaa tienda online<\/title>\n<meta name=\"robots\" content=\"index, follow, max-snippet:-1, max-image-preview:large, max-video-preview:-1\" \/>\n<link rel=\"canonical\" href=\"https:\/\/abaa.mx\/tienda\/kit-inspeccion-de-pintura\/\" \/>\n<meta property=\"og:locale\" content=\"es_MX\" \/>\n<meta property=\"og:type\" content=\"article\" \/>\n<meta property=\"og:title\" content=\"Kit Inspecci\u00f3n de pintura - Abaa tienda online\" \/>\n<meta property=\"og:description\" content=\"Kit para Inspecci\u00f3n de Pintura:  El kit avanzado de inspeccion de pintura TWI-KA es una selecci\u00f2n de equipos de medicion dirigidos a los trabajos de inspeccion de revestimientos. Con estos instrumentos se puede inspeccionar el perfil de anclaje, las condiciones ambientales , el espesor del revestimiento , la adherencia y porosidad del recubrimiento.  Incluye los siguientes equipos:   DF-ATM:PosiTest AT Hidr\u00e1ulico, Dolly 20, M\u00e9todo Pull-Off de Adherencia, DeFelsko.  DF-DPM1E: Positector Dew Point Meter, Estandar, Temp. Aire y Superficie -40 a 80\u00baC, Humedad 0 a 100%, DeFelsk.  DF-F1: PosiTector 6000 F1 Ferroso, Estandar, 0-60mils, DeFelsko.  DF-NWFG20: Nordson en Acero Inoxidable, 0.5 a 20 mils, Nordson.  PT-AR8603: Kit de Adherencia con Navaja 2 mm, Precision Gage and Tools.  PW-789: Medidor de Porosidad, Metodo Esponja Mojada, PCWI.  TX-COARSE: Cinta Press-o-Film, Coarse 0.8 a 2.5 mils, Testex.  TX-TX: Medidor de Perfil de Superficie, sin cintas, Testex.  TX-XCoarse: Cinta Press-o-Film, X-Coarse 1.5 to 4.5 mils, Testex.  &nbsp;  &nbsp;\" \/>\n<meta property=\"og:url\" content=\"https:\/\/abaa.mx\/tienda\/kit-inspeccion-de-pintura\/\" \/>\n<meta property=\"og:site_name\" content=\"Abaa tienda online\" \/>\n<meta property=\"og:image\" content=\"https:\/\/abaa.mx\/tienda\/wp-content\/uploads\/2023\/12\/POSITECTOR-KIT-PINTURA.jpg\" \/>\n\t<meta property=\"og:image:width\" content=\"427\" \/>\n\t<meta property=\"og:image:height\" content=\"343\" \/>\n\t<meta property=\"og:image:type\" content=\"image\/jpeg\" \/>\n<meta name=\"twitter:card\" content=\"summary_large_image\" \/>\n<meta name=\"twitter:label1\" content=\"Tiempo de lectura\" \/>\n\t<meta name=\"twitter:data1\" content=\"1 minuto\" \/>\n<script type=\"application\/ld+json\" class=\"yoast-schema-graph\">{\"@context\":\"https:\/\/schema.org\",\"@graph\":[{\"@type\":\"WebPage\",\"@id\":\"https:\/\/abaa.mx\/tienda\/kit-inspeccion-de-pintura\/\",\"url\":\"https:\/\/abaa.mx\/tienda\/kit-inspeccion-de-pintura\/\",\"name\":\"Kit Inspecci\u00f3n de pintura - Abaa tienda online\",\"isPartOf\":{\"@id\":\"https:\/\/abaa.mx\/tienda\/#website\"},\"primaryImageOfPage\":{\"@id\":\"https:\/\/abaa.mx\/tienda\/kit-inspeccion-de-pintura\/#primaryimage\"},\"image\":{\"@id\":\"https:\/\/abaa.mx\/tienda\/kit-inspeccion-de-pintura\/#primaryimage\"},\"thumbnailUrl\":\"https:\/\/abaa.mx\/tienda\/wp-content\/uploads\/2023\/12\/POSITECTOR-KIT-PINTURA.jpg\",\"datePublished\":\"2023-12-01T20:57:03+00:00\",\"breadcrumb\":{\"@id\":\"https:\/\/abaa.mx\/tienda\/kit-inspeccion-de-pintura\/#breadcrumb\"},\"inLanguage\":\"es\",\"potentialAction\":[{\"@type\":\"ReadAction\",\"target\":[\"https:\/\/abaa.mx\/tienda\/kit-inspeccion-de-pintura\/\"]}]},{\"@type\":\"ImageObject\",\"inLanguage\":\"es\",\"@id\":\"https:\/\/abaa.mx\/tienda\/kit-inspeccion-de-pintura\/#primaryimage\",\"url\":\"https:\/\/abaa.mx\/tienda\/wp-content\/uploads\/2023\/12\/POSITECTOR-KIT-PINTURA.jpg\",\"contentUrl\":\"https:\/\/abaa.mx\/tienda\/wp-content\/uploads\/2023\/12\/POSITECTOR-KIT-PINTURA.jpg\",\"width\":427,\"height\":343,\"caption\":\"POSITECTOR- KIT PINTURA\"},{\"@type\":\"BreadcrumbList\",\"@id\":\"https:\/\/abaa.mx\/tienda\/kit-inspeccion-de-pintura\/#breadcrumb\",\"itemListElement\":[{\"@type\":\"ListItem\",\"position\":1,\"name\":\"Inicio\",\"item\":\"https:\/\/abaa.mx\/tienda\/\"},{\"@type\":\"ListItem\",\"position\":2,\"name\":\"Tienda\",\"item\":\"https:\/\/abaa.mx\/tienda\/\"},{\"@type\":\"ListItem\",\"position\":3,\"name\":\"Kit Inspecci\u00f3n de pintura\"}]},{\"@type\":\"WebSite\",\"@id\":\"https:\/\/abaa.mx\/tienda\/#website\",\"url\":\"https:\/\/abaa.mx\/tienda\/\",\"name\":\"Abaa tienda online\",\"description\":\"Instrumentos de medici\u00f3n\",\"publisher\":{\"@id\":\"https:\/\/abaa.mx\/tienda\/#organization\"},\"potentialAction\":[{\"@type\":\"SearchAction\",\"target\":{\"@type\":\"EntryPoint\",\"urlTemplate\":\"https:\/\/abaa.mx\/tienda\/?s={search_term_string}\"},\"query-input\":{\"@type\":\"PropertyValueSpecification\",\"valueRequired\":true,\"valueName\":\"search_term_string\"}}],\"inLanguage\":\"es\"},{\"@type\":\"Organization\",\"@id\":\"https:\/\/abaa.mx\/tienda\/#organization\",\"name\":\"Abaa tienda online\",\"url\":\"https:\/\/abaa.mx\/tienda\/\",\"logo\":{\"@type\":\"ImageObject\",\"inLanguage\":\"es\",\"@id\":\"https:\/\/abaa.mx\/tienda\/#\/schema\/logo\/image\/\",\"url\":\"https:\/\/abaa.mx\/tienda\/wp-content\/uploads\/2024\/01\/abaa-metrologia-tienda.png\",\"contentUrl\":\"https:\/\/abaa.mx\/tienda\/wp-content\/uploads\/2024\/01\/abaa-metrologia-tienda.png\",\"width\":300,\"height\":141,\"caption\":\"Abaa tienda online\"},\"image\":{\"@id\":\"https:\/\/abaa.mx\/tienda\/#\/schema\/logo\/image\/\"}}]}<\/script>\n<!-- \/ Yoast SEO plugin. -->","yoast_head_json":{"title":"Kit Inspecci\u00f3n de pintura - Abaa tienda online","robots":{"index":"index","follow":"follow","max-snippet":"max-snippet:-1","max-image-preview":"max-image-preview:large","max-video-preview":"max-video-preview:-1"},"canonical":"https:\/\/abaa.mx\/tienda\/kit-inspeccion-de-pintura\/","og_locale":"es_MX","og_type":"article","og_title":"Kit Inspecci\u00f3n de pintura - Abaa tienda online","og_description":"Kit para Inspecci\u00f3n de Pintura:  El kit avanzado de inspeccion de pintura TWI-KA es una selecci\u00f2n de equipos de medicion dirigidos a los trabajos de inspeccion de revestimientos. Con estos instrumentos se puede inspeccionar el perfil de anclaje, las condiciones ambientales , el espesor del revestimiento , la adherencia y porosidad del recubrimiento.  Incluye los siguientes equipos:   DF-ATM:PosiTest AT Hidr\u00e1ulico, Dolly 20, M\u00e9todo Pull-Off de Adherencia, DeFelsko.  DF-DPM1E: Positector Dew Point Meter, Estandar, Temp. Aire y Superficie -40 a 80\u00baC, Humedad 0 a 100%, DeFelsk.  DF-F1: PosiTector 6000 F1 Ferroso, Estandar, 0-60mils, DeFelsko.  DF-NWFG20: Nordson en Acero Inoxidable, 0.5 a 20 mils, Nordson.  PT-AR8603: Kit de Adherencia con Navaja 2 mm, Precision Gage and Tools.  PW-789: Medidor de Porosidad, Metodo Esponja Mojada, PCWI.  TX-COARSE: Cinta Press-o-Film, Coarse 0.8 a 2.5 mils, Testex.  TX-TX: Medidor de Perfil de Superficie, sin cintas, Testex.  TX-XCoarse: Cinta Press-o-Film, X-Coarse 1.5 to 4.5 mils, Testex.  &nbsp;  &nbsp;","og_url":"https:\/\/abaa.mx\/tienda\/kit-inspeccion-de-pintura\/","og_site_name":"Abaa tienda online","og_image":[{"width":427,"height":343,"url":"https:\/\/abaa.mx\/tienda\/wp-content\/uploads\/2023\/12\/POSITECTOR-KIT-PINTURA.jpg","type":"image\/jpeg"}],"twitter_card":"summary_large_image","twitter_misc":{"Tiempo de lectura":"1 minuto"},"schema":{"@context":"https:\/\/schema.org","@graph":[{"@type":"WebPage","@id":"https:\/\/abaa.mx\/tienda\/kit-inspeccion-de-pintura\/","url":"https:\/\/abaa.mx\/tienda\/kit-inspeccion-de-pintura\/","name":"Kit Inspecci\u00f3n de pintura - Abaa tienda online","isPartOf":{"@id":"https:\/\/abaa.mx\/tienda\/#website"},"primaryImageOfPage":{"@id":"https:\/\/abaa.mx\/tienda\/kit-inspeccion-de-pintura\/#primaryimage"},"image":{"@id":"https:\/\/abaa.mx\/tienda\/kit-inspeccion-de-pintura\/#primaryimage"},"thumbnailUrl":"https:\/\/abaa.mx\/tienda\/wp-content\/uploads\/2023\/12\/POSITECTOR-KIT-PINTURA.jpg","datePublished":"2023-12-01T20:57:03+00:00","breadcrumb":{"@id":"https:\/\/abaa.mx\/tienda\/kit-inspeccion-de-pintura\/#breadcrumb"},"inLanguage":"es","potentialAction":[{"@type":"ReadAction","target":["https:\/\/abaa.mx\/tienda\/kit-inspeccion-de-pintura\/"]}]},{"@type":"ImageObject","inLanguage":"es","@id":"https:\/\/abaa.mx\/tienda\/kit-inspeccion-de-pintura\/#primaryimage","url":"https:\/\/abaa.mx\/tienda\/wp-content\/uploads\/2023\/12\/POSITECTOR-KIT-PINTURA.jpg","contentUrl":"https:\/\/abaa.mx\/tienda\/wp-content\/uploads\/2023\/12\/POSITECTOR-KIT-PINTURA.jpg","width":427,"height":343,"caption":"POSITECTOR- KIT PINTURA"},{"@type":"BreadcrumbList","@id":"https:\/\/abaa.mx\/tienda\/kit-inspeccion-de-pintura\/#breadcrumb","itemListElement":[{"@type":"ListItem","position":1,"name":"Inicio","item":"https:\/\/abaa.mx\/tienda\/"},{"@type":"ListItem","position":2,"name":"Tienda","item":"https:\/\/abaa.mx\/tienda\/"},{"@type":"ListItem","position":3,"name":"Kit Inspecci\u00f3n de pintura"}]},{"@type":"WebSite","@id":"https:\/\/abaa.mx\/tienda\/#website","url":"https:\/\/abaa.mx\/tienda\/","name":"Abaa tienda online","description":"Instrumentos de medici\u00f3n","publisher":{"@id":"https:\/\/abaa.mx\/tienda\/#organization"},"potentialAction":[{"@type":"SearchAction","target":{"@type":"EntryPoint","urlTemplate":"https:\/\/abaa.mx\/tienda\/?s={search_term_string}"},"query-input":{"@type":"PropertyValueSpecification","valueRequired":true,"valueName":"search_term_string"}}],"inLanguage":"es"},{"@type":"Organization","@id":"https:\/\/abaa.mx\/tienda\/#organization","name":"Abaa tienda online","url":"https:\/\/abaa.mx\/tienda\/","logo":{"@type":"ImageObject","inLanguage":"es","@id":"https:\/\/abaa.mx\/tienda\/#\/schema\/logo\/image\/","url":"https:\/\/abaa.mx\/tienda\/wp-content\/uploads\/2024\/01\/abaa-metrologia-tienda.png","contentUrl":"https:\/\/abaa.mx\/tienda\/wp-content\/uploads\/2024\/01\/abaa-metrologia-tienda.png","width":300,"height":141,"caption":"Abaa tienda online"},"image":{"@id":"https:\/\/abaa.mx\/tienda\/#\/schema\/logo\/image\/"}}]}},"_links":{"self":[{"href":"https:\/\/abaa.mx\/tienda\/wp-json\/wp\/v2\/product\/9562","targetHints":{"allow":["GET"]}}],"collection":[{"href":"https:\/\/abaa.mx\/tienda\/wp-json\/wp\/v2\/product"}],"about":[{"href":"https:\/\/abaa.mx\/tienda\/wp-json\/wp\/v2\/types\/product"}],"replies":[{"embeddable":true,"href":"https:\/\/abaa.mx\/tienda\/wp-json\/wp\/v2\/comments?post=9562"}],"wp:featuredmedia":[{"embeddable":true,"href":"https:\/\/abaa.mx\/tienda\/wp-json\/wp\/v2\/media\/9563"}],"wp:attachment":[{"href":"https:\/\/abaa.mx\/tienda\/wp-json\/wp\/v2\/media?parent=9562"}],"wp:term":[{"taxonomy":"product_brand","embeddable":true,"href":"https:\/\/abaa.mx\/tienda\/wp-json\/wp\/v2\/product_brand?post=9562"},{"taxonomy":"product_cat","embeddable":true,"href":"https:\/\/abaa.mx\/tienda\/wp-json\/wp\/v2\/product_cat?post=9562"},{"taxonomy":"product_tag","embeddable":true,"href":"https:\/\/abaa.mx\/tienda\/wp-json\/wp\/v2\/product_tag?post=9562"}],"curies":[{"name":"wp","href":"https:\/\/api.w.org\/{rel}","templated":true}]}}