{"id":9559,"date":"2023-12-01T20:50:14","date_gmt":"2023-12-01T20:50:14","guid":{"rendered":"https:\/\/abaa.mx\/tienda\/?post_type=product&#038;p=9559"},"modified":"2023-12-01T20:50:14","modified_gmt":"2023-12-01T20:50:14","slug":"abrasimetro-digital-metodo-humedo-astm-d2486-bgd526-1","status":"publish","type":"product","link":"https:\/\/abaa.mx\/tienda\/abrasimetro-digital-metodo-humedo-astm-d2486-bgd526-1\/","title":{"rendered":"Abrasimetro Digital M\u00e9todo Humedo ASTM D2486 BGD526-1"},"content":{"rendered":"<p>Abrasimetro Digital M\u00e9todo Humedo ASTM D2486 BGD526-1.<\/p>\n","protected":false},"excerpt":{"rendered":"<h4><b>Caracter\u00edsticas:<\/b><\/h4>\n<p>La velocidad de funcionamiento puede satisfacer los requisitos de distintas normas.<br \/>\nCon un contador de cuatro d\u00edgitos, arranque la m\u00e1quina y se detendr\u00e1 de forma autom\u00e1tica cuando alcance los tiempos establecidos.<br \/>\nCompatible con una variedad de almohadillas de abrasi\u00f3n para realizar distintas est\u00e1ndares, como ISO, ASTM, DIN etc\u00e9tera.<br \/>\nR\u00e1pida y de manera f\u00e1cil para cargar y descargar muestras de prueba y sustituir la cabeza de abrasi\u00f3n.<br \/>\nPuede funcionar comunmente bajo diferentes voltajes y frecuencias<br \/>\nCon una velocidad de marcha estable y uniforme debido al dise\u00f1o de barra de empuje<br \/>\nDispone de 2 pinceles para pruebas paralelas<br \/>\nExtendida vida \u00fatil con dise\u00f1o duro y duradero<br \/>\nEl cuerpo entero de la m\u00e1quina se hace del aluminio anodizado, teniendo estado de trabajo permanente , desenlaces de prueba repetibles, ninguna salvedad incluso en la agilidad mucho m\u00e1s r\u00e1pida del movimiento.<br \/>\nCon el dise\u00f1o de la bomba perist\u00e1ltica, controlar el flu\u00eddo del medio de fregado con precisi\u00f3n.<\/p>\n<h4>Par\u00e1metros t\u00e9cnicos\u00a0:<\/h4>\n<ul>\n<li>\u00a0Peso del cepillo (incluido el cepillo de sujeci\u00f3n del dispositivo): 454\u00b110 g (ASTM D 2486); 135\u00b11 g (ISO 11998).<\/li>\n<li>Potencia: 110 V ~ 220 V; 50\/60 Hz.<\/li>\n<li>Rango de conteo\uff1a 0\uff5e9,999 veces.<\/li>\n<li>Especificaciones del cepillo: cerdas de nailon en patr\u00f3n de 5\/4 que se extienden 19 mm desde el bloque.<\/li>\n<li>Capacidad del contenedor de agua: 1L.<\/li>\n<li>Tama\u00f1o total: 590 mm \u00d7 460 mm \u00d7 300 mm ( largo \u00d7 ancho \u00d7 alto ).<\/li>\n<li>Longitud de carrera: 300 mm.<\/li>\n<li>Tama\u00f1o de la placa de prueba: 430 \u00d7 150 \u00d7 0,03 mm.<\/li>\n<li>Peso neto :2 7 KG.<\/li>\n<li>Potencia del motor: 25W.<\/li>\n<li>Frecuencia de viaje: 5\uff5e95 veces\/min (ajustable).<\/li>\n<\/ul>\n","protected":false},"featured_media":9560,"comment_status":"open","ping_status":"closed","template":"","meta":{"_joinchat":[]},"product_brand":[],"product_cat":[15],"product_tag":[],"class_list":{"0":"post-9559","1":"product","2":"type-product","3":"status-publish","4":"has-post-thumbnail","6":"product_cat-sin-categorizar","8":"first","9":"instock","10":"shipping-taxable","11":"product-type-simple"},"yoast_head":"<!-- This site is optimized with the Yoast SEO plugin v26.4 - https:\/\/yoast.com\/wordpress\/plugins\/seo\/ -->\n<title>Abrasimetro Digital M\u00e9todo Humedo ASTM D2486 BGD526-1 - Abaa tienda online<\/title>\n<meta name=\"robots\" content=\"index, follow, max-snippet:-1, max-image-preview:large, max-video-preview:-1\" \/>\n<link rel=\"canonical\" href=\"https:\/\/abaa.mx\/tienda\/abrasimetro-digital-metodo-humedo-astm-d2486-bgd526-1\/\" \/>\n<meta property=\"og:locale\" content=\"es_MX\" \/>\n<meta property=\"og:type\" content=\"article\" \/>\n<meta property=\"og:title\" content=\"Abrasimetro Digital M\u00e9todo Humedo ASTM D2486 BGD526-1 - Abaa tienda online\" \/>\n<meta property=\"og:description\" content=\"Caracter\u00edsticas: La velocidad de funcionamiento puede satisfacer los requisitos de distintas normas. Con un contador de cuatro d\u00edgitos, arranque la m\u00e1quina y se detendr\u00e1 de forma autom\u00e1tica cuando alcance los tiempos establecidos. Compatible con una variedad de almohadillas de abrasi\u00f3n para realizar distintas est\u00e1ndares, como ISO, ASTM, DIN etc\u00e9tera. R\u00e1pida y de manera f\u00e1cil para cargar y descargar muestras de prueba y sustituir la cabeza de abrasi\u00f3n. Puede funcionar comunmente bajo diferentes voltajes y frecuencias Con una velocidad de marcha estable y uniforme debido al dise\u00f1o de barra de empuje Dispone de 2 pinceles para pruebas paralelas Extendida vida \u00fatil con dise\u00f1o duro y duradero El cuerpo entero de la m\u00e1quina se hace del aluminio anodizado, teniendo estado de trabajo permanente , desenlaces de prueba repetibles, ninguna salvedad incluso en la agilidad mucho m\u00e1s r\u00e1pida del movimiento. Con el dise\u00f1o de la bomba perist\u00e1ltica, controlar el flu\u00eddo del medio de fregado con precisi\u00f3n. Par\u00e1metros t\u00e9cnicos\u00a0:   \u00a0Peso del cepillo (incluido el cepillo de sujeci\u00f3n del dispositivo): 454\u00b110 g (ASTM D 2486); 135\u00b11 g (ISO 11998).  Potencia: 110 V ~ 220 V; 50\/60 Hz.  Rango de conteo\uff1a 0\uff5e9,999 veces.  Especificaciones del cepillo: cerdas de nailon en patr\u00f3n de 5\/4 que se extienden 19 mm desde el bloque.  Capacidad del contenedor de agua: 1L.  Tama\u00f1o total: 590 mm \u00d7 460 mm \u00d7 300 mm ( largo \u00d7 ancho \u00d7 alto ).  Longitud de carrera: 300 mm.  Tama\u00f1o de la placa de prueba: 430 \u00d7 150 \u00d7 0,03 mm.  Peso neto :2 7 KG.  Potencia del motor: 25W.  Frecuencia de viaje: 5\uff5e95 veces\/min (ajustable).\" \/>\n<meta property=\"og:url\" content=\"https:\/\/abaa.mx\/tienda\/abrasimetro-digital-metodo-humedo-astm-d2486-bgd526-1\/\" \/>\n<meta property=\"og:site_name\" content=\"Abaa tienda online\" \/>\n<meta property=\"og:image\" content=\"https:\/\/abaa.mx\/tienda\/wp-content\/uploads\/2023\/12\/BIUGED-BGD526-1.jpg\" \/>\n\t<meta property=\"og:image:width\" content=\"459\" \/>\n\t<meta property=\"og:image:height\" content=\"292\" \/>\n\t<meta property=\"og:image:type\" content=\"image\/jpeg\" \/>\n<meta name=\"twitter:card\" content=\"summary_large_image\" \/>\n<meta name=\"twitter:label1\" content=\"Tiempo de lectura\" \/>\n\t<meta name=\"twitter:data1\" content=\"1 minuto\" \/>\n<script type=\"application\/ld+json\" class=\"yoast-schema-graph\">{\"@context\":\"https:\/\/schema.org\",\"@graph\":[{\"@type\":\"WebPage\",\"@id\":\"https:\/\/abaa.mx\/tienda\/abrasimetro-digital-metodo-humedo-astm-d2486-bgd526-1\/\",\"url\":\"https:\/\/abaa.mx\/tienda\/abrasimetro-digital-metodo-humedo-astm-d2486-bgd526-1\/\",\"name\":\"Abrasimetro Digital M\u00e9todo Humedo ASTM D2486 BGD526-1 - Abaa tienda online\",\"isPartOf\":{\"@id\":\"https:\/\/abaa.mx\/tienda\/#website\"},\"primaryImageOfPage\":{\"@id\":\"https:\/\/abaa.mx\/tienda\/abrasimetro-digital-metodo-humedo-astm-d2486-bgd526-1\/#primaryimage\"},\"image\":{\"@id\":\"https:\/\/abaa.mx\/tienda\/abrasimetro-digital-metodo-humedo-astm-d2486-bgd526-1\/#primaryimage\"},\"thumbnailUrl\":\"https:\/\/abaa.mx\/tienda\/wp-content\/uploads\/2023\/12\/BIUGED-BGD526-1.jpg\",\"datePublished\":\"2023-12-01T20:50:14+00:00\",\"breadcrumb\":{\"@id\":\"https:\/\/abaa.mx\/tienda\/abrasimetro-digital-metodo-humedo-astm-d2486-bgd526-1\/#breadcrumb\"},\"inLanguage\":\"es\",\"potentialAction\":[{\"@type\":\"ReadAction\",\"target\":[\"https:\/\/abaa.mx\/tienda\/abrasimetro-digital-metodo-humedo-astm-d2486-bgd526-1\/\"]}]},{\"@type\":\"ImageObject\",\"inLanguage\":\"es\",\"@id\":\"https:\/\/abaa.mx\/tienda\/abrasimetro-digital-metodo-humedo-astm-d2486-bgd526-1\/#primaryimage\",\"url\":\"https:\/\/abaa.mx\/tienda\/wp-content\/uploads\/2023\/12\/BIUGED-BGD526-1.jpg\",\"contentUrl\":\"https:\/\/abaa.mx\/tienda\/wp-content\/uploads\/2023\/12\/BIUGED-BGD526-1.jpg\",\"width\":459,\"height\":292,\"caption\":\"BIUGED-BGD526-1\"},{\"@type\":\"BreadcrumbList\",\"@id\":\"https:\/\/abaa.mx\/tienda\/abrasimetro-digital-metodo-humedo-astm-d2486-bgd526-1\/#breadcrumb\",\"itemListElement\":[{\"@type\":\"ListItem\",\"position\":1,\"name\":\"Inicio\",\"item\":\"https:\/\/abaa.mx\/tienda\/\"},{\"@type\":\"ListItem\",\"position\":2,\"name\":\"Tienda\",\"item\":\"https:\/\/abaa.mx\/tienda\/\"},{\"@type\":\"ListItem\",\"position\":3,\"name\":\"Abrasimetro Digital M\u00e9todo Humedo ASTM D2486 BGD526-1\"}]},{\"@type\":\"WebSite\",\"@id\":\"https:\/\/abaa.mx\/tienda\/#website\",\"url\":\"https:\/\/abaa.mx\/tienda\/\",\"name\":\"Abaa tienda online\",\"description\":\"Instrumentos de medici\u00f3n\",\"publisher\":{\"@id\":\"https:\/\/abaa.mx\/tienda\/#organization\"},\"potentialAction\":[{\"@type\":\"SearchAction\",\"target\":{\"@type\":\"EntryPoint\",\"urlTemplate\":\"https:\/\/abaa.mx\/tienda\/?s={search_term_string}\"},\"query-input\":{\"@type\":\"PropertyValueSpecification\",\"valueRequired\":true,\"valueName\":\"search_term_string\"}}],\"inLanguage\":\"es\"},{\"@type\":\"Organization\",\"@id\":\"https:\/\/abaa.mx\/tienda\/#organization\",\"name\":\"Abaa tienda online\",\"url\":\"https:\/\/abaa.mx\/tienda\/\",\"logo\":{\"@type\":\"ImageObject\",\"inLanguage\":\"es\",\"@id\":\"https:\/\/abaa.mx\/tienda\/#\/schema\/logo\/image\/\",\"url\":\"https:\/\/abaa.mx\/tienda\/wp-content\/uploads\/2024\/01\/abaa-metrologia-tienda.png\",\"contentUrl\":\"https:\/\/abaa.mx\/tienda\/wp-content\/uploads\/2024\/01\/abaa-metrologia-tienda.png\",\"width\":300,\"height\":141,\"caption\":\"Abaa tienda online\"},\"image\":{\"@id\":\"https:\/\/abaa.mx\/tienda\/#\/schema\/logo\/image\/\"}}]}<\/script>\n<!-- \/ Yoast SEO plugin. -->","yoast_head_json":{"title":"Abrasimetro Digital M\u00e9todo Humedo ASTM D2486 BGD526-1 - Abaa tienda online","robots":{"index":"index","follow":"follow","max-snippet":"max-snippet:-1","max-image-preview":"max-image-preview:large","max-video-preview":"max-video-preview:-1"},"canonical":"https:\/\/abaa.mx\/tienda\/abrasimetro-digital-metodo-humedo-astm-d2486-bgd526-1\/","og_locale":"es_MX","og_type":"article","og_title":"Abrasimetro Digital M\u00e9todo Humedo ASTM D2486 BGD526-1 - Abaa tienda online","og_description":"Caracter\u00edsticas: La velocidad de funcionamiento puede satisfacer los requisitos de distintas normas. Con un contador de cuatro d\u00edgitos, arranque la m\u00e1quina y se detendr\u00e1 de forma autom\u00e1tica cuando alcance los tiempos establecidos. Compatible con una variedad de almohadillas de abrasi\u00f3n para realizar distintas est\u00e1ndares, como ISO, ASTM, DIN etc\u00e9tera. R\u00e1pida y de manera f\u00e1cil para cargar y descargar muestras de prueba y sustituir la cabeza de abrasi\u00f3n. Puede funcionar comunmente bajo diferentes voltajes y frecuencias Con una velocidad de marcha estable y uniforme debido al dise\u00f1o de barra de empuje Dispone de 2 pinceles para pruebas paralelas Extendida vida \u00fatil con dise\u00f1o duro y duradero El cuerpo entero de la m\u00e1quina se hace del aluminio anodizado, teniendo estado de trabajo permanente , desenlaces de prueba repetibles, ninguna salvedad incluso en la agilidad mucho m\u00e1s r\u00e1pida del movimiento. Con el dise\u00f1o de la bomba perist\u00e1ltica, controlar el flu\u00eddo del medio de fregado con precisi\u00f3n. Par\u00e1metros t\u00e9cnicos\u00a0:   \u00a0Peso del cepillo (incluido el cepillo de sujeci\u00f3n del dispositivo): 454\u00b110 g (ASTM D 2486); 135\u00b11 g (ISO 11998).  Potencia: 110 V ~ 220 V; 50\/60 Hz.  Rango de conteo\uff1a 0\uff5e9,999 veces.  Especificaciones del cepillo: cerdas de nailon en patr\u00f3n de 5\/4 que se extienden 19 mm desde el bloque.  Capacidad del contenedor de agua: 1L.  Tama\u00f1o total: 590 mm \u00d7 460 mm \u00d7 300 mm ( largo \u00d7 ancho \u00d7 alto ).  Longitud de carrera: 300 mm.  Tama\u00f1o de la placa de prueba: 430 \u00d7 150 \u00d7 0,03 mm.  Peso neto :2 7 KG.  Potencia del motor: 25W.  Frecuencia de viaje: 5\uff5e95 veces\/min (ajustable).","og_url":"https:\/\/abaa.mx\/tienda\/abrasimetro-digital-metodo-humedo-astm-d2486-bgd526-1\/","og_site_name":"Abaa tienda online","og_image":[{"width":459,"height":292,"url":"https:\/\/abaa.mx\/tienda\/wp-content\/uploads\/2023\/12\/BIUGED-BGD526-1.jpg","type":"image\/jpeg"}],"twitter_card":"summary_large_image","twitter_misc":{"Tiempo de lectura":"1 minuto"},"schema":{"@context":"https:\/\/schema.org","@graph":[{"@type":"WebPage","@id":"https:\/\/abaa.mx\/tienda\/abrasimetro-digital-metodo-humedo-astm-d2486-bgd526-1\/","url":"https:\/\/abaa.mx\/tienda\/abrasimetro-digital-metodo-humedo-astm-d2486-bgd526-1\/","name":"Abrasimetro Digital M\u00e9todo Humedo ASTM D2486 BGD526-1 - Abaa tienda online","isPartOf":{"@id":"https:\/\/abaa.mx\/tienda\/#website"},"primaryImageOfPage":{"@id":"https:\/\/abaa.mx\/tienda\/abrasimetro-digital-metodo-humedo-astm-d2486-bgd526-1\/#primaryimage"},"image":{"@id":"https:\/\/abaa.mx\/tienda\/abrasimetro-digital-metodo-humedo-astm-d2486-bgd526-1\/#primaryimage"},"thumbnailUrl":"https:\/\/abaa.mx\/tienda\/wp-content\/uploads\/2023\/12\/BIUGED-BGD526-1.jpg","datePublished":"2023-12-01T20:50:14+00:00","breadcrumb":{"@id":"https:\/\/abaa.mx\/tienda\/abrasimetro-digital-metodo-humedo-astm-d2486-bgd526-1\/#breadcrumb"},"inLanguage":"es","potentialAction":[{"@type":"ReadAction","target":["https:\/\/abaa.mx\/tienda\/abrasimetro-digital-metodo-humedo-astm-d2486-bgd526-1\/"]}]},{"@type":"ImageObject","inLanguage":"es","@id":"https:\/\/abaa.mx\/tienda\/abrasimetro-digital-metodo-humedo-astm-d2486-bgd526-1\/#primaryimage","url":"https:\/\/abaa.mx\/tienda\/wp-content\/uploads\/2023\/12\/BIUGED-BGD526-1.jpg","contentUrl":"https:\/\/abaa.mx\/tienda\/wp-content\/uploads\/2023\/12\/BIUGED-BGD526-1.jpg","width":459,"height":292,"caption":"BIUGED-BGD526-1"},{"@type":"BreadcrumbList","@id":"https:\/\/abaa.mx\/tienda\/abrasimetro-digital-metodo-humedo-astm-d2486-bgd526-1\/#breadcrumb","itemListElement":[{"@type":"ListItem","position":1,"name":"Inicio","item":"https:\/\/abaa.mx\/tienda\/"},{"@type":"ListItem","position":2,"name":"Tienda","item":"https:\/\/abaa.mx\/tienda\/"},{"@type":"ListItem","position":3,"name":"Abrasimetro Digital M\u00e9todo Humedo ASTM D2486 BGD526-1"}]},{"@type":"WebSite","@id":"https:\/\/abaa.mx\/tienda\/#website","url":"https:\/\/abaa.mx\/tienda\/","name":"Abaa tienda online","description":"Instrumentos de medici\u00f3n","publisher":{"@id":"https:\/\/abaa.mx\/tienda\/#organization"},"potentialAction":[{"@type":"SearchAction","target":{"@type":"EntryPoint","urlTemplate":"https:\/\/abaa.mx\/tienda\/?s={search_term_string}"},"query-input":{"@type":"PropertyValueSpecification","valueRequired":true,"valueName":"search_term_string"}}],"inLanguage":"es"},{"@type":"Organization","@id":"https:\/\/abaa.mx\/tienda\/#organization","name":"Abaa tienda online","url":"https:\/\/abaa.mx\/tienda\/","logo":{"@type":"ImageObject","inLanguage":"es","@id":"https:\/\/abaa.mx\/tienda\/#\/schema\/logo\/image\/","url":"https:\/\/abaa.mx\/tienda\/wp-content\/uploads\/2024\/01\/abaa-metrologia-tienda.png","contentUrl":"https:\/\/abaa.mx\/tienda\/wp-content\/uploads\/2024\/01\/abaa-metrologia-tienda.png","width":300,"height":141,"caption":"Abaa tienda online"},"image":{"@id":"https:\/\/abaa.mx\/tienda\/#\/schema\/logo\/image\/"}}]}},"_links":{"self":[{"href":"https:\/\/abaa.mx\/tienda\/wp-json\/wp\/v2\/product\/9559","targetHints":{"allow":["GET"]}}],"collection":[{"href":"https:\/\/abaa.mx\/tienda\/wp-json\/wp\/v2\/product"}],"about":[{"href":"https:\/\/abaa.mx\/tienda\/wp-json\/wp\/v2\/types\/product"}],"replies":[{"embeddable":true,"href":"https:\/\/abaa.mx\/tienda\/wp-json\/wp\/v2\/comments?post=9559"}],"wp:featuredmedia":[{"embeddable":true,"href":"https:\/\/abaa.mx\/tienda\/wp-json\/wp\/v2\/media\/9560"}],"wp:attachment":[{"href":"https:\/\/abaa.mx\/tienda\/wp-json\/wp\/v2\/media?parent=9559"}],"wp:term":[{"taxonomy":"product_brand","embeddable":true,"href":"https:\/\/abaa.mx\/tienda\/wp-json\/wp\/v2\/product_brand?post=9559"},{"taxonomy":"product_cat","embeddable":true,"href":"https:\/\/abaa.mx\/tienda\/wp-json\/wp\/v2\/product_cat?post=9559"},{"taxonomy":"product_tag","embeddable":true,"href":"https:\/\/abaa.mx\/tienda\/wp-json\/wp\/v2\/product_tag?post=9559"}],"curies":[{"name":"wp","href":"https:\/\/api.w.org\/{rel}","templated":true}]}}