{"id":9555,"date":"2023-12-01T20:02:35","date_gmt":"2023-12-01T20:02:35","guid":{"rendered":"https:\/\/abaa.mx\/tienda\/?post_type=product&#038;p=9555"},"modified":"2023-12-01T20:02:36","modified_gmt":"2023-12-01T20:02:36","slug":"impactometro-digital-izod-ly-zit-zit2275-ly-zit2222","status":"publish","type":"product","link":"https:\/\/abaa.mx\/tienda\/impactometro-digital-izod-ly-zit-zit2275-ly-zit2222\/","title":{"rendered":"Impactometro Digital IZOD LY-ZIT &#8211; ZIT2275-LY-ZIT2222"},"content":{"rendered":"<p>Impactometro Digital IZOD LY-ZIT &#8211; ZIT2275-LY-ZIT2222<\/p>\n","protected":false},"excerpt":{"rendered":"<p><strong>Aplicaciones :<\/strong><\/p>\n<p>La m\u00e1quina de prueba de impacto ZIT Izod (viga en voladizo) se emplea para determinar la resistencia al encontronazo de materiales no met\u00e1licos como pl\u00e1sticos r\u00edgidos , nylon, pl\u00e1stico reforzado con fibra de vidrio, cer\u00e1mica, piedra fundida , material el\u00e9ctrico aislante de pl\u00e1stico. Esta trama se puede operar de forma semiautom\u00e1tica con un controlador de pantalla t\u00e1ctil y pantalla de datos. Son instrumentos de prueba fundamentales para la secci\u00f3n de pruebas de calidad, universidad , colegio , instituci\u00f3n de investigaci\u00f3n y procesos industriales. La m\u00e1quina puede realizar la prueba seg\u00fan con el m\u00e9todo de prueba de la norma : ISO 180, ASTM D256, etc. Las series ZIT est\u00e1n calibradas y verificadas seg\u00fan con ISO 13802.<\/p>\n<p><b>Caracter\u00edsticas:<\/b><\/p>\n<ul>\n<li>Muestra y soporte son f\u00e1ciles de centrar.<\/li>\n<li>Funci\u00f3n de protecci\u00f3n de seguridad de energ\u00eda.<\/li>\n<li>Multi p\u00e9ndulos (grandes y pequenos) y lectura a escala m\u00faltiple para cada m\u00e1quina de prueba que ampl\u00eda el rango de prueba de energ\u00eda.<\/li>\n<li>Pantalla t\u00e1ctil y control.<\/li>\n<\/ul>\n","protected":false},"featured_media":9556,"comment_status":"open","ping_status":"closed","template":"","meta":{"_joinchat":[]},"product_brand":[],"product_cat":[15],"product_tag":[],"class_list":{"0":"post-9555","1":"product","2":"type-product","3":"status-publish","4":"has-post-thumbnail","6":"product_cat-sin-categorizar","8":"first","9":"instock","10":"shipping-taxable","11":"product-type-simple"},"yoast_head":"<!-- This site is optimized with the Yoast SEO plugin v26.4 - https:\/\/yoast.com\/wordpress\/plugins\/seo\/ -->\n<title>Impactometro Digital IZOD LY-ZIT - ZIT2275-LY-ZIT2222 - Abaa tienda online<\/title>\n<meta name=\"robots\" content=\"index, follow, max-snippet:-1, max-image-preview:large, max-video-preview:-1\" \/>\n<link rel=\"canonical\" href=\"https:\/\/abaa.mx\/tienda\/impactometro-digital-izod-ly-zit-zit2275-ly-zit2222\/\" \/>\n<meta property=\"og:locale\" content=\"es_MX\" \/>\n<meta property=\"og:type\" content=\"article\" \/>\n<meta property=\"og:title\" content=\"Impactometro Digital IZOD LY-ZIT - ZIT2275-LY-ZIT2222 - Abaa tienda online\" \/>\n<meta property=\"og:description\" content=\"Aplicaciones :  La m\u00e1quina de prueba de impacto ZIT Izod (viga en voladizo) se emplea para determinar la resistencia al encontronazo de materiales no met\u00e1licos como pl\u00e1sticos r\u00edgidos , nylon, pl\u00e1stico reforzado con fibra de vidrio, cer\u00e1mica, piedra fundida , material el\u00e9ctrico aislante de pl\u00e1stico. Esta trama se puede operar de forma semiautom\u00e1tica con un controlador de pantalla t\u00e1ctil y pantalla de datos. Son instrumentos de prueba fundamentales para la secci\u00f3n de pruebas de calidad, universidad , colegio , instituci\u00f3n de investigaci\u00f3n y procesos industriales. La m\u00e1quina puede realizar la prueba seg\u00fan con el m\u00e9todo de prueba de la norma : ISO 180, ASTM D256, etc. Las series ZIT est\u00e1n calibradas y verificadas seg\u00fan con ISO 13802.  Caracter\u00edsticas:   Muestra y soporte son f\u00e1ciles de centrar.  Funci\u00f3n de protecci\u00f3n de seguridad de energ\u00eda.  Multi p\u00e9ndulos (grandes y pequenos) y lectura a escala m\u00faltiple para cada m\u00e1quina de prueba que ampl\u00eda el rango de prueba de energ\u00eda.  Pantalla t\u00e1ctil y control.\" \/>\n<meta property=\"og:url\" content=\"https:\/\/abaa.mx\/tienda\/impactometro-digital-izod-ly-zit-zit2275-ly-zit2222\/\" \/>\n<meta property=\"og:site_name\" content=\"Abaa tienda online\" \/>\n<meta property=\"article:modified_time\" content=\"2023-12-01T20:02:36+00:00\" \/>\n<meta property=\"og:image\" content=\"https:\/\/abaa.mx\/tienda\/wp-content\/uploads\/2023\/12\/IZOD-ZIT2222.jpg\" \/>\n\t<meta property=\"og:image:width\" content=\"267\" \/>\n\t<meta property=\"og:image:height\" content=\"285\" \/>\n\t<meta property=\"og:image:type\" content=\"image\/jpeg\" \/>\n<meta name=\"twitter:card\" content=\"summary_large_image\" \/>\n<meta name=\"twitter:label1\" content=\"Tiempo de lectura\" \/>\n\t<meta name=\"twitter:data1\" content=\"1 minuto\" \/>\n<script type=\"application\/ld+json\" class=\"yoast-schema-graph\">{\"@context\":\"https:\/\/schema.org\",\"@graph\":[{\"@type\":\"WebPage\",\"@id\":\"https:\/\/abaa.mx\/tienda\/impactometro-digital-izod-ly-zit-zit2275-ly-zit2222\/\",\"url\":\"https:\/\/abaa.mx\/tienda\/impactometro-digital-izod-ly-zit-zit2275-ly-zit2222\/\",\"name\":\"Impactometro Digital IZOD LY-ZIT - ZIT2275-LY-ZIT2222 - Abaa tienda online\",\"isPartOf\":{\"@id\":\"https:\/\/abaa.mx\/tienda\/#website\"},\"primaryImageOfPage\":{\"@id\":\"https:\/\/abaa.mx\/tienda\/impactometro-digital-izod-ly-zit-zit2275-ly-zit2222\/#primaryimage\"},\"image\":{\"@id\":\"https:\/\/abaa.mx\/tienda\/impactometro-digital-izod-ly-zit-zit2275-ly-zit2222\/#primaryimage\"},\"thumbnailUrl\":\"https:\/\/abaa.mx\/tienda\/wp-content\/uploads\/2023\/12\/IZOD-ZIT2222.jpg\",\"datePublished\":\"2023-12-01T20:02:35+00:00\",\"dateModified\":\"2023-12-01T20:02:36+00:00\",\"breadcrumb\":{\"@id\":\"https:\/\/abaa.mx\/tienda\/impactometro-digital-izod-ly-zit-zit2275-ly-zit2222\/#breadcrumb\"},\"inLanguage\":\"es\",\"potentialAction\":[{\"@type\":\"ReadAction\",\"target\":[\"https:\/\/abaa.mx\/tienda\/impactometro-digital-izod-ly-zit-zit2275-ly-zit2222\/\"]}]},{\"@type\":\"ImageObject\",\"inLanguage\":\"es\",\"@id\":\"https:\/\/abaa.mx\/tienda\/impactometro-digital-izod-ly-zit-zit2275-ly-zit2222\/#primaryimage\",\"url\":\"https:\/\/abaa.mx\/tienda\/wp-content\/uploads\/2023\/12\/IZOD-ZIT2222.jpg\",\"contentUrl\":\"https:\/\/abaa.mx\/tienda\/wp-content\/uploads\/2023\/12\/IZOD-ZIT2222.jpg\",\"width\":267,\"height\":285,\"caption\":\"IZOD-ZIT2222\"},{\"@type\":\"BreadcrumbList\",\"@id\":\"https:\/\/abaa.mx\/tienda\/impactometro-digital-izod-ly-zit-zit2275-ly-zit2222\/#breadcrumb\",\"itemListElement\":[{\"@type\":\"ListItem\",\"position\":1,\"name\":\"Inicio\",\"item\":\"https:\/\/abaa.mx\/tienda\/\"},{\"@type\":\"ListItem\",\"position\":2,\"name\":\"Tienda\",\"item\":\"https:\/\/abaa.mx\/tienda\/\"},{\"@type\":\"ListItem\",\"position\":3,\"name\":\"Impactometro Digital IZOD LY-ZIT &#8211; ZIT2275-LY-ZIT2222\"}]},{\"@type\":\"WebSite\",\"@id\":\"https:\/\/abaa.mx\/tienda\/#website\",\"url\":\"https:\/\/abaa.mx\/tienda\/\",\"name\":\"Abaa tienda online\",\"description\":\"Instrumentos de medici\u00f3n\",\"publisher\":{\"@id\":\"https:\/\/abaa.mx\/tienda\/#organization\"},\"potentialAction\":[{\"@type\":\"SearchAction\",\"target\":{\"@type\":\"EntryPoint\",\"urlTemplate\":\"https:\/\/abaa.mx\/tienda\/?s={search_term_string}\"},\"query-input\":{\"@type\":\"PropertyValueSpecification\",\"valueRequired\":true,\"valueName\":\"search_term_string\"}}],\"inLanguage\":\"es\"},{\"@type\":\"Organization\",\"@id\":\"https:\/\/abaa.mx\/tienda\/#organization\",\"name\":\"Abaa tienda online\",\"url\":\"https:\/\/abaa.mx\/tienda\/\",\"logo\":{\"@type\":\"ImageObject\",\"inLanguage\":\"es\",\"@id\":\"https:\/\/abaa.mx\/tienda\/#\/schema\/logo\/image\/\",\"url\":\"https:\/\/abaa.mx\/tienda\/wp-content\/uploads\/2024\/01\/abaa-metrologia-tienda.png\",\"contentUrl\":\"https:\/\/abaa.mx\/tienda\/wp-content\/uploads\/2024\/01\/abaa-metrologia-tienda.png\",\"width\":300,\"height\":141,\"caption\":\"Abaa tienda online\"},\"image\":{\"@id\":\"https:\/\/abaa.mx\/tienda\/#\/schema\/logo\/image\/\"}}]}<\/script>\n<!-- \/ Yoast SEO plugin. -->","yoast_head_json":{"title":"Impactometro Digital IZOD LY-ZIT - ZIT2275-LY-ZIT2222 - Abaa tienda online","robots":{"index":"index","follow":"follow","max-snippet":"max-snippet:-1","max-image-preview":"max-image-preview:large","max-video-preview":"max-video-preview:-1"},"canonical":"https:\/\/abaa.mx\/tienda\/impactometro-digital-izod-ly-zit-zit2275-ly-zit2222\/","og_locale":"es_MX","og_type":"article","og_title":"Impactometro Digital IZOD LY-ZIT - ZIT2275-LY-ZIT2222 - Abaa tienda online","og_description":"Aplicaciones :  La m\u00e1quina de prueba de impacto ZIT Izod (viga en voladizo) se emplea para determinar la resistencia al encontronazo de materiales no met\u00e1licos como pl\u00e1sticos r\u00edgidos , nylon, pl\u00e1stico reforzado con fibra de vidrio, cer\u00e1mica, piedra fundida , material el\u00e9ctrico aislante de pl\u00e1stico. Esta trama se puede operar de forma semiautom\u00e1tica con un controlador de pantalla t\u00e1ctil y pantalla de datos. Son instrumentos de prueba fundamentales para la secci\u00f3n de pruebas de calidad, universidad , colegio , instituci\u00f3n de investigaci\u00f3n y procesos industriales. La m\u00e1quina puede realizar la prueba seg\u00fan con el m\u00e9todo de prueba de la norma : ISO 180, ASTM D256, etc. Las series ZIT est\u00e1n calibradas y verificadas seg\u00fan con ISO 13802.  Caracter\u00edsticas:   Muestra y soporte son f\u00e1ciles de centrar.  Funci\u00f3n de protecci\u00f3n de seguridad de energ\u00eda.  Multi p\u00e9ndulos (grandes y pequenos) y lectura a escala m\u00faltiple para cada m\u00e1quina de prueba que ampl\u00eda el rango de prueba de energ\u00eda.  Pantalla t\u00e1ctil y control.","og_url":"https:\/\/abaa.mx\/tienda\/impactometro-digital-izod-ly-zit-zit2275-ly-zit2222\/","og_site_name":"Abaa tienda online","article_modified_time":"2023-12-01T20:02:36+00:00","og_image":[{"width":267,"height":285,"url":"https:\/\/abaa.mx\/tienda\/wp-content\/uploads\/2023\/12\/IZOD-ZIT2222.jpg","type":"image\/jpeg"}],"twitter_card":"summary_large_image","twitter_misc":{"Tiempo de lectura":"1 minuto"},"schema":{"@context":"https:\/\/schema.org","@graph":[{"@type":"WebPage","@id":"https:\/\/abaa.mx\/tienda\/impactometro-digital-izod-ly-zit-zit2275-ly-zit2222\/","url":"https:\/\/abaa.mx\/tienda\/impactometro-digital-izod-ly-zit-zit2275-ly-zit2222\/","name":"Impactometro Digital IZOD LY-ZIT - ZIT2275-LY-ZIT2222 - Abaa tienda online","isPartOf":{"@id":"https:\/\/abaa.mx\/tienda\/#website"},"primaryImageOfPage":{"@id":"https:\/\/abaa.mx\/tienda\/impactometro-digital-izod-ly-zit-zit2275-ly-zit2222\/#primaryimage"},"image":{"@id":"https:\/\/abaa.mx\/tienda\/impactometro-digital-izod-ly-zit-zit2275-ly-zit2222\/#primaryimage"},"thumbnailUrl":"https:\/\/abaa.mx\/tienda\/wp-content\/uploads\/2023\/12\/IZOD-ZIT2222.jpg","datePublished":"2023-12-01T20:02:35+00:00","dateModified":"2023-12-01T20:02:36+00:00","breadcrumb":{"@id":"https:\/\/abaa.mx\/tienda\/impactometro-digital-izod-ly-zit-zit2275-ly-zit2222\/#breadcrumb"},"inLanguage":"es","potentialAction":[{"@type":"ReadAction","target":["https:\/\/abaa.mx\/tienda\/impactometro-digital-izod-ly-zit-zit2275-ly-zit2222\/"]}]},{"@type":"ImageObject","inLanguage":"es","@id":"https:\/\/abaa.mx\/tienda\/impactometro-digital-izod-ly-zit-zit2275-ly-zit2222\/#primaryimage","url":"https:\/\/abaa.mx\/tienda\/wp-content\/uploads\/2023\/12\/IZOD-ZIT2222.jpg","contentUrl":"https:\/\/abaa.mx\/tienda\/wp-content\/uploads\/2023\/12\/IZOD-ZIT2222.jpg","width":267,"height":285,"caption":"IZOD-ZIT2222"},{"@type":"BreadcrumbList","@id":"https:\/\/abaa.mx\/tienda\/impactometro-digital-izod-ly-zit-zit2275-ly-zit2222\/#breadcrumb","itemListElement":[{"@type":"ListItem","position":1,"name":"Inicio","item":"https:\/\/abaa.mx\/tienda\/"},{"@type":"ListItem","position":2,"name":"Tienda","item":"https:\/\/abaa.mx\/tienda\/"},{"@type":"ListItem","position":3,"name":"Impactometro Digital IZOD LY-ZIT &#8211; ZIT2275-LY-ZIT2222"}]},{"@type":"WebSite","@id":"https:\/\/abaa.mx\/tienda\/#website","url":"https:\/\/abaa.mx\/tienda\/","name":"Abaa tienda online","description":"Instrumentos de medici\u00f3n","publisher":{"@id":"https:\/\/abaa.mx\/tienda\/#organization"},"potentialAction":[{"@type":"SearchAction","target":{"@type":"EntryPoint","urlTemplate":"https:\/\/abaa.mx\/tienda\/?s={search_term_string}"},"query-input":{"@type":"PropertyValueSpecification","valueRequired":true,"valueName":"search_term_string"}}],"inLanguage":"es"},{"@type":"Organization","@id":"https:\/\/abaa.mx\/tienda\/#organization","name":"Abaa tienda online","url":"https:\/\/abaa.mx\/tienda\/","logo":{"@type":"ImageObject","inLanguage":"es","@id":"https:\/\/abaa.mx\/tienda\/#\/schema\/logo\/image\/","url":"https:\/\/abaa.mx\/tienda\/wp-content\/uploads\/2024\/01\/abaa-metrologia-tienda.png","contentUrl":"https:\/\/abaa.mx\/tienda\/wp-content\/uploads\/2024\/01\/abaa-metrologia-tienda.png","width":300,"height":141,"caption":"Abaa tienda online"},"image":{"@id":"https:\/\/abaa.mx\/tienda\/#\/schema\/logo\/image\/"}}]}},"_links":{"self":[{"href":"https:\/\/abaa.mx\/tienda\/wp-json\/wp\/v2\/product\/9555","targetHints":{"allow":["GET"]}}],"collection":[{"href":"https:\/\/abaa.mx\/tienda\/wp-json\/wp\/v2\/product"}],"about":[{"href":"https:\/\/abaa.mx\/tienda\/wp-json\/wp\/v2\/types\/product"}],"replies":[{"embeddable":true,"href":"https:\/\/abaa.mx\/tienda\/wp-json\/wp\/v2\/comments?post=9555"}],"wp:featuredmedia":[{"embeddable":true,"href":"https:\/\/abaa.mx\/tienda\/wp-json\/wp\/v2\/media\/9556"}],"wp:attachment":[{"href":"https:\/\/abaa.mx\/tienda\/wp-json\/wp\/v2\/media?parent=9555"}],"wp:term":[{"taxonomy":"product_brand","embeddable":true,"href":"https:\/\/abaa.mx\/tienda\/wp-json\/wp\/v2\/product_brand?post=9555"},{"taxonomy":"product_cat","embeddable":true,"href":"https:\/\/abaa.mx\/tienda\/wp-json\/wp\/v2\/product_cat?post=9555"},{"taxonomy":"product_tag","embeddable":true,"href":"https:\/\/abaa.mx\/tienda\/wp-json\/wp\/v2\/product_tag?post=9555"}],"curies":[{"name":"wp","href":"https:\/\/api.w.org\/{rel}","templated":true}]}}