{"id":9526,"date":"2023-12-01T16:47:35","date_gmt":"2023-12-01T16:47:35","guid":{"rendered":"https:\/\/abaa.mx\/tienda\/?post_type=product&#038;p=9526"},"modified":"2023-12-01T16:48:07","modified_gmt":"2023-12-01T16:48:07","slug":"positest-otl-kit-xt-defelsko-b462otlkit-xt-2","status":"publish","type":"product","link":"https:\/\/abaa.mx\/tienda\/positest-otl-kit-xt-defelsko-b462otlkit-xt-2\/","title":{"rendered":"PosiTest OTL Kit -XT, DeFelsko B462OTLKIT-XT"},"content":{"rendered":"<p>PosiTest OTL Kit -XT, DeFelsko B462OTLKIT-XT.<\/p>\n","protected":false},"excerpt":{"rendered":"<h3>Mide y registra los perfiles de temperatura del horno.<\/h3>\n<ul>\n<li>Caja de barrera de acero inoxidable para altas temperaturas con aislamiento de fibra de vidrio para largos tiempos de funcionamiento a altas temperaturas. No contiene silicona.<\/li>\n<li>Mide y registra hasta 40.000 conjuntos de datos (240.000 lecturas) en 6 lotes independientes.<\/li>\n<li>6 puertos de termopar tipo K (canales).<\/li>\n<li>Descargue, visualice y analice los datos de los lotes mediante el software PosiSoft Desktop. Exportaci\u00f3n de archivos .CSV para facilitar la importaci\u00f3n en hojas de c\u00e1lculo.<\/li>\n<li>Gran variedad de sondas disponibles con cables trenzados de acero inoxidable de 1,8, 3,6 o 6 m (6&#8242;, 12&#8242; o 20&#8242;) (se venden por separado).<\/li>\n<\/ul>\n<h3 class=\"subheaderh3features\">Simple.<\/h3>\n<div class=\"features_richtext w-richtext\">\n<ul>\n<li>6 puertos de termopar tipo K (canales).<\/li>\n<li>Se incluye un certificado de calibraci\u00f3n que muestra la trazabilidad con el NIST.<\/li>\n<li>Registra las mediciones cada 2 segundos durante un m\u00e1ximo de 22 horas de grabaci\u00f3n.<\/li>\n<li>Interfaz sencilla y f\u00e1cil de usar.<\/li>\n<li>Mide y registra hasta 40.000 conjuntos de datos (240.000 lecturas) en 6 lotes independientes.<\/li>\n<li>Caja de barrera de acero inoxidable para altas temperaturas con aislamiento de fibra de vidrio para largos tiempos de funcionamiento a altas temperaturas. No contiene silicona.<\/li>\n<li>Descargue, visualice y analice los datos de los lotes mediante el software PosiSoft Desktop. Exportaci\u00f3n de archivos .CSV para facilitar la importaci\u00f3n en hojas de c\u00e1lculo.<\/li>\n<li>Los LEDs brillantes indican el estado del registrador de un vistazo.<\/li>\n<\/ul>\n<h3 class=\"subheaderh3features\">Especificaciones:<\/h3>\n<p><strong>Canales:<\/strong><\/p>\n<ul>\n<li>6 termopares de tipo K sin conexi\u00f3n a tierra.<\/li>\n<\/ul>\n<p><strong>Rango de medici\u00f3n del termopar:<\/strong><\/p>\n<ul>\n<li>100 a 1000\u00b0C.<\/li>\n<li>148 a 1832\u00b0F.<\/li>\n<\/ul>\n<p><strong>Rango de temperatura de funcionamiento del registrador<br \/>\nPosiTest\u00a0<em>OTL<\/em>\u00a0sin soporte ni caja de barrera:<\/strong><\/p>\n<ul>\n<li>De 0 a 70\u00b0 C.<\/li>\n<li>32 a 158\u00b0 F.<\/li>\n<\/ul>\n<p><strong>Precisi\u00f3n del registrador:<\/strong><\/p>\n<ul>\n<li>\u00b10.5\u00b0 C.<\/li>\n<li>\u00b10.9\u00b0 F.<\/li>\n<\/ul>\n<p><strong>Resoluci\u00f3n:<\/strong><\/p>\n<ul>\n<li>1\u00b0 C.<\/li>\n<li>1\u00b0 F.<\/li>\n<li>000 conjuntos de datos. Cada conjunto de datos consta de hasta 6 canales.<\/li>\n<li>Memoria.<\/li>\n<li>Intervalo de muestreo.<\/li>\n<li>2 segundos (fijo).<br \/>\nEl tiempo m\u00e1ximo de grabaci\u00f3n es de 22 horas.<\/li>\n<li>Fuente de energ\u00eda.<\/li>\n<li>2 pilas AAA.<\/li>\n<li>Duraci\u00f3n de la bater\u00eda.<\/li>\n<li>30 horas (tiempo de grabaci\u00f3n).<\/li>\n<\/ul>\n<\/div>\n","protected":false},"featured_media":9532,"comment_status":"open","ping_status":"closed","template":"","meta":{"_joinchat":[]},"product_brand":[],"product_cat":[15],"product_tag":[],"class_list":{"0":"post-9526","1":"product","2":"type-product","3":"status-publish","4":"has-post-thumbnail","6":"product_cat-sin-categorizar","8":"first","9":"instock","10":"shipping-taxable","11":"product-type-simple"},"yoast_head":"<!-- This site is optimized with the Yoast SEO plugin v26.4 - https:\/\/yoast.com\/wordpress\/plugins\/seo\/ -->\n<title>PosiTest OTL Kit -XT, DeFelsko B462OTLKIT-XT - Abaa tienda online<\/title>\n<meta name=\"robots\" content=\"index, follow, max-snippet:-1, max-image-preview:large, max-video-preview:-1\" \/>\n<link rel=\"canonical\" href=\"https:\/\/abaa.mx\/tienda\/positest-otl-kit-xt-defelsko-b462otlkit-xt-2\/\" \/>\n<meta property=\"og:locale\" content=\"es_MX\" \/>\n<meta property=\"og:type\" content=\"article\" \/>\n<meta property=\"og:title\" content=\"PosiTest OTL Kit -XT, DeFelsko B462OTLKIT-XT - Abaa tienda online\" \/>\n<meta property=\"og:description\" content=\"Mide y registra los perfiles de temperatura del horno.   Caja de barrera de acero inoxidable para altas temperaturas con aislamiento de fibra de vidrio para largos tiempos de funcionamiento a altas temperaturas. No contiene silicona.  Mide y registra hasta 40.000 conjuntos de datos (240.000 lecturas) en 6 lotes independientes.  6 puertos de termopar tipo K (canales).  Descargue, visualice y analice los datos de los lotes mediante el software PosiSoft Desktop. Exportaci\u00f3n de archivos .CSV para facilitar la importaci\u00f3n en hojas de c\u00e1lculo.  Gran variedad de sondas disponibles con cables trenzados de acero inoxidable de 1,8, 3,6 o 6 m (6&#039;, 12&#039; o 20&#039;) (se venden por separado).  Simple.    6 puertos de termopar tipo K (canales).  Se incluye un certificado de calibraci\u00f3n que muestra la trazabilidad con el NIST.  Registra las mediciones cada 2 segundos durante un m\u00e1ximo de 22 horas de grabaci\u00f3n.  Interfaz sencilla y f\u00e1cil de usar.  Mide y registra hasta 40.000 conjuntos de datos (240.000 lecturas) en 6 lotes independientes.  Caja de barrera de acero inoxidable para altas temperaturas con aislamiento de fibra de vidrio para largos tiempos de funcionamiento a altas temperaturas. No contiene silicona.  Descargue, visualice y analice los datos de los lotes mediante el software PosiSoft Desktop. Exportaci\u00f3n de archivos .CSV para facilitar la importaci\u00f3n en hojas de c\u00e1lculo.  Los LEDs brillantes indican el estado del registrador de un vistazo.  Especificaciones: Canales:   6 termopares de tipo K sin conexi\u00f3n a tierra.  Rango de medici\u00f3n del termopar:   100 a 1000\u00b0C.  148 a 1832\u00b0F.  Rango de temperatura de funcionamiento del registrador PosiTest\u00a0OTL\u00a0sin soporte ni caja de barrera:   De 0 a 70\u00b0 C.  32 a 158\u00b0 F.  Precisi\u00f3n del registrador:   \u00b10.5\u00b0 C.  \u00b10.9\u00b0 F.  Resoluci\u00f3n:   1\u00b0 C.  1\u00b0 F.  000 conjuntos de datos. Cada conjunto de datos consta de hasta 6 canales.  Memoria.  Intervalo de muestreo.  2 segundos (fijo). El tiempo m\u00e1ximo de grabaci\u00f3n es de 22 horas.  Fuente de energ\u00eda.  2 pilas AAA.  Duraci\u00f3n de la bater\u00eda.  30 horas (tiempo de grabaci\u00f3n).\" \/>\n<meta property=\"og:url\" content=\"https:\/\/abaa.mx\/tienda\/positest-otl-kit-xt-defelsko-b462otlkit-xt-2\/\" \/>\n<meta property=\"og:site_name\" content=\"Abaa tienda online\" \/>\n<meta property=\"article:modified_time\" content=\"2023-12-01T16:48:07+00:00\" \/>\n<meta property=\"og:image\" content=\"https:\/\/abaa.mx\/tienda\/wp-content\/uploads\/2023\/12\/DEFELSKO-B462OTLKIT-XT.jpg\" \/>\n\t<meta property=\"og:image:width\" content=\"386\" \/>\n\t<meta property=\"og:image:height\" content=\"294\" \/>\n\t<meta property=\"og:image:type\" content=\"image\/jpeg\" \/>\n<meta name=\"twitter:card\" content=\"summary_large_image\" \/>\n<meta name=\"twitter:label1\" content=\"Tiempo de lectura\" \/>\n\t<meta name=\"twitter:data1\" content=\"1 minuto\" \/>\n<script type=\"application\/ld+json\" class=\"yoast-schema-graph\">{\"@context\":\"https:\/\/schema.org\",\"@graph\":[{\"@type\":\"WebPage\",\"@id\":\"https:\/\/abaa.mx\/tienda\/positest-otl-kit-xt-defelsko-b462otlkit-xt-2\/\",\"url\":\"https:\/\/abaa.mx\/tienda\/positest-otl-kit-xt-defelsko-b462otlkit-xt-2\/\",\"name\":\"PosiTest OTL Kit -XT, DeFelsko B462OTLKIT-XT - Abaa tienda online\",\"isPartOf\":{\"@id\":\"https:\/\/abaa.mx\/tienda\/#website\"},\"primaryImageOfPage\":{\"@id\":\"https:\/\/abaa.mx\/tienda\/positest-otl-kit-xt-defelsko-b462otlkit-xt-2\/#primaryimage\"},\"image\":{\"@id\":\"https:\/\/abaa.mx\/tienda\/positest-otl-kit-xt-defelsko-b462otlkit-xt-2\/#primaryimage\"},\"thumbnailUrl\":\"https:\/\/abaa.mx\/tienda\/wp-content\/uploads\/2023\/12\/DEFELSKO-B462OTLKIT-XT.jpg\",\"datePublished\":\"2023-12-01T16:47:35+00:00\",\"dateModified\":\"2023-12-01T16:48:07+00:00\",\"breadcrumb\":{\"@id\":\"https:\/\/abaa.mx\/tienda\/positest-otl-kit-xt-defelsko-b462otlkit-xt-2\/#breadcrumb\"},\"inLanguage\":\"es\",\"potentialAction\":[{\"@type\":\"ReadAction\",\"target\":[\"https:\/\/abaa.mx\/tienda\/positest-otl-kit-xt-defelsko-b462otlkit-xt-2\/\"]}]},{\"@type\":\"ImageObject\",\"inLanguage\":\"es\",\"@id\":\"https:\/\/abaa.mx\/tienda\/positest-otl-kit-xt-defelsko-b462otlkit-xt-2\/#primaryimage\",\"url\":\"https:\/\/abaa.mx\/tienda\/wp-content\/uploads\/2023\/12\/DEFELSKO-B462OTLKIT-XT.jpg\",\"contentUrl\":\"https:\/\/abaa.mx\/tienda\/wp-content\/uploads\/2023\/12\/DEFELSKO-B462OTLKIT-XT.jpg\",\"width\":386,\"height\":294,\"caption\":\"DEFELSKO-B462OTLKIT-XT\"},{\"@type\":\"BreadcrumbList\",\"@id\":\"https:\/\/abaa.mx\/tienda\/positest-otl-kit-xt-defelsko-b462otlkit-xt-2\/#breadcrumb\",\"itemListElement\":[{\"@type\":\"ListItem\",\"position\":1,\"name\":\"Inicio\",\"item\":\"https:\/\/abaa.mx\/tienda\/\"},{\"@type\":\"ListItem\",\"position\":2,\"name\":\"Tienda\",\"item\":\"https:\/\/abaa.mx\/tienda\/\"},{\"@type\":\"ListItem\",\"position\":3,\"name\":\"PosiTest OTL Kit -XT, DeFelsko B462OTLKIT-XT\"}]},{\"@type\":\"WebSite\",\"@id\":\"https:\/\/abaa.mx\/tienda\/#website\",\"url\":\"https:\/\/abaa.mx\/tienda\/\",\"name\":\"Abaa tienda online\",\"description\":\"Instrumentos de medici\u00f3n\",\"publisher\":{\"@id\":\"https:\/\/abaa.mx\/tienda\/#organization\"},\"potentialAction\":[{\"@type\":\"SearchAction\",\"target\":{\"@type\":\"EntryPoint\",\"urlTemplate\":\"https:\/\/abaa.mx\/tienda\/?s={search_term_string}\"},\"query-input\":{\"@type\":\"PropertyValueSpecification\",\"valueRequired\":true,\"valueName\":\"search_term_string\"}}],\"inLanguage\":\"es\"},{\"@type\":\"Organization\",\"@id\":\"https:\/\/abaa.mx\/tienda\/#organization\",\"name\":\"Abaa tienda online\",\"url\":\"https:\/\/abaa.mx\/tienda\/\",\"logo\":{\"@type\":\"ImageObject\",\"inLanguage\":\"es\",\"@id\":\"https:\/\/abaa.mx\/tienda\/#\/schema\/logo\/image\/\",\"url\":\"https:\/\/abaa.mx\/tienda\/wp-content\/uploads\/2024\/01\/abaa-metrologia-tienda.png\",\"contentUrl\":\"https:\/\/abaa.mx\/tienda\/wp-content\/uploads\/2024\/01\/abaa-metrologia-tienda.png\",\"width\":300,\"height\":141,\"caption\":\"Abaa tienda online\"},\"image\":{\"@id\":\"https:\/\/abaa.mx\/tienda\/#\/schema\/logo\/image\/\"}}]}<\/script>\n<!-- \/ Yoast SEO plugin. -->","yoast_head_json":{"title":"PosiTest OTL Kit -XT, DeFelsko B462OTLKIT-XT - Abaa tienda online","robots":{"index":"index","follow":"follow","max-snippet":"max-snippet:-1","max-image-preview":"max-image-preview:large","max-video-preview":"max-video-preview:-1"},"canonical":"https:\/\/abaa.mx\/tienda\/positest-otl-kit-xt-defelsko-b462otlkit-xt-2\/","og_locale":"es_MX","og_type":"article","og_title":"PosiTest OTL Kit -XT, DeFelsko B462OTLKIT-XT - Abaa tienda online","og_description":"Mide y registra los perfiles de temperatura del horno.   Caja de barrera de acero inoxidable para altas temperaturas con aislamiento de fibra de vidrio para largos tiempos de funcionamiento a altas temperaturas. No contiene silicona.  Mide y registra hasta 40.000 conjuntos de datos (240.000 lecturas) en 6 lotes independientes.  6 puertos de termopar tipo K (canales).  Descargue, visualice y analice los datos de los lotes mediante el software PosiSoft Desktop. Exportaci\u00f3n de archivos .CSV para facilitar la importaci\u00f3n en hojas de c\u00e1lculo.  Gran variedad de sondas disponibles con cables trenzados de acero inoxidable de 1,8, 3,6 o 6 m (6', 12' o 20') (se venden por separado).  Simple.    6 puertos de termopar tipo K (canales).  Se incluye un certificado de calibraci\u00f3n que muestra la trazabilidad con el NIST.  Registra las mediciones cada 2 segundos durante un m\u00e1ximo de 22 horas de grabaci\u00f3n.  Interfaz sencilla y f\u00e1cil de usar.  Mide y registra hasta 40.000 conjuntos de datos (240.000 lecturas) en 6 lotes independientes.  Caja de barrera de acero inoxidable para altas temperaturas con aislamiento de fibra de vidrio para largos tiempos de funcionamiento a altas temperaturas. No contiene silicona.  Descargue, visualice y analice los datos de los lotes mediante el software PosiSoft Desktop. Exportaci\u00f3n de archivos .CSV para facilitar la importaci\u00f3n en hojas de c\u00e1lculo.  Los LEDs brillantes indican el estado del registrador de un vistazo.  Especificaciones: Canales:   6 termopares de tipo K sin conexi\u00f3n a tierra.  Rango de medici\u00f3n del termopar:   100 a 1000\u00b0C.  148 a 1832\u00b0F.  Rango de temperatura de funcionamiento del registrador PosiTest\u00a0OTL\u00a0sin soporte ni caja de barrera:   De 0 a 70\u00b0 C.  32 a 158\u00b0 F.  Precisi\u00f3n del registrador:   \u00b10.5\u00b0 C.  \u00b10.9\u00b0 F.  Resoluci\u00f3n:   1\u00b0 C.  1\u00b0 F.  000 conjuntos de datos. Cada conjunto de datos consta de hasta 6 canales.  Memoria.  Intervalo de muestreo.  2 segundos (fijo). El tiempo m\u00e1ximo de grabaci\u00f3n es de 22 horas.  Fuente de energ\u00eda.  2 pilas AAA.  Duraci\u00f3n de la bater\u00eda.  30 horas (tiempo de grabaci\u00f3n).","og_url":"https:\/\/abaa.mx\/tienda\/positest-otl-kit-xt-defelsko-b462otlkit-xt-2\/","og_site_name":"Abaa tienda online","article_modified_time":"2023-12-01T16:48:07+00:00","og_image":[{"width":386,"height":294,"url":"https:\/\/abaa.mx\/tienda\/wp-content\/uploads\/2023\/12\/DEFELSKO-B462OTLKIT-XT.jpg","type":"image\/jpeg"}],"twitter_card":"summary_large_image","twitter_misc":{"Tiempo de lectura":"1 minuto"},"schema":{"@context":"https:\/\/schema.org","@graph":[{"@type":"WebPage","@id":"https:\/\/abaa.mx\/tienda\/positest-otl-kit-xt-defelsko-b462otlkit-xt-2\/","url":"https:\/\/abaa.mx\/tienda\/positest-otl-kit-xt-defelsko-b462otlkit-xt-2\/","name":"PosiTest OTL Kit -XT, DeFelsko B462OTLKIT-XT - Abaa tienda online","isPartOf":{"@id":"https:\/\/abaa.mx\/tienda\/#website"},"primaryImageOfPage":{"@id":"https:\/\/abaa.mx\/tienda\/positest-otl-kit-xt-defelsko-b462otlkit-xt-2\/#primaryimage"},"image":{"@id":"https:\/\/abaa.mx\/tienda\/positest-otl-kit-xt-defelsko-b462otlkit-xt-2\/#primaryimage"},"thumbnailUrl":"https:\/\/abaa.mx\/tienda\/wp-content\/uploads\/2023\/12\/DEFELSKO-B462OTLKIT-XT.jpg","datePublished":"2023-12-01T16:47:35+00:00","dateModified":"2023-12-01T16:48:07+00:00","breadcrumb":{"@id":"https:\/\/abaa.mx\/tienda\/positest-otl-kit-xt-defelsko-b462otlkit-xt-2\/#breadcrumb"},"inLanguage":"es","potentialAction":[{"@type":"ReadAction","target":["https:\/\/abaa.mx\/tienda\/positest-otl-kit-xt-defelsko-b462otlkit-xt-2\/"]}]},{"@type":"ImageObject","inLanguage":"es","@id":"https:\/\/abaa.mx\/tienda\/positest-otl-kit-xt-defelsko-b462otlkit-xt-2\/#primaryimage","url":"https:\/\/abaa.mx\/tienda\/wp-content\/uploads\/2023\/12\/DEFELSKO-B462OTLKIT-XT.jpg","contentUrl":"https:\/\/abaa.mx\/tienda\/wp-content\/uploads\/2023\/12\/DEFELSKO-B462OTLKIT-XT.jpg","width":386,"height":294,"caption":"DEFELSKO-B462OTLKIT-XT"},{"@type":"BreadcrumbList","@id":"https:\/\/abaa.mx\/tienda\/positest-otl-kit-xt-defelsko-b462otlkit-xt-2\/#breadcrumb","itemListElement":[{"@type":"ListItem","position":1,"name":"Inicio","item":"https:\/\/abaa.mx\/tienda\/"},{"@type":"ListItem","position":2,"name":"Tienda","item":"https:\/\/abaa.mx\/tienda\/"},{"@type":"ListItem","position":3,"name":"PosiTest OTL Kit -XT, DeFelsko B462OTLKIT-XT"}]},{"@type":"WebSite","@id":"https:\/\/abaa.mx\/tienda\/#website","url":"https:\/\/abaa.mx\/tienda\/","name":"Abaa tienda online","description":"Instrumentos de medici\u00f3n","publisher":{"@id":"https:\/\/abaa.mx\/tienda\/#organization"},"potentialAction":[{"@type":"SearchAction","target":{"@type":"EntryPoint","urlTemplate":"https:\/\/abaa.mx\/tienda\/?s={search_term_string}"},"query-input":{"@type":"PropertyValueSpecification","valueRequired":true,"valueName":"search_term_string"}}],"inLanguage":"es"},{"@type":"Organization","@id":"https:\/\/abaa.mx\/tienda\/#organization","name":"Abaa tienda online","url":"https:\/\/abaa.mx\/tienda\/","logo":{"@type":"ImageObject","inLanguage":"es","@id":"https:\/\/abaa.mx\/tienda\/#\/schema\/logo\/image\/","url":"https:\/\/abaa.mx\/tienda\/wp-content\/uploads\/2024\/01\/abaa-metrologia-tienda.png","contentUrl":"https:\/\/abaa.mx\/tienda\/wp-content\/uploads\/2024\/01\/abaa-metrologia-tienda.png","width":300,"height":141,"caption":"Abaa tienda online"},"image":{"@id":"https:\/\/abaa.mx\/tienda\/#\/schema\/logo\/image\/"}}]}},"_links":{"self":[{"href":"https:\/\/abaa.mx\/tienda\/wp-json\/wp\/v2\/product\/9526","targetHints":{"allow":["GET"]}}],"collection":[{"href":"https:\/\/abaa.mx\/tienda\/wp-json\/wp\/v2\/product"}],"about":[{"href":"https:\/\/abaa.mx\/tienda\/wp-json\/wp\/v2\/types\/product"}],"replies":[{"embeddable":true,"href":"https:\/\/abaa.mx\/tienda\/wp-json\/wp\/v2\/comments?post=9526"}],"wp:featuredmedia":[{"embeddable":true,"href":"https:\/\/abaa.mx\/tienda\/wp-json\/wp\/v2\/media\/9532"}],"wp:attachment":[{"href":"https:\/\/abaa.mx\/tienda\/wp-json\/wp\/v2\/media?parent=9526"}],"wp:term":[{"taxonomy":"product_brand","embeddable":true,"href":"https:\/\/abaa.mx\/tienda\/wp-json\/wp\/v2\/product_brand?post=9526"},{"taxonomy":"product_cat","embeddable":true,"href":"https:\/\/abaa.mx\/tienda\/wp-json\/wp\/v2\/product_cat?post=9526"},{"taxonomy":"product_tag","embeddable":true,"href":"https:\/\/abaa.mx\/tienda\/wp-json\/wp\/v2\/product_tag?post=9526"}],"curies":[{"name":"wp","href":"https:\/\/api.w.org\/{rel}","templated":true}]}}