{"id":9473,"date":"2023-11-29T15:33:35","date_gmt":"2023-11-29T15:33:35","guid":{"rendered":"https:\/\/abaa.mx\/tienda\/?post_type=product&#038;p=9473"},"modified":"2023-11-29T15:33:35","modified_gmt":"2023-11-29T15:33:35","slug":"viscosimetro-digital-touch-bgd152-1","status":"publish","type":"product","link":"https:\/\/abaa.mx\/tienda\/viscosimetro-digital-touch-bgd152-1\/","title":{"rendered":"Viscosimetro Digital Touch BGD152-1"},"content":{"rendered":"<p>Viscosimetro Digital Touch BGD152-1.<\/p>\n","protected":false},"excerpt":{"rendered":"<p>El Viscos\u00edmetro rotatorio digital modelo BGD152\/1 es la alternativa actual en comparaci\u00f3n con la utilizaci\u00f3n del viscos\u00edmetro rotativo de car\u00e1tula. Realiza las mediciones a trav\u00e9s de un circuito tipo microcomputador que mide la viscosidad de una exhibe liquida y despliega en pantalla el resultado de la medici\u00f3n y todos y cada uno de los factores de la prueba. Extensamente sugerido para medir viscosidad en grasa, pintura, alimentos, f\u00e1rmacos , adhesivos, cosm\u00e9ticos y otras industrias e institutos de investigaci\u00f3n. Se aplica ampliamente en el campo de la qu\u00edmica de Petri, medicina, alimento, industria r\u00e1pida , industria textil, investigaci\u00f3n cient\u00edfica, entre otros.<\/p>\n<p><b>Caracter\u00edsticas:<\/b>\u00a0Cuenta con 4 rotores o agujas para medir distintas rangos de agilidad. El equipo tiene pre-establecidas cuatro velocidades de giro del rotor. Se obtienen los valores de forma directa en la pantalla. Caso de que la medici\u00f3n rebase el margen seleccionad para la medici\u00f3n, emitir\u00e1 una alarma auditiva.<\/p>\n<p><b>Especificaciones:<\/b><\/p>\n<ul>\n<li>Peso:10Kg.<\/li>\n<li>Rango:0 a 100,000 mPa.s.<\/li>\n<li>Precisi\u00f3n: +\/- 5% Fluidos Newtonioneanos.<\/li>\n<li>Velocidad de Rotaci\u00f3n:6, 12, 30, 60 rev\/min.<\/li>\n<li>Dimensiones:410 x 350 x 440 mm (LxWxH).<\/li>\n<li>Fuente de Energ\u00eda: 110VCA\/60Hz.<\/li>\n<li>Unidades de Medici\u00f3n: Mega Pascal segundo(MPas), Centipoise (cP).<\/li>\n<li>Rotores o propelas: #1, #2, #3, #4.<\/li>\n<\/ul>\n","protected":false},"featured_media":9484,"comment_status":"open","ping_status":"closed","template":"","meta":{"_joinchat":[]},"product_brand":[],"product_cat":[15],"product_tag":[],"class_list":{"0":"post-9473","1":"product","2":"type-product","3":"status-publish","4":"has-post-thumbnail","6":"product_cat-sin-categorizar","8":"first","9":"instock","10":"shipping-taxable","11":"product-type-simple"},"yoast_head":"<!-- This site is optimized with the Yoast SEO plugin v26.4 - https:\/\/yoast.com\/wordpress\/plugins\/seo\/ -->\n<title>Viscosimetro Digital Touch BGD152-1 - Abaa tienda online<\/title>\n<meta name=\"robots\" content=\"index, follow, max-snippet:-1, max-image-preview:large, max-video-preview:-1\" \/>\n<link rel=\"canonical\" href=\"https:\/\/abaa.mx\/tienda\/viscosimetro-digital-touch-bgd152-1\/\" \/>\n<meta property=\"og:locale\" content=\"es_MX\" \/>\n<meta property=\"og:type\" content=\"article\" \/>\n<meta property=\"og:title\" content=\"Viscosimetro Digital Touch BGD152-1 - Abaa tienda online\" \/>\n<meta property=\"og:description\" content=\"El Viscos\u00edmetro rotatorio digital modelo BGD152\/1 es la alternativa actual en comparaci\u00f3n con la utilizaci\u00f3n del viscos\u00edmetro rotativo de car\u00e1tula. Realiza las mediciones a trav\u00e9s de un circuito tipo microcomputador que mide la viscosidad de una exhibe liquida y despliega en pantalla el resultado de la medici\u00f3n y todos y cada uno de los factores de la prueba. Extensamente sugerido para medir viscosidad en grasa, pintura, alimentos, f\u00e1rmacos , adhesivos, cosm\u00e9ticos y otras industrias e institutos de investigaci\u00f3n. Se aplica ampliamente en el campo de la qu\u00edmica de Petri, medicina, alimento, industria r\u00e1pida , industria textil, investigaci\u00f3n cient\u00edfica, entre otros.  Caracter\u00edsticas:\u00a0Cuenta con 4 rotores o agujas para medir distintas rangos de agilidad. El equipo tiene pre-establecidas cuatro velocidades de giro del rotor. Se obtienen los valores de forma directa en la pantalla. Caso de que la medici\u00f3n rebase el margen seleccionad para la medici\u00f3n, emitir\u00e1 una alarma auditiva.  Especificaciones:   Peso:10Kg.  Rango:0 a 100,000 mPa.s.  Precisi\u00f3n: +\/- 5% Fluidos Newtonioneanos.  Velocidad de Rotaci\u00f3n:6, 12, 30, 60 rev\/min.  Dimensiones:410 x 350 x 440 mm (LxWxH).  Fuente de Energ\u00eda: 110VCA\/60Hz.  Unidades de Medici\u00f3n: Mega Pascal segundo(MPas), Centipoise (cP).  Rotores o propelas: #1, #2, #3, #4.\" \/>\n<meta property=\"og:url\" content=\"https:\/\/abaa.mx\/tienda\/viscosimetro-digital-touch-bgd152-1\/\" \/>\n<meta property=\"og:site_name\" content=\"Abaa tienda online\" \/>\n<meta property=\"og:image\" content=\"https:\/\/abaa.mx\/tienda\/wp-content\/uploads\/2023\/11\/BIUGED-BGD152-1.jpg\" \/>\n\t<meta property=\"og:image:width\" content=\"507\" \/>\n\t<meta property=\"og:image:height\" content=\"564\" \/>\n\t<meta property=\"og:image:type\" content=\"image\/jpeg\" \/>\n<meta name=\"twitter:card\" content=\"summary_large_image\" \/>\n<meta name=\"twitter:label1\" content=\"Tiempo de lectura\" \/>\n\t<meta name=\"twitter:data1\" content=\"1 minuto\" \/>\n<script type=\"application\/ld+json\" class=\"yoast-schema-graph\">{\"@context\":\"https:\/\/schema.org\",\"@graph\":[{\"@type\":\"WebPage\",\"@id\":\"https:\/\/abaa.mx\/tienda\/viscosimetro-digital-touch-bgd152-1\/\",\"url\":\"https:\/\/abaa.mx\/tienda\/viscosimetro-digital-touch-bgd152-1\/\",\"name\":\"Viscosimetro Digital Touch BGD152-1 - Abaa tienda online\",\"isPartOf\":{\"@id\":\"https:\/\/abaa.mx\/tienda\/#website\"},\"primaryImageOfPage\":{\"@id\":\"https:\/\/abaa.mx\/tienda\/viscosimetro-digital-touch-bgd152-1\/#primaryimage\"},\"image\":{\"@id\":\"https:\/\/abaa.mx\/tienda\/viscosimetro-digital-touch-bgd152-1\/#primaryimage\"},\"thumbnailUrl\":\"https:\/\/abaa.mx\/tienda\/wp-content\/uploads\/2023\/11\/BIUGED-BGD152-1.jpg\",\"datePublished\":\"2023-11-29T15:33:35+00:00\",\"breadcrumb\":{\"@id\":\"https:\/\/abaa.mx\/tienda\/viscosimetro-digital-touch-bgd152-1\/#breadcrumb\"},\"inLanguage\":\"es\",\"potentialAction\":[{\"@type\":\"ReadAction\",\"target\":[\"https:\/\/abaa.mx\/tienda\/viscosimetro-digital-touch-bgd152-1\/\"]}]},{\"@type\":\"ImageObject\",\"inLanguage\":\"es\",\"@id\":\"https:\/\/abaa.mx\/tienda\/viscosimetro-digital-touch-bgd152-1\/#primaryimage\",\"url\":\"https:\/\/abaa.mx\/tienda\/wp-content\/uploads\/2023\/11\/BIUGED-BGD152-1.jpg\",\"contentUrl\":\"https:\/\/abaa.mx\/tienda\/wp-content\/uploads\/2023\/11\/BIUGED-BGD152-1.jpg\",\"width\":507,\"height\":564,\"caption\":\"BIUGED-BGD152-1\"},{\"@type\":\"BreadcrumbList\",\"@id\":\"https:\/\/abaa.mx\/tienda\/viscosimetro-digital-touch-bgd152-1\/#breadcrumb\",\"itemListElement\":[{\"@type\":\"ListItem\",\"position\":1,\"name\":\"Inicio\",\"item\":\"https:\/\/abaa.mx\/tienda\/\"},{\"@type\":\"ListItem\",\"position\":2,\"name\":\"Tienda\",\"item\":\"https:\/\/abaa.mx\/tienda\/\"},{\"@type\":\"ListItem\",\"position\":3,\"name\":\"Viscosimetro Digital Touch BGD152-1\"}]},{\"@type\":\"WebSite\",\"@id\":\"https:\/\/abaa.mx\/tienda\/#website\",\"url\":\"https:\/\/abaa.mx\/tienda\/\",\"name\":\"Abaa tienda online\",\"description\":\"Instrumentos de medici\u00f3n\",\"publisher\":{\"@id\":\"https:\/\/abaa.mx\/tienda\/#organization\"},\"potentialAction\":[{\"@type\":\"SearchAction\",\"target\":{\"@type\":\"EntryPoint\",\"urlTemplate\":\"https:\/\/abaa.mx\/tienda\/?s={search_term_string}\"},\"query-input\":{\"@type\":\"PropertyValueSpecification\",\"valueRequired\":true,\"valueName\":\"search_term_string\"}}],\"inLanguage\":\"es\"},{\"@type\":\"Organization\",\"@id\":\"https:\/\/abaa.mx\/tienda\/#organization\",\"name\":\"Abaa tienda online\",\"url\":\"https:\/\/abaa.mx\/tienda\/\",\"logo\":{\"@type\":\"ImageObject\",\"inLanguage\":\"es\",\"@id\":\"https:\/\/abaa.mx\/tienda\/#\/schema\/logo\/image\/\",\"url\":\"https:\/\/abaa.mx\/tienda\/wp-content\/uploads\/2024\/01\/abaa-metrologia-tienda.png\",\"contentUrl\":\"https:\/\/abaa.mx\/tienda\/wp-content\/uploads\/2024\/01\/abaa-metrologia-tienda.png\",\"width\":300,\"height\":141,\"caption\":\"Abaa tienda online\"},\"image\":{\"@id\":\"https:\/\/abaa.mx\/tienda\/#\/schema\/logo\/image\/\"}}]}<\/script>\n<!-- \/ Yoast SEO plugin. -->","yoast_head_json":{"title":"Viscosimetro Digital Touch BGD152-1 - Abaa tienda online","robots":{"index":"index","follow":"follow","max-snippet":"max-snippet:-1","max-image-preview":"max-image-preview:large","max-video-preview":"max-video-preview:-1"},"canonical":"https:\/\/abaa.mx\/tienda\/viscosimetro-digital-touch-bgd152-1\/","og_locale":"es_MX","og_type":"article","og_title":"Viscosimetro Digital Touch BGD152-1 - Abaa tienda online","og_description":"El Viscos\u00edmetro rotatorio digital modelo BGD152\/1 es la alternativa actual en comparaci\u00f3n con la utilizaci\u00f3n del viscos\u00edmetro rotativo de car\u00e1tula. Realiza las mediciones a trav\u00e9s de un circuito tipo microcomputador que mide la viscosidad de una exhibe liquida y despliega en pantalla el resultado de la medici\u00f3n y todos y cada uno de los factores de la prueba. Extensamente sugerido para medir viscosidad en grasa, pintura, alimentos, f\u00e1rmacos , adhesivos, cosm\u00e9ticos y otras industrias e institutos de investigaci\u00f3n. Se aplica ampliamente en el campo de la qu\u00edmica de Petri, medicina, alimento, industria r\u00e1pida , industria textil, investigaci\u00f3n cient\u00edfica, entre otros.  Caracter\u00edsticas:\u00a0Cuenta con 4 rotores o agujas para medir distintas rangos de agilidad. El equipo tiene pre-establecidas cuatro velocidades de giro del rotor. Se obtienen los valores de forma directa en la pantalla. Caso de que la medici\u00f3n rebase el margen seleccionad para la medici\u00f3n, emitir\u00e1 una alarma auditiva.  Especificaciones:   Peso:10Kg.  Rango:0 a 100,000 mPa.s.  Precisi\u00f3n: +\/- 5% Fluidos Newtonioneanos.  Velocidad de Rotaci\u00f3n:6, 12, 30, 60 rev\/min.  Dimensiones:410 x 350 x 440 mm (LxWxH).  Fuente de Energ\u00eda: 110VCA\/60Hz.  Unidades de Medici\u00f3n: Mega Pascal segundo(MPas), Centipoise (cP).  Rotores o propelas: #1, #2, #3, #4.","og_url":"https:\/\/abaa.mx\/tienda\/viscosimetro-digital-touch-bgd152-1\/","og_site_name":"Abaa tienda online","og_image":[{"width":507,"height":564,"url":"https:\/\/abaa.mx\/tienda\/wp-content\/uploads\/2023\/11\/BIUGED-BGD152-1.jpg","type":"image\/jpeg"}],"twitter_card":"summary_large_image","twitter_misc":{"Tiempo de lectura":"1 minuto"},"schema":{"@context":"https:\/\/schema.org","@graph":[{"@type":"WebPage","@id":"https:\/\/abaa.mx\/tienda\/viscosimetro-digital-touch-bgd152-1\/","url":"https:\/\/abaa.mx\/tienda\/viscosimetro-digital-touch-bgd152-1\/","name":"Viscosimetro Digital Touch BGD152-1 - Abaa tienda online","isPartOf":{"@id":"https:\/\/abaa.mx\/tienda\/#website"},"primaryImageOfPage":{"@id":"https:\/\/abaa.mx\/tienda\/viscosimetro-digital-touch-bgd152-1\/#primaryimage"},"image":{"@id":"https:\/\/abaa.mx\/tienda\/viscosimetro-digital-touch-bgd152-1\/#primaryimage"},"thumbnailUrl":"https:\/\/abaa.mx\/tienda\/wp-content\/uploads\/2023\/11\/BIUGED-BGD152-1.jpg","datePublished":"2023-11-29T15:33:35+00:00","breadcrumb":{"@id":"https:\/\/abaa.mx\/tienda\/viscosimetro-digital-touch-bgd152-1\/#breadcrumb"},"inLanguage":"es","potentialAction":[{"@type":"ReadAction","target":["https:\/\/abaa.mx\/tienda\/viscosimetro-digital-touch-bgd152-1\/"]}]},{"@type":"ImageObject","inLanguage":"es","@id":"https:\/\/abaa.mx\/tienda\/viscosimetro-digital-touch-bgd152-1\/#primaryimage","url":"https:\/\/abaa.mx\/tienda\/wp-content\/uploads\/2023\/11\/BIUGED-BGD152-1.jpg","contentUrl":"https:\/\/abaa.mx\/tienda\/wp-content\/uploads\/2023\/11\/BIUGED-BGD152-1.jpg","width":507,"height":564,"caption":"BIUGED-BGD152-1"},{"@type":"BreadcrumbList","@id":"https:\/\/abaa.mx\/tienda\/viscosimetro-digital-touch-bgd152-1\/#breadcrumb","itemListElement":[{"@type":"ListItem","position":1,"name":"Inicio","item":"https:\/\/abaa.mx\/tienda\/"},{"@type":"ListItem","position":2,"name":"Tienda","item":"https:\/\/abaa.mx\/tienda\/"},{"@type":"ListItem","position":3,"name":"Viscosimetro Digital Touch BGD152-1"}]},{"@type":"WebSite","@id":"https:\/\/abaa.mx\/tienda\/#website","url":"https:\/\/abaa.mx\/tienda\/","name":"Abaa tienda online","description":"Instrumentos de medici\u00f3n","publisher":{"@id":"https:\/\/abaa.mx\/tienda\/#organization"},"potentialAction":[{"@type":"SearchAction","target":{"@type":"EntryPoint","urlTemplate":"https:\/\/abaa.mx\/tienda\/?s={search_term_string}"},"query-input":{"@type":"PropertyValueSpecification","valueRequired":true,"valueName":"search_term_string"}}],"inLanguage":"es"},{"@type":"Organization","@id":"https:\/\/abaa.mx\/tienda\/#organization","name":"Abaa tienda online","url":"https:\/\/abaa.mx\/tienda\/","logo":{"@type":"ImageObject","inLanguage":"es","@id":"https:\/\/abaa.mx\/tienda\/#\/schema\/logo\/image\/","url":"https:\/\/abaa.mx\/tienda\/wp-content\/uploads\/2024\/01\/abaa-metrologia-tienda.png","contentUrl":"https:\/\/abaa.mx\/tienda\/wp-content\/uploads\/2024\/01\/abaa-metrologia-tienda.png","width":300,"height":141,"caption":"Abaa tienda online"},"image":{"@id":"https:\/\/abaa.mx\/tienda\/#\/schema\/logo\/image\/"}}]}},"_links":{"self":[{"href":"https:\/\/abaa.mx\/tienda\/wp-json\/wp\/v2\/product\/9473","targetHints":{"allow":["GET"]}}],"collection":[{"href":"https:\/\/abaa.mx\/tienda\/wp-json\/wp\/v2\/product"}],"about":[{"href":"https:\/\/abaa.mx\/tienda\/wp-json\/wp\/v2\/types\/product"}],"replies":[{"embeddable":true,"href":"https:\/\/abaa.mx\/tienda\/wp-json\/wp\/v2\/comments?post=9473"}],"wp:featuredmedia":[{"embeddable":true,"href":"https:\/\/abaa.mx\/tienda\/wp-json\/wp\/v2\/media\/9484"}],"wp:attachment":[{"href":"https:\/\/abaa.mx\/tienda\/wp-json\/wp\/v2\/media?parent=9473"}],"wp:term":[{"taxonomy":"product_brand","embeddable":true,"href":"https:\/\/abaa.mx\/tienda\/wp-json\/wp\/v2\/product_brand?post=9473"},{"taxonomy":"product_cat","embeddable":true,"href":"https:\/\/abaa.mx\/tienda\/wp-json\/wp\/v2\/product_cat?post=9473"},{"taxonomy":"product_tag","embeddable":true,"href":"https:\/\/abaa.mx\/tienda\/wp-json\/wp\/v2\/product_tag?post=9473"}],"curies":[{"name":"wp","href":"https:\/\/api.w.org\/{rel}","templated":true}]}}