{"id":9368,"date":"2023-11-28T17:33:38","date_gmt":"2023-11-28T17:33:38","guid":{"rendered":"https:\/\/abaa.mx\/tienda\/?post_type=product&#038;p=9368"},"modified":"2023-11-28T17:33:39","modified_gmt":"2023-11-28T17:33:39","slug":"medidor-de-blancura-para-polvos-0-199-sb2","status":"publish","type":"product","link":"https:\/\/abaa.mx\/tienda\/medidor-de-blancura-para-polvos-0-199-sb2\/","title":{"rendered":"Medidor de Blancura para Polvos 0-199 SB2"},"content":{"rendered":"<p>Medidor de Blancura para Polvos 0-199 SB2.<\/p>\n","protected":false},"excerpt":{"rendered":"<p>El instrumento de nivel de blanqueamiento de la serie WSB con la pantalla digital es principalmente aplicable a la medici\u00f3n del nivel de blanqueamiento en la \u00e1rea del objeto o el polvo en el color blanco y el color cerca del blanco. El grado de blanqueamiento puede educar con precisi\u00f3n que es consistente con el nivel visual. El nivel de opacidad del papel asimismo se puede medir con precisi\u00f3n.<br \/>\nEste instrumento se puede aplicar extensamente para medir el grado de blanqueamiento de los elementos como textil e impresi\u00f3n y muriendo pintura al \u00f3leo y yerba , material de construcci\u00f3n qu\u00edmica, papel y placa de papel, producto pl\u00e1stico, cemento blanco, cer\u00e1mica, esmalte de porcelana , arcilla de porcelana , tiza francesa, almid\u00f3n, harina, sal, Lavar, y cosm\u00e9ticos , etc.<\/p>\n<p><b>Caracter\u00edsticas:<\/b><\/p>\n<ul>\n<li>Rango de medici\u00f3n: 0 ~ 199.<\/li>\n<li>El dise\u00f1o con la plataforma activable, puede prevenir con eficacia el fen\u00f3meno de la fuga en la medici\u00f3n agujero.<\/li>\n<li>El funcionamiento sencillo y puede medir con precisi\u00f3n el grado de opacidad del papel<\/li>\n<li>Pantalla: pantalla LCD de cristal l\u00edquido.<\/li>\n<li>Ambiente de funcionamiento: temperatura (5 \u2103 ~ 35 \u2103); Humedad (\u2264 85% RH)<\/li>\n<li>Adopta los componentes de calidad importados y originales, con el circuito de alta eficiencia y bajo spoilage, Y con la buena fiabilidad.<\/li>\n<li>F\u00f3rmula de Blancura: blancura con luz azul WB = R457.<\/li>\n<li>Se ha probado y depurado estrictamente, e implementado en el est\u00e1ndar empresarial Q\/TDKY02-2004, que se puede aplicar a est\u00e1ndares nacionales como GB2913, GB5950, gb8940,1, GB12097, gb13025,2, etc.<\/li>\n<li>Condiciones de prueba de iluminaci\u00f3n: En l\u00ednea con las regulaciones GB\/T3978 45\/0.<\/li>\n<li>Error de indicaci\u00f3n: \u2264 \u00b1 1.<\/li>\n<li>Adopta la placa blanca est\u00e1ndar clasificada central para transmitir el valor est\u00e1ndar, Y la medici\u00f3n es precisa y fiable.<\/li>\n<li>Ambiente de transporte y almacenamiento: temperatura (-20 \u2103 ~ 50 \u2103); Humedad (\u2264 90% RH).<\/li>\n<li>Indicaci\u00f3n m\u00ednima: 0,1.<\/li>\n<li>Fuente de luz: fuente de luz LED.<\/li>\n<li>Repetibilidad de medici\u00f3n: 0,2.<\/li>\n<li>Apertura de medici\u00f3n: \uffe0<\/li>\n<li>Fuente de alimentaci\u00f3n: ca 110V.<\/li>\n<\/ul>\n","protected":false},"featured_media":9448,"comment_status":"open","ping_status":"closed","template":"","meta":{"_joinchat":[]},"product_brand":[],"product_cat":[15],"product_tag":[],"class_list":{"0":"post-9368","1":"product","2":"type-product","3":"status-publish","4":"has-post-thumbnail","6":"product_cat-sin-categorizar","8":"first","9":"instock","10":"shipping-taxable","11":"product-type-simple"},"yoast_head":"<!-- This site is optimized with the Yoast SEO plugin v26.4 - https:\/\/yoast.com\/wordpress\/plugins\/seo\/ -->\n<title>Medidor de Blancura para Polvos 0-199 SB2 - Abaa tienda online<\/title>\n<meta name=\"robots\" content=\"index, follow, max-snippet:-1, max-image-preview:large, max-video-preview:-1\" \/>\n<link rel=\"canonical\" href=\"https:\/\/abaa.mx\/tienda\/medidor-de-blancura-para-polvos-0-199-sb2\/\" \/>\n<meta property=\"og:locale\" content=\"es_MX\" \/>\n<meta property=\"og:type\" content=\"article\" \/>\n<meta property=\"og:title\" content=\"Medidor de Blancura para Polvos 0-199 SB2 - Abaa tienda online\" \/>\n<meta property=\"og:description\" content=\"El instrumento de nivel de blanqueamiento de la serie WSB con la pantalla digital es principalmente aplicable a la medici\u00f3n del nivel de blanqueamiento en la \u00e1rea del objeto o el polvo en el color blanco y el color cerca del blanco. El grado de blanqueamiento puede educar con precisi\u00f3n que es consistente con el nivel visual. El nivel de opacidad del papel asimismo se puede medir con precisi\u00f3n. Este instrumento se puede aplicar extensamente para medir el grado de blanqueamiento de los elementos como textil e impresi\u00f3n y muriendo pintura al \u00f3leo y yerba , material de construcci\u00f3n qu\u00edmica, papel y placa de papel, producto pl\u00e1stico, cemento blanco, cer\u00e1mica, esmalte de porcelana , arcilla de porcelana , tiza francesa, almid\u00f3n, harina, sal, Lavar, y cosm\u00e9ticos , etc.  Caracter\u00edsticas:   Rango de medici\u00f3n: 0 ~ 199.  El dise\u00f1o con la plataforma activable, puede prevenir con eficacia el fen\u00f3meno de la fuga en la medici\u00f3n agujero.  El funcionamiento sencillo y puede medir con precisi\u00f3n el grado de opacidad del papel  Pantalla: pantalla LCD de cristal l\u00edquido.  Ambiente de funcionamiento: temperatura (5 \u2103 ~ 35 \u2103); Humedad (\u2264 85% RH)  Adopta los componentes de calidad importados y originales, con el circuito de alta eficiencia y bajo spoilage, Y con la buena fiabilidad.  F\u00f3rmula de Blancura: blancura con luz azul WB = R457.  Se ha probado y depurado estrictamente, e implementado en el est\u00e1ndar empresarial Q\/TDKY02-2004, que se puede aplicar a est\u00e1ndares nacionales como GB2913, GB5950, gb8940,1, GB12097, gb13025,2, etc.  Condiciones de prueba de iluminaci\u00f3n: En l\u00ednea con las regulaciones GB\/T3978 45\/0.  Error de indicaci\u00f3n: \u2264 \u00b1 1.  Adopta la placa blanca est\u00e1ndar clasificada central para transmitir el valor est\u00e1ndar, Y la medici\u00f3n es precisa y fiable.  Ambiente de transporte y almacenamiento: temperatura (-20 \u2103 ~ 50 \u2103); Humedad (\u2264 90% RH).  Indicaci\u00f3n m\u00ednima: 0,1.  Fuente de luz: fuente de luz LED.  Repetibilidad de medici\u00f3n: 0,2.  Apertura de medici\u00f3n: \uffe0  Fuente de alimentaci\u00f3n: ca 110V.\" \/>\n<meta property=\"og:url\" content=\"https:\/\/abaa.mx\/tienda\/medidor-de-blancura-para-polvos-0-199-sb2\/\" \/>\n<meta property=\"og:site_name\" content=\"Abaa tienda online\" \/>\n<meta property=\"article:modified_time\" content=\"2023-11-28T17:33:39+00:00\" \/>\n<meta property=\"og:image\" content=\"https:\/\/abaa.mx\/tienda\/wp-content\/uploads\/2023\/11\/ALFAMETRIC-Q1000-1.jpg\" \/>\n\t<meta property=\"og:image:width\" content=\"405\" \/>\n\t<meta property=\"og:image:height\" content=\"392\" \/>\n\t<meta property=\"og:image:type\" content=\"image\/jpeg\" \/>\n<meta name=\"twitter:card\" content=\"summary_large_image\" \/>\n<meta name=\"twitter:label1\" content=\"Tiempo de lectura\" \/>\n\t<meta name=\"twitter:data1\" content=\"1 minuto\" \/>\n<script type=\"application\/ld+json\" class=\"yoast-schema-graph\">{\"@context\":\"https:\/\/schema.org\",\"@graph\":[{\"@type\":\"WebPage\",\"@id\":\"https:\/\/abaa.mx\/tienda\/medidor-de-blancura-para-polvos-0-199-sb2\/\",\"url\":\"https:\/\/abaa.mx\/tienda\/medidor-de-blancura-para-polvos-0-199-sb2\/\",\"name\":\"Medidor de Blancura para Polvos 0-199 SB2 - Abaa tienda online\",\"isPartOf\":{\"@id\":\"https:\/\/abaa.mx\/tienda\/#website\"},\"primaryImageOfPage\":{\"@id\":\"https:\/\/abaa.mx\/tienda\/medidor-de-blancura-para-polvos-0-199-sb2\/#primaryimage\"},\"image\":{\"@id\":\"https:\/\/abaa.mx\/tienda\/medidor-de-blancura-para-polvos-0-199-sb2\/#primaryimage\"},\"thumbnailUrl\":\"https:\/\/abaa.mx\/tienda\/wp-content\/uploads\/2023\/11\/ALFAMETRIC-Q1000-1.jpg\",\"datePublished\":\"2023-11-28T17:33:38+00:00\",\"dateModified\":\"2023-11-28T17:33:39+00:00\",\"breadcrumb\":{\"@id\":\"https:\/\/abaa.mx\/tienda\/medidor-de-blancura-para-polvos-0-199-sb2\/#breadcrumb\"},\"inLanguage\":\"es\",\"potentialAction\":[{\"@type\":\"ReadAction\",\"target\":[\"https:\/\/abaa.mx\/tienda\/medidor-de-blancura-para-polvos-0-199-sb2\/\"]}]},{\"@type\":\"ImageObject\",\"inLanguage\":\"es\",\"@id\":\"https:\/\/abaa.mx\/tienda\/medidor-de-blancura-para-polvos-0-199-sb2\/#primaryimage\",\"url\":\"https:\/\/abaa.mx\/tienda\/wp-content\/uploads\/2023\/11\/ALFAMETRIC-Q1000-1.jpg\",\"contentUrl\":\"https:\/\/abaa.mx\/tienda\/wp-content\/uploads\/2023\/11\/ALFAMETRIC-Q1000-1.jpg\",\"width\":405,\"height\":392,\"caption\":\"ALFAMETRIC-Q1000\"},{\"@type\":\"BreadcrumbList\",\"@id\":\"https:\/\/abaa.mx\/tienda\/medidor-de-blancura-para-polvos-0-199-sb2\/#breadcrumb\",\"itemListElement\":[{\"@type\":\"ListItem\",\"position\":1,\"name\":\"Inicio\",\"item\":\"https:\/\/abaa.mx\/tienda\/\"},{\"@type\":\"ListItem\",\"position\":2,\"name\":\"Tienda\",\"item\":\"https:\/\/abaa.mx\/tienda\/\"},{\"@type\":\"ListItem\",\"position\":3,\"name\":\"Medidor de Blancura para Polvos 0-199 SB2\"}]},{\"@type\":\"WebSite\",\"@id\":\"https:\/\/abaa.mx\/tienda\/#website\",\"url\":\"https:\/\/abaa.mx\/tienda\/\",\"name\":\"Abaa tienda online\",\"description\":\"Instrumentos de medici\u00f3n\",\"publisher\":{\"@id\":\"https:\/\/abaa.mx\/tienda\/#organization\"},\"potentialAction\":[{\"@type\":\"SearchAction\",\"target\":{\"@type\":\"EntryPoint\",\"urlTemplate\":\"https:\/\/abaa.mx\/tienda\/?s={search_term_string}\"},\"query-input\":{\"@type\":\"PropertyValueSpecification\",\"valueRequired\":true,\"valueName\":\"search_term_string\"}}],\"inLanguage\":\"es\"},{\"@type\":\"Organization\",\"@id\":\"https:\/\/abaa.mx\/tienda\/#organization\",\"name\":\"Abaa tienda online\",\"url\":\"https:\/\/abaa.mx\/tienda\/\",\"logo\":{\"@type\":\"ImageObject\",\"inLanguage\":\"es\",\"@id\":\"https:\/\/abaa.mx\/tienda\/#\/schema\/logo\/image\/\",\"url\":\"https:\/\/abaa.mx\/tienda\/wp-content\/uploads\/2024\/01\/abaa-metrologia-tienda.png\",\"contentUrl\":\"https:\/\/abaa.mx\/tienda\/wp-content\/uploads\/2024\/01\/abaa-metrologia-tienda.png\",\"width\":300,\"height\":141,\"caption\":\"Abaa tienda online\"},\"image\":{\"@id\":\"https:\/\/abaa.mx\/tienda\/#\/schema\/logo\/image\/\"}}]}<\/script>\n<!-- \/ Yoast SEO plugin. -->","yoast_head_json":{"title":"Medidor de Blancura para Polvos 0-199 SB2 - Abaa tienda online","robots":{"index":"index","follow":"follow","max-snippet":"max-snippet:-1","max-image-preview":"max-image-preview:large","max-video-preview":"max-video-preview:-1"},"canonical":"https:\/\/abaa.mx\/tienda\/medidor-de-blancura-para-polvos-0-199-sb2\/","og_locale":"es_MX","og_type":"article","og_title":"Medidor de Blancura para Polvos 0-199 SB2 - Abaa tienda online","og_description":"El instrumento de nivel de blanqueamiento de la serie WSB con la pantalla digital es principalmente aplicable a la medici\u00f3n del nivel de blanqueamiento en la \u00e1rea del objeto o el polvo en el color blanco y el color cerca del blanco. El grado de blanqueamiento puede educar con precisi\u00f3n que es consistente con el nivel visual. El nivel de opacidad del papel asimismo se puede medir con precisi\u00f3n. Este instrumento se puede aplicar extensamente para medir el grado de blanqueamiento de los elementos como textil e impresi\u00f3n y muriendo pintura al \u00f3leo y yerba , material de construcci\u00f3n qu\u00edmica, papel y placa de papel, producto pl\u00e1stico, cemento blanco, cer\u00e1mica, esmalte de porcelana , arcilla de porcelana , tiza francesa, almid\u00f3n, harina, sal, Lavar, y cosm\u00e9ticos , etc.  Caracter\u00edsticas:   Rango de medici\u00f3n: 0 ~ 199.  El dise\u00f1o con la plataforma activable, puede prevenir con eficacia el fen\u00f3meno de la fuga en la medici\u00f3n agujero.  El funcionamiento sencillo y puede medir con precisi\u00f3n el grado de opacidad del papel  Pantalla: pantalla LCD de cristal l\u00edquido.  Ambiente de funcionamiento: temperatura (5 \u2103 ~ 35 \u2103); Humedad (\u2264 85% RH)  Adopta los componentes de calidad importados y originales, con el circuito de alta eficiencia y bajo spoilage, Y con la buena fiabilidad.  F\u00f3rmula de Blancura: blancura con luz azul WB = R457.  Se ha probado y depurado estrictamente, e implementado en el est\u00e1ndar empresarial Q\/TDKY02-2004, que se puede aplicar a est\u00e1ndares nacionales como GB2913, GB5950, gb8940,1, GB12097, gb13025,2, etc.  Condiciones de prueba de iluminaci\u00f3n: En l\u00ednea con las regulaciones GB\/T3978 45\/0.  Error de indicaci\u00f3n: \u2264 \u00b1 1.  Adopta la placa blanca est\u00e1ndar clasificada central para transmitir el valor est\u00e1ndar, Y la medici\u00f3n es precisa y fiable.  Ambiente de transporte y almacenamiento: temperatura (-20 \u2103 ~ 50 \u2103); Humedad (\u2264 90% RH).  Indicaci\u00f3n m\u00ednima: 0,1.  Fuente de luz: fuente de luz LED.  Repetibilidad de medici\u00f3n: 0,2.  Apertura de medici\u00f3n: \uffe0  Fuente de alimentaci\u00f3n: ca 110V.","og_url":"https:\/\/abaa.mx\/tienda\/medidor-de-blancura-para-polvos-0-199-sb2\/","og_site_name":"Abaa tienda online","article_modified_time":"2023-11-28T17:33:39+00:00","og_image":[{"width":405,"height":392,"url":"https:\/\/abaa.mx\/tienda\/wp-content\/uploads\/2023\/11\/ALFAMETRIC-Q1000-1.jpg","type":"image\/jpeg"}],"twitter_card":"summary_large_image","twitter_misc":{"Tiempo de lectura":"1 minuto"},"schema":{"@context":"https:\/\/schema.org","@graph":[{"@type":"WebPage","@id":"https:\/\/abaa.mx\/tienda\/medidor-de-blancura-para-polvos-0-199-sb2\/","url":"https:\/\/abaa.mx\/tienda\/medidor-de-blancura-para-polvos-0-199-sb2\/","name":"Medidor de Blancura para Polvos 0-199 SB2 - Abaa tienda online","isPartOf":{"@id":"https:\/\/abaa.mx\/tienda\/#website"},"primaryImageOfPage":{"@id":"https:\/\/abaa.mx\/tienda\/medidor-de-blancura-para-polvos-0-199-sb2\/#primaryimage"},"image":{"@id":"https:\/\/abaa.mx\/tienda\/medidor-de-blancura-para-polvos-0-199-sb2\/#primaryimage"},"thumbnailUrl":"https:\/\/abaa.mx\/tienda\/wp-content\/uploads\/2023\/11\/ALFAMETRIC-Q1000-1.jpg","datePublished":"2023-11-28T17:33:38+00:00","dateModified":"2023-11-28T17:33:39+00:00","breadcrumb":{"@id":"https:\/\/abaa.mx\/tienda\/medidor-de-blancura-para-polvos-0-199-sb2\/#breadcrumb"},"inLanguage":"es","potentialAction":[{"@type":"ReadAction","target":["https:\/\/abaa.mx\/tienda\/medidor-de-blancura-para-polvos-0-199-sb2\/"]}]},{"@type":"ImageObject","inLanguage":"es","@id":"https:\/\/abaa.mx\/tienda\/medidor-de-blancura-para-polvos-0-199-sb2\/#primaryimage","url":"https:\/\/abaa.mx\/tienda\/wp-content\/uploads\/2023\/11\/ALFAMETRIC-Q1000-1.jpg","contentUrl":"https:\/\/abaa.mx\/tienda\/wp-content\/uploads\/2023\/11\/ALFAMETRIC-Q1000-1.jpg","width":405,"height":392,"caption":"ALFAMETRIC-Q1000"},{"@type":"BreadcrumbList","@id":"https:\/\/abaa.mx\/tienda\/medidor-de-blancura-para-polvos-0-199-sb2\/#breadcrumb","itemListElement":[{"@type":"ListItem","position":1,"name":"Inicio","item":"https:\/\/abaa.mx\/tienda\/"},{"@type":"ListItem","position":2,"name":"Tienda","item":"https:\/\/abaa.mx\/tienda\/"},{"@type":"ListItem","position":3,"name":"Medidor de Blancura para Polvos 0-199 SB2"}]},{"@type":"WebSite","@id":"https:\/\/abaa.mx\/tienda\/#website","url":"https:\/\/abaa.mx\/tienda\/","name":"Abaa tienda online","description":"Instrumentos de medici\u00f3n","publisher":{"@id":"https:\/\/abaa.mx\/tienda\/#organization"},"potentialAction":[{"@type":"SearchAction","target":{"@type":"EntryPoint","urlTemplate":"https:\/\/abaa.mx\/tienda\/?s={search_term_string}"},"query-input":{"@type":"PropertyValueSpecification","valueRequired":true,"valueName":"search_term_string"}}],"inLanguage":"es"},{"@type":"Organization","@id":"https:\/\/abaa.mx\/tienda\/#organization","name":"Abaa tienda online","url":"https:\/\/abaa.mx\/tienda\/","logo":{"@type":"ImageObject","inLanguage":"es","@id":"https:\/\/abaa.mx\/tienda\/#\/schema\/logo\/image\/","url":"https:\/\/abaa.mx\/tienda\/wp-content\/uploads\/2024\/01\/abaa-metrologia-tienda.png","contentUrl":"https:\/\/abaa.mx\/tienda\/wp-content\/uploads\/2024\/01\/abaa-metrologia-tienda.png","width":300,"height":141,"caption":"Abaa tienda online"},"image":{"@id":"https:\/\/abaa.mx\/tienda\/#\/schema\/logo\/image\/"}}]}},"_links":{"self":[{"href":"https:\/\/abaa.mx\/tienda\/wp-json\/wp\/v2\/product\/9368","targetHints":{"allow":["GET"]}}],"collection":[{"href":"https:\/\/abaa.mx\/tienda\/wp-json\/wp\/v2\/product"}],"about":[{"href":"https:\/\/abaa.mx\/tienda\/wp-json\/wp\/v2\/types\/product"}],"replies":[{"embeddable":true,"href":"https:\/\/abaa.mx\/tienda\/wp-json\/wp\/v2\/comments?post=9368"}],"wp:featuredmedia":[{"embeddable":true,"href":"https:\/\/abaa.mx\/tienda\/wp-json\/wp\/v2\/media\/9448"}],"wp:attachment":[{"href":"https:\/\/abaa.mx\/tienda\/wp-json\/wp\/v2\/media?parent=9368"}],"wp:term":[{"taxonomy":"product_brand","embeddable":true,"href":"https:\/\/abaa.mx\/tienda\/wp-json\/wp\/v2\/product_brand?post=9368"},{"taxonomy":"product_cat","embeddable":true,"href":"https:\/\/abaa.mx\/tienda\/wp-json\/wp\/v2\/product_cat?post=9368"},{"taxonomy":"product_tag","embeddable":true,"href":"https:\/\/abaa.mx\/tienda\/wp-json\/wp\/v2\/product_tag?post=9368"}],"curies":[{"name":"wp","href":"https:\/\/api.w.org\/{rel}","templated":true}]}}