{"id":9353,"date":"2023-11-27T16:37:37","date_gmt":"2023-11-27T16:37:37","guid":{"rendered":"https:\/\/abaa.mx\/tienda\/?post_type=product&#038;p=9353"},"modified":"2023-11-27T16:45:23","modified_gmt":"2023-11-27T16:45:23","slug":"penetrometro-para-frutas-analogo-ft-30","status":"publish","type":"product","link":"https:\/\/abaa.mx\/tienda\/penetrometro-para-frutas-analogo-ft-30\/","title":{"rendered":"Penetr\u00f3metro para Frutas An\u00e1logo FT-30"},"content":{"rendered":"<p>Penetr\u00f3metro para Frutas An\u00e1logo FT-30.<\/p>\n","protected":false},"excerpt":{"rendered":"<p>Penetr\u00f3metro para la medici\u00f3n de la dureza de las frutas que es un indicativo de la madurez para corte, almacenaje y venta. El nuevo penetr\u00f3metro de Wagner Instruments incluye una punta de nuevo dise\u00f1o con control de penetraci\u00f3n.<\/p>\n<h2><b>Caracter\u00edsticas:<\/b><\/h2>\n<ul>\n<li><strong>Construcci\u00f3n: <\/strong>El penetr\u00f3metro FT mejorado incluye un medidor de fuerza FDK que elimina las variaciones en capacidad o graduaci\u00f3n. La carcasa es de pl\u00e1stico aprueba de impactos y las puntas son de acero inoxidable resistente a la corrosi\u00f3n.<\/li>\n<li><strong>Operaci\u00f3n: <\/strong>Simplemente presione el FT en la pulpa de la fruta lentamente y con una fuerza uniforme hasta que la arandela l\u00edmite toque la pulpa.<\/li>\n<li><strong>Medici\u00f3n M\u00e1xima: <\/strong>La lectura m\u00e1xima se mantiene en el medidor hasta que oprima el bot\u00f3n.<\/li>\n<li><strong>Graduaciones: <\/strong>Se incluyen graduaciones en libras y gramos.<\/li>\n<li><strong>Accesorios incluidos: <\/strong>Punta, gancho, pelador, manual y estuche.<\/li>\n<li><strong>Tama\u00f1o: <\/strong>90 mm de largo con un peso de 90 gr.<\/li>\n<li><strong>Garant\u00eda: <\/strong>Un a\u00f1o limitado.<\/li>\n<\/ul>\n<h2><strong>Especificaciones:<\/strong><\/h2>\n<ul>\n<li><strong>Modelo: <\/strong>FT-30.<\/li>\n<li><strong>Capacidad \u2013 Graduaci\u00f3n: <\/strong>20 lbf x 1\/4 lbf \u2013 \u2013 \u2013 14 kgf x 100 gf.<\/li>\n<li><strong>Puntas Incluidas: <\/strong>5\/16? (8mm) y 7\/16? (11mm).<\/li>\n<li><strong>Aplicaci\u00f3n: <\/strong>Peras y Manzanas.<\/li>\n<\/ul>\n","protected":false},"featured_media":9355,"comment_status":"open","ping_status":"closed","template":"","meta":{"_joinchat":[]},"product_brand":[],"product_cat":[15],"product_tag":[],"class_list":{"0":"post-9353","1":"product","2":"type-product","3":"status-publish","4":"has-post-thumbnail","6":"product_cat-sin-categorizar","8":"first","9":"instock","10":"shipping-taxable","11":"product-type-simple"},"yoast_head":"<!-- This site is optimized with the Yoast SEO plugin v26.4 - https:\/\/yoast.com\/wordpress\/plugins\/seo\/ -->\n<title>Penetr\u00f3metro para Frutas An\u00e1logo FT-30 - Abaa tienda online<\/title>\n<meta name=\"robots\" content=\"index, follow, max-snippet:-1, max-image-preview:large, max-video-preview:-1\" \/>\n<link rel=\"canonical\" href=\"https:\/\/abaa.mx\/tienda\/penetrometro-para-frutas-analogo-ft-30\/\" \/>\n<meta property=\"og:locale\" content=\"es_MX\" \/>\n<meta property=\"og:type\" content=\"article\" \/>\n<meta property=\"og:title\" content=\"Penetr\u00f3metro para Frutas An\u00e1logo FT-30 - Abaa tienda online\" \/>\n<meta property=\"og:description\" content=\"Penetr\u00f3metro para la medici\u00f3n de la dureza de las frutas que es un indicativo de la madurez para corte, almacenaje y venta. El nuevo penetr\u00f3metro de Wagner Instruments incluye una punta de nuevo dise\u00f1o con control de penetraci\u00f3n. Caracter\u00edsticas:   Construcci\u00f3n: El penetr\u00f3metro FT mejorado incluye un medidor de fuerza FDK que elimina las variaciones en capacidad o graduaci\u00f3n. La carcasa es de pl\u00e1stico aprueba de impactos y las puntas son de acero inoxidable resistente a la corrosi\u00f3n.  Operaci\u00f3n: Simplemente presione el FT en la pulpa de la fruta lentamente y con una fuerza uniforme hasta que la arandela l\u00edmite toque la pulpa.  Medici\u00f3n M\u00e1xima: La lectura m\u00e1xima se mantiene en el medidor hasta que oprima el bot\u00f3n.  Graduaciones: Se incluyen graduaciones en libras y gramos.  Accesorios incluidos: Punta, gancho, pelador, manual y estuche.  Tama\u00f1o: 90 mm de largo con un peso de 90 gr.  Garant\u00eda: Un a\u00f1o limitado.  Especificaciones:   Modelo: FT-30.  Capacidad \u2013 Graduaci\u00f3n: 20 lbf x 1\/4 lbf \u2013 \u2013 \u2013 14 kgf x 100 gf.  Puntas Incluidas: 5\/16? (8mm) y 7\/16? (11mm).  Aplicaci\u00f3n: Peras y Manzanas.\" \/>\n<meta property=\"og:url\" content=\"https:\/\/abaa.mx\/tienda\/penetrometro-para-frutas-analogo-ft-30\/\" \/>\n<meta property=\"og:site_name\" content=\"Abaa tienda online\" \/>\n<meta property=\"article:modified_time\" content=\"2023-11-27T16:45:23+00:00\" \/>\n<meta property=\"og:image\" content=\"https:\/\/abaa.mx\/tienda\/wp-content\/uploads\/2023\/11\/WAGNER-FT-30.jpg\" \/>\n\t<meta property=\"og:image:width\" content=\"450\" \/>\n\t<meta property=\"og:image:height\" content=\"394\" \/>\n\t<meta property=\"og:image:type\" content=\"image\/jpeg\" \/>\n<meta name=\"twitter:card\" content=\"summary_large_image\" \/>\n<meta name=\"twitter:label1\" content=\"Tiempo de lectura\" \/>\n\t<meta name=\"twitter:data1\" content=\"1 minuto\" \/>\n<script type=\"application\/ld+json\" class=\"yoast-schema-graph\">{\"@context\":\"https:\/\/schema.org\",\"@graph\":[{\"@type\":\"WebPage\",\"@id\":\"https:\/\/abaa.mx\/tienda\/penetrometro-para-frutas-analogo-ft-30\/\",\"url\":\"https:\/\/abaa.mx\/tienda\/penetrometro-para-frutas-analogo-ft-30\/\",\"name\":\"Penetr\u00f3metro para Frutas An\u00e1logo FT-30 - Abaa tienda online\",\"isPartOf\":{\"@id\":\"https:\/\/abaa.mx\/tienda\/#website\"},\"primaryImageOfPage\":{\"@id\":\"https:\/\/abaa.mx\/tienda\/penetrometro-para-frutas-analogo-ft-30\/#primaryimage\"},\"image\":{\"@id\":\"https:\/\/abaa.mx\/tienda\/penetrometro-para-frutas-analogo-ft-30\/#primaryimage\"},\"thumbnailUrl\":\"https:\/\/abaa.mx\/tienda\/wp-content\/uploads\/2023\/11\/WAGNER-FT-30.jpg\",\"datePublished\":\"2023-11-27T16:37:37+00:00\",\"dateModified\":\"2023-11-27T16:45:23+00:00\",\"breadcrumb\":{\"@id\":\"https:\/\/abaa.mx\/tienda\/penetrometro-para-frutas-analogo-ft-30\/#breadcrumb\"},\"inLanguage\":\"es\",\"potentialAction\":[{\"@type\":\"ReadAction\",\"target\":[\"https:\/\/abaa.mx\/tienda\/penetrometro-para-frutas-analogo-ft-30\/\"]}]},{\"@type\":\"ImageObject\",\"inLanguage\":\"es\",\"@id\":\"https:\/\/abaa.mx\/tienda\/penetrometro-para-frutas-analogo-ft-30\/#primaryimage\",\"url\":\"https:\/\/abaa.mx\/tienda\/wp-content\/uploads\/2023\/11\/WAGNER-FT-30.jpg\",\"contentUrl\":\"https:\/\/abaa.mx\/tienda\/wp-content\/uploads\/2023\/11\/WAGNER-FT-30.jpg\",\"width\":450,\"height\":394,\"caption\":\"WAGNER-FT-30\"},{\"@type\":\"BreadcrumbList\",\"@id\":\"https:\/\/abaa.mx\/tienda\/penetrometro-para-frutas-analogo-ft-30\/#breadcrumb\",\"itemListElement\":[{\"@type\":\"ListItem\",\"position\":1,\"name\":\"Inicio\",\"item\":\"https:\/\/abaa.mx\/tienda\/\"},{\"@type\":\"ListItem\",\"position\":2,\"name\":\"Tienda\",\"item\":\"https:\/\/abaa.mx\/tienda\/\"},{\"@type\":\"ListItem\",\"position\":3,\"name\":\"Penetr\u00f3metro para Frutas An\u00e1logo FT-30\"}]},{\"@type\":\"WebSite\",\"@id\":\"https:\/\/abaa.mx\/tienda\/#website\",\"url\":\"https:\/\/abaa.mx\/tienda\/\",\"name\":\"Abaa tienda online\",\"description\":\"Instrumentos de medici\u00f3n\",\"publisher\":{\"@id\":\"https:\/\/abaa.mx\/tienda\/#organization\"},\"potentialAction\":[{\"@type\":\"SearchAction\",\"target\":{\"@type\":\"EntryPoint\",\"urlTemplate\":\"https:\/\/abaa.mx\/tienda\/?s={search_term_string}\"},\"query-input\":{\"@type\":\"PropertyValueSpecification\",\"valueRequired\":true,\"valueName\":\"search_term_string\"}}],\"inLanguage\":\"es\"},{\"@type\":\"Organization\",\"@id\":\"https:\/\/abaa.mx\/tienda\/#organization\",\"name\":\"Abaa tienda online\",\"url\":\"https:\/\/abaa.mx\/tienda\/\",\"logo\":{\"@type\":\"ImageObject\",\"inLanguage\":\"es\",\"@id\":\"https:\/\/abaa.mx\/tienda\/#\/schema\/logo\/image\/\",\"url\":\"https:\/\/abaa.mx\/tienda\/wp-content\/uploads\/2024\/01\/abaa-metrologia-tienda.png\",\"contentUrl\":\"https:\/\/abaa.mx\/tienda\/wp-content\/uploads\/2024\/01\/abaa-metrologia-tienda.png\",\"width\":300,\"height\":141,\"caption\":\"Abaa tienda online\"},\"image\":{\"@id\":\"https:\/\/abaa.mx\/tienda\/#\/schema\/logo\/image\/\"}}]}<\/script>\n<!-- \/ Yoast SEO plugin. -->","yoast_head_json":{"title":"Penetr\u00f3metro para Frutas An\u00e1logo FT-30 - Abaa tienda online","robots":{"index":"index","follow":"follow","max-snippet":"max-snippet:-1","max-image-preview":"max-image-preview:large","max-video-preview":"max-video-preview:-1"},"canonical":"https:\/\/abaa.mx\/tienda\/penetrometro-para-frutas-analogo-ft-30\/","og_locale":"es_MX","og_type":"article","og_title":"Penetr\u00f3metro para Frutas An\u00e1logo FT-30 - Abaa tienda online","og_description":"Penetr\u00f3metro para la medici\u00f3n de la dureza de las frutas que es un indicativo de la madurez para corte, almacenaje y venta. El nuevo penetr\u00f3metro de Wagner Instruments incluye una punta de nuevo dise\u00f1o con control de penetraci\u00f3n. Caracter\u00edsticas:   Construcci\u00f3n: El penetr\u00f3metro FT mejorado incluye un medidor de fuerza FDK que elimina las variaciones en capacidad o graduaci\u00f3n. La carcasa es de pl\u00e1stico aprueba de impactos y las puntas son de acero inoxidable resistente a la corrosi\u00f3n.  Operaci\u00f3n: Simplemente presione el FT en la pulpa de la fruta lentamente y con una fuerza uniforme hasta que la arandela l\u00edmite toque la pulpa.  Medici\u00f3n M\u00e1xima: La lectura m\u00e1xima se mantiene en el medidor hasta que oprima el bot\u00f3n.  Graduaciones: Se incluyen graduaciones en libras y gramos.  Accesorios incluidos: Punta, gancho, pelador, manual y estuche.  Tama\u00f1o: 90 mm de largo con un peso de 90 gr.  Garant\u00eda: Un a\u00f1o limitado.  Especificaciones:   Modelo: FT-30.  Capacidad \u2013 Graduaci\u00f3n: 20 lbf x 1\/4 lbf \u2013 \u2013 \u2013 14 kgf x 100 gf.  Puntas Incluidas: 5\/16? (8mm) y 7\/16? (11mm).  Aplicaci\u00f3n: Peras y Manzanas.","og_url":"https:\/\/abaa.mx\/tienda\/penetrometro-para-frutas-analogo-ft-30\/","og_site_name":"Abaa tienda online","article_modified_time":"2023-11-27T16:45:23+00:00","og_image":[{"width":450,"height":394,"url":"https:\/\/abaa.mx\/tienda\/wp-content\/uploads\/2023\/11\/WAGNER-FT-30.jpg","type":"image\/jpeg"}],"twitter_card":"summary_large_image","twitter_misc":{"Tiempo de lectura":"1 minuto"},"schema":{"@context":"https:\/\/schema.org","@graph":[{"@type":"WebPage","@id":"https:\/\/abaa.mx\/tienda\/penetrometro-para-frutas-analogo-ft-30\/","url":"https:\/\/abaa.mx\/tienda\/penetrometro-para-frutas-analogo-ft-30\/","name":"Penetr\u00f3metro para Frutas An\u00e1logo FT-30 - Abaa tienda online","isPartOf":{"@id":"https:\/\/abaa.mx\/tienda\/#website"},"primaryImageOfPage":{"@id":"https:\/\/abaa.mx\/tienda\/penetrometro-para-frutas-analogo-ft-30\/#primaryimage"},"image":{"@id":"https:\/\/abaa.mx\/tienda\/penetrometro-para-frutas-analogo-ft-30\/#primaryimage"},"thumbnailUrl":"https:\/\/abaa.mx\/tienda\/wp-content\/uploads\/2023\/11\/WAGNER-FT-30.jpg","datePublished":"2023-11-27T16:37:37+00:00","dateModified":"2023-11-27T16:45:23+00:00","breadcrumb":{"@id":"https:\/\/abaa.mx\/tienda\/penetrometro-para-frutas-analogo-ft-30\/#breadcrumb"},"inLanguage":"es","potentialAction":[{"@type":"ReadAction","target":["https:\/\/abaa.mx\/tienda\/penetrometro-para-frutas-analogo-ft-30\/"]}]},{"@type":"ImageObject","inLanguage":"es","@id":"https:\/\/abaa.mx\/tienda\/penetrometro-para-frutas-analogo-ft-30\/#primaryimage","url":"https:\/\/abaa.mx\/tienda\/wp-content\/uploads\/2023\/11\/WAGNER-FT-30.jpg","contentUrl":"https:\/\/abaa.mx\/tienda\/wp-content\/uploads\/2023\/11\/WAGNER-FT-30.jpg","width":450,"height":394,"caption":"WAGNER-FT-30"},{"@type":"BreadcrumbList","@id":"https:\/\/abaa.mx\/tienda\/penetrometro-para-frutas-analogo-ft-30\/#breadcrumb","itemListElement":[{"@type":"ListItem","position":1,"name":"Inicio","item":"https:\/\/abaa.mx\/tienda\/"},{"@type":"ListItem","position":2,"name":"Tienda","item":"https:\/\/abaa.mx\/tienda\/"},{"@type":"ListItem","position":3,"name":"Penetr\u00f3metro para Frutas An\u00e1logo FT-30"}]},{"@type":"WebSite","@id":"https:\/\/abaa.mx\/tienda\/#website","url":"https:\/\/abaa.mx\/tienda\/","name":"Abaa tienda online","description":"Instrumentos de medici\u00f3n","publisher":{"@id":"https:\/\/abaa.mx\/tienda\/#organization"},"potentialAction":[{"@type":"SearchAction","target":{"@type":"EntryPoint","urlTemplate":"https:\/\/abaa.mx\/tienda\/?s={search_term_string}"},"query-input":{"@type":"PropertyValueSpecification","valueRequired":true,"valueName":"search_term_string"}}],"inLanguage":"es"},{"@type":"Organization","@id":"https:\/\/abaa.mx\/tienda\/#organization","name":"Abaa tienda online","url":"https:\/\/abaa.mx\/tienda\/","logo":{"@type":"ImageObject","inLanguage":"es","@id":"https:\/\/abaa.mx\/tienda\/#\/schema\/logo\/image\/","url":"https:\/\/abaa.mx\/tienda\/wp-content\/uploads\/2024\/01\/abaa-metrologia-tienda.png","contentUrl":"https:\/\/abaa.mx\/tienda\/wp-content\/uploads\/2024\/01\/abaa-metrologia-tienda.png","width":300,"height":141,"caption":"Abaa tienda online"},"image":{"@id":"https:\/\/abaa.mx\/tienda\/#\/schema\/logo\/image\/"}}]}},"_links":{"self":[{"href":"https:\/\/abaa.mx\/tienda\/wp-json\/wp\/v2\/product\/9353","targetHints":{"allow":["GET"]}}],"collection":[{"href":"https:\/\/abaa.mx\/tienda\/wp-json\/wp\/v2\/product"}],"about":[{"href":"https:\/\/abaa.mx\/tienda\/wp-json\/wp\/v2\/types\/product"}],"replies":[{"embeddable":true,"href":"https:\/\/abaa.mx\/tienda\/wp-json\/wp\/v2\/comments?post=9353"}],"wp:featuredmedia":[{"embeddable":true,"href":"https:\/\/abaa.mx\/tienda\/wp-json\/wp\/v2\/media\/9355"}],"wp:attachment":[{"href":"https:\/\/abaa.mx\/tienda\/wp-json\/wp\/v2\/media?parent=9353"}],"wp:term":[{"taxonomy":"product_brand","embeddable":true,"href":"https:\/\/abaa.mx\/tienda\/wp-json\/wp\/v2\/product_brand?post=9353"},{"taxonomy":"product_cat","embeddable":true,"href":"https:\/\/abaa.mx\/tienda\/wp-json\/wp\/v2\/product_cat?post=9353"},{"taxonomy":"product_tag","embeddable":true,"href":"https:\/\/abaa.mx\/tienda\/wp-json\/wp\/v2\/product_tag?post=9353"}],"curies":[{"name":"wp","href":"https:\/\/api.w.org\/{rel}","templated":true}]}}