{"id":9344,"date":"2023-11-27T16:19:11","date_gmt":"2023-11-27T16:19:11","guid":{"rendered":"https:\/\/abaa.mx\/tienda\/?post_type=product&#038;p=9344"},"modified":"2023-11-27T16:19:12","modified_gmt":"2023-11-27T16:19:12","slug":"penetrometro-digital-para-frutas-uso-general-gy4","status":"publish","type":"product","link":"https:\/\/abaa.mx\/tienda\/penetrometro-digital-para-frutas-uso-general-gy4\/","title":{"rendered":"Penetr\u00f3metro digital para Frutas uso general GY4"},"content":{"rendered":"<p>Penetr\u00f3metro digital para Frutas uso general GY4.<\/p>\n","protected":false},"excerpt":{"rendered":"<p>El probador de dureza de la fruta tiene las virtudes de alta precisi\u00f3n, simple operaci\u00f3n y carry. ItPuede guardar datos y tambi\u00e9n ingresar datos al pc para estad\u00edsticas, se puede utilizar junto con un soporte de prueba especial para acrecentar la medici\u00f3nPrecisi\u00f3n. El probador de dureza de frutas de la serie WG-GY4 tiene muchas informaciones para que el usuario elija , los individuos pueden elegir las informaciones correctas del instrumento seg\u00fan la carga de la fuerza requerida del producto de prueba. El rango de medici\u00f3n de uso cient\u00edfico es del diez % al cien % de la escala completa. El departamento de medici\u00f3n no recomienda emplear menos del 1% de la escala completa. Alta precisi\u00f3n y alta resoluci\u00f3n: pantalla LCD, funci\u00f3n de retroiluminaci\u00f3n (luz de fondo para uso nocturno), y el n\u00famero de pantalla puede invertir.<\/p>\n<ul>\n<li>Funci\u00f3n de pico autom\u00e1tica: mantiene la pantalla del valor m\u00e1ximo durante 10 segundos y luego se suelta autom\u00e1ticamente.<\/li>\n<li>Configuraci\u00f3n del tiempo de apagado autom\u00e1tico: la configuraci\u00f3n del tiempo de apagado autom\u00e1tico se puede configurar de 10 minutos a 90 minutos apagado autom\u00e1tico; 10 minutos sin operaci\u00f3n apagado autom\u00e1tico, 10 minutos por defecto, el apagado autom\u00e1tico se puede configurar al tiempo de apagado autom\u00e1tico requerido, apagado autom\u00e1tico establecido en 0, no se activar\u00e1 autom\u00e1ticamente apagado.<\/li>\n<li>Funci\u00f3n de configuraci\u00f3n de aceleraci\u00f3n de gravedad: Los usuarios pueden introducir el valor preciso de aceleraci\u00f3n de gravedad en el lugar de uso para que la prueba y la conversi\u00f3n de unidades sean m\u00e1s preciso.<\/li>\n<li>Muestra la capacidad de la bater\u00eda: 3 rejillas, 2 rejillas, 1 rejilla, Apagado autom\u00e1tico cuando la energ\u00eda es demasiado bajo.<\/li>\n<li>2 juegos de dimensiones de montaje, se aplica para la mayor\u00eda de las plataformas de prueba nacionales y extranjeras, f\u00e1cil para los usuarios instalarlo a plataforma.<\/li>\n<li>Funci\u00f3n de mantenimiento del valor m\u00e1ximo. Mantenga la pantalla del valor m\u00e1ximo hasta que se haya borrado manualmente para cero.<\/li>\n<li>Funci\u00f3n de almacenamiento de datos. 447 valores de prueba pueden ser almacenado.<\/li>\n<li>Funci\u00f3n de salida de datos. Los datos se pueden introducir en el ordenador a trav\u00e9s de la l\u00ednea de datos para varios an\u00e1lisis.<\/li>\n<li>Fuente de alimentaci\u00f3n recargable de alta calidad, el voltaje de carga est\u00e1 disponible de 100V a240V, quePuede acomodar la mayor\u00eda de las \u00e1reas en el hogar y enEn el extranjero.<\/li>\n<\/ul>\n","protected":false},"featured_media":9347,"comment_status":"open","ping_status":"closed","template":"","meta":{"_joinchat":[]},"product_brand":[],"product_cat":[15],"product_tag":[],"class_list":{"0":"post-9344","1":"product","2":"type-product","3":"status-publish","4":"has-post-thumbnail","6":"product_cat-sin-categorizar","8":"first","9":"instock","10":"shipping-taxable","11":"product-type-simple"},"yoast_head":"<!-- This site is optimized with the Yoast SEO plugin v26.4 - https:\/\/yoast.com\/wordpress\/plugins\/seo\/ -->\n<title>Penetr\u00f3metro digital para Frutas uso general GY4 - Abaa tienda online<\/title>\n<meta name=\"robots\" content=\"index, follow, max-snippet:-1, max-image-preview:large, max-video-preview:-1\" \/>\n<link rel=\"canonical\" href=\"https:\/\/abaa.mx\/tienda\/penetrometro-digital-para-frutas-uso-general-gy4\/\" \/>\n<meta property=\"og:locale\" content=\"es_MX\" \/>\n<meta property=\"og:type\" content=\"article\" \/>\n<meta property=\"og:title\" content=\"Penetr\u00f3metro digital para Frutas uso general GY4 - Abaa tienda online\" \/>\n<meta property=\"og:description\" content=\"El probador de dureza de la fruta tiene las virtudes de alta precisi\u00f3n, simple operaci\u00f3n y carry. ItPuede guardar datos y tambi\u00e9n ingresar datos al pc para estad\u00edsticas, se puede utilizar junto con un soporte de prueba especial para acrecentar la medici\u00f3nPrecisi\u00f3n. El probador de dureza de frutas de la serie WG-GY4 tiene muchas informaciones para que el usuario elija , los individuos pueden elegir las informaciones correctas del instrumento seg\u00fan la carga de la fuerza requerida del producto de prueba. El rango de medici\u00f3n de uso cient\u00edfico es del diez % al cien % de la escala completa. El departamento de medici\u00f3n no recomienda emplear menos del 1% de la escala completa. Alta precisi\u00f3n y alta resoluci\u00f3n: pantalla LCD, funci\u00f3n de retroiluminaci\u00f3n (luz de fondo para uso nocturno), y el n\u00famero de pantalla puede invertir.   Funci\u00f3n de pico autom\u00e1tica: mantiene la pantalla del valor m\u00e1ximo durante 10 segundos y luego se suelta autom\u00e1ticamente.  Configuraci\u00f3n del tiempo de apagado autom\u00e1tico: la configuraci\u00f3n del tiempo de apagado autom\u00e1tico se puede configurar de 10 minutos a 90 minutos apagado autom\u00e1tico; 10 minutos sin operaci\u00f3n apagado autom\u00e1tico, 10 minutos por defecto, el apagado autom\u00e1tico se puede configurar al tiempo de apagado autom\u00e1tico requerido, apagado autom\u00e1tico establecido en 0, no se activar\u00e1 autom\u00e1ticamente apagado.  Funci\u00f3n de configuraci\u00f3n de aceleraci\u00f3n de gravedad: Los usuarios pueden introducir el valor preciso de aceleraci\u00f3n de gravedad en el lugar de uso para que la prueba y la conversi\u00f3n de unidades sean m\u00e1s preciso.  Muestra la capacidad de la bater\u00eda: 3 rejillas, 2 rejillas, 1 rejilla, Apagado autom\u00e1tico cuando la energ\u00eda es demasiado bajo.  2 juegos de dimensiones de montaje, se aplica para la mayor\u00eda de las plataformas de prueba nacionales y extranjeras, f\u00e1cil para los usuarios instalarlo a plataforma.  Funci\u00f3n de mantenimiento del valor m\u00e1ximo. Mantenga la pantalla del valor m\u00e1ximo hasta que se haya borrado manualmente para cero.  Funci\u00f3n de almacenamiento de datos. 447 valores de prueba pueden ser almacenado.  Funci\u00f3n de salida de datos. Los datos se pueden introducir en el ordenador a trav\u00e9s de la l\u00ednea de datos para varios an\u00e1lisis.  Fuente de alimentaci\u00f3n recargable de alta calidad, el voltaje de carga est\u00e1 disponible de 100V a240V, quePuede acomodar la mayor\u00eda de las \u00e1reas en el hogar y enEn el extranjero.\" \/>\n<meta property=\"og:url\" content=\"https:\/\/abaa.mx\/tienda\/penetrometro-digital-para-frutas-uso-general-gy4\/\" \/>\n<meta property=\"og:site_name\" content=\"Abaa tienda online\" \/>\n<meta property=\"article:modified_time\" content=\"2023-11-27T16:19:12+00:00\" \/>\n<meta property=\"og:image\" content=\"https:\/\/abaa.mx\/tienda\/wp-content\/uploads\/2023\/11\/ALFAMETRIC-GENERAL-GY4-1.jpg\" \/>\n\t<meta property=\"og:image:width\" content=\"337\" \/>\n\t<meta property=\"og:image:height\" content=\"401\" \/>\n\t<meta property=\"og:image:type\" content=\"image\/jpeg\" \/>\n<meta name=\"twitter:card\" content=\"summary_large_image\" \/>\n<meta name=\"twitter:label1\" content=\"Tiempo de lectura\" \/>\n\t<meta name=\"twitter:data1\" content=\"1 minuto\" \/>\n<script type=\"application\/ld+json\" class=\"yoast-schema-graph\">{\"@context\":\"https:\/\/schema.org\",\"@graph\":[{\"@type\":\"WebPage\",\"@id\":\"https:\/\/abaa.mx\/tienda\/penetrometro-digital-para-frutas-uso-general-gy4\/\",\"url\":\"https:\/\/abaa.mx\/tienda\/penetrometro-digital-para-frutas-uso-general-gy4\/\",\"name\":\"Penetr\u00f3metro digital para Frutas uso general GY4 - Abaa tienda online\",\"isPartOf\":{\"@id\":\"https:\/\/abaa.mx\/tienda\/#website\"},\"primaryImageOfPage\":{\"@id\":\"https:\/\/abaa.mx\/tienda\/penetrometro-digital-para-frutas-uso-general-gy4\/#primaryimage\"},\"image\":{\"@id\":\"https:\/\/abaa.mx\/tienda\/penetrometro-digital-para-frutas-uso-general-gy4\/#primaryimage\"},\"thumbnailUrl\":\"https:\/\/abaa.mx\/tienda\/wp-content\/uploads\/2023\/11\/ALFAMETRIC-GENERAL-GY4-1.jpg\",\"datePublished\":\"2023-11-27T16:19:11+00:00\",\"dateModified\":\"2023-11-27T16:19:12+00:00\",\"breadcrumb\":{\"@id\":\"https:\/\/abaa.mx\/tienda\/penetrometro-digital-para-frutas-uso-general-gy4\/#breadcrumb\"},\"inLanguage\":\"es\",\"potentialAction\":[{\"@type\":\"ReadAction\",\"target\":[\"https:\/\/abaa.mx\/tienda\/penetrometro-digital-para-frutas-uso-general-gy4\/\"]}]},{\"@type\":\"ImageObject\",\"inLanguage\":\"es\",\"@id\":\"https:\/\/abaa.mx\/tienda\/penetrometro-digital-para-frutas-uso-general-gy4\/#primaryimage\",\"url\":\"https:\/\/abaa.mx\/tienda\/wp-content\/uploads\/2023\/11\/ALFAMETRIC-GENERAL-GY4-1.jpg\",\"contentUrl\":\"https:\/\/abaa.mx\/tienda\/wp-content\/uploads\/2023\/11\/ALFAMETRIC-GENERAL-GY4-1.jpg\",\"width\":337,\"height\":401,\"caption\":\"ALFAMETRIC-GENERAL GY4\"},{\"@type\":\"BreadcrumbList\",\"@id\":\"https:\/\/abaa.mx\/tienda\/penetrometro-digital-para-frutas-uso-general-gy4\/#breadcrumb\",\"itemListElement\":[{\"@type\":\"ListItem\",\"position\":1,\"name\":\"Inicio\",\"item\":\"https:\/\/abaa.mx\/tienda\/\"},{\"@type\":\"ListItem\",\"position\":2,\"name\":\"Tienda\",\"item\":\"https:\/\/abaa.mx\/tienda\/\"},{\"@type\":\"ListItem\",\"position\":3,\"name\":\"Penetr\u00f3metro digital para Frutas uso general GY4\"}]},{\"@type\":\"WebSite\",\"@id\":\"https:\/\/abaa.mx\/tienda\/#website\",\"url\":\"https:\/\/abaa.mx\/tienda\/\",\"name\":\"Abaa tienda online\",\"description\":\"Instrumentos de medici\u00f3n\",\"publisher\":{\"@id\":\"https:\/\/abaa.mx\/tienda\/#organization\"},\"potentialAction\":[{\"@type\":\"SearchAction\",\"target\":{\"@type\":\"EntryPoint\",\"urlTemplate\":\"https:\/\/abaa.mx\/tienda\/?s={search_term_string}\"},\"query-input\":{\"@type\":\"PropertyValueSpecification\",\"valueRequired\":true,\"valueName\":\"search_term_string\"}}],\"inLanguage\":\"es\"},{\"@type\":\"Organization\",\"@id\":\"https:\/\/abaa.mx\/tienda\/#organization\",\"name\":\"Abaa tienda online\",\"url\":\"https:\/\/abaa.mx\/tienda\/\",\"logo\":{\"@type\":\"ImageObject\",\"inLanguage\":\"es\",\"@id\":\"https:\/\/abaa.mx\/tienda\/#\/schema\/logo\/image\/\",\"url\":\"https:\/\/abaa.mx\/tienda\/wp-content\/uploads\/2024\/01\/abaa-metrologia-tienda.png\",\"contentUrl\":\"https:\/\/abaa.mx\/tienda\/wp-content\/uploads\/2024\/01\/abaa-metrologia-tienda.png\",\"width\":300,\"height\":141,\"caption\":\"Abaa tienda online\"},\"image\":{\"@id\":\"https:\/\/abaa.mx\/tienda\/#\/schema\/logo\/image\/\"}}]}<\/script>\n<!-- \/ Yoast SEO plugin. -->","yoast_head_json":{"title":"Penetr\u00f3metro digital para Frutas uso general GY4 - Abaa tienda online","robots":{"index":"index","follow":"follow","max-snippet":"max-snippet:-1","max-image-preview":"max-image-preview:large","max-video-preview":"max-video-preview:-1"},"canonical":"https:\/\/abaa.mx\/tienda\/penetrometro-digital-para-frutas-uso-general-gy4\/","og_locale":"es_MX","og_type":"article","og_title":"Penetr\u00f3metro digital para Frutas uso general GY4 - Abaa tienda online","og_description":"El probador de dureza de la fruta tiene las virtudes de alta precisi\u00f3n, simple operaci\u00f3n y carry. ItPuede guardar datos y tambi\u00e9n ingresar datos al pc para estad\u00edsticas, se puede utilizar junto con un soporte de prueba especial para acrecentar la medici\u00f3nPrecisi\u00f3n. El probador de dureza de frutas de la serie WG-GY4 tiene muchas informaciones para que el usuario elija , los individuos pueden elegir las informaciones correctas del instrumento seg\u00fan la carga de la fuerza requerida del producto de prueba. El rango de medici\u00f3n de uso cient\u00edfico es del diez % al cien % de la escala completa. El departamento de medici\u00f3n no recomienda emplear menos del 1% de la escala completa. Alta precisi\u00f3n y alta resoluci\u00f3n: pantalla LCD, funci\u00f3n de retroiluminaci\u00f3n (luz de fondo para uso nocturno), y el n\u00famero de pantalla puede invertir.   Funci\u00f3n de pico autom\u00e1tica: mantiene la pantalla del valor m\u00e1ximo durante 10 segundos y luego se suelta autom\u00e1ticamente.  Configuraci\u00f3n del tiempo de apagado autom\u00e1tico: la configuraci\u00f3n del tiempo de apagado autom\u00e1tico se puede configurar de 10 minutos a 90 minutos apagado autom\u00e1tico; 10 minutos sin operaci\u00f3n apagado autom\u00e1tico, 10 minutos por defecto, el apagado autom\u00e1tico se puede configurar al tiempo de apagado autom\u00e1tico requerido, apagado autom\u00e1tico establecido en 0, no se activar\u00e1 autom\u00e1ticamente apagado.  Funci\u00f3n de configuraci\u00f3n de aceleraci\u00f3n de gravedad: Los usuarios pueden introducir el valor preciso de aceleraci\u00f3n de gravedad en el lugar de uso para que la prueba y la conversi\u00f3n de unidades sean m\u00e1s preciso.  Muestra la capacidad de la bater\u00eda: 3 rejillas, 2 rejillas, 1 rejilla, Apagado autom\u00e1tico cuando la energ\u00eda es demasiado bajo.  2 juegos de dimensiones de montaje, se aplica para la mayor\u00eda de las plataformas de prueba nacionales y extranjeras, f\u00e1cil para los usuarios instalarlo a plataforma.  Funci\u00f3n de mantenimiento del valor m\u00e1ximo. Mantenga la pantalla del valor m\u00e1ximo hasta que se haya borrado manualmente para cero.  Funci\u00f3n de almacenamiento de datos. 447 valores de prueba pueden ser almacenado.  Funci\u00f3n de salida de datos. Los datos se pueden introducir en el ordenador a trav\u00e9s de la l\u00ednea de datos para varios an\u00e1lisis.  Fuente de alimentaci\u00f3n recargable de alta calidad, el voltaje de carga est\u00e1 disponible de 100V a240V, quePuede acomodar la mayor\u00eda de las \u00e1reas en el hogar y enEn el extranjero.","og_url":"https:\/\/abaa.mx\/tienda\/penetrometro-digital-para-frutas-uso-general-gy4\/","og_site_name":"Abaa tienda online","article_modified_time":"2023-11-27T16:19:12+00:00","og_image":[{"width":337,"height":401,"url":"https:\/\/abaa.mx\/tienda\/wp-content\/uploads\/2023\/11\/ALFAMETRIC-GENERAL-GY4-1.jpg","type":"image\/jpeg"}],"twitter_card":"summary_large_image","twitter_misc":{"Tiempo de lectura":"1 minuto"},"schema":{"@context":"https:\/\/schema.org","@graph":[{"@type":"WebPage","@id":"https:\/\/abaa.mx\/tienda\/penetrometro-digital-para-frutas-uso-general-gy4\/","url":"https:\/\/abaa.mx\/tienda\/penetrometro-digital-para-frutas-uso-general-gy4\/","name":"Penetr\u00f3metro digital para Frutas uso general GY4 - Abaa tienda online","isPartOf":{"@id":"https:\/\/abaa.mx\/tienda\/#website"},"primaryImageOfPage":{"@id":"https:\/\/abaa.mx\/tienda\/penetrometro-digital-para-frutas-uso-general-gy4\/#primaryimage"},"image":{"@id":"https:\/\/abaa.mx\/tienda\/penetrometro-digital-para-frutas-uso-general-gy4\/#primaryimage"},"thumbnailUrl":"https:\/\/abaa.mx\/tienda\/wp-content\/uploads\/2023\/11\/ALFAMETRIC-GENERAL-GY4-1.jpg","datePublished":"2023-11-27T16:19:11+00:00","dateModified":"2023-11-27T16:19:12+00:00","breadcrumb":{"@id":"https:\/\/abaa.mx\/tienda\/penetrometro-digital-para-frutas-uso-general-gy4\/#breadcrumb"},"inLanguage":"es","potentialAction":[{"@type":"ReadAction","target":["https:\/\/abaa.mx\/tienda\/penetrometro-digital-para-frutas-uso-general-gy4\/"]}]},{"@type":"ImageObject","inLanguage":"es","@id":"https:\/\/abaa.mx\/tienda\/penetrometro-digital-para-frutas-uso-general-gy4\/#primaryimage","url":"https:\/\/abaa.mx\/tienda\/wp-content\/uploads\/2023\/11\/ALFAMETRIC-GENERAL-GY4-1.jpg","contentUrl":"https:\/\/abaa.mx\/tienda\/wp-content\/uploads\/2023\/11\/ALFAMETRIC-GENERAL-GY4-1.jpg","width":337,"height":401,"caption":"ALFAMETRIC-GENERAL GY4"},{"@type":"BreadcrumbList","@id":"https:\/\/abaa.mx\/tienda\/penetrometro-digital-para-frutas-uso-general-gy4\/#breadcrumb","itemListElement":[{"@type":"ListItem","position":1,"name":"Inicio","item":"https:\/\/abaa.mx\/tienda\/"},{"@type":"ListItem","position":2,"name":"Tienda","item":"https:\/\/abaa.mx\/tienda\/"},{"@type":"ListItem","position":3,"name":"Penetr\u00f3metro digital para Frutas uso general GY4"}]},{"@type":"WebSite","@id":"https:\/\/abaa.mx\/tienda\/#website","url":"https:\/\/abaa.mx\/tienda\/","name":"Abaa tienda online","description":"Instrumentos de medici\u00f3n","publisher":{"@id":"https:\/\/abaa.mx\/tienda\/#organization"},"potentialAction":[{"@type":"SearchAction","target":{"@type":"EntryPoint","urlTemplate":"https:\/\/abaa.mx\/tienda\/?s={search_term_string}"},"query-input":{"@type":"PropertyValueSpecification","valueRequired":true,"valueName":"search_term_string"}}],"inLanguage":"es"},{"@type":"Organization","@id":"https:\/\/abaa.mx\/tienda\/#organization","name":"Abaa tienda online","url":"https:\/\/abaa.mx\/tienda\/","logo":{"@type":"ImageObject","inLanguage":"es","@id":"https:\/\/abaa.mx\/tienda\/#\/schema\/logo\/image\/","url":"https:\/\/abaa.mx\/tienda\/wp-content\/uploads\/2024\/01\/abaa-metrologia-tienda.png","contentUrl":"https:\/\/abaa.mx\/tienda\/wp-content\/uploads\/2024\/01\/abaa-metrologia-tienda.png","width":300,"height":141,"caption":"Abaa tienda online"},"image":{"@id":"https:\/\/abaa.mx\/tienda\/#\/schema\/logo\/image\/"}}]}},"_links":{"self":[{"href":"https:\/\/abaa.mx\/tienda\/wp-json\/wp\/v2\/product\/9344","targetHints":{"allow":["GET"]}}],"collection":[{"href":"https:\/\/abaa.mx\/tienda\/wp-json\/wp\/v2\/product"}],"about":[{"href":"https:\/\/abaa.mx\/tienda\/wp-json\/wp\/v2\/types\/product"}],"replies":[{"embeddable":true,"href":"https:\/\/abaa.mx\/tienda\/wp-json\/wp\/v2\/comments?post=9344"}],"wp:featuredmedia":[{"embeddable":true,"href":"https:\/\/abaa.mx\/tienda\/wp-json\/wp\/v2\/media\/9347"}],"wp:attachment":[{"href":"https:\/\/abaa.mx\/tienda\/wp-json\/wp\/v2\/media?parent=9344"}],"wp:term":[{"taxonomy":"product_brand","embeddable":true,"href":"https:\/\/abaa.mx\/tienda\/wp-json\/wp\/v2\/product_brand?post=9344"},{"taxonomy":"product_cat","embeddable":true,"href":"https:\/\/abaa.mx\/tienda\/wp-json\/wp\/v2\/product_cat?post=9344"},{"taxonomy":"product_tag","embeddable":true,"href":"https:\/\/abaa.mx\/tienda\/wp-json\/wp\/v2\/product_tag?post=9344"}],"curies":[{"name":"wp","href":"https:\/\/api.w.org\/{rel}","templated":true}]}}