{"id":934,"date":"2020-10-21T17:25:10","date_gmt":"2020-10-21T17:25:10","guid":{"rendered":"https:\/\/abaa.mx\/tienda\/?post_type=product&#038;p=934"},"modified":"2021-04-05T18:17:42","modified_gmt":"2021-04-05T18:17:42","slug":"termometro-taylor-52224-a","status":"publish","type":"product","link":"https:\/\/abaa.mx\/tienda\/termometro-taylor-52224-a\/","title":{"rendered":"Term\u00f3metro Taylor 52224-A"},"content":{"rendered":"<p>Caracter\u00edsticas de term\u00f3metro Taylor 52224-A<\/p>\n<table>\n<tbody>\n<tr>\n<td width=\"599\">Funci\u00f3n<\/td>\n<\/tr>\n<tr>\n<td width=\"599\">Infrarrojos<\/td>\n<\/tr>\n<tr>\n<td width=\"599\">Registro<\/td>\n<\/tr>\n<tr>\n<td width=\"599\">\u00b0F y \u00b0C<\/td>\n<\/tr>\n<tr>\n<td width=\"599\">Rango Celsius<\/td>\n<\/tr>\n<tr>\n<td width=\"599\">-50\u00b0C a 500\u00b0C<\/td>\n<\/tr>\n<tr>\n<td width=\"599\">Rango Fahrenheit<\/td>\n<\/tr>\n<tr>\n<td width=\"599\">-58\u00b0F a 932\u00b0F<\/td>\n<\/tr>\n<tr>\n<td width=\"599\">Precisi\u00f3n<\/td>\n<\/tr>\n<tr>\n<td width=\"599\">\u00b12\u00baC (4\u00baF)<\/td>\n<\/tr>\n<tr>\n<td width=\"599\">Lectura<\/td>\n<\/tr>\n<tr>\n<td width=\"599\">Digital<\/td>\n<\/tr>\n<tr>\n<td width=\"599\">Montaje<\/td>\n<\/tr>\n<tr>\n<td width=\"599\">Manual<\/td>\n<\/tr>\n<tr>\n<td width=\"599\">Sensor<\/td>\n<\/tr>\n<tr>\n<td width=\"599\">Infrarrojo<\/td>\n<\/tr>\n<tr>\n<td width=\"599\">Pantalla<\/td>\n<\/tr>\n<tr>\n<td width=\"599\">LCD<\/td>\n<\/tr>\n<tr>\n<td width=\"599\">Bater\u00eda<\/td>\n<\/tr>\n<tr>\n<td width=\"599\">AAA<\/td>\n<\/tr>\n<tr>\n<td width=\"599\">Material<\/td>\n<\/tr>\n<tr>\n<td width=\"599\">Pl\u00e1stico<\/td>\n<\/tr>\n<tr>\n<td width=\"599\">Uso<\/td>\n<\/tr>\n<tr>\n<td width=\"599\">Cocina<\/td>\n<\/tr>\n<\/tbody>\n<\/table>\n","protected":false},"excerpt":{"rendered":"<p>El term\u00f3metro infrarrojo de Mastercool tiene un l\u00e1ser circular que ofrece gran precisi\u00f3n; cuenta con una pantalla LCD a color y un monitor iluminado que, adem\u00e1s, ofrece un rango amplio de temperatura. Su dise\u00f1o compacto lo hace f\u00e1cil de usar, solamente se debe presionar el gatillo para que el term\u00f3metro comience a leer la temperatura. Tambi\u00e9n es f\u00e1cil de guardar en su pr\u00e1ctico estuche port\u00e1til de pl\u00e1stico que viene incluido para su almacenamiento. -Cuenta con un rango de temperatura que va de los -50\u02daC a los 500\u02daC, proporcionando as\u00ed una medici\u00f3n precisa sin tener que entrar en contacto con temperaturas superficiales agudas. -Campo de visi\u00f3n 12:1 que permite la medici\u00f3n precisa de objetivos a distancias mayores. -La pantalla LCD a color despliega la temperatura de la superficie, temperatura m\u00e1xima, vida de la bater\u00eda, y la unidad de temperatura en grados \u02daF o \u02daC. -Indicador circular l\u00e1ser permite al usuario saber exactamente a d\u00f3nde est\u00e1 apuntando el l\u00e1ser en cualquier momento. -Apagado autom\u00e1tico despu\u00e9s de 15 segundos de no usarse para extender la vida de las 2 bater\u00edas AAA incluidas en la unidad. El term\u00f3metro infrarrojo de Mastercool con l\u00e1ser circular viene con 2 bater\u00edas AAA, manual de instrucciones y un estuche port\u00e1til de pl\u00e1stico Abba Metrolog\u00eda se lo recomienda.<\/p>\n","protected":false},"featured_media":987,"comment_status":"open","ping_status":"closed","template":"","meta":{"_joinchat":[]},"product_brand":[],"product_cat":[57],"product_tag":[],"class_list":{"0":"post-934","1":"product","2":"type-product","3":"status-publish","4":"has-post-thumbnail","6":"product_cat-termometros","8":"first","9":"instock","10":"shipping-taxable","11":"product-type-simple"},"yoast_head":"<!-- This site is optimized with the Yoast SEO plugin v26.4 - https:\/\/yoast.com\/wordpress\/plugins\/seo\/ -->\n<title>Term\u00f3metro Taylor 52224-A - Abaa tienda online<\/title>\n<meta name=\"robots\" content=\"index, follow, max-snippet:-1, max-image-preview:large, max-video-preview:-1\" \/>\n<link rel=\"canonical\" href=\"https:\/\/abaa.mx\/tienda\/termometro-taylor-52224-a\/\" \/>\n<meta property=\"og:locale\" content=\"es_MX\" \/>\n<meta property=\"og:type\" content=\"article\" \/>\n<meta property=\"og:title\" content=\"Term\u00f3metro Taylor 52224-A - Abaa tienda online\" \/>\n<meta property=\"og:description\" content=\"El term\u00f3metro infrarrojo de Mastercool tiene un l\u00e1ser circular que ofrece gran precisi\u00f3n; cuenta con una pantalla LCD a color y un monitor iluminado que, adem\u00e1s, ofrece un rango amplio de temperatura. Su dise\u00f1o compacto lo hace f\u00e1cil de usar, solamente se debe presionar el gatillo para que el term\u00f3metro comience a leer la temperatura. Tambi\u00e9n es f\u00e1cil de guardar en su pr\u00e1ctico estuche port\u00e1til de pl\u00e1stico que viene incluido para su almacenamiento. -Cuenta con un rango de temperatura que va de los -50\u02daC a los 500\u02daC, proporcionando as\u00ed una medici\u00f3n precisa sin tener que entrar en contacto con temperaturas superficiales agudas. -Campo de visi\u00f3n 12:1 que permite la medici\u00f3n precisa de objetivos a distancias mayores. -La pantalla LCD a color despliega la temperatura de la superficie, temperatura m\u00e1xima, vida de la bater\u00eda, y la unidad de temperatura en grados \u02daF o \u02daC. -Indicador circular l\u00e1ser permite al usuario saber exactamente a d\u00f3nde est\u00e1 apuntando el l\u00e1ser en cualquier momento. -Apagado autom\u00e1tico despu\u00e9s de 15 segundos de no usarse para extender la vida de las 2 bater\u00edas AAA incluidas en la unidad. El term\u00f3metro infrarrojo de Mastercool con l\u00e1ser circular viene con 2 bater\u00edas AAA, manual de instrucciones y un estuche port\u00e1til de pl\u00e1stico Abba Metrolog\u00eda se lo recomienda.\" \/>\n<meta property=\"og:url\" content=\"https:\/\/abaa.mx\/tienda\/termometro-taylor-52224-a\/\" \/>\n<meta property=\"og:site_name\" content=\"Abaa tienda online\" \/>\n<meta property=\"article:modified_time\" content=\"2021-04-05T18:17:42+00:00\" \/>\n<meta property=\"og:image\" content=\"https:\/\/abaa.mx\/tienda\/wp-content\/uploads\/2020\/10\/Termometro-Taylor-52224-A.jpg\" \/>\n\t<meta property=\"og:image:width\" content=\"800\" \/>\n\t<meta property=\"og:image:height\" content=\"800\" \/>\n\t<meta property=\"og:image:type\" content=\"image\/jpeg\" \/>\n<meta name=\"twitter:card\" content=\"summary_large_image\" \/>\n<script type=\"application\/ld+json\" class=\"yoast-schema-graph\">{\"@context\":\"https:\/\/schema.org\",\"@graph\":[{\"@type\":\"WebPage\",\"@id\":\"https:\/\/abaa.mx\/tienda\/termometro-taylor-52224-a\/\",\"url\":\"https:\/\/abaa.mx\/tienda\/termometro-taylor-52224-a\/\",\"name\":\"Term\u00f3metro Taylor 52224-A - Abaa tienda online\",\"isPartOf\":{\"@id\":\"https:\/\/abaa.mx\/tienda\/#website\"},\"primaryImageOfPage\":{\"@id\":\"https:\/\/abaa.mx\/tienda\/termometro-taylor-52224-a\/#primaryimage\"},\"image\":{\"@id\":\"https:\/\/abaa.mx\/tienda\/termometro-taylor-52224-a\/#primaryimage\"},\"thumbnailUrl\":\"https:\/\/abaa.mx\/tienda\/wp-content\/uploads\/2020\/10\/Termometro-Taylor-52224-A.jpg\",\"datePublished\":\"2020-10-21T17:25:10+00:00\",\"dateModified\":\"2021-04-05T18:17:42+00:00\",\"breadcrumb\":{\"@id\":\"https:\/\/abaa.mx\/tienda\/termometro-taylor-52224-a\/#breadcrumb\"},\"inLanguage\":\"es\",\"potentialAction\":[{\"@type\":\"ReadAction\",\"target\":[\"https:\/\/abaa.mx\/tienda\/termometro-taylor-52224-a\/\"]}]},{\"@type\":\"ImageObject\",\"inLanguage\":\"es\",\"@id\":\"https:\/\/abaa.mx\/tienda\/termometro-taylor-52224-a\/#primaryimage\",\"url\":\"https:\/\/abaa.mx\/tienda\/wp-content\/uploads\/2020\/10\/Termometro-Taylor-52224-A.jpg\",\"contentUrl\":\"https:\/\/abaa.mx\/tienda\/wp-content\/uploads\/2020\/10\/Termometro-Taylor-52224-A.jpg\",\"width\":800,\"height\":800,\"caption\":\"Term\u00f3metro Taylor 52224-A\"},{\"@type\":\"BreadcrumbList\",\"@id\":\"https:\/\/abaa.mx\/tienda\/termometro-taylor-52224-a\/#breadcrumb\",\"itemListElement\":[{\"@type\":\"ListItem\",\"position\":1,\"name\":\"Inicio\",\"item\":\"https:\/\/abaa.mx\/tienda\/\"},{\"@type\":\"ListItem\",\"position\":2,\"name\":\"Tienda\",\"item\":\"https:\/\/abaa.mx\/tienda\/\"},{\"@type\":\"ListItem\",\"position\":3,\"name\":\"Term\u00f3metro Taylor 52224-A\"}]},{\"@type\":\"WebSite\",\"@id\":\"https:\/\/abaa.mx\/tienda\/#website\",\"url\":\"https:\/\/abaa.mx\/tienda\/\",\"name\":\"Abaa tienda online\",\"description\":\"Instrumentos de medici\u00f3n\",\"publisher\":{\"@id\":\"https:\/\/abaa.mx\/tienda\/#organization\"},\"potentialAction\":[{\"@type\":\"SearchAction\",\"target\":{\"@type\":\"EntryPoint\",\"urlTemplate\":\"https:\/\/abaa.mx\/tienda\/?s={search_term_string}\"},\"query-input\":{\"@type\":\"PropertyValueSpecification\",\"valueRequired\":true,\"valueName\":\"search_term_string\"}}],\"inLanguage\":\"es\"},{\"@type\":\"Organization\",\"@id\":\"https:\/\/abaa.mx\/tienda\/#organization\",\"name\":\"Abaa tienda online\",\"url\":\"https:\/\/abaa.mx\/tienda\/\",\"logo\":{\"@type\":\"ImageObject\",\"inLanguage\":\"es\",\"@id\":\"https:\/\/abaa.mx\/tienda\/#\/schema\/logo\/image\/\",\"url\":\"https:\/\/abaa.mx\/tienda\/wp-content\/uploads\/2024\/01\/abaa-metrologia-tienda.png\",\"contentUrl\":\"https:\/\/abaa.mx\/tienda\/wp-content\/uploads\/2024\/01\/abaa-metrologia-tienda.png\",\"width\":300,\"height\":141,\"caption\":\"Abaa tienda online\"},\"image\":{\"@id\":\"https:\/\/abaa.mx\/tienda\/#\/schema\/logo\/image\/\"}}]}<\/script>\n<!-- \/ Yoast SEO plugin. -->","yoast_head_json":{"title":"Term\u00f3metro Taylor 52224-A - Abaa tienda online","robots":{"index":"index","follow":"follow","max-snippet":"max-snippet:-1","max-image-preview":"max-image-preview:large","max-video-preview":"max-video-preview:-1"},"canonical":"https:\/\/abaa.mx\/tienda\/termometro-taylor-52224-a\/","og_locale":"es_MX","og_type":"article","og_title":"Term\u00f3metro Taylor 52224-A - Abaa tienda online","og_description":"El term\u00f3metro infrarrojo de Mastercool tiene un l\u00e1ser circular que ofrece gran precisi\u00f3n; cuenta con una pantalla LCD a color y un monitor iluminado que, adem\u00e1s, ofrece un rango amplio de temperatura. Su dise\u00f1o compacto lo hace f\u00e1cil de usar, solamente se debe presionar el gatillo para que el term\u00f3metro comience a leer la temperatura. Tambi\u00e9n es f\u00e1cil de guardar en su pr\u00e1ctico estuche port\u00e1til de pl\u00e1stico que viene incluido para su almacenamiento. -Cuenta con un rango de temperatura que va de los -50\u02daC a los 500\u02daC, proporcionando as\u00ed una medici\u00f3n precisa sin tener que entrar en contacto con temperaturas superficiales agudas. -Campo de visi\u00f3n 12:1 que permite la medici\u00f3n precisa de objetivos a distancias mayores. -La pantalla LCD a color despliega la temperatura de la superficie, temperatura m\u00e1xima, vida de la bater\u00eda, y la unidad de temperatura en grados \u02daF o \u02daC. -Indicador circular l\u00e1ser permite al usuario saber exactamente a d\u00f3nde est\u00e1 apuntando el l\u00e1ser en cualquier momento. -Apagado autom\u00e1tico despu\u00e9s de 15 segundos de no usarse para extender la vida de las 2 bater\u00edas AAA incluidas en la unidad. El term\u00f3metro infrarrojo de Mastercool con l\u00e1ser circular viene con 2 bater\u00edas AAA, manual de instrucciones y un estuche port\u00e1til de pl\u00e1stico Abba Metrolog\u00eda se lo recomienda.","og_url":"https:\/\/abaa.mx\/tienda\/termometro-taylor-52224-a\/","og_site_name":"Abaa tienda online","article_modified_time":"2021-04-05T18:17:42+00:00","og_image":[{"width":800,"height":800,"url":"https:\/\/abaa.mx\/tienda\/wp-content\/uploads\/2020\/10\/Termometro-Taylor-52224-A.jpg","type":"image\/jpeg"}],"twitter_card":"summary_large_image","schema":{"@context":"https:\/\/schema.org","@graph":[{"@type":"WebPage","@id":"https:\/\/abaa.mx\/tienda\/termometro-taylor-52224-a\/","url":"https:\/\/abaa.mx\/tienda\/termometro-taylor-52224-a\/","name":"Term\u00f3metro Taylor 52224-A - Abaa tienda online","isPartOf":{"@id":"https:\/\/abaa.mx\/tienda\/#website"},"primaryImageOfPage":{"@id":"https:\/\/abaa.mx\/tienda\/termometro-taylor-52224-a\/#primaryimage"},"image":{"@id":"https:\/\/abaa.mx\/tienda\/termometro-taylor-52224-a\/#primaryimage"},"thumbnailUrl":"https:\/\/abaa.mx\/tienda\/wp-content\/uploads\/2020\/10\/Termometro-Taylor-52224-A.jpg","datePublished":"2020-10-21T17:25:10+00:00","dateModified":"2021-04-05T18:17:42+00:00","breadcrumb":{"@id":"https:\/\/abaa.mx\/tienda\/termometro-taylor-52224-a\/#breadcrumb"},"inLanguage":"es","potentialAction":[{"@type":"ReadAction","target":["https:\/\/abaa.mx\/tienda\/termometro-taylor-52224-a\/"]}]},{"@type":"ImageObject","inLanguage":"es","@id":"https:\/\/abaa.mx\/tienda\/termometro-taylor-52224-a\/#primaryimage","url":"https:\/\/abaa.mx\/tienda\/wp-content\/uploads\/2020\/10\/Termometro-Taylor-52224-A.jpg","contentUrl":"https:\/\/abaa.mx\/tienda\/wp-content\/uploads\/2020\/10\/Termometro-Taylor-52224-A.jpg","width":800,"height":800,"caption":"Term\u00f3metro Taylor 52224-A"},{"@type":"BreadcrumbList","@id":"https:\/\/abaa.mx\/tienda\/termometro-taylor-52224-a\/#breadcrumb","itemListElement":[{"@type":"ListItem","position":1,"name":"Inicio","item":"https:\/\/abaa.mx\/tienda\/"},{"@type":"ListItem","position":2,"name":"Tienda","item":"https:\/\/abaa.mx\/tienda\/"},{"@type":"ListItem","position":3,"name":"Term\u00f3metro Taylor 52224-A"}]},{"@type":"WebSite","@id":"https:\/\/abaa.mx\/tienda\/#website","url":"https:\/\/abaa.mx\/tienda\/","name":"Abaa tienda online","description":"Instrumentos de medici\u00f3n","publisher":{"@id":"https:\/\/abaa.mx\/tienda\/#organization"},"potentialAction":[{"@type":"SearchAction","target":{"@type":"EntryPoint","urlTemplate":"https:\/\/abaa.mx\/tienda\/?s={search_term_string}"},"query-input":{"@type":"PropertyValueSpecification","valueRequired":true,"valueName":"search_term_string"}}],"inLanguage":"es"},{"@type":"Organization","@id":"https:\/\/abaa.mx\/tienda\/#organization","name":"Abaa tienda online","url":"https:\/\/abaa.mx\/tienda\/","logo":{"@type":"ImageObject","inLanguage":"es","@id":"https:\/\/abaa.mx\/tienda\/#\/schema\/logo\/image\/","url":"https:\/\/abaa.mx\/tienda\/wp-content\/uploads\/2024\/01\/abaa-metrologia-tienda.png","contentUrl":"https:\/\/abaa.mx\/tienda\/wp-content\/uploads\/2024\/01\/abaa-metrologia-tienda.png","width":300,"height":141,"caption":"Abaa tienda online"},"image":{"@id":"https:\/\/abaa.mx\/tienda\/#\/schema\/logo\/image\/"}}]}},"_links":{"self":[{"href":"https:\/\/abaa.mx\/tienda\/wp-json\/wp\/v2\/product\/934","targetHints":{"allow":["GET"]}}],"collection":[{"href":"https:\/\/abaa.mx\/tienda\/wp-json\/wp\/v2\/product"}],"about":[{"href":"https:\/\/abaa.mx\/tienda\/wp-json\/wp\/v2\/types\/product"}],"replies":[{"embeddable":true,"href":"https:\/\/abaa.mx\/tienda\/wp-json\/wp\/v2\/comments?post=934"}],"wp:featuredmedia":[{"embeddable":true,"href":"https:\/\/abaa.mx\/tienda\/wp-json\/wp\/v2\/media\/987"}],"wp:attachment":[{"href":"https:\/\/abaa.mx\/tienda\/wp-json\/wp\/v2\/media?parent=934"}],"wp:term":[{"taxonomy":"product_brand","embeddable":true,"href":"https:\/\/abaa.mx\/tienda\/wp-json\/wp\/v2\/product_brand?post=934"},{"taxonomy":"product_cat","embeddable":true,"href":"https:\/\/abaa.mx\/tienda\/wp-json\/wp\/v2\/product_cat?post=934"},{"taxonomy":"product_tag","embeddable":true,"href":"https:\/\/abaa.mx\/tienda\/wp-json\/wp\/v2\/product_tag?post=934"}],"curies":[{"name":"wp","href":"https:\/\/api.w.org\/{rel}","templated":true}]}}