{"id":9320,"date":"2023-11-27T15:25:40","date_gmt":"2023-11-27T15:25:40","guid":{"rendered":"https:\/\/abaa.mx\/tienda\/?post_type=product&#038;p=9320"},"modified":"2023-11-27T15:25:41","modified_gmt":"2023-11-27T15:25:41","slug":"medidor-de-ph-hm-digital-ph-80","status":"publish","type":"product","link":"https:\/\/abaa.mx\/tienda\/medidor-de-ph-hm-digital-ph-80\/","title":{"rendered":"Medidor de ph hm digital ph-80"},"content":{"rendered":"<p>Medidor de ph hm digital ph-80.<\/p>\n","protected":false},"excerpt":{"rendered":"<p>Medidor de pH y temperatura pHmetro confiable y ademas econ\u00f3mico, el PH80 le garantiza m\u00e1s que nada los desenlaces que usted quiere conseguir por un precio justo. Ideal para acuarios, hidroponia, piscinas, riego, industria, alcalinizadores, purificaci\u00f3n por \u00f3smosis inversa, ionizadores de agua, etc.<\/p>\n<p>Esta nueva versi\u00f3n del PH80 muestra una tapa de silicona que permite almacenar el electrodo de forma que este se conserve mejor.<br \/>\nMedidor fuerte a las salpicaduras por agua. Mide pH y ademas temperatura.<br \/>\nIncluye ademas la compensaci\u00f3n autom\u00e1tica de temperatura (Olv\u00eddate que la temperatura vari\u00e9 en la lectura de pH, solo toma la lectura y listo) No requiere de ning\u00fan g\u00e9nero de reactivos para que funcione , la lectura es directa sobre cualquier liquido.<\/p>\n<p><strong>Caracter\u00edsticas:<\/strong><\/p>\n<ul>\n<li>Dise\u00f1o ligero y elegante, presentado en blister comercial.<\/li>\n<li>Medidor de pH con compensaci\u00f3n de temperatura autom\u00e1tica ATC.<\/li>\n<li>Presenta las mediciones de pH y temperatura simult\u00e1neamente en la misma pantalla.<\/li>\n<li>Calibraci\u00f3n digital de una sola pulsaci\u00f3n.<\/li>\n<li>Indicador de bater\u00eda baja.<\/li>\n<li>Gran display digital LCD.<\/li>\n<li>Mide pH y temperatura.<\/li>\n<li>Resistente a las salpicaduras de agua.<\/li>\n<li>Apagado autom\u00e1tico para ahorro de bater\u00edas.<\/li>\n<li>Memorizaci\u00f3n de mediciones en pantalla HOLD.<\/li>\n<\/ul>\n<p><strong>Especificaciones tecnicas:<\/strong><\/p>\n<ul>\n<li>Rango de medici\u00f3n de pH: 0-14.<\/li>\n<li>Rango de temperatura: 1-80 \u00b0C; 33-176 \u00b0F.<\/li>\n<li>Precisi\u00f3n: +\/- 0.2 pH; Temperatura +\/-2%.<\/li>\n<li>Calibraci\u00f3n: Calibraci\u00f3n autom\u00e1tica digital en un punto (pH7).<\/li>\n<li>Electrodo: Sensor de cristal y tubos referenciales.<\/li>\n<li>Carcasa: Resistente a las salpicaduras de agua.<\/li>\n<\/ul>\n<p><strong>Incluye:<br \/>\n<\/strong><\/p>\n<ul>\n<li>Medidor de pH PH80 marca.<\/li>\n<li>Bater\u00edas incluidas.<\/li>\n<li>Soluci\u00f3n buffer de Ph 7 en sobre.<\/li>\n<li>Sobre con soluci\u00f3n de almacenamiento de electrodo.<\/li>\n<li>Manual de instrucciones.<\/li>\n<\/ul>\n","protected":false},"featured_media":9327,"comment_status":"open","ping_status":"closed","template":"","meta":{"_joinchat":[]},"product_brand":[],"product_cat":[15],"product_tag":[],"class_list":{"0":"post-9320","1":"product","2":"type-product","3":"status-publish","4":"has-post-thumbnail","6":"product_cat-sin-categorizar","8":"first","9":"instock","10":"shipping-taxable","11":"product-type-simple"},"yoast_head":"<!-- This site is optimized with the Yoast SEO plugin v26.4 - https:\/\/yoast.com\/wordpress\/plugins\/seo\/ -->\n<title>Medidor de ph hm digital ph-80 - Abaa tienda online<\/title>\n<meta name=\"robots\" content=\"index, follow, max-snippet:-1, max-image-preview:large, max-video-preview:-1\" \/>\n<link rel=\"canonical\" href=\"https:\/\/abaa.mx\/tienda\/medidor-de-ph-hm-digital-ph-80\/\" \/>\n<meta property=\"og:locale\" content=\"es_MX\" \/>\n<meta property=\"og:type\" content=\"article\" \/>\n<meta property=\"og:title\" content=\"Medidor de ph hm digital ph-80 - Abaa tienda online\" \/>\n<meta property=\"og:description\" content=\"Medidor de pH y temperatura pHmetro confiable y ademas econ\u00f3mico, el PH80 le garantiza m\u00e1s que nada los desenlaces que usted quiere conseguir por un precio justo. Ideal para acuarios, hidroponia, piscinas, riego, industria, alcalinizadores, purificaci\u00f3n por \u00f3smosis inversa, ionizadores de agua, etc.  Esta nueva versi\u00f3n del PH80 muestra una tapa de silicona que permite almacenar el electrodo de forma que este se conserve mejor. Medidor fuerte a las salpicaduras por agua. Mide pH y ademas temperatura. Incluye ademas la compensaci\u00f3n autom\u00e1tica de temperatura (Olv\u00eddate que la temperatura vari\u00e9 en la lectura de pH, solo toma la lectura y listo) No requiere de ning\u00fan g\u00e9nero de reactivos para que funcione , la lectura es directa sobre cualquier liquido.  Caracter\u00edsticas:   Dise\u00f1o ligero y elegante, presentado en blister comercial.  Medidor de pH con compensaci\u00f3n de temperatura autom\u00e1tica ATC.  Presenta las mediciones de pH y temperatura simult\u00e1neamente en la misma pantalla.  Calibraci\u00f3n digital de una sola pulsaci\u00f3n.  Indicador de bater\u00eda baja.  Gran display digital LCD.  Mide pH y temperatura.  Resistente a las salpicaduras de agua.  Apagado autom\u00e1tico para ahorro de bater\u00edas.  Memorizaci\u00f3n de mediciones en pantalla HOLD.  Especificaciones tecnicas:   Rango de medici\u00f3n de pH: 0-14.  Rango de temperatura: 1-80 \u00b0C; 33-176 \u00b0F.  Precisi\u00f3n: +\/- 0.2 pH; Temperatura +\/-2%.  Calibraci\u00f3n: Calibraci\u00f3n autom\u00e1tica digital en un punto (pH7).  Electrodo: Sensor de cristal y tubos referenciales.  Carcasa: Resistente a las salpicaduras de agua.  Incluye:    Medidor de pH PH80 marca.  Bater\u00edas incluidas.  Soluci\u00f3n buffer de Ph 7 en sobre.  Sobre con soluci\u00f3n de almacenamiento de electrodo.  Manual de instrucciones.\" \/>\n<meta property=\"og:url\" content=\"https:\/\/abaa.mx\/tienda\/medidor-de-ph-hm-digital-ph-80\/\" \/>\n<meta property=\"og:site_name\" content=\"Abaa tienda online\" \/>\n<meta property=\"article:modified_time\" content=\"2023-11-27T15:25:41+00:00\" \/>\n<meta property=\"og:image\" content=\"https:\/\/abaa.mx\/tienda\/wp-content\/uploads\/2023\/11\/ALFAMETRIC-PH-80.jpg\" \/>\n\t<meta property=\"og:image:width\" content=\"371\" \/>\n\t<meta property=\"og:image:height\" content=\"437\" \/>\n\t<meta property=\"og:image:type\" content=\"image\/jpeg\" \/>\n<meta name=\"twitter:card\" content=\"summary_large_image\" \/>\n<meta name=\"twitter:label1\" content=\"Tiempo de lectura\" \/>\n\t<meta name=\"twitter:data1\" content=\"1 minuto\" \/>\n<script type=\"application\/ld+json\" class=\"yoast-schema-graph\">{\"@context\":\"https:\/\/schema.org\",\"@graph\":[{\"@type\":\"WebPage\",\"@id\":\"https:\/\/abaa.mx\/tienda\/medidor-de-ph-hm-digital-ph-80\/\",\"url\":\"https:\/\/abaa.mx\/tienda\/medidor-de-ph-hm-digital-ph-80\/\",\"name\":\"Medidor de ph hm digital ph-80 - Abaa tienda online\",\"isPartOf\":{\"@id\":\"https:\/\/abaa.mx\/tienda\/#website\"},\"primaryImageOfPage\":{\"@id\":\"https:\/\/abaa.mx\/tienda\/medidor-de-ph-hm-digital-ph-80\/#primaryimage\"},\"image\":{\"@id\":\"https:\/\/abaa.mx\/tienda\/medidor-de-ph-hm-digital-ph-80\/#primaryimage\"},\"thumbnailUrl\":\"https:\/\/abaa.mx\/tienda\/wp-content\/uploads\/2023\/11\/ALFAMETRIC-PH-80.jpg\",\"datePublished\":\"2023-11-27T15:25:40+00:00\",\"dateModified\":\"2023-11-27T15:25:41+00:00\",\"breadcrumb\":{\"@id\":\"https:\/\/abaa.mx\/tienda\/medidor-de-ph-hm-digital-ph-80\/#breadcrumb\"},\"inLanguage\":\"es\",\"potentialAction\":[{\"@type\":\"ReadAction\",\"target\":[\"https:\/\/abaa.mx\/tienda\/medidor-de-ph-hm-digital-ph-80\/\"]}]},{\"@type\":\"ImageObject\",\"inLanguage\":\"es\",\"@id\":\"https:\/\/abaa.mx\/tienda\/medidor-de-ph-hm-digital-ph-80\/#primaryimage\",\"url\":\"https:\/\/abaa.mx\/tienda\/wp-content\/uploads\/2023\/11\/ALFAMETRIC-PH-80.jpg\",\"contentUrl\":\"https:\/\/abaa.mx\/tienda\/wp-content\/uploads\/2023\/11\/ALFAMETRIC-PH-80.jpg\",\"width\":371,\"height\":437,\"caption\":\"ALFAMETRIC-PH-80\"},{\"@type\":\"BreadcrumbList\",\"@id\":\"https:\/\/abaa.mx\/tienda\/medidor-de-ph-hm-digital-ph-80\/#breadcrumb\",\"itemListElement\":[{\"@type\":\"ListItem\",\"position\":1,\"name\":\"Inicio\",\"item\":\"https:\/\/abaa.mx\/tienda\/\"},{\"@type\":\"ListItem\",\"position\":2,\"name\":\"Tienda\",\"item\":\"https:\/\/abaa.mx\/tienda\/\"},{\"@type\":\"ListItem\",\"position\":3,\"name\":\"Medidor de ph hm digital ph-80\"}]},{\"@type\":\"WebSite\",\"@id\":\"https:\/\/abaa.mx\/tienda\/#website\",\"url\":\"https:\/\/abaa.mx\/tienda\/\",\"name\":\"Abaa tienda online\",\"description\":\"Instrumentos de medici\u00f3n\",\"publisher\":{\"@id\":\"https:\/\/abaa.mx\/tienda\/#organization\"},\"potentialAction\":[{\"@type\":\"SearchAction\",\"target\":{\"@type\":\"EntryPoint\",\"urlTemplate\":\"https:\/\/abaa.mx\/tienda\/?s={search_term_string}\"},\"query-input\":{\"@type\":\"PropertyValueSpecification\",\"valueRequired\":true,\"valueName\":\"search_term_string\"}}],\"inLanguage\":\"es\"},{\"@type\":\"Organization\",\"@id\":\"https:\/\/abaa.mx\/tienda\/#organization\",\"name\":\"Abaa tienda online\",\"url\":\"https:\/\/abaa.mx\/tienda\/\",\"logo\":{\"@type\":\"ImageObject\",\"inLanguage\":\"es\",\"@id\":\"https:\/\/abaa.mx\/tienda\/#\/schema\/logo\/image\/\",\"url\":\"https:\/\/abaa.mx\/tienda\/wp-content\/uploads\/2024\/01\/abaa-metrologia-tienda.png\",\"contentUrl\":\"https:\/\/abaa.mx\/tienda\/wp-content\/uploads\/2024\/01\/abaa-metrologia-tienda.png\",\"width\":300,\"height\":141,\"caption\":\"Abaa tienda online\"},\"image\":{\"@id\":\"https:\/\/abaa.mx\/tienda\/#\/schema\/logo\/image\/\"}}]}<\/script>\n<!-- \/ Yoast SEO plugin. -->","yoast_head_json":{"title":"Medidor de ph hm digital ph-80 - Abaa tienda online","robots":{"index":"index","follow":"follow","max-snippet":"max-snippet:-1","max-image-preview":"max-image-preview:large","max-video-preview":"max-video-preview:-1"},"canonical":"https:\/\/abaa.mx\/tienda\/medidor-de-ph-hm-digital-ph-80\/","og_locale":"es_MX","og_type":"article","og_title":"Medidor de ph hm digital ph-80 - Abaa tienda online","og_description":"Medidor de pH y temperatura pHmetro confiable y ademas econ\u00f3mico, el PH80 le garantiza m\u00e1s que nada los desenlaces que usted quiere conseguir por un precio justo. Ideal para acuarios, hidroponia, piscinas, riego, industria, alcalinizadores, purificaci\u00f3n por \u00f3smosis inversa, ionizadores de agua, etc.  Esta nueva versi\u00f3n del PH80 muestra una tapa de silicona que permite almacenar el electrodo de forma que este se conserve mejor. Medidor fuerte a las salpicaduras por agua. Mide pH y ademas temperatura. Incluye ademas la compensaci\u00f3n autom\u00e1tica de temperatura (Olv\u00eddate que la temperatura vari\u00e9 en la lectura de pH, solo toma la lectura y listo) No requiere de ning\u00fan g\u00e9nero de reactivos para que funcione , la lectura es directa sobre cualquier liquido.  Caracter\u00edsticas:   Dise\u00f1o ligero y elegante, presentado en blister comercial.  Medidor de pH con compensaci\u00f3n de temperatura autom\u00e1tica ATC.  Presenta las mediciones de pH y temperatura simult\u00e1neamente en la misma pantalla.  Calibraci\u00f3n digital de una sola pulsaci\u00f3n.  Indicador de bater\u00eda baja.  Gran display digital LCD.  Mide pH y temperatura.  Resistente a las salpicaduras de agua.  Apagado autom\u00e1tico para ahorro de bater\u00edas.  Memorizaci\u00f3n de mediciones en pantalla HOLD.  Especificaciones tecnicas:   Rango de medici\u00f3n de pH: 0-14.  Rango de temperatura: 1-80 \u00b0C; 33-176 \u00b0F.  Precisi\u00f3n: +\/- 0.2 pH; Temperatura +\/-2%.  Calibraci\u00f3n: Calibraci\u00f3n autom\u00e1tica digital en un punto (pH7).  Electrodo: Sensor de cristal y tubos referenciales.  Carcasa: Resistente a las salpicaduras de agua.  Incluye:    Medidor de pH PH80 marca.  Bater\u00edas incluidas.  Soluci\u00f3n buffer de Ph 7 en sobre.  Sobre con soluci\u00f3n de almacenamiento de electrodo.  Manual de instrucciones.","og_url":"https:\/\/abaa.mx\/tienda\/medidor-de-ph-hm-digital-ph-80\/","og_site_name":"Abaa tienda online","article_modified_time":"2023-11-27T15:25:41+00:00","og_image":[{"width":371,"height":437,"url":"https:\/\/abaa.mx\/tienda\/wp-content\/uploads\/2023\/11\/ALFAMETRIC-PH-80.jpg","type":"image\/jpeg"}],"twitter_card":"summary_large_image","twitter_misc":{"Tiempo de lectura":"1 minuto"},"schema":{"@context":"https:\/\/schema.org","@graph":[{"@type":"WebPage","@id":"https:\/\/abaa.mx\/tienda\/medidor-de-ph-hm-digital-ph-80\/","url":"https:\/\/abaa.mx\/tienda\/medidor-de-ph-hm-digital-ph-80\/","name":"Medidor de ph hm digital ph-80 - Abaa tienda online","isPartOf":{"@id":"https:\/\/abaa.mx\/tienda\/#website"},"primaryImageOfPage":{"@id":"https:\/\/abaa.mx\/tienda\/medidor-de-ph-hm-digital-ph-80\/#primaryimage"},"image":{"@id":"https:\/\/abaa.mx\/tienda\/medidor-de-ph-hm-digital-ph-80\/#primaryimage"},"thumbnailUrl":"https:\/\/abaa.mx\/tienda\/wp-content\/uploads\/2023\/11\/ALFAMETRIC-PH-80.jpg","datePublished":"2023-11-27T15:25:40+00:00","dateModified":"2023-11-27T15:25:41+00:00","breadcrumb":{"@id":"https:\/\/abaa.mx\/tienda\/medidor-de-ph-hm-digital-ph-80\/#breadcrumb"},"inLanguage":"es","potentialAction":[{"@type":"ReadAction","target":["https:\/\/abaa.mx\/tienda\/medidor-de-ph-hm-digital-ph-80\/"]}]},{"@type":"ImageObject","inLanguage":"es","@id":"https:\/\/abaa.mx\/tienda\/medidor-de-ph-hm-digital-ph-80\/#primaryimage","url":"https:\/\/abaa.mx\/tienda\/wp-content\/uploads\/2023\/11\/ALFAMETRIC-PH-80.jpg","contentUrl":"https:\/\/abaa.mx\/tienda\/wp-content\/uploads\/2023\/11\/ALFAMETRIC-PH-80.jpg","width":371,"height":437,"caption":"ALFAMETRIC-PH-80"},{"@type":"BreadcrumbList","@id":"https:\/\/abaa.mx\/tienda\/medidor-de-ph-hm-digital-ph-80\/#breadcrumb","itemListElement":[{"@type":"ListItem","position":1,"name":"Inicio","item":"https:\/\/abaa.mx\/tienda\/"},{"@type":"ListItem","position":2,"name":"Tienda","item":"https:\/\/abaa.mx\/tienda\/"},{"@type":"ListItem","position":3,"name":"Medidor de ph hm digital ph-80"}]},{"@type":"WebSite","@id":"https:\/\/abaa.mx\/tienda\/#website","url":"https:\/\/abaa.mx\/tienda\/","name":"Abaa tienda online","description":"Instrumentos de medici\u00f3n","publisher":{"@id":"https:\/\/abaa.mx\/tienda\/#organization"},"potentialAction":[{"@type":"SearchAction","target":{"@type":"EntryPoint","urlTemplate":"https:\/\/abaa.mx\/tienda\/?s={search_term_string}"},"query-input":{"@type":"PropertyValueSpecification","valueRequired":true,"valueName":"search_term_string"}}],"inLanguage":"es"},{"@type":"Organization","@id":"https:\/\/abaa.mx\/tienda\/#organization","name":"Abaa tienda online","url":"https:\/\/abaa.mx\/tienda\/","logo":{"@type":"ImageObject","inLanguage":"es","@id":"https:\/\/abaa.mx\/tienda\/#\/schema\/logo\/image\/","url":"https:\/\/abaa.mx\/tienda\/wp-content\/uploads\/2024\/01\/abaa-metrologia-tienda.png","contentUrl":"https:\/\/abaa.mx\/tienda\/wp-content\/uploads\/2024\/01\/abaa-metrologia-tienda.png","width":300,"height":141,"caption":"Abaa tienda online"},"image":{"@id":"https:\/\/abaa.mx\/tienda\/#\/schema\/logo\/image\/"}}]}},"_links":{"self":[{"href":"https:\/\/abaa.mx\/tienda\/wp-json\/wp\/v2\/product\/9320","targetHints":{"allow":["GET"]}}],"collection":[{"href":"https:\/\/abaa.mx\/tienda\/wp-json\/wp\/v2\/product"}],"about":[{"href":"https:\/\/abaa.mx\/tienda\/wp-json\/wp\/v2\/types\/product"}],"replies":[{"embeddable":true,"href":"https:\/\/abaa.mx\/tienda\/wp-json\/wp\/v2\/comments?post=9320"}],"wp:featuredmedia":[{"embeddable":true,"href":"https:\/\/abaa.mx\/tienda\/wp-json\/wp\/v2\/media\/9327"}],"wp:attachment":[{"href":"https:\/\/abaa.mx\/tienda\/wp-json\/wp\/v2\/media?parent=9320"}],"wp:term":[{"taxonomy":"product_brand","embeddable":true,"href":"https:\/\/abaa.mx\/tienda\/wp-json\/wp\/v2\/product_brand?post=9320"},{"taxonomy":"product_cat","embeddable":true,"href":"https:\/\/abaa.mx\/tienda\/wp-json\/wp\/v2\/product_cat?post=9320"},{"taxonomy":"product_tag","embeddable":true,"href":"https:\/\/abaa.mx\/tienda\/wp-json\/wp\/v2\/product_tag?post=9320"}],"curies":[{"name":"wp","href":"https:\/\/api.w.org\/{rel}","templated":true}]}}