{"id":931,"date":"2020-10-21T17:24:01","date_gmt":"2020-10-21T17:24:01","guid":{"rendered":"https:\/\/abaa.mx\/tienda\/?post_type=product&#038;p=931"},"modified":"2021-04-05T18:54:01","modified_gmt":"2021-04-05T18:54:01","slug":"termometro-taylor-pdt550a","status":"publish","type":"product","link":"https:\/\/abaa.mx\/tienda\/termometro-taylor-pdt550a\/","title":{"rendered":"Term\u00f3metro Taylor PDT550A"},"content":{"rendered":"<p>Caracter\u00edsticas de term\u00f3metro Taylor PDT550A<\/p>\n<table>\n<tbody>\n<tr>\n<td width=\"599\">Registro<\/td>\n<\/tr>\n<tr>\n<td width=\"599\">\u00b0F y \u00b0C<\/td>\n<\/tr>\n<tr>\n<td width=\"599\">Rango Celsius<\/td>\n<\/tr>\n<tr>\n<td width=\"599\">-50\u00b0C a 300\u00b0C<\/td>\n<\/tr>\n<tr>\n<td width=\"599\">Rango Fahrenheit<\/td>\n<\/tr>\n<tr>\n<td width=\"599\">-58\u00b0F a 571\u00b0F<\/td>\n<\/tr>\n<tr>\n<td width=\"599\">Lectura<\/td>\n<\/tr>\n<tr>\n<td width=\"599\">Digital<\/td>\n<\/tr>\n<tr>\n<td width=\"599\">Pantalla<\/td>\n<\/tr>\n<tr>\n<td width=\"599\">LCD<\/td>\n<\/tr>\n<tr>\n<td width=\"599\">Bater\u00eda<\/td>\n<\/tr>\n<tr>\n<td width=\"599\">AB13<\/td>\n<\/tr>\n<tr>\n<td width=\"599\">Material<\/td>\n<\/tr>\n<tr>\n<td width=\"599\">Pl\u00e1stico<\/td>\n<\/tr>\n<\/tbody>\n<\/table>\n","protected":false},"excerpt":{"rendered":"<p>El Term\u00f3metro digital tipo pluma PDT550A, marca UEI, es un robusto y vers\u00e1til term\u00f3metro de bolsillo que cuenta con su rango de temperatura de -50 a 300\u00b0C (-58 a 571\u00b0F); montaje magn\u00e9tico incorporado; pantalla amplia de f\u00e1cil lectura; registro M\u00edn. \/ M\u00e1x. con una carcasa a prueba de agua; adem\u00e1s, la tapa de la sonda de doble uso sirve como term\u00f3metro. El PDT550A proporciona mediciones confiables y precisas en ambientes exigentes. Es un term\u00f3metro ideal para refrigeraci\u00f3n y arte culinario o cualquier otro ambiente donde el monitoreo de temperatura sea cr\u00edtico. Est\u00e1 disponible en varios colores: rojo, verde, amarillo, azul y negro. Incluye bater\u00eda (AB13) y 1 a\u00f1o de garant\u00eda y es totalmente recomendable para su empresa.<\/p>\n","protected":false},"featured_media":993,"comment_status":"open","ping_status":"closed","template":"","meta":{"_joinchat":[]},"product_brand":[],"product_cat":[57],"product_tag":[],"class_list":{"0":"post-931","1":"product","2":"type-product","3":"status-publish","4":"has-post-thumbnail","6":"product_cat-termometros","8":"first","9":"instock","10":"shipping-taxable","11":"product-type-simple"},"yoast_head":"<!-- This site is optimized with the Yoast SEO plugin v26.4 - https:\/\/yoast.com\/wordpress\/plugins\/seo\/ -->\n<title>Term\u00f3metro Taylor PDT550A - Abaa tienda online<\/title>\n<meta name=\"robots\" content=\"index, follow, max-snippet:-1, max-image-preview:large, max-video-preview:-1\" \/>\n<link rel=\"canonical\" href=\"https:\/\/abaa.mx\/tienda\/termometro-taylor-pdt550a\/\" \/>\n<meta property=\"og:locale\" content=\"es_MX\" \/>\n<meta property=\"og:type\" content=\"article\" \/>\n<meta property=\"og:title\" content=\"Term\u00f3metro Taylor PDT550A - Abaa tienda online\" \/>\n<meta property=\"og:description\" content=\"El Term\u00f3metro digital tipo pluma PDT550A, marca UEI, es un robusto y vers\u00e1til term\u00f3metro de bolsillo que cuenta con su rango de temperatura de -50 a 300\u00b0C (-58 a 571\u00b0F); montaje magn\u00e9tico incorporado; pantalla amplia de f\u00e1cil lectura; registro M\u00edn. \/ M\u00e1x. con una carcasa a prueba de agua; adem\u00e1s, la tapa de la sonda de doble uso sirve como term\u00f3metro. El PDT550A proporciona mediciones confiables y precisas en ambientes exigentes. Es un term\u00f3metro ideal para refrigeraci\u00f3n y arte culinario o cualquier otro ambiente donde el monitoreo de temperatura sea cr\u00edtico. Est\u00e1 disponible en varios colores: rojo, verde, amarillo, azul y negro. Incluye bater\u00eda (AB13) y 1 a\u00f1o de garant\u00eda y es totalmente recomendable para su empresa.\" \/>\n<meta property=\"og:url\" content=\"https:\/\/abaa.mx\/tienda\/termometro-taylor-pdt550a\/\" \/>\n<meta property=\"og:site_name\" content=\"Abaa tienda online\" \/>\n<meta property=\"article:modified_time\" content=\"2021-04-05T18:54:01+00:00\" \/>\n<meta property=\"og:image\" content=\"https:\/\/abaa.mx\/tienda\/wp-content\/uploads\/2020\/10\/Termometro-Taylor-PDT550A.jpg\" \/>\n\t<meta property=\"og:image:width\" content=\"800\" \/>\n\t<meta property=\"og:image:height\" content=\"800\" \/>\n\t<meta property=\"og:image:type\" content=\"image\/jpeg\" \/>\n<meta name=\"twitter:card\" content=\"summary_large_image\" \/>\n<script type=\"application\/ld+json\" class=\"yoast-schema-graph\">{\"@context\":\"https:\/\/schema.org\",\"@graph\":[{\"@type\":\"WebPage\",\"@id\":\"https:\/\/abaa.mx\/tienda\/termometro-taylor-pdt550a\/\",\"url\":\"https:\/\/abaa.mx\/tienda\/termometro-taylor-pdt550a\/\",\"name\":\"Term\u00f3metro Taylor PDT550A - Abaa tienda online\",\"isPartOf\":{\"@id\":\"https:\/\/abaa.mx\/tienda\/#website\"},\"primaryImageOfPage\":{\"@id\":\"https:\/\/abaa.mx\/tienda\/termometro-taylor-pdt550a\/#primaryimage\"},\"image\":{\"@id\":\"https:\/\/abaa.mx\/tienda\/termometro-taylor-pdt550a\/#primaryimage\"},\"thumbnailUrl\":\"https:\/\/abaa.mx\/tienda\/wp-content\/uploads\/2020\/10\/Termometro-Taylor-PDT550A.jpg\",\"datePublished\":\"2020-10-21T17:24:01+00:00\",\"dateModified\":\"2021-04-05T18:54:01+00:00\",\"breadcrumb\":{\"@id\":\"https:\/\/abaa.mx\/tienda\/termometro-taylor-pdt550a\/#breadcrumb\"},\"inLanguage\":\"es\",\"potentialAction\":[{\"@type\":\"ReadAction\",\"target\":[\"https:\/\/abaa.mx\/tienda\/termometro-taylor-pdt550a\/\"]}]},{\"@type\":\"ImageObject\",\"inLanguage\":\"es\",\"@id\":\"https:\/\/abaa.mx\/tienda\/termometro-taylor-pdt550a\/#primaryimage\",\"url\":\"https:\/\/abaa.mx\/tienda\/wp-content\/uploads\/2020\/10\/Termometro-Taylor-PDT550A.jpg\",\"contentUrl\":\"https:\/\/abaa.mx\/tienda\/wp-content\/uploads\/2020\/10\/Termometro-Taylor-PDT550A.jpg\",\"width\":800,\"height\":800,\"caption\":\"Term\u00f3metro Taylor PDT550A\"},{\"@type\":\"BreadcrumbList\",\"@id\":\"https:\/\/abaa.mx\/tienda\/termometro-taylor-pdt550a\/#breadcrumb\",\"itemListElement\":[{\"@type\":\"ListItem\",\"position\":1,\"name\":\"Inicio\",\"item\":\"https:\/\/abaa.mx\/tienda\/\"},{\"@type\":\"ListItem\",\"position\":2,\"name\":\"Tienda\",\"item\":\"https:\/\/abaa.mx\/tienda\/\"},{\"@type\":\"ListItem\",\"position\":3,\"name\":\"Term\u00f3metro Taylor PDT550A\"}]},{\"@type\":\"WebSite\",\"@id\":\"https:\/\/abaa.mx\/tienda\/#website\",\"url\":\"https:\/\/abaa.mx\/tienda\/\",\"name\":\"Abaa tienda online\",\"description\":\"Instrumentos de medici\u00f3n\",\"publisher\":{\"@id\":\"https:\/\/abaa.mx\/tienda\/#organization\"},\"potentialAction\":[{\"@type\":\"SearchAction\",\"target\":{\"@type\":\"EntryPoint\",\"urlTemplate\":\"https:\/\/abaa.mx\/tienda\/?s={search_term_string}\"},\"query-input\":{\"@type\":\"PropertyValueSpecification\",\"valueRequired\":true,\"valueName\":\"search_term_string\"}}],\"inLanguage\":\"es\"},{\"@type\":\"Organization\",\"@id\":\"https:\/\/abaa.mx\/tienda\/#organization\",\"name\":\"Abaa tienda online\",\"url\":\"https:\/\/abaa.mx\/tienda\/\",\"logo\":{\"@type\":\"ImageObject\",\"inLanguage\":\"es\",\"@id\":\"https:\/\/abaa.mx\/tienda\/#\/schema\/logo\/image\/\",\"url\":\"https:\/\/abaa.mx\/tienda\/wp-content\/uploads\/2024\/01\/abaa-metrologia-tienda.png\",\"contentUrl\":\"https:\/\/abaa.mx\/tienda\/wp-content\/uploads\/2024\/01\/abaa-metrologia-tienda.png\",\"width\":300,\"height\":141,\"caption\":\"Abaa tienda online\"},\"image\":{\"@id\":\"https:\/\/abaa.mx\/tienda\/#\/schema\/logo\/image\/\"}}]}<\/script>\n<!-- \/ Yoast SEO plugin. -->","yoast_head_json":{"title":"Term\u00f3metro Taylor PDT550A - Abaa tienda online","robots":{"index":"index","follow":"follow","max-snippet":"max-snippet:-1","max-image-preview":"max-image-preview:large","max-video-preview":"max-video-preview:-1"},"canonical":"https:\/\/abaa.mx\/tienda\/termometro-taylor-pdt550a\/","og_locale":"es_MX","og_type":"article","og_title":"Term\u00f3metro Taylor PDT550A - Abaa tienda online","og_description":"El Term\u00f3metro digital tipo pluma PDT550A, marca UEI, es un robusto y vers\u00e1til term\u00f3metro de bolsillo que cuenta con su rango de temperatura de -50 a 300\u00b0C (-58 a 571\u00b0F); montaje magn\u00e9tico incorporado; pantalla amplia de f\u00e1cil lectura; registro M\u00edn. \/ M\u00e1x. con una carcasa a prueba de agua; adem\u00e1s, la tapa de la sonda de doble uso sirve como term\u00f3metro. El PDT550A proporciona mediciones confiables y precisas en ambientes exigentes. Es un term\u00f3metro ideal para refrigeraci\u00f3n y arte culinario o cualquier otro ambiente donde el monitoreo de temperatura sea cr\u00edtico. Est\u00e1 disponible en varios colores: rojo, verde, amarillo, azul y negro. Incluye bater\u00eda (AB13) y 1 a\u00f1o de garant\u00eda y es totalmente recomendable para su empresa.","og_url":"https:\/\/abaa.mx\/tienda\/termometro-taylor-pdt550a\/","og_site_name":"Abaa tienda online","article_modified_time":"2021-04-05T18:54:01+00:00","og_image":[{"width":800,"height":800,"url":"https:\/\/abaa.mx\/tienda\/wp-content\/uploads\/2020\/10\/Termometro-Taylor-PDT550A.jpg","type":"image\/jpeg"}],"twitter_card":"summary_large_image","schema":{"@context":"https:\/\/schema.org","@graph":[{"@type":"WebPage","@id":"https:\/\/abaa.mx\/tienda\/termometro-taylor-pdt550a\/","url":"https:\/\/abaa.mx\/tienda\/termometro-taylor-pdt550a\/","name":"Term\u00f3metro Taylor PDT550A - Abaa tienda online","isPartOf":{"@id":"https:\/\/abaa.mx\/tienda\/#website"},"primaryImageOfPage":{"@id":"https:\/\/abaa.mx\/tienda\/termometro-taylor-pdt550a\/#primaryimage"},"image":{"@id":"https:\/\/abaa.mx\/tienda\/termometro-taylor-pdt550a\/#primaryimage"},"thumbnailUrl":"https:\/\/abaa.mx\/tienda\/wp-content\/uploads\/2020\/10\/Termometro-Taylor-PDT550A.jpg","datePublished":"2020-10-21T17:24:01+00:00","dateModified":"2021-04-05T18:54:01+00:00","breadcrumb":{"@id":"https:\/\/abaa.mx\/tienda\/termometro-taylor-pdt550a\/#breadcrumb"},"inLanguage":"es","potentialAction":[{"@type":"ReadAction","target":["https:\/\/abaa.mx\/tienda\/termometro-taylor-pdt550a\/"]}]},{"@type":"ImageObject","inLanguage":"es","@id":"https:\/\/abaa.mx\/tienda\/termometro-taylor-pdt550a\/#primaryimage","url":"https:\/\/abaa.mx\/tienda\/wp-content\/uploads\/2020\/10\/Termometro-Taylor-PDT550A.jpg","contentUrl":"https:\/\/abaa.mx\/tienda\/wp-content\/uploads\/2020\/10\/Termometro-Taylor-PDT550A.jpg","width":800,"height":800,"caption":"Term\u00f3metro Taylor PDT550A"},{"@type":"BreadcrumbList","@id":"https:\/\/abaa.mx\/tienda\/termometro-taylor-pdt550a\/#breadcrumb","itemListElement":[{"@type":"ListItem","position":1,"name":"Inicio","item":"https:\/\/abaa.mx\/tienda\/"},{"@type":"ListItem","position":2,"name":"Tienda","item":"https:\/\/abaa.mx\/tienda\/"},{"@type":"ListItem","position":3,"name":"Term\u00f3metro Taylor PDT550A"}]},{"@type":"WebSite","@id":"https:\/\/abaa.mx\/tienda\/#website","url":"https:\/\/abaa.mx\/tienda\/","name":"Abaa tienda online","description":"Instrumentos de medici\u00f3n","publisher":{"@id":"https:\/\/abaa.mx\/tienda\/#organization"},"potentialAction":[{"@type":"SearchAction","target":{"@type":"EntryPoint","urlTemplate":"https:\/\/abaa.mx\/tienda\/?s={search_term_string}"},"query-input":{"@type":"PropertyValueSpecification","valueRequired":true,"valueName":"search_term_string"}}],"inLanguage":"es"},{"@type":"Organization","@id":"https:\/\/abaa.mx\/tienda\/#organization","name":"Abaa tienda online","url":"https:\/\/abaa.mx\/tienda\/","logo":{"@type":"ImageObject","inLanguage":"es","@id":"https:\/\/abaa.mx\/tienda\/#\/schema\/logo\/image\/","url":"https:\/\/abaa.mx\/tienda\/wp-content\/uploads\/2024\/01\/abaa-metrologia-tienda.png","contentUrl":"https:\/\/abaa.mx\/tienda\/wp-content\/uploads\/2024\/01\/abaa-metrologia-tienda.png","width":300,"height":141,"caption":"Abaa tienda online"},"image":{"@id":"https:\/\/abaa.mx\/tienda\/#\/schema\/logo\/image\/"}}]}},"_links":{"self":[{"href":"https:\/\/abaa.mx\/tienda\/wp-json\/wp\/v2\/product\/931","targetHints":{"allow":["GET"]}}],"collection":[{"href":"https:\/\/abaa.mx\/tienda\/wp-json\/wp\/v2\/product"}],"about":[{"href":"https:\/\/abaa.mx\/tienda\/wp-json\/wp\/v2\/types\/product"}],"replies":[{"embeddable":true,"href":"https:\/\/abaa.mx\/tienda\/wp-json\/wp\/v2\/comments?post=931"}],"wp:featuredmedia":[{"embeddable":true,"href":"https:\/\/abaa.mx\/tienda\/wp-json\/wp\/v2\/media\/993"}],"wp:attachment":[{"href":"https:\/\/abaa.mx\/tienda\/wp-json\/wp\/v2\/media?parent=931"}],"wp:term":[{"taxonomy":"product_brand","embeddable":true,"href":"https:\/\/abaa.mx\/tienda\/wp-json\/wp\/v2\/product_brand?post=931"},{"taxonomy":"product_cat","embeddable":true,"href":"https:\/\/abaa.mx\/tienda\/wp-json\/wp\/v2\/product_cat?post=931"},{"taxonomy":"product_tag","embeddable":true,"href":"https:\/\/abaa.mx\/tienda\/wp-json\/wp\/v2\/product_tag?post=931"}],"curies":[{"name":"wp","href":"https:\/\/api.w.org\/{rel}","templated":true}]}}