{"id":9267,"date":"2023-11-23T21:02:32","date_gmt":"2023-11-23T21:02:32","guid":{"rendered":"https:\/\/abaa.mx\/tienda\/?post_type=product&#038;p=9267"},"modified":"2023-11-23T21:02:33","modified_gmt":"2023-11-23T21:02:33","slug":"verificador-de-porcentaje-de-alcohol-en-desinfectantes-pal-covid-19","status":"publish","type":"product","link":"https:\/\/abaa.mx\/tienda\/verificador-de-porcentaje-de-alcohol-en-desinfectantes-pal-covid-19\/","title":{"rendered":"Verificador de Porcentaje de Alcohol en Desinfectantes &#8211; PAL-COVID-19."},"content":{"rendered":"<p>Verificador de Porcentaje de Alcohol en Desinfectantes &#8211; PAL-COVID-19.<\/p>\n","protected":false},"excerpt":{"rendered":"<p>Refractometro para la medici\u00f3n de porcentaje de alcohol en desinfectantes.<\/p>\n<p>Se inform\u00f3 que el alcohol Isoprop\u00edlico (70%) es efectivo para desinfectar la piel, como las manos *. No obstante , dir\u00edase que no hay efecto a menos que exceda el 70%. Adem\u00e1s , una concentraci\u00f3n de alcohol demasiado alta puede causar piel \u00e1spera, con lo que es importante emplearla en una concentraci\u00f3n correcta.<\/p>\n<p>* El est\u00e1ndar del Centro para el Control y la Prevenci\u00f3n de Enfermedades (CDC) es del 60% o m\u00e1s. El Ministerio de Salud, Trabajo y Bienestar de Jap\u00f3n sugiere el 70% o mucho m\u00e1s. Adem\u00e1s de esto , los CDC aconsejan 70% o m\u00e1s para desinfectar la \u00e1rea de los objetos.<\/p>\n","protected":false},"featured_media":9268,"comment_status":"open","ping_status":"closed","template":"","meta":{"_joinchat":[]},"product_brand":[],"product_cat":[140],"product_tag":[],"class_list":{"0":"post-9267","1":"product","2":"type-product","3":"status-publish","4":"has-post-thumbnail","6":"product_cat-refractometros","8":"first","9":"instock","10":"shipping-taxable","11":"product-type-simple"},"yoast_head":"<!-- This site is optimized with the Yoast SEO plugin v26.4 - https:\/\/yoast.com\/wordpress\/plugins\/seo\/ -->\n<title>Verificador de Porcentaje de Alcohol en Desinfectantes - PAL-COVID-19. - Abaa tienda online<\/title>\n<meta name=\"robots\" content=\"index, follow, max-snippet:-1, max-image-preview:large, max-video-preview:-1\" \/>\n<link rel=\"canonical\" href=\"https:\/\/abaa.mx\/tienda\/verificador-de-porcentaje-de-alcohol-en-desinfectantes-pal-covid-19\/\" \/>\n<meta property=\"og:locale\" content=\"es_MX\" \/>\n<meta property=\"og:type\" content=\"article\" \/>\n<meta property=\"og:title\" content=\"Verificador de Porcentaje de Alcohol en Desinfectantes - PAL-COVID-19. - Abaa tienda online\" \/>\n<meta property=\"og:description\" content=\"Refractometro para la medici\u00f3n de porcentaje de alcohol en desinfectantes.  Se inform\u00f3 que el alcohol Isoprop\u00edlico (70%) es efectivo para desinfectar la piel, como las manos *. No obstante , dir\u00edase que no hay efecto a menos que exceda el 70%. Adem\u00e1s , una concentraci\u00f3n de alcohol demasiado alta puede causar piel \u00e1spera, con lo que es importante emplearla en una concentraci\u00f3n correcta.  * El est\u00e1ndar del Centro para el Control y la Prevenci\u00f3n de Enfermedades (CDC) es del 60% o m\u00e1s. El Ministerio de Salud, Trabajo y Bienestar de Jap\u00f3n sugiere el 70% o mucho m\u00e1s. Adem\u00e1s de esto , los CDC aconsejan 70% o m\u00e1s para desinfectar la \u00e1rea de los objetos.\" \/>\n<meta property=\"og:url\" content=\"https:\/\/abaa.mx\/tienda\/verificador-de-porcentaje-de-alcohol-en-desinfectantes-pal-covid-19\/\" \/>\n<meta property=\"og:site_name\" content=\"Abaa tienda online\" \/>\n<meta property=\"article:modified_time\" content=\"2023-11-23T21:02:33+00:00\" \/>\n<meta property=\"og:image\" content=\"https:\/\/abaa.mx\/tienda\/wp-content\/uploads\/2023\/11\/ATAGO-PAL-COVID-19.jpg\" \/>\n\t<meta property=\"og:image:width\" content=\"346\" \/>\n\t<meta property=\"og:image:height\" content=\"412\" \/>\n\t<meta property=\"og:image:type\" content=\"image\/jpeg\" \/>\n<meta name=\"twitter:card\" content=\"summary_large_image\" \/>\n<meta name=\"twitter:label1\" content=\"Tiempo de lectura\" \/>\n\t<meta name=\"twitter:data1\" content=\"1 minuto\" \/>\n<script type=\"application\/ld+json\" class=\"yoast-schema-graph\">{\"@context\":\"https:\/\/schema.org\",\"@graph\":[{\"@type\":\"WebPage\",\"@id\":\"https:\/\/abaa.mx\/tienda\/verificador-de-porcentaje-de-alcohol-en-desinfectantes-pal-covid-19\/\",\"url\":\"https:\/\/abaa.mx\/tienda\/verificador-de-porcentaje-de-alcohol-en-desinfectantes-pal-covid-19\/\",\"name\":\"Verificador de Porcentaje de Alcohol en Desinfectantes - PAL-COVID-19. - Abaa tienda online\",\"isPartOf\":{\"@id\":\"https:\/\/abaa.mx\/tienda\/#website\"},\"primaryImageOfPage\":{\"@id\":\"https:\/\/abaa.mx\/tienda\/verificador-de-porcentaje-de-alcohol-en-desinfectantes-pal-covid-19\/#primaryimage\"},\"image\":{\"@id\":\"https:\/\/abaa.mx\/tienda\/verificador-de-porcentaje-de-alcohol-en-desinfectantes-pal-covid-19\/#primaryimage\"},\"thumbnailUrl\":\"https:\/\/abaa.mx\/tienda\/wp-content\/uploads\/2023\/11\/ATAGO-PAL-COVID-19.jpg\",\"datePublished\":\"2023-11-23T21:02:32+00:00\",\"dateModified\":\"2023-11-23T21:02:33+00:00\",\"breadcrumb\":{\"@id\":\"https:\/\/abaa.mx\/tienda\/verificador-de-porcentaje-de-alcohol-en-desinfectantes-pal-covid-19\/#breadcrumb\"},\"inLanguage\":\"es\",\"potentialAction\":[{\"@type\":\"ReadAction\",\"target\":[\"https:\/\/abaa.mx\/tienda\/verificador-de-porcentaje-de-alcohol-en-desinfectantes-pal-covid-19\/\"]}]},{\"@type\":\"ImageObject\",\"inLanguage\":\"es\",\"@id\":\"https:\/\/abaa.mx\/tienda\/verificador-de-porcentaje-de-alcohol-en-desinfectantes-pal-covid-19\/#primaryimage\",\"url\":\"https:\/\/abaa.mx\/tienda\/wp-content\/uploads\/2023\/11\/ATAGO-PAL-COVID-19.jpg\",\"contentUrl\":\"https:\/\/abaa.mx\/tienda\/wp-content\/uploads\/2023\/11\/ATAGO-PAL-COVID-19.jpg\",\"width\":346,\"height\":412,\"caption\":\"ATAGO-PAL-COVID 19\"},{\"@type\":\"BreadcrumbList\",\"@id\":\"https:\/\/abaa.mx\/tienda\/verificador-de-porcentaje-de-alcohol-en-desinfectantes-pal-covid-19\/#breadcrumb\",\"itemListElement\":[{\"@type\":\"ListItem\",\"position\":1,\"name\":\"Inicio\",\"item\":\"https:\/\/abaa.mx\/tienda\/\"},{\"@type\":\"ListItem\",\"position\":2,\"name\":\"Tienda\",\"item\":\"https:\/\/abaa.mx\/tienda\/\"},{\"@type\":\"ListItem\",\"position\":3,\"name\":\"Verificador de Porcentaje de Alcohol en Desinfectantes &#8211; PAL-COVID-19.\"}]},{\"@type\":\"WebSite\",\"@id\":\"https:\/\/abaa.mx\/tienda\/#website\",\"url\":\"https:\/\/abaa.mx\/tienda\/\",\"name\":\"Abaa tienda online\",\"description\":\"Instrumentos de medici\u00f3n\",\"publisher\":{\"@id\":\"https:\/\/abaa.mx\/tienda\/#organization\"},\"potentialAction\":[{\"@type\":\"SearchAction\",\"target\":{\"@type\":\"EntryPoint\",\"urlTemplate\":\"https:\/\/abaa.mx\/tienda\/?s={search_term_string}\"},\"query-input\":{\"@type\":\"PropertyValueSpecification\",\"valueRequired\":true,\"valueName\":\"search_term_string\"}}],\"inLanguage\":\"es\"},{\"@type\":\"Organization\",\"@id\":\"https:\/\/abaa.mx\/tienda\/#organization\",\"name\":\"Abaa tienda online\",\"url\":\"https:\/\/abaa.mx\/tienda\/\",\"logo\":{\"@type\":\"ImageObject\",\"inLanguage\":\"es\",\"@id\":\"https:\/\/abaa.mx\/tienda\/#\/schema\/logo\/image\/\",\"url\":\"https:\/\/abaa.mx\/tienda\/wp-content\/uploads\/2024\/01\/abaa-metrologia-tienda.png\",\"contentUrl\":\"https:\/\/abaa.mx\/tienda\/wp-content\/uploads\/2024\/01\/abaa-metrologia-tienda.png\",\"width\":300,\"height\":141,\"caption\":\"Abaa tienda online\"},\"image\":{\"@id\":\"https:\/\/abaa.mx\/tienda\/#\/schema\/logo\/image\/\"}}]}<\/script>\n<!-- \/ Yoast SEO plugin. -->","yoast_head_json":{"title":"Verificador de Porcentaje de Alcohol en Desinfectantes - PAL-COVID-19. - Abaa tienda online","robots":{"index":"index","follow":"follow","max-snippet":"max-snippet:-1","max-image-preview":"max-image-preview:large","max-video-preview":"max-video-preview:-1"},"canonical":"https:\/\/abaa.mx\/tienda\/verificador-de-porcentaje-de-alcohol-en-desinfectantes-pal-covid-19\/","og_locale":"es_MX","og_type":"article","og_title":"Verificador de Porcentaje de Alcohol en Desinfectantes - PAL-COVID-19. - Abaa tienda online","og_description":"Refractometro para la medici\u00f3n de porcentaje de alcohol en desinfectantes.  Se inform\u00f3 que el alcohol Isoprop\u00edlico (70%) es efectivo para desinfectar la piel, como las manos *. No obstante , dir\u00edase que no hay efecto a menos que exceda el 70%. Adem\u00e1s , una concentraci\u00f3n de alcohol demasiado alta puede causar piel \u00e1spera, con lo que es importante emplearla en una concentraci\u00f3n correcta.  * El est\u00e1ndar del Centro para el Control y la Prevenci\u00f3n de Enfermedades (CDC) es del 60% o m\u00e1s. El Ministerio de Salud, Trabajo y Bienestar de Jap\u00f3n sugiere el 70% o mucho m\u00e1s. Adem\u00e1s de esto , los CDC aconsejan 70% o m\u00e1s para desinfectar la \u00e1rea de los objetos.","og_url":"https:\/\/abaa.mx\/tienda\/verificador-de-porcentaje-de-alcohol-en-desinfectantes-pal-covid-19\/","og_site_name":"Abaa tienda online","article_modified_time":"2023-11-23T21:02:33+00:00","og_image":[{"width":346,"height":412,"url":"https:\/\/abaa.mx\/tienda\/wp-content\/uploads\/2023\/11\/ATAGO-PAL-COVID-19.jpg","type":"image\/jpeg"}],"twitter_card":"summary_large_image","twitter_misc":{"Tiempo de lectura":"1 minuto"},"schema":{"@context":"https:\/\/schema.org","@graph":[{"@type":"WebPage","@id":"https:\/\/abaa.mx\/tienda\/verificador-de-porcentaje-de-alcohol-en-desinfectantes-pal-covid-19\/","url":"https:\/\/abaa.mx\/tienda\/verificador-de-porcentaje-de-alcohol-en-desinfectantes-pal-covid-19\/","name":"Verificador de Porcentaje de Alcohol en Desinfectantes - PAL-COVID-19. - Abaa tienda online","isPartOf":{"@id":"https:\/\/abaa.mx\/tienda\/#website"},"primaryImageOfPage":{"@id":"https:\/\/abaa.mx\/tienda\/verificador-de-porcentaje-de-alcohol-en-desinfectantes-pal-covid-19\/#primaryimage"},"image":{"@id":"https:\/\/abaa.mx\/tienda\/verificador-de-porcentaje-de-alcohol-en-desinfectantes-pal-covid-19\/#primaryimage"},"thumbnailUrl":"https:\/\/abaa.mx\/tienda\/wp-content\/uploads\/2023\/11\/ATAGO-PAL-COVID-19.jpg","datePublished":"2023-11-23T21:02:32+00:00","dateModified":"2023-11-23T21:02:33+00:00","breadcrumb":{"@id":"https:\/\/abaa.mx\/tienda\/verificador-de-porcentaje-de-alcohol-en-desinfectantes-pal-covid-19\/#breadcrumb"},"inLanguage":"es","potentialAction":[{"@type":"ReadAction","target":["https:\/\/abaa.mx\/tienda\/verificador-de-porcentaje-de-alcohol-en-desinfectantes-pal-covid-19\/"]}]},{"@type":"ImageObject","inLanguage":"es","@id":"https:\/\/abaa.mx\/tienda\/verificador-de-porcentaje-de-alcohol-en-desinfectantes-pal-covid-19\/#primaryimage","url":"https:\/\/abaa.mx\/tienda\/wp-content\/uploads\/2023\/11\/ATAGO-PAL-COVID-19.jpg","contentUrl":"https:\/\/abaa.mx\/tienda\/wp-content\/uploads\/2023\/11\/ATAGO-PAL-COVID-19.jpg","width":346,"height":412,"caption":"ATAGO-PAL-COVID 19"},{"@type":"BreadcrumbList","@id":"https:\/\/abaa.mx\/tienda\/verificador-de-porcentaje-de-alcohol-en-desinfectantes-pal-covid-19\/#breadcrumb","itemListElement":[{"@type":"ListItem","position":1,"name":"Inicio","item":"https:\/\/abaa.mx\/tienda\/"},{"@type":"ListItem","position":2,"name":"Tienda","item":"https:\/\/abaa.mx\/tienda\/"},{"@type":"ListItem","position":3,"name":"Verificador de Porcentaje de Alcohol en Desinfectantes &#8211; PAL-COVID-19."}]},{"@type":"WebSite","@id":"https:\/\/abaa.mx\/tienda\/#website","url":"https:\/\/abaa.mx\/tienda\/","name":"Abaa tienda online","description":"Instrumentos de medici\u00f3n","publisher":{"@id":"https:\/\/abaa.mx\/tienda\/#organization"},"potentialAction":[{"@type":"SearchAction","target":{"@type":"EntryPoint","urlTemplate":"https:\/\/abaa.mx\/tienda\/?s={search_term_string}"},"query-input":{"@type":"PropertyValueSpecification","valueRequired":true,"valueName":"search_term_string"}}],"inLanguage":"es"},{"@type":"Organization","@id":"https:\/\/abaa.mx\/tienda\/#organization","name":"Abaa tienda online","url":"https:\/\/abaa.mx\/tienda\/","logo":{"@type":"ImageObject","inLanguage":"es","@id":"https:\/\/abaa.mx\/tienda\/#\/schema\/logo\/image\/","url":"https:\/\/abaa.mx\/tienda\/wp-content\/uploads\/2024\/01\/abaa-metrologia-tienda.png","contentUrl":"https:\/\/abaa.mx\/tienda\/wp-content\/uploads\/2024\/01\/abaa-metrologia-tienda.png","width":300,"height":141,"caption":"Abaa tienda online"},"image":{"@id":"https:\/\/abaa.mx\/tienda\/#\/schema\/logo\/image\/"}}]}},"_links":{"self":[{"href":"https:\/\/abaa.mx\/tienda\/wp-json\/wp\/v2\/product\/9267","targetHints":{"allow":["GET"]}}],"collection":[{"href":"https:\/\/abaa.mx\/tienda\/wp-json\/wp\/v2\/product"}],"about":[{"href":"https:\/\/abaa.mx\/tienda\/wp-json\/wp\/v2\/types\/product"}],"replies":[{"embeddable":true,"href":"https:\/\/abaa.mx\/tienda\/wp-json\/wp\/v2\/comments?post=9267"}],"wp:featuredmedia":[{"embeddable":true,"href":"https:\/\/abaa.mx\/tienda\/wp-json\/wp\/v2\/media\/9268"}],"wp:attachment":[{"href":"https:\/\/abaa.mx\/tienda\/wp-json\/wp\/v2\/media?parent=9267"}],"wp:term":[{"taxonomy":"product_brand","embeddable":true,"href":"https:\/\/abaa.mx\/tienda\/wp-json\/wp\/v2\/product_brand?post=9267"},{"taxonomy":"product_cat","embeddable":true,"href":"https:\/\/abaa.mx\/tienda\/wp-json\/wp\/v2\/product_cat?post=9267"},{"taxonomy":"product_tag","embeddable":true,"href":"https:\/\/abaa.mx\/tienda\/wp-json\/wp\/v2\/product_tag?post=9267"}],"curies":[{"name":"wp","href":"https:\/\/api.w.org\/{rel}","templated":true}]}}