{"id":9264,"date":"2023-11-23T21:00:33","date_gmt":"2023-11-23T21:00:33","guid":{"rendered":"https:\/\/abaa.mx\/tienda\/?post_type=product&#038;p=9264"},"modified":"2023-11-23T21:00:33","modified_gmt":"2023-11-23T21:00:33","slug":"refractometro-digital-portatil-para-controlar-ph-atago-pal-ph","status":"publish","type":"product","link":"https:\/\/abaa.mx\/tienda\/refractometro-digital-portatil-para-controlar-ph-atago-pal-ph\/","title":{"rendered":"Refract\u00f3metro Digital Portatil para Controlar PH, Atago -PAL-PH"},"content":{"rendered":"<p>Refract\u00f3metro Digital Portatil para Controlar PH, Atago -PAL-PH.<\/p>\n","protected":false},"excerpt":{"rendered":"<p>El medidor de pH de bolsillo es muy nuevo y es un medidor de pH tipo gota. Solo precisa una operaci\u00f3n f\u00e1cil con una peque\u00f1a cantidad de exhibe. Se puede usar extensamente en alimentos y bebidas, como tierra, aceite de corte soluble en agua, l\u00edquido de limpieza alcalino.<\/p>\n<p><b>Especificaciones:<\/b><\/p>\n<ul>\n<li>Modelo: PAL-pH.<\/li>\n<li>Tama\u00f1o de la fuente de alimentaci\u00f3n: Bater\u00eda alcalina AAA \u00d7 2.<\/li>\n<li>Rango pH:0.00?14.00.<\/li>\n<li>Volumen de muestra:0.6 ml.<\/li>\n<li>No gato.:4311.<\/li>\n<li>Calibraci\u00f3n: Calibraci\u00f3n en 3 puntos en 4.01, 6.86, 9.18.<\/li>\n<li>Resoluci\u00f3n pH:0.01.<\/li>\n<li>Compensaci\u00f3n de temperatura: de 10 a 40? C.<\/li>\n<li>Precisi\u00f3n pH: \u00b1 0.10.<\/li>\n<\/ul>\n","protected":false},"featured_media":9266,"comment_status":"open","ping_status":"closed","template":"","meta":{"_joinchat":[]},"product_brand":[],"product_cat":[140],"product_tag":[],"class_list":{"0":"post-9264","1":"product","2":"type-product","3":"status-publish","4":"has-post-thumbnail","6":"product_cat-refractometros","8":"first","9":"instock","10":"shipping-taxable","11":"product-type-simple"},"yoast_head":"<!-- This site is optimized with the Yoast SEO plugin v26.4 - https:\/\/yoast.com\/wordpress\/plugins\/seo\/ -->\n<title>Refract\u00f3metro Digital Portatil para Controlar PH, Atago -PAL-PH - Abaa tienda online<\/title>\n<meta name=\"robots\" content=\"index, follow, max-snippet:-1, max-image-preview:large, max-video-preview:-1\" \/>\n<link rel=\"canonical\" href=\"https:\/\/abaa.mx\/tienda\/refractometro-digital-portatil-para-controlar-ph-atago-pal-ph\/\" \/>\n<meta property=\"og:locale\" content=\"es_MX\" \/>\n<meta property=\"og:type\" content=\"article\" \/>\n<meta property=\"og:title\" content=\"Refract\u00f3metro Digital Portatil para Controlar PH, Atago -PAL-PH - Abaa tienda online\" \/>\n<meta property=\"og:description\" content=\"El medidor de pH de bolsillo es muy nuevo y es un medidor de pH tipo gota. Solo precisa una operaci\u00f3n f\u00e1cil con una peque\u00f1a cantidad de exhibe. Se puede usar extensamente en alimentos y bebidas, como tierra, aceite de corte soluble en agua, l\u00edquido de limpieza alcalino.  Especificaciones:   Modelo: PAL-pH.  Tama\u00f1o de la fuente de alimentaci\u00f3n: Bater\u00eda alcalina AAA \u00d7 2.  Rango pH:0.00?14.00.  Volumen de muestra:0.6 ml.  No gato.:4311.  Calibraci\u00f3n: Calibraci\u00f3n en 3 puntos en 4.01, 6.86, 9.18.  Resoluci\u00f3n pH:0.01.  Compensaci\u00f3n de temperatura: de 10 a 40? C.  Precisi\u00f3n pH: \u00b1 0.10.\" \/>\n<meta property=\"og:url\" content=\"https:\/\/abaa.mx\/tienda\/refractometro-digital-portatil-para-controlar-ph-atago-pal-ph\/\" \/>\n<meta property=\"og:site_name\" content=\"Abaa tienda online\" \/>\n<meta property=\"og:image\" content=\"https:\/\/abaa.mx\/tienda\/wp-content\/uploads\/2023\/11\/ATAGO-PAL-PH.jpg\" \/>\n\t<meta property=\"og:image:width\" content=\"320\" \/>\n\t<meta property=\"og:image:height\" content=\"479\" \/>\n\t<meta property=\"og:image:type\" content=\"image\/jpeg\" \/>\n<meta name=\"twitter:card\" content=\"summary_large_image\" \/>\n<meta name=\"twitter:label1\" content=\"Tiempo de lectura\" \/>\n\t<meta name=\"twitter:data1\" content=\"1 minuto\" \/>\n<script type=\"application\/ld+json\" class=\"yoast-schema-graph\">{\"@context\":\"https:\/\/schema.org\",\"@graph\":[{\"@type\":\"WebPage\",\"@id\":\"https:\/\/abaa.mx\/tienda\/refractometro-digital-portatil-para-controlar-ph-atago-pal-ph\/\",\"url\":\"https:\/\/abaa.mx\/tienda\/refractometro-digital-portatil-para-controlar-ph-atago-pal-ph\/\",\"name\":\"Refract\u00f3metro Digital Portatil para Controlar PH, Atago -PAL-PH - Abaa tienda online\",\"isPartOf\":{\"@id\":\"https:\/\/abaa.mx\/tienda\/#website\"},\"primaryImageOfPage\":{\"@id\":\"https:\/\/abaa.mx\/tienda\/refractometro-digital-portatil-para-controlar-ph-atago-pal-ph\/#primaryimage\"},\"image\":{\"@id\":\"https:\/\/abaa.mx\/tienda\/refractometro-digital-portatil-para-controlar-ph-atago-pal-ph\/#primaryimage\"},\"thumbnailUrl\":\"https:\/\/abaa.mx\/tienda\/wp-content\/uploads\/2023\/11\/ATAGO-PAL-PH.jpg\",\"datePublished\":\"2023-11-23T21:00:33+00:00\",\"breadcrumb\":{\"@id\":\"https:\/\/abaa.mx\/tienda\/refractometro-digital-portatil-para-controlar-ph-atago-pal-ph\/#breadcrumb\"},\"inLanguage\":\"es\",\"potentialAction\":[{\"@type\":\"ReadAction\",\"target\":[\"https:\/\/abaa.mx\/tienda\/refractometro-digital-portatil-para-controlar-ph-atago-pal-ph\/\"]}]},{\"@type\":\"ImageObject\",\"inLanguage\":\"es\",\"@id\":\"https:\/\/abaa.mx\/tienda\/refractometro-digital-portatil-para-controlar-ph-atago-pal-ph\/#primaryimage\",\"url\":\"https:\/\/abaa.mx\/tienda\/wp-content\/uploads\/2023\/11\/ATAGO-PAL-PH.jpg\",\"contentUrl\":\"https:\/\/abaa.mx\/tienda\/wp-content\/uploads\/2023\/11\/ATAGO-PAL-PH.jpg\",\"width\":320,\"height\":479,\"caption\":\"ATAGO-PAL-PH\"},{\"@type\":\"BreadcrumbList\",\"@id\":\"https:\/\/abaa.mx\/tienda\/refractometro-digital-portatil-para-controlar-ph-atago-pal-ph\/#breadcrumb\",\"itemListElement\":[{\"@type\":\"ListItem\",\"position\":1,\"name\":\"Inicio\",\"item\":\"https:\/\/abaa.mx\/tienda\/\"},{\"@type\":\"ListItem\",\"position\":2,\"name\":\"Tienda\",\"item\":\"https:\/\/abaa.mx\/tienda\/\"},{\"@type\":\"ListItem\",\"position\":3,\"name\":\"Refract\u00f3metro Digital Portatil para Controlar PH, Atago -PAL-PH\"}]},{\"@type\":\"WebSite\",\"@id\":\"https:\/\/abaa.mx\/tienda\/#website\",\"url\":\"https:\/\/abaa.mx\/tienda\/\",\"name\":\"Abaa tienda online\",\"description\":\"Instrumentos de medici\u00f3n\",\"publisher\":{\"@id\":\"https:\/\/abaa.mx\/tienda\/#organization\"},\"potentialAction\":[{\"@type\":\"SearchAction\",\"target\":{\"@type\":\"EntryPoint\",\"urlTemplate\":\"https:\/\/abaa.mx\/tienda\/?s={search_term_string}\"},\"query-input\":{\"@type\":\"PropertyValueSpecification\",\"valueRequired\":true,\"valueName\":\"search_term_string\"}}],\"inLanguage\":\"es\"},{\"@type\":\"Organization\",\"@id\":\"https:\/\/abaa.mx\/tienda\/#organization\",\"name\":\"Abaa tienda online\",\"url\":\"https:\/\/abaa.mx\/tienda\/\",\"logo\":{\"@type\":\"ImageObject\",\"inLanguage\":\"es\",\"@id\":\"https:\/\/abaa.mx\/tienda\/#\/schema\/logo\/image\/\",\"url\":\"https:\/\/abaa.mx\/tienda\/wp-content\/uploads\/2024\/01\/abaa-metrologia-tienda.png\",\"contentUrl\":\"https:\/\/abaa.mx\/tienda\/wp-content\/uploads\/2024\/01\/abaa-metrologia-tienda.png\",\"width\":300,\"height\":141,\"caption\":\"Abaa tienda online\"},\"image\":{\"@id\":\"https:\/\/abaa.mx\/tienda\/#\/schema\/logo\/image\/\"}}]}<\/script>\n<!-- \/ Yoast SEO plugin. -->","yoast_head_json":{"title":"Refract\u00f3metro Digital Portatil para Controlar PH, Atago -PAL-PH - Abaa tienda online","robots":{"index":"index","follow":"follow","max-snippet":"max-snippet:-1","max-image-preview":"max-image-preview:large","max-video-preview":"max-video-preview:-1"},"canonical":"https:\/\/abaa.mx\/tienda\/refractometro-digital-portatil-para-controlar-ph-atago-pal-ph\/","og_locale":"es_MX","og_type":"article","og_title":"Refract\u00f3metro Digital Portatil para Controlar PH, Atago -PAL-PH - Abaa tienda online","og_description":"El medidor de pH de bolsillo es muy nuevo y es un medidor de pH tipo gota. Solo precisa una operaci\u00f3n f\u00e1cil con una peque\u00f1a cantidad de exhibe. Se puede usar extensamente en alimentos y bebidas, como tierra, aceite de corte soluble en agua, l\u00edquido de limpieza alcalino.  Especificaciones:   Modelo: PAL-pH.  Tama\u00f1o de la fuente de alimentaci\u00f3n: Bater\u00eda alcalina AAA \u00d7 2.  Rango pH:0.00?14.00.  Volumen de muestra:0.6 ml.  No gato.:4311.  Calibraci\u00f3n: Calibraci\u00f3n en 3 puntos en 4.01, 6.86, 9.18.  Resoluci\u00f3n pH:0.01.  Compensaci\u00f3n de temperatura: de 10 a 40? C.  Precisi\u00f3n pH: \u00b1 0.10.","og_url":"https:\/\/abaa.mx\/tienda\/refractometro-digital-portatil-para-controlar-ph-atago-pal-ph\/","og_site_name":"Abaa tienda online","og_image":[{"width":320,"height":479,"url":"https:\/\/abaa.mx\/tienda\/wp-content\/uploads\/2023\/11\/ATAGO-PAL-PH.jpg","type":"image\/jpeg"}],"twitter_card":"summary_large_image","twitter_misc":{"Tiempo de lectura":"1 minuto"},"schema":{"@context":"https:\/\/schema.org","@graph":[{"@type":"WebPage","@id":"https:\/\/abaa.mx\/tienda\/refractometro-digital-portatil-para-controlar-ph-atago-pal-ph\/","url":"https:\/\/abaa.mx\/tienda\/refractometro-digital-portatil-para-controlar-ph-atago-pal-ph\/","name":"Refract\u00f3metro Digital Portatil para Controlar PH, Atago -PAL-PH - Abaa tienda online","isPartOf":{"@id":"https:\/\/abaa.mx\/tienda\/#website"},"primaryImageOfPage":{"@id":"https:\/\/abaa.mx\/tienda\/refractometro-digital-portatil-para-controlar-ph-atago-pal-ph\/#primaryimage"},"image":{"@id":"https:\/\/abaa.mx\/tienda\/refractometro-digital-portatil-para-controlar-ph-atago-pal-ph\/#primaryimage"},"thumbnailUrl":"https:\/\/abaa.mx\/tienda\/wp-content\/uploads\/2023\/11\/ATAGO-PAL-PH.jpg","datePublished":"2023-11-23T21:00:33+00:00","breadcrumb":{"@id":"https:\/\/abaa.mx\/tienda\/refractometro-digital-portatil-para-controlar-ph-atago-pal-ph\/#breadcrumb"},"inLanguage":"es","potentialAction":[{"@type":"ReadAction","target":["https:\/\/abaa.mx\/tienda\/refractometro-digital-portatil-para-controlar-ph-atago-pal-ph\/"]}]},{"@type":"ImageObject","inLanguage":"es","@id":"https:\/\/abaa.mx\/tienda\/refractometro-digital-portatil-para-controlar-ph-atago-pal-ph\/#primaryimage","url":"https:\/\/abaa.mx\/tienda\/wp-content\/uploads\/2023\/11\/ATAGO-PAL-PH.jpg","contentUrl":"https:\/\/abaa.mx\/tienda\/wp-content\/uploads\/2023\/11\/ATAGO-PAL-PH.jpg","width":320,"height":479,"caption":"ATAGO-PAL-PH"},{"@type":"BreadcrumbList","@id":"https:\/\/abaa.mx\/tienda\/refractometro-digital-portatil-para-controlar-ph-atago-pal-ph\/#breadcrumb","itemListElement":[{"@type":"ListItem","position":1,"name":"Inicio","item":"https:\/\/abaa.mx\/tienda\/"},{"@type":"ListItem","position":2,"name":"Tienda","item":"https:\/\/abaa.mx\/tienda\/"},{"@type":"ListItem","position":3,"name":"Refract\u00f3metro Digital Portatil para Controlar PH, Atago -PAL-PH"}]},{"@type":"WebSite","@id":"https:\/\/abaa.mx\/tienda\/#website","url":"https:\/\/abaa.mx\/tienda\/","name":"Abaa tienda online","description":"Instrumentos de medici\u00f3n","publisher":{"@id":"https:\/\/abaa.mx\/tienda\/#organization"},"potentialAction":[{"@type":"SearchAction","target":{"@type":"EntryPoint","urlTemplate":"https:\/\/abaa.mx\/tienda\/?s={search_term_string}"},"query-input":{"@type":"PropertyValueSpecification","valueRequired":true,"valueName":"search_term_string"}}],"inLanguage":"es"},{"@type":"Organization","@id":"https:\/\/abaa.mx\/tienda\/#organization","name":"Abaa tienda online","url":"https:\/\/abaa.mx\/tienda\/","logo":{"@type":"ImageObject","inLanguage":"es","@id":"https:\/\/abaa.mx\/tienda\/#\/schema\/logo\/image\/","url":"https:\/\/abaa.mx\/tienda\/wp-content\/uploads\/2024\/01\/abaa-metrologia-tienda.png","contentUrl":"https:\/\/abaa.mx\/tienda\/wp-content\/uploads\/2024\/01\/abaa-metrologia-tienda.png","width":300,"height":141,"caption":"Abaa tienda online"},"image":{"@id":"https:\/\/abaa.mx\/tienda\/#\/schema\/logo\/image\/"}}]}},"_links":{"self":[{"href":"https:\/\/abaa.mx\/tienda\/wp-json\/wp\/v2\/product\/9264","targetHints":{"allow":["GET"]}}],"collection":[{"href":"https:\/\/abaa.mx\/tienda\/wp-json\/wp\/v2\/product"}],"about":[{"href":"https:\/\/abaa.mx\/tienda\/wp-json\/wp\/v2\/types\/product"}],"replies":[{"embeddable":true,"href":"https:\/\/abaa.mx\/tienda\/wp-json\/wp\/v2\/comments?post=9264"}],"wp:featuredmedia":[{"embeddable":true,"href":"https:\/\/abaa.mx\/tienda\/wp-json\/wp\/v2\/media\/9266"}],"wp:attachment":[{"href":"https:\/\/abaa.mx\/tienda\/wp-json\/wp\/v2\/media?parent=9264"}],"wp:term":[{"taxonomy":"product_brand","embeddable":true,"href":"https:\/\/abaa.mx\/tienda\/wp-json\/wp\/v2\/product_brand?post=9264"},{"taxonomy":"product_cat","embeddable":true,"href":"https:\/\/abaa.mx\/tienda\/wp-json\/wp\/v2\/product_cat?post=9264"},{"taxonomy":"product_tag","embeddable":true,"href":"https:\/\/abaa.mx\/tienda\/wp-json\/wp\/v2\/product_tag?post=9264"}],"curies":[{"name":"wp","href":"https:\/\/api.w.org\/{rel}","templated":true}]}}