{"id":9260,"date":"2023-11-23T20:54:25","date_gmt":"2023-11-23T20:54:25","guid":{"rendered":"https:\/\/abaa.mx\/tienda\/?post_type=product&#038;p=9260"},"modified":"2023-11-23T20:54:25","modified_gmt":"2023-11-23T20:54:25","slug":"kit-refractometro-para-citricos-pal-bx-acid1","status":"publish","type":"product","link":"https:\/\/abaa.mx\/tienda\/kit-refractometro-para-citricos-pal-bx-acid1\/","title":{"rendered":"Kit refract\u00f3metro para c\u00edtricos &#8211; PAL-BX-ACID1"},"content":{"rendered":"<p>Kit refract\u00f3metro para c\u00edtricos &#8211; PAL-BX-ACID1.<\/p>\n","protected":false},"excerpt":{"rendered":"<p>Con el PAL-BX\/Acid1 determine tanto la concentraci\u00f3n de Az\u00facares en el sumo de los c\u00edtricos con la funci\u00f3n de refract\u00f3metro y adem\u00e1s consiga el nivel de Acidez digitalmente desde el sitio de cultivo.<\/p>\n<p>Este aparato sustituye el procedimiento de Titulaci\u00f3n de \u00e1cidos que necesita la utilizaci\u00f3n de reactivos, consumibles y material de laboratorio. Deje a su laboratorio ser mucho m\u00e1s veloz y eficaz con esta prueba de acidez que consume un m\u00ednimo de tiempo y no requiere de alta pericia para su operaci\u00f3n.<\/p>\n<h5><strong>Especificaciones:<\/strong><\/h5>\n<div class=\"scrollable-wrapper\">\n<table border=\"0\" cellspacing=\"0\" cellpadding=\"0\">\n<tbody>\n<tr>\n<th>Modelo<\/th>\n<td>PAL-BX|ACID1\u00a0 Kit<\/td>\n<\/tr>\n<tr>\n<th><\/th>\n<td><\/td>\n<\/tr>\n<tr>\n<th>Escala de Medici\u00f3n<\/th>\n<td>Brix<br \/>\nAcidez Acidez (Acidez Total a la Conversi\u00f3n del \u00c1cido C\u00edtrico),<br \/>\nSugar\/Acid ratio (displayed item)<\/td>\n<\/tr>\n<tr>\n<th>Rango<\/th>\n<td>Brix : 0.0 a 90.0\uff05<br \/>\nAcidez Alto\uff1a0.10 a 4.00%<br \/>\nAcidez Bajo\uff1a2.50 a 8.80%<br \/>\n10.0 a 40.0\u2103<\/td>\n<\/tr>\n<tr>\n<th>Resoluci\u00f3n<\/th>\n<td>Brix : 0.1\uff05<br \/>\nAcidez : 0.01\uff05<br \/>\n0.1\u2103<\/td>\n<\/tr>\n<tr>\n<th>Exactitud<\/th>\n<td>Brix : \u00b10.2\uff05<br \/>\nAcidez : \u00b10.10\uff05 (0.10 a 1.00\uff05)<br \/>\nPrecisi\u00f3n relativa \u00b110% (1.01 a 8.80%)<br \/>\n\u00b11\u2103<\/td>\n<\/tr>\n<tr>\n<th>Temperatura de la muestra<\/th>\n<td>10 a 40\u2103<\/td>\n<\/tr>\n<tr>\n<th>Temperatura Ambiente<\/th>\n<td>10 a 40\u2103<\/td>\n<\/tr>\n<tr>\n<th>Volumen de la muestra<\/th>\n<td>0.2mL<\/td>\n<\/tr>\n<tr>\n<th>Tiempo de Medici\u00f3n<\/th>\n<td>Aprox. 3 segundos<\/td>\n<\/tr>\n<tr>\n<th>Luz de fondo<\/th>\n<td>La luz de fondo permanece encendida durante 30 segundos despu\u00e9s de pulsar cualquier bot\u00f3n.<\/td>\n<\/tr>\n<tr>\n<th>Fuente de alimentaci\u00f3n<\/th>\n<td>2 bater\u00edas tipo AAA<\/td>\n<\/tr>\n<tr>\n<th>Clase de protecci\u00f3n internacional<\/th>\n<td>IP65<\/td>\n<\/tr>\n<\/tbody>\n<\/table>\n<\/div>\n","protected":false},"featured_media":9261,"comment_status":"open","ping_status":"closed","template":"","meta":{"_joinchat":[]},"product_brand":[],"product_cat":[140],"product_tag":[],"class_list":{"0":"post-9260","1":"product","2":"type-product","3":"status-publish","4":"has-post-thumbnail","6":"product_cat-refractometros","8":"first","9":"instock","10":"shipping-taxable","11":"product-type-simple"},"yoast_head":"<!-- This site is optimized with the Yoast SEO plugin v26.4 - https:\/\/yoast.com\/wordpress\/plugins\/seo\/ -->\n<title>Kit refract\u00f3metro para c\u00edtricos - PAL-BX-ACID1 - Abaa tienda online<\/title>\n<meta name=\"robots\" content=\"index, follow, max-snippet:-1, max-image-preview:large, max-video-preview:-1\" \/>\n<link rel=\"canonical\" href=\"https:\/\/abaa.mx\/tienda\/kit-refractometro-para-citricos-pal-bx-acid1\/\" \/>\n<meta property=\"og:locale\" content=\"es_MX\" \/>\n<meta property=\"og:type\" content=\"article\" \/>\n<meta property=\"og:title\" content=\"Kit refract\u00f3metro para c\u00edtricos - PAL-BX-ACID1 - Abaa tienda online\" \/>\n<meta property=\"og:description\" content=\"Con el PAL-BX\/Acid1 determine tanto la concentraci\u00f3n de Az\u00facares en el sumo de los c\u00edtricos con la funci\u00f3n de refract\u00f3metro y adem\u00e1s consiga el nivel de Acidez digitalmente desde el sitio de cultivo.  Este aparato sustituye el procedimiento de Titulaci\u00f3n de \u00e1cidos que necesita la utilizaci\u00f3n de reactivos, consumibles y material de laboratorio. Deje a su laboratorio ser mucho m\u00e1s veloz y eficaz con esta prueba de acidez que consume un m\u00ednimo de tiempo y no requiere de alta pericia para su operaci\u00f3n. Especificaciones:     Modelo PAL-BX|ACID1\u00a0 Kit       Escala de Medici\u00f3n Brix Acidez Acidez (Acidez Total a la Conversi\u00f3n del \u00c1cido C\u00edtrico), Sugar\/Acid ratio (displayed item)   Rango Brix : 0.0 a 90.0\uff05 Acidez Alto\uff1a0.10 a 4.00% Acidez Bajo\uff1a2.50 a 8.80% 10.0 a 40.0\u2103   Resoluci\u00f3n Brix : 0.1\uff05 Acidez : 0.01\uff05 0.1\u2103   Exactitud Brix : \u00b10.2\uff05 Acidez : \u00b10.10\uff05 (0.10 a 1.00\uff05) Precisi\u00f3n relativa \u00b110% (1.01 a 8.80%) \u00b11\u2103   Temperatura de la muestra 10 a 40\u2103   Temperatura Ambiente 10 a 40\u2103   Volumen de la muestra 0.2mL   Tiempo de Medici\u00f3n Aprox. 3 segundos   Luz de fondo La luz de fondo permanece encendida durante 30 segundos despu\u00e9s de pulsar cualquier bot\u00f3n.   Fuente de alimentaci\u00f3n 2 bater\u00edas tipo AAA   Clase de protecci\u00f3n internacional IP65\" \/>\n<meta property=\"og:url\" content=\"https:\/\/abaa.mx\/tienda\/kit-refractometro-para-citricos-pal-bx-acid1\/\" \/>\n<meta property=\"og:site_name\" content=\"Abaa tienda online\" \/>\n<meta property=\"og:image\" content=\"https:\/\/abaa.mx\/tienda\/wp-content\/uploads\/2023\/11\/ATAGO-PAL-BX-ACID1.jpg\" \/>\n\t<meta property=\"og:image:width\" content=\"515\" \/>\n\t<meta property=\"og:image:height\" content=\"298\" \/>\n\t<meta property=\"og:image:type\" content=\"image\/jpeg\" \/>\n<meta name=\"twitter:card\" content=\"summary_large_image\" \/>\n<meta name=\"twitter:label1\" content=\"Tiempo de lectura\" \/>\n\t<meta name=\"twitter:data1\" content=\"1 minuto\" \/>\n<script type=\"application\/ld+json\" class=\"yoast-schema-graph\">{\"@context\":\"https:\/\/schema.org\",\"@graph\":[{\"@type\":\"WebPage\",\"@id\":\"https:\/\/abaa.mx\/tienda\/kit-refractometro-para-citricos-pal-bx-acid1\/\",\"url\":\"https:\/\/abaa.mx\/tienda\/kit-refractometro-para-citricos-pal-bx-acid1\/\",\"name\":\"Kit refract\u00f3metro para c\u00edtricos - PAL-BX-ACID1 - Abaa tienda online\",\"isPartOf\":{\"@id\":\"https:\/\/abaa.mx\/tienda\/#website\"},\"primaryImageOfPage\":{\"@id\":\"https:\/\/abaa.mx\/tienda\/kit-refractometro-para-citricos-pal-bx-acid1\/#primaryimage\"},\"image\":{\"@id\":\"https:\/\/abaa.mx\/tienda\/kit-refractometro-para-citricos-pal-bx-acid1\/#primaryimage\"},\"thumbnailUrl\":\"https:\/\/abaa.mx\/tienda\/wp-content\/uploads\/2023\/11\/ATAGO-PAL-BX-ACID1.jpg\",\"datePublished\":\"2023-11-23T20:54:25+00:00\",\"breadcrumb\":{\"@id\":\"https:\/\/abaa.mx\/tienda\/kit-refractometro-para-citricos-pal-bx-acid1\/#breadcrumb\"},\"inLanguage\":\"es\",\"potentialAction\":[{\"@type\":\"ReadAction\",\"target\":[\"https:\/\/abaa.mx\/tienda\/kit-refractometro-para-citricos-pal-bx-acid1\/\"]}]},{\"@type\":\"ImageObject\",\"inLanguage\":\"es\",\"@id\":\"https:\/\/abaa.mx\/tienda\/kit-refractometro-para-citricos-pal-bx-acid1\/#primaryimage\",\"url\":\"https:\/\/abaa.mx\/tienda\/wp-content\/uploads\/2023\/11\/ATAGO-PAL-BX-ACID1.jpg\",\"contentUrl\":\"https:\/\/abaa.mx\/tienda\/wp-content\/uploads\/2023\/11\/ATAGO-PAL-BX-ACID1.jpg\",\"width\":515,\"height\":298,\"caption\":\"ATAGO-PAL-BX-ACID1\"},{\"@type\":\"BreadcrumbList\",\"@id\":\"https:\/\/abaa.mx\/tienda\/kit-refractometro-para-citricos-pal-bx-acid1\/#breadcrumb\",\"itemListElement\":[{\"@type\":\"ListItem\",\"position\":1,\"name\":\"Inicio\",\"item\":\"https:\/\/abaa.mx\/tienda\/\"},{\"@type\":\"ListItem\",\"position\":2,\"name\":\"Tienda\",\"item\":\"https:\/\/abaa.mx\/tienda\/\"},{\"@type\":\"ListItem\",\"position\":3,\"name\":\"Kit refract\u00f3metro para c\u00edtricos &#8211; PAL-BX-ACID1\"}]},{\"@type\":\"WebSite\",\"@id\":\"https:\/\/abaa.mx\/tienda\/#website\",\"url\":\"https:\/\/abaa.mx\/tienda\/\",\"name\":\"Abaa tienda online\",\"description\":\"Instrumentos de medici\u00f3n\",\"publisher\":{\"@id\":\"https:\/\/abaa.mx\/tienda\/#organization\"},\"potentialAction\":[{\"@type\":\"SearchAction\",\"target\":{\"@type\":\"EntryPoint\",\"urlTemplate\":\"https:\/\/abaa.mx\/tienda\/?s={search_term_string}\"},\"query-input\":{\"@type\":\"PropertyValueSpecification\",\"valueRequired\":true,\"valueName\":\"search_term_string\"}}],\"inLanguage\":\"es\"},{\"@type\":\"Organization\",\"@id\":\"https:\/\/abaa.mx\/tienda\/#organization\",\"name\":\"Abaa tienda online\",\"url\":\"https:\/\/abaa.mx\/tienda\/\",\"logo\":{\"@type\":\"ImageObject\",\"inLanguage\":\"es\",\"@id\":\"https:\/\/abaa.mx\/tienda\/#\/schema\/logo\/image\/\",\"url\":\"https:\/\/abaa.mx\/tienda\/wp-content\/uploads\/2024\/01\/abaa-metrologia-tienda.png\",\"contentUrl\":\"https:\/\/abaa.mx\/tienda\/wp-content\/uploads\/2024\/01\/abaa-metrologia-tienda.png\",\"width\":300,\"height\":141,\"caption\":\"Abaa tienda online\"},\"image\":{\"@id\":\"https:\/\/abaa.mx\/tienda\/#\/schema\/logo\/image\/\"}}]}<\/script>\n<!-- \/ Yoast SEO plugin. -->","yoast_head_json":{"title":"Kit refract\u00f3metro para c\u00edtricos - PAL-BX-ACID1 - Abaa tienda online","robots":{"index":"index","follow":"follow","max-snippet":"max-snippet:-1","max-image-preview":"max-image-preview:large","max-video-preview":"max-video-preview:-1"},"canonical":"https:\/\/abaa.mx\/tienda\/kit-refractometro-para-citricos-pal-bx-acid1\/","og_locale":"es_MX","og_type":"article","og_title":"Kit refract\u00f3metro para c\u00edtricos - PAL-BX-ACID1 - Abaa tienda online","og_description":"Con el PAL-BX\/Acid1 determine tanto la concentraci\u00f3n de Az\u00facares en el sumo de los c\u00edtricos con la funci\u00f3n de refract\u00f3metro y adem\u00e1s consiga el nivel de Acidez digitalmente desde el sitio de cultivo.  Este aparato sustituye el procedimiento de Titulaci\u00f3n de \u00e1cidos que necesita la utilizaci\u00f3n de reactivos, consumibles y material de laboratorio. Deje a su laboratorio ser mucho m\u00e1s veloz y eficaz con esta prueba de acidez que consume un m\u00ednimo de tiempo y no requiere de alta pericia para su operaci\u00f3n. Especificaciones:     Modelo PAL-BX|ACID1\u00a0 Kit       Escala de Medici\u00f3n Brix Acidez Acidez (Acidez Total a la Conversi\u00f3n del \u00c1cido C\u00edtrico), Sugar\/Acid ratio (displayed item)   Rango Brix : 0.0 a 90.0\uff05 Acidez Alto\uff1a0.10 a 4.00% Acidez Bajo\uff1a2.50 a 8.80% 10.0 a 40.0\u2103   Resoluci\u00f3n Brix : 0.1\uff05 Acidez : 0.01\uff05 0.1\u2103   Exactitud Brix : \u00b10.2\uff05 Acidez : \u00b10.10\uff05 (0.10 a 1.00\uff05) Precisi\u00f3n relativa \u00b110% (1.01 a 8.80%) \u00b11\u2103   Temperatura de la muestra 10 a 40\u2103   Temperatura Ambiente 10 a 40\u2103   Volumen de la muestra 0.2mL   Tiempo de Medici\u00f3n Aprox. 3 segundos   Luz de fondo La luz de fondo permanece encendida durante 30 segundos despu\u00e9s de pulsar cualquier bot\u00f3n.   Fuente de alimentaci\u00f3n 2 bater\u00edas tipo AAA   Clase de protecci\u00f3n internacional IP65","og_url":"https:\/\/abaa.mx\/tienda\/kit-refractometro-para-citricos-pal-bx-acid1\/","og_site_name":"Abaa tienda online","og_image":[{"width":515,"height":298,"url":"https:\/\/abaa.mx\/tienda\/wp-content\/uploads\/2023\/11\/ATAGO-PAL-BX-ACID1.jpg","type":"image\/jpeg"}],"twitter_card":"summary_large_image","twitter_misc":{"Tiempo de lectura":"1 minuto"},"schema":{"@context":"https:\/\/schema.org","@graph":[{"@type":"WebPage","@id":"https:\/\/abaa.mx\/tienda\/kit-refractometro-para-citricos-pal-bx-acid1\/","url":"https:\/\/abaa.mx\/tienda\/kit-refractometro-para-citricos-pal-bx-acid1\/","name":"Kit refract\u00f3metro para c\u00edtricos - PAL-BX-ACID1 - Abaa tienda online","isPartOf":{"@id":"https:\/\/abaa.mx\/tienda\/#website"},"primaryImageOfPage":{"@id":"https:\/\/abaa.mx\/tienda\/kit-refractometro-para-citricos-pal-bx-acid1\/#primaryimage"},"image":{"@id":"https:\/\/abaa.mx\/tienda\/kit-refractometro-para-citricos-pal-bx-acid1\/#primaryimage"},"thumbnailUrl":"https:\/\/abaa.mx\/tienda\/wp-content\/uploads\/2023\/11\/ATAGO-PAL-BX-ACID1.jpg","datePublished":"2023-11-23T20:54:25+00:00","breadcrumb":{"@id":"https:\/\/abaa.mx\/tienda\/kit-refractometro-para-citricos-pal-bx-acid1\/#breadcrumb"},"inLanguage":"es","potentialAction":[{"@type":"ReadAction","target":["https:\/\/abaa.mx\/tienda\/kit-refractometro-para-citricos-pal-bx-acid1\/"]}]},{"@type":"ImageObject","inLanguage":"es","@id":"https:\/\/abaa.mx\/tienda\/kit-refractometro-para-citricos-pal-bx-acid1\/#primaryimage","url":"https:\/\/abaa.mx\/tienda\/wp-content\/uploads\/2023\/11\/ATAGO-PAL-BX-ACID1.jpg","contentUrl":"https:\/\/abaa.mx\/tienda\/wp-content\/uploads\/2023\/11\/ATAGO-PAL-BX-ACID1.jpg","width":515,"height":298,"caption":"ATAGO-PAL-BX-ACID1"},{"@type":"BreadcrumbList","@id":"https:\/\/abaa.mx\/tienda\/kit-refractometro-para-citricos-pal-bx-acid1\/#breadcrumb","itemListElement":[{"@type":"ListItem","position":1,"name":"Inicio","item":"https:\/\/abaa.mx\/tienda\/"},{"@type":"ListItem","position":2,"name":"Tienda","item":"https:\/\/abaa.mx\/tienda\/"},{"@type":"ListItem","position":3,"name":"Kit refract\u00f3metro para c\u00edtricos &#8211; PAL-BX-ACID1"}]},{"@type":"WebSite","@id":"https:\/\/abaa.mx\/tienda\/#website","url":"https:\/\/abaa.mx\/tienda\/","name":"Abaa tienda online","description":"Instrumentos de medici\u00f3n","publisher":{"@id":"https:\/\/abaa.mx\/tienda\/#organization"},"potentialAction":[{"@type":"SearchAction","target":{"@type":"EntryPoint","urlTemplate":"https:\/\/abaa.mx\/tienda\/?s={search_term_string}"},"query-input":{"@type":"PropertyValueSpecification","valueRequired":true,"valueName":"search_term_string"}}],"inLanguage":"es"},{"@type":"Organization","@id":"https:\/\/abaa.mx\/tienda\/#organization","name":"Abaa tienda online","url":"https:\/\/abaa.mx\/tienda\/","logo":{"@type":"ImageObject","inLanguage":"es","@id":"https:\/\/abaa.mx\/tienda\/#\/schema\/logo\/image\/","url":"https:\/\/abaa.mx\/tienda\/wp-content\/uploads\/2024\/01\/abaa-metrologia-tienda.png","contentUrl":"https:\/\/abaa.mx\/tienda\/wp-content\/uploads\/2024\/01\/abaa-metrologia-tienda.png","width":300,"height":141,"caption":"Abaa tienda online"},"image":{"@id":"https:\/\/abaa.mx\/tienda\/#\/schema\/logo\/image\/"}}]}},"_links":{"self":[{"href":"https:\/\/abaa.mx\/tienda\/wp-json\/wp\/v2\/product\/9260","targetHints":{"allow":["GET"]}}],"collection":[{"href":"https:\/\/abaa.mx\/tienda\/wp-json\/wp\/v2\/product"}],"about":[{"href":"https:\/\/abaa.mx\/tienda\/wp-json\/wp\/v2\/types\/product"}],"replies":[{"embeddable":true,"href":"https:\/\/abaa.mx\/tienda\/wp-json\/wp\/v2\/comments?post=9260"}],"wp:featuredmedia":[{"embeddable":true,"href":"https:\/\/abaa.mx\/tienda\/wp-json\/wp\/v2\/media\/9261"}],"wp:attachment":[{"href":"https:\/\/abaa.mx\/tienda\/wp-json\/wp\/v2\/media?parent=9260"}],"wp:term":[{"taxonomy":"product_brand","embeddable":true,"href":"https:\/\/abaa.mx\/tienda\/wp-json\/wp\/v2\/product_brand?post=9260"},{"taxonomy":"product_cat","embeddable":true,"href":"https:\/\/abaa.mx\/tienda\/wp-json\/wp\/v2\/product_cat?post=9260"},{"taxonomy":"product_tag","embeddable":true,"href":"https:\/\/abaa.mx\/tienda\/wp-json\/wp\/v2\/product_tag?post=9260"}],"curies":[{"name":"wp","href":"https:\/\/api.w.org\/{rel}","templated":true}]}}