{"id":9254,"date":"2023-11-23T20:42:20","date_gmt":"2023-11-23T20:42:20","guid":{"rendered":"https:\/\/abaa.mx\/tienda\/?post_type=product&#038;p=9254"},"modified":"2023-11-23T20:42:20","modified_gmt":"2023-11-23T20:42:20","slug":"refractometro-humedad-en-miel-hhr-2n","status":"publish","type":"product","link":"https:\/\/abaa.mx\/tienda\/refractometro-humedad-en-miel-hhr-2n\/","title":{"rendered":"Refract\u00f3metro % humedad en miel &#8211; HHR-2N"},"content":{"rendered":"<p>Refract\u00f3metro % humedad en miel &#8211; HHR-2N.<\/p>\n","protected":false},"excerpt":{"rendered":"<p>El refract\u00f3metro \u00f3ptico AT-HHR2N est\u00e1 dise\u00f1ado para probar profesionalmente la concentraci\u00f3n de humedad en miel de abeja. Caracter\u00edsticas principales: Construido en un material durable que puede manejar la limpieza entre muestra y muestra. Compensaci\u00f3n autom\u00e1tica de temperatura (ATC). Aplicaciones: Mediciones de porcentaje de concentraci\u00f3n y temperatura de congelaci\u00f3n para preparaciones a base de Glicol de Etileno (E.G.) y de Glicol de Propileno (P.G.).<\/p>\n<p><b>Especificaciones:<\/b><\/p>\n<ul>\n<li>Rango:12% a 30% de agua contenida en la miel.<\/li>\n<li>Precision:N\/A.<\/li>\n<li>Contenido de la Caja:Refract\u00f3metro, Manual de Operaci\u00f3n, cup\u00f3n de verificacion de calidad, pipeta de pl\u00e1stico.<\/li>\n<li>Dimensiones y peso:4x 4 x 17 cm, 260g.<\/li>\n<li>Unidades de medici\u00f3n:Contenido de agua en %.<\/li>\n<li>Condiciones de Operaci\u00f3n:Temperatura de muestra 10 a 30\u00b0C.<\/li>\n<\/ul>\n","protected":false},"featured_media":9255,"comment_status":"open","ping_status":"closed","template":"","meta":{"_joinchat":[]},"product_brand":[],"product_cat":[140],"product_tag":[],"class_list":{"0":"post-9254","1":"product","2":"type-product","3":"status-publish","4":"has-post-thumbnail","6":"product_cat-refractometros","8":"first","9":"instock","10":"shipping-taxable","11":"product-type-simple"},"yoast_head":"<!-- This site is optimized with the Yoast SEO plugin v26.4 - https:\/\/yoast.com\/wordpress\/plugins\/seo\/ -->\n<title>Refract\u00f3metro % humedad en miel - HHR-2N - Abaa tienda online<\/title>\n<meta name=\"robots\" content=\"index, follow, max-snippet:-1, max-image-preview:large, max-video-preview:-1\" \/>\n<link rel=\"canonical\" href=\"https:\/\/abaa.mx\/tienda\/refractometro-humedad-en-miel-hhr-2n\/\" \/>\n<meta property=\"og:locale\" content=\"es_MX\" \/>\n<meta property=\"og:type\" content=\"article\" \/>\n<meta property=\"og:title\" content=\"Refract\u00f3metro % humedad en miel - HHR-2N - Abaa tienda online\" \/>\n<meta property=\"og:description\" content=\"El refract\u00f3metro \u00f3ptico AT-HHR2N est\u00e1 dise\u00f1ado para probar profesionalmente la concentraci\u00f3n de humedad en miel de abeja. Caracter\u00edsticas principales: Construido en un material durable que puede manejar la limpieza entre muestra y muestra. Compensaci\u00f3n autom\u00e1tica de temperatura (ATC). Aplicaciones: Mediciones de porcentaje de concentraci\u00f3n y temperatura de congelaci\u00f3n para preparaciones a base de Glicol de Etileno (E.G.) y de Glicol de Propileno (P.G.).  Especificaciones:   Rango:12% a 30% de agua contenida en la miel.  Precision:N\/A.  Contenido de la Caja:Refract\u00f3metro, Manual de Operaci\u00f3n, cup\u00f3n de verificacion de calidad, pipeta de pl\u00e1stico.  Dimensiones y peso:4x 4 x 17 cm, 260g.  Unidades de medici\u00f3n:Contenido de agua en %.  Condiciones de Operaci\u00f3n:Temperatura de muestra 10 a 30\u00b0C.\" \/>\n<meta property=\"og:url\" content=\"https:\/\/abaa.mx\/tienda\/refractometro-humedad-en-miel-hhr-2n\/\" \/>\n<meta property=\"og:site_name\" content=\"Abaa tienda online\" \/>\n<meta property=\"og:image\" content=\"https:\/\/abaa.mx\/tienda\/wp-content\/uploads\/2023\/11\/ATAGO-HHR-2N.jpg\" \/>\n\t<meta property=\"og:image:width\" content=\"448\" \/>\n\t<meta property=\"og:image:height\" content=\"345\" \/>\n\t<meta property=\"og:image:type\" content=\"image\/jpeg\" \/>\n<meta name=\"twitter:card\" content=\"summary_large_image\" \/>\n<meta name=\"twitter:label1\" content=\"Tiempo de lectura\" \/>\n\t<meta name=\"twitter:data1\" content=\"1 minuto\" \/>\n<script type=\"application\/ld+json\" class=\"yoast-schema-graph\">{\"@context\":\"https:\/\/schema.org\",\"@graph\":[{\"@type\":\"WebPage\",\"@id\":\"https:\/\/abaa.mx\/tienda\/refractometro-humedad-en-miel-hhr-2n\/\",\"url\":\"https:\/\/abaa.mx\/tienda\/refractometro-humedad-en-miel-hhr-2n\/\",\"name\":\"Refract\u00f3metro % humedad en miel - HHR-2N - Abaa tienda online\",\"isPartOf\":{\"@id\":\"https:\/\/abaa.mx\/tienda\/#website\"},\"primaryImageOfPage\":{\"@id\":\"https:\/\/abaa.mx\/tienda\/refractometro-humedad-en-miel-hhr-2n\/#primaryimage\"},\"image\":{\"@id\":\"https:\/\/abaa.mx\/tienda\/refractometro-humedad-en-miel-hhr-2n\/#primaryimage\"},\"thumbnailUrl\":\"https:\/\/abaa.mx\/tienda\/wp-content\/uploads\/2023\/11\/ATAGO-HHR-2N.jpg\",\"datePublished\":\"2023-11-23T20:42:20+00:00\",\"breadcrumb\":{\"@id\":\"https:\/\/abaa.mx\/tienda\/refractometro-humedad-en-miel-hhr-2n\/#breadcrumb\"},\"inLanguage\":\"es\",\"potentialAction\":[{\"@type\":\"ReadAction\",\"target\":[\"https:\/\/abaa.mx\/tienda\/refractometro-humedad-en-miel-hhr-2n\/\"]}]},{\"@type\":\"ImageObject\",\"inLanguage\":\"es\",\"@id\":\"https:\/\/abaa.mx\/tienda\/refractometro-humedad-en-miel-hhr-2n\/#primaryimage\",\"url\":\"https:\/\/abaa.mx\/tienda\/wp-content\/uploads\/2023\/11\/ATAGO-HHR-2N.jpg\",\"contentUrl\":\"https:\/\/abaa.mx\/tienda\/wp-content\/uploads\/2023\/11\/ATAGO-HHR-2N.jpg\",\"width\":448,\"height\":345,\"caption\":\"ATAGO-HHR-2N\"},{\"@type\":\"BreadcrumbList\",\"@id\":\"https:\/\/abaa.mx\/tienda\/refractometro-humedad-en-miel-hhr-2n\/#breadcrumb\",\"itemListElement\":[{\"@type\":\"ListItem\",\"position\":1,\"name\":\"Inicio\",\"item\":\"https:\/\/abaa.mx\/tienda\/\"},{\"@type\":\"ListItem\",\"position\":2,\"name\":\"Tienda\",\"item\":\"https:\/\/abaa.mx\/tienda\/\"},{\"@type\":\"ListItem\",\"position\":3,\"name\":\"Refract\u00f3metro % humedad en miel &#8211; HHR-2N\"}]},{\"@type\":\"WebSite\",\"@id\":\"https:\/\/abaa.mx\/tienda\/#website\",\"url\":\"https:\/\/abaa.mx\/tienda\/\",\"name\":\"Abaa tienda online\",\"description\":\"Instrumentos de medici\u00f3n\",\"publisher\":{\"@id\":\"https:\/\/abaa.mx\/tienda\/#organization\"},\"potentialAction\":[{\"@type\":\"SearchAction\",\"target\":{\"@type\":\"EntryPoint\",\"urlTemplate\":\"https:\/\/abaa.mx\/tienda\/?s={search_term_string}\"},\"query-input\":{\"@type\":\"PropertyValueSpecification\",\"valueRequired\":true,\"valueName\":\"search_term_string\"}}],\"inLanguage\":\"es\"},{\"@type\":\"Organization\",\"@id\":\"https:\/\/abaa.mx\/tienda\/#organization\",\"name\":\"Abaa tienda online\",\"url\":\"https:\/\/abaa.mx\/tienda\/\",\"logo\":{\"@type\":\"ImageObject\",\"inLanguage\":\"es\",\"@id\":\"https:\/\/abaa.mx\/tienda\/#\/schema\/logo\/image\/\",\"url\":\"https:\/\/abaa.mx\/tienda\/wp-content\/uploads\/2024\/01\/abaa-metrologia-tienda.png\",\"contentUrl\":\"https:\/\/abaa.mx\/tienda\/wp-content\/uploads\/2024\/01\/abaa-metrologia-tienda.png\",\"width\":300,\"height\":141,\"caption\":\"Abaa tienda online\"},\"image\":{\"@id\":\"https:\/\/abaa.mx\/tienda\/#\/schema\/logo\/image\/\"}}]}<\/script>\n<!-- \/ Yoast SEO plugin. -->","yoast_head_json":{"title":"Refract\u00f3metro % humedad en miel - HHR-2N - Abaa tienda online","robots":{"index":"index","follow":"follow","max-snippet":"max-snippet:-1","max-image-preview":"max-image-preview:large","max-video-preview":"max-video-preview:-1"},"canonical":"https:\/\/abaa.mx\/tienda\/refractometro-humedad-en-miel-hhr-2n\/","og_locale":"es_MX","og_type":"article","og_title":"Refract\u00f3metro % humedad en miel - HHR-2N - Abaa tienda online","og_description":"El refract\u00f3metro \u00f3ptico AT-HHR2N est\u00e1 dise\u00f1ado para probar profesionalmente la concentraci\u00f3n de humedad en miel de abeja. Caracter\u00edsticas principales: Construido en un material durable que puede manejar la limpieza entre muestra y muestra. Compensaci\u00f3n autom\u00e1tica de temperatura (ATC). Aplicaciones: Mediciones de porcentaje de concentraci\u00f3n y temperatura de congelaci\u00f3n para preparaciones a base de Glicol de Etileno (E.G.) y de Glicol de Propileno (P.G.).  Especificaciones:   Rango:12% a 30% de agua contenida en la miel.  Precision:N\/A.  Contenido de la Caja:Refract\u00f3metro, Manual de Operaci\u00f3n, cup\u00f3n de verificacion de calidad, pipeta de pl\u00e1stico.  Dimensiones y peso:4x 4 x 17 cm, 260g.  Unidades de medici\u00f3n:Contenido de agua en %.  Condiciones de Operaci\u00f3n:Temperatura de muestra 10 a 30\u00b0C.","og_url":"https:\/\/abaa.mx\/tienda\/refractometro-humedad-en-miel-hhr-2n\/","og_site_name":"Abaa tienda online","og_image":[{"width":448,"height":345,"url":"https:\/\/abaa.mx\/tienda\/wp-content\/uploads\/2023\/11\/ATAGO-HHR-2N.jpg","type":"image\/jpeg"}],"twitter_card":"summary_large_image","twitter_misc":{"Tiempo de lectura":"1 minuto"},"schema":{"@context":"https:\/\/schema.org","@graph":[{"@type":"WebPage","@id":"https:\/\/abaa.mx\/tienda\/refractometro-humedad-en-miel-hhr-2n\/","url":"https:\/\/abaa.mx\/tienda\/refractometro-humedad-en-miel-hhr-2n\/","name":"Refract\u00f3metro % humedad en miel - HHR-2N - Abaa tienda online","isPartOf":{"@id":"https:\/\/abaa.mx\/tienda\/#website"},"primaryImageOfPage":{"@id":"https:\/\/abaa.mx\/tienda\/refractometro-humedad-en-miel-hhr-2n\/#primaryimage"},"image":{"@id":"https:\/\/abaa.mx\/tienda\/refractometro-humedad-en-miel-hhr-2n\/#primaryimage"},"thumbnailUrl":"https:\/\/abaa.mx\/tienda\/wp-content\/uploads\/2023\/11\/ATAGO-HHR-2N.jpg","datePublished":"2023-11-23T20:42:20+00:00","breadcrumb":{"@id":"https:\/\/abaa.mx\/tienda\/refractometro-humedad-en-miel-hhr-2n\/#breadcrumb"},"inLanguage":"es","potentialAction":[{"@type":"ReadAction","target":["https:\/\/abaa.mx\/tienda\/refractometro-humedad-en-miel-hhr-2n\/"]}]},{"@type":"ImageObject","inLanguage":"es","@id":"https:\/\/abaa.mx\/tienda\/refractometro-humedad-en-miel-hhr-2n\/#primaryimage","url":"https:\/\/abaa.mx\/tienda\/wp-content\/uploads\/2023\/11\/ATAGO-HHR-2N.jpg","contentUrl":"https:\/\/abaa.mx\/tienda\/wp-content\/uploads\/2023\/11\/ATAGO-HHR-2N.jpg","width":448,"height":345,"caption":"ATAGO-HHR-2N"},{"@type":"BreadcrumbList","@id":"https:\/\/abaa.mx\/tienda\/refractometro-humedad-en-miel-hhr-2n\/#breadcrumb","itemListElement":[{"@type":"ListItem","position":1,"name":"Inicio","item":"https:\/\/abaa.mx\/tienda\/"},{"@type":"ListItem","position":2,"name":"Tienda","item":"https:\/\/abaa.mx\/tienda\/"},{"@type":"ListItem","position":3,"name":"Refract\u00f3metro % humedad en miel &#8211; HHR-2N"}]},{"@type":"WebSite","@id":"https:\/\/abaa.mx\/tienda\/#website","url":"https:\/\/abaa.mx\/tienda\/","name":"Abaa tienda online","description":"Instrumentos de medici\u00f3n","publisher":{"@id":"https:\/\/abaa.mx\/tienda\/#organization"},"potentialAction":[{"@type":"SearchAction","target":{"@type":"EntryPoint","urlTemplate":"https:\/\/abaa.mx\/tienda\/?s={search_term_string}"},"query-input":{"@type":"PropertyValueSpecification","valueRequired":true,"valueName":"search_term_string"}}],"inLanguage":"es"},{"@type":"Organization","@id":"https:\/\/abaa.mx\/tienda\/#organization","name":"Abaa tienda online","url":"https:\/\/abaa.mx\/tienda\/","logo":{"@type":"ImageObject","inLanguage":"es","@id":"https:\/\/abaa.mx\/tienda\/#\/schema\/logo\/image\/","url":"https:\/\/abaa.mx\/tienda\/wp-content\/uploads\/2024\/01\/abaa-metrologia-tienda.png","contentUrl":"https:\/\/abaa.mx\/tienda\/wp-content\/uploads\/2024\/01\/abaa-metrologia-tienda.png","width":300,"height":141,"caption":"Abaa tienda online"},"image":{"@id":"https:\/\/abaa.mx\/tienda\/#\/schema\/logo\/image\/"}}]}},"_links":{"self":[{"href":"https:\/\/abaa.mx\/tienda\/wp-json\/wp\/v2\/product\/9254","targetHints":{"allow":["GET"]}}],"collection":[{"href":"https:\/\/abaa.mx\/tienda\/wp-json\/wp\/v2\/product"}],"about":[{"href":"https:\/\/abaa.mx\/tienda\/wp-json\/wp\/v2\/types\/product"}],"replies":[{"embeddable":true,"href":"https:\/\/abaa.mx\/tienda\/wp-json\/wp\/v2\/comments?post=9254"}],"wp:featuredmedia":[{"embeddable":true,"href":"https:\/\/abaa.mx\/tienda\/wp-json\/wp\/v2\/media\/9255"}],"wp:attachment":[{"href":"https:\/\/abaa.mx\/tienda\/wp-json\/wp\/v2\/media?parent=9254"}],"wp:term":[{"taxonomy":"product_brand","embeddable":true,"href":"https:\/\/abaa.mx\/tienda\/wp-json\/wp\/v2\/product_brand?post=9254"},{"taxonomy":"product_cat","embeddable":true,"href":"https:\/\/abaa.mx\/tienda\/wp-json\/wp\/v2\/product_cat?post=9254"},{"taxonomy":"product_tag","embeddable":true,"href":"https:\/\/abaa.mx\/tienda\/wp-json\/wp\/v2\/product_tag?post=9254"}],"curies":[{"name":"wp","href":"https:\/\/api.w.org\/{rel}","templated":true}]}}