{"id":9242,"date":"2023-11-23T20:01:56","date_gmt":"2023-11-23T20:01:56","guid":{"rendered":"https:\/\/abaa.mx\/tienda\/?post_type=product&#038;p=9242"},"modified":"2023-11-23T20:01:56","modified_gmt":"2023-11-23T20:01:56","slug":"refractometro-gravedad-especifica-pal-10s","status":"publish","type":"product","link":"https:\/\/abaa.mx\/tienda\/refractometro-gravedad-especifica-pal-10s\/","title":{"rendered":"Refractometro Gravedad Espec\u00edfica &#8211; PAL-10S"},"content":{"rendered":"<p>Refractometro Gravedad Espec\u00edfica &#8211; PAL-10S.<\/p>\n","protected":false},"excerpt":{"rendered":"<p>El PAL-10S es un refract\u00f3metro port\u00e1til digital que mide la gravedad concreta de la orina. Para operarla, sencillamente ponga unas gotas de orina en el prisma y presione la tecla &#8220;Inicio &#8220;. El instrumento se puede enjuagar con agua corriente entre los instrumentos.<\/p>\n<p><b>Especificaciones:<\/b><\/p>\n<ul>\n<li>Fuente de Poder:2 x Bater\u00edas tipo AAA.<\/li>\n<li>Rango de Compensaci\u00f3n de Temperatura:10 a 35\u00b0C (Compensaci\u00f3n Autom\u00e1tica de Temperatura).<\/li>\n<li>Temperatura Ambiente:10 a 35\u00b0C.<\/li>\n<li>M\u00e9todo de medida:Densidad Espec\u00edfica de la Orina : 1.000 a 1.060.<\/li>\n<li>Resoluci\u00f3n:Densidad Espec\u00edfica de la Orina : 0.001.<\/li>\n<li>Modelo:PAL-10S.<\/li>\n<li>Tiempo de Medici\u00f3n:3 segundos.<\/li>\n<li>Clase de protecci\u00f3n internacional:IP65 Protecci\u00f3n al polvo y chorros de agua.<\/li>\n<li>Escala:Densidad Espec\u00edfica de la Orina.<\/li>\n<li>N\u00famero de cat\u00e1logo:4410.<\/li>\n<li>Volumen de la Muestra:0.3mL.<\/li>\n<li>Exactitud de la Medici\u00f3n:Densidad Espec\u00edfica de la Orina : \u00b10.001.<\/li>\n<li>Dimensiones y Peso:55(W)\u00d731(D)\u00d7109(H)mm, 100g (Unidad principal solamente).<\/li>\n<\/ul>\n","protected":false},"featured_media":9244,"comment_status":"open","ping_status":"closed","template":"","meta":{"_joinchat":[]},"product_brand":[],"product_cat":[140],"product_tag":[],"class_list":{"0":"post-9242","1":"product","2":"type-product","3":"status-publish","4":"has-post-thumbnail","6":"product_cat-refractometros","8":"first","9":"instock","10":"shipping-taxable","11":"product-type-simple"},"yoast_head":"<!-- This site is optimized with the Yoast SEO plugin v26.4 - https:\/\/yoast.com\/wordpress\/plugins\/seo\/ -->\n<title>Refractometro Gravedad Espec\u00edfica - PAL-10S - Abaa tienda online<\/title>\n<meta name=\"robots\" content=\"index, follow, max-snippet:-1, max-image-preview:large, max-video-preview:-1\" \/>\n<link rel=\"canonical\" href=\"https:\/\/abaa.mx\/tienda\/refractometro-gravedad-especifica-pal-10s\/\" \/>\n<meta property=\"og:locale\" content=\"es_MX\" \/>\n<meta property=\"og:type\" content=\"article\" \/>\n<meta property=\"og:title\" content=\"Refractometro Gravedad Espec\u00edfica - PAL-10S - Abaa tienda online\" \/>\n<meta property=\"og:description\" content=\"El PAL-10S es un refract\u00f3metro port\u00e1til digital que mide la gravedad concreta de la orina. Para operarla, sencillamente ponga unas gotas de orina en el prisma y presione la tecla &quot;Inicio &quot;. El instrumento se puede enjuagar con agua corriente entre los instrumentos.  Especificaciones:   Fuente de Poder:2 x Bater\u00edas tipo AAA.  Rango de Compensaci\u00f3n de Temperatura:10 a 35\u00b0C (Compensaci\u00f3n Autom\u00e1tica de Temperatura).  Temperatura Ambiente:10 a 35\u00b0C.  M\u00e9todo de medida:Densidad Espec\u00edfica de la Orina : 1.000 a 1.060.  Resoluci\u00f3n:Densidad Espec\u00edfica de la Orina : 0.001.  Modelo:PAL-10S.  Tiempo de Medici\u00f3n:3 segundos.  Clase de protecci\u00f3n internacional:IP65 Protecci\u00f3n al polvo y chorros de agua.  Escala:Densidad Espec\u00edfica de la Orina.  N\u00famero de cat\u00e1logo:4410.  Volumen de la Muestra:0.3mL.  Exactitud de la Medici\u00f3n:Densidad Espec\u00edfica de la Orina : \u00b10.001.  Dimensiones y Peso:55(W)\u00d731(D)\u00d7109(H)mm, 100g (Unidad principal solamente).\" \/>\n<meta property=\"og:url\" content=\"https:\/\/abaa.mx\/tienda\/refractometro-gravedad-especifica-pal-10s\/\" \/>\n<meta property=\"og:site_name\" content=\"Abaa tienda online\" \/>\n<meta property=\"og:image\" content=\"https:\/\/abaa.mx\/tienda\/wp-content\/uploads\/2023\/11\/ATAGO-PAL-10S.jpg\" \/>\n\t<meta property=\"og:image:width\" content=\"358\" \/>\n\t<meta property=\"og:image:height\" content=\"417\" \/>\n\t<meta property=\"og:image:type\" content=\"image\/jpeg\" \/>\n<meta name=\"twitter:card\" content=\"summary_large_image\" \/>\n<meta name=\"twitter:label1\" content=\"Tiempo de lectura\" \/>\n\t<meta name=\"twitter:data1\" content=\"1 minuto\" \/>\n<script type=\"application\/ld+json\" class=\"yoast-schema-graph\">{\"@context\":\"https:\/\/schema.org\",\"@graph\":[{\"@type\":\"WebPage\",\"@id\":\"https:\/\/abaa.mx\/tienda\/refractometro-gravedad-especifica-pal-10s\/\",\"url\":\"https:\/\/abaa.mx\/tienda\/refractometro-gravedad-especifica-pal-10s\/\",\"name\":\"Refractometro Gravedad Espec\u00edfica - PAL-10S - Abaa tienda online\",\"isPartOf\":{\"@id\":\"https:\/\/abaa.mx\/tienda\/#website\"},\"primaryImageOfPage\":{\"@id\":\"https:\/\/abaa.mx\/tienda\/refractometro-gravedad-especifica-pal-10s\/#primaryimage\"},\"image\":{\"@id\":\"https:\/\/abaa.mx\/tienda\/refractometro-gravedad-especifica-pal-10s\/#primaryimage\"},\"thumbnailUrl\":\"https:\/\/abaa.mx\/tienda\/wp-content\/uploads\/2023\/11\/ATAGO-PAL-10S.jpg\",\"datePublished\":\"2023-11-23T20:01:56+00:00\",\"breadcrumb\":{\"@id\":\"https:\/\/abaa.mx\/tienda\/refractometro-gravedad-especifica-pal-10s\/#breadcrumb\"},\"inLanguage\":\"es\",\"potentialAction\":[{\"@type\":\"ReadAction\",\"target\":[\"https:\/\/abaa.mx\/tienda\/refractometro-gravedad-especifica-pal-10s\/\"]}]},{\"@type\":\"ImageObject\",\"inLanguage\":\"es\",\"@id\":\"https:\/\/abaa.mx\/tienda\/refractometro-gravedad-especifica-pal-10s\/#primaryimage\",\"url\":\"https:\/\/abaa.mx\/tienda\/wp-content\/uploads\/2023\/11\/ATAGO-PAL-10S.jpg\",\"contentUrl\":\"https:\/\/abaa.mx\/tienda\/wp-content\/uploads\/2023\/11\/ATAGO-PAL-10S.jpg\",\"width\":358,\"height\":417,\"caption\":\"ATAGO-PAL-10S\"},{\"@type\":\"BreadcrumbList\",\"@id\":\"https:\/\/abaa.mx\/tienda\/refractometro-gravedad-especifica-pal-10s\/#breadcrumb\",\"itemListElement\":[{\"@type\":\"ListItem\",\"position\":1,\"name\":\"Inicio\",\"item\":\"https:\/\/abaa.mx\/tienda\/\"},{\"@type\":\"ListItem\",\"position\":2,\"name\":\"Tienda\",\"item\":\"https:\/\/abaa.mx\/tienda\/\"},{\"@type\":\"ListItem\",\"position\":3,\"name\":\"Refractometro Gravedad Espec\u00edfica &#8211; PAL-10S\"}]},{\"@type\":\"WebSite\",\"@id\":\"https:\/\/abaa.mx\/tienda\/#website\",\"url\":\"https:\/\/abaa.mx\/tienda\/\",\"name\":\"Abaa tienda online\",\"description\":\"Instrumentos de medici\u00f3n\",\"publisher\":{\"@id\":\"https:\/\/abaa.mx\/tienda\/#organization\"},\"potentialAction\":[{\"@type\":\"SearchAction\",\"target\":{\"@type\":\"EntryPoint\",\"urlTemplate\":\"https:\/\/abaa.mx\/tienda\/?s={search_term_string}\"},\"query-input\":{\"@type\":\"PropertyValueSpecification\",\"valueRequired\":true,\"valueName\":\"search_term_string\"}}],\"inLanguage\":\"es\"},{\"@type\":\"Organization\",\"@id\":\"https:\/\/abaa.mx\/tienda\/#organization\",\"name\":\"Abaa tienda online\",\"url\":\"https:\/\/abaa.mx\/tienda\/\",\"logo\":{\"@type\":\"ImageObject\",\"inLanguage\":\"es\",\"@id\":\"https:\/\/abaa.mx\/tienda\/#\/schema\/logo\/image\/\",\"url\":\"https:\/\/abaa.mx\/tienda\/wp-content\/uploads\/2024\/01\/abaa-metrologia-tienda.png\",\"contentUrl\":\"https:\/\/abaa.mx\/tienda\/wp-content\/uploads\/2024\/01\/abaa-metrologia-tienda.png\",\"width\":300,\"height\":141,\"caption\":\"Abaa tienda online\"},\"image\":{\"@id\":\"https:\/\/abaa.mx\/tienda\/#\/schema\/logo\/image\/\"}}]}<\/script>\n<!-- \/ Yoast SEO plugin. -->","yoast_head_json":{"title":"Refractometro Gravedad Espec\u00edfica - PAL-10S - Abaa tienda online","robots":{"index":"index","follow":"follow","max-snippet":"max-snippet:-1","max-image-preview":"max-image-preview:large","max-video-preview":"max-video-preview:-1"},"canonical":"https:\/\/abaa.mx\/tienda\/refractometro-gravedad-especifica-pal-10s\/","og_locale":"es_MX","og_type":"article","og_title":"Refractometro Gravedad Espec\u00edfica - PAL-10S - Abaa tienda online","og_description":"El PAL-10S es un refract\u00f3metro port\u00e1til digital que mide la gravedad concreta de la orina. Para operarla, sencillamente ponga unas gotas de orina en el prisma y presione la tecla \"Inicio \". El instrumento se puede enjuagar con agua corriente entre los instrumentos.  Especificaciones:   Fuente de Poder:2 x Bater\u00edas tipo AAA.  Rango de Compensaci\u00f3n de Temperatura:10 a 35\u00b0C (Compensaci\u00f3n Autom\u00e1tica de Temperatura).  Temperatura Ambiente:10 a 35\u00b0C.  M\u00e9todo de medida:Densidad Espec\u00edfica de la Orina : 1.000 a 1.060.  Resoluci\u00f3n:Densidad Espec\u00edfica de la Orina : 0.001.  Modelo:PAL-10S.  Tiempo de Medici\u00f3n:3 segundos.  Clase de protecci\u00f3n internacional:IP65 Protecci\u00f3n al polvo y chorros de agua.  Escala:Densidad Espec\u00edfica de la Orina.  N\u00famero de cat\u00e1logo:4410.  Volumen de la Muestra:0.3mL.  Exactitud de la Medici\u00f3n:Densidad Espec\u00edfica de la Orina : \u00b10.001.  Dimensiones y Peso:55(W)\u00d731(D)\u00d7109(H)mm, 100g (Unidad principal solamente).","og_url":"https:\/\/abaa.mx\/tienda\/refractometro-gravedad-especifica-pal-10s\/","og_site_name":"Abaa tienda online","og_image":[{"width":358,"height":417,"url":"https:\/\/abaa.mx\/tienda\/wp-content\/uploads\/2023\/11\/ATAGO-PAL-10S.jpg","type":"image\/jpeg"}],"twitter_card":"summary_large_image","twitter_misc":{"Tiempo de lectura":"1 minuto"},"schema":{"@context":"https:\/\/schema.org","@graph":[{"@type":"WebPage","@id":"https:\/\/abaa.mx\/tienda\/refractometro-gravedad-especifica-pal-10s\/","url":"https:\/\/abaa.mx\/tienda\/refractometro-gravedad-especifica-pal-10s\/","name":"Refractometro Gravedad Espec\u00edfica - PAL-10S - Abaa tienda online","isPartOf":{"@id":"https:\/\/abaa.mx\/tienda\/#website"},"primaryImageOfPage":{"@id":"https:\/\/abaa.mx\/tienda\/refractometro-gravedad-especifica-pal-10s\/#primaryimage"},"image":{"@id":"https:\/\/abaa.mx\/tienda\/refractometro-gravedad-especifica-pal-10s\/#primaryimage"},"thumbnailUrl":"https:\/\/abaa.mx\/tienda\/wp-content\/uploads\/2023\/11\/ATAGO-PAL-10S.jpg","datePublished":"2023-11-23T20:01:56+00:00","breadcrumb":{"@id":"https:\/\/abaa.mx\/tienda\/refractometro-gravedad-especifica-pal-10s\/#breadcrumb"},"inLanguage":"es","potentialAction":[{"@type":"ReadAction","target":["https:\/\/abaa.mx\/tienda\/refractometro-gravedad-especifica-pal-10s\/"]}]},{"@type":"ImageObject","inLanguage":"es","@id":"https:\/\/abaa.mx\/tienda\/refractometro-gravedad-especifica-pal-10s\/#primaryimage","url":"https:\/\/abaa.mx\/tienda\/wp-content\/uploads\/2023\/11\/ATAGO-PAL-10S.jpg","contentUrl":"https:\/\/abaa.mx\/tienda\/wp-content\/uploads\/2023\/11\/ATAGO-PAL-10S.jpg","width":358,"height":417,"caption":"ATAGO-PAL-10S"},{"@type":"BreadcrumbList","@id":"https:\/\/abaa.mx\/tienda\/refractometro-gravedad-especifica-pal-10s\/#breadcrumb","itemListElement":[{"@type":"ListItem","position":1,"name":"Inicio","item":"https:\/\/abaa.mx\/tienda\/"},{"@type":"ListItem","position":2,"name":"Tienda","item":"https:\/\/abaa.mx\/tienda\/"},{"@type":"ListItem","position":3,"name":"Refractometro Gravedad Espec\u00edfica &#8211; PAL-10S"}]},{"@type":"WebSite","@id":"https:\/\/abaa.mx\/tienda\/#website","url":"https:\/\/abaa.mx\/tienda\/","name":"Abaa tienda online","description":"Instrumentos de medici\u00f3n","publisher":{"@id":"https:\/\/abaa.mx\/tienda\/#organization"},"potentialAction":[{"@type":"SearchAction","target":{"@type":"EntryPoint","urlTemplate":"https:\/\/abaa.mx\/tienda\/?s={search_term_string}"},"query-input":{"@type":"PropertyValueSpecification","valueRequired":true,"valueName":"search_term_string"}}],"inLanguage":"es"},{"@type":"Organization","@id":"https:\/\/abaa.mx\/tienda\/#organization","name":"Abaa tienda online","url":"https:\/\/abaa.mx\/tienda\/","logo":{"@type":"ImageObject","inLanguage":"es","@id":"https:\/\/abaa.mx\/tienda\/#\/schema\/logo\/image\/","url":"https:\/\/abaa.mx\/tienda\/wp-content\/uploads\/2024\/01\/abaa-metrologia-tienda.png","contentUrl":"https:\/\/abaa.mx\/tienda\/wp-content\/uploads\/2024\/01\/abaa-metrologia-tienda.png","width":300,"height":141,"caption":"Abaa tienda online"},"image":{"@id":"https:\/\/abaa.mx\/tienda\/#\/schema\/logo\/image\/"}}]}},"_links":{"self":[{"href":"https:\/\/abaa.mx\/tienda\/wp-json\/wp\/v2\/product\/9242","targetHints":{"allow":["GET"]}}],"collection":[{"href":"https:\/\/abaa.mx\/tienda\/wp-json\/wp\/v2\/product"}],"about":[{"href":"https:\/\/abaa.mx\/tienda\/wp-json\/wp\/v2\/types\/product"}],"replies":[{"embeddable":true,"href":"https:\/\/abaa.mx\/tienda\/wp-json\/wp\/v2\/comments?post=9242"}],"wp:featuredmedia":[{"embeddable":true,"href":"https:\/\/abaa.mx\/tienda\/wp-json\/wp\/v2\/media\/9244"}],"wp:attachment":[{"href":"https:\/\/abaa.mx\/tienda\/wp-json\/wp\/v2\/media?parent=9242"}],"wp:term":[{"taxonomy":"product_brand","embeddable":true,"href":"https:\/\/abaa.mx\/tienda\/wp-json\/wp\/v2\/product_brand?post=9242"},{"taxonomy":"product_cat","embeddable":true,"href":"https:\/\/abaa.mx\/tienda\/wp-json\/wp\/v2\/product_cat?post=9242"},{"taxonomy":"product_tag","embeddable":true,"href":"https:\/\/abaa.mx\/tienda\/wp-json\/wp\/v2\/product_tag?post=9242"}],"curies":[{"name":"wp","href":"https:\/\/api.w.org\/{rel}","templated":true}]}}