{"id":9229,"date":"2023-11-23T19:38:35","date_gmt":"2023-11-23T19:38:35","guid":{"rendered":"https:\/\/abaa.mx\/tienda\/?post_type=product&#038;p=9229"},"modified":"2023-11-23T19:38:35","modified_gmt":"2023-11-23T19:38:35","slug":"refractometro-pal-1","status":"publish","type":"product","link":"https:\/\/abaa.mx\/tienda\/refractometro-pal-1\/","title":{"rendered":"Refractometro PAL 1"},"content":{"rendered":"<p>Refractometro PAL 1.<\/p>\n","protected":false},"excerpt":{"rendered":"<p>El refract\u00f3metro digital PAL-1 es un equipo que usando el principio de refracci\u00f3n de la luz puede determinar la concentraci\u00f3n de azucares en ciertos g\u00e9neros de preparaciones industriales. Aplicaciones : Estos productos que tienen la posibilidad de ser utilizados en la mayor parte de las industrias, en tanto que tiene el visto buenos de la Asociaci\u00f3n para el An\u00e1lisis de Riesgos y Control de Puntos Cr\u00edticos de Y tambi\u00e9n UA. (HACPP por sus iniciales en ingl\u00e9s). Por servirnos de un ejemplo : industria alimenticia generalmente , usos agr\u00edcolas, restaurantes en preparaciones como sopas y salsas, alimentos y bebidas. Caracter\u00edsticas Primordiales : Nueva funci\u00f3n ELI que deja evitar lecturas err\u00f3neas. Calibraci\u00f3n con agua, no necesita fluido de calibraci\u00f3n particular. Compensaci\u00f3n autom\u00e1tica de temperatura (ATC) hasta 99 \u00b0C, dise\u00f1o ergon\u00f3mico puede operarse con una sola mano. Dimensiones y peso: 55 x 31 x 109 mm, cien g.<\/p>\n","protected":false},"featured_media":9230,"comment_status":"open","ping_status":"closed","template":"","meta":{"_joinchat":[]},"product_brand":[],"product_cat":[140],"product_tag":[],"class_list":{"0":"post-9229","1":"product","2":"type-product","3":"status-publish","4":"has-post-thumbnail","6":"product_cat-refractometros","8":"first","9":"instock","10":"shipping-taxable","11":"product-type-simple"},"yoast_head":"<!-- This site is optimized with the Yoast SEO plugin v26.4 - https:\/\/yoast.com\/wordpress\/plugins\/seo\/ -->\n<title>Refractometro PAL 1 - Abaa tienda online<\/title>\n<meta name=\"robots\" content=\"index, follow, max-snippet:-1, max-image-preview:large, max-video-preview:-1\" \/>\n<link rel=\"canonical\" href=\"https:\/\/abaa.mx\/tienda\/refractometro-pal-1\/\" \/>\n<meta property=\"og:locale\" content=\"es_MX\" \/>\n<meta property=\"og:type\" content=\"article\" \/>\n<meta property=\"og:title\" content=\"Refractometro PAL 1 - Abaa tienda online\" \/>\n<meta property=\"og:description\" content=\"El refract\u00f3metro digital PAL-1 es un equipo que usando el principio de refracci\u00f3n de la luz puede determinar la concentraci\u00f3n de azucares en ciertos g\u00e9neros de preparaciones industriales. Aplicaciones : Estos productos que tienen la posibilidad de ser utilizados en la mayor parte de las industrias, en tanto que tiene el visto buenos de la Asociaci\u00f3n para el An\u00e1lisis de Riesgos y Control de Puntos Cr\u00edticos de Y tambi\u00e9n UA. (HACPP por sus iniciales en ingl\u00e9s). Por servirnos de un ejemplo : industria alimenticia generalmente , usos agr\u00edcolas, restaurantes en preparaciones como sopas y salsas, alimentos y bebidas. Caracter\u00edsticas Primordiales : Nueva funci\u00f3n ELI que deja evitar lecturas err\u00f3neas. Calibraci\u00f3n con agua, no necesita fluido de calibraci\u00f3n particular. Compensaci\u00f3n autom\u00e1tica de temperatura (ATC) hasta 99 \u00b0C, dise\u00f1o ergon\u00f3mico puede operarse con una sola mano. Dimensiones y peso: 55 x 31 x 109 mm, cien g.\" \/>\n<meta property=\"og:url\" content=\"https:\/\/abaa.mx\/tienda\/refractometro-pal-1\/\" \/>\n<meta property=\"og:site_name\" content=\"Abaa tienda online\" \/>\n<meta property=\"og:image\" content=\"https:\/\/abaa.mx\/tienda\/wp-content\/uploads\/2023\/11\/ATAGO-PAL1.jpg\" \/>\n\t<meta property=\"og:image:width\" content=\"312\" \/>\n\t<meta property=\"og:image:height\" content=\"379\" \/>\n\t<meta property=\"og:image:type\" content=\"image\/jpeg\" \/>\n<meta name=\"twitter:card\" content=\"summary_large_image\" \/>\n<meta name=\"twitter:label1\" content=\"Tiempo de lectura\" \/>\n\t<meta name=\"twitter:data1\" content=\"1 minuto\" \/>\n<script type=\"application\/ld+json\" class=\"yoast-schema-graph\">{\"@context\":\"https:\/\/schema.org\",\"@graph\":[{\"@type\":\"WebPage\",\"@id\":\"https:\/\/abaa.mx\/tienda\/refractometro-pal-1\/\",\"url\":\"https:\/\/abaa.mx\/tienda\/refractometro-pal-1\/\",\"name\":\"Refractometro PAL 1 - Abaa tienda online\",\"isPartOf\":{\"@id\":\"https:\/\/abaa.mx\/tienda\/#website\"},\"primaryImageOfPage\":{\"@id\":\"https:\/\/abaa.mx\/tienda\/refractometro-pal-1\/#primaryimage\"},\"image\":{\"@id\":\"https:\/\/abaa.mx\/tienda\/refractometro-pal-1\/#primaryimage\"},\"thumbnailUrl\":\"https:\/\/abaa.mx\/tienda\/wp-content\/uploads\/2023\/11\/ATAGO-PAL1.jpg\",\"datePublished\":\"2023-11-23T19:38:35+00:00\",\"breadcrumb\":{\"@id\":\"https:\/\/abaa.mx\/tienda\/refractometro-pal-1\/#breadcrumb\"},\"inLanguage\":\"es\",\"potentialAction\":[{\"@type\":\"ReadAction\",\"target\":[\"https:\/\/abaa.mx\/tienda\/refractometro-pal-1\/\"]}]},{\"@type\":\"ImageObject\",\"inLanguage\":\"es\",\"@id\":\"https:\/\/abaa.mx\/tienda\/refractometro-pal-1\/#primaryimage\",\"url\":\"https:\/\/abaa.mx\/tienda\/wp-content\/uploads\/2023\/11\/ATAGO-PAL1.jpg\",\"contentUrl\":\"https:\/\/abaa.mx\/tienda\/wp-content\/uploads\/2023\/11\/ATAGO-PAL1.jpg\",\"width\":312,\"height\":379,\"caption\":\"ATAGO-PAL1\"},{\"@type\":\"BreadcrumbList\",\"@id\":\"https:\/\/abaa.mx\/tienda\/refractometro-pal-1\/#breadcrumb\",\"itemListElement\":[{\"@type\":\"ListItem\",\"position\":1,\"name\":\"Inicio\",\"item\":\"https:\/\/abaa.mx\/tienda\/\"},{\"@type\":\"ListItem\",\"position\":2,\"name\":\"Tienda\",\"item\":\"https:\/\/abaa.mx\/tienda\/\"},{\"@type\":\"ListItem\",\"position\":3,\"name\":\"Refractometro PAL 1\"}]},{\"@type\":\"WebSite\",\"@id\":\"https:\/\/abaa.mx\/tienda\/#website\",\"url\":\"https:\/\/abaa.mx\/tienda\/\",\"name\":\"Abaa tienda online\",\"description\":\"Instrumentos de medici\u00f3n\",\"publisher\":{\"@id\":\"https:\/\/abaa.mx\/tienda\/#organization\"},\"potentialAction\":[{\"@type\":\"SearchAction\",\"target\":{\"@type\":\"EntryPoint\",\"urlTemplate\":\"https:\/\/abaa.mx\/tienda\/?s={search_term_string}\"},\"query-input\":{\"@type\":\"PropertyValueSpecification\",\"valueRequired\":true,\"valueName\":\"search_term_string\"}}],\"inLanguage\":\"es\"},{\"@type\":\"Organization\",\"@id\":\"https:\/\/abaa.mx\/tienda\/#organization\",\"name\":\"Abaa tienda online\",\"url\":\"https:\/\/abaa.mx\/tienda\/\",\"logo\":{\"@type\":\"ImageObject\",\"inLanguage\":\"es\",\"@id\":\"https:\/\/abaa.mx\/tienda\/#\/schema\/logo\/image\/\",\"url\":\"https:\/\/abaa.mx\/tienda\/wp-content\/uploads\/2024\/01\/abaa-metrologia-tienda.png\",\"contentUrl\":\"https:\/\/abaa.mx\/tienda\/wp-content\/uploads\/2024\/01\/abaa-metrologia-tienda.png\",\"width\":300,\"height\":141,\"caption\":\"Abaa tienda online\"},\"image\":{\"@id\":\"https:\/\/abaa.mx\/tienda\/#\/schema\/logo\/image\/\"}}]}<\/script>\n<!-- \/ Yoast SEO plugin. -->","yoast_head_json":{"title":"Refractometro PAL 1 - Abaa tienda online","robots":{"index":"index","follow":"follow","max-snippet":"max-snippet:-1","max-image-preview":"max-image-preview:large","max-video-preview":"max-video-preview:-1"},"canonical":"https:\/\/abaa.mx\/tienda\/refractometro-pal-1\/","og_locale":"es_MX","og_type":"article","og_title":"Refractometro PAL 1 - Abaa tienda online","og_description":"El refract\u00f3metro digital PAL-1 es un equipo que usando el principio de refracci\u00f3n de la luz puede determinar la concentraci\u00f3n de azucares en ciertos g\u00e9neros de preparaciones industriales. Aplicaciones : Estos productos que tienen la posibilidad de ser utilizados en la mayor parte de las industrias, en tanto que tiene el visto buenos de la Asociaci\u00f3n para el An\u00e1lisis de Riesgos y Control de Puntos Cr\u00edticos de Y tambi\u00e9n UA. (HACPP por sus iniciales en ingl\u00e9s). Por servirnos de un ejemplo : industria alimenticia generalmente , usos agr\u00edcolas, restaurantes en preparaciones como sopas y salsas, alimentos y bebidas. Caracter\u00edsticas Primordiales : Nueva funci\u00f3n ELI que deja evitar lecturas err\u00f3neas. Calibraci\u00f3n con agua, no necesita fluido de calibraci\u00f3n particular. Compensaci\u00f3n autom\u00e1tica de temperatura (ATC) hasta 99 \u00b0C, dise\u00f1o ergon\u00f3mico puede operarse con una sola mano. Dimensiones y peso: 55 x 31 x 109 mm, cien g.","og_url":"https:\/\/abaa.mx\/tienda\/refractometro-pal-1\/","og_site_name":"Abaa tienda online","og_image":[{"width":312,"height":379,"url":"https:\/\/abaa.mx\/tienda\/wp-content\/uploads\/2023\/11\/ATAGO-PAL1.jpg","type":"image\/jpeg"}],"twitter_card":"summary_large_image","twitter_misc":{"Tiempo de lectura":"1 minuto"},"schema":{"@context":"https:\/\/schema.org","@graph":[{"@type":"WebPage","@id":"https:\/\/abaa.mx\/tienda\/refractometro-pal-1\/","url":"https:\/\/abaa.mx\/tienda\/refractometro-pal-1\/","name":"Refractometro PAL 1 - Abaa tienda online","isPartOf":{"@id":"https:\/\/abaa.mx\/tienda\/#website"},"primaryImageOfPage":{"@id":"https:\/\/abaa.mx\/tienda\/refractometro-pal-1\/#primaryimage"},"image":{"@id":"https:\/\/abaa.mx\/tienda\/refractometro-pal-1\/#primaryimage"},"thumbnailUrl":"https:\/\/abaa.mx\/tienda\/wp-content\/uploads\/2023\/11\/ATAGO-PAL1.jpg","datePublished":"2023-11-23T19:38:35+00:00","breadcrumb":{"@id":"https:\/\/abaa.mx\/tienda\/refractometro-pal-1\/#breadcrumb"},"inLanguage":"es","potentialAction":[{"@type":"ReadAction","target":["https:\/\/abaa.mx\/tienda\/refractometro-pal-1\/"]}]},{"@type":"ImageObject","inLanguage":"es","@id":"https:\/\/abaa.mx\/tienda\/refractometro-pal-1\/#primaryimage","url":"https:\/\/abaa.mx\/tienda\/wp-content\/uploads\/2023\/11\/ATAGO-PAL1.jpg","contentUrl":"https:\/\/abaa.mx\/tienda\/wp-content\/uploads\/2023\/11\/ATAGO-PAL1.jpg","width":312,"height":379,"caption":"ATAGO-PAL1"},{"@type":"BreadcrumbList","@id":"https:\/\/abaa.mx\/tienda\/refractometro-pal-1\/#breadcrumb","itemListElement":[{"@type":"ListItem","position":1,"name":"Inicio","item":"https:\/\/abaa.mx\/tienda\/"},{"@type":"ListItem","position":2,"name":"Tienda","item":"https:\/\/abaa.mx\/tienda\/"},{"@type":"ListItem","position":3,"name":"Refractometro PAL 1"}]},{"@type":"WebSite","@id":"https:\/\/abaa.mx\/tienda\/#website","url":"https:\/\/abaa.mx\/tienda\/","name":"Abaa tienda online","description":"Instrumentos de medici\u00f3n","publisher":{"@id":"https:\/\/abaa.mx\/tienda\/#organization"},"potentialAction":[{"@type":"SearchAction","target":{"@type":"EntryPoint","urlTemplate":"https:\/\/abaa.mx\/tienda\/?s={search_term_string}"},"query-input":{"@type":"PropertyValueSpecification","valueRequired":true,"valueName":"search_term_string"}}],"inLanguage":"es"},{"@type":"Organization","@id":"https:\/\/abaa.mx\/tienda\/#organization","name":"Abaa tienda online","url":"https:\/\/abaa.mx\/tienda\/","logo":{"@type":"ImageObject","inLanguage":"es","@id":"https:\/\/abaa.mx\/tienda\/#\/schema\/logo\/image\/","url":"https:\/\/abaa.mx\/tienda\/wp-content\/uploads\/2024\/01\/abaa-metrologia-tienda.png","contentUrl":"https:\/\/abaa.mx\/tienda\/wp-content\/uploads\/2024\/01\/abaa-metrologia-tienda.png","width":300,"height":141,"caption":"Abaa tienda online"},"image":{"@id":"https:\/\/abaa.mx\/tienda\/#\/schema\/logo\/image\/"}}]}},"_links":{"self":[{"href":"https:\/\/abaa.mx\/tienda\/wp-json\/wp\/v2\/product\/9229","targetHints":{"allow":["GET"]}}],"collection":[{"href":"https:\/\/abaa.mx\/tienda\/wp-json\/wp\/v2\/product"}],"about":[{"href":"https:\/\/abaa.mx\/tienda\/wp-json\/wp\/v2\/types\/product"}],"replies":[{"embeddable":true,"href":"https:\/\/abaa.mx\/tienda\/wp-json\/wp\/v2\/comments?post=9229"}],"wp:featuredmedia":[{"embeddable":true,"href":"https:\/\/abaa.mx\/tienda\/wp-json\/wp\/v2\/media\/9230"}],"wp:attachment":[{"href":"https:\/\/abaa.mx\/tienda\/wp-json\/wp\/v2\/media?parent=9229"}],"wp:term":[{"taxonomy":"product_brand","embeddable":true,"href":"https:\/\/abaa.mx\/tienda\/wp-json\/wp\/v2\/product_brand?post=9229"},{"taxonomy":"product_cat","embeddable":true,"href":"https:\/\/abaa.mx\/tienda\/wp-json\/wp\/v2\/product_cat?post=9229"},{"taxonomy":"product_tag","embeddable":true,"href":"https:\/\/abaa.mx\/tienda\/wp-json\/wp\/v2\/product_tag?post=9229"}],"curies":[{"name":"wp","href":"https:\/\/api.w.org\/{rel}","templated":true}]}}