{"id":9196,"date":"2023-11-23T16:13:21","date_gmt":"2023-11-23T16:13:21","guid":{"rendered":"https:\/\/abaa.mx\/tienda\/?post_type=product&#038;p=9196"},"modified":"2023-11-23T16:13:21","modified_gmt":"2023-11-23T16:13:21","slug":"refractometro-0-0-a-20-0-con-atc","status":"publish","type":"product","link":"https:\/\/abaa.mx\/tienda\/refractometro-0-0-a-20-0-con-atc\/","title":{"rendered":"Refract\u00f3metro 0.0 a 20.0% con ATC"},"content":{"rendered":"<p>Refract\u00f3metro 0.0 a 20.0% con ATC.<\/p>\n","protected":false},"excerpt":{"rendered":"<p>El MASTER-20T es un Modelo de baja concentraci\u00f3n ( 0.0 a 20.0% Brix) de la serie MASTER-T. Es conveniente para medir una variedad de muestras acuosas de densidad baja como: jugo de tomate, jugos de fruta, soda etc. Este modelo si tiene Compensaci\u00f3n Autom\u00e1tica de Temperatura (ATC) y es buena alternativa cu\u00e1ndo la resistencia al agua no es una prioridad.<\/p>\n<ul>\n<li>Repetici\u00f3n:\u00b10.1%.<\/li>\n<li>Exactitud:Brix \u00b10.2% (10 a 30\u00b0C).<\/li>\n<li>Escala M\u00ednima:Brix 0.1%.<\/li>\n<li>Escala de Medici\u00f3n: Brix 0.0 a 20.0% (Compensaci\u00f3n Autom\u00e1tica de Temperatura).<\/li>\n<li>Tama\u00f1o y Peso:3.2\u00d73.4\u00d720.7cm, 165g.<\/li>\n<\/ul>\n","protected":false},"featured_media":9197,"comment_status":"open","ping_status":"closed","template":"","meta":{"_joinchat":[]},"product_brand":[],"product_cat":[140],"product_tag":[],"class_list":{"0":"post-9196","1":"product","2":"type-product","3":"status-publish","4":"has-post-thumbnail","6":"product_cat-refractometros","8":"first","9":"instock","10":"shipping-taxable","11":"product-type-simple"},"yoast_head":"<!-- This site is optimized with the Yoast SEO plugin v26.4 - https:\/\/yoast.com\/wordpress\/plugins\/seo\/ -->\n<title>Refract\u00f3metro 0.0 a 20.0% con ATC - Abaa tienda online<\/title>\n<meta name=\"robots\" content=\"index, follow, max-snippet:-1, max-image-preview:large, max-video-preview:-1\" \/>\n<link rel=\"canonical\" href=\"https:\/\/abaa.mx\/tienda\/refractometro-0-0-a-20-0-con-atc\/\" \/>\n<meta property=\"og:locale\" content=\"es_MX\" \/>\n<meta property=\"og:type\" content=\"article\" \/>\n<meta property=\"og:title\" content=\"Refract\u00f3metro 0.0 a 20.0% con ATC - Abaa tienda online\" \/>\n<meta property=\"og:description\" content=\"El MASTER-20T es un Modelo de baja concentraci\u00f3n ( 0.0 a 20.0% Brix) de la serie MASTER-T. Es conveniente para medir una variedad de muestras acuosas de densidad baja como: jugo de tomate, jugos de fruta, soda etc. Este modelo si tiene Compensaci\u00f3n Autom\u00e1tica de Temperatura (ATC) y es buena alternativa cu\u00e1ndo la resistencia al agua no es una prioridad.   Repetici\u00f3n:\u00b10.1%.  Exactitud:Brix \u00b10.2% (10 a 30\u00b0C).  Escala M\u00ednima:Brix 0.1%.  Escala de Medici\u00f3n: Brix 0.0 a 20.0% (Compensaci\u00f3n Autom\u00e1tica de Temperatura).  Tama\u00f1o y Peso:3.2\u00d73.4\u00d720.7cm, 165g.\" \/>\n<meta property=\"og:url\" content=\"https:\/\/abaa.mx\/tienda\/refractometro-0-0-a-20-0-con-atc\/\" \/>\n<meta property=\"og:site_name\" content=\"Abaa tienda online\" \/>\n<meta property=\"og:image\" content=\"https:\/\/abaa.mx\/tienda\/wp-content\/uploads\/2023\/11\/ATAGO-ATC.jpg\" \/>\n\t<meta property=\"og:image:width\" content=\"465\" \/>\n\t<meta property=\"og:image:height\" content=\"338\" \/>\n\t<meta property=\"og:image:type\" content=\"image\/jpeg\" \/>\n<meta name=\"twitter:card\" content=\"summary_large_image\" \/>\n<meta name=\"twitter:label1\" content=\"Tiempo de lectura\" \/>\n\t<meta name=\"twitter:data1\" content=\"1 minuto\" \/>\n<script type=\"application\/ld+json\" class=\"yoast-schema-graph\">{\"@context\":\"https:\/\/schema.org\",\"@graph\":[{\"@type\":\"WebPage\",\"@id\":\"https:\/\/abaa.mx\/tienda\/refractometro-0-0-a-20-0-con-atc\/\",\"url\":\"https:\/\/abaa.mx\/tienda\/refractometro-0-0-a-20-0-con-atc\/\",\"name\":\"Refract\u00f3metro 0.0 a 20.0% con ATC - Abaa tienda online\",\"isPartOf\":{\"@id\":\"https:\/\/abaa.mx\/tienda\/#website\"},\"primaryImageOfPage\":{\"@id\":\"https:\/\/abaa.mx\/tienda\/refractometro-0-0-a-20-0-con-atc\/#primaryimage\"},\"image\":{\"@id\":\"https:\/\/abaa.mx\/tienda\/refractometro-0-0-a-20-0-con-atc\/#primaryimage\"},\"thumbnailUrl\":\"https:\/\/abaa.mx\/tienda\/wp-content\/uploads\/2023\/11\/ATAGO-ATC.jpg\",\"datePublished\":\"2023-11-23T16:13:21+00:00\",\"breadcrumb\":{\"@id\":\"https:\/\/abaa.mx\/tienda\/refractometro-0-0-a-20-0-con-atc\/#breadcrumb\"},\"inLanguage\":\"es\",\"potentialAction\":[{\"@type\":\"ReadAction\",\"target\":[\"https:\/\/abaa.mx\/tienda\/refractometro-0-0-a-20-0-con-atc\/\"]}]},{\"@type\":\"ImageObject\",\"inLanguage\":\"es\",\"@id\":\"https:\/\/abaa.mx\/tienda\/refractometro-0-0-a-20-0-con-atc\/#primaryimage\",\"url\":\"https:\/\/abaa.mx\/tienda\/wp-content\/uploads\/2023\/11\/ATAGO-ATC.jpg\",\"contentUrl\":\"https:\/\/abaa.mx\/tienda\/wp-content\/uploads\/2023\/11\/ATAGO-ATC.jpg\",\"width\":465,\"height\":338,\"caption\":\"ATAGO-ATC\"},{\"@type\":\"BreadcrumbList\",\"@id\":\"https:\/\/abaa.mx\/tienda\/refractometro-0-0-a-20-0-con-atc\/#breadcrumb\",\"itemListElement\":[{\"@type\":\"ListItem\",\"position\":1,\"name\":\"Inicio\",\"item\":\"https:\/\/abaa.mx\/tienda\/\"},{\"@type\":\"ListItem\",\"position\":2,\"name\":\"Tienda\",\"item\":\"https:\/\/abaa.mx\/tienda\/\"},{\"@type\":\"ListItem\",\"position\":3,\"name\":\"Refract\u00f3metro 0.0 a 20.0% con ATC\"}]},{\"@type\":\"WebSite\",\"@id\":\"https:\/\/abaa.mx\/tienda\/#website\",\"url\":\"https:\/\/abaa.mx\/tienda\/\",\"name\":\"Abaa tienda online\",\"description\":\"Instrumentos de medici\u00f3n\",\"publisher\":{\"@id\":\"https:\/\/abaa.mx\/tienda\/#organization\"},\"potentialAction\":[{\"@type\":\"SearchAction\",\"target\":{\"@type\":\"EntryPoint\",\"urlTemplate\":\"https:\/\/abaa.mx\/tienda\/?s={search_term_string}\"},\"query-input\":{\"@type\":\"PropertyValueSpecification\",\"valueRequired\":true,\"valueName\":\"search_term_string\"}}],\"inLanguage\":\"es\"},{\"@type\":\"Organization\",\"@id\":\"https:\/\/abaa.mx\/tienda\/#organization\",\"name\":\"Abaa tienda online\",\"url\":\"https:\/\/abaa.mx\/tienda\/\",\"logo\":{\"@type\":\"ImageObject\",\"inLanguage\":\"es\",\"@id\":\"https:\/\/abaa.mx\/tienda\/#\/schema\/logo\/image\/\",\"url\":\"https:\/\/abaa.mx\/tienda\/wp-content\/uploads\/2024\/01\/abaa-metrologia-tienda.png\",\"contentUrl\":\"https:\/\/abaa.mx\/tienda\/wp-content\/uploads\/2024\/01\/abaa-metrologia-tienda.png\",\"width\":300,\"height\":141,\"caption\":\"Abaa tienda online\"},\"image\":{\"@id\":\"https:\/\/abaa.mx\/tienda\/#\/schema\/logo\/image\/\"}}]}<\/script>\n<!-- \/ Yoast SEO plugin. -->","yoast_head_json":{"title":"Refract\u00f3metro 0.0 a 20.0% con ATC - Abaa tienda online","robots":{"index":"index","follow":"follow","max-snippet":"max-snippet:-1","max-image-preview":"max-image-preview:large","max-video-preview":"max-video-preview:-1"},"canonical":"https:\/\/abaa.mx\/tienda\/refractometro-0-0-a-20-0-con-atc\/","og_locale":"es_MX","og_type":"article","og_title":"Refract\u00f3metro 0.0 a 20.0% con ATC - Abaa tienda online","og_description":"El MASTER-20T es un Modelo de baja concentraci\u00f3n ( 0.0 a 20.0% Brix) de la serie MASTER-T. Es conveniente para medir una variedad de muestras acuosas de densidad baja como: jugo de tomate, jugos de fruta, soda etc. Este modelo si tiene Compensaci\u00f3n Autom\u00e1tica de Temperatura (ATC) y es buena alternativa cu\u00e1ndo la resistencia al agua no es una prioridad.   Repetici\u00f3n:\u00b10.1%.  Exactitud:Brix \u00b10.2% (10 a 30\u00b0C).  Escala M\u00ednima:Brix 0.1%.  Escala de Medici\u00f3n: Brix 0.0 a 20.0% (Compensaci\u00f3n Autom\u00e1tica de Temperatura).  Tama\u00f1o y Peso:3.2\u00d73.4\u00d720.7cm, 165g.","og_url":"https:\/\/abaa.mx\/tienda\/refractometro-0-0-a-20-0-con-atc\/","og_site_name":"Abaa tienda online","og_image":[{"width":465,"height":338,"url":"https:\/\/abaa.mx\/tienda\/wp-content\/uploads\/2023\/11\/ATAGO-ATC.jpg","type":"image\/jpeg"}],"twitter_card":"summary_large_image","twitter_misc":{"Tiempo de lectura":"1 minuto"},"schema":{"@context":"https:\/\/schema.org","@graph":[{"@type":"WebPage","@id":"https:\/\/abaa.mx\/tienda\/refractometro-0-0-a-20-0-con-atc\/","url":"https:\/\/abaa.mx\/tienda\/refractometro-0-0-a-20-0-con-atc\/","name":"Refract\u00f3metro 0.0 a 20.0% con ATC - Abaa tienda online","isPartOf":{"@id":"https:\/\/abaa.mx\/tienda\/#website"},"primaryImageOfPage":{"@id":"https:\/\/abaa.mx\/tienda\/refractometro-0-0-a-20-0-con-atc\/#primaryimage"},"image":{"@id":"https:\/\/abaa.mx\/tienda\/refractometro-0-0-a-20-0-con-atc\/#primaryimage"},"thumbnailUrl":"https:\/\/abaa.mx\/tienda\/wp-content\/uploads\/2023\/11\/ATAGO-ATC.jpg","datePublished":"2023-11-23T16:13:21+00:00","breadcrumb":{"@id":"https:\/\/abaa.mx\/tienda\/refractometro-0-0-a-20-0-con-atc\/#breadcrumb"},"inLanguage":"es","potentialAction":[{"@type":"ReadAction","target":["https:\/\/abaa.mx\/tienda\/refractometro-0-0-a-20-0-con-atc\/"]}]},{"@type":"ImageObject","inLanguage":"es","@id":"https:\/\/abaa.mx\/tienda\/refractometro-0-0-a-20-0-con-atc\/#primaryimage","url":"https:\/\/abaa.mx\/tienda\/wp-content\/uploads\/2023\/11\/ATAGO-ATC.jpg","contentUrl":"https:\/\/abaa.mx\/tienda\/wp-content\/uploads\/2023\/11\/ATAGO-ATC.jpg","width":465,"height":338,"caption":"ATAGO-ATC"},{"@type":"BreadcrumbList","@id":"https:\/\/abaa.mx\/tienda\/refractometro-0-0-a-20-0-con-atc\/#breadcrumb","itemListElement":[{"@type":"ListItem","position":1,"name":"Inicio","item":"https:\/\/abaa.mx\/tienda\/"},{"@type":"ListItem","position":2,"name":"Tienda","item":"https:\/\/abaa.mx\/tienda\/"},{"@type":"ListItem","position":3,"name":"Refract\u00f3metro 0.0 a 20.0% con ATC"}]},{"@type":"WebSite","@id":"https:\/\/abaa.mx\/tienda\/#website","url":"https:\/\/abaa.mx\/tienda\/","name":"Abaa tienda online","description":"Instrumentos de medici\u00f3n","publisher":{"@id":"https:\/\/abaa.mx\/tienda\/#organization"},"potentialAction":[{"@type":"SearchAction","target":{"@type":"EntryPoint","urlTemplate":"https:\/\/abaa.mx\/tienda\/?s={search_term_string}"},"query-input":{"@type":"PropertyValueSpecification","valueRequired":true,"valueName":"search_term_string"}}],"inLanguage":"es"},{"@type":"Organization","@id":"https:\/\/abaa.mx\/tienda\/#organization","name":"Abaa tienda online","url":"https:\/\/abaa.mx\/tienda\/","logo":{"@type":"ImageObject","inLanguage":"es","@id":"https:\/\/abaa.mx\/tienda\/#\/schema\/logo\/image\/","url":"https:\/\/abaa.mx\/tienda\/wp-content\/uploads\/2024\/01\/abaa-metrologia-tienda.png","contentUrl":"https:\/\/abaa.mx\/tienda\/wp-content\/uploads\/2024\/01\/abaa-metrologia-tienda.png","width":300,"height":141,"caption":"Abaa tienda online"},"image":{"@id":"https:\/\/abaa.mx\/tienda\/#\/schema\/logo\/image\/"}}]}},"_links":{"self":[{"href":"https:\/\/abaa.mx\/tienda\/wp-json\/wp\/v2\/product\/9196","targetHints":{"allow":["GET"]}}],"collection":[{"href":"https:\/\/abaa.mx\/tienda\/wp-json\/wp\/v2\/product"}],"about":[{"href":"https:\/\/abaa.mx\/tienda\/wp-json\/wp\/v2\/types\/product"}],"replies":[{"embeddable":true,"href":"https:\/\/abaa.mx\/tienda\/wp-json\/wp\/v2\/comments?post=9196"}],"wp:featuredmedia":[{"embeddable":true,"href":"https:\/\/abaa.mx\/tienda\/wp-json\/wp\/v2\/media\/9197"}],"wp:attachment":[{"href":"https:\/\/abaa.mx\/tienda\/wp-json\/wp\/v2\/media?parent=9196"}],"wp:term":[{"taxonomy":"product_brand","embeddable":true,"href":"https:\/\/abaa.mx\/tienda\/wp-json\/wp\/v2\/product_brand?post=9196"},{"taxonomy":"product_cat","embeddable":true,"href":"https:\/\/abaa.mx\/tienda\/wp-json\/wp\/v2\/product_cat?post=9196"},{"taxonomy":"product_tag","embeddable":true,"href":"https:\/\/abaa.mx\/tienda\/wp-json\/wp\/v2\/product_tag?post=9196"}],"curies":[{"name":"wp","href":"https:\/\/api.w.org\/{rel}","templated":true}]}}