{"id":9194,"date":"2023-11-23T16:07:49","date_gmt":"2023-11-23T16:07:49","guid":{"rendered":"https:\/\/abaa.mx\/tienda\/?post_type=product&#038;p=9194"},"modified":"2023-11-23T16:07:50","modified_gmt":"2023-11-23T16:07:50","slug":"refractometro-de-rango-amplio-master-500","status":"publish","type":"product","link":"https:\/\/abaa.mx\/tienda\/refractometro-de-rango-amplio-master-500\/","title":{"rendered":"Refractometro de Rango Amplio &#8211; MASTER-500"},"content":{"rendered":"<p>Refractometro de Rango Amplio &#8211; MASTER-500.<\/p>\n","protected":false},"excerpt":{"rendered":"<p>Refract\u00f3metro -MASTER-500 de escala amplia y extensa es resistente a muestras con temperaturas altas y fuerte a la filtraci\u00f3n de agua en el \u00e1rea del prisma. \u00datil en la evaluaci\u00f3n de muestras de baja y alta concentraci\u00f3n Brix. extensa selecci\u00f3n de mediciones de concentraci\u00f3n en preparaciones alimenticias , qu\u00edmicas, fluidos de corte solubles en agua, etc. *Nota: el ocular o mirilla no es resistente al agua.<\/p>\n<ul>\n<li>Rango:Brix 0.0 a 90.0 %.<\/li>\n<li>Peso y Medida:130g, 3.2 x 3.2 x 16.8 cm.<\/li>\n<li>Lectura M\u00ednima:1.0 % Brix.<\/li>\n<li>Precisi\u00f3n:+\/-1% , +\/- 0.5%.<\/li>\n<\/ul>\n","protected":false},"featured_media":9195,"comment_status":"open","ping_status":"closed","template":"","meta":{"_joinchat":[]},"product_brand":[],"product_cat":[140],"product_tag":[],"class_list":{"0":"post-9194","1":"product","2":"type-product","3":"status-publish","4":"has-post-thumbnail","6":"product_cat-refractometros","8":"first","9":"instock","10":"shipping-taxable","11":"product-type-simple"},"yoast_head":"<!-- This site is optimized with the Yoast SEO plugin v26.4 - https:\/\/yoast.com\/wordpress\/plugins\/seo\/ -->\n<title>Refractometro de Rango Amplio - MASTER-500 - Abaa tienda online<\/title>\n<meta name=\"robots\" content=\"index, follow, max-snippet:-1, max-image-preview:large, max-video-preview:-1\" \/>\n<link rel=\"canonical\" href=\"https:\/\/abaa.mx\/tienda\/refractometro-de-rango-amplio-master-500\/\" \/>\n<meta property=\"og:locale\" content=\"es_MX\" \/>\n<meta property=\"og:type\" content=\"article\" \/>\n<meta property=\"og:title\" content=\"Refractometro de Rango Amplio - MASTER-500 - Abaa tienda online\" \/>\n<meta property=\"og:description\" content=\"Refract\u00f3metro -MASTER-500 de escala amplia y extensa es resistente a muestras con temperaturas altas y fuerte a la filtraci\u00f3n de agua en el \u00e1rea del prisma. \u00datil en la evaluaci\u00f3n de muestras de baja y alta concentraci\u00f3n Brix. extensa selecci\u00f3n de mediciones de concentraci\u00f3n en preparaciones alimenticias , qu\u00edmicas, fluidos de corte solubles en agua, etc. *Nota: el ocular o mirilla no es resistente al agua.   Rango:Brix 0.0 a 90.0 %.  Peso y Medida:130g, 3.2 x 3.2 x 16.8 cm.  Lectura M\u00ednima:1.0 % Brix.  Precisi\u00f3n:+\/-1% , +\/- 0.5%.\" \/>\n<meta property=\"og:url\" content=\"https:\/\/abaa.mx\/tienda\/refractometro-de-rango-amplio-master-500\/\" \/>\n<meta property=\"og:site_name\" content=\"Abaa tienda online\" \/>\n<meta property=\"article:modified_time\" content=\"2023-11-23T16:07:50+00:00\" \/>\n<meta property=\"og:image\" content=\"https:\/\/abaa.mx\/tienda\/wp-content\/uploads\/2023\/11\/ATAGO-MASTER-500.jpg\" \/>\n\t<meta property=\"og:image:width\" content=\"330\" \/>\n\t<meta property=\"og:image:height\" content=\"273\" \/>\n\t<meta property=\"og:image:type\" content=\"image\/jpeg\" \/>\n<meta name=\"twitter:card\" content=\"summary_large_image\" \/>\n<meta name=\"twitter:label1\" content=\"Tiempo de lectura\" \/>\n\t<meta name=\"twitter:data1\" content=\"1 minuto\" \/>\n<script type=\"application\/ld+json\" class=\"yoast-schema-graph\">{\"@context\":\"https:\/\/schema.org\",\"@graph\":[{\"@type\":\"WebPage\",\"@id\":\"https:\/\/abaa.mx\/tienda\/refractometro-de-rango-amplio-master-500\/\",\"url\":\"https:\/\/abaa.mx\/tienda\/refractometro-de-rango-amplio-master-500\/\",\"name\":\"Refractometro de Rango Amplio - MASTER-500 - Abaa tienda online\",\"isPartOf\":{\"@id\":\"https:\/\/abaa.mx\/tienda\/#website\"},\"primaryImageOfPage\":{\"@id\":\"https:\/\/abaa.mx\/tienda\/refractometro-de-rango-amplio-master-500\/#primaryimage\"},\"image\":{\"@id\":\"https:\/\/abaa.mx\/tienda\/refractometro-de-rango-amplio-master-500\/#primaryimage\"},\"thumbnailUrl\":\"https:\/\/abaa.mx\/tienda\/wp-content\/uploads\/2023\/11\/ATAGO-MASTER-500.jpg\",\"datePublished\":\"2023-11-23T16:07:49+00:00\",\"dateModified\":\"2023-11-23T16:07:50+00:00\",\"breadcrumb\":{\"@id\":\"https:\/\/abaa.mx\/tienda\/refractometro-de-rango-amplio-master-500\/#breadcrumb\"},\"inLanguage\":\"es\",\"potentialAction\":[{\"@type\":\"ReadAction\",\"target\":[\"https:\/\/abaa.mx\/tienda\/refractometro-de-rango-amplio-master-500\/\"]}]},{\"@type\":\"ImageObject\",\"inLanguage\":\"es\",\"@id\":\"https:\/\/abaa.mx\/tienda\/refractometro-de-rango-amplio-master-500\/#primaryimage\",\"url\":\"https:\/\/abaa.mx\/tienda\/wp-content\/uploads\/2023\/11\/ATAGO-MASTER-500.jpg\",\"contentUrl\":\"https:\/\/abaa.mx\/tienda\/wp-content\/uploads\/2023\/11\/ATAGO-MASTER-500.jpg\",\"width\":330,\"height\":273,\"caption\":\"ATAGO- MASTER 500\"},{\"@type\":\"BreadcrumbList\",\"@id\":\"https:\/\/abaa.mx\/tienda\/refractometro-de-rango-amplio-master-500\/#breadcrumb\",\"itemListElement\":[{\"@type\":\"ListItem\",\"position\":1,\"name\":\"Inicio\",\"item\":\"https:\/\/abaa.mx\/tienda\/\"},{\"@type\":\"ListItem\",\"position\":2,\"name\":\"Tienda\",\"item\":\"https:\/\/abaa.mx\/tienda\/\"},{\"@type\":\"ListItem\",\"position\":3,\"name\":\"Refractometro de Rango Amplio &#8211; MASTER-500\"}]},{\"@type\":\"WebSite\",\"@id\":\"https:\/\/abaa.mx\/tienda\/#website\",\"url\":\"https:\/\/abaa.mx\/tienda\/\",\"name\":\"Abaa tienda online\",\"description\":\"Instrumentos de medici\u00f3n\",\"publisher\":{\"@id\":\"https:\/\/abaa.mx\/tienda\/#organization\"},\"potentialAction\":[{\"@type\":\"SearchAction\",\"target\":{\"@type\":\"EntryPoint\",\"urlTemplate\":\"https:\/\/abaa.mx\/tienda\/?s={search_term_string}\"},\"query-input\":{\"@type\":\"PropertyValueSpecification\",\"valueRequired\":true,\"valueName\":\"search_term_string\"}}],\"inLanguage\":\"es\"},{\"@type\":\"Organization\",\"@id\":\"https:\/\/abaa.mx\/tienda\/#organization\",\"name\":\"Abaa tienda online\",\"url\":\"https:\/\/abaa.mx\/tienda\/\",\"logo\":{\"@type\":\"ImageObject\",\"inLanguage\":\"es\",\"@id\":\"https:\/\/abaa.mx\/tienda\/#\/schema\/logo\/image\/\",\"url\":\"https:\/\/abaa.mx\/tienda\/wp-content\/uploads\/2024\/01\/abaa-metrologia-tienda.png\",\"contentUrl\":\"https:\/\/abaa.mx\/tienda\/wp-content\/uploads\/2024\/01\/abaa-metrologia-tienda.png\",\"width\":300,\"height\":141,\"caption\":\"Abaa tienda online\"},\"image\":{\"@id\":\"https:\/\/abaa.mx\/tienda\/#\/schema\/logo\/image\/\"}}]}<\/script>\n<!-- \/ Yoast SEO plugin. -->","yoast_head_json":{"title":"Refractometro de Rango Amplio - MASTER-500 - Abaa tienda online","robots":{"index":"index","follow":"follow","max-snippet":"max-snippet:-1","max-image-preview":"max-image-preview:large","max-video-preview":"max-video-preview:-1"},"canonical":"https:\/\/abaa.mx\/tienda\/refractometro-de-rango-amplio-master-500\/","og_locale":"es_MX","og_type":"article","og_title":"Refractometro de Rango Amplio - MASTER-500 - Abaa tienda online","og_description":"Refract\u00f3metro -MASTER-500 de escala amplia y extensa es resistente a muestras con temperaturas altas y fuerte a la filtraci\u00f3n de agua en el \u00e1rea del prisma. \u00datil en la evaluaci\u00f3n de muestras de baja y alta concentraci\u00f3n Brix. extensa selecci\u00f3n de mediciones de concentraci\u00f3n en preparaciones alimenticias , qu\u00edmicas, fluidos de corte solubles en agua, etc. *Nota: el ocular o mirilla no es resistente al agua.   Rango:Brix 0.0 a 90.0 %.  Peso y Medida:130g, 3.2 x 3.2 x 16.8 cm.  Lectura M\u00ednima:1.0 % Brix.  Precisi\u00f3n:+\/-1% , +\/- 0.5%.","og_url":"https:\/\/abaa.mx\/tienda\/refractometro-de-rango-amplio-master-500\/","og_site_name":"Abaa tienda online","article_modified_time":"2023-11-23T16:07:50+00:00","og_image":[{"width":330,"height":273,"url":"https:\/\/abaa.mx\/tienda\/wp-content\/uploads\/2023\/11\/ATAGO-MASTER-500.jpg","type":"image\/jpeg"}],"twitter_card":"summary_large_image","twitter_misc":{"Tiempo de lectura":"1 minuto"},"schema":{"@context":"https:\/\/schema.org","@graph":[{"@type":"WebPage","@id":"https:\/\/abaa.mx\/tienda\/refractometro-de-rango-amplio-master-500\/","url":"https:\/\/abaa.mx\/tienda\/refractometro-de-rango-amplio-master-500\/","name":"Refractometro de Rango Amplio - MASTER-500 - Abaa tienda online","isPartOf":{"@id":"https:\/\/abaa.mx\/tienda\/#website"},"primaryImageOfPage":{"@id":"https:\/\/abaa.mx\/tienda\/refractometro-de-rango-amplio-master-500\/#primaryimage"},"image":{"@id":"https:\/\/abaa.mx\/tienda\/refractometro-de-rango-amplio-master-500\/#primaryimage"},"thumbnailUrl":"https:\/\/abaa.mx\/tienda\/wp-content\/uploads\/2023\/11\/ATAGO-MASTER-500.jpg","datePublished":"2023-11-23T16:07:49+00:00","dateModified":"2023-11-23T16:07:50+00:00","breadcrumb":{"@id":"https:\/\/abaa.mx\/tienda\/refractometro-de-rango-amplio-master-500\/#breadcrumb"},"inLanguage":"es","potentialAction":[{"@type":"ReadAction","target":["https:\/\/abaa.mx\/tienda\/refractometro-de-rango-amplio-master-500\/"]}]},{"@type":"ImageObject","inLanguage":"es","@id":"https:\/\/abaa.mx\/tienda\/refractometro-de-rango-amplio-master-500\/#primaryimage","url":"https:\/\/abaa.mx\/tienda\/wp-content\/uploads\/2023\/11\/ATAGO-MASTER-500.jpg","contentUrl":"https:\/\/abaa.mx\/tienda\/wp-content\/uploads\/2023\/11\/ATAGO-MASTER-500.jpg","width":330,"height":273,"caption":"ATAGO- MASTER 500"},{"@type":"BreadcrumbList","@id":"https:\/\/abaa.mx\/tienda\/refractometro-de-rango-amplio-master-500\/#breadcrumb","itemListElement":[{"@type":"ListItem","position":1,"name":"Inicio","item":"https:\/\/abaa.mx\/tienda\/"},{"@type":"ListItem","position":2,"name":"Tienda","item":"https:\/\/abaa.mx\/tienda\/"},{"@type":"ListItem","position":3,"name":"Refractometro de Rango Amplio &#8211; MASTER-500"}]},{"@type":"WebSite","@id":"https:\/\/abaa.mx\/tienda\/#website","url":"https:\/\/abaa.mx\/tienda\/","name":"Abaa tienda online","description":"Instrumentos de medici\u00f3n","publisher":{"@id":"https:\/\/abaa.mx\/tienda\/#organization"},"potentialAction":[{"@type":"SearchAction","target":{"@type":"EntryPoint","urlTemplate":"https:\/\/abaa.mx\/tienda\/?s={search_term_string}"},"query-input":{"@type":"PropertyValueSpecification","valueRequired":true,"valueName":"search_term_string"}}],"inLanguage":"es"},{"@type":"Organization","@id":"https:\/\/abaa.mx\/tienda\/#organization","name":"Abaa tienda online","url":"https:\/\/abaa.mx\/tienda\/","logo":{"@type":"ImageObject","inLanguage":"es","@id":"https:\/\/abaa.mx\/tienda\/#\/schema\/logo\/image\/","url":"https:\/\/abaa.mx\/tienda\/wp-content\/uploads\/2024\/01\/abaa-metrologia-tienda.png","contentUrl":"https:\/\/abaa.mx\/tienda\/wp-content\/uploads\/2024\/01\/abaa-metrologia-tienda.png","width":300,"height":141,"caption":"Abaa tienda online"},"image":{"@id":"https:\/\/abaa.mx\/tienda\/#\/schema\/logo\/image\/"}}]}},"_links":{"self":[{"href":"https:\/\/abaa.mx\/tienda\/wp-json\/wp\/v2\/product\/9194","targetHints":{"allow":["GET"]}}],"collection":[{"href":"https:\/\/abaa.mx\/tienda\/wp-json\/wp\/v2\/product"}],"about":[{"href":"https:\/\/abaa.mx\/tienda\/wp-json\/wp\/v2\/types\/product"}],"replies":[{"embeddable":true,"href":"https:\/\/abaa.mx\/tienda\/wp-json\/wp\/v2\/comments?post=9194"}],"wp:featuredmedia":[{"embeddable":true,"href":"https:\/\/abaa.mx\/tienda\/wp-json\/wp\/v2\/media\/9195"}],"wp:attachment":[{"href":"https:\/\/abaa.mx\/tienda\/wp-json\/wp\/v2\/media?parent=9194"}],"wp:term":[{"taxonomy":"product_brand","embeddable":true,"href":"https:\/\/abaa.mx\/tienda\/wp-json\/wp\/v2\/product_brand?post=9194"},{"taxonomy":"product_cat","embeddable":true,"href":"https:\/\/abaa.mx\/tienda\/wp-json\/wp\/v2\/product_cat?post=9194"},{"taxonomy":"product_tag","embeddable":true,"href":"https:\/\/abaa.mx\/tienda\/wp-json\/wp\/v2\/product_tag?post=9194"}],"curies":[{"name":"wp","href":"https:\/\/api.w.org\/{rel}","templated":true}]}}