{"id":9192,"date":"2023-11-23T16:02:57","date_gmt":"2023-11-23T16:02:57","guid":{"rendered":"https:\/\/abaa.mx\/tienda\/?post_type=product&#038;p=9192"},"modified":"2023-11-29T20:07:51","modified_gmt":"2023-11-29T20:07:51","slug":"refractometro-miel-humedad-y-concentracion-master-honey-bx","status":"publish","type":"product","link":"https:\/\/abaa.mx\/tienda\/refractometro-miel-humedad-y-concentracion-master-honey-bx\/","title":{"rendered":"Refract\u00f3metro Miel, Humedad y Concentraci\u00f3n &#8211; MASTER-HONEY-BX"},"content":{"rendered":"<p>Refract\u00f3metro Miel, Humedad y Concentraci\u00f3n &#8211; MASTER-HONEY\/BX.<\/p>\n","protected":false},"excerpt":{"rendered":"<p>El refract\u00f3metro es un aparato para el an\u00e1lisis de la miel. Al cuantificar una propiedad f\u00edsica, el \u00edndice de refracci\u00f3n, comunica sobre la composici\u00f3n qu\u00edmica de la miel. Con este instrumento \u00f3ptico se puede medir velozmente el contenido en agua de la miel (% humedad).<\/p>\n<p>El contenido de agua en la miel pertence a los causantes m\u00e1s relevantes que hay , y entre los puntos a investigar por el apicultor en el momento de mezclar o de verificar la calidad de una miel, en tanto que exactamente la misma es muy higrosc\u00f3pica. Se mide con asistencia del refract\u00f3metro. La higroscopicidad es tal que una miel con el 18% de agua se encuentra en equilibrio en una atm\u00f3sfera cuya humedad relativa sea del 60%. Podremos acabar que una miel con una humedad inferior al 18%, es \u00f3ptima para la recolecci\u00f3n.<\/p>\n<p>Consta de un prisma \u00f3ptico, sobre cuya superficie se pone una exhibe de miel, preferentemente l\u00edquida, que se comprime con la tapa; y un tubo, cuyo interior queda dividido en dos campos horizontales, al pasar la luz mediante la muestra de miel y el prisma; este tubo tiene una escala vertical. El punto de corte de esta escala con la l\u00ednea de separaci\u00f3n de los campos marca la humedad de la miel.<\/p>\n","protected":false},"featured_media":9193,"comment_status":"open","ping_status":"closed","template":"","meta":{"_joinchat":[]},"product_brand":[],"product_cat":[140],"product_tag":[],"class_list":{"0":"post-9192","1":"product","2":"type-product","3":"status-publish","4":"has-post-thumbnail","6":"product_cat-refractometros","8":"first","9":"instock","10":"shipping-taxable","11":"product-type-simple"},"yoast_head":"<!-- This site is optimized with the Yoast SEO plugin v26.4 - https:\/\/yoast.com\/wordpress\/plugins\/seo\/ -->\n<title>Refract\u00f3metro Miel, Humedad y Concentraci\u00f3n - MASTER-HONEY-BX - Abaa tienda online<\/title>\n<meta name=\"robots\" content=\"index, follow, max-snippet:-1, max-image-preview:large, max-video-preview:-1\" \/>\n<link rel=\"canonical\" href=\"https:\/\/abaa.mx\/tienda\/refractometro-miel-humedad-y-concentracion-master-honey-bx\/\" \/>\n<meta property=\"og:locale\" content=\"es_MX\" \/>\n<meta property=\"og:type\" content=\"article\" \/>\n<meta property=\"og:title\" content=\"Refract\u00f3metro Miel, Humedad y Concentraci\u00f3n - MASTER-HONEY-BX - Abaa tienda online\" \/>\n<meta property=\"og:description\" content=\"El refract\u00f3metro es un aparato para el an\u00e1lisis de la miel. Al cuantificar una propiedad f\u00edsica, el \u00edndice de refracci\u00f3n, comunica sobre la composici\u00f3n qu\u00edmica de la miel. Con este instrumento \u00f3ptico se puede medir velozmente el contenido en agua de la miel (% humedad).  El contenido de agua en la miel pertence a los causantes m\u00e1s relevantes que hay , y entre los puntos a investigar por el apicultor en el momento de mezclar o de verificar la calidad de una miel, en tanto que exactamente la misma es muy higrosc\u00f3pica. Se mide con asistencia del refract\u00f3metro. La higroscopicidad es tal que una miel con el 18% de agua se encuentra en equilibrio en una atm\u00f3sfera cuya humedad relativa sea del 60%. Podremos acabar que una miel con una humedad inferior al 18%, es \u00f3ptima para la recolecci\u00f3n.  Consta de un prisma \u00f3ptico, sobre cuya superficie se pone una exhibe de miel, preferentemente l\u00edquida, que se comprime con la tapa; y un tubo, cuyo interior queda dividido en dos campos horizontales, al pasar la luz mediante la muestra de miel y el prisma; este tubo tiene una escala vertical. El punto de corte de esta escala con la l\u00ednea de separaci\u00f3n de los campos marca la humedad de la miel.\" \/>\n<meta property=\"og:url\" content=\"https:\/\/abaa.mx\/tienda\/refractometro-miel-humedad-y-concentracion-master-honey-bx\/\" \/>\n<meta property=\"og:site_name\" content=\"Abaa tienda online\" \/>\n<meta property=\"article:modified_time\" content=\"2023-11-29T20:07:51+00:00\" \/>\n<meta property=\"og:image\" content=\"https:\/\/abaa.mx\/tienda\/wp-content\/uploads\/2023\/11\/ATAGO-HONEY-BX.jpg\" \/>\n\t<meta property=\"og:image:width\" content=\"442\" \/>\n\t<meta property=\"og:image:height\" content=\"298\" \/>\n\t<meta property=\"og:image:type\" content=\"image\/jpeg\" \/>\n<meta name=\"twitter:card\" content=\"summary_large_image\" \/>\n<meta name=\"twitter:label1\" content=\"Tiempo de lectura\" \/>\n\t<meta name=\"twitter:data1\" content=\"1 minuto\" \/>\n<script type=\"application\/ld+json\" class=\"yoast-schema-graph\">{\"@context\":\"https:\/\/schema.org\",\"@graph\":[{\"@type\":\"WebPage\",\"@id\":\"https:\/\/abaa.mx\/tienda\/refractometro-miel-humedad-y-concentracion-master-honey-bx\/\",\"url\":\"https:\/\/abaa.mx\/tienda\/refractometro-miel-humedad-y-concentracion-master-honey-bx\/\",\"name\":\"Refract\u00f3metro Miel, Humedad y Concentraci\u00f3n - MASTER-HONEY-BX - Abaa tienda online\",\"isPartOf\":{\"@id\":\"https:\/\/abaa.mx\/tienda\/#website\"},\"primaryImageOfPage\":{\"@id\":\"https:\/\/abaa.mx\/tienda\/refractometro-miel-humedad-y-concentracion-master-honey-bx\/#primaryimage\"},\"image\":{\"@id\":\"https:\/\/abaa.mx\/tienda\/refractometro-miel-humedad-y-concentracion-master-honey-bx\/#primaryimage\"},\"thumbnailUrl\":\"https:\/\/abaa.mx\/tienda\/wp-content\/uploads\/2023\/11\/ATAGO-HONEY-BX.jpg\",\"datePublished\":\"2023-11-23T16:02:57+00:00\",\"dateModified\":\"2023-11-29T20:07:51+00:00\",\"breadcrumb\":{\"@id\":\"https:\/\/abaa.mx\/tienda\/refractometro-miel-humedad-y-concentracion-master-honey-bx\/#breadcrumb\"},\"inLanguage\":\"es\",\"potentialAction\":[{\"@type\":\"ReadAction\",\"target\":[\"https:\/\/abaa.mx\/tienda\/refractometro-miel-humedad-y-concentracion-master-honey-bx\/\"]}]},{\"@type\":\"ImageObject\",\"inLanguage\":\"es\",\"@id\":\"https:\/\/abaa.mx\/tienda\/refractometro-miel-humedad-y-concentracion-master-honey-bx\/#primaryimage\",\"url\":\"https:\/\/abaa.mx\/tienda\/wp-content\/uploads\/2023\/11\/ATAGO-HONEY-BX.jpg\",\"contentUrl\":\"https:\/\/abaa.mx\/tienda\/wp-content\/uploads\/2023\/11\/ATAGO-HONEY-BX.jpg\",\"width\":442,\"height\":298,\"caption\":\"ATAGO- HONEY-BX\"},{\"@type\":\"BreadcrumbList\",\"@id\":\"https:\/\/abaa.mx\/tienda\/refractometro-miel-humedad-y-concentracion-master-honey-bx\/#breadcrumb\",\"itemListElement\":[{\"@type\":\"ListItem\",\"position\":1,\"name\":\"Inicio\",\"item\":\"https:\/\/abaa.mx\/tienda\/\"},{\"@type\":\"ListItem\",\"position\":2,\"name\":\"Tienda\",\"item\":\"https:\/\/abaa.mx\/tienda\/\"},{\"@type\":\"ListItem\",\"position\":3,\"name\":\"Refract\u00f3metro Miel, Humedad y Concentraci\u00f3n &#8211; MASTER-HONEY-BX\"}]},{\"@type\":\"WebSite\",\"@id\":\"https:\/\/abaa.mx\/tienda\/#website\",\"url\":\"https:\/\/abaa.mx\/tienda\/\",\"name\":\"Abaa tienda online\",\"description\":\"Instrumentos de medici\u00f3n\",\"publisher\":{\"@id\":\"https:\/\/abaa.mx\/tienda\/#organization\"},\"potentialAction\":[{\"@type\":\"SearchAction\",\"target\":{\"@type\":\"EntryPoint\",\"urlTemplate\":\"https:\/\/abaa.mx\/tienda\/?s={search_term_string}\"},\"query-input\":{\"@type\":\"PropertyValueSpecification\",\"valueRequired\":true,\"valueName\":\"search_term_string\"}}],\"inLanguage\":\"es\"},{\"@type\":\"Organization\",\"@id\":\"https:\/\/abaa.mx\/tienda\/#organization\",\"name\":\"Abaa tienda online\",\"url\":\"https:\/\/abaa.mx\/tienda\/\",\"logo\":{\"@type\":\"ImageObject\",\"inLanguage\":\"es\",\"@id\":\"https:\/\/abaa.mx\/tienda\/#\/schema\/logo\/image\/\",\"url\":\"https:\/\/abaa.mx\/tienda\/wp-content\/uploads\/2024\/01\/abaa-metrologia-tienda.png\",\"contentUrl\":\"https:\/\/abaa.mx\/tienda\/wp-content\/uploads\/2024\/01\/abaa-metrologia-tienda.png\",\"width\":300,\"height\":141,\"caption\":\"Abaa tienda online\"},\"image\":{\"@id\":\"https:\/\/abaa.mx\/tienda\/#\/schema\/logo\/image\/\"}}]}<\/script>\n<!-- \/ Yoast SEO plugin. -->","yoast_head_json":{"title":"Refract\u00f3metro Miel, Humedad y Concentraci\u00f3n - MASTER-HONEY-BX - Abaa tienda online","robots":{"index":"index","follow":"follow","max-snippet":"max-snippet:-1","max-image-preview":"max-image-preview:large","max-video-preview":"max-video-preview:-1"},"canonical":"https:\/\/abaa.mx\/tienda\/refractometro-miel-humedad-y-concentracion-master-honey-bx\/","og_locale":"es_MX","og_type":"article","og_title":"Refract\u00f3metro Miel, Humedad y Concentraci\u00f3n - MASTER-HONEY-BX - Abaa tienda online","og_description":"El refract\u00f3metro es un aparato para el an\u00e1lisis de la miel. Al cuantificar una propiedad f\u00edsica, el \u00edndice de refracci\u00f3n, comunica sobre la composici\u00f3n qu\u00edmica de la miel. Con este instrumento \u00f3ptico se puede medir velozmente el contenido en agua de la miel (% humedad).  El contenido de agua en la miel pertence a los causantes m\u00e1s relevantes que hay , y entre los puntos a investigar por el apicultor en el momento de mezclar o de verificar la calidad de una miel, en tanto que exactamente la misma es muy higrosc\u00f3pica. Se mide con asistencia del refract\u00f3metro. La higroscopicidad es tal que una miel con el 18% de agua se encuentra en equilibrio en una atm\u00f3sfera cuya humedad relativa sea del 60%. Podremos acabar que una miel con una humedad inferior al 18%, es \u00f3ptima para la recolecci\u00f3n.  Consta de un prisma \u00f3ptico, sobre cuya superficie se pone una exhibe de miel, preferentemente l\u00edquida, que se comprime con la tapa; y un tubo, cuyo interior queda dividido en dos campos horizontales, al pasar la luz mediante la muestra de miel y el prisma; este tubo tiene una escala vertical. El punto de corte de esta escala con la l\u00ednea de separaci\u00f3n de los campos marca la humedad de la miel.","og_url":"https:\/\/abaa.mx\/tienda\/refractometro-miel-humedad-y-concentracion-master-honey-bx\/","og_site_name":"Abaa tienda online","article_modified_time":"2023-11-29T20:07:51+00:00","og_image":[{"width":442,"height":298,"url":"https:\/\/abaa.mx\/tienda\/wp-content\/uploads\/2023\/11\/ATAGO-HONEY-BX.jpg","type":"image\/jpeg"}],"twitter_card":"summary_large_image","twitter_misc":{"Tiempo de lectura":"1 minuto"},"schema":{"@context":"https:\/\/schema.org","@graph":[{"@type":"WebPage","@id":"https:\/\/abaa.mx\/tienda\/refractometro-miel-humedad-y-concentracion-master-honey-bx\/","url":"https:\/\/abaa.mx\/tienda\/refractometro-miel-humedad-y-concentracion-master-honey-bx\/","name":"Refract\u00f3metro Miel, Humedad y Concentraci\u00f3n - MASTER-HONEY-BX - Abaa tienda online","isPartOf":{"@id":"https:\/\/abaa.mx\/tienda\/#website"},"primaryImageOfPage":{"@id":"https:\/\/abaa.mx\/tienda\/refractometro-miel-humedad-y-concentracion-master-honey-bx\/#primaryimage"},"image":{"@id":"https:\/\/abaa.mx\/tienda\/refractometro-miel-humedad-y-concentracion-master-honey-bx\/#primaryimage"},"thumbnailUrl":"https:\/\/abaa.mx\/tienda\/wp-content\/uploads\/2023\/11\/ATAGO-HONEY-BX.jpg","datePublished":"2023-11-23T16:02:57+00:00","dateModified":"2023-11-29T20:07:51+00:00","breadcrumb":{"@id":"https:\/\/abaa.mx\/tienda\/refractometro-miel-humedad-y-concentracion-master-honey-bx\/#breadcrumb"},"inLanguage":"es","potentialAction":[{"@type":"ReadAction","target":["https:\/\/abaa.mx\/tienda\/refractometro-miel-humedad-y-concentracion-master-honey-bx\/"]}]},{"@type":"ImageObject","inLanguage":"es","@id":"https:\/\/abaa.mx\/tienda\/refractometro-miel-humedad-y-concentracion-master-honey-bx\/#primaryimage","url":"https:\/\/abaa.mx\/tienda\/wp-content\/uploads\/2023\/11\/ATAGO-HONEY-BX.jpg","contentUrl":"https:\/\/abaa.mx\/tienda\/wp-content\/uploads\/2023\/11\/ATAGO-HONEY-BX.jpg","width":442,"height":298,"caption":"ATAGO- HONEY-BX"},{"@type":"BreadcrumbList","@id":"https:\/\/abaa.mx\/tienda\/refractometro-miel-humedad-y-concentracion-master-honey-bx\/#breadcrumb","itemListElement":[{"@type":"ListItem","position":1,"name":"Inicio","item":"https:\/\/abaa.mx\/tienda\/"},{"@type":"ListItem","position":2,"name":"Tienda","item":"https:\/\/abaa.mx\/tienda\/"},{"@type":"ListItem","position":3,"name":"Refract\u00f3metro Miel, Humedad y Concentraci\u00f3n &#8211; MASTER-HONEY-BX"}]},{"@type":"WebSite","@id":"https:\/\/abaa.mx\/tienda\/#website","url":"https:\/\/abaa.mx\/tienda\/","name":"Abaa tienda online","description":"Instrumentos de medici\u00f3n","publisher":{"@id":"https:\/\/abaa.mx\/tienda\/#organization"},"potentialAction":[{"@type":"SearchAction","target":{"@type":"EntryPoint","urlTemplate":"https:\/\/abaa.mx\/tienda\/?s={search_term_string}"},"query-input":{"@type":"PropertyValueSpecification","valueRequired":true,"valueName":"search_term_string"}}],"inLanguage":"es"},{"@type":"Organization","@id":"https:\/\/abaa.mx\/tienda\/#organization","name":"Abaa tienda online","url":"https:\/\/abaa.mx\/tienda\/","logo":{"@type":"ImageObject","inLanguage":"es","@id":"https:\/\/abaa.mx\/tienda\/#\/schema\/logo\/image\/","url":"https:\/\/abaa.mx\/tienda\/wp-content\/uploads\/2024\/01\/abaa-metrologia-tienda.png","contentUrl":"https:\/\/abaa.mx\/tienda\/wp-content\/uploads\/2024\/01\/abaa-metrologia-tienda.png","width":300,"height":141,"caption":"Abaa tienda online"},"image":{"@id":"https:\/\/abaa.mx\/tienda\/#\/schema\/logo\/image\/"}}]}},"_links":{"self":[{"href":"https:\/\/abaa.mx\/tienda\/wp-json\/wp\/v2\/product\/9192","targetHints":{"allow":["GET"]}}],"collection":[{"href":"https:\/\/abaa.mx\/tienda\/wp-json\/wp\/v2\/product"}],"about":[{"href":"https:\/\/abaa.mx\/tienda\/wp-json\/wp\/v2\/types\/product"}],"replies":[{"embeddable":true,"href":"https:\/\/abaa.mx\/tienda\/wp-json\/wp\/v2\/comments?post=9192"}],"wp:featuredmedia":[{"embeddable":true,"href":"https:\/\/abaa.mx\/tienda\/wp-json\/wp\/v2\/media\/9193"}],"wp:attachment":[{"href":"https:\/\/abaa.mx\/tienda\/wp-json\/wp\/v2\/media?parent=9192"}],"wp:term":[{"taxonomy":"product_brand","embeddable":true,"href":"https:\/\/abaa.mx\/tienda\/wp-json\/wp\/v2\/product_brand?post=9192"},{"taxonomy":"product_cat","embeddable":true,"href":"https:\/\/abaa.mx\/tienda\/wp-json\/wp\/v2\/product_cat?post=9192"},{"taxonomy":"product_tag","embeddable":true,"href":"https:\/\/abaa.mx\/tienda\/wp-json\/wp\/v2\/product_tag?post=9192"}],"curies":[{"name":"wp","href":"https:\/\/api.w.org\/{rel}","templated":true}]}}