{"id":9188,"date":"2023-11-23T15:51:49","date_gmt":"2023-11-23T15:51:49","guid":{"rendered":"https:\/\/abaa.mx\/tienda\/?post_type=product&#038;p=9188"},"modified":"2023-11-23T15:51:50","modified_gmt":"2023-11-23T15:51:50","slug":"refractometro-master-t-0-53-brix-master53t","status":"publish","type":"product","link":"https:\/\/abaa.mx\/tienda\/refractometro-master-t-0-53-brix-master53t\/","title":{"rendered":"Refract\u00f3metro Master T 0-53 brix &#8211; MASTER53T"},"content":{"rendered":"<p>Refract\u00f3metro Master T 0-53 brix &#8211; MASTER53T.<\/p>\n","protected":false},"excerpt":{"rendered":"<p>El MASTER-53T es un modelo con un extenso rango ( 0.0 a 53.0% Brix). Esta unidad tiene la capacidad de medir no solamente m\u00faltiples g\u00e9neros de jugo, caf\u00e9 y otras bebidas sino m\u00e1s bien tambi\u00e9n comida procesada como : salsa, k\u00e9tchup, y mermelada baja en calor\u00edas. Es un Modelo con Compensaci\u00f3n de Temperatura Autom\u00e1tica (ATC). El MASTER-53T es una buena opci\u00f3n cuando la resistencia al agua no es una prioridad. El MASTER-53T esta echo de metal. Para las muestras salobres y acidas, escoja el modelo pl\u00e1stico, MASTER-53PT.<\/p>\n<p><b>Especificaciones:<\/b><\/p>\n<ul>\n<li>Presici\u00f3n:Brix 0.2%.<\/li>\n<li>Dimensi\u00f3n y Peso:3.2\u00d73.4\u00d7 16.8cm, 130g.<\/li>\n<li>Repetibilidad:\u00b10.25%.<\/li>\n<li>Escala de Medici\u00f3n:Brix 0.0 a 53.0% (Compensaci\u00f3n Autom\u00e1tica de Temperatura).<\/li>\n<li>Escala M\u00ednima:Brix \u00b10.2%.<\/li>\n<\/ul>\n","protected":false},"featured_media":9189,"comment_status":"open","ping_status":"closed","template":"","meta":{"_joinchat":[]},"product_brand":[],"product_cat":[140],"product_tag":[],"class_list":{"0":"post-9188","1":"product","2":"type-product","3":"status-publish","4":"has-post-thumbnail","6":"product_cat-refractometros","8":"first","9":"instock","10":"shipping-taxable","11":"product-type-simple"},"yoast_head":"<!-- This site is optimized with the Yoast SEO plugin v26.4 - https:\/\/yoast.com\/wordpress\/plugins\/seo\/ -->\n<title>Refract\u00f3metro Master T 0-53 brix - MASTER53T - Abaa tienda online<\/title>\n<meta name=\"robots\" content=\"index, follow, max-snippet:-1, max-image-preview:large, max-video-preview:-1\" \/>\n<link rel=\"canonical\" href=\"https:\/\/abaa.mx\/tienda\/refractometro-master-t-0-53-brix-master53t\/\" \/>\n<meta property=\"og:locale\" content=\"es_MX\" \/>\n<meta property=\"og:type\" content=\"article\" \/>\n<meta property=\"og:title\" content=\"Refract\u00f3metro Master T 0-53 brix - MASTER53T - Abaa tienda online\" \/>\n<meta property=\"og:description\" content=\"El MASTER-53T es un modelo con un extenso rango ( 0.0 a 53.0% Brix). Esta unidad tiene la capacidad de medir no solamente m\u00faltiples g\u00e9neros de jugo, caf\u00e9 y otras bebidas sino m\u00e1s bien tambi\u00e9n comida procesada como : salsa, k\u00e9tchup, y mermelada baja en calor\u00edas. Es un Modelo con Compensaci\u00f3n de Temperatura Autom\u00e1tica (ATC). El MASTER-53T es una buena opci\u00f3n cuando la resistencia al agua no es una prioridad. El MASTER-53T esta echo de metal. Para las muestras salobres y acidas, escoja el modelo pl\u00e1stico, MASTER-53PT.  Especificaciones:   Presici\u00f3n:Brix 0.2%.  Dimensi\u00f3n y Peso:3.2\u00d73.4\u00d7 16.8cm, 130g.  Repetibilidad:\u00b10.25%.  Escala de Medici\u00f3n:Brix 0.0 a 53.0% (Compensaci\u00f3n Autom\u00e1tica de Temperatura).  Escala M\u00ednima:Brix \u00b10.2%.\" \/>\n<meta property=\"og:url\" content=\"https:\/\/abaa.mx\/tienda\/refractometro-master-t-0-53-brix-master53t\/\" \/>\n<meta property=\"og:site_name\" content=\"Abaa tienda online\" \/>\n<meta property=\"article:modified_time\" content=\"2023-11-23T15:51:50+00:00\" \/>\n<meta property=\"og:image\" content=\"https:\/\/abaa.mx\/tienda\/wp-content\/uploads\/2023\/11\/ATAGO-MASTER53T.jpg\" \/>\n\t<meta property=\"og:image:width\" content=\"457\" \/>\n\t<meta property=\"og:image:height\" content=\"348\" \/>\n\t<meta property=\"og:image:type\" content=\"image\/jpeg\" \/>\n<meta name=\"twitter:card\" content=\"summary_large_image\" \/>\n<meta name=\"twitter:label1\" content=\"Tiempo de lectura\" \/>\n\t<meta name=\"twitter:data1\" content=\"1 minuto\" \/>\n<script type=\"application\/ld+json\" class=\"yoast-schema-graph\">{\"@context\":\"https:\/\/schema.org\",\"@graph\":[{\"@type\":\"WebPage\",\"@id\":\"https:\/\/abaa.mx\/tienda\/refractometro-master-t-0-53-brix-master53t\/\",\"url\":\"https:\/\/abaa.mx\/tienda\/refractometro-master-t-0-53-brix-master53t\/\",\"name\":\"Refract\u00f3metro Master T 0-53 brix - MASTER53T - Abaa tienda online\",\"isPartOf\":{\"@id\":\"https:\/\/abaa.mx\/tienda\/#website\"},\"primaryImageOfPage\":{\"@id\":\"https:\/\/abaa.mx\/tienda\/refractometro-master-t-0-53-brix-master53t\/#primaryimage\"},\"image\":{\"@id\":\"https:\/\/abaa.mx\/tienda\/refractometro-master-t-0-53-brix-master53t\/#primaryimage\"},\"thumbnailUrl\":\"https:\/\/abaa.mx\/tienda\/wp-content\/uploads\/2023\/11\/ATAGO-MASTER53T.jpg\",\"datePublished\":\"2023-11-23T15:51:49+00:00\",\"dateModified\":\"2023-11-23T15:51:50+00:00\",\"breadcrumb\":{\"@id\":\"https:\/\/abaa.mx\/tienda\/refractometro-master-t-0-53-brix-master53t\/#breadcrumb\"},\"inLanguage\":\"es\",\"potentialAction\":[{\"@type\":\"ReadAction\",\"target\":[\"https:\/\/abaa.mx\/tienda\/refractometro-master-t-0-53-brix-master53t\/\"]}]},{\"@type\":\"ImageObject\",\"inLanguage\":\"es\",\"@id\":\"https:\/\/abaa.mx\/tienda\/refractometro-master-t-0-53-brix-master53t\/#primaryimage\",\"url\":\"https:\/\/abaa.mx\/tienda\/wp-content\/uploads\/2023\/11\/ATAGO-MASTER53T.jpg\",\"contentUrl\":\"https:\/\/abaa.mx\/tienda\/wp-content\/uploads\/2023\/11\/ATAGO-MASTER53T.jpg\",\"width\":457,\"height\":348,\"caption\":\"ATAGO-MASTER53T\"},{\"@type\":\"BreadcrumbList\",\"@id\":\"https:\/\/abaa.mx\/tienda\/refractometro-master-t-0-53-brix-master53t\/#breadcrumb\",\"itemListElement\":[{\"@type\":\"ListItem\",\"position\":1,\"name\":\"Inicio\",\"item\":\"https:\/\/abaa.mx\/tienda\/\"},{\"@type\":\"ListItem\",\"position\":2,\"name\":\"Tienda\",\"item\":\"https:\/\/abaa.mx\/tienda\/\"},{\"@type\":\"ListItem\",\"position\":3,\"name\":\"Refract\u00f3metro Master T 0-53 brix &#8211; MASTER53T\"}]},{\"@type\":\"WebSite\",\"@id\":\"https:\/\/abaa.mx\/tienda\/#website\",\"url\":\"https:\/\/abaa.mx\/tienda\/\",\"name\":\"Abaa tienda online\",\"description\":\"Instrumentos de medici\u00f3n\",\"publisher\":{\"@id\":\"https:\/\/abaa.mx\/tienda\/#organization\"},\"potentialAction\":[{\"@type\":\"SearchAction\",\"target\":{\"@type\":\"EntryPoint\",\"urlTemplate\":\"https:\/\/abaa.mx\/tienda\/?s={search_term_string}\"},\"query-input\":{\"@type\":\"PropertyValueSpecification\",\"valueRequired\":true,\"valueName\":\"search_term_string\"}}],\"inLanguage\":\"es\"},{\"@type\":\"Organization\",\"@id\":\"https:\/\/abaa.mx\/tienda\/#organization\",\"name\":\"Abaa tienda online\",\"url\":\"https:\/\/abaa.mx\/tienda\/\",\"logo\":{\"@type\":\"ImageObject\",\"inLanguage\":\"es\",\"@id\":\"https:\/\/abaa.mx\/tienda\/#\/schema\/logo\/image\/\",\"url\":\"https:\/\/abaa.mx\/tienda\/wp-content\/uploads\/2024\/01\/abaa-metrologia-tienda.png\",\"contentUrl\":\"https:\/\/abaa.mx\/tienda\/wp-content\/uploads\/2024\/01\/abaa-metrologia-tienda.png\",\"width\":300,\"height\":141,\"caption\":\"Abaa tienda online\"},\"image\":{\"@id\":\"https:\/\/abaa.mx\/tienda\/#\/schema\/logo\/image\/\"}}]}<\/script>\n<!-- \/ Yoast SEO plugin. -->","yoast_head_json":{"title":"Refract\u00f3metro Master T 0-53 brix - MASTER53T - Abaa tienda online","robots":{"index":"index","follow":"follow","max-snippet":"max-snippet:-1","max-image-preview":"max-image-preview:large","max-video-preview":"max-video-preview:-1"},"canonical":"https:\/\/abaa.mx\/tienda\/refractometro-master-t-0-53-brix-master53t\/","og_locale":"es_MX","og_type":"article","og_title":"Refract\u00f3metro Master T 0-53 brix - MASTER53T - Abaa tienda online","og_description":"El MASTER-53T es un modelo con un extenso rango ( 0.0 a 53.0% Brix). Esta unidad tiene la capacidad de medir no solamente m\u00faltiples g\u00e9neros de jugo, caf\u00e9 y otras bebidas sino m\u00e1s bien tambi\u00e9n comida procesada como : salsa, k\u00e9tchup, y mermelada baja en calor\u00edas. Es un Modelo con Compensaci\u00f3n de Temperatura Autom\u00e1tica (ATC). El MASTER-53T es una buena opci\u00f3n cuando la resistencia al agua no es una prioridad. El MASTER-53T esta echo de metal. Para las muestras salobres y acidas, escoja el modelo pl\u00e1stico, MASTER-53PT.  Especificaciones:   Presici\u00f3n:Brix 0.2%.  Dimensi\u00f3n y Peso:3.2\u00d73.4\u00d7 16.8cm, 130g.  Repetibilidad:\u00b10.25%.  Escala de Medici\u00f3n:Brix 0.0 a 53.0% (Compensaci\u00f3n Autom\u00e1tica de Temperatura).  Escala M\u00ednima:Brix \u00b10.2%.","og_url":"https:\/\/abaa.mx\/tienda\/refractometro-master-t-0-53-brix-master53t\/","og_site_name":"Abaa tienda online","article_modified_time":"2023-11-23T15:51:50+00:00","og_image":[{"width":457,"height":348,"url":"https:\/\/abaa.mx\/tienda\/wp-content\/uploads\/2023\/11\/ATAGO-MASTER53T.jpg","type":"image\/jpeg"}],"twitter_card":"summary_large_image","twitter_misc":{"Tiempo de lectura":"1 minuto"},"schema":{"@context":"https:\/\/schema.org","@graph":[{"@type":"WebPage","@id":"https:\/\/abaa.mx\/tienda\/refractometro-master-t-0-53-brix-master53t\/","url":"https:\/\/abaa.mx\/tienda\/refractometro-master-t-0-53-brix-master53t\/","name":"Refract\u00f3metro Master T 0-53 brix - MASTER53T - Abaa tienda online","isPartOf":{"@id":"https:\/\/abaa.mx\/tienda\/#website"},"primaryImageOfPage":{"@id":"https:\/\/abaa.mx\/tienda\/refractometro-master-t-0-53-brix-master53t\/#primaryimage"},"image":{"@id":"https:\/\/abaa.mx\/tienda\/refractometro-master-t-0-53-brix-master53t\/#primaryimage"},"thumbnailUrl":"https:\/\/abaa.mx\/tienda\/wp-content\/uploads\/2023\/11\/ATAGO-MASTER53T.jpg","datePublished":"2023-11-23T15:51:49+00:00","dateModified":"2023-11-23T15:51:50+00:00","breadcrumb":{"@id":"https:\/\/abaa.mx\/tienda\/refractometro-master-t-0-53-brix-master53t\/#breadcrumb"},"inLanguage":"es","potentialAction":[{"@type":"ReadAction","target":["https:\/\/abaa.mx\/tienda\/refractometro-master-t-0-53-brix-master53t\/"]}]},{"@type":"ImageObject","inLanguage":"es","@id":"https:\/\/abaa.mx\/tienda\/refractometro-master-t-0-53-brix-master53t\/#primaryimage","url":"https:\/\/abaa.mx\/tienda\/wp-content\/uploads\/2023\/11\/ATAGO-MASTER53T.jpg","contentUrl":"https:\/\/abaa.mx\/tienda\/wp-content\/uploads\/2023\/11\/ATAGO-MASTER53T.jpg","width":457,"height":348,"caption":"ATAGO-MASTER53T"},{"@type":"BreadcrumbList","@id":"https:\/\/abaa.mx\/tienda\/refractometro-master-t-0-53-brix-master53t\/#breadcrumb","itemListElement":[{"@type":"ListItem","position":1,"name":"Inicio","item":"https:\/\/abaa.mx\/tienda\/"},{"@type":"ListItem","position":2,"name":"Tienda","item":"https:\/\/abaa.mx\/tienda\/"},{"@type":"ListItem","position":3,"name":"Refract\u00f3metro Master T 0-53 brix &#8211; MASTER53T"}]},{"@type":"WebSite","@id":"https:\/\/abaa.mx\/tienda\/#website","url":"https:\/\/abaa.mx\/tienda\/","name":"Abaa tienda online","description":"Instrumentos de medici\u00f3n","publisher":{"@id":"https:\/\/abaa.mx\/tienda\/#organization"},"potentialAction":[{"@type":"SearchAction","target":{"@type":"EntryPoint","urlTemplate":"https:\/\/abaa.mx\/tienda\/?s={search_term_string}"},"query-input":{"@type":"PropertyValueSpecification","valueRequired":true,"valueName":"search_term_string"}}],"inLanguage":"es"},{"@type":"Organization","@id":"https:\/\/abaa.mx\/tienda\/#organization","name":"Abaa tienda online","url":"https:\/\/abaa.mx\/tienda\/","logo":{"@type":"ImageObject","inLanguage":"es","@id":"https:\/\/abaa.mx\/tienda\/#\/schema\/logo\/image\/","url":"https:\/\/abaa.mx\/tienda\/wp-content\/uploads\/2024\/01\/abaa-metrologia-tienda.png","contentUrl":"https:\/\/abaa.mx\/tienda\/wp-content\/uploads\/2024\/01\/abaa-metrologia-tienda.png","width":300,"height":141,"caption":"Abaa tienda online"},"image":{"@id":"https:\/\/abaa.mx\/tienda\/#\/schema\/logo\/image\/"}}]}},"_links":{"self":[{"href":"https:\/\/abaa.mx\/tienda\/wp-json\/wp\/v2\/product\/9188","targetHints":{"allow":["GET"]}}],"collection":[{"href":"https:\/\/abaa.mx\/tienda\/wp-json\/wp\/v2\/product"}],"about":[{"href":"https:\/\/abaa.mx\/tienda\/wp-json\/wp\/v2\/types\/product"}],"replies":[{"embeddable":true,"href":"https:\/\/abaa.mx\/tienda\/wp-json\/wp\/v2\/comments?post=9188"}],"wp:featuredmedia":[{"embeddable":true,"href":"https:\/\/abaa.mx\/tienda\/wp-json\/wp\/v2\/media\/9189"}],"wp:attachment":[{"href":"https:\/\/abaa.mx\/tienda\/wp-json\/wp\/v2\/media?parent=9188"}],"wp:term":[{"taxonomy":"product_brand","embeddable":true,"href":"https:\/\/abaa.mx\/tienda\/wp-json\/wp\/v2\/product_brand?post=9188"},{"taxonomy":"product_cat","embeddable":true,"href":"https:\/\/abaa.mx\/tienda\/wp-json\/wp\/v2\/product_cat?post=9188"},{"taxonomy":"product_tag","embeddable":true,"href":"https:\/\/abaa.mx\/tienda\/wp-json\/wp\/v2\/product_tag?post=9188"}],"curies":[{"name":"wp","href":"https:\/\/api.w.org\/{rel}","templated":true}]}}