{"id":9180,"date":"2023-11-23T15:16:15","date_gmt":"2023-11-23T15:16:15","guid":{"rendered":"https:\/\/abaa.mx\/tienda\/?post_type=product&#038;p=9180"},"modified":"2023-11-23T15:16:16","modified_gmt":"2023-11-23T15:16:16","slug":"refractometro-para-muestras-de-alta-temperatura-master80h","status":"publish","type":"product","link":"https:\/\/abaa.mx\/tienda\/refractometro-para-muestras-de-alta-temperatura-master80h\/","title":{"rendered":"Refract\u00f3metro para muestras de alta temperatura &#8211; MASTER80H"},"content":{"rendered":"<p>Refract\u00f3metro para muestras de alta temperatura &#8211; MASTER80H.<\/p>\n","protected":false},"excerpt":{"rendered":"<p>El AT-MASTER-80H es otro modelo fuerte a elevadas temperaturas. Fue desarrollado para mediciones a elevadas temperaturas en los propios puntos de producci\u00f3n. Adem\u00e1s tiene una larga vida de servicio comparado con otros modelos com\u00fanes porque el prisma es fuerte a la corrosi\u00f3n, pues esta hecho a base de cristal temperado. El AT-MASTER-80H es perfecto en la medici\u00f3n de jaleas, mermeladas, dulces, etc\u00e9tera.<\/p>\n<ul>\n<li>Escala de Medici\u00f3n:Brix 30.0 a 80.0% (Compensaci\u00f3n Autom\u00e1tica de Temperatura).<\/li>\n<li>Exactitud:Brix \u00b10.5%.<\/li>\n<\/ul>\n<p><strong>Clase de protecci\u00f3n internacional:<\/strong><\/p>\n<p>\u2022 IP65 (Excepto ocular) Protecci\u00f3n al polvo y chorros de agua.<br \/>\n\u2022 Repetici\u00f3n:\u00b10.25%.<br \/>\n\u2022 Escala M\u00ednima:Brix 0.5%.<\/p>\n<p>\u2022 Tama\u00f1o y Peso:3.2\u00d73.4\u00d7 16.8cm, 130g.<\/p>\n","protected":false},"featured_media":9181,"comment_status":"open","ping_status":"closed","template":"","meta":{"_joinchat":[]},"product_brand":[],"product_cat":[140],"product_tag":[],"class_list":{"0":"post-9180","1":"product","2":"type-product","3":"status-publish","4":"has-post-thumbnail","6":"product_cat-refractometros","8":"first","9":"instock","10":"shipping-taxable","11":"product-type-simple"},"yoast_head":"<!-- This site is optimized with the Yoast SEO plugin v26.4 - https:\/\/yoast.com\/wordpress\/plugins\/seo\/ -->\n<title>Refract\u00f3metro para muestras de alta temperatura - MASTER80H - Abaa tienda online<\/title>\n<meta name=\"robots\" content=\"index, follow, max-snippet:-1, max-image-preview:large, max-video-preview:-1\" \/>\n<link rel=\"canonical\" href=\"https:\/\/abaa.mx\/tienda\/refractometro-para-muestras-de-alta-temperatura-master80h\/\" \/>\n<meta property=\"og:locale\" content=\"es_MX\" \/>\n<meta property=\"og:type\" content=\"article\" \/>\n<meta property=\"og:title\" content=\"Refract\u00f3metro para muestras de alta temperatura - MASTER80H - Abaa tienda online\" \/>\n<meta property=\"og:description\" content=\"El AT-MASTER-80H es otro modelo fuerte a elevadas temperaturas. Fue desarrollado para mediciones a elevadas temperaturas en los propios puntos de producci\u00f3n. Adem\u00e1s tiene una larga vida de servicio comparado con otros modelos com\u00fanes porque el prisma es fuerte a la corrosi\u00f3n, pues esta hecho a base de cristal temperado. El AT-MASTER-80H es perfecto en la medici\u00f3n de jaleas, mermeladas, dulces, etc\u00e9tera.   Escala de Medici\u00f3n:Brix 30.0 a 80.0% (Compensaci\u00f3n Autom\u00e1tica de Temperatura).  Exactitud:Brix \u00b10.5%.  Clase de protecci\u00f3n internacional:  \u2022 IP65 (Excepto ocular) Protecci\u00f3n al polvo y chorros de agua. \u2022 Repetici\u00f3n:\u00b10.25%. \u2022 Escala M\u00ednima:Brix 0.5%.  \u2022 Tama\u00f1o y Peso:3.2\u00d73.4\u00d7 16.8cm, 130g.\" \/>\n<meta property=\"og:url\" content=\"https:\/\/abaa.mx\/tienda\/refractometro-para-muestras-de-alta-temperatura-master80h\/\" \/>\n<meta property=\"og:site_name\" content=\"Abaa tienda online\" \/>\n<meta property=\"article:modified_time\" content=\"2023-11-23T15:16:16+00:00\" \/>\n<meta property=\"og:image\" content=\"https:\/\/abaa.mx\/tienda\/wp-content\/uploads\/2023\/11\/ATAGO-MASTER80H.jpg\" \/>\n\t<meta property=\"og:image:width\" content=\"444\" \/>\n\t<meta property=\"og:image:height\" content=\"316\" \/>\n\t<meta property=\"og:image:type\" content=\"image\/jpeg\" \/>\n<meta name=\"twitter:card\" content=\"summary_large_image\" \/>\n<meta name=\"twitter:label1\" content=\"Tiempo de lectura\" \/>\n\t<meta name=\"twitter:data1\" content=\"1 minuto\" \/>\n<script type=\"application\/ld+json\" class=\"yoast-schema-graph\">{\"@context\":\"https:\/\/schema.org\",\"@graph\":[{\"@type\":\"WebPage\",\"@id\":\"https:\/\/abaa.mx\/tienda\/refractometro-para-muestras-de-alta-temperatura-master80h\/\",\"url\":\"https:\/\/abaa.mx\/tienda\/refractometro-para-muestras-de-alta-temperatura-master80h\/\",\"name\":\"Refract\u00f3metro para muestras de alta temperatura - MASTER80H - Abaa tienda online\",\"isPartOf\":{\"@id\":\"https:\/\/abaa.mx\/tienda\/#website\"},\"primaryImageOfPage\":{\"@id\":\"https:\/\/abaa.mx\/tienda\/refractometro-para-muestras-de-alta-temperatura-master80h\/#primaryimage\"},\"image\":{\"@id\":\"https:\/\/abaa.mx\/tienda\/refractometro-para-muestras-de-alta-temperatura-master80h\/#primaryimage\"},\"thumbnailUrl\":\"https:\/\/abaa.mx\/tienda\/wp-content\/uploads\/2023\/11\/ATAGO-MASTER80H.jpg\",\"datePublished\":\"2023-11-23T15:16:15+00:00\",\"dateModified\":\"2023-11-23T15:16:16+00:00\",\"breadcrumb\":{\"@id\":\"https:\/\/abaa.mx\/tienda\/refractometro-para-muestras-de-alta-temperatura-master80h\/#breadcrumb\"},\"inLanguage\":\"es\",\"potentialAction\":[{\"@type\":\"ReadAction\",\"target\":[\"https:\/\/abaa.mx\/tienda\/refractometro-para-muestras-de-alta-temperatura-master80h\/\"]}]},{\"@type\":\"ImageObject\",\"inLanguage\":\"es\",\"@id\":\"https:\/\/abaa.mx\/tienda\/refractometro-para-muestras-de-alta-temperatura-master80h\/#primaryimage\",\"url\":\"https:\/\/abaa.mx\/tienda\/wp-content\/uploads\/2023\/11\/ATAGO-MASTER80H.jpg\",\"contentUrl\":\"https:\/\/abaa.mx\/tienda\/wp-content\/uploads\/2023\/11\/ATAGO-MASTER80H.jpg\",\"width\":444,\"height\":316,\"caption\":\"ATAGO-MASTER80H\"},{\"@type\":\"BreadcrumbList\",\"@id\":\"https:\/\/abaa.mx\/tienda\/refractometro-para-muestras-de-alta-temperatura-master80h\/#breadcrumb\",\"itemListElement\":[{\"@type\":\"ListItem\",\"position\":1,\"name\":\"Inicio\",\"item\":\"https:\/\/abaa.mx\/tienda\/\"},{\"@type\":\"ListItem\",\"position\":2,\"name\":\"Tienda\",\"item\":\"https:\/\/abaa.mx\/tienda\/\"},{\"@type\":\"ListItem\",\"position\":3,\"name\":\"Refract\u00f3metro para muestras de alta temperatura &#8211; MASTER80H\"}]},{\"@type\":\"WebSite\",\"@id\":\"https:\/\/abaa.mx\/tienda\/#website\",\"url\":\"https:\/\/abaa.mx\/tienda\/\",\"name\":\"Abaa tienda online\",\"description\":\"Instrumentos de medici\u00f3n\",\"publisher\":{\"@id\":\"https:\/\/abaa.mx\/tienda\/#organization\"},\"potentialAction\":[{\"@type\":\"SearchAction\",\"target\":{\"@type\":\"EntryPoint\",\"urlTemplate\":\"https:\/\/abaa.mx\/tienda\/?s={search_term_string}\"},\"query-input\":{\"@type\":\"PropertyValueSpecification\",\"valueRequired\":true,\"valueName\":\"search_term_string\"}}],\"inLanguage\":\"es\"},{\"@type\":\"Organization\",\"@id\":\"https:\/\/abaa.mx\/tienda\/#organization\",\"name\":\"Abaa tienda online\",\"url\":\"https:\/\/abaa.mx\/tienda\/\",\"logo\":{\"@type\":\"ImageObject\",\"inLanguage\":\"es\",\"@id\":\"https:\/\/abaa.mx\/tienda\/#\/schema\/logo\/image\/\",\"url\":\"https:\/\/abaa.mx\/tienda\/wp-content\/uploads\/2024\/01\/abaa-metrologia-tienda.png\",\"contentUrl\":\"https:\/\/abaa.mx\/tienda\/wp-content\/uploads\/2024\/01\/abaa-metrologia-tienda.png\",\"width\":300,\"height\":141,\"caption\":\"Abaa tienda online\"},\"image\":{\"@id\":\"https:\/\/abaa.mx\/tienda\/#\/schema\/logo\/image\/\"}}]}<\/script>\n<!-- \/ Yoast SEO plugin. -->","yoast_head_json":{"title":"Refract\u00f3metro para muestras de alta temperatura - MASTER80H - Abaa tienda online","robots":{"index":"index","follow":"follow","max-snippet":"max-snippet:-1","max-image-preview":"max-image-preview:large","max-video-preview":"max-video-preview:-1"},"canonical":"https:\/\/abaa.mx\/tienda\/refractometro-para-muestras-de-alta-temperatura-master80h\/","og_locale":"es_MX","og_type":"article","og_title":"Refract\u00f3metro para muestras de alta temperatura - MASTER80H - Abaa tienda online","og_description":"El AT-MASTER-80H es otro modelo fuerte a elevadas temperaturas. Fue desarrollado para mediciones a elevadas temperaturas en los propios puntos de producci\u00f3n. Adem\u00e1s tiene una larga vida de servicio comparado con otros modelos com\u00fanes porque el prisma es fuerte a la corrosi\u00f3n, pues esta hecho a base de cristal temperado. El AT-MASTER-80H es perfecto en la medici\u00f3n de jaleas, mermeladas, dulces, etc\u00e9tera.   Escala de Medici\u00f3n:Brix 30.0 a 80.0% (Compensaci\u00f3n Autom\u00e1tica de Temperatura).  Exactitud:Brix \u00b10.5%.  Clase de protecci\u00f3n internacional:  \u2022 IP65 (Excepto ocular) Protecci\u00f3n al polvo y chorros de agua. \u2022 Repetici\u00f3n:\u00b10.25%. \u2022 Escala M\u00ednima:Brix 0.5%.  \u2022 Tama\u00f1o y Peso:3.2\u00d73.4\u00d7 16.8cm, 130g.","og_url":"https:\/\/abaa.mx\/tienda\/refractometro-para-muestras-de-alta-temperatura-master80h\/","og_site_name":"Abaa tienda online","article_modified_time":"2023-11-23T15:16:16+00:00","og_image":[{"width":444,"height":316,"url":"https:\/\/abaa.mx\/tienda\/wp-content\/uploads\/2023\/11\/ATAGO-MASTER80H.jpg","type":"image\/jpeg"}],"twitter_card":"summary_large_image","twitter_misc":{"Tiempo de lectura":"1 minuto"},"schema":{"@context":"https:\/\/schema.org","@graph":[{"@type":"WebPage","@id":"https:\/\/abaa.mx\/tienda\/refractometro-para-muestras-de-alta-temperatura-master80h\/","url":"https:\/\/abaa.mx\/tienda\/refractometro-para-muestras-de-alta-temperatura-master80h\/","name":"Refract\u00f3metro para muestras de alta temperatura - MASTER80H - Abaa tienda online","isPartOf":{"@id":"https:\/\/abaa.mx\/tienda\/#website"},"primaryImageOfPage":{"@id":"https:\/\/abaa.mx\/tienda\/refractometro-para-muestras-de-alta-temperatura-master80h\/#primaryimage"},"image":{"@id":"https:\/\/abaa.mx\/tienda\/refractometro-para-muestras-de-alta-temperatura-master80h\/#primaryimage"},"thumbnailUrl":"https:\/\/abaa.mx\/tienda\/wp-content\/uploads\/2023\/11\/ATAGO-MASTER80H.jpg","datePublished":"2023-11-23T15:16:15+00:00","dateModified":"2023-11-23T15:16:16+00:00","breadcrumb":{"@id":"https:\/\/abaa.mx\/tienda\/refractometro-para-muestras-de-alta-temperatura-master80h\/#breadcrumb"},"inLanguage":"es","potentialAction":[{"@type":"ReadAction","target":["https:\/\/abaa.mx\/tienda\/refractometro-para-muestras-de-alta-temperatura-master80h\/"]}]},{"@type":"ImageObject","inLanguage":"es","@id":"https:\/\/abaa.mx\/tienda\/refractometro-para-muestras-de-alta-temperatura-master80h\/#primaryimage","url":"https:\/\/abaa.mx\/tienda\/wp-content\/uploads\/2023\/11\/ATAGO-MASTER80H.jpg","contentUrl":"https:\/\/abaa.mx\/tienda\/wp-content\/uploads\/2023\/11\/ATAGO-MASTER80H.jpg","width":444,"height":316,"caption":"ATAGO-MASTER80H"},{"@type":"BreadcrumbList","@id":"https:\/\/abaa.mx\/tienda\/refractometro-para-muestras-de-alta-temperatura-master80h\/#breadcrumb","itemListElement":[{"@type":"ListItem","position":1,"name":"Inicio","item":"https:\/\/abaa.mx\/tienda\/"},{"@type":"ListItem","position":2,"name":"Tienda","item":"https:\/\/abaa.mx\/tienda\/"},{"@type":"ListItem","position":3,"name":"Refract\u00f3metro para muestras de alta temperatura &#8211; MASTER80H"}]},{"@type":"WebSite","@id":"https:\/\/abaa.mx\/tienda\/#website","url":"https:\/\/abaa.mx\/tienda\/","name":"Abaa tienda online","description":"Instrumentos de medici\u00f3n","publisher":{"@id":"https:\/\/abaa.mx\/tienda\/#organization"},"potentialAction":[{"@type":"SearchAction","target":{"@type":"EntryPoint","urlTemplate":"https:\/\/abaa.mx\/tienda\/?s={search_term_string}"},"query-input":{"@type":"PropertyValueSpecification","valueRequired":true,"valueName":"search_term_string"}}],"inLanguage":"es"},{"@type":"Organization","@id":"https:\/\/abaa.mx\/tienda\/#organization","name":"Abaa tienda online","url":"https:\/\/abaa.mx\/tienda\/","logo":{"@type":"ImageObject","inLanguage":"es","@id":"https:\/\/abaa.mx\/tienda\/#\/schema\/logo\/image\/","url":"https:\/\/abaa.mx\/tienda\/wp-content\/uploads\/2024\/01\/abaa-metrologia-tienda.png","contentUrl":"https:\/\/abaa.mx\/tienda\/wp-content\/uploads\/2024\/01\/abaa-metrologia-tienda.png","width":300,"height":141,"caption":"Abaa tienda online"},"image":{"@id":"https:\/\/abaa.mx\/tienda\/#\/schema\/logo\/image\/"}}]}},"_links":{"self":[{"href":"https:\/\/abaa.mx\/tienda\/wp-json\/wp\/v2\/product\/9180","targetHints":{"allow":["GET"]}}],"collection":[{"href":"https:\/\/abaa.mx\/tienda\/wp-json\/wp\/v2\/product"}],"about":[{"href":"https:\/\/abaa.mx\/tienda\/wp-json\/wp\/v2\/types\/product"}],"replies":[{"embeddable":true,"href":"https:\/\/abaa.mx\/tienda\/wp-json\/wp\/v2\/comments?post=9180"}],"wp:featuredmedia":[{"embeddable":true,"href":"https:\/\/abaa.mx\/tienda\/wp-json\/wp\/v2\/media\/9181"}],"wp:attachment":[{"href":"https:\/\/abaa.mx\/tienda\/wp-json\/wp\/v2\/media?parent=9180"}],"wp:term":[{"taxonomy":"product_brand","embeddable":true,"href":"https:\/\/abaa.mx\/tienda\/wp-json\/wp\/v2\/product_brand?post=9180"},{"taxonomy":"product_cat","embeddable":true,"href":"https:\/\/abaa.mx\/tienda\/wp-json\/wp\/v2\/product_cat?post=9180"},{"taxonomy":"product_tag","embeddable":true,"href":"https:\/\/abaa.mx\/tienda\/wp-json\/wp\/v2\/product_tag?post=9180"}],"curies":[{"name":"wp","href":"https:\/\/api.w.org\/{rel}","templated":true}]}}