{"id":9178,"date":"2023-11-23T15:04:08","date_gmt":"2023-11-23T15:04:08","guid":{"rendered":"https:\/\/abaa.mx\/tienda\/?post_type=product&#038;p=9178"},"modified":"2023-11-23T15:05:20","modified_gmt":"2023-11-23T15:05:20","slug":"refractometro-digital-para-leche-pal-milk","status":"publish","type":"product","link":"https:\/\/abaa.mx\/tienda\/refractometro-digital-para-leche-pal-milk\/","title":{"rendered":"Refractometro Digital para LECHE PAL-MILK."},"content":{"rendered":"<p>Refractometro Digital para LECHE PAL-MILK.<\/p>\n","protected":false},"excerpt":{"rendered":"<p>La unidad exhibe los s\u00f3lidos no grasos contenidos en la leche.<br \/>\nLa unidad est\u00e1 pertrechada con una escala que se ajusta a los valores de medici\u00f3n obtenidos de los analizadores ultras\u00f3nicos de leche, dando permiso determinar de manera r\u00e1pida los s\u00f3lidos no grasos contenidos en la leche.<\/p>\n<p><b>Caracteristicas:<\/b><\/p>\n<div class=\"specArea\">\n<div class=\"scrollable-wrapper\">\n<table border=\"0\" cellspacing=\"0\" cellpadding=\"0\">\n<tbody>\n<tr>\n<th>Modelo<\/th>\n<td>LECHE PAL<\/td>\n<\/tr>\n<tr>\n<th><\/th>\n<td><\/td>\n<\/tr>\n<tr>\n<th>Rango<\/th>\n<td>Solidos No Grasos en la Leche: 0.0 a 23.0% (Temperatura)<br \/>\nTemperatura: 10.0 a 100 \u2103<\/td>\n<\/tr>\n<tr>\n<th>Resoluci\u00f3n<\/th>\n<td>Solidos No Grasos en la Leche: 0.1%<br \/>\nTemperatura: 0.1 \u2103<\/td>\n<\/tr>\n<tr>\n<th>Repetibilidad<\/th>\n<td>\u00b1 0,2%<\/td>\n<\/tr>\n<tr>\n<th>Compensaci\u00f3n de temperatura<\/th>\n<td>10 a 100 \u2103<\/td>\n<\/tr>\n<\/tbody>\n<\/table>\n<\/div>\n<div><\/div>\n<\/div>\n<div class=\"specArea productsPwdAcordion acordionsArea\">\n<p><b>Especificaciones T\u00e9cnicas:<\/b><\/p>\n<div class=\"scrollable-wrapper\">\n<table class=\"commonSpecAreaTable\" border=\"0\" cellspacing=\"0\" cellpadding=\"0\">\n<tbody>\n<tr>\n<th>Volumen de la Muestra<\/th>\n<td>2 a 3 gotas<\/td>\n<\/tr>\n<tr>\n<th>Tiempo de Medici\u00f3n<\/th>\n<td>Unos 3 segundos<\/td>\n<\/tr>\n<tr>\n<th>Fuente de alimentaci\u00f3n<\/th>\n<td>2 \u00d7 Bater\u00edas tipo AAA<\/td>\n<\/tr>\n<tr>\n<th>Fuente de Poder<\/th>\n<td>Aprox.\u00a011,000 veces medici\u00f3n (cuando se utiliza bater\u00edas alcalinas)<\/td>\n<\/tr>\n<tr>\n<th>Clase de protecci\u00f3n internacional<\/th>\n<td>IP65 Protecci\u00f3n al polvo y chorros de agua<\/td>\n<\/tr>\n<tr>\n<th>Dimensiones y Peso<\/th>\n<td>5.5 \u00d7 3.1 \u00d7 10.9cm 100g (unidad principal solamente)<\/td>\n<\/tr>\n<\/tbody>\n<\/table>\n<\/div>\n<\/div>\n","protected":false},"featured_media":9179,"comment_status":"open","ping_status":"closed","template":"","meta":{"_joinchat":[]},"product_brand":[],"product_cat":[140],"product_tag":[],"class_list":{"0":"post-9178","1":"product","2":"type-product","3":"status-publish","4":"has-post-thumbnail","6":"product_cat-refractometros","8":"first","9":"instock","10":"shipping-taxable","11":"product-type-simple"},"yoast_head":"<!-- This site is optimized with the Yoast SEO plugin v26.4 - https:\/\/yoast.com\/wordpress\/plugins\/seo\/ -->\n<title>Refractometro Digital para LECHE PAL-MILK. - Abaa tienda online<\/title>\n<meta name=\"robots\" content=\"index, follow, max-snippet:-1, max-image-preview:large, max-video-preview:-1\" \/>\n<link rel=\"canonical\" href=\"https:\/\/abaa.mx\/tienda\/refractometro-digital-para-leche-pal-milk\/\" \/>\n<meta property=\"og:locale\" content=\"es_MX\" \/>\n<meta property=\"og:type\" content=\"article\" \/>\n<meta property=\"og:title\" content=\"Refractometro Digital para LECHE PAL-MILK. - Abaa tienda online\" \/>\n<meta property=\"og:description\" content=\"La unidad exhibe los s\u00f3lidos no grasos contenidos en la leche. La unidad est\u00e1 pertrechada con una escala que se ajusta a los valores de medici\u00f3n obtenidos de los analizadores ultras\u00f3nicos de leche, dando permiso determinar de manera r\u00e1pida los s\u00f3lidos no grasos contenidos en la leche.  Caracteristicas:      Modelo LECHE PAL       Rango Solidos No Grasos en la Leche: 0.0 a 23.0% (Temperatura) Temperatura: 10.0 a 100 \u2103   Resoluci\u00f3n Solidos No Grasos en la Leche: 0.1% Temperatura: 0.1 \u2103   Repetibilidad \u00b1 0,2%   Compensaci\u00f3n de temperatura 10 a 100 \u2103         Especificaciones T\u00e9cnicas:     Volumen de la Muestra 2 a 3 gotas   Tiempo de Medici\u00f3n Unos 3 segundos   Fuente de alimentaci\u00f3n 2 \u00d7 Bater\u00edas tipo AAA   Fuente de Poder Aprox.\u00a011,000 veces medici\u00f3n (cuando se utiliza bater\u00edas alcalinas)   Clase de protecci\u00f3n internacional IP65 Protecci\u00f3n al polvo y chorros de agua   Dimensiones y Peso 5.5 \u00d7 3.1 \u00d7 10.9cm 100g (unidad principal solamente)\" \/>\n<meta property=\"og:url\" content=\"https:\/\/abaa.mx\/tienda\/refractometro-digital-para-leche-pal-milk\/\" \/>\n<meta property=\"og:site_name\" content=\"Abaa tienda online\" \/>\n<meta property=\"article:modified_time\" content=\"2023-11-23T15:05:20+00:00\" \/>\n<meta property=\"og:image\" content=\"https:\/\/abaa.mx\/tienda\/wp-content\/uploads\/2023\/11\/ATAGO-PAL-MILK.jpg\" \/>\n\t<meta property=\"og:image:width\" content=\"311\" \/>\n\t<meta property=\"og:image:height\" content=\"424\" \/>\n\t<meta property=\"og:image:type\" content=\"image\/jpeg\" \/>\n<meta name=\"twitter:card\" content=\"summary_large_image\" \/>\n<meta name=\"twitter:label1\" content=\"Tiempo de lectura\" \/>\n\t<meta name=\"twitter:data1\" content=\"1 minuto\" \/>\n<script type=\"application\/ld+json\" class=\"yoast-schema-graph\">{\"@context\":\"https:\/\/schema.org\",\"@graph\":[{\"@type\":\"WebPage\",\"@id\":\"https:\/\/abaa.mx\/tienda\/refractometro-digital-para-leche-pal-milk\/\",\"url\":\"https:\/\/abaa.mx\/tienda\/refractometro-digital-para-leche-pal-milk\/\",\"name\":\"Refractometro Digital para LECHE PAL-MILK. - Abaa tienda online\",\"isPartOf\":{\"@id\":\"https:\/\/abaa.mx\/tienda\/#website\"},\"primaryImageOfPage\":{\"@id\":\"https:\/\/abaa.mx\/tienda\/refractometro-digital-para-leche-pal-milk\/#primaryimage\"},\"image\":{\"@id\":\"https:\/\/abaa.mx\/tienda\/refractometro-digital-para-leche-pal-milk\/#primaryimage\"},\"thumbnailUrl\":\"https:\/\/abaa.mx\/tienda\/wp-content\/uploads\/2023\/11\/ATAGO-PAL-MILK.jpg\",\"datePublished\":\"2023-11-23T15:04:08+00:00\",\"dateModified\":\"2023-11-23T15:05:20+00:00\",\"breadcrumb\":{\"@id\":\"https:\/\/abaa.mx\/tienda\/refractometro-digital-para-leche-pal-milk\/#breadcrumb\"},\"inLanguage\":\"es\",\"potentialAction\":[{\"@type\":\"ReadAction\",\"target\":[\"https:\/\/abaa.mx\/tienda\/refractometro-digital-para-leche-pal-milk\/\"]}]},{\"@type\":\"ImageObject\",\"inLanguage\":\"es\",\"@id\":\"https:\/\/abaa.mx\/tienda\/refractometro-digital-para-leche-pal-milk\/#primaryimage\",\"url\":\"https:\/\/abaa.mx\/tienda\/wp-content\/uploads\/2023\/11\/ATAGO-PAL-MILK.jpg\",\"contentUrl\":\"https:\/\/abaa.mx\/tienda\/wp-content\/uploads\/2023\/11\/ATAGO-PAL-MILK.jpg\",\"width\":311,\"height\":424,\"caption\":\"ATAGO-PAL-MILK\"},{\"@type\":\"BreadcrumbList\",\"@id\":\"https:\/\/abaa.mx\/tienda\/refractometro-digital-para-leche-pal-milk\/#breadcrumb\",\"itemListElement\":[{\"@type\":\"ListItem\",\"position\":1,\"name\":\"Inicio\",\"item\":\"https:\/\/abaa.mx\/tienda\/\"},{\"@type\":\"ListItem\",\"position\":2,\"name\":\"Tienda\",\"item\":\"https:\/\/abaa.mx\/tienda\/\"},{\"@type\":\"ListItem\",\"position\":3,\"name\":\"Refractometro Digital para LECHE PAL-MILK.\"}]},{\"@type\":\"WebSite\",\"@id\":\"https:\/\/abaa.mx\/tienda\/#website\",\"url\":\"https:\/\/abaa.mx\/tienda\/\",\"name\":\"Abaa tienda online\",\"description\":\"Instrumentos de medici\u00f3n\",\"publisher\":{\"@id\":\"https:\/\/abaa.mx\/tienda\/#organization\"},\"potentialAction\":[{\"@type\":\"SearchAction\",\"target\":{\"@type\":\"EntryPoint\",\"urlTemplate\":\"https:\/\/abaa.mx\/tienda\/?s={search_term_string}\"},\"query-input\":{\"@type\":\"PropertyValueSpecification\",\"valueRequired\":true,\"valueName\":\"search_term_string\"}}],\"inLanguage\":\"es\"},{\"@type\":\"Organization\",\"@id\":\"https:\/\/abaa.mx\/tienda\/#organization\",\"name\":\"Abaa tienda online\",\"url\":\"https:\/\/abaa.mx\/tienda\/\",\"logo\":{\"@type\":\"ImageObject\",\"inLanguage\":\"es\",\"@id\":\"https:\/\/abaa.mx\/tienda\/#\/schema\/logo\/image\/\",\"url\":\"https:\/\/abaa.mx\/tienda\/wp-content\/uploads\/2024\/01\/abaa-metrologia-tienda.png\",\"contentUrl\":\"https:\/\/abaa.mx\/tienda\/wp-content\/uploads\/2024\/01\/abaa-metrologia-tienda.png\",\"width\":300,\"height\":141,\"caption\":\"Abaa tienda online\"},\"image\":{\"@id\":\"https:\/\/abaa.mx\/tienda\/#\/schema\/logo\/image\/\"}}]}<\/script>\n<!-- \/ Yoast SEO plugin. -->","yoast_head_json":{"title":"Refractometro Digital para LECHE PAL-MILK. - Abaa tienda online","robots":{"index":"index","follow":"follow","max-snippet":"max-snippet:-1","max-image-preview":"max-image-preview:large","max-video-preview":"max-video-preview:-1"},"canonical":"https:\/\/abaa.mx\/tienda\/refractometro-digital-para-leche-pal-milk\/","og_locale":"es_MX","og_type":"article","og_title":"Refractometro Digital para LECHE PAL-MILK. - Abaa tienda online","og_description":"La unidad exhibe los s\u00f3lidos no grasos contenidos en la leche. La unidad est\u00e1 pertrechada con una escala que se ajusta a los valores de medici\u00f3n obtenidos de los analizadores ultras\u00f3nicos de leche, dando permiso determinar de manera r\u00e1pida los s\u00f3lidos no grasos contenidos en la leche.  Caracteristicas:      Modelo LECHE PAL       Rango Solidos No Grasos en la Leche: 0.0 a 23.0% (Temperatura) Temperatura: 10.0 a 100 \u2103   Resoluci\u00f3n Solidos No Grasos en la Leche: 0.1% Temperatura: 0.1 \u2103   Repetibilidad \u00b1 0,2%   Compensaci\u00f3n de temperatura 10 a 100 \u2103         Especificaciones T\u00e9cnicas:     Volumen de la Muestra 2 a 3 gotas   Tiempo de Medici\u00f3n Unos 3 segundos   Fuente de alimentaci\u00f3n 2 \u00d7 Bater\u00edas tipo AAA   Fuente de Poder Aprox.\u00a011,000 veces medici\u00f3n (cuando se utiliza bater\u00edas alcalinas)   Clase de protecci\u00f3n internacional IP65 Protecci\u00f3n al polvo y chorros de agua   Dimensiones y Peso 5.5 \u00d7 3.1 \u00d7 10.9cm 100g (unidad principal solamente)","og_url":"https:\/\/abaa.mx\/tienda\/refractometro-digital-para-leche-pal-milk\/","og_site_name":"Abaa tienda online","article_modified_time":"2023-11-23T15:05:20+00:00","og_image":[{"width":311,"height":424,"url":"https:\/\/abaa.mx\/tienda\/wp-content\/uploads\/2023\/11\/ATAGO-PAL-MILK.jpg","type":"image\/jpeg"}],"twitter_card":"summary_large_image","twitter_misc":{"Tiempo de lectura":"1 minuto"},"schema":{"@context":"https:\/\/schema.org","@graph":[{"@type":"WebPage","@id":"https:\/\/abaa.mx\/tienda\/refractometro-digital-para-leche-pal-milk\/","url":"https:\/\/abaa.mx\/tienda\/refractometro-digital-para-leche-pal-milk\/","name":"Refractometro Digital para LECHE PAL-MILK. - Abaa tienda online","isPartOf":{"@id":"https:\/\/abaa.mx\/tienda\/#website"},"primaryImageOfPage":{"@id":"https:\/\/abaa.mx\/tienda\/refractometro-digital-para-leche-pal-milk\/#primaryimage"},"image":{"@id":"https:\/\/abaa.mx\/tienda\/refractometro-digital-para-leche-pal-milk\/#primaryimage"},"thumbnailUrl":"https:\/\/abaa.mx\/tienda\/wp-content\/uploads\/2023\/11\/ATAGO-PAL-MILK.jpg","datePublished":"2023-11-23T15:04:08+00:00","dateModified":"2023-11-23T15:05:20+00:00","breadcrumb":{"@id":"https:\/\/abaa.mx\/tienda\/refractometro-digital-para-leche-pal-milk\/#breadcrumb"},"inLanguage":"es","potentialAction":[{"@type":"ReadAction","target":["https:\/\/abaa.mx\/tienda\/refractometro-digital-para-leche-pal-milk\/"]}]},{"@type":"ImageObject","inLanguage":"es","@id":"https:\/\/abaa.mx\/tienda\/refractometro-digital-para-leche-pal-milk\/#primaryimage","url":"https:\/\/abaa.mx\/tienda\/wp-content\/uploads\/2023\/11\/ATAGO-PAL-MILK.jpg","contentUrl":"https:\/\/abaa.mx\/tienda\/wp-content\/uploads\/2023\/11\/ATAGO-PAL-MILK.jpg","width":311,"height":424,"caption":"ATAGO-PAL-MILK"},{"@type":"BreadcrumbList","@id":"https:\/\/abaa.mx\/tienda\/refractometro-digital-para-leche-pal-milk\/#breadcrumb","itemListElement":[{"@type":"ListItem","position":1,"name":"Inicio","item":"https:\/\/abaa.mx\/tienda\/"},{"@type":"ListItem","position":2,"name":"Tienda","item":"https:\/\/abaa.mx\/tienda\/"},{"@type":"ListItem","position":3,"name":"Refractometro Digital para LECHE PAL-MILK."}]},{"@type":"WebSite","@id":"https:\/\/abaa.mx\/tienda\/#website","url":"https:\/\/abaa.mx\/tienda\/","name":"Abaa tienda online","description":"Instrumentos de medici\u00f3n","publisher":{"@id":"https:\/\/abaa.mx\/tienda\/#organization"},"potentialAction":[{"@type":"SearchAction","target":{"@type":"EntryPoint","urlTemplate":"https:\/\/abaa.mx\/tienda\/?s={search_term_string}"},"query-input":{"@type":"PropertyValueSpecification","valueRequired":true,"valueName":"search_term_string"}}],"inLanguage":"es"},{"@type":"Organization","@id":"https:\/\/abaa.mx\/tienda\/#organization","name":"Abaa tienda online","url":"https:\/\/abaa.mx\/tienda\/","logo":{"@type":"ImageObject","inLanguage":"es","@id":"https:\/\/abaa.mx\/tienda\/#\/schema\/logo\/image\/","url":"https:\/\/abaa.mx\/tienda\/wp-content\/uploads\/2024\/01\/abaa-metrologia-tienda.png","contentUrl":"https:\/\/abaa.mx\/tienda\/wp-content\/uploads\/2024\/01\/abaa-metrologia-tienda.png","width":300,"height":141,"caption":"Abaa tienda online"},"image":{"@id":"https:\/\/abaa.mx\/tienda\/#\/schema\/logo\/image\/"}}]}},"_links":{"self":[{"href":"https:\/\/abaa.mx\/tienda\/wp-json\/wp\/v2\/product\/9178","targetHints":{"allow":["GET"]}}],"collection":[{"href":"https:\/\/abaa.mx\/tienda\/wp-json\/wp\/v2\/product"}],"about":[{"href":"https:\/\/abaa.mx\/tienda\/wp-json\/wp\/v2\/types\/product"}],"replies":[{"embeddable":true,"href":"https:\/\/abaa.mx\/tienda\/wp-json\/wp\/v2\/comments?post=9178"}],"wp:featuredmedia":[{"embeddable":true,"href":"https:\/\/abaa.mx\/tienda\/wp-json\/wp\/v2\/media\/9179"}],"wp:attachment":[{"href":"https:\/\/abaa.mx\/tienda\/wp-json\/wp\/v2\/media?parent=9178"}],"wp:term":[{"taxonomy":"product_brand","embeddable":true,"href":"https:\/\/abaa.mx\/tienda\/wp-json\/wp\/v2\/product_brand?post=9178"},{"taxonomy":"product_cat","embeddable":true,"href":"https:\/\/abaa.mx\/tienda\/wp-json\/wp\/v2\/product_cat?post=9178"},{"taxonomy":"product_tag","embeddable":true,"href":"https:\/\/abaa.mx\/tienda\/wp-json\/wp\/v2\/product_tag?post=9178"}],"curies":[{"name":"wp","href":"https:\/\/api.w.org\/{rel}","templated":true}]}}