{"id":9173,"date":"2023-11-22T16:23:13","date_gmt":"2023-11-22T16:23:13","guid":{"rendered":"https:\/\/abaa.mx\/tienda\/?post_type=product&#038;p=9173"},"modified":"2023-11-22T16:23:13","modified_gmt":"2023-11-22T16:23:13","slug":"medidor-de-vibracion-basico-v-a-d-vb8213","status":"publish","type":"product","link":"https:\/\/abaa.mx\/tienda\/medidor-de-vibracion-basico-v-a-d-vb8213\/","title":{"rendered":"Medidor de Vibraci\u00f3n B\u00e1sico, V.A.D. &#8211; VB8213"},"content":{"rendered":"<p>Medidor de Vibraci\u00f3n B\u00e1sico, V.A.D. &#8211; VB8213.<\/p>\n","protected":false},"excerpt":{"rendered":"<p>El medidor de vibraci\u00f3n LT-VB8213 le permitir\u00e1 evaluar los niveles de vibraci\u00f3n apropiados para cada categor\u00eda de maquinaria industrial. La adecuada y peri\u00f3dica evaluaci\u00f3n de las especificaciones de la vibraci\u00f3n en los equipos industriales le dejar\u00e1 comprender las condiciones de la m\u00e1quina y advertir oportunidades para programar mantenimientos precautorios. Detecte oportunamente desbalances, fallas de alineaci\u00f3n, probables fallas en los medios de fijaci\u00f3n de equipos que vibran. Microprocesador tipo computadora , Mediciones pico y RMS, retiene el valor m\u00e1ximo, el m\u00ednimo en memoria. Unidades imperiales y sistema m\u00e9trico. Opera con una pila de 9 VCD o semejante. Funci\u00f3n de ahorro de energ\u00eda con indicador de carga.<\/p>\n<p><strong>Aplicaciones:<\/strong>\u00a0Mantenimiento industrial, instalaci\u00f3n de maquinaria, auxiliar en la generaci\u00f3n de mantenimiento preventivos. Operaciones de fabricaci\u00f3n, ensamble y mantenimiento de equipo industrial.<\/p>\n<p><strong>Dimensiones y peso:<\/strong>\u00a0Equipo 180 x 72 x 32 mm; Sonda 19 mm Dia. x 21 mm. ; Aparato 230 g, Sonda: 38 g.<\/p>\n<p><strong>Contenido de la Caja:<\/strong>\u00a0Manual de instrucci\u00f3n, Medidor de vibraci\u00f3n, sensor de vibraci\u00f3n (LT-VB8213A), cable de conexi\u00f3n del sensor al medidor, base imantada , estuche de transporte.<\/p>\n<p><strong>Condiciones de Operaci\u00f3n:<\/strong>\u00a00 to50\u00b0C(32to122\u00b0F) ; Humedad &lt; 80% RH.<\/p>\n<p>&nbsp;<\/p>\n","protected":false},"featured_media":9174,"comment_status":"open","ping_status":"closed","template":"","meta":{"_joinchat":[]},"product_brand":[],"product_cat":[139],"product_tag":[],"class_list":{"0":"post-9173","1":"product","2":"type-product","3":"status-publish","4":"has-post-thumbnail","6":"product_cat-vibrometros","8":"first","9":"instock","10":"shipping-taxable","11":"product-type-simple"},"yoast_head":"<!-- This site is optimized with the Yoast SEO plugin v26.4 - https:\/\/yoast.com\/wordpress\/plugins\/seo\/ -->\n<title>Medidor de Vibraci\u00f3n B\u00e1sico, V.A.D. - VB8213 - Abaa tienda online<\/title>\n<meta name=\"robots\" content=\"index, follow, max-snippet:-1, max-image-preview:large, max-video-preview:-1\" \/>\n<link rel=\"canonical\" href=\"https:\/\/abaa.mx\/tienda\/medidor-de-vibracion-basico-v-a-d-vb8213\/\" \/>\n<meta property=\"og:locale\" content=\"es_MX\" \/>\n<meta property=\"og:type\" content=\"article\" \/>\n<meta property=\"og:title\" content=\"Medidor de Vibraci\u00f3n B\u00e1sico, V.A.D. - VB8213 - Abaa tienda online\" \/>\n<meta property=\"og:description\" content=\"El medidor de vibraci\u00f3n LT-VB8213 le permitir\u00e1 evaluar los niveles de vibraci\u00f3n apropiados para cada categor\u00eda de maquinaria industrial. La adecuada y peri\u00f3dica evaluaci\u00f3n de las especificaciones de la vibraci\u00f3n en los equipos industriales le dejar\u00e1 comprender las condiciones de la m\u00e1quina y advertir oportunidades para programar mantenimientos precautorios. Detecte oportunamente desbalances, fallas de alineaci\u00f3n, probables fallas en los medios de fijaci\u00f3n de equipos que vibran. Microprocesador tipo computadora , Mediciones pico y RMS, retiene el valor m\u00e1ximo, el m\u00ednimo en memoria. Unidades imperiales y sistema m\u00e9trico. Opera con una pila de 9 VCD o semejante. Funci\u00f3n de ahorro de energ\u00eda con indicador de carga.  Aplicaciones:\u00a0Mantenimiento industrial, instalaci\u00f3n de maquinaria, auxiliar en la generaci\u00f3n de mantenimiento preventivos. Operaciones de fabricaci\u00f3n, ensamble y mantenimiento de equipo industrial.  Dimensiones y peso:\u00a0Equipo 180 x 72 x 32 mm; Sonda 19 mm Dia. x 21 mm. ; Aparato 230 g, Sonda: 38 g.  Contenido de la Caja:\u00a0Manual de instrucci\u00f3n, Medidor de vibraci\u00f3n, sensor de vibraci\u00f3n (LT-VB8213A), cable de conexi\u00f3n del sensor al medidor, base imantada , estuche de transporte.  Condiciones de Operaci\u00f3n:\u00a00 to50\u00b0C(32to122\u00b0F) ; Humedad &lt; 80% RH.  &nbsp;\" \/>\n<meta property=\"og:url\" content=\"https:\/\/abaa.mx\/tienda\/medidor-de-vibracion-basico-v-a-d-vb8213\/\" \/>\n<meta property=\"og:site_name\" content=\"Abaa tienda online\" \/>\n<meta property=\"og:image\" content=\"https:\/\/abaa.mx\/tienda\/wp-content\/uploads\/2023\/11\/VAD-VB8213.jpg\" \/>\n\t<meta property=\"og:image:width\" content=\"382\" \/>\n\t<meta property=\"og:image:height\" content=\"452\" \/>\n\t<meta property=\"og:image:type\" content=\"image\/jpeg\" \/>\n<meta name=\"twitter:card\" content=\"summary_large_image\" \/>\n<meta name=\"twitter:label1\" content=\"Tiempo de lectura\" \/>\n\t<meta name=\"twitter:data1\" content=\"1 minuto\" \/>\n<script type=\"application\/ld+json\" class=\"yoast-schema-graph\">{\"@context\":\"https:\/\/schema.org\",\"@graph\":[{\"@type\":\"WebPage\",\"@id\":\"https:\/\/abaa.mx\/tienda\/medidor-de-vibracion-basico-v-a-d-vb8213\/\",\"url\":\"https:\/\/abaa.mx\/tienda\/medidor-de-vibracion-basico-v-a-d-vb8213\/\",\"name\":\"Medidor de Vibraci\u00f3n B\u00e1sico, V.A.D. - VB8213 - Abaa tienda online\",\"isPartOf\":{\"@id\":\"https:\/\/abaa.mx\/tienda\/#website\"},\"primaryImageOfPage\":{\"@id\":\"https:\/\/abaa.mx\/tienda\/medidor-de-vibracion-basico-v-a-d-vb8213\/#primaryimage\"},\"image\":{\"@id\":\"https:\/\/abaa.mx\/tienda\/medidor-de-vibracion-basico-v-a-d-vb8213\/#primaryimage\"},\"thumbnailUrl\":\"https:\/\/abaa.mx\/tienda\/wp-content\/uploads\/2023\/11\/VAD-VB8213.jpg\",\"datePublished\":\"2023-11-22T16:23:13+00:00\",\"breadcrumb\":{\"@id\":\"https:\/\/abaa.mx\/tienda\/medidor-de-vibracion-basico-v-a-d-vb8213\/#breadcrumb\"},\"inLanguage\":\"es\",\"potentialAction\":[{\"@type\":\"ReadAction\",\"target\":[\"https:\/\/abaa.mx\/tienda\/medidor-de-vibracion-basico-v-a-d-vb8213\/\"]}]},{\"@type\":\"ImageObject\",\"inLanguage\":\"es\",\"@id\":\"https:\/\/abaa.mx\/tienda\/medidor-de-vibracion-basico-v-a-d-vb8213\/#primaryimage\",\"url\":\"https:\/\/abaa.mx\/tienda\/wp-content\/uploads\/2023\/11\/VAD-VB8213.jpg\",\"contentUrl\":\"https:\/\/abaa.mx\/tienda\/wp-content\/uploads\/2023\/11\/VAD-VB8213.jpg\",\"width\":382,\"height\":452,\"caption\":\"VAD-VB8213\"},{\"@type\":\"BreadcrumbList\",\"@id\":\"https:\/\/abaa.mx\/tienda\/medidor-de-vibracion-basico-v-a-d-vb8213\/#breadcrumb\",\"itemListElement\":[{\"@type\":\"ListItem\",\"position\":1,\"name\":\"Inicio\",\"item\":\"https:\/\/abaa.mx\/tienda\/\"},{\"@type\":\"ListItem\",\"position\":2,\"name\":\"Tienda\",\"item\":\"https:\/\/abaa.mx\/tienda\/\"},{\"@type\":\"ListItem\",\"position\":3,\"name\":\"Medidor de Vibraci\u00f3n B\u00e1sico, V.A.D. &#8211; VB8213\"}]},{\"@type\":\"WebSite\",\"@id\":\"https:\/\/abaa.mx\/tienda\/#website\",\"url\":\"https:\/\/abaa.mx\/tienda\/\",\"name\":\"Abaa tienda online\",\"description\":\"Instrumentos de medici\u00f3n\",\"publisher\":{\"@id\":\"https:\/\/abaa.mx\/tienda\/#organization\"},\"potentialAction\":[{\"@type\":\"SearchAction\",\"target\":{\"@type\":\"EntryPoint\",\"urlTemplate\":\"https:\/\/abaa.mx\/tienda\/?s={search_term_string}\"},\"query-input\":{\"@type\":\"PropertyValueSpecification\",\"valueRequired\":true,\"valueName\":\"search_term_string\"}}],\"inLanguage\":\"es\"},{\"@type\":\"Organization\",\"@id\":\"https:\/\/abaa.mx\/tienda\/#organization\",\"name\":\"Abaa tienda online\",\"url\":\"https:\/\/abaa.mx\/tienda\/\",\"logo\":{\"@type\":\"ImageObject\",\"inLanguage\":\"es\",\"@id\":\"https:\/\/abaa.mx\/tienda\/#\/schema\/logo\/image\/\",\"url\":\"https:\/\/abaa.mx\/tienda\/wp-content\/uploads\/2024\/01\/abaa-metrologia-tienda.png\",\"contentUrl\":\"https:\/\/abaa.mx\/tienda\/wp-content\/uploads\/2024\/01\/abaa-metrologia-tienda.png\",\"width\":300,\"height\":141,\"caption\":\"Abaa tienda online\"},\"image\":{\"@id\":\"https:\/\/abaa.mx\/tienda\/#\/schema\/logo\/image\/\"}}]}<\/script>\n<!-- \/ Yoast SEO plugin. -->","yoast_head_json":{"title":"Medidor de Vibraci\u00f3n B\u00e1sico, V.A.D. - VB8213 - Abaa tienda online","robots":{"index":"index","follow":"follow","max-snippet":"max-snippet:-1","max-image-preview":"max-image-preview:large","max-video-preview":"max-video-preview:-1"},"canonical":"https:\/\/abaa.mx\/tienda\/medidor-de-vibracion-basico-v-a-d-vb8213\/","og_locale":"es_MX","og_type":"article","og_title":"Medidor de Vibraci\u00f3n B\u00e1sico, V.A.D. - VB8213 - Abaa tienda online","og_description":"El medidor de vibraci\u00f3n LT-VB8213 le permitir\u00e1 evaluar los niveles de vibraci\u00f3n apropiados para cada categor\u00eda de maquinaria industrial. La adecuada y peri\u00f3dica evaluaci\u00f3n de las especificaciones de la vibraci\u00f3n en los equipos industriales le dejar\u00e1 comprender las condiciones de la m\u00e1quina y advertir oportunidades para programar mantenimientos precautorios. Detecte oportunamente desbalances, fallas de alineaci\u00f3n, probables fallas en los medios de fijaci\u00f3n de equipos que vibran. Microprocesador tipo computadora , Mediciones pico y RMS, retiene el valor m\u00e1ximo, el m\u00ednimo en memoria. Unidades imperiales y sistema m\u00e9trico. Opera con una pila de 9 VCD o semejante. Funci\u00f3n de ahorro de energ\u00eda con indicador de carga.  Aplicaciones:\u00a0Mantenimiento industrial, instalaci\u00f3n de maquinaria, auxiliar en la generaci\u00f3n de mantenimiento preventivos. Operaciones de fabricaci\u00f3n, ensamble y mantenimiento de equipo industrial.  Dimensiones y peso:\u00a0Equipo 180 x 72 x 32 mm; Sonda 19 mm Dia. x 21 mm. ; Aparato 230 g, Sonda: 38 g.  Contenido de la Caja:\u00a0Manual de instrucci\u00f3n, Medidor de vibraci\u00f3n, sensor de vibraci\u00f3n (LT-VB8213A), cable de conexi\u00f3n del sensor al medidor, base imantada , estuche de transporte.  Condiciones de Operaci\u00f3n:\u00a00 to50\u00b0C(32to122\u00b0F) ; Humedad &lt; 80% RH.  &nbsp;","og_url":"https:\/\/abaa.mx\/tienda\/medidor-de-vibracion-basico-v-a-d-vb8213\/","og_site_name":"Abaa tienda online","og_image":[{"width":382,"height":452,"url":"https:\/\/abaa.mx\/tienda\/wp-content\/uploads\/2023\/11\/VAD-VB8213.jpg","type":"image\/jpeg"}],"twitter_card":"summary_large_image","twitter_misc":{"Tiempo de lectura":"1 minuto"},"schema":{"@context":"https:\/\/schema.org","@graph":[{"@type":"WebPage","@id":"https:\/\/abaa.mx\/tienda\/medidor-de-vibracion-basico-v-a-d-vb8213\/","url":"https:\/\/abaa.mx\/tienda\/medidor-de-vibracion-basico-v-a-d-vb8213\/","name":"Medidor de Vibraci\u00f3n B\u00e1sico, V.A.D. - VB8213 - Abaa tienda online","isPartOf":{"@id":"https:\/\/abaa.mx\/tienda\/#website"},"primaryImageOfPage":{"@id":"https:\/\/abaa.mx\/tienda\/medidor-de-vibracion-basico-v-a-d-vb8213\/#primaryimage"},"image":{"@id":"https:\/\/abaa.mx\/tienda\/medidor-de-vibracion-basico-v-a-d-vb8213\/#primaryimage"},"thumbnailUrl":"https:\/\/abaa.mx\/tienda\/wp-content\/uploads\/2023\/11\/VAD-VB8213.jpg","datePublished":"2023-11-22T16:23:13+00:00","breadcrumb":{"@id":"https:\/\/abaa.mx\/tienda\/medidor-de-vibracion-basico-v-a-d-vb8213\/#breadcrumb"},"inLanguage":"es","potentialAction":[{"@type":"ReadAction","target":["https:\/\/abaa.mx\/tienda\/medidor-de-vibracion-basico-v-a-d-vb8213\/"]}]},{"@type":"ImageObject","inLanguage":"es","@id":"https:\/\/abaa.mx\/tienda\/medidor-de-vibracion-basico-v-a-d-vb8213\/#primaryimage","url":"https:\/\/abaa.mx\/tienda\/wp-content\/uploads\/2023\/11\/VAD-VB8213.jpg","contentUrl":"https:\/\/abaa.mx\/tienda\/wp-content\/uploads\/2023\/11\/VAD-VB8213.jpg","width":382,"height":452,"caption":"VAD-VB8213"},{"@type":"BreadcrumbList","@id":"https:\/\/abaa.mx\/tienda\/medidor-de-vibracion-basico-v-a-d-vb8213\/#breadcrumb","itemListElement":[{"@type":"ListItem","position":1,"name":"Inicio","item":"https:\/\/abaa.mx\/tienda\/"},{"@type":"ListItem","position":2,"name":"Tienda","item":"https:\/\/abaa.mx\/tienda\/"},{"@type":"ListItem","position":3,"name":"Medidor de Vibraci\u00f3n B\u00e1sico, V.A.D. &#8211; VB8213"}]},{"@type":"WebSite","@id":"https:\/\/abaa.mx\/tienda\/#website","url":"https:\/\/abaa.mx\/tienda\/","name":"Abaa tienda online","description":"Instrumentos de medici\u00f3n","publisher":{"@id":"https:\/\/abaa.mx\/tienda\/#organization"},"potentialAction":[{"@type":"SearchAction","target":{"@type":"EntryPoint","urlTemplate":"https:\/\/abaa.mx\/tienda\/?s={search_term_string}"},"query-input":{"@type":"PropertyValueSpecification","valueRequired":true,"valueName":"search_term_string"}}],"inLanguage":"es"},{"@type":"Organization","@id":"https:\/\/abaa.mx\/tienda\/#organization","name":"Abaa tienda online","url":"https:\/\/abaa.mx\/tienda\/","logo":{"@type":"ImageObject","inLanguage":"es","@id":"https:\/\/abaa.mx\/tienda\/#\/schema\/logo\/image\/","url":"https:\/\/abaa.mx\/tienda\/wp-content\/uploads\/2024\/01\/abaa-metrologia-tienda.png","contentUrl":"https:\/\/abaa.mx\/tienda\/wp-content\/uploads\/2024\/01\/abaa-metrologia-tienda.png","width":300,"height":141,"caption":"Abaa tienda online"},"image":{"@id":"https:\/\/abaa.mx\/tienda\/#\/schema\/logo\/image\/"}}]}},"_links":{"self":[{"href":"https:\/\/abaa.mx\/tienda\/wp-json\/wp\/v2\/product\/9173","targetHints":{"allow":["GET"]}}],"collection":[{"href":"https:\/\/abaa.mx\/tienda\/wp-json\/wp\/v2\/product"}],"about":[{"href":"https:\/\/abaa.mx\/tienda\/wp-json\/wp\/v2\/types\/product"}],"replies":[{"embeddable":true,"href":"https:\/\/abaa.mx\/tienda\/wp-json\/wp\/v2\/comments?post=9173"}],"wp:featuredmedia":[{"embeddable":true,"href":"https:\/\/abaa.mx\/tienda\/wp-json\/wp\/v2\/media\/9174"}],"wp:attachment":[{"href":"https:\/\/abaa.mx\/tienda\/wp-json\/wp\/v2\/media?parent=9173"}],"wp:term":[{"taxonomy":"product_brand","embeddable":true,"href":"https:\/\/abaa.mx\/tienda\/wp-json\/wp\/v2\/product_brand?post=9173"},{"taxonomy":"product_cat","embeddable":true,"href":"https:\/\/abaa.mx\/tienda\/wp-json\/wp\/v2\/product_cat?post=9173"},{"taxonomy":"product_tag","embeddable":true,"href":"https:\/\/abaa.mx\/tienda\/wp-json\/wp\/v2\/product_tag?post=9173"}],"curies":[{"name":"wp","href":"https:\/\/api.w.org\/{rel}","templated":true}]}}