{"id":9171,"date":"2023-11-22T16:14:29","date_gmt":"2023-11-22T16:14:29","guid":{"rendered":"https:\/\/abaa.mx\/tienda\/?post_type=product&#038;p=9171"},"modified":"2023-11-22T16:14:30","modified_gmt":"2023-11-22T16:14:30","slug":"vibrometro-graficador-v-a-d-impresora-gv300","status":"publish","type":"product","link":"https:\/\/abaa.mx\/tienda\/vibrometro-graficador-v-a-d-impresora-gv300\/","title":{"rendered":"Vibr\u00f3metro Graficador, V.A.D. + Impresora &#8211; GV300"},"content":{"rendered":"<p>Vibr\u00f3metro Graficador, V.A.D. + Impresora &#8211; GV300.<\/p>\n","protected":false},"excerpt":{"rendered":"<p>El medidor de vibraci\u00f3n modelo GV300 emplea un transductor de aceleraci\u00f3n piezoel\u00e9ctrico para capturar una senal de una fuente de vibraci\u00f3n y convertir la senal en un valor que se despliega en la pantalla los valores de los siguientes factores : Velocidad RMS, Valores pico de desplazamiento , Valores pico de aceleraci\u00f3n<\/p>\n<p>Desplegar en pantalla grafica fantasmal a tiempo real. Opcionalmente, va a poder medir la agilidad rotacional con la sonda Sonda opcional (modelo LS01, se vende separadamente ).<\/p>\n<p>El GL-GV300 esta disenado para probar vibraci\u00f3n convencional , en especial vibraci\u00f3n en equipos de eje rotativo y maquinaria reciprocante. No solo indica los factores de velocidad , aceleraci\u00f3n y desplazamiento de la vibraci\u00f3n sino que adem\u00e1s de esto REV (o frecuencia inseparable ) facilitando el diagnostico de falla simple.<\/p>\n","protected":false},"featured_media":9172,"comment_status":"open","ping_status":"closed","template":"","meta":{"_joinchat":[]},"product_brand":[],"product_cat":[139],"product_tag":[],"class_list":{"0":"post-9171","1":"product","2":"type-product","3":"status-publish","4":"has-post-thumbnail","6":"product_cat-vibrometros","8":"first","9":"instock","10":"shipping-taxable","11":"product-type-simple"},"yoast_head":"<!-- This site is optimized with the Yoast SEO plugin v26.4 - https:\/\/yoast.com\/wordpress\/plugins\/seo\/ -->\n<title>Vibr\u00f3metro Graficador, V.A.D. + Impresora - GV300 - Abaa tienda online<\/title>\n<meta name=\"robots\" content=\"index, follow, max-snippet:-1, max-image-preview:large, max-video-preview:-1\" \/>\n<link rel=\"canonical\" href=\"https:\/\/abaa.mx\/tienda\/vibrometro-graficador-v-a-d-impresora-gv300\/\" \/>\n<meta property=\"og:locale\" content=\"es_MX\" \/>\n<meta property=\"og:type\" content=\"article\" \/>\n<meta property=\"og:title\" content=\"Vibr\u00f3metro Graficador, V.A.D. + Impresora - GV300 - Abaa tienda online\" \/>\n<meta property=\"og:description\" content=\"El medidor de vibraci\u00f3n modelo GV300 emplea un transductor de aceleraci\u00f3n piezoel\u00e9ctrico para capturar una senal de una fuente de vibraci\u00f3n y convertir la senal en un valor que se despliega en la pantalla los valores de los siguientes factores : Velocidad RMS, Valores pico de desplazamiento , Valores pico de aceleraci\u00f3n  Desplegar en pantalla grafica fantasmal a tiempo real. Opcionalmente, va a poder medir la agilidad rotacional con la sonda Sonda opcional (modelo LS01, se vende separadamente ).  El GL-GV300 esta disenado para probar vibraci\u00f3n convencional , en especial vibraci\u00f3n en equipos de eje rotativo y maquinaria reciprocante. No solo indica los factores de velocidad , aceleraci\u00f3n y desplazamiento de la vibraci\u00f3n sino que adem\u00e1s de esto REV (o frecuencia inseparable ) facilitando el diagnostico de falla simple.\" \/>\n<meta property=\"og:url\" content=\"https:\/\/abaa.mx\/tienda\/vibrometro-graficador-v-a-d-impresora-gv300\/\" \/>\n<meta property=\"og:site_name\" content=\"Abaa tienda online\" \/>\n<meta property=\"article:modified_time\" content=\"2023-11-22T16:14:30+00:00\" \/>\n<meta property=\"og:image\" content=\"https:\/\/abaa.mx\/tienda\/wp-content\/uploads\/2023\/11\/GALAXY-GV300.jpg\" \/>\n\t<meta property=\"og:image:width\" content=\"440\" \/>\n\t<meta property=\"og:image:height\" content=\"366\" \/>\n\t<meta property=\"og:image:type\" content=\"image\/jpeg\" \/>\n<meta name=\"twitter:card\" content=\"summary_large_image\" \/>\n<meta name=\"twitter:label1\" content=\"Tiempo de lectura\" \/>\n\t<meta name=\"twitter:data1\" content=\"1 minuto\" \/>\n<script type=\"application\/ld+json\" class=\"yoast-schema-graph\">{\"@context\":\"https:\/\/schema.org\",\"@graph\":[{\"@type\":\"WebPage\",\"@id\":\"https:\/\/abaa.mx\/tienda\/vibrometro-graficador-v-a-d-impresora-gv300\/\",\"url\":\"https:\/\/abaa.mx\/tienda\/vibrometro-graficador-v-a-d-impresora-gv300\/\",\"name\":\"Vibr\u00f3metro Graficador, V.A.D. + Impresora - GV300 - Abaa tienda online\",\"isPartOf\":{\"@id\":\"https:\/\/abaa.mx\/tienda\/#website\"},\"primaryImageOfPage\":{\"@id\":\"https:\/\/abaa.mx\/tienda\/vibrometro-graficador-v-a-d-impresora-gv300\/#primaryimage\"},\"image\":{\"@id\":\"https:\/\/abaa.mx\/tienda\/vibrometro-graficador-v-a-d-impresora-gv300\/#primaryimage\"},\"thumbnailUrl\":\"https:\/\/abaa.mx\/tienda\/wp-content\/uploads\/2023\/11\/GALAXY-GV300.jpg\",\"datePublished\":\"2023-11-22T16:14:29+00:00\",\"dateModified\":\"2023-11-22T16:14:30+00:00\",\"breadcrumb\":{\"@id\":\"https:\/\/abaa.mx\/tienda\/vibrometro-graficador-v-a-d-impresora-gv300\/#breadcrumb\"},\"inLanguage\":\"es\",\"potentialAction\":[{\"@type\":\"ReadAction\",\"target\":[\"https:\/\/abaa.mx\/tienda\/vibrometro-graficador-v-a-d-impresora-gv300\/\"]}]},{\"@type\":\"ImageObject\",\"inLanguage\":\"es\",\"@id\":\"https:\/\/abaa.mx\/tienda\/vibrometro-graficador-v-a-d-impresora-gv300\/#primaryimage\",\"url\":\"https:\/\/abaa.mx\/tienda\/wp-content\/uploads\/2023\/11\/GALAXY-GV300.jpg\",\"contentUrl\":\"https:\/\/abaa.mx\/tienda\/wp-content\/uploads\/2023\/11\/GALAXY-GV300.jpg\",\"width\":440,\"height\":366,\"caption\":\"GALAXY-GV300\"},{\"@type\":\"BreadcrumbList\",\"@id\":\"https:\/\/abaa.mx\/tienda\/vibrometro-graficador-v-a-d-impresora-gv300\/#breadcrumb\",\"itemListElement\":[{\"@type\":\"ListItem\",\"position\":1,\"name\":\"Inicio\",\"item\":\"https:\/\/abaa.mx\/tienda\/\"},{\"@type\":\"ListItem\",\"position\":2,\"name\":\"Tienda\",\"item\":\"https:\/\/abaa.mx\/tienda\/\"},{\"@type\":\"ListItem\",\"position\":3,\"name\":\"Vibr\u00f3metro Graficador, V.A.D. + Impresora &#8211; GV300\"}]},{\"@type\":\"WebSite\",\"@id\":\"https:\/\/abaa.mx\/tienda\/#website\",\"url\":\"https:\/\/abaa.mx\/tienda\/\",\"name\":\"Abaa tienda online\",\"description\":\"Instrumentos de medici\u00f3n\",\"publisher\":{\"@id\":\"https:\/\/abaa.mx\/tienda\/#organization\"},\"potentialAction\":[{\"@type\":\"SearchAction\",\"target\":{\"@type\":\"EntryPoint\",\"urlTemplate\":\"https:\/\/abaa.mx\/tienda\/?s={search_term_string}\"},\"query-input\":{\"@type\":\"PropertyValueSpecification\",\"valueRequired\":true,\"valueName\":\"search_term_string\"}}],\"inLanguage\":\"es\"},{\"@type\":\"Organization\",\"@id\":\"https:\/\/abaa.mx\/tienda\/#organization\",\"name\":\"Abaa tienda online\",\"url\":\"https:\/\/abaa.mx\/tienda\/\",\"logo\":{\"@type\":\"ImageObject\",\"inLanguage\":\"es\",\"@id\":\"https:\/\/abaa.mx\/tienda\/#\/schema\/logo\/image\/\",\"url\":\"https:\/\/abaa.mx\/tienda\/wp-content\/uploads\/2024\/01\/abaa-metrologia-tienda.png\",\"contentUrl\":\"https:\/\/abaa.mx\/tienda\/wp-content\/uploads\/2024\/01\/abaa-metrologia-tienda.png\",\"width\":300,\"height\":141,\"caption\":\"Abaa tienda online\"},\"image\":{\"@id\":\"https:\/\/abaa.mx\/tienda\/#\/schema\/logo\/image\/\"}}]}<\/script>\n<!-- \/ Yoast SEO plugin. -->","yoast_head_json":{"title":"Vibr\u00f3metro Graficador, V.A.D. + Impresora - GV300 - Abaa tienda online","robots":{"index":"index","follow":"follow","max-snippet":"max-snippet:-1","max-image-preview":"max-image-preview:large","max-video-preview":"max-video-preview:-1"},"canonical":"https:\/\/abaa.mx\/tienda\/vibrometro-graficador-v-a-d-impresora-gv300\/","og_locale":"es_MX","og_type":"article","og_title":"Vibr\u00f3metro Graficador, V.A.D. + Impresora - GV300 - Abaa tienda online","og_description":"El medidor de vibraci\u00f3n modelo GV300 emplea un transductor de aceleraci\u00f3n piezoel\u00e9ctrico para capturar una senal de una fuente de vibraci\u00f3n y convertir la senal en un valor que se despliega en la pantalla los valores de los siguientes factores : Velocidad RMS, Valores pico de desplazamiento , Valores pico de aceleraci\u00f3n  Desplegar en pantalla grafica fantasmal a tiempo real. Opcionalmente, va a poder medir la agilidad rotacional con la sonda Sonda opcional (modelo LS01, se vende separadamente ).  El GL-GV300 esta disenado para probar vibraci\u00f3n convencional , en especial vibraci\u00f3n en equipos de eje rotativo y maquinaria reciprocante. No solo indica los factores de velocidad , aceleraci\u00f3n y desplazamiento de la vibraci\u00f3n sino que adem\u00e1s de esto REV (o frecuencia inseparable ) facilitando el diagnostico de falla simple.","og_url":"https:\/\/abaa.mx\/tienda\/vibrometro-graficador-v-a-d-impresora-gv300\/","og_site_name":"Abaa tienda online","article_modified_time":"2023-11-22T16:14:30+00:00","og_image":[{"width":440,"height":366,"url":"https:\/\/abaa.mx\/tienda\/wp-content\/uploads\/2023\/11\/GALAXY-GV300.jpg","type":"image\/jpeg"}],"twitter_card":"summary_large_image","twitter_misc":{"Tiempo de lectura":"1 minuto"},"schema":{"@context":"https:\/\/schema.org","@graph":[{"@type":"WebPage","@id":"https:\/\/abaa.mx\/tienda\/vibrometro-graficador-v-a-d-impresora-gv300\/","url":"https:\/\/abaa.mx\/tienda\/vibrometro-graficador-v-a-d-impresora-gv300\/","name":"Vibr\u00f3metro Graficador, V.A.D. + Impresora - GV300 - Abaa tienda online","isPartOf":{"@id":"https:\/\/abaa.mx\/tienda\/#website"},"primaryImageOfPage":{"@id":"https:\/\/abaa.mx\/tienda\/vibrometro-graficador-v-a-d-impresora-gv300\/#primaryimage"},"image":{"@id":"https:\/\/abaa.mx\/tienda\/vibrometro-graficador-v-a-d-impresora-gv300\/#primaryimage"},"thumbnailUrl":"https:\/\/abaa.mx\/tienda\/wp-content\/uploads\/2023\/11\/GALAXY-GV300.jpg","datePublished":"2023-11-22T16:14:29+00:00","dateModified":"2023-11-22T16:14:30+00:00","breadcrumb":{"@id":"https:\/\/abaa.mx\/tienda\/vibrometro-graficador-v-a-d-impresora-gv300\/#breadcrumb"},"inLanguage":"es","potentialAction":[{"@type":"ReadAction","target":["https:\/\/abaa.mx\/tienda\/vibrometro-graficador-v-a-d-impresora-gv300\/"]}]},{"@type":"ImageObject","inLanguage":"es","@id":"https:\/\/abaa.mx\/tienda\/vibrometro-graficador-v-a-d-impresora-gv300\/#primaryimage","url":"https:\/\/abaa.mx\/tienda\/wp-content\/uploads\/2023\/11\/GALAXY-GV300.jpg","contentUrl":"https:\/\/abaa.mx\/tienda\/wp-content\/uploads\/2023\/11\/GALAXY-GV300.jpg","width":440,"height":366,"caption":"GALAXY-GV300"},{"@type":"BreadcrumbList","@id":"https:\/\/abaa.mx\/tienda\/vibrometro-graficador-v-a-d-impresora-gv300\/#breadcrumb","itemListElement":[{"@type":"ListItem","position":1,"name":"Inicio","item":"https:\/\/abaa.mx\/tienda\/"},{"@type":"ListItem","position":2,"name":"Tienda","item":"https:\/\/abaa.mx\/tienda\/"},{"@type":"ListItem","position":3,"name":"Vibr\u00f3metro Graficador, V.A.D. + Impresora &#8211; GV300"}]},{"@type":"WebSite","@id":"https:\/\/abaa.mx\/tienda\/#website","url":"https:\/\/abaa.mx\/tienda\/","name":"Abaa tienda online","description":"Instrumentos de medici\u00f3n","publisher":{"@id":"https:\/\/abaa.mx\/tienda\/#organization"},"potentialAction":[{"@type":"SearchAction","target":{"@type":"EntryPoint","urlTemplate":"https:\/\/abaa.mx\/tienda\/?s={search_term_string}"},"query-input":{"@type":"PropertyValueSpecification","valueRequired":true,"valueName":"search_term_string"}}],"inLanguage":"es"},{"@type":"Organization","@id":"https:\/\/abaa.mx\/tienda\/#organization","name":"Abaa tienda online","url":"https:\/\/abaa.mx\/tienda\/","logo":{"@type":"ImageObject","inLanguage":"es","@id":"https:\/\/abaa.mx\/tienda\/#\/schema\/logo\/image\/","url":"https:\/\/abaa.mx\/tienda\/wp-content\/uploads\/2024\/01\/abaa-metrologia-tienda.png","contentUrl":"https:\/\/abaa.mx\/tienda\/wp-content\/uploads\/2024\/01\/abaa-metrologia-tienda.png","width":300,"height":141,"caption":"Abaa tienda online"},"image":{"@id":"https:\/\/abaa.mx\/tienda\/#\/schema\/logo\/image\/"}}]}},"_links":{"self":[{"href":"https:\/\/abaa.mx\/tienda\/wp-json\/wp\/v2\/product\/9171","targetHints":{"allow":["GET"]}}],"collection":[{"href":"https:\/\/abaa.mx\/tienda\/wp-json\/wp\/v2\/product"}],"about":[{"href":"https:\/\/abaa.mx\/tienda\/wp-json\/wp\/v2\/types\/product"}],"replies":[{"embeddable":true,"href":"https:\/\/abaa.mx\/tienda\/wp-json\/wp\/v2\/comments?post=9171"}],"wp:featuredmedia":[{"embeddable":true,"href":"https:\/\/abaa.mx\/tienda\/wp-json\/wp\/v2\/media\/9172"}],"wp:attachment":[{"href":"https:\/\/abaa.mx\/tienda\/wp-json\/wp\/v2\/media?parent=9171"}],"wp:term":[{"taxonomy":"product_brand","embeddable":true,"href":"https:\/\/abaa.mx\/tienda\/wp-json\/wp\/v2\/product_brand?post=9171"},{"taxonomy":"product_cat","embeddable":true,"href":"https:\/\/abaa.mx\/tienda\/wp-json\/wp\/v2\/product_cat?post=9171"},{"taxonomy":"product_tag","embeddable":true,"href":"https:\/\/abaa.mx\/tienda\/wp-json\/wp\/v2\/product_tag?post=9171"}],"curies":[{"name":"wp","href":"https:\/\/api.w.org\/{rel}","templated":true}]}}