{"id":9169,"date":"2023-11-22T16:05:35","date_gmt":"2023-11-22T16:05:35","guid":{"rendered":"https:\/\/abaa.mx\/tienda\/?post_type=product&#038;p=9169"},"modified":"2023-11-22T16:05:36","modified_gmt":"2023-11-22T16:05:36","slug":"medidor-de-vibracion-de-precision-velocidad-y-aceleracion-vb8201ha","status":"publish","type":"product","link":"https:\/\/abaa.mx\/tienda\/medidor-de-vibracion-de-precision-velocidad-y-aceleracion-vb8201ha\/","title":{"rendered":"Medidor de Vibraci\u00f3n de Precisi\u00f3n, Velocidad y Aceleraci\u00f3n &#8211; VB8201HA"},"content":{"rendered":"<p>Medidor de Vibraci\u00f3n de Precisi\u00f3n, Velocidad y Aceleraci\u00f3n &#8211; VB8201HA.<\/p>\n","protected":false},"excerpt":{"rendered":"<p>El medidor de vibraci\u00f3n LT-VB8201HA le dejar\u00e1 evaluar los niveles de vibraci\u00f3n apropiados para cada categor\u00eda de maquinaria industrial. La correcta y peri\u00f3dica evaluaci\u00f3n de las especificaciones de la vibraci\u00f3n en los equipos industriales le dejar\u00e1 comprender las condiciones de la m\u00e1quina y detectar oportunidades para desarrollar mantenimientos preventivos. Detecte oportunamente desbalances, fallas de alineaci\u00f3n, probables fallas en los medios de fijaci\u00f3n de equipos que vibran.<\/p>\n<p><strong>Caracter\u00edsticas principales:<\/strong>\u00a0Medidor de vibraciones profesional equipado con sensor de vibraci\u00f3n, set completo. velocidad: 200 mm\/s: 0.5 a 199.9 mm\/s. Aceleraci\u00f3n: 200 m\/s2: 0.5 a 199.9 m\/s2. Medici\u00f3n RMS y pico de medici\u00f3n. Funci\u00f3n de pico que retiene el valor m\u00e1ximo en pantalla. Alto rango de frecuencia diez Hz hasta 1 kHz. Bot\u00f3n con funci\u00f3n para congelar la lectura deseada. Funci\u00f3n de memoria para almacenamiento de lectura m\u00ednima como de m\u00e1xima para recuperaci\u00f3n posterior de la misma. Sonda de vibraci\u00f3n separada por cable de f\u00e1cil operaci\u00f3n. Circuito de microcomputadora de prominente rendimiento.<\/p>\n<p><strong>Aplicaciones:<\/strong>\u00a0Evaluaci\u00f3n de vibraci\u00f3n, ejes rotativos, baleros y sistemas de fijaci\u00f3n de motores el\u00e9ctricos. Evaluaci\u00f3n para programaci\u00f3n de mantenimientos preventivos.<\/p>\n<p><strong>Dimensiones y peso:<\/strong>\u00a0Medidor: 185 x 78 x 38 mm (7.3 x 3.1 x 1.5 pulgadas), Sensor de vibraci\u00f3n: Redonda 16 mm. Dia. x 29 mm long. Medidor: 274 g\/0.60 LB, Sonda: 38 g\/0.08 LB.<\/p>\n","protected":false},"featured_media":9170,"comment_status":"open","ping_status":"closed","template":"","meta":{"_joinchat":[]},"product_brand":[],"product_cat":[139],"product_tag":[],"class_list":{"0":"post-9169","1":"product","2":"type-product","3":"status-publish","4":"has-post-thumbnail","6":"product_cat-vibrometros","8":"first","9":"instock","10":"shipping-taxable","11":"product-type-simple"},"yoast_head":"<!-- This site is optimized with the Yoast SEO plugin v26.4 - https:\/\/yoast.com\/wordpress\/plugins\/seo\/ -->\n<title>Medidor de Vibraci\u00f3n de Precisi\u00f3n, Velocidad y Aceleraci\u00f3n - VB8201HA - Abaa tienda online<\/title>\n<meta name=\"robots\" content=\"index, follow, max-snippet:-1, max-image-preview:large, max-video-preview:-1\" \/>\n<link rel=\"canonical\" href=\"https:\/\/abaa.mx\/tienda\/medidor-de-vibracion-de-precision-velocidad-y-aceleracion-vb8201ha\/\" \/>\n<meta property=\"og:locale\" content=\"es_MX\" \/>\n<meta property=\"og:type\" content=\"article\" \/>\n<meta property=\"og:title\" content=\"Medidor de Vibraci\u00f3n de Precisi\u00f3n, Velocidad y Aceleraci\u00f3n - VB8201HA - Abaa tienda online\" \/>\n<meta property=\"og:description\" content=\"El medidor de vibraci\u00f3n LT-VB8201HA le dejar\u00e1 evaluar los niveles de vibraci\u00f3n apropiados para cada categor\u00eda de maquinaria industrial. La correcta y peri\u00f3dica evaluaci\u00f3n de las especificaciones de la vibraci\u00f3n en los equipos industriales le dejar\u00e1 comprender las condiciones de la m\u00e1quina y detectar oportunidades para desarrollar mantenimientos preventivos. Detecte oportunamente desbalances, fallas de alineaci\u00f3n, probables fallas en los medios de fijaci\u00f3n de equipos que vibran.  Caracter\u00edsticas principales:\u00a0Medidor de vibraciones profesional equipado con sensor de vibraci\u00f3n, set completo. velocidad: 200 mm\/s: 0.5 a 199.9 mm\/s. Aceleraci\u00f3n: 200 m\/s2: 0.5 a 199.9 m\/s2. Medici\u00f3n RMS y pico de medici\u00f3n. Funci\u00f3n de pico que retiene el valor m\u00e1ximo en pantalla. Alto rango de frecuencia diez Hz hasta 1 kHz. Bot\u00f3n con funci\u00f3n para congelar la lectura deseada. Funci\u00f3n de memoria para almacenamiento de lectura m\u00ednima como de m\u00e1xima para recuperaci\u00f3n posterior de la misma. Sonda de vibraci\u00f3n separada por cable de f\u00e1cil operaci\u00f3n. Circuito de microcomputadora de prominente rendimiento.  Aplicaciones:\u00a0Evaluaci\u00f3n de vibraci\u00f3n, ejes rotativos, baleros y sistemas de fijaci\u00f3n de motores el\u00e9ctricos. Evaluaci\u00f3n para programaci\u00f3n de mantenimientos preventivos.  Dimensiones y peso:\u00a0Medidor: 185 x 78 x 38 mm (7.3 x 3.1 x 1.5 pulgadas), Sensor de vibraci\u00f3n: Redonda 16 mm. Dia. x 29 mm long. Medidor: 274 g\/0.60 LB, Sonda: 38 g\/0.08 LB.\" \/>\n<meta property=\"og:url\" content=\"https:\/\/abaa.mx\/tienda\/medidor-de-vibracion-de-precision-velocidad-y-aceleracion-vb8201ha\/\" \/>\n<meta property=\"og:site_name\" content=\"Abaa tienda online\" \/>\n<meta property=\"article:modified_time\" content=\"2023-11-22T16:05:36+00:00\" \/>\n<meta property=\"og:image\" content=\"https:\/\/abaa.mx\/tienda\/wp-content\/uploads\/2023\/11\/LUTRON-VB8201HA.jpg\" \/>\n\t<meta property=\"og:image:width\" content=\"392\" \/>\n\t<meta property=\"og:image:height\" content=\"408\" \/>\n\t<meta property=\"og:image:type\" content=\"image\/jpeg\" \/>\n<meta name=\"twitter:card\" content=\"summary_large_image\" \/>\n<meta name=\"twitter:label1\" content=\"Tiempo de lectura\" \/>\n\t<meta name=\"twitter:data1\" content=\"1 minuto\" \/>\n<script type=\"application\/ld+json\" class=\"yoast-schema-graph\">{\"@context\":\"https:\/\/schema.org\",\"@graph\":[{\"@type\":\"WebPage\",\"@id\":\"https:\/\/abaa.mx\/tienda\/medidor-de-vibracion-de-precision-velocidad-y-aceleracion-vb8201ha\/\",\"url\":\"https:\/\/abaa.mx\/tienda\/medidor-de-vibracion-de-precision-velocidad-y-aceleracion-vb8201ha\/\",\"name\":\"Medidor de Vibraci\u00f3n de Precisi\u00f3n, Velocidad y Aceleraci\u00f3n - VB8201HA - Abaa tienda online\",\"isPartOf\":{\"@id\":\"https:\/\/abaa.mx\/tienda\/#website\"},\"primaryImageOfPage\":{\"@id\":\"https:\/\/abaa.mx\/tienda\/medidor-de-vibracion-de-precision-velocidad-y-aceleracion-vb8201ha\/#primaryimage\"},\"image\":{\"@id\":\"https:\/\/abaa.mx\/tienda\/medidor-de-vibracion-de-precision-velocidad-y-aceleracion-vb8201ha\/#primaryimage\"},\"thumbnailUrl\":\"https:\/\/abaa.mx\/tienda\/wp-content\/uploads\/2023\/11\/LUTRON-VB8201HA.jpg\",\"datePublished\":\"2023-11-22T16:05:35+00:00\",\"dateModified\":\"2023-11-22T16:05:36+00:00\",\"breadcrumb\":{\"@id\":\"https:\/\/abaa.mx\/tienda\/medidor-de-vibracion-de-precision-velocidad-y-aceleracion-vb8201ha\/#breadcrumb\"},\"inLanguage\":\"es\",\"potentialAction\":[{\"@type\":\"ReadAction\",\"target\":[\"https:\/\/abaa.mx\/tienda\/medidor-de-vibracion-de-precision-velocidad-y-aceleracion-vb8201ha\/\"]}]},{\"@type\":\"ImageObject\",\"inLanguage\":\"es\",\"@id\":\"https:\/\/abaa.mx\/tienda\/medidor-de-vibracion-de-precision-velocidad-y-aceleracion-vb8201ha\/#primaryimage\",\"url\":\"https:\/\/abaa.mx\/tienda\/wp-content\/uploads\/2023\/11\/LUTRON-VB8201HA.jpg\",\"contentUrl\":\"https:\/\/abaa.mx\/tienda\/wp-content\/uploads\/2023\/11\/LUTRON-VB8201HA.jpg\",\"width\":392,\"height\":408,\"caption\":\"LUTRON-VB8201HA\"},{\"@type\":\"BreadcrumbList\",\"@id\":\"https:\/\/abaa.mx\/tienda\/medidor-de-vibracion-de-precision-velocidad-y-aceleracion-vb8201ha\/#breadcrumb\",\"itemListElement\":[{\"@type\":\"ListItem\",\"position\":1,\"name\":\"Inicio\",\"item\":\"https:\/\/abaa.mx\/tienda\/\"},{\"@type\":\"ListItem\",\"position\":2,\"name\":\"Tienda\",\"item\":\"https:\/\/abaa.mx\/tienda\/\"},{\"@type\":\"ListItem\",\"position\":3,\"name\":\"Medidor de Vibraci\u00f3n de Precisi\u00f3n, Velocidad y Aceleraci\u00f3n &#8211; VB8201HA\"}]},{\"@type\":\"WebSite\",\"@id\":\"https:\/\/abaa.mx\/tienda\/#website\",\"url\":\"https:\/\/abaa.mx\/tienda\/\",\"name\":\"Abaa tienda online\",\"description\":\"Instrumentos de medici\u00f3n\",\"publisher\":{\"@id\":\"https:\/\/abaa.mx\/tienda\/#organization\"},\"potentialAction\":[{\"@type\":\"SearchAction\",\"target\":{\"@type\":\"EntryPoint\",\"urlTemplate\":\"https:\/\/abaa.mx\/tienda\/?s={search_term_string}\"},\"query-input\":{\"@type\":\"PropertyValueSpecification\",\"valueRequired\":true,\"valueName\":\"search_term_string\"}}],\"inLanguage\":\"es\"},{\"@type\":\"Organization\",\"@id\":\"https:\/\/abaa.mx\/tienda\/#organization\",\"name\":\"Abaa tienda online\",\"url\":\"https:\/\/abaa.mx\/tienda\/\",\"logo\":{\"@type\":\"ImageObject\",\"inLanguage\":\"es\",\"@id\":\"https:\/\/abaa.mx\/tienda\/#\/schema\/logo\/image\/\",\"url\":\"https:\/\/abaa.mx\/tienda\/wp-content\/uploads\/2024\/01\/abaa-metrologia-tienda.png\",\"contentUrl\":\"https:\/\/abaa.mx\/tienda\/wp-content\/uploads\/2024\/01\/abaa-metrologia-tienda.png\",\"width\":300,\"height\":141,\"caption\":\"Abaa tienda online\"},\"image\":{\"@id\":\"https:\/\/abaa.mx\/tienda\/#\/schema\/logo\/image\/\"}}]}<\/script>\n<!-- \/ Yoast SEO plugin. -->","yoast_head_json":{"title":"Medidor de Vibraci\u00f3n de Precisi\u00f3n, Velocidad y Aceleraci\u00f3n - VB8201HA - Abaa tienda online","robots":{"index":"index","follow":"follow","max-snippet":"max-snippet:-1","max-image-preview":"max-image-preview:large","max-video-preview":"max-video-preview:-1"},"canonical":"https:\/\/abaa.mx\/tienda\/medidor-de-vibracion-de-precision-velocidad-y-aceleracion-vb8201ha\/","og_locale":"es_MX","og_type":"article","og_title":"Medidor de Vibraci\u00f3n de Precisi\u00f3n, Velocidad y Aceleraci\u00f3n - VB8201HA - Abaa tienda online","og_description":"El medidor de vibraci\u00f3n LT-VB8201HA le dejar\u00e1 evaluar los niveles de vibraci\u00f3n apropiados para cada categor\u00eda de maquinaria industrial. La correcta y peri\u00f3dica evaluaci\u00f3n de las especificaciones de la vibraci\u00f3n en los equipos industriales le dejar\u00e1 comprender las condiciones de la m\u00e1quina y detectar oportunidades para desarrollar mantenimientos preventivos. Detecte oportunamente desbalances, fallas de alineaci\u00f3n, probables fallas en los medios de fijaci\u00f3n de equipos que vibran.  Caracter\u00edsticas principales:\u00a0Medidor de vibraciones profesional equipado con sensor de vibraci\u00f3n, set completo. velocidad: 200 mm\/s: 0.5 a 199.9 mm\/s. Aceleraci\u00f3n: 200 m\/s2: 0.5 a 199.9 m\/s2. Medici\u00f3n RMS y pico de medici\u00f3n. Funci\u00f3n de pico que retiene el valor m\u00e1ximo en pantalla. Alto rango de frecuencia diez Hz hasta 1 kHz. Bot\u00f3n con funci\u00f3n para congelar la lectura deseada. Funci\u00f3n de memoria para almacenamiento de lectura m\u00ednima como de m\u00e1xima para recuperaci\u00f3n posterior de la misma. Sonda de vibraci\u00f3n separada por cable de f\u00e1cil operaci\u00f3n. Circuito de microcomputadora de prominente rendimiento.  Aplicaciones:\u00a0Evaluaci\u00f3n de vibraci\u00f3n, ejes rotativos, baleros y sistemas de fijaci\u00f3n de motores el\u00e9ctricos. Evaluaci\u00f3n para programaci\u00f3n de mantenimientos preventivos.  Dimensiones y peso:\u00a0Medidor: 185 x 78 x 38 mm (7.3 x 3.1 x 1.5 pulgadas), Sensor de vibraci\u00f3n: Redonda 16 mm. Dia. x 29 mm long. Medidor: 274 g\/0.60 LB, Sonda: 38 g\/0.08 LB.","og_url":"https:\/\/abaa.mx\/tienda\/medidor-de-vibracion-de-precision-velocidad-y-aceleracion-vb8201ha\/","og_site_name":"Abaa tienda online","article_modified_time":"2023-11-22T16:05:36+00:00","og_image":[{"width":392,"height":408,"url":"https:\/\/abaa.mx\/tienda\/wp-content\/uploads\/2023\/11\/LUTRON-VB8201HA.jpg","type":"image\/jpeg"}],"twitter_card":"summary_large_image","twitter_misc":{"Tiempo de lectura":"1 minuto"},"schema":{"@context":"https:\/\/schema.org","@graph":[{"@type":"WebPage","@id":"https:\/\/abaa.mx\/tienda\/medidor-de-vibracion-de-precision-velocidad-y-aceleracion-vb8201ha\/","url":"https:\/\/abaa.mx\/tienda\/medidor-de-vibracion-de-precision-velocidad-y-aceleracion-vb8201ha\/","name":"Medidor de Vibraci\u00f3n de Precisi\u00f3n, Velocidad y Aceleraci\u00f3n - VB8201HA - Abaa tienda online","isPartOf":{"@id":"https:\/\/abaa.mx\/tienda\/#website"},"primaryImageOfPage":{"@id":"https:\/\/abaa.mx\/tienda\/medidor-de-vibracion-de-precision-velocidad-y-aceleracion-vb8201ha\/#primaryimage"},"image":{"@id":"https:\/\/abaa.mx\/tienda\/medidor-de-vibracion-de-precision-velocidad-y-aceleracion-vb8201ha\/#primaryimage"},"thumbnailUrl":"https:\/\/abaa.mx\/tienda\/wp-content\/uploads\/2023\/11\/LUTRON-VB8201HA.jpg","datePublished":"2023-11-22T16:05:35+00:00","dateModified":"2023-11-22T16:05:36+00:00","breadcrumb":{"@id":"https:\/\/abaa.mx\/tienda\/medidor-de-vibracion-de-precision-velocidad-y-aceleracion-vb8201ha\/#breadcrumb"},"inLanguage":"es","potentialAction":[{"@type":"ReadAction","target":["https:\/\/abaa.mx\/tienda\/medidor-de-vibracion-de-precision-velocidad-y-aceleracion-vb8201ha\/"]}]},{"@type":"ImageObject","inLanguage":"es","@id":"https:\/\/abaa.mx\/tienda\/medidor-de-vibracion-de-precision-velocidad-y-aceleracion-vb8201ha\/#primaryimage","url":"https:\/\/abaa.mx\/tienda\/wp-content\/uploads\/2023\/11\/LUTRON-VB8201HA.jpg","contentUrl":"https:\/\/abaa.mx\/tienda\/wp-content\/uploads\/2023\/11\/LUTRON-VB8201HA.jpg","width":392,"height":408,"caption":"LUTRON-VB8201HA"},{"@type":"BreadcrumbList","@id":"https:\/\/abaa.mx\/tienda\/medidor-de-vibracion-de-precision-velocidad-y-aceleracion-vb8201ha\/#breadcrumb","itemListElement":[{"@type":"ListItem","position":1,"name":"Inicio","item":"https:\/\/abaa.mx\/tienda\/"},{"@type":"ListItem","position":2,"name":"Tienda","item":"https:\/\/abaa.mx\/tienda\/"},{"@type":"ListItem","position":3,"name":"Medidor de Vibraci\u00f3n de Precisi\u00f3n, Velocidad y Aceleraci\u00f3n &#8211; VB8201HA"}]},{"@type":"WebSite","@id":"https:\/\/abaa.mx\/tienda\/#website","url":"https:\/\/abaa.mx\/tienda\/","name":"Abaa tienda online","description":"Instrumentos de medici\u00f3n","publisher":{"@id":"https:\/\/abaa.mx\/tienda\/#organization"},"potentialAction":[{"@type":"SearchAction","target":{"@type":"EntryPoint","urlTemplate":"https:\/\/abaa.mx\/tienda\/?s={search_term_string}"},"query-input":{"@type":"PropertyValueSpecification","valueRequired":true,"valueName":"search_term_string"}}],"inLanguage":"es"},{"@type":"Organization","@id":"https:\/\/abaa.mx\/tienda\/#organization","name":"Abaa tienda online","url":"https:\/\/abaa.mx\/tienda\/","logo":{"@type":"ImageObject","inLanguage":"es","@id":"https:\/\/abaa.mx\/tienda\/#\/schema\/logo\/image\/","url":"https:\/\/abaa.mx\/tienda\/wp-content\/uploads\/2024\/01\/abaa-metrologia-tienda.png","contentUrl":"https:\/\/abaa.mx\/tienda\/wp-content\/uploads\/2024\/01\/abaa-metrologia-tienda.png","width":300,"height":141,"caption":"Abaa tienda online"},"image":{"@id":"https:\/\/abaa.mx\/tienda\/#\/schema\/logo\/image\/"}}]}},"_links":{"self":[{"href":"https:\/\/abaa.mx\/tienda\/wp-json\/wp\/v2\/product\/9169","targetHints":{"allow":["GET"]}}],"collection":[{"href":"https:\/\/abaa.mx\/tienda\/wp-json\/wp\/v2\/product"}],"about":[{"href":"https:\/\/abaa.mx\/tienda\/wp-json\/wp\/v2\/types\/product"}],"replies":[{"embeddable":true,"href":"https:\/\/abaa.mx\/tienda\/wp-json\/wp\/v2\/comments?post=9169"}],"wp:featuredmedia":[{"embeddable":true,"href":"https:\/\/abaa.mx\/tienda\/wp-json\/wp\/v2\/media\/9170"}],"wp:attachment":[{"href":"https:\/\/abaa.mx\/tienda\/wp-json\/wp\/v2\/media?parent=9169"}],"wp:term":[{"taxonomy":"product_brand","embeddable":true,"href":"https:\/\/abaa.mx\/tienda\/wp-json\/wp\/v2\/product_brand?post=9169"},{"taxonomy":"product_cat","embeddable":true,"href":"https:\/\/abaa.mx\/tienda\/wp-json\/wp\/v2\/product_cat?post=9169"},{"taxonomy":"product_tag","embeddable":true,"href":"https:\/\/abaa.mx\/tienda\/wp-json\/wp\/v2\/product_tag?post=9169"}],"curies":[{"name":"wp","href":"https:\/\/api.w.org\/{rel}","templated":true}]}}