{"id":9167,"date":"2023-11-22T15:50:49","date_gmt":"2023-11-22T15:50:49","guid":{"rendered":"https:\/\/abaa.mx\/tienda\/?post_type=product&#038;p=9167"},"modified":"2023-11-22T15:50:50","modified_gmt":"2023-11-22T15:50:50","slug":"vibrometro-para-aceleracion-velocidad-y-desplazamiento-con-impresora-integrada-gv400","status":"publish","type":"product","link":"https:\/\/abaa.mx\/tienda\/vibrometro-para-aceleracion-velocidad-y-desplazamiento-con-impresora-integrada-gv400\/","title":{"rendered":"Vibrometro para Aceleraci\u00f3n, Velocidad y Desplazamiento con Impresora Integrada &#8211; GV400"},"content":{"rendered":"<p>Vibrometro para Aceleraci\u00f3n, Velocidad y Desplazamiento con Impresora Integrada &#8211; GV400.<\/p>\n","protected":false},"excerpt":{"rendered":"<p>El probador de vibraciones port\u00e1til usa un transductor de aceleraci\u00f3n piezoel\u00e9ctrico para transformar la se\u00f1al de vibraci\u00f3n en se\u00f1al el\u00e9ctrica. Luego , al analizar la se\u00f1al de entrada, se muestran o imprimen los desenlaces que incluyen el RMS de los valores de velocidad , el valor pico de pico de movimiento , los valores m\u00e1ximos de aceleraci\u00f3n o los gr\u00e1ficos espectrales en tiempo real.<\/p>\n<p>El medidor de vibr\u00f3metro est\u00e1 dise\u00f1ado para evaluar la vibraci\u00f3n convencional , singularmente la prueba de vibraci\u00f3n en m\u00e1quinas rotativas y rec\u00edprocas. Se puede utilizar no solo para probar la aceleraci\u00f3n, la agilidad y el desplazamiento de la vibraci\u00f3n, sino m\u00e1s bien asimismo para efectuar un diagn\u00f3stico de falla f\u00e1cil.<\/p>\n<p>Las especificaciones t\u00e9cnicas del probador cumplen con los requisitos del GB 138233. Es extensamente usado en maquinaria, energ\u00eda, metalurgia, autom\u00f3vil y otros campos industriales.<\/p>\n","protected":false},"featured_media":9168,"comment_status":"open","ping_status":"closed","template":"","meta":{"_joinchat":[]},"product_brand":[],"product_cat":[139],"product_tag":[],"class_list":{"0":"post-9167","1":"product","2":"type-product","3":"status-publish","4":"has-post-thumbnail","6":"product_cat-vibrometros","8":"first","9":"instock","10":"shipping-taxable","11":"product-type-simple"},"yoast_head":"<!-- This site is optimized with the Yoast SEO plugin v26.4 - https:\/\/yoast.com\/wordpress\/plugins\/seo\/ -->\n<title>Vibrometro para Aceleraci\u00f3n, Velocidad y Desplazamiento con Impresora Integrada - GV400 - Abaa tienda online<\/title>\n<meta name=\"robots\" content=\"index, follow, max-snippet:-1, max-image-preview:large, max-video-preview:-1\" \/>\n<link rel=\"canonical\" href=\"https:\/\/abaa.mx\/tienda\/vibrometro-para-aceleracion-velocidad-y-desplazamiento-con-impresora-integrada-gv400\/\" \/>\n<meta property=\"og:locale\" content=\"es_MX\" \/>\n<meta property=\"og:type\" content=\"article\" \/>\n<meta property=\"og:title\" content=\"Vibrometro para Aceleraci\u00f3n, Velocidad y Desplazamiento con Impresora Integrada - GV400 - Abaa tienda online\" \/>\n<meta property=\"og:description\" content=\"El probador de vibraciones port\u00e1til usa un transductor de aceleraci\u00f3n piezoel\u00e9ctrico para transformar la se\u00f1al de vibraci\u00f3n en se\u00f1al el\u00e9ctrica. Luego , al analizar la se\u00f1al de entrada, se muestran o imprimen los desenlaces que incluyen el RMS de los valores de velocidad , el valor pico de pico de movimiento , los valores m\u00e1ximos de aceleraci\u00f3n o los gr\u00e1ficos espectrales en tiempo real.  El medidor de vibr\u00f3metro est\u00e1 dise\u00f1ado para evaluar la vibraci\u00f3n convencional , singularmente la prueba de vibraci\u00f3n en m\u00e1quinas rotativas y rec\u00edprocas. Se puede utilizar no solo para probar la aceleraci\u00f3n, la agilidad y el desplazamiento de la vibraci\u00f3n, sino m\u00e1s bien asimismo para efectuar un diagn\u00f3stico de falla f\u00e1cil.  Las especificaciones t\u00e9cnicas del probador cumplen con los requisitos del GB 138233. Es extensamente usado en maquinaria, energ\u00eda, metalurgia, autom\u00f3vil y otros campos industriales.\" \/>\n<meta property=\"og:url\" content=\"https:\/\/abaa.mx\/tienda\/vibrometro-para-aceleracion-velocidad-y-desplazamiento-con-impresora-integrada-gv400\/\" \/>\n<meta property=\"og:site_name\" content=\"Abaa tienda online\" \/>\n<meta property=\"article:modified_time\" content=\"2023-11-22T15:50:50+00:00\" \/>\n<meta property=\"og:image\" content=\"https:\/\/abaa.mx\/tienda\/wp-content\/uploads\/2023\/11\/GALAXY-GV400.jpg\" \/>\n\t<meta property=\"og:image:width\" content=\"418\" \/>\n\t<meta property=\"og:image:height\" content=\"401\" \/>\n\t<meta property=\"og:image:type\" content=\"image\/jpeg\" \/>\n<meta name=\"twitter:card\" content=\"summary_large_image\" \/>\n<meta name=\"twitter:label1\" content=\"Tiempo de lectura\" \/>\n\t<meta name=\"twitter:data1\" content=\"1 minuto\" \/>\n<script type=\"application\/ld+json\" class=\"yoast-schema-graph\">{\"@context\":\"https:\/\/schema.org\",\"@graph\":[{\"@type\":\"WebPage\",\"@id\":\"https:\/\/abaa.mx\/tienda\/vibrometro-para-aceleracion-velocidad-y-desplazamiento-con-impresora-integrada-gv400\/\",\"url\":\"https:\/\/abaa.mx\/tienda\/vibrometro-para-aceleracion-velocidad-y-desplazamiento-con-impresora-integrada-gv400\/\",\"name\":\"Vibrometro para Aceleraci\u00f3n, Velocidad y Desplazamiento con Impresora Integrada - GV400 - Abaa tienda online\",\"isPartOf\":{\"@id\":\"https:\/\/abaa.mx\/tienda\/#website\"},\"primaryImageOfPage\":{\"@id\":\"https:\/\/abaa.mx\/tienda\/vibrometro-para-aceleracion-velocidad-y-desplazamiento-con-impresora-integrada-gv400\/#primaryimage\"},\"image\":{\"@id\":\"https:\/\/abaa.mx\/tienda\/vibrometro-para-aceleracion-velocidad-y-desplazamiento-con-impresora-integrada-gv400\/#primaryimage\"},\"thumbnailUrl\":\"https:\/\/abaa.mx\/tienda\/wp-content\/uploads\/2023\/11\/GALAXY-GV400.jpg\",\"datePublished\":\"2023-11-22T15:50:49+00:00\",\"dateModified\":\"2023-11-22T15:50:50+00:00\",\"breadcrumb\":{\"@id\":\"https:\/\/abaa.mx\/tienda\/vibrometro-para-aceleracion-velocidad-y-desplazamiento-con-impresora-integrada-gv400\/#breadcrumb\"},\"inLanguage\":\"es\",\"potentialAction\":[{\"@type\":\"ReadAction\",\"target\":[\"https:\/\/abaa.mx\/tienda\/vibrometro-para-aceleracion-velocidad-y-desplazamiento-con-impresora-integrada-gv400\/\"]}]},{\"@type\":\"ImageObject\",\"inLanguage\":\"es\",\"@id\":\"https:\/\/abaa.mx\/tienda\/vibrometro-para-aceleracion-velocidad-y-desplazamiento-con-impresora-integrada-gv400\/#primaryimage\",\"url\":\"https:\/\/abaa.mx\/tienda\/wp-content\/uploads\/2023\/11\/GALAXY-GV400.jpg\",\"contentUrl\":\"https:\/\/abaa.mx\/tienda\/wp-content\/uploads\/2023\/11\/GALAXY-GV400.jpg\",\"width\":418,\"height\":401,\"caption\":\"GALAXY-GV400\"},{\"@type\":\"BreadcrumbList\",\"@id\":\"https:\/\/abaa.mx\/tienda\/vibrometro-para-aceleracion-velocidad-y-desplazamiento-con-impresora-integrada-gv400\/#breadcrumb\",\"itemListElement\":[{\"@type\":\"ListItem\",\"position\":1,\"name\":\"Inicio\",\"item\":\"https:\/\/abaa.mx\/tienda\/\"},{\"@type\":\"ListItem\",\"position\":2,\"name\":\"Tienda\",\"item\":\"https:\/\/abaa.mx\/tienda\/\"},{\"@type\":\"ListItem\",\"position\":3,\"name\":\"Vibrometro para Aceleraci\u00f3n, Velocidad y Desplazamiento con Impresora Integrada &#8211; GV400\"}]},{\"@type\":\"WebSite\",\"@id\":\"https:\/\/abaa.mx\/tienda\/#website\",\"url\":\"https:\/\/abaa.mx\/tienda\/\",\"name\":\"Abaa tienda online\",\"description\":\"Instrumentos de medici\u00f3n\",\"publisher\":{\"@id\":\"https:\/\/abaa.mx\/tienda\/#organization\"},\"potentialAction\":[{\"@type\":\"SearchAction\",\"target\":{\"@type\":\"EntryPoint\",\"urlTemplate\":\"https:\/\/abaa.mx\/tienda\/?s={search_term_string}\"},\"query-input\":{\"@type\":\"PropertyValueSpecification\",\"valueRequired\":true,\"valueName\":\"search_term_string\"}}],\"inLanguage\":\"es\"},{\"@type\":\"Organization\",\"@id\":\"https:\/\/abaa.mx\/tienda\/#organization\",\"name\":\"Abaa tienda online\",\"url\":\"https:\/\/abaa.mx\/tienda\/\",\"logo\":{\"@type\":\"ImageObject\",\"inLanguage\":\"es\",\"@id\":\"https:\/\/abaa.mx\/tienda\/#\/schema\/logo\/image\/\",\"url\":\"https:\/\/abaa.mx\/tienda\/wp-content\/uploads\/2024\/01\/abaa-metrologia-tienda.png\",\"contentUrl\":\"https:\/\/abaa.mx\/tienda\/wp-content\/uploads\/2024\/01\/abaa-metrologia-tienda.png\",\"width\":300,\"height\":141,\"caption\":\"Abaa tienda online\"},\"image\":{\"@id\":\"https:\/\/abaa.mx\/tienda\/#\/schema\/logo\/image\/\"}}]}<\/script>\n<!-- \/ Yoast SEO plugin. -->","yoast_head_json":{"title":"Vibrometro para Aceleraci\u00f3n, Velocidad y Desplazamiento con Impresora Integrada - GV400 - Abaa tienda online","robots":{"index":"index","follow":"follow","max-snippet":"max-snippet:-1","max-image-preview":"max-image-preview:large","max-video-preview":"max-video-preview:-1"},"canonical":"https:\/\/abaa.mx\/tienda\/vibrometro-para-aceleracion-velocidad-y-desplazamiento-con-impresora-integrada-gv400\/","og_locale":"es_MX","og_type":"article","og_title":"Vibrometro para Aceleraci\u00f3n, Velocidad y Desplazamiento con Impresora Integrada - GV400 - Abaa tienda online","og_description":"El probador de vibraciones port\u00e1til usa un transductor de aceleraci\u00f3n piezoel\u00e9ctrico para transformar la se\u00f1al de vibraci\u00f3n en se\u00f1al el\u00e9ctrica. Luego , al analizar la se\u00f1al de entrada, se muestran o imprimen los desenlaces que incluyen el RMS de los valores de velocidad , el valor pico de pico de movimiento , los valores m\u00e1ximos de aceleraci\u00f3n o los gr\u00e1ficos espectrales en tiempo real.  El medidor de vibr\u00f3metro est\u00e1 dise\u00f1ado para evaluar la vibraci\u00f3n convencional , singularmente la prueba de vibraci\u00f3n en m\u00e1quinas rotativas y rec\u00edprocas. Se puede utilizar no solo para probar la aceleraci\u00f3n, la agilidad y el desplazamiento de la vibraci\u00f3n, sino m\u00e1s bien asimismo para efectuar un diagn\u00f3stico de falla f\u00e1cil.  Las especificaciones t\u00e9cnicas del probador cumplen con los requisitos del GB 138233. Es extensamente usado en maquinaria, energ\u00eda, metalurgia, autom\u00f3vil y otros campos industriales.","og_url":"https:\/\/abaa.mx\/tienda\/vibrometro-para-aceleracion-velocidad-y-desplazamiento-con-impresora-integrada-gv400\/","og_site_name":"Abaa tienda online","article_modified_time":"2023-11-22T15:50:50+00:00","og_image":[{"width":418,"height":401,"url":"https:\/\/abaa.mx\/tienda\/wp-content\/uploads\/2023\/11\/GALAXY-GV400.jpg","type":"image\/jpeg"}],"twitter_card":"summary_large_image","twitter_misc":{"Tiempo de lectura":"1 minuto"},"schema":{"@context":"https:\/\/schema.org","@graph":[{"@type":"WebPage","@id":"https:\/\/abaa.mx\/tienda\/vibrometro-para-aceleracion-velocidad-y-desplazamiento-con-impresora-integrada-gv400\/","url":"https:\/\/abaa.mx\/tienda\/vibrometro-para-aceleracion-velocidad-y-desplazamiento-con-impresora-integrada-gv400\/","name":"Vibrometro para Aceleraci\u00f3n, Velocidad y Desplazamiento con Impresora Integrada - GV400 - Abaa tienda online","isPartOf":{"@id":"https:\/\/abaa.mx\/tienda\/#website"},"primaryImageOfPage":{"@id":"https:\/\/abaa.mx\/tienda\/vibrometro-para-aceleracion-velocidad-y-desplazamiento-con-impresora-integrada-gv400\/#primaryimage"},"image":{"@id":"https:\/\/abaa.mx\/tienda\/vibrometro-para-aceleracion-velocidad-y-desplazamiento-con-impresora-integrada-gv400\/#primaryimage"},"thumbnailUrl":"https:\/\/abaa.mx\/tienda\/wp-content\/uploads\/2023\/11\/GALAXY-GV400.jpg","datePublished":"2023-11-22T15:50:49+00:00","dateModified":"2023-11-22T15:50:50+00:00","breadcrumb":{"@id":"https:\/\/abaa.mx\/tienda\/vibrometro-para-aceleracion-velocidad-y-desplazamiento-con-impresora-integrada-gv400\/#breadcrumb"},"inLanguage":"es","potentialAction":[{"@type":"ReadAction","target":["https:\/\/abaa.mx\/tienda\/vibrometro-para-aceleracion-velocidad-y-desplazamiento-con-impresora-integrada-gv400\/"]}]},{"@type":"ImageObject","inLanguage":"es","@id":"https:\/\/abaa.mx\/tienda\/vibrometro-para-aceleracion-velocidad-y-desplazamiento-con-impresora-integrada-gv400\/#primaryimage","url":"https:\/\/abaa.mx\/tienda\/wp-content\/uploads\/2023\/11\/GALAXY-GV400.jpg","contentUrl":"https:\/\/abaa.mx\/tienda\/wp-content\/uploads\/2023\/11\/GALAXY-GV400.jpg","width":418,"height":401,"caption":"GALAXY-GV400"},{"@type":"BreadcrumbList","@id":"https:\/\/abaa.mx\/tienda\/vibrometro-para-aceleracion-velocidad-y-desplazamiento-con-impresora-integrada-gv400\/#breadcrumb","itemListElement":[{"@type":"ListItem","position":1,"name":"Inicio","item":"https:\/\/abaa.mx\/tienda\/"},{"@type":"ListItem","position":2,"name":"Tienda","item":"https:\/\/abaa.mx\/tienda\/"},{"@type":"ListItem","position":3,"name":"Vibrometro para Aceleraci\u00f3n, Velocidad y Desplazamiento con Impresora Integrada &#8211; GV400"}]},{"@type":"WebSite","@id":"https:\/\/abaa.mx\/tienda\/#website","url":"https:\/\/abaa.mx\/tienda\/","name":"Abaa tienda online","description":"Instrumentos de medici\u00f3n","publisher":{"@id":"https:\/\/abaa.mx\/tienda\/#organization"},"potentialAction":[{"@type":"SearchAction","target":{"@type":"EntryPoint","urlTemplate":"https:\/\/abaa.mx\/tienda\/?s={search_term_string}"},"query-input":{"@type":"PropertyValueSpecification","valueRequired":true,"valueName":"search_term_string"}}],"inLanguage":"es"},{"@type":"Organization","@id":"https:\/\/abaa.mx\/tienda\/#organization","name":"Abaa tienda online","url":"https:\/\/abaa.mx\/tienda\/","logo":{"@type":"ImageObject","inLanguage":"es","@id":"https:\/\/abaa.mx\/tienda\/#\/schema\/logo\/image\/","url":"https:\/\/abaa.mx\/tienda\/wp-content\/uploads\/2024\/01\/abaa-metrologia-tienda.png","contentUrl":"https:\/\/abaa.mx\/tienda\/wp-content\/uploads\/2024\/01\/abaa-metrologia-tienda.png","width":300,"height":141,"caption":"Abaa tienda online"},"image":{"@id":"https:\/\/abaa.mx\/tienda\/#\/schema\/logo\/image\/"}}]}},"_links":{"self":[{"href":"https:\/\/abaa.mx\/tienda\/wp-json\/wp\/v2\/product\/9167","targetHints":{"allow":["GET"]}}],"collection":[{"href":"https:\/\/abaa.mx\/tienda\/wp-json\/wp\/v2\/product"}],"about":[{"href":"https:\/\/abaa.mx\/tienda\/wp-json\/wp\/v2\/types\/product"}],"replies":[{"embeddable":true,"href":"https:\/\/abaa.mx\/tienda\/wp-json\/wp\/v2\/comments?post=9167"}],"wp:featuredmedia":[{"embeddable":true,"href":"https:\/\/abaa.mx\/tienda\/wp-json\/wp\/v2\/media\/9168"}],"wp:attachment":[{"href":"https:\/\/abaa.mx\/tienda\/wp-json\/wp\/v2\/media?parent=9167"}],"wp:term":[{"taxonomy":"product_brand","embeddable":true,"href":"https:\/\/abaa.mx\/tienda\/wp-json\/wp\/v2\/product_brand?post=9167"},{"taxonomy":"product_cat","embeddable":true,"href":"https:\/\/abaa.mx\/tienda\/wp-json\/wp\/v2\/product_cat?post=9167"},{"taxonomy":"product_tag","embeddable":true,"href":"https:\/\/abaa.mx\/tienda\/wp-json\/wp\/v2\/product_tag?post=9167"}],"curies":[{"name":"wp","href":"https:\/\/api.w.org\/{rel}","templated":true}]}}