{"id":9165,"date":"2023-11-22T15:46:06","date_gmt":"2023-11-22T15:46:06","guid":{"rendered":"https:\/\/abaa.mx\/tienda\/?post_type=product&#038;p=9165"},"modified":"2023-11-22T15:46:06","modified_gmt":"2023-11-22T15:46:06","slug":"vibrometro-tipo-pluma-v-a-d-gv260","status":"publish","type":"product","link":"https:\/\/abaa.mx\/tienda\/vibrometro-tipo-pluma-v-a-d-gv260\/","title":{"rendered":"Vibr\u00f3metro tipo Pluma, V.A.D. &#8211; GV260"},"content":{"rendered":"<p>Vibr\u00f3metro tipo Pluma, V.A.D. &#8211; GV260.<\/p>\n","protected":false},"excerpt":{"rendered":"<p>Desarrollado para probar vibraci\u00f3n usual. Se\u00f1ala los par\u00e1metros de velocidad , aceleraci\u00f3n, movimiento de la vibraci\u00f3n, \u201crev\u201d y diagn\u00f3stico de falla simple. El Vibr\u00f3metro GL-GV300 usa un transductor de aceleraci\u00f3n piezoel\u00e9ctrico para capturar una se\u00f1al de una fuente de vibraci\u00f3n y transformarla en un valor de entrada. Entonces, analizando este valor de entrada, se pueden ver en pantalla o imprimir en papel los valores de los pr\u00f3ximos par\u00e1metros :<\/p>\n<ul>\n<li>Valores pico de desplazamiento.<\/li>\n<li>Velocidad RMS.<\/li>\n<li>Desplegar en pantalla gr\u00e1fica espectral en tiempo real.<\/li>\n<li>Opcionalmente, podr\u00e1 medir la velocidad rotacional con la sonda (Sonda opcional GL-LS01).<\/li>\n<li>Valores pico de aceleraci\u00f3n.<\/li>\n<\/ul>\n","protected":false},"featured_media":9166,"comment_status":"open","ping_status":"closed","template":"","meta":{"_joinchat":[]},"product_brand":[],"product_cat":[139],"product_tag":[],"class_list":{"0":"post-9165","1":"product","2":"type-product","3":"status-publish","4":"has-post-thumbnail","6":"product_cat-vibrometros","8":"first","9":"instock","10":"shipping-taxable","11":"product-type-simple"},"yoast_head":"<!-- This site is optimized with the Yoast SEO plugin v26.4 - https:\/\/yoast.com\/wordpress\/plugins\/seo\/ -->\n<title>Vibr\u00f3metro tipo Pluma, V.A.D. - GV260 - Abaa tienda online<\/title>\n<meta name=\"robots\" content=\"index, follow, max-snippet:-1, max-image-preview:large, max-video-preview:-1\" \/>\n<link rel=\"canonical\" href=\"https:\/\/abaa.mx\/tienda\/vibrometro-tipo-pluma-v-a-d-gv260\/\" \/>\n<meta property=\"og:locale\" content=\"es_MX\" \/>\n<meta property=\"og:type\" content=\"article\" \/>\n<meta property=\"og:title\" content=\"Vibr\u00f3metro tipo Pluma, V.A.D. - GV260 - Abaa tienda online\" \/>\n<meta property=\"og:description\" content=\"Desarrollado para probar vibraci\u00f3n usual. Se\u00f1ala los par\u00e1metros de velocidad , aceleraci\u00f3n, movimiento de la vibraci\u00f3n, \u201crev\u201d y diagn\u00f3stico de falla simple. El Vibr\u00f3metro GL-GV300 usa un transductor de aceleraci\u00f3n piezoel\u00e9ctrico para capturar una se\u00f1al de una fuente de vibraci\u00f3n y transformarla en un valor de entrada. Entonces, analizando este valor de entrada, se pueden ver en pantalla o imprimir en papel los valores de los pr\u00f3ximos par\u00e1metros :   Valores pico de desplazamiento.  Velocidad RMS.  Desplegar en pantalla gr\u00e1fica espectral en tiempo real.  Opcionalmente, podr\u00e1 medir la velocidad rotacional con la sonda (Sonda opcional GL-LS01).  Valores pico de aceleraci\u00f3n.\" \/>\n<meta property=\"og:url\" content=\"https:\/\/abaa.mx\/tienda\/vibrometro-tipo-pluma-v-a-d-gv260\/\" \/>\n<meta property=\"og:site_name\" content=\"Abaa tienda online\" \/>\n<meta property=\"og:image\" content=\"https:\/\/abaa.mx\/tienda\/wp-content\/uploads\/2023\/11\/GALAXY-V.A.D-GV260-1.jpg\" \/>\n\t<meta property=\"og:image:width\" content=\"408\" \/>\n\t<meta property=\"og:image:height\" content=\"424\" \/>\n\t<meta property=\"og:image:type\" content=\"image\/jpeg\" \/>\n<meta name=\"twitter:card\" content=\"summary_large_image\" \/>\n<meta name=\"twitter:label1\" content=\"Tiempo de lectura\" \/>\n\t<meta name=\"twitter:data1\" content=\"1 minuto\" \/>\n<script type=\"application\/ld+json\" class=\"yoast-schema-graph\">{\"@context\":\"https:\/\/schema.org\",\"@graph\":[{\"@type\":\"WebPage\",\"@id\":\"https:\/\/abaa.mx\/tienda\/vibrometro-tipo-pluma-v-a-d-gv260\/\",\"url\":\"https:\/\/abaa.mx\/tienda\/vibrometro-tipo-pluma-v-a-d-gv260\/\",\"name\":\"Vibr\u00f3metro tipo Pluma, V.A.D. - GV260 - Abaa tienda online\",\"isPartOf\":{\"@id\":\"https:\/\/abaa.mx\/tienda\/#website\"},\"primaryImageOfPage\":{\"@id\":\"https:\/\/abaa.mx\/tienda\/vibrometro-tipo-pluma-v-a-d-gv260\/#primaryimage\"},\"image\":{\"@id\":\"https:\/\/abaa.mx\/tienda\/vibrometro-tipo-pluma-v-a-d-gv260\/#primaryimage\"},\"thumbnailUrl\":\"https:\/\/abaa.mx\/tienda\/wp-content\/uploads\/2023\/11\/GALAXY-V.A.D-GV260-1.jpg\",\"datePublished\":\"2023-11-22T15:46:06+00:00\",\"breadcrumb\":{\"@id\":\"https:\/\/abaa.mx\/tienda\/vibrometro-tipo-pluma-v-a-d-gv260\/#breadcrumb\"},\"inLanguage\":\"es\",\"potentialAction\":[{\"@type\":\"ReadAction\",\"target\":[\"https:\/\/abaa.mx\/tienda\/vibrometro-tipo-pluma-v-a-d-gv260\/\"]}]},{\"@type\":\"ImageObject\",\"inLanguage\":\"es\",\"@id\":\"https:\/\/abaa.mx\/tienda\/vibrometro-tipo-pluma-v-a-d-gv260\/#primaryimage\",\"url\":\"https:\/\/abaa.mx\/tienda\/wp-content\/uploads\/2023\/11\/GALAXY-V.A.D-GV260-1.jpg\",\"contentUrl\":\"https:\/\/abaa.mx\/tienda\/wp-content\/uploads\/2023\/11\/GALAXY-V.A.D-GV260-1.jpg\",\"width\":408,\"height\":424,\"caption\":\"GALAXY-V.A.D-GV260\"},{\"@type\":\"BreadcrumbList\",\"@id\":\"https:\/\/abaa.mx\/tienda\/vibrometro-tipo-pluma-v-a-d-gv260\/#breadcrumb\",\"itemListElement\":[{\"@type\":\"ListItem\",\"position\":1,\"name\":\"Inicio\",\"item\":\"https:\/\/abaa.mx\/tienda\/\"},{\"@type\":\"ListItem\",\"position\":2,\"name\":\"Tienda\",\"item\":\"https:\/\/abaa.mx\/tienda\/\"},{\"@type\":\"ListItem\",\"position\":3,\"name\":\"Vibr\u00f3metro tipo Pluma, V.A.D. &#8211; GV260\"}]},{\"@type\":\"WebSite\",\"@id\":\"https:\/\/abaa.mx\/tienda\/#website\",\"url\":\"https:\/\/abaa.mx\/tienda\/\",\"name\":\"Abaa tienda online\",\"description\":\"Instrumentos de medici\u00f3n\",\"publisher\":{\"@id\":\"https:\/\/abaa.mx\/tienda\/#organization\"},\"potentialAction\":[{\"@type\":\"SearchAction\",\"target\":{\"@type\":\"EntryPoint\",\"urlTemplate\":\"https:\/\/abaa.mx\/tienda\/?s={search_term_string}\"},\"query-input\":{\"@type\":\"PropertyValueSpecification\",\"valueRequired\":true,\"valueName\":\"search_term_string\"}}],\"inLanguage\":\"es\"},{\"@type\":\"Organization\",\"@id\":\"https:\/\/abaa.mx\/tienda\/#organization\",\"name\":\"Abaa tienda online\",\"url\":\"https:\/\/abaa.mx\/tienda\/\",\"logo\":{\"@type\":\"ImageObject\",\"inLanguage\":\"es\",\"@id\":\"https:\/\/abaa.mx\/tienda\/#\/schema\/logo\/image\/\",\"url\":\"https:\/\/abaa.mx\/tienda\/wp-content\/uploads\/2024\/01\/abaa-metrologia-tienda.png\",\"contentUrl\":\"https:\/\/abaa.mx\/tienda\/wp-content\/uploads\/2024\/01\/abaa-metrologia-tienda.png\",\"width\":300,\"height\":141,\"caption\":\"Abaa tienda online\"},\"image\":{\"@id\":\"https:\/\/abaa.mx\/tienda\/#\/schema\/logo\/image\/\"}}]}<\/script>\n<!-- \/ Yoast SEO plugin. -->","yoast_head_json":{"title":"Vibr\u00f3metro tipo Pluma, V.A.D. - GV260 - Abaa tienda online","robots":{"index":"index","follow":"follow","max-snippet":"max-snippet:-1","max-image-preview":"max-image-preview:large","max-video-preview":"max-video-preview:-1"},"canonical":"https:\/\/abaa.mx\/tienda\/vibrometro-tipo-pluma-v-a-d-gv260\/","og_locale":"es_MX","og_type":"article","og_title":"Vibr\u00f3metro tipo Pluma, V.A.D. - GV260 - Abaa tienda online","og_description":"Desarrollado para probar vibraci\u00f3n usual. Se\u00f1ala los par\u00e1metros de velocidad , aceleraci\u00f3n, movimiento de la vibraci\u00f3n, \u201crev\u201d y diagn\u00f3stico de falla simple. El Vibr\u00f3metro GL-GV300 usa un transductor de aceleraci\u00f3n piezoel\u00e9ctrico para capturar una se\u00f1al de una fuente de vibraci\u00f3n y transformarla en un valor de entrada. Entonces, analizando este valor de entrada, se pueden ver en pantalla o imprimir en papel los valores de los pr\u00f3ximos par\u00e1metros :   Valores pico de desplazamiento.  Velocidad RMS.  Desplegar en pantalla gr\u00e1fica espectral en tiempo real.  Opcionalmente, podr\u00e1 medir la velocidad rotacional con la sonda (Sonda opcional GL-LS01).  Valores pico de aceleraci\u00f3n.","og_url":"https:\/\/abaa.mx\/tienda\/vibrometro-tipo-pluma-v-a-d-gv260\/","og_site_name":"Abaa tienda online","og_image":[{"width":408,"height":424,"url":"https:\/\/abaa.mx\/tienda\/wp-content\/uploads\/2023\/11\/GALAXY-V.A.D-GV260-1.jpg","type":"image\/jpeg"}],"twitter_card":"summary_large_image","twitter_misc":{"Tiempo de lectura":"1 minuto"},"schema":{"@context":"https:\/\/schema.org","@graph":[{"@type":"WebPage","@id":"https:\/\/abaa.mx\/tienda\/vibrometro-tipo-pluma-v-a-d-gv260\/","url":"https:\/\/abaa.mx\/tienda\/vibrometro-tipo-pluma-v-a-d-gv260\/","name":"Vibr\u00f3metro tipo Pluma, V.A.D. - GV260 - Abaa tienda online","isPartOf":{"@id":"https:\/\/abaa.mx\/tienda\/#website"},"primaryImageOfPage":{"@id":"https:\/\/abaa.mx\/tienda\/vibrometro-tipo-pluma-v-a-d-gv260\/#primaryimage"},"image":{"@id":"https:\/\/abaa.mx\/tienda\/vibrometro-tipo-pluma-v-a-d-gv260\/#primaryimage"},"thumbnailUrl":"https:\/\/abaa.mx\/tienda\/wp-content\/uploads\/2023\/11\/GALAXY-V.A.D-GV260-1.jpg","datePublished":"2023-11-22T15:46:06+00:00","breadcrumb":{"@id":"https:\/\/abaa.mx\/tienda\/vibrometro-tipo-pluma-v-a-d-gv260\/#breadcrumb"},"inLanguage":"es","potentialAction":[{"@type":"ReadAction","target":["https:\/\/abaa.mx\/tienda\/vibrometro-tipo-pluma-v-a-d-gv260\/"]}]},{"@type":"ImageObject","inLanguage":"es","@id":"https:\/\/abaa.mx\/tienda\/vibrometro-tipo-pluma-v-a-d-gv260\/#primaryimage","url":"https:\/\/abaa.mx\/tienda\/wp-content\/uploads\/2023\/11\/GALAXY-V.A.D-GV260-1.jpg","contentUrl":"https:\/\/abaa.mx\/tienda\/wp-content\/uploads\/2023\/11\/GALAXY-V.A.D-GV260-1.jpg","width":408,"height":424,"caption":"GALAXY-V.A.D-GV260"},{"@type":"BreadcrumbList","@id":"https:\/\/abaa.mx\/tienda\/vibrometro-tipo-pluma-v-a-d-gv260\/#breadcrumb","itemListElement":[{"@type":"ListItem","position":1,"name":"Inicio","item":"https:\/\/abaa.mx\/tienda\/"},{"@type":"ListItem","position":2,"name":"Tienda","item":"https:\/\/abaa.mx\/tienda\/"},{"@type":"ListItem","position":3,"name":"Vibr\u00f3metro tipo Pluma, V.A.D. &#8211; GV260"}]},{"@type":"WebSite","@id":"https:\/\/abaa.mx\/tienda\/#website","url":"https:\/\/abaa.mx\/tienda\/","name":"Abaa tienda online","description":"Instrumentos de medici\u00f3n","publisher":{"@id":"https:\/\/abaa.mx\/tienda\/#organization"},"potentialAction":[{"@type":"SearchAction","target":{"@type":"EntryPoint","urlTemplate":"https:\/\/abaa.mx\/tienda\/?s={search_term_string}"},"query-input":{"@type":"PropertyValueSpecification","valueRequired":true,"valueName":"search_term_string"}}],"inLanguage":"es"},{"@type":"Organization","@id":"https:\/\/abaa.mx\/tienda\/#organization","name":"Abaa tienda online","url":"https:\/\/abaa.mx\/tienda\/","logo":{"@type":"ImageObject","inLanguage":"es","@id":"https:\/\/abaa.mx\/tienda\/#\/schema\/logo\/image\/","url":"https:\/\/abaa.mx\/tienda\/wp-content\/uploads\/2024\/01\/abaa-metrologia-tienda.png","contentUrl":"https:\/\/abaa.mx\/tienda\/wp-content\/uploads\/2024\/01\/abaa-metrologia-tienda.png","width":300,"height":141,"caption":"Abaa tienda online"},"image":{"@id":"https:\/\/abaa.mx\/tienda\/#\/schema\/logo\/image\/"}}]}},"_links":{"self":[{"href":"https:\/\/abaa.mx\/tienda\/wp-json\/wp\/v2\/product\/9165","targetHints":{"allow":["GET"]}}],"collection":[{"href":"https:\/\/abaa.mx\/tienda\/wp-json\/wp\/v2\/product"}],"about":[{"href":"https:\/\/abaa.mx\/tienda\/wp-json\/wp\/v2\/types\/product"}],"replies":[{"embeddable":true,"href":"https:\/\/abaa.mx\/tienda\/wp-json\/wp\/v2\/comments?post=9165"}],"wp:featuredmedia":[{"embeddable":true,"href":"https:\/\/abaa.mx\/tienda\/wp-json\/wp\/v2\/media\/9166"}],"wp:attachment":[{"href":"https:\/\/abaa.mx\/tienda\/wp-json\/wp\/v2\/media?parent=9165"}],"wp:term":[{"taxonomy":"product_brand","embeddable":true,"href":"https:\/\/abaa.mx\/tienda\/wp-json\/wp\/v2\/product_brand?post=9165"},{"taxonomy":"product_cat","embeddable":true,"href":"https:\/\/abaa.mx\/tienda\/wp-json\/wp\/v2\/product_cat?post=9165"},{"taxonomy":"product_tag","embeddable":true,"href":"https:\/\/abaa.mx\/tienda\/wp-json\/wp\/v2\/product_tag?post=9165"}],"curies":[{"name":"wp","href":"https:\/\/api.w.org\/{rel}","templated":true}]}}